{"id":8974,"date":"2021-12-30T13:57:18","date_gmt":"2021-12-30T11:57:18","guid":{"rendered":"https:\/\/www.healthychoice.lt\/?post_type=product&#038;p=8974"},"modified":"2025-08-21T18:48:42","modified_gmt":"2025-08-21T15:48:42","slug":"perkant-l-karnitina-grozio-vitaminai-dovanu","status":"publish","type":"product","link":"https:\/\/www.healthychoice.lt\/ru\/produktai\/perkant-l-karnitina-grozio-vitaminai-dovanu\/","title":{"rendered":"Perkant L-Karnitin\u0105 &#8211; Gro\u017eio vitaminai DOVAN\u0172!"},"content":{"rendered":"<p><strong>\u041b-\u041a\u0410\u0420\u041d\u0418\u0422\u0418\u041d \u0421\u041e \u0412\u041a\u0423\u0421\u041e\u041c \u0410\u041f\u0415\u041b\u042c\u0421\u0418\u041d\u0410 <\/strong><\/p>\n<p>\u041e\u0431\u044a\u0435\u043c \u043d\u0435\u0442\u0442\u043e 1000 \u043c\u043b<\/p>\n<p>L-\u043a\u0430\u0440\u043d\u0438\u0442\u0438\u043d - \u044d\u0442\u043e \u0432\u0438\u0442\u0430\u043c\u0438\u043d\u043d\u043e-\u0430\u043c\u0438\u043d\u043e\u043a\u0438\u0441\u043b\u043e\u0442\u043d\u043e\u0435 \u0441\u043e\u0435\u0434\u0438\u043d\u0435\u043d\u0438\u0435, \u0441\u043e\u043f\u043e\u0441\u0442\u0430\u0432\u0438\u043c\u043e\u0435 \u0441 \u0432\u0438\u0442\u0430\u043c\u0438\u043d\u0430\u043c\u0438 \u0433\u0440\u0443\u043f\u043f\u044b \u0412. \u041e\u043d \u0432\u044b\u043f\u043e\u043b\u043d\u044f\u0435\u0442 \u0444\u0443\u043d\u043a\u0446\u0438\u044e \u043f\u0435\u0440\u0435\u043d\u043e\u0441\u0447\u0438\u043a\u0430 \u0436\u0438\u0440\u043d\u044b\u0445 \u043a\u0438\u0441\u043b\u043e\u0442 \u0432 \u043c\u0438\u0442\u043e\u0445\u043e\u043d\u0434\u0440\u0438\u0438. L-\u043a\u0430\u0440\u043d\u0438\u0442\u0438\u043d \u0432\u044b\u0441\u0442\u0443\u043f\u0430\u0435\u0442 \u0432 \u0440\u043e\u043b\u0438 \u043f\u043e\u043c\u043e\u0449\u043d\u0438\u043a\u0430, \u043f\u043e\u043c\u043e\u0433\u0430\u044e\u0449\u0435\u0433\u043e \u0431\u044b\u0441\u0442\u0440\u0435\u0435 \u0441\u0436\u0438\u0433\u0430\u0442\u044c \u0436\u0438\u0440 \u0438 \u0445\u0443\u0434\u0435\u0442\u044c \u0435\u0441\u0442\u0435\u0441\u0442\u0432\u0435\u043d\u043d\u044b\u043c \u043f\u0443\u0442\u0435\u043c. \u041f\u043e\u0441\u043b\u0435\u0434\u043d\u0438\u0435 \u0438\u0441\u0441\u043b\u0435\u0434\u043e\u0432\u0430\u043d\u0438\u044f \u0442\u0430\u043a\u0436\u0435 \u043f\u043e\u043a\u0430\u0437\u0430\u043b\u0438, \u0447\u0442\u043e L-\u043a\u0430\u0440\u043d\u0438\u0442\u0438\u043d \u043f\u043e\u043c\u043e\u0433\u0430\u0435\u0442 \u0441\u043d\u0438\u0437\u0438\u0442\u044c \u0443\u0442\u043e\u043c\u043b\u044f\u0435\u043c\u043e\u0441\u0442\u044c, \u0443\u0432\u0435\u043b\u0438\u0447\u0438\u0442\u044c \u043c\u0430\u0441\u0441\u0443 \u0442\u0435\u043b\u0430 \u0438 \u043c\u044b\u0448\u0435\u0447\u043d\u0443\u044e \u043c\u0430\u0441\u0441\u0443, \u0441\u0442\u0430\u0431\u0438\u043b\u0438\u0437\u0438\u0440\u043e\u0432\u0430\u0442\u044c \u0443\u0440\u043e\u0432\u0435\u043d\u044c \u0441\u0430\u0445\u0430\u0440\u0430 \u0432 \u043a\u0440\u043e\u0432\u0438 \u0438 \u043f\u0440\u0438 \u044d\u0442\u043e\u043c \u0441\u043d\u0438\u0437\u0438\u0442\u044c \u043f\u043e\u0442\u0440\u0435\u0431\u043d\u043e\u0441\u0442\u044c \u0432 \u0443\u0433\u043b\u0435\u0432\u043e\u0434\u0430\u0445. \u041a\u0430\u0440\u043d\u0438\u0442\u0438\u043d \u043f\u043e\u043c\u043e\u0433\u0430\u0435\u0442 \u043c\u043e\u0431\u0438\u043b\u0438\u0437\u043e\u0432\u0430\u0442\u044c \u0436\u0438\u0440\u043e\u0432\u044b\u0435 \u0437\u0430\u043f\u0430\u0441\u044b, \u043e\u0441\u043e\u0431\u0435\u043d\u043d\u043e \u0443 \u043b\u044e\u0434\u0435\u0439 \u0441 \u0438\u0437\u0431\u044b\u0442\u043e\u0447\u043d\u044b\u043c \u0432\u0435\u0441\u043e\u043c.<\/p>\n<p>L-\u043a\u0430\u0440\u043d\u0438\u0442\u0438\u043d \u043e\u0431\u043b\u0430\u0434\u0430\u0435\u0442 \u0432\u043e\u0441\u0445\u0438\u0442\u0438\u0442\u0435\u043b\u044c\u043d\u044b\u043c \u0430\u043f\u0435\u043b\u044c\u0441\u0438\u043d\u043e\u0432\u044b\u043c \u0432\u043a\u0443\u0441\u043e\u043c, \u043d\u0435 \u0441\u043e\u0434\u0435\u0440\u0436\u0438\u0442 \u0441\u0438\u043d\u0442\u0435\u0442\u0438\u0447\u0435\u0441\u043a\u0438\u0445 \u043a\u0440\u0430\u0441\u0438\u0442\u0435\u043b\u0435\u0439 \u0438 \u0443\u0441\u0438\u043b\u0438\u0442\u0435\u043b\u0435\u0439 \u0432\u043a\u0443\u0441\u0430, \u0432 \u0435\u0433\u043e \u0441\u043e\u0441\u0442\u0430\u0432 \u0432\u0445\u043e\u0434\u044f\u0442 \u0432\u0441\u0435 \u043d\u0435\u043e\u0431\u0445\u043e\u0434\u0438\u043c\u044b\u0435 \u043a\u043e\u043c\u043f\u043e\u043d\u0435\u043d\u0442\u044b, \u043e\u043a\u0430\u0437\u044b\u0432\u0430\u044e\u0449\u0438\u0435 \u043f\u043e\u043b\u043e\u0436\u0438\u0442\u0435\u043b\u044c\u043d\u043e\u0435 \u0432\u043e\u0437\u0434\u0435\u0439\u0441\u0442\u0432\u0438\u0435 \u043d\u0430 \u043e\u0440\u0433\u0430\u043d\u0438\u0437\u043c \u0447\u0435\u043b\u043e\u0432\u0435\u043a\u0430. \u0421\u0430\u043c\u043e\u0435 \u0433\u043b\u0430\u0432\u043d\u043e\u0435, \u0447\u0442\u043e \u044d\u0442\u043e\u0442 L-\u043a\u0430\u0440\u043d\u0438\u0442\u0438\u043d \u043d\u0430\u0445\u043e\u0434\u0438\u0442\u0441\u044f \u0432 \u0436\u0438\u0434\u043a\u043e\u0439 \u0444\u043e\u0440\u043c\u0435, \u043f\u043e\u044d\u0442\u043e\u043c\u0443 \u043e\u043d \u0443\u0441\u0432\u0430\u0438\u0432\u0430\u0435\u0442\u0441\u044f \u043e\u0440\u0433\u0430\u043d\u0438\u0437\u043c\u043e\u043c \u0433\u043e\u0440\u0430\u0437\u0434\u043e \u0431\u044b\u0441\u0442\u0440\u0435\u0435 \u0438 \u043b\u0435\u0433\u0447\u0435. \u042d\u0442\u0430 \u0434\u043e\u0431\u0430\u0432\u043a\u0430 \u0447\u0440\u0435\u0437\u0432\u044b\u0447\u0430\u0439\u043d\u043e \u0431\u043e\u0433\u0430\u0442\u0430 \u043a\u0430\u0440\u043d\u0438\u0442\u0438\u043d\u043e\u043c: 1667 \u043c\u0433 \u043d\u0430 \u043f\u043e\u0440\u0446\u0438\u044e (25 \u043c\u043b) \u0438 6668 \u043c\u0433 \u043d\u0430 100 \u043c\u043b.<\/p>\n<p><strong>\u0412\u0438\u0442\u0430\u043c\u0438\u043d\u044b \u043a\u0440\u0430\u0441\u043e\u0442\u044b \u0417\u0434\u043e\u0440\u043e\u0432\u044b\u0439 \u0432\u044b\u0431\u043e\u0440 60 \u0442\u0430\u0431\u043b\u0435\u0442\u043e\u043a<\/strong><\/p>\n<p>\"\u0412\u0438\u0442\u0430\u043c\u0438\u043d\u043d\u044b\u0439 \u043a\u043e\u043c\u043f\u043b\u0435\u043a\u0441 Healthy Choice Beauty\" \u0441\u043f\u0435\u0446\u0438\u0430\u043b\u044c\u043d\u043e \u0440\u0430\u0437\u0440\u0430\u0431\u043e\u0442\u0430\u043d \u0434\u043b\u044f \u043a\u043e\u0436\u0438, \u0432\u043e\u043b\u043e\u0441 \u0438 \u043d\u043e\u0433\u0442\u0435\u0439.<\/p>\n<p>\u0421\u0435\u043b\u0435\u043d - \u043e\u0447\u0435\u043d\u044c \u0432\u0430\u0436\u043d\u044b\u0439 \u043c\u0438\u043a\u0440\u043e\u044d\u043b\u0435\u043c\u0435\u043d\u0442, \u043d\u0430\u0438\u0431\u043e\u043b\u0435\u0435 \u0446\u0435\u043d\u0438\u043c\u044b\u0439 \u0437\u0430 \u0435\u0433\u043e \u0430\u043d\u0442\u0438\u043e\u043a\u0441\u0438\u0434\u0430\u043d\u0442\u043d\u043e\u0435 \u0434\u0435\u0439\u0441\u0442\u0432\u0438\u0435 \u0438 \u043f\u0440\u0438\u0441\u0443\u0449\u0443\u044e \u0435\u043c\u0443 \u0441\u043f\u043e\u0441\u043e\u0431\u043d\u043e\u0441\u0442\u044c \u0437\u0430\u043c\u0435\u0434\u043b\u044f\u0442\u044c \u043f\u0440\u0435\u0436\u0434\u0435\u0432\u0440\u0435\u043c\u0435\u043d\u043d\u043e\u0435 \u0441\u0442\u0430\u0440\u0435\u043d\u0438\u0435. \u0426\u0438\u043d\u043a, \u0441\u0435\u043b\u0435\u043d, \u0439\u043e\u0434, \u0432\u0438\u0442\u0430\u043c\u0438\u043d\u044b \u0410, \u04122 \u0438 \u04123 \u0432\u043c\u0435\u0441\u0442\u0435 \u0441 \u0431\u0438\u043e\u0442\u0438\u043d\u043e\u043c - \u0438\u0434\u0435\u0430\u043b\u044c\u043d\u043e\u0435 \u0441\u043e\u0447\u0435\u0442\u0430\u043d\u0438\u0435 \u0434\u043b\u044f \u043f\u043e\u0434\u0434\u0435\u0440\u0436\u0430\u043d\u0438\u044f \u043d\u043e\u0440\u043c\u0430\u043b\u044c\u043d\u043e\u0433\u043e \u0441\u043e\u0441\u0442\u043e\u044f\u043d\u0438\u044f \u0432\u043e\u043b\u043e\u0441, \u043d\u043e\u0433\u0442\u0435\u0439 \u0438 \u043a\u043e\u0436\u0438. \u0425\u043e\u043b\u0438\u043d \u0438 \u0431\u0435\u0442\u0430\u0438\u043d \u0441\u0442\u0438\u043c\u0443\u043b\u0438\u0440\u0443\u044e\u0442 \u043e\u0431\u043c\u0435\u043d \u0432\u0435\u0449\u0435\u0441\u0442\u0432 \u0438 \u043e\u0433\u0440\u0430\u043d\u0438\u0447\u0438\u0432\u0430\u044e\u0442 \u043d\u0430\u043a\u043e\u043f\u043b\u0435\u043d\u0438\u0435 \u0436\u0438\u0440\u0430 \u0432 \u043f\u0435\u0447\u0435\u043d\u0438. \u0416\u0435\u043b\u0435\u0437\u043e \u0441\u043f\u043e\u0441\u043e\u0431\u0441\u0442\u0432\u0443\u0435\u0442 \u043d\u043e\u0440\u043c\u0430\u043b\u044c\u043d\u043e\u043c\u0443 \u043f\u0435\u0440\u0435\u043d\u043e\u0441\u0443 \u043a\u0438\u0441\u043b\u043e\u0440\u043e\u0434\u0430 \u0432 \u043e\u0440\u0433\u0430\u043d\u0438\u0437\u043c\u0435. \u041c\u0430\u0433\u043d\u0438\u0439 \u0441\u043f\u043e\u0441\u043e\u0431\u0441\u0442\u0432\u0443\u0435\u0442 \u0431\u0438\u043e\u0445\u0438\u043c\u0438\u0447\u0435\u0441\u043a\u0438\u043c \u0440\u0435\u0430\u043a\u0446\u0438\u044f\u043c, \u043f\u043e\u0432\u044b\u0448\u0430\u0435\u0442 \u0432\u044b\u043d\u043e\u0441\u043b\u0438\u0432\u043e\u0441\u0442\u044c, \u043f\u043e\u043c\u043e\u0433\u0430\u0435\u0442 \u043f\u0440\u0435\u043e\u0434\u043e\u043b\u0435\u0442\u044c \u0434\u0435\u043f\u0440\u0435\u0441\u0441\u0438\u044e \u0438 \u043f\u0435\u0440\u0435\u043f\u0430\u0434\u044b \u043d\u0430\u0441\u0442\u0440\u043e\u0435\u043d\u0438\u044f. \u0424\u043e\u0441\u0444\u043e\u0440 \u043f\u043e\u043c\u043e\u0433\u0430\u0435\u0442 \u043f\u043e\u0434\u0434\u0435\u0440\u0436\u0438\u0432\u0430\u0442\u044c \u043d\u043e\u0440\u043c\u0430\u043b\u044c\u043d\u043e\u0435 \u0444\u0443\u043d\u043a\u0446\u0438\u043e\u043d\u0438\u0440\u043e\u0432\u0430\u043d\u0438\u0435 \u043a\u043b\u0435\u0442\u043e\u043a. \u0412\u0438\u0442\u0430\u043c\u0438\u043d B6 \u0432 \u0441\u043e\u0447\u0435\u0442\u0430\u043d\u0438\u0438 \u0441 \u0434\u0440\u0443\u0433\u0438\u043c\u0438 \u0432\u0438\u0442\u0430\u043c\u0438\u043d\u0430\u043c\u0438 \u0433\u0440\u0443\u043f\u043f\u044b B, \u0430 \u0442\u0430\u043a\u0436\u0435 \u043c\u0430\u0433\u043d\u0438\u0435\u043c \u0438 \u0446\u0438\u043d\u043a\u043e\u043c \u0443\u043b\u0443\u0447\u0448\u0430\u0435\u0442 \u0440\u0430\u0431\u043e\u0442\u0443 \u043c\u043e\u0437\u0433\u0430 \u0438 \u043d\u0435\u0440\u0432\u043d\u043e\u0439 \u0441\u0438\u0441\u0442\u0435\u043c\u044b, \u043f\u043e\u043c\u043e\u0433\u0430\u0435\u0442 \u043a\u043e\u043d\u0442\u0440\u043e\u043b\u0438\u0440\u043e\u0432\u0430\u0442\u044c \u0430\u043b\u043b\u0435\u0440\u0433\u0438\u044e, \u0432\u0430\u0436\u0435\u043d \u0434\u043b\u044f \u043f\u0440\u043e\u0438\u0437\u0432\u043e\u0434\u0441\u0442\u0432\u0430 \u044d\u043d\u0435\u0440\u0433\u0438\u0438 \u0432 \u043a\u043b\u0435\u0442\u043a\u0430\u0445, \u0430 \u0442\u0430\u043a\u0436\u0435 \u0434\u043b\u044f \u0437\u0430\u0449\u0438\u0442\u044b \u043e\u0440\u0433\u0430\u043d\u0438\u0437\u043c\u0430 \u043e\u0442 \u0438\u043d\u0444\u0435\u043a\u0446\u0438\u0439.<\/p>","protected":false},"excerpt":{"rendered":"<p>Rinkinys: L-Karnitinas + Gro\u017eio vitaminai<\/p>","protected":false},"featured_media":8975,"template":"","meta":[],"product_brand":[],"product_cat":[52,99,28],"product_tag":[32,62,24,25,48],"class_list":{"0":"post-8974","1":"product","2":"type-product","3":"status-publish","4":"has-post-thumbnail","6":"product_cat-akcijos","7":"product_cat-l-karnitinas","8":"product_cat-rinkiniai","9":"product_tag-dovana","10":"product_tag-l-karnitinas","11":"product_tag-paprasti-produktai","12":"product_tag-rinkiniai","13":"product_tag-vitaminai","15":"first","16":"instock","17":"taxable","18":"shipping-taxable","19":"purchasable","20":"product-type-simple"},"yoast_head":"<!-- This site is optimized with the Yoast SEO plugin v27.5 - https:\/\/yoast.com\/product\/yoast-seo-wordpress\/ -->\n<title>Perkant L-Karnitin\u0105 - Gro\u017eio vitaminai DOVAN\u0172!| Healthy Choice<\/title>\n<meta name=\"robots\" content=\"index, follow, max-snippet:-1, max-image-preview:large, max-video-preview:-1\" \/>\n<link rel=\"canonical\" href=\"https:\/\/www.healthychoice.lt\/ru\/produktai\/perkant-l-karnitina-grozio-vitaminai-dovanu\/\" \/>\n<meta property=\"og:locale\" content=\"ru_RU\" \/>\n<meta property=\"og:type\" content=\"article\" \/>\n<meta property=\"og:title\" content=\"Perkant L-Karnitin\u0105 - Gro\u017eio vitaminai DOVAN\u0172!| Healthy Choice\" \/>\n<meta property=\"og:description\" content=\"Rinkinys: L-Karnitinas + Gro\u017eio vitaminai\" \/>\n<meta property=\"og:url\" content=\"https:\/\/www.healthychoice.lt\/ru\/produktai\/perkant-l-karnitina-grozio-vitaminai-dovanu\/\" \/>\n<meta property=\"og:site_name\" content=\"Healthy Choice\" \/>\n<meta property=\"article:publisher\" content=\"https:\/\/www.facebook.com\/healthychoice.world\/\" \/>\n<meta property=\"article:modified_time\" content=\"2025-08-21T15:48:42+00:00\" \/>\n<meta property=\"og:image\" content=\"https:\/\/www.healthychoice.lt\/wp-content\/uploads\/2024\/11\/cia-actual-grozis-mb.png\" \/>\n\t<meta property=\"og:image:width\" content=\"1200\" \/>\n\t<meta property=\"og:image:height\" content=\"1200\" \/>\n\t<meta property=\"og:image:type\" content=\"image\/png\" \/>\n<meta name=\"twitter:card\" content=\"summary_large_image\" \/>\n<meta name=\"twitter:label1\" content=\"\u041f\u0440\u0438\u043c\u0435\u0440\u043d\u043e\u0435 \u0432\u0440\u0435\u043c\u044f \u0434\u043b\u044f \u0447\u0442\u0435\u043d\u0438\u044f\" \/>\n\t<meta name=\"twitter:data1\" content=\"1 \u043c\u0438\u043d\u0443\u0442\u0430\" \/>\n<script type=\"application\/ld+json\" class=\"yoast-schema-graph\">{\"@context\":\"https:\\\/\\\/schema.org\",\"@graph\":[{\"@type\":\"WebPage\",\"@id\":\"https:\\\/\\\/www.healthychoice.lt\\\/produktai\\\/perkant-l-karnitina-grozio-vitaminai-dovanu\\\/\",\"url\":\"https:\\\/\\\/www.healthychoice.lt\\\/produktai\\\/perkant-l-karnitina-grozio-vitaminai-dovanu\\\/\",\"name\":\"Perkant L-Karnitin\u0105 - Gro\u017eio vitaminai DOVAN\u0172!| Healthy Choice\",\"isPartOf\":{\"@id\":\"https:\\\/\\\/www.healthychoice.lt\\\/es\\\/#website\"},\"primaryImageOfPage\":{\"@id\":\"https:\\\/\\\/www.healthychoice.lt\\\/produktai\\\/perkant-l-karnitina-grozio-vitaminai-dovanu\\\/#primaryimage\"},\"image\":{\"@id\":\"https:\\\/\\\/www.healthychoice.lt\\\/produktai\\\/perkant-l-karnitina-grozio-vitaminai-dovanu\\\/#primaryimage\"},\"thumbnailUrl\":\"https:\\\/\\\/www.healthychoice.lt\\\/wp-content\\\/uploads\\\/2024\\\/11\\\/cia-actual-grozis-mb.png\",\"datePublished\":\"2021-12-30T11:57:18+00:00\",\"dateModified\":\"2025-08-21T15:48:42+00:00\",\"breadcrumb\":{\"@id\":\"https:\\\/\\\/www.healthychoice.lt\\\/produktai\\\/perkant-l-karnitina-grozio-vitaminai-dovanu\\\/#breadcrumb\"},\"inLanguage\":\"ru-RU\",\"potentialAction\":[{\"@type\":\"ReadAction\",\"target\":[\"https:\\\/\\\/www.healthychoice.lt\\\/produktai\\\/perkant-l-karnitina-grozio-vitaminai-dovanu\\\/\"]}]},{\"@type\":\"ImageObject\",\"inLanguage\":\"ru-RU\",\"@id\":\"https:\\\/\\\/www.healthychoice.lt\\\/produktai\\\/perkant-l-karnitina-grozio-vitaminai-dovanu\\\/#primaryimage\",\"url\":\"https:\\\/\\\/www.healthychoice.lt\\\/wp-content\\\/uploads\\\/2024\\\/11\\\/cia-actual-grozis-mb.png\",\"contentUrl\":\"https:\\\/\\\/www.healthychoice.lt\\\/wp-content\\\/uploads\\\/2024\\\/11\\\/cia-actual-grozis-mb.png\",\"width\":1200,\"height\":1200},{\"@type\":\"BreadcrumbList\",\"@id\":\"https:\\\/\\\/www.healthychoice.lt\\\/produktai\\\/perkant-l-karnitina-grozio-vitaminai-dovanu\\\/#breadcrumb\",\"itemListElement\":[{\"@type\":\"ListItem\",\"position\":1,\"name\":\"Home\",\"item\":\"https:\\\/\\\/www.healthychoice.lt\\\/\"},{\"@type\":\"ListItem\",\"position\":2,\"name\":\"Produktai\",\"item\":\"https:\\\/\\\/www.healthychoice.lt\\\/es\\\/produktai\\\/\"},{\"@type\":\"ListItem\",\"position\":3,\"name\":\"Perkant L-Karnitin\u0105 &#8211; Gro\u017eio vitaminai DOVAN\u0172!\"}]},{\"@type\":\"WebSite\",\"@id\":\"https:\\\/\\\/www.healthychoice.lt\\\/es\\\/#website\",\"url\":\"https:\\\/\\\/www.healthychoice.lt\\\/es\\\/\",\"name\":\"Healthy Choice\",\"description\":\"Mityba, kuria gali pasitik\u0117ti!\",\"alternateName\":\"Healthychoice\",\"potentialAction\":[{\"@type\":\"SearchAction\",\"target\":{\"@type\":\"EntryPoint\",\"urlTemplate\":\"https:\\\/\\\/www.healthychoice.lt\\\/es\\\/?s={search_term_string}\"},\"query-input\":{\"@type\":\"PropertyValueSpecification\",\"valueRequired\":true,\"valueName\":\"search_term_string\"}}],\"inLanguage\":\"ru-RU\"}]}<\/script>\n<!-- \/ Yoast SEO plugin. -->","yoast_head_json":{"title":"Perkant L-Karnitin\u0105 - Gro\u017eio vitaminai DOVAN\u0172!| Healthy Choice","robots":{"index":"index","follow":"follow","max-snippet":"max-snippet:-1","max-image-preview":"max-image-preview:large","max-video-preview":"max-video-preview:-1"},"canonical":"https:\/\/www.healthychoice.lt\/ru\/produktai\/perkant-l-karnitina-grozio-vitaminai-dovanu\/","og_locale":"ru_RU","og_type":"article","og_title":"Perkant L-Karnitin\u0105 - Gro\u017eio vitaminai DOVAN\u0172!| Healthy Choice","og_description":"Rinkinys: L-Karnitinas + Gro\u017eio vitaminai","og_url":"https:\/\/www.healthychoice.lt\/ru\/produktai\/perkant-l-karnitina-grozio-vitaminai-dovanu\/","og_site_name":"Healthy Choice","article_publisher":"https:\/\/www.facebook.com\/healthychoice.world\/","article_modified_time":"2025-08-21T15:48:42+00:00","og_image":[{"width":1200,"height":1200,"url":"https:\/\/www.healthychoice.lt\/wp-content\/uploads\/2024\/11\/cia-actual-grozis-mb.png","type":"image\/png"}],"twitter_card":"summary_large_image","twitter_misc":{"\u041f\u0440\u0438\u043c\u0435\u0440\u043d\u043e\u0435 \u0432\u0440\u0435\u043c\u044f \u0434\u043b\u044f \u0447\u0442\u0435\u043d\u0438\u044f":"1 \u043c\u0438\u043d\u0443\u0442\u0430"},"schema":{"@context":"https:\/\/schema.org","@graph":[{"@type":"WebPage","@id":"https:\/\/www.healthychoice.lt\/produktai\/perkant-l-karnitina-grozio-vitaminai-dovanu\/","url":"https:\/\/www.healthychoice.lt\/produktai\/perkant-l-karnitina-grozio-vitaminai-dovanu\/","name":"Perkant L-Karnitin\u0105 - Gro\u017eio vitaminai DOVAN\u0172!| Healthy Choice","isPartOf":{"@id":"https:\/\/www.healthychoice.lt\/es\/#website"},"primaryImageOfPage":{"@id":"https:\/\/www.healthychoice.lt\/produktai\/perkant-l-karnitina-grozio-vitaminai-dovanu\/#primaryimage"},"image":{"@id":"https:\/\/www.healthychoice.lt\/produktai\/perkant-l-karnitina-grozio-vitaminai-dovanu\/#primaryimage"},"thumbnailUrl":"https:\/\/www.healthychoice.lt\/wp-content\/uploads\/2024\/11\/cia-actual-grozis-mb.png","datePublished":"2021-12-30T11:57:18+00:00","dateModified":"2025-08-21T15:48:42+00:00","breadcrumb":{"@id":"https:\/\/www.healthychoice.lt\/produktai\/perkant-l-karnitina-grozio-vitaminai-dovanu\/#breadcrumb"},"inLanguage":"ru-RU","potentialAction":[{"@type":"ReadAction","target":["https:\/\/www.healthychoice.lt\/produktai\/perkant-l-karnitina-grozio-vitaminai-dovanu\/"]}]},{"@type":"ImageObject","inLanguage":"ru-RU","@id":"https:\/\/www.healthychoice.lt\/produktai\/perkant-l-karnitina-grozio-vitaminai-dovanu\/#primaryimage","url":"https:\/\/www.healthychoice.lt\/wp-content\/uploads\/2024\/11\/cia-actual-grozis-mb.png","contentUrl":"https:\/\/www.healthychoice.lt\/wp-content\/uploads\/2024\/11\/cia-actual-grozis-mb.png","width":1200,"height":1200},{"@type":"BreadcrumbList","@id":"https:\/\/www.healthychoice.lt\/produktai\/perkant-l-karnitina-grozio-vitaminai-dovanu\/#breadcrumb","itemListElement":[{"@type":"ListItem","position":1,"name":"Home","item":"https:\/\/www.healthychoice.lt\/"},{"@type":"ListItem","position":2,"name":"Produktai","item":"https:\/\/www.healthychoice.lt\/es\/produktai\/"},{"@type":"ListItem","position":3,"name":"Perkant L-Karnitin\u0105 &#8211; Gro\u017eio vitaminai DOVAN\u0172!"}]},{"@type":"WebSite","@id":"https:\/\/www.healthychoice.lt\/es\/#website","url":"https:\/\/www.healthychoice.lt\/es\/","name":"Healthy Choice","description":"Mityba, kuria gali pasitik\u0117ti!","alternateName":"Healthychoice","potentialAction":[{"@type":"SearchAction","target":{"@type":"EntryPoint","urlTemplate":"https:\/\/www.healthychoice.lt\/es\/?s={search_term_string}"},"query-input":{"@type":"PropertyValueSpecification","valueRequired":true,"valueName":"search_term_string"}}],"inLanguage":"ru-RU"}]}},"_links":{"self":[{"href":"https:\/\/www.healthychoice.lt\/ru\/wp-json\/wp\/v2\/product\/8974","targetHints":{"allow":["GET"]}}],"collection":[{"href":"https:\/\/www.healthychoice.lt\/ru\/wp-json\/wp\/v2\/product"}],"about":[{"href":"https:\/\/www.healthychoice.lt\/ru\/wp-json\/wp\/v2\/types\/product"}],"wp:featuredmedia":[{"embeddable":true,"href":"https:\/\/www.healthychoice.lt\/ru\/wp-json\/wp\/v2\/media\/8975"}],"wp:attachment":[{"href":"https:\/\/www.healthychoice.lt\/ru\/wp-json\/wp\/v2\/media?parent=8974"}],"wp:term":[{"taxonomy":"product_brand","embeddable":true,"href":"https:\/\/www.healthychoice.lt\/ru\/wp-json\/wp\/v2\/product_brand?post=8974"},{"taxonomy":"product_cat","embeddable":true,"href":"https:\/\/www.healthychoice.lt\/ru\/wp-json\/wp\/v2\/product_cat?post=8974"},{"taxonomy":"product_tag","embeddable":true,"href":"https:\/\/www.healthychoice.lt\/ru\/wp-json\/wp\/v2\/product_tag?post=8974"}],"curies":[{"name":"wp","href":"https:\/\/api.w.org\/{rel}","templated":true}]}}