{"id":4341,"date":"2025-08-08T11:13:27","date_gmt":"2025-08-08T08:13:27","guid":{"rendered":"https:\/\/www.healthychoice.lt\/?post_type=product&#038;p=4341"},"modified":"2026-05-02T16:58:09","modified_gmt":"2026-05-02T13:58:09","slug":"l-karnitinas","status":"publish","type":"product","link":"https:\/\/www.healthychoice.lt\/ru\/produktai\/l-karnitinas\/","title":{"rendered":"L-Karnitinas riebal\u0173 degintojas, apelsin\u0173 skonio, 1000ml"},"content":{"rendered":"<p><strong>\u041b-\u041a\u0410\u0420\u041d\u0418\u0422\u0418\u041d \u0421\u041e \u0412\u041a\u0423\u0421\u041e\u041c \u0410\u041f\u0415\u041b\u042c\u0421\u0418\u041d\u0410 <\/strong><\/p>\n<p>\u041e\u0431\u044a\u0435\u043c \u043d\u0435\u0442\u0442\u043e 1000 \u043c\u043b<\/p>\n<p>L-\u043a\u0430\u0440\u043d\u0438\u0442\u0438\u043d - \u044d\u0442\u043e \u0432\u0438\u0442\u0430\u043c\u0438\u043d\u043d\u043e-\u0430\u043c\u0438\u043d\u043e\u043a\u0438\u0441\u043b\u043e\u0442\u043d\u043e\u0435 \u0441\u043e\u0435\u0434\u0438\u043d\u0435\u043d\u0438\u0435, \u0441\u043e\u043f\u043e\u0441\u0442\u0430\u0432\u0438\u043c\u043e\u0435 \u0441 \u0432\u0438\u0442\u0430\u043c\u0438\u043d\u0430\u043c\u0438 \u0433\u0440\u0443\u043f\u043f\u044b \u0412. \u041e\u043d \u0432\u044b\u043f\u043e\u043b\u043d\u044f\u0435\u0442 \u0444\u0443\u043d\u043a\u0446\u0438\u044e \u043f\u0435\u0440\u0435\u043d\u043e\u0441\u0447\u0438\u043a\u0430 \u0436\u0438\u0440\u043d\u044b\u0445 \u043a\u0438\u0441\u043b\u043e\u0442 \u0432 \u043c\u0438\u0442\u043e\u0445\u043e\u043d\u0434\u0440\u0438\u0438. L-\u043a\u0430\u0440\u043d\u0438\u0442\u0438\u043d \u0432\u044b\u0441\u0442\u0443\u043f\u0430\u0435\u0442 \u0432 \u0440\u043e\u043b\u0438 \u043f\u043e\u043c\u043e\u0449\u043d\u0438\u043a\u0430, \u043f\u043e\u043c\u043e\u0433\u0430\u044e\u0449\u0435\u0433\u043e \u0431\u044b\u0441\u0442\u0440\u0435\u0435 \u0441\u0436\u0438\u0433\u0430\u0442\u044c \u0436\u0438\u0440 \u0438 \u0445\u0443\u0434\u0435\u0442\u044c \u0435\u0441\u0442\u0435\u0441\u0442\u0432\u0435\u043d\u043d\u044b\u043c \u043f\u0443\u0442\u0435\u043c. \u041f\u043e\u0441\u043b\u0435\u0434\u043d\u0438\u0435 \u0438\u0441\u0441\u043b\u0435\u0434\u043e\u0432\u0430\u043d\u0438\u044f \u0442\u0430\u043a\u0436\u0435 \u043f\u043e\u043a\u0430\u0437\u0430\u043b\u0438, \u0447\u0442\u043e L-\u043a\u0430\u0440\u043d\u0438\u0442\u0438\u043d \u043f\u043e\u043c\u043e\u0433\u0430\u0435\u0442 \u0441\u043d\u0438\u0437\u0438\u0442\u044c \u0443\u0442\u043e\u043c\u043b\u044f\u0435\u043c\u043e\u0441\u0442\u044c, \u0443\u0432\u0435\u043b\u0438\u0447\u0438\u0442\u044c \u043c\u0430\u0441\u0441\u0443 \u0442\u0435\u043b\u0430 \u0438 \u043c\u044b\u0448\u0435\u0447\u043d\u0443\u044e \u043c\u0430\u0441\u0441\u0443, \u0441\u0442\u0430\u0431\u0438\u043b\u0438\u0437\u0438\u0440\u043e\u0432\u0430\u0442\u044c \u0443\u0440\u043e\u0432\u0435\u043d\u044c \u0441\u0430\u0445\u0430\u0440\u0430 \u0432 \u043a\u0440\u043e\u0432\u0438 \u0438 \u043f\u0440\u0438 \u044d\u0442\u043e\u043c \u0441\u043d\u0438\u0437\u0438\u0442\u044c \u043f\u043e\u0442\u0440\u0435\u0431\u043d\u043e\u0441\u0442\u044c \u0432 \u0443\u0433\u043b\u0435\u0432\u043e\u0434\u0430\u0445. \u041a\u0430\u0440\u043d\u0438\u0442\u0438\u043d \u043f\u043e\u043c\u043e\u0433\u0430\u0435\u0442 \u043c\u043e\u0431\u0438\u043b\u0438\u0437\u043e\u0432\u0430\u0442\u044c \u0436\u0438\u0440\u043e\u0432\u044b\u0435 \u0437\u0430\u043f\u0430\u0441\u044b, \u043e\u0441\u043e\u0431\u0435\u043d\u043d\u043e \u0443 \u043b\u044e\u0434\u0435\u0439 \u0441 \u0438\u0437\u0431\u044b\u0442\u043e\u0447\u043d\u044b\u043c \u0432\u0435\u0441\u043e\u043c.<\/p>\n<p>L-\u043a\u0430\u0440\u043d\u0438\u0442\u0438\u043d \u043e\u0431\u043b\u0430\u0434\u0430\u0435\u0442 \u0432\u043e\u0441\u0445\u0438\u0442\u0438\u0442\u0435\u043b\u044c\u043d\u044b\u043c \u0430\u043f\u0435\u043b\u044c\u0441\u0438\u043d\u043e\u0432\u044b\u043c \u0432\u043a\u0443\u0441\u043e\u043c, \u043d\u0435 \u0441\u043e\u0434\u0435\u0440\u0436\u0438\u0442 \u0441\u0438\u043d\u0442\u0435\u0442\u0438\u0447\u0435\u0441\u043a\u0438\u0445 \u043a\u0440\u0430\u0441\u0438\u0442\u0435\u043b\u0435\u0439 \u0438 \u0443\u0441\u0438\u043b\u0438\u0442\u0435\u043b\u0435\u0439 \u0432\u043a\u0443\u0441\u0430, \u0432 \u0435\u0433\u043e \u0441\u043e\u0441\u0442\u0430\u0432 \u0432\u0445\u043e\u0434\u044f\u0442 \u0432\u0441\u0435 \u043d\u0435\u043e\u0431\u0445\u043e\u0434\u0438\u043c\u044b\u0435 \u043a\u043e\u043c\u043f\u043e\u043d\u0435\u043d\u0442\u044b, \u043e\u043a\u0430\u0437\u044b\u0432\u0430\u044e\u0449\u0438\u0435 \u043f\u043e\u043b\u043e\u0436\u0438\u0442\u0435\u043b\u044c\u043d\u043e\u0435 \u0432\u043e\u0437\u0434\u0435\u0439\u0441\u0442\u0432\u0438\u0435 \u043d\u0430 \u043e\u0440\u0433\u0430\u043d\u0438\u0437\u043c \u0447\u0435\u043b\u043e\u0432\u0435\u043a\u0430. \u0421\u0430\u043c\u043e\u0435 \u0433\u043b\u0430\u0432\u043d\u043e\u0435, \u0447\u0442\u043e \u044d\u0442\u043e\u0442 L-\u043a\u0430\u0440\u043d\u0438\u0442\u0438\u043d \u043d\u0430\u0445\u043e\u0434\u0438\u0442\u0441\u044f \u0432 \u0436\u0438\u0434\u043a\u043e\u0439 \u0444\u043e\u0440\u043c\u0435, \u043f\u043e\u044d\u0442\u043e\u043c\u0443 \u043e\u043d \u0443\u0441\u0432\u0430\u0438\u0432\u0430\u0435\u0442\u0441\u044f \u043e\u0440\u0433\u0430\u043d\u0438\u0437\u043c\u043e\u043c \u0433\u043e\u0440\u0430\u0437\u0434\u043e \u0431\u044b\u0441\u0442\u0440\u0435\u0435 \u0438 \u043b\u0435\u0433\u0447\u0435. \u042d\u0442\u0430 \u0434\u043e\u0431\u0430\u0432\u043a\u0430 \u0447\u0440\u0435\u0437\u0432\u044b\u0447\u0430\u0439\u043d\u043e \u0431\u043e\u0433\u0430\u0442\u0430 \u043a\u0430\u0440\u043d\u0438\u0442\u0438\u043d\u043e\u043c: 1667 \u043c\u0433 \u043d\u0430 \u043f\u043e\u0440\u0446\u0438\u044e (25 \u043c\u043b) \u0438 6668 \u043c\u0433 \u043d\u0430 100 \u043c\u043b.<\/p>\n<p><strong>\u041f\u041e\u041b\u042c\u0417\u0410 \u041b-\u041a\u0410\u0420\u041d\u0418\u0422\u0418\u041d\u0410 \u0421\u041e \u0412\u041a\u0423\u0421\u041e\u041c \u0410\u041f\u0415\u041b\u042c\u0421\u0418\u041d\u0410:<\/strong><\/p>\n<ul>\n<li>\u041e\u0447\u0435\u043d\u044c \u0432\u044b\u0441\u043e\u043a\u043e\u0435 \u0441\u043e\u0434\u0435\u0440\u0436\u0430\u043d\u0438\u0435 \u043a\u0430\u0440\u043d\u0438\u0442\u0438\u043d\u0430 \u043d\u0430 \u043f\u043e\u0440\u0446\u0438\u044e;<\/li>\n<li>\u0411\u044b\u0441\u0442\u0440\u043e \u0438 \u043b\u0435\u0433\u043a\u043e \u0432\u043f\u0438\u0442\u044b\u0432\u0430\u0435\u0442\u0441\u044f;<\/li>\n<li>\u0411\u0435\u0437 \u0441\u0438\u043d\u0442\u0435\u0442\u0438\u0447\u0435\u0441\u043a\u0438\u0445 \u043a\u0440\u0430\u0441\u0438\u0442\u0435\u043b\u0435\u0439;<\/li>\n<li>\u041d\u0435 \u0441\u043e\u0434\u0435\u0440\u0436\u0438\u0442 \u043b\u0430\u043a\u0442\u043e\u0437\u044b \u0438 \u0433\u043b\u044e\u0442\u0435\u043d\u0430;<\/li>\n<li>\u041e\u043d \u043e\u0431\u043b\u0430\u0434\u0430\u0435\u0442 \u043e\u0441\u043e\u0431\u0435\u043d\u043d\u043e \u043f\u0440\u0438\u044f\u0442\u043d\u044b\u043c \u0430\u043f\u0435\u043b\u044c\u0441\u0438\u043d\u043e\u0432\u044b\u043c \u0432\u043a\u0443\u0441\u043e\u043c;<\/li>\n<li>\u041d\u0438\u0437\u043a\u043e\u0435 \u0441\u043e\u0434\u0435\u0440\u0436\u0430\u043d\u0438\u0435 \u043a\u0430\u043b\u043e\u0440\u0438\u0439, \u0436\u0438\u0440\u043e\u0432, \u0441\u0430\u0445\u0430\u0440\u0430 \u0438 \u0443\u0433\u043b\u0435\u0432\u043e\u0434\u043e\u0432;<\/li>\n<li>\u0421\u043f\u043e\u0441\u043e\u0431\u0441\u0442\u0432\u0443\u044e\u0442 \u0441\u043d\u0438\u0436\u0435\u043d\u0438\u044e \u043c\u0430\u0441\u0441\u044b \u0442\u0435\u043b\u0430.<\/li>\n<li>\u041f\u043e\u043c\u043e\u0433\u0430\u0435\u0442 \u043e\u0440\u0433\u0430\u043d\u0438\u0437\u043c\u0443 \u0431\u044b\u0441\u0442\u0440\u0435\u0435 \u0432\u043e\u0441\u0441\u0442\u0430\u043d\u0430\u0432\u043b\u0438\u0432\u0430\u0442\u044c\u0441\u044f \u043f\u043e\u0441\u043b\u0435 \u0438\u043d\u0442\u0435\u043d\u0441\u0438\u0432\u043d\u044b\u0445 \u0442\u0440\u0435\u043d\u0438\u0440\u043e\u0432\u043e\u043a.<\/li>\n<\/ul>\n<p>&nbsp;<\/p>\n<p><strong>\u0418\u0421\u041f\u041e\u041b\u042c\u0417\u041e\u0412\u0410\u041d\u0418\u0415:<\/strong><\/p>\n<p>\u041f\u0440\u0438\u043d\u0438\u043c\u0430\u0439\u0442\u0435 25 \u043c\u043b \u0447\u0438\u0441\u0442\u043e\u0433\u043e \u0438\u043b\u0438 \u0440\u0430\u0437\u0432\u0435\u0434\u0435\u043d\u043d\u043e\u0433\u043e \u0432 \u0432\u043e\u0434\u0435 L-\u043a\u0430\u0440\u043d\u0438\u0442\u0438\u043d\u0430 \u0434\u043e \u0438\u043b\u0438 \u0432\u043e \u0432\u0440\u0435\u043c\u044f \u0442\u0440\u0435\u043d\u0438\u0440\u043e\u0432\u043a\u0438. \u0425\u043e\u0440\u043e\u0448\u043e \u0432\u0437\u0431\u043e\u043b\u0442\u0430\u0439\u0442\u0435 \u043f\u0435\u0440\u0435\u0434 \u0443\u043f\u043e\u0442\u0440\u0435\u0431\u043b\u0435\u043d\u0438\u0435\u043c. \u0420\u0430\u0437\u043d\u043e\u043e\u0431\u0440\u0430\u0437\u043d\u043e\u0435 \u0438 \u0441\u0431\u0430\u043b\u0430\u043d\u0441\u0438\u0440\u043e\u0432\u0430\u043d\u043d\u043e\u0435 \u043f\u0438\u0442\u0430\u043d\u0438\u0435 \u0438 \u0437\u0434\u043e\u0440\u043e\u0432\u044b\u0439 \u043e\u0431\u0440\u0430\u0437 \u0436\u0438\u0437\u043d\u0438 \u043e\u0447\u0435\u043d\u044c \u0432\u0430\u0436\u043d\u044b.<\/p>\n<p>\u0425\u0440\u0430\u043d\u0438\u0442\u044c \u0432 \u043d\u0435\u0434\u043e\u0441\u0442\u0443\u043f\u043d\u043e\u043c \u0434\u043b\u044f \u0434\u0435\u0442\u0435\u0439 \u043c\u0435\u0441\u0442\u0435.<\/p>\n<p>\u0414\u0435\u0440\u0436\u0438\u0442\u0435 \u0432\u0434\u0430\u043b\u0438 \u043e\u0442 \u043f\u0440\u044f\u043c\u044b\u0445 \u0441\u043e\u043b\u043d\u0435\u0447\u043d\u044b\u0445 \u043b\u0443\u0447\u0435\u0439.<\/p>\n<p>\u041f\u043e\u0441\u043b\u0435 \u043e\u0442\u043a\u0440\u044b\u0442\u0438\u044f \u0445\u0440\u0430\u043d\u0438\u0442\u044c \u0432 \u0445\u043e\u043b\u043e\u0434\u0438\u043b\u044c\u043d\u0438\u043a\u0435 \u0438 \u0443\u043f\u043e\u0442\u0440\u0435\u0431\u0438\u0442\u044c \u0432 \u0442\u0435\u0447\u0435\u043d\u0438\u0435 \u043c\u0435\u0441\u044f\u0446\u0430.<\/p>\n<p>&nbsp;<\/p>\n<p><strong>\u041f\u0418\u0429\u0415\u0412\u0410\u042f \u0418 \u042d\u041d\u0415\u0420\u0413\u0415\u0422\u0418\u0427\u0415\u0421\u041a\u0410\u042f \u0426\u0415\u041d\u041d\u041e\u0421\u0422\u042c \u041f\u0420\u041e\u0414\u0423\u041a\u0422\u0410<\/strong><\/p>\n<p>\u0420\u0430\u0437\u043c\u0435\u0440 \u043f\u043e\u0440\u0446\u0438\u0438 25 \u043c\u043b. .<\/p>\n<table>\n<tbody>\n<tr>\n<td width=\"252\"><\/td>\n<td width=\"118\"><strong>\u041f\u043e\u0440\u0446\u0438\u044f<\/strong><\/td>\n<td width=\"227\"><strong>\u00a0<\/strong><strong>100 \u043c\u043b L-\u043a\u0430\u0440\u043d\u0438\u0442\u0438\u043d<\/strong><\/td>\n<\/tr>\n<tr>\n<td width=\"252\">\u041a\u0430\u043b\u043e\u0440\u0438\u0438<\/td>\n<td width=\"118\">12 \u043a\u0414\u0436 (3 \u043a\u043a\u0430\u043b)<\/td>\n<td width=\"227\">49 \u043a\u0414\u0436 (11 \u043a\u043a\u0430\u043b)<\/td>\n<\/tr>\n<tr>\n<td width=\"252\"><strong>\u0416\u0438\u0440<\/strong><\/td>\n<td width=\"118\">&lt;0,5 g<\/td>\n<td width=\"227\">&lt;0,5 g<\/td>\n<\/tr>\n<tr>\n<td width=\"252\">- \u0418\u0437 \u043d\u0438\u0445 \u043d\u0430\u0441\u044b\u0449\u0435\u043d\u043d\u044b\u0435 \u0436\u0438\u0440\u044b<\/td>\n<td width=\"118\">&lt;0,1 g<\/td>\n<td width=\"227\">&lt;0,1 g<\/td>\n<\/tr>\n<tr>\n<td width=\"252\"><strong>\u041e\u0431\u0449\u0435\u0435 \u043a\u043e\u043b\u0438\u0447\u0435\u0441\u0442\u0432\u043e \u0443\u0433\u043b\u0435\u0432\u043e\u0434\u043e\u0432<\/strong><\/td>\n<td width=\"118\">&lt;0,5 g<\/td>\n<td width=\"227\">&lt;0,5 g<\/td>\n<\/tr>\n<tr>\n<td width=\"252\">- \u0418\u0437 \u043d\u0438\u0445 \u0441\u0430\u0445\u0430\u0440<\/td>\n<td width=\"118\">&lt;0,5 g<\/td>\n<td width=\"227\">&lt;0,5 g<\/td>\n<\/tr>\n<tr>\n<td width=\"252\"><strong>\u041f\u0440\u043e\u0442\u0435\u0438\u043d<\/strong><\/td>\n<td width=\"118\">&lt;0,5 g<\/td>\n<td width=\"227\">&lt;0,5 g<\/td>\n<\/tr>\n<tr>\n<td width=\"252\"><strong>\u0421\u043e\u043b\u044c<\/strong><\/td>\n<td width=\"118\">&lt;0,01 g<\/td>\n<td width=\"227\">0,01 g<\/td>\n<\/tr>\n<\/tbody>\n<\/table>\n<p>&nbsp;<\/p>\n<p><strong>\u0418\u041d\u0413\u0420\u0415\u0414\u0418\u0415\u041d\u0422\u042b:<\/strong><\/p>\n<p>\u0412\u043e\u0434\u0430, L-\u043a\u0430\u0440\u043d\u0438\u0442\u0438\u043d, \u043a\u0438\u0441\u043b\u043e\u0442\u044b (\u043b\u0438\u043c\u043e\u043d\u043d\u0430\u044f, \u043c\u043e\u043b\u043e\u0447\u043d\u0430\u044f), \u043a\u043e\u043d\u0441\u0435\u0440\u0432\u0430\u043d\u0442 (\u0441\u043e\u0440\u0431\u0430\u0442 \u043a\u0430\u043b\u0438\u044f), \u043f\u043e\u0434\u0441\u043b\u0430\u0441\u0442\u0438\u0442\u0435\u043b\u0438 (\u0446\u0438\u043a\u043b\u0430\u043c\u0430\u0442 \u043d\u0430\u0442\u0440\u0438\u044f, \u0430\u0446\u0435\u0441\u0443\u043b\u044c\u0444\u0430\u043c \u041a, \u0441\u0443\u043a\u0440\u0430\u043b\u043e\u0437\u0430, \u0441\u0430\u0445\u0430\u0440\u0438\u043d \u043d\u0430\u0442\u0440\u0438\u044f), \u043d\u0430\u0442\u0443\u0440\u0430\u043b\u044c\u043d\u044b\u0439 \u0430\u0440\u043e\u043c\u0430\u0442\u0438\u0437\u0430\u0442\u043e\u0440.<\/p>\n<p>&nbsp;<\/p>","protected":false},"excerpt":{"rendered":"<p>L-\u041a\u0430\u0440\u043d\u0438\u0442\u0438\u043d \u0441\u043e \u0432\u043a\u0443\u0441\u043e\u043c \u0430\u043f\u0435\u043b\u044c\u0441\u0438\u043d\u0430, 1000 \u043c\u043b<\/p>","protected":false},"featured_media":6067,"template":"","meta":[],"product_brand":[],"product_cat":[52,99,31],"product_tag":[64,53,60,29,62,24,30],"class_list":{"0":"post-4341","1":"product","2":"type-product","3":"status-publish","4":"has-post-thumbnail","6":"product_cat-akcijos","7":"product_cat-l-karnitinas","8":"product_cat-top","9":"product_tag-kanapiu-baltymai-250g-dovanu","10":"product_tag-exportui","11":"product_tag-groziui-ir-sveikatai","12":"product_tag-kovo3","13":"product_tag-l-karnitinas","14":"product_tag-paprasti-produktai","15":"product_tag-top","17":"first","18":"instock","19":"sale","20":"taxable","21":"shipping-taxable","22":"purchasable","23":"product-type-simple"},"yoast_head":"<!-- This site is optimized with the Yoast SEO plugin v27.5 - https:\/\/yoast.com\/product\/yoast-seo-wordpress\/ -->\n<title>L-Karnitinas riebal\u0173 degintojas, apelsin\u0173 skonio, 1000ml| Healthy Choice<\/title>\n<meta name=\"robots\" content=\"index, follow, max-snippet:-1, max-image-preview:large, max-video-preview:-1\" \/>\n<link rel=\"canonical\" href=\"https:\/\/www.healthychoice.lt\/ru\/produktai\/l-karnitinas\/\" \/>\n<meta property=\"og:locale\" content=\"ru_RU\" \/>\n<meta property=\"og:type\" content=\"article\" \/>\n<meta property=\"og:title\" content=\"L-Karnitinas riebal\u0173 degintojas, apelsin\u0173 skonio, 1000ml| Healthy Choice\" \/>\n<meta property=\"og:description\" content=\"L-Karnitinas apelsin\u0173 skonio, 1000ml\" \/>\n<meta property=\"og:url\" content=\"https:\/\/www.healthychoice.lt\/ru\/produktai\/l-karnitinas\/\" \/>\n<meta property=\"og:site_name\" content=\"Healthy Choice\" \/>\n<meta property=\"article:publisher\" content=\"https:\/\/www.facebook.com\/healthychoice.world\/\" \/>\n<meta property=\"article:modified_time\" content=\"2026-05-02T13:58:09+00:00\" \/>\n<meta property=\"og:image\" content=\"https:\/\/www.healthychoice.lt\/wp-content\/uploads\/2022\/12\/L-Karnitinas-min.jpg\" \/>\n\t<meta property=\"og:image:width\" content=\"597\" \/>\n\t<meta property=\"og:image:height\" content=\"896\" \/>\n\t<meta property=\"og:image:type\" content=\"image\/jpeg\" \/>\n<meta name=\"twitter:card\" content=\"summary_large_image\" \/>\n<meta name=\"twitter:label1\" content=\"\u041f\u0440\u0438\u043c\u0435\u0440\u043d\u043e\u0435 \u0432\u0440\u0435\u043c\u044f \u0434\u043b\u044f \u0447\u0442\u0435\u043d\u0438\u044f\" \/>\n\t<meta name=\"twitter:data1\" content=\"2 \u043c\u0438\u043d\u0443\u0442\u044b\" \/>\n<script type=\"application\/ld+json\" class=\"yoast-schema-graph\">{\"@context\":\"https:\\\/\\\/schema.org\",\"@graph\":[{\"@type\":\"WebPage\",\"@id\":\"https:\\\/\\\/www.healthychoice.lt\\\/produktai\\\/l-karnitinas\\\/\",\"url\":\"https:\\\/\\\/www.healthychoice.lt\\\/produktai\\\/l-karnitinas\\\/\",\"name\":\"L-Karnitinas riebal\u0173 degintojas, apelsin\u0173 skonio, 1000ml| Healthy Choice\",\"isPartOf\":{\"@id\":\"https:\\\/\\\/www.healthychoice.lt\\\/es\\\/#website\"},\"primaryImageOfPage\":{\"@id\":\"https:\\\/\\\/www.healthychoice.lt\\\/produktai\\\/l-karnitinas\\\/#primaryimage\"},\"image\":{\"@id\":\"https:\\\/\\\/www.healthychoice.lt\\\/produktai\\\/l-karnitinas\\\/#primaryimage\"},\"thumbnailUrl\":\"https:\\\/\\\/www.healthychoice.lt\\\/wp-content\\\/uploads\\\/2022\\\/12\\\/L-Karnitinas-min.jpg\",\"datePublished\":\"2025-08-08T08:13:27+00:00\",\"dateModified\":\"2026-05-02T13:58:09+00:00\",\"breadcrumb\":{\"@id\":\"https:\\\/\\\/www.healthychoice.lt\\\/produktai\\\/l-karnitinas\\\/#breadcrumb\"},\"inLanguage\":\"ru-RU\",\"potentialAction\":[{\"@type\":\"ReadAction\",\"target\":[\"https:\\\/\\\/www.healthychoice.lt\\\/produktai\\\/l-karnitinas\\\/\"]}]},{\"@type\":\"ImageObject\",\"inLanguage\":\"ru-RU\",\"@id\":\"https:\\\/\\\/www.healthychoice.lt\\\/produktai\\\/l-karnitinas\\\/#primaryimage\",\"url\":\"https:\\\/\\\/www.healthychoice.lt\\\/wp-content\\\/uploads\\\/2022\\\/12\\\/L-Karnitinas-min.jpg\",\"contentUrl\":\"https:\\\/\\\/www.healthychoice.lt\\\/wp-content\\\/uploads\\\/2022\\\/12\\\/L-Karnitinas-min.jpg\",\"width\":597,\"height\":896},{\"@type\":\"BreadcrumbList\",\"@id\":\"https:\\\/\\\/www.healthychoice.lt\\\/produktai\\\/l-karnitinas\\\/#breadcrumb\",\"itemListElement\":[{\"@type\":\"ListItem\",\"position\":1,\"name\":\"Home\",\"item\":\"https:\\\/\\\/www.healthychoice.lt\\\/\"},{\"@type\":\"ListItem\",\"position\":2,\"name\":\"Produktai\",\"item\":\"https:\\\/\\\/www.healthychoice.lt\\\/es\\\/produktai\\\/\"},{\"@type\":\"ListItem\",\"position\":3,\"name\":\"L-Karnitinas riebal\u0173 degintojas, apelsin\u0173 skonio, 1000ml\"}]},{\"@type\":\"WebSite\",\"@id\":\"https:\\\/\\\/www.healthychoice.lt\\\/es\\\/#website\",\"url\":\"https:\\\/\\\/www.healthychoice.lt\\\/es\\\/\",\"name\":\"Healthy Choice\",\"description\":\"Mityba, kuria gali pasitik\u0117ti!\",\"alternateName\":\"Healthychoice\",\"potentialAction\":[{\"@type\":\"SearchAction\",\"target\":{\"@type\":\"EntryPoint\",\"urlTemplate\":\"https:\\\/\\\/www.healthychoice.lt\\\/es\\\/?s={search_term_string}\"},\"query-input\":{\"@type\":\"PropertyValueSpecification\",\"valueRequired\":true,\"valueName\":\"search_term_string\"}}],\"inLanguage\":\"ru-RU\"}]}<\/script>\n<!-- \/ Yoast SEO plugin. -->","yoast_head_json":{"title":"L-Karnitinas riebal\u0173 degintojas, apelsin\u0173 skonio, 1000ml| Healthy Choice","robots":{"index":"index","follow":"follow","max-snippet":"max-snippet:-1","max-image-preview":"max-image-preview:large","max-video-preview":"max-video-preview:-1"},"canonical":"https:\/\/www.healthychoice.lt\/ru\/produktai\/l-karnitinas\/","og_locale":"ru_RU","og_type":"article","og_title":"L-Karnitinas riebal\u0173 degintojas, apelsin\u0173 skonio, 1000ml| Healthy Choice","og_description":"L-Karnitinas apelsin\u0173 skonio, 1000ml","og_url":"https:\/\/www.healthychoice.lt\/ru\/produktai\/l-karnitinas\/","og_site_name":"Healthy Choice","article_publisher":"https:\/\/www.facebook.com\/healthychoice.world\/","article_modified_time":"2026-05-02T13:58:09+00:00","og_image":[{"width":597,"height":896,"url":"https:\/\/www.healthychoice.lt\/wp-content\/uploads\/2022\/12\/L-Karnitinas-min.jpg","type":"image\/jpeg"}],"twitter_card":"summary_large_image","twitter_misc":{"\u041f\u0440\u0438\u043c\u0435\u0440\u043d\u043e\u0435 \u0432\u0440\u0435\u043c\u044f \u0434\u043b\u044f \u0447\u0442\u0435\u043d\u0438\u044f":"2 \u043c\u0438\u043d\u0443\u0442\u044b"},"schema":{"@context":"https:\/\/schema.org","@graph":[{"@type":"WebPage","@id":"https:\/\/www.healthychoice.lt\/produktai\/l-karnitinas\/","url":"https:\/\/www.healthychoice.lt\/produktai\/l-karnitinas\/","name":"L-Karnitinas riebal\u0173 degintojas, apelsin\u0173 skonio, 1000ml| Healthy Choice","isPartOf":{"@id":"https:\/\/www.healthychoice.lt\/es\/#website"},"primaryImageOfPage":{"@id":"https:\/\/www.healthychoice.lt\/produktai\/l-karnitinas\/#primaryimage"},"image":{"@id":"https:\/\/www.healthychoice.lt\/produktai\/l-karnitinas\/#primaryimage"},"thumbnailUrl":"https:\/\/www.healthychoice.lt\/wp-content\/uploads\/2022\/12\/L-Karnitinas-min.jpg","datePublished":"2025-08-08T08:13:27+00:00","dateModified":"2026-05-02T13:58:09+00:00","breadcrumb":{"@id":"https:\/\/www.healthychoice.lt\/produktai\/l-karnitinas\/#breadcrumb"},"inLanguage":"ru-RU","potentialAction":[{"@type":"ReadAction","target":["https:\/\/www.healthychoice.lt\/produktai\/l-karnitinas\/"]}]},{"@type":"ImageObject","inLanguage":"ru-RU","@id":"https:\/\/www.healthychoice.lt\/produktai\/l-karnitinas\/#primaryimage","url":"https:\/\/www.healthychoice.lt\/wp-content\/uploads\/2022\/12\/L-Karnitinas-min.jpg","contentUrl":"https:\/\/www.healthychoice.lt\/wp-content\/uploads\/2022\/12\/L-Karnitinas-min.jpg","width":597,"height":896},{"@type":"BreadcrumbList","@id":"https:\/\/www.healthychoice.lt\/produktai\/l-karnitinas\/#breadcrumb","itemListElement":[{"@type":"ListItem","position":1,"name":"Home","item":"https:\/\/www.healthychoice.lt\/"},{"@type":"ListItem","position":2,"name":"Produktai","item":"https:\/\/www.healthychoice.lt\/es\/produktai\/"},{"@type":"ListItem","position":3,"name":"L-Karnitinas riebal\u0173 degintojas, apelsin\u0173 skonio, 1000ml"}]},{"@type":"WebSite","@id":"https:\/\/www.healthychoice.lt\/es\/#website","url":"https:\/\/www.healthychoice.lt\/es\/","name":"Healthy Choice","description":"Mityba, kuria gali pasitik\u0117ti!","alternateName":"Healthychoice","potentialAction":[{"@type":"SearchAction","target":{"@type":"EntryPoint","urlTemplate":"https:\/\/www.healthychoice.lt\/es\/?s={search_term_string}"},"query-input":{"@type":"PropertyValueSpecification","valueRequired":true,"valueName":"search_term_string"}}],"inLanguage":"ru-RU"}]}},"_links":{"self":[{"href":"https:\/\/www.healthychoice.lt\/ru\/wp-json\/wp\/v2\/product\/4341","targetHints":{"allow":["GET"]}}],"collection":[{"href":"https:\/\/www.healthychoice.lt\/ru\/wp-json\/wp\/v2\/product"}],"about":[{"href":"https:\/\/www.healthychoice.lt\/ru\/wp-json\/wp\/v2\/types\/product"}],"wp:featuredmedia":[{"embeddable":true,"href":"https:\/\/www.healthychoice.lt\/ru\/wp-json\/wp\/v2\/media\/6067"}],"wp:attachment":[{"href":"https:\/\/www.healthychoice.lt\/ru\/wp-json\/wp\/v2\/media?parent=4341"}],"wp:term":[{"taxonomy":"product_brand","embeddable":true,"href":"https:\/\/www.healthychoice.lt\/ru\/wp-json\/wp\/v2\/product_brand?post=4341"},{"taxonomy":"product_cat","embeddable":true,"href":"https:\/\/www.healthychoice.lt\/ru\/wp-json\/wp\/v2\/product_cat?post=4341"},{"taxonomy":"product_tag","embeddable":true,"href":"https:\/\/www.healthychoice.lt\/ru\/wp-json\/wp\/v2\/product_tag?post=4341"}],"curies":[{"name":"wp","href":"https:\/\/api.w.org\/{rel}","templated":true}]}}