{"id":393,"date":"2020-06-30T06:04:07","date_gmt":"2020-06-30T03:04:07","guid":{"rendered":"https:\/\/www.healthychoice.lt\/?page_id=393"},"modified":"2025-08-20T15:03:23","modified_gmt":"2025-08-20T12:03:23","slug":"apmokejimas-pristatymas","status":"publish","type":"page","link":"https:\/\/www.healthychoice.lt\/ru\/apmokejimas-pristatymas\/","title":{"rendered":"\u041e\u043f\u043b\u0430\u0442\u0430 \/ \u0414\u043e\u0441\u0442\u0430\u0432\u043a\u0430"},"content":{"rendered":"<div class=\"row\"  id=\"row-1260777484\">\n\n\n\t<div id=\"col-50710351\" class=\"col medium-6 small-12 large-6\"  data-animate=\"fadeInLeft\">\n\t\t\t\t<div class=\"col-inner\"  >\n\t\t\t\n\t\t\t\n\n<h2 style=\"text-align: center;\">Apmok\u0117jimo b\u016bdai<\/h2>\n<p><strong>1. Atsiskaityti galite naudodamiesi elektronine bankininkyste (Paysera)<\/strong><\/p>\n<p>Paysera \u2013 elektronin\u0117 atsiskaitym\u0173 sistema, apjungianti skirtingus atsiskaitymo b\u016bdus: per Paysera sistem\u0105, elektronin\u0119 bankininkyst\u0119 ar mok\u0117jimo kortel\u0117mis. Paysera si\u016blo nemokam\u0105 daugiavaliut\u0119 s\u0105skait\u0105, kuri\u0105 atsidaryti ir papildyti u\u017etrunka vos kelias minutes. Taip pat greitus ir saugius atsiskaitymus internetu, u\u017e kuriuos pirk\u0117jui gr\u012f\u017eta i\u0161leistos sumos dalis. Paysera suteikia galimyb\u0119 naudotis ir patogia mobili\u0105ja pinigine, kuri dar labiau palengvina atsiskaitymus tiek internete, tiek fizin\u0117se vietose. Atsiskaitykite per Paysera \u2013 tai greita, modernu ir naudinga. U\u017e kiekvien\u0105 atsiskaitym\u0105 pirk\u0117jui \u012f Paysera s\u0105skait\u0105 gr\u012f\u017eta iki 1% sumos, sumok\u0117tos u\u017e prekes ar paslaugas.<\/p>\n<p style=\"text-align: center;\">\u201eDanske Bank A\/S\u201c Lietuvos filialas, AS Luminor (\u201eDNB\u201c) bankas, AS Citadele bankas, AS Luminor (\u201eNordea\u201c) bankas, AB SEB bankas, AB bankas \u201eSwedbank\u201c, AB \u0160iauli\u0173 bankas, UAB Medicinos bankas, Lietuvos kredito unijos, MoQ, Paysera s\u0105skaita, Kreditin\u0117s kortel\u0117s<\/p>\n<div class=\"is-divider divider clearfix\" style=\"max-width:100%;\"><\/div>\n\n<p><strong>2. Atsiskaityti galite bankiniu pavedimu:<\/strong><\/p>\n<p>Rekvizitai atsiskaitymui:<\/p>\n<ol>\n<li><em><strong>\u0411\u0430\u043d\u043a AB SEB:<\/strong><\/em><br \/>A\/s.: LT39 7044 0600 0786 3477 \u2013 EUR \/ USD \/ GBP (multivaliutin\u0117)<br \/>Banko kodas: 70440<br \/>S.W.I.F.T. kodas: CBVILT2X<\/li>\n<li><em><strong>\u041f\u0430\u0439\u0437\u0435\u0440\u0430:<\/strong><\/em><br \/>UAB \u201ePaysera\u201c elektronini\u0173 pinig\u0173 \u012fstaiga.<br \/>IBAN.: LT13 3500 0100 0139 8442 \u2013 EUR \/ USD \/ GBP (multivaliutin\u0117).<br \/>Banko kodas: 35000 S.W.I.F.T kodas: EVIULT21XXX<\/li>\n<\/ol>\n<p>Nepamir\u0161kite \u012fra\u0161yti savo <strong><u>u\u017esakymo kodo<\/u><\/strong> \u012f banko pavedimo &#8222;Paskirtis&#8221; lauk\u0105.<\/p>\n\n\t\t<\/div>\n\t\t\t\t\t<\/div>\n\n\t\n\n\t<div id=\"col-1246072098\" class=\"col medium-6 small-12 large-6\"  data-animate=\"fadeInRight\">\n\t\t\t\t<div class=\"col-inner\"  >\n\t\t\t\n\t\t\t\n\n<h2 style=\"text-align: center;\">Preki\u0173 pristatymas<\/h2>\n<p>1.1. Pardav\u0117jo tikslas \u2013 per 2 darbo dienas nuo preki\u0173 apmok\u0117jimo Pirk\u0117jo u\u017esakytas prekes perduoti siunt\u0173 gabenimo tarnybai.<br \/>1.2. Siunt\u0173 gabenimo tarnyba \u012fsigytas prekes Pirk\u0117jo nurodytu adresu pristato:<br \/>1.2.1. per 1-2 darbo dienas, jei prek\u0117s pristatomos Lietuvoje;<br \/>1.2.2. d\u0117l Kit\u0173 \u0161ali\u0173 teirautis telefonu ar elektroniniu pa\u0161tu;<br \/>1.3. Preki\u0173 pristatymo paslaugas teikia bendrov\u0117 UAB Venipak Lietuva.<br \/>1.4. Visi u\u017esakymai bus i\u0161siun\u010diami per bendrov\u0119 UAB Venipak Lietuva. I\u0161siunt\u0119 jums u\u017esakym\u0105, i\u0161 karto jums i\u0161si\u0173sime ir prane\u0161im\u0105, kuriame bus nurodytas siuntos numeris, kad j\u016bs gal\u0117tum\u0117te internetu sekti siuntos jud\u0117jim\u0105.<br \/>1.5. Visa informacija apie bendrov\u0117s UAB Venipak Lietuva darbo valandas (pristatymo laik\u0105) ir UAB Venipak Lietuva paslaugas yra nurodyta UAB Venipak Lietuva interneto svetain\u0117je, kurioje yra kiekvienai \u0161aliai, kurioje UAB Venipak Lietuva vykdo savo veikl\u0105, skirtas atskiras tinklalapis.<br \/>Nemokamai u\u017esakymus galite atsiimant m\u016bs\u0173 biure Vilniuje.<\/p>\n<p><strong>U\u017esakymo sumai vir\u0161ijus 50\u20ac &#8211; pristatymas Lietuvoje NEMOKAMAS<br \/><\/strong>Kitu atveju pristatymo kaina skai\u010diuojama nuo u\u017esakymo svorio.<\/p>\n<p>Taip pat u\u017esakym\u0105 nemokamai galima atsiimti m\u016bs\u0173 biure, adresu <strong>\u0160atrijos g. 7-49, LT-09300, Vilnius<\/strong>, biuro darbo laiku &#8211; I\u2013IV 11:00-16:00val., V 11:00-13:00val. Telefonas pasiteiravimui: <a href=\"tel:+37060006655\">+370 600 06 655<\/a>.<\/p>\n<h2 style=\"text-align: center;\">Preki\u0173 gr\u0105\u017einimas<\/h2>\n<p>2.1. Prek\u0117s, \u012fsigytos el.parduotuv\u0117je www.healthychoice.lt, gali b\u016bti gr\u0105\u017eintos per 15 dien\u0173 nuo j\u0173 \u012fsigyjimo.<br \/>2.2. Gr\u0105\u017einti prek\u0119 galima tik tuo atveju, jei jos pakuot\u0117 nepa\u017eeista \u2013 prek\u0117 nebuvo i\u0161pakuota.<br \/>2.3. Gr\u0105\u017einant prekes b\u016btina jas gr\u0105\u017einti originalioje pakuot\u0117je.<br \/>2.4. Pirk\u0117jo pra\u0161ymas gr\u0105\u017einti prek\u0119 turi b\u016bti pateikiamas ra\u0161tu, pridedant preki\u0173 pirkimo el. parduotuv\u0117je patvirtinant\u012f \u012frodym\u0105.<br \/>2.5. Pinigai u\u017e gr\u0105\u017eintas prekes Pirk\u0117jui gali b\u016bti gr\u0105\u017einti per 5 dienas nuo preki\u0173 gr\u0105\u017einimo Pardav\u0117jui dienos ir Pardav\u0117jo patvirtinimo, kad prekes jis pri\u0117m\u0117 kaip gr\u0105\u017eintas. Preki\u0173 pristatymo mokestis n\u0117ra gr\u0105\u017einamas.<br \/>2.6. Jei prek\u0119 pageidaujate gr\u0105\u017einti tam, kad susigr\u0105\u017eintum\u0117te sumok\u0117tus pinigus, si\u016blome prekes gr\u0105\u017einti naudojantis saugi\u0173 ir apdraust\u0173 siunt\u0173 gabenimo tarnyb\u0173 (pavyzd\u017eiui: Venipak, UPS, DHL, DPD ir kt.) paslaugomis. Atsakomyb\u0117s u\u017e negautas gr\u0105\u017einamas prekes mes neprisiimame. Preki\u0173 gr\u0105\u017einimo i\u0161laidas apmoka Pirk\u0117jas.<br \/>2.7. Pra\u0161ymas leisti gr\u0105\u017einti prek\u0119 priimamas per 48 valandas nuo pra\u0161ymo gavimo.<br \/>2.8. Pirk\u0117jas (fizinis asmuo)turi teis\u0119 nenurodydamas prie\u017easties atsisakyti internetu sudarytos sutarties per 14 dien\u0173, i\u0161skyrus \u0161io straipsnio 2 d. numatytas i\u0161imtis. Sumok\u0117ti pinigai, \u012fskaitant pirk\u0117jo apmok\u0117tas prek\u0117s pristatymo i\u0161laidas, pirk\u0117jui gr\u0105\u017einami per 14 dien\u0173 nuo pirk\u0117jo prane\u0161imo apie sutarties atsisakym\u0105 dienos, ta\u010diau Pardav\u0117jas gali negr\u0105\u017einti pinig\u0173, kol negaus prek\u0117s arba jam bus pateiktas \u012frodymas, kad prek\u0117 i\u0161si\u0173sta.<br \/>2.9. Vartojimo gin\u010dus neteismine tvarka sprend\u017eia Valstybin\u0117 vartotoj\u0173 teisi\u0173 apsaugos tarnyba, buvein\u0117s<br \/>adresas Go\u0161tauto g. 12, Vilnius, www.vvtat.lt.<br \/>2.10. Pra\u0161ymus ar skundus d\u0117l galim\u0173 vartotoj\u0173 teisi\u0173 pa\u017eeidim\u0173 vartotojas gali pateikti vartotoj\u0173 gin\u010d\u0173 sprendimo platformoje http:\/\/ec.europa.eu\/odr\/.<\/p>\n\n\t\t<\/div>\n\t\t\t\t\t<\/div>\n\n\t\n\n<\/div>","protected":false},"excerpt":{"rendered":"","protected":false},"author":1,"featured_media":0,"parent":0,"menu_order":0,"comment_status":"closed","ping_status":"closed","template":"","meta":{"footnotes":""},"class_list":["post-393","page","type-page","status-publish","hentry"],"yoast_head":"<!-- This site is optimized with the Yoast SEO plugin v27.4 - https:\/\/yoast.com\/product\/yoast-seo-wordpress\/ -->\n<title>Apmok\u0117jimas \/ Pristatymas | Healthy Choice<\/title>\n<meta name=\"robots\" content=\"index, follow, max-snippet:-1, max-image-preview:large, max-video-preview:-1\" \/>\n<link rel=\"canonical\" href=\"https:\/\/www.healthychoice.lt\/ru\/apmokejimas-pristatymas\/\" \/>\n<meta property=\"og:locale\" content=\"ru_RU\" \/>\n<meta property=\"og:type\" content=\"article\" \/>\n<meta property=\"og:title\" content=\"Apmok\u0117jimas \/ Pristatymas | Healthy Choice\" \/>\n<meta property=\"og:url\" content=\"https:\/\/www.healthychoice.lt\/ru\/apmokejimas-pristatymas\/\" \/>\n<meta property=\"og:site_name\" content=\"Healthy Choice\" \/>\n<meta property=\"article:publisher\" content=\"https:\/\/www.facebook.com\/healthychoice.world\/\" \/>\n<meta property=\"article:modified_time\" content=\"2025-08-20T12:03:23+00:00\" \/>\n<meta name=\"twitter:card\" content=\"summary_large_image\" \/>\n<meta name=\"twitter:label1\" content=\"\u041f\u0440\u0438\u043c\u0435\u0440\u043d\u043e\u0435 \u0432\u0440\u0435\u043c\u044f \u0434\u043b\u044f \u0447\u0442\u0435\u043d\u0438\u044f\" \/>\n\t<meta name=\"twitter:data1\" content=\"4 \u043c\u0438\u043d\u0443\u0442\u044b\" \/>\n<script type=\"application\/ld+json\" class=\"yoast-schema-graph\">{\"@context\":\"https:\\\/\\\/schema.org\",\"@graph\":[{\"@type\":\"WebPage\",\"@id\":\"https:\\\/\\\/www.healthychoice.lt\\\/apmokejimas-pristatymas\\\/\",\"url\":\"https:\\\/\\\/www.healthychoice.lt\\\/apmokejimas-pristatymas\\\/\",\"name\":\"Apmok\u0117jimas \\\/ Pristatymas | Healthy Choice\",\"isPartOf\":{\"@id\":\"https:\\\/\\\/www.healthychoice.lt\\\/es\\\/#website\"},\"datePublished\":\"2020-06-30T03:04:07+00:00\",\"dateModified\":\"2025-08-20T12:03:23+00:00\",\"breadcrumb\":{\"@id\":\"https:\\\/\\\/www.healthychoice.lt\\\/apmokejimas-pristatymas\\\/#breadcrumb\"},\"inLanguage\":\"ru-RU\",\"potentialAction\":[{\"@type\":\"ReadAction\",\"target\":[\"https:\\\/\\\/www.healthychoice.lt\\\/apmokejimas-pristatymas\\\/\"]}]},{\"@type\":\"BreadcrumbList\",\"@id\":\"https:\\\/\\\/www.healthychoice.lt\\\/apmokejimas-pristatymas\\\/#breadcrumb\",\"itemListElement\":[{\"@type\":\"ListItem\",\"position\":1,\"name\":\"Home\",\"item\":\"https:\\\/\\\/www.healthychoice.lt\\\/\"},{\"@type\":\"ListItem\",\"position\":2,\"name\":\"Apmok\u0117jimas \\\/ Pristatymas\"}]},{\"@type\":\"WebSite\",\"@id\":\"https:\\\/\\\/www.healthychoice.lt\\\/es\\\/#website\",\"url\":\"https:\\\/\\\/www.healthychoice.lt\\\/es\\\/\",\"name\":\"Healthy Choice\",\"description\":\"Mityba, kuria gali pasitik\u0117ti!\",\"alternateName\":\"Healthychoice\",\"potentialAction\":[{\"@type\":\"SearchAction\",\"target\":{\"@type\":\"EntryPoint\",\"urlTemplate\":\"https:\\\/\\\/www.healthychoice.lt\\\/es\\\/?s={search_term_string}\"},\"query-input\":{\"@type\":\"PropertyValueSpecification\",\"valueRequired\":true,\"valueName\":\"search_term_string\"}}],\"inLanguage\":\"ru-RU\"}]}<\/script>\n<!-- \/ Yoast SEO plugin. -->","yoast_head_json":{"title":"Apmok\u0117jimas \/ Pristatymas | Healthy Choice","robots":{"index":"index","follow":"follow","max-snippet":"max-snippet:-1","max-image-preview":"max-image-preview:large","max-video-preview":"max-video-preview:-1"},"canonical":"https:\/\/www.healthychoice.lt\/ru\/apmokejimas-pristatymas\/","og_locale":"ru_RU","og_type":"article","og_title":"Apmok\u0117jimas \/ Pristatymas | Healthy Choice","og_url":"https:\/\/www.healthychoice.lt\/ru\/apmokejimas-pristatymas\/","og_site_name":"Healthy Choice","article_publisher":"https:\/\/www.facebook.com\/healthychoice.world\/","article_modified_time":"2025-08-20T12:03:23+00:00","twitter_card":"summary_large_image","twitter_misc":{"\u041f\u0440\u0438\u043c\u0435\u0440\u043d\u043e\u0435 \u0432\u0440\u0435\u043c\u044f \u0434\u043b\u044f \u0447\u0442\u0435\u043d\u0438\u044f":"4 \u043c\u0438\u043d\u0443\u0442\u044b"},"schema":{"@context":"https:\/\/schema.org","@graph":[{"@type":"WebPage","@id":"https:\/\/www.healthychoice.lt\/apmokejimas-pristatymas\/","url":"https:\/\/www.healthychoice.lt\/apmokejimas-pristatymas\/","name":"Apmok\u0117jimas \/ Pristatymas | Healthy Choice","isPartOf":{"@id":"https:\/\/www.healthychoice.lt\/es\/#website"},"datePublished":"2020-06-30T03:04:07+00:00","dateModified":"2025-08-20T12:03:23+00:00","breadcrumb":{"@id":"https:\/\/www.healthychoice.lt\/apmokejimas-pristatymas\/#breadcrumb"},"inLanguage":"ru-RU","potentialAction":[{"@type":"ReadAction","target":["https:\/\/www.healthychoice.lt\/apmokejimas-pristatymas\/"]}]},{"@type":"BreadcrumbList","@id":"https:\/\/www.healthychoice.lt\/apmokejimas-pristatymas\/#breadcrumb","itemListElement":[{"@type":"ListItem","position":1,"name":"Home","item":"https:\/\/www.healthychoice.lt\/"},{"@type":"ListItem","position":2,"name":"Apmok\u0117jimas \/ Pristatymas"}]},{"@type":"WebSite","@id":"https:\/\/www.healthychoice.lt\/es\/#website","url":"https:\/\/www.healthychoice.lt\/es\/","name":"Healthy Choice","description":"Mityba, kuria gali pasitik\u0117ti!","alternateName":"Healthychoice","potentialAction":[{"@type":"SearchAction","target":{"@type":"EntryPoint","urlTemplate":"https:\/\/www.healthychoice.lt\/es\/?s={search_term_string}"},"query-input":{"@type":"PropertyValueSpecification","valueRequired":true,"valueName":"search_term_string"}}],"inLanguage":"ru-RU"}]}},"_links":{"self":[{"href":"https:\/\/www.healthychoice.lt\/ru\/wp-json\/wp\/v2\/pages\/393","targetHints":{"allow":["GET"]}}],"collection":[{"href":"https:\/\/www.healthychoice.lt\/ru\/wp-json\/wp\/v2\/pages"}],"about":[{"href":"https:\/\/www.healthychoice.lt\/ru\/wp-json\/wp\/v2\/types\/page"}],"author":[{"embeddable":true,"href":"https:\/\/www.healthychoice.lt\/ru\/wp-json\/wp\/v2\/users\/1"}],"replies":[{"embeddable":true,"href":"https:\/\/www.healthychoice.lt\/ru\/wp-json\/wp\/v2\/comments?post=393"}],"version-history":[{"count":6,"href":"https:\/\/www.healthychoice.lt\/ru\/wp-json\/wp\/v2\/pages\/393\/revisions"}],"predecessor-version":[{"id":11111,"href":"https:\/\/www.healthychoice.lt\/ru\/wp-json\/wp\/v2\/pages\/393\/revisions\/11111"}],"wp:attachment":[{"href":"https:\/\/www.healthychoice.lt\/ru\/wp-json\/wp\/v2\/media?parent=393"}],"curies":[{"name":"wp","href":"https:\/\/api.w.org\/{rel}","templated":true}]}}