{"id":3178,"date":"2022-03-14T01:50:44","date_gmt":"2022-03-13T23:50:44","guid":{"rendered":"https:\/\/www.healthychoice.lt\/?page_id=3178"},"modified":"2022-03-14T01:53:34","modified_gmt":"2022-03-13T23:53:34","slug":"es-projektai","status":"publish","type":"page","link":"https:\/\/www.healthychoice.lt\/ru\/es-projektai\/","title":{"rendered":"\u041f\u0440\u043e\u0435\u043a\u0442\u044b \u0415\u0421"},"content":{"rendered":"<figure class=\"wp-block-image size-full is-resized\"><img loading=\"lazy\" decoding=\"async\" src=\"https:\/\/www.healthychoice.lt\/wp-content\/uploads\/2022\/03\/ES-projektai.jpg\" alt=\"\" class=\"wp-image-3179\" width=\"303\" height=\"152\" srcset=\"https:\/\/www.healthychoice.lt\/wp-content\/uploads\/2022\/03\/ES-projektai.jpg 606w, https:\/\/www.healthychoice.lt\/wp-content\/uploads\/2022\/03\/ES-projektai-600x300.jpg 600w, https:\/\/www.healthychoice.lt\/wp-content\/uploads\/2022\/03\/ES-projektai-64x32.jpg 64w, https:\/\/www.healthychoice.lt\/wp-content\/uploads\/2022\/03\/ES-projektai-300x150.jpg 300w\" sizes=\"auto, (max-width: 303px) 100vw, 303px\" \/><\/figure>\n\n\n\n<div class=\"wp-block-columns is-layout-flex wp-container-core-columns-is-layout-9d6595d7 wp-block-columns-is-layout-flex\">\n<div class=\"wp-block-column is-layout-flow wp-block-column-is-layout-flow\" style=\"flex-basis:100%\">\n<p><strong>E. komercijos sprendim\u0173 \u012fdiegimas \u012f UAB \u201eSveika energija\u201c veikl\u0105<\/strong><\/p>\n\n\n\n<p>UAB \u201eSveika energija\u201c yra inovatyvi maisto produkt\u0173 gamybos ir pardavimo srityje veikianti \u012fmon\u0117, kuri s\u0117kmingai \u012fgyvendina projekt\u0105 \u201eE. komercijos sprendim\u0173 \u012fdiegimas \u012f UAB \u201eSveika energija\u201c veikl\u0105\u201c (13.1.1-LVPA-K-860-01-1427, toliau &#8211; Projektas), pagal priemon\u0119 Nr. 13.1.1-LVPA-K-860 \u201eE. komercijos modelis COVID-19\u201c.<\/p>\n\n\n\n<p>Projektu ,,E. komercijos sprendim\u0173 \u012fdiegimas \u012f UAB \u201eSveika energija\u201c veikl\u0105\u201c siekiama \u012fdiegti modernius e. komercijos sprendinius, integruojant klient\u0173 savitarnos modul\u012f ir el. parduotuv\u0119 \u012f \u012fmon\u0117s internetin\u0119 svetain\u0119. UAB \u201eSveika energija\u201c yra vir\u0161 9 met\u0173 s\u0117kmingai inovatyvi maisto produkt\u0173 gamybos ir pardavimo srityje veikianti \u012fmon\u0117, pripa\u017einta Lietuvoje ir u\u017esienyje. Projektas skirtas el. parduotuv\u0117s diegimui ir jos integravimui \u012f \u012fmon\u0117s turim\u0105 i\u0161tekli\u0173 valdymo sistem\u0105, kurioje bus galima \u012fsigyti \u012fmon\u0117s gaminam\u0173 inovatyvi\u0173 maisto produkt\u0173, toki\u0173 kaip rie\u0161ut\u0173 sviestas, i\u0161r\u016bg\u0173 baltymai, baltym\u0173 izoliatai ir pan. Projekto \u012fgyvendinimo metu \u012fmon\u0117s klientai gal\u0117s matyti savo pirkim\u0173 istorij\u0105, su u\u017esakymais susijusi\u0105 informacij\u0105, gal\u0117s formuoti individualizuotus preki\u0173 krep\u0161elius, gauti nuolaidas ir dalyvauti lojalumo programose, sekti preki\u0173 pristatymo eig\u0105, gauti jiems skirtas s\u0105skaitas ir kit\u0105 susijusi\u0105 informacij\u0105.<\/p>\n\n\n\n<p>UAB \u201eSveika energija\u201c ES strukt\u016brini\u0173 fond\u0173 param\u0105 \u2013 49 987,98 eur\u0173 pa\u017eangios elektronin\u0117s prekybos sistemos diegimui gavo pagal 13 prioriteto \u201eVeiksm\u0173, skirt\u0173 COVID-19 pandemijos sukeltai krizei \u012fveikti, skatinimas ir pasirengimas aplink\u0105 tausojan\u010diam, skaitmeniniam ir tvariam ekonomikos atsigavimui\u201c priemon\u0119 Nr. 13.1.1-LVPA-K-860 \u201eE. komercijos modelis COVID-19\u201c, kuria yra siekiama paskatinti \u012fmones diegti informacines technologijas verslo sandoriams valdyti elektroniniu b\u016bdu, siekiant padidinti pajam\u0173 augim\u0105. Projekto \u012fgyvendinim\u0105 remia Lietuvos Respublika ir i\u0161 dalies finansuoja Europos S\u0105junga.<\/p>\n\n\n\n<p>Vykdomo projekto rezultatas \u2013 informacini\u0173 technologij\u0173 verslo sandoriams valdyti elektroniniu b\u016bdu \u012fdiegimas, siekiant padidinti pajam\u0173 augim\u0105, kas itin prisid\u0117t\u0173 prie pa\u017eangaus lietuvi\u0161ko verslo pl\u0117tros. Projektu ,,E. komercijos sprendim\u0173 \u012fdiegimas \u012f UAB \u201eSveika energija\u201c veikl\u0105 &#8221; siekiama \u012fdiegti modernius e. komercijos sprendimus, integruojant klient\u0173 savitarnos modul\u012f ir el. parduotuv\u0119 \u012f \u012fmon\u0117s internetin\u0119 svetain\u0117, sukuriant joje pardavim\u0173 modul\u012f. Integracija su \u012fmon\u0117s gamybos procesais leis ne tik paprastus ir greitus, individualizuotus klient\u0173 u\u017esakymus, bet ir suma\u017eins \u012fmonei tenkan\u010di\u0105 administracin\u0119 na\u0161t\u0105. \u012egyvendinus Projekt\u0105, bus sukurtos prielaidos spar\u010diai UAB ,,Sveika energija&#8221; verslo pl\u0117trai bei sukurtos galimyb\u0117s \u012fmonei ir toliau s\u0117kmingai konkuruoti rinkoje. \u012esigyti e. komercijos sprendimai leis s\u0117kmingai prad\u0117ti interaktyv\u0173 paslaug\u0173 pardavimo proces\u0173 vykdym\u0105, pad\u0117s automatizuoti \u012fmon\u0117s pardavimus ir padidins \u012fmon\u0117s gaunamas pajamas.<\/p>\n\n\n\n<p>Tikimasi, kad projekto veikl\u0173 rezultatas leis padidinti \u012fmon\u0117s pajam\u0173 rodiklio augim\u0105.<\/p>\n\n\n\n<p>Projektas finansuojamas i\u0161 Europos regionin\u0117s pl\u0117tros fondo.<\/p>\n\n\n\n<p>Projekto \u012fgyvendinimo laikotarpis: 2022 m. vasario 28 d. \u2013 2023 m. vasario 27 d.<\/p>\n<\/div>\n<\/div>\n\n\n\n<p><\/p>","protected":false},"excerpt":{"rendered":"<p>E. komercijos sprendim\u0173 \u012fdiegimas \u012f UAB \u201eSveika energija\u201c veikl\u0105 UAB \u201eSveika energija\u201c yra inovatyvi maisto produkt\u0173 gamybos ir pardavimo srityje veikianti \u012fmon\u0117, kuri s\u0117kmingai \u012fgyvendina projekt\u0105 \u201eE. komercijos sprendim\u0173 \u012fdiegimas \u012f UAB \u201eSveika energija\u201c veikl\u0105\u201c (13.1.1-LVPA-K-860-01-1427, toliau &#8211; Projektas), pagal priemon\u0119 Nr. 13.1.1-LVPA-K-860 \u201eE. komercijos modelis COVID-19\u201c. Projektu ,,E. komercijos sprendim\u0173 \u012fdiegimas \u012f UAB \u201eSveika&#8230;<\/p>","protected":false},"author":1,"featured_media":0,"parent":0,"menu_order":0,"comment_status":"closed","ping_status":"closed","template":"","meta":{"footnotes":""},"class_list":["post-3178","page","type-page","status-publish","hentry"],"yoast_head":"<!-- This site is optimized with the Yoast SEO plugin v27.5 - https:\/\/yoast.com\/product\/yoast-seo-wordpress\/ -->\n<title>ES Projektai | Healthy Choice<\/title>\n<meta name=\"robots\" content=\"index, follow, max-snippet:-1, max-image-preview:large, max-video-preview:-1\" \/>\n<link rel=\"canonical\" href=\"https:\/\/www.healthychoice.lt\/ru\/es-projektai\/\" \/>\n<meta property=\"og:locale\" content=\"ru_RU\" \/>\n<meta property=\"og:type\" content=\"article\" \/>\n<meta property=\"og:title\" content=\"ES Projektai | Healthy Choice\" \/>\n<meta property=\"og:description\" content=\"E. komercijos sprendim\u0173 \u012fdiegimas \u012f UAB \u201eSveika energija\u201c veikl\u0105 UAB \u201eSveika energija\u201c yra inovatyvi maisto produkt\u0173 gamybos ir pardavimo srityje veikianti \u012fmon\u0117, kuri s\u0117kmingai \u012fgyvendina projekt\u0105 \u201eE. komercijos sprendim\u0173 \u012fdiegimas \u012f UAB \u201eSveika energija\u201c veikl\u0105\u201c (13.1.1-LVPA-K-860-01-1427, toliau &#8211; Projektas), pagal priemon\u0119 Nr. 13.1.1-LVPA-K-860 \u201eE. komercijos modelis COVID-19\u201c. Projektu ,,E. komercijos sprendim\u0173 \u012fdiegimas \u012f UAB \u201eSveika...\" \/>\n<meta property=\"og:url\" content=\"https:\/\/www.healthychoice.lt\/ru\/es-projektai\/\" \/>\n<meta property=\"og:site_name\" content=\"Healthy Choice\" \/>\n<meta property=\"article:publisher\" content=\"https:\/\/www.facebook.com\/healthychoice.world\/\" \/>\n<meta property=\"article:modified_time\" content=\"2022-03-13T23:53:34+00:00\" \/>\n<meta property=\"og:image\" content=\"https:\/\/www.healthychoice.lt\/wp-content\/uploads\/2022\/03\/ES-projektai.jpg\" \/>\n\t<meta property=\"og:image:width\" content=\"606\" \/>\n\t<meta property=\"og:image:height\" content=\"303\" \/>\n\t<meta property=\"og:image:type\" content=\"image\/jpeg\" \/>\n<meta name=\"twitter:card\" content=\"summary_large_image\" \/>\n<meta name=\"twitter:label1\" content=\"\u041f\u0440\u0438\u043c\u0435\u0440\u043d\u043e\u0435 \u0432\u0440\u0435\u043c\u044f \u0434\u043b\u044f \u0447\u0442\u0435\u043d\u0438\u044f\" \/>\n\t<meta name=\"twitter:data1\" content=\"2 \u043c\u0438\u043d\u0443\u0442\u044b\" \/>\n<script type=\"application\/ld+json\" class=\"yoast-schema-graph\">{\"@context\":\"https:\\\/\\\/schema.org\",\"@graph\":[{\"@type\":\"WebPage\",\"@id\":\"https:\\\/\\\/www.healthychoice.lt\\\/en\\\/es-projektai\\\/\",\"url\":\"https:\\\/\\\/www.healthychoice.lt\\\/en\\\/es-projektai\\\/\",\"name\":\"ES Projektai | Healthy Choice\",\"isPartOf\":{\"@id\":\"https:\\\/\\\/www.healthychoice.lt\\\/es\\\/#website\"},\"primaryImageOfPage\":{\"@id\":\"https:\\\/\\\/www.healthychoice.lt\\\/en\\\/es-projektai\\\/#primaryimage\"},\"image\":{\"@id\":\"https:\\\/\\\/www.healthychoice.lt\\\/en\\\/es-projektai\\\/#primaryimage\"},\"thumbnailUrl\":\"https:\\\/\\\/www.healthychoice.lt\\\/wp-content\\\/uploads\\\/2022\\\/03\\\/ES-projektai.jpg\",\"datePublished\":\"2022-03-13T23:50:44+00:00\",\"dateModified\":\"2022-03-13T23:53:34+00:00\",\"breadcrumb\":{\"@id\":\"https:\\\/\\\/www.healthychoice.lt\\\/en\\\/es-projektai\\\/#breadcrumb\"},\"inLanguage\":\"ru-RU\",\"potentialAction\":[{\"@type\":\"ReadAction\",\"target\":[\"https:\\\/\\\/www.healthychoice.lt\\\/en\\\/es-projektai\\\/\"]}]},{\"@type\":\"ImageObject\",\"inLanguage\":\"ru-RU\",\"@id\":\"https:\\\/\\\/www.healthychoice.lt\\\/en\\\/es-projektai\\\/#primaryimage\",\"url\":\"https:\\\/\\\/www.healthychoice.lt\\\/wp-content\\\/uploads\\\/2022\\\/03\\\/ES-projektai.jpg\",\"contentUrl\":\"https:\\\/\\\/www.healthychoice.lt\\\/wp-content\\\/uploads\\\/2022\\\/03\\\/ES-projektai.jpg\"},{\"@type\":\"BreadcrumbList\",\"@id\":\"https:\\\/\\\/www.healthychoice.lt\\\/en\\\/es-projektai\\\/#breadcrumb\",\"itemListElement\":[{\"@type\":\"ListItem\",\"position\":1,\"name\":\"Home\",\"item\":\"https:\\\/\\\/www.healthychoice.lt\\\/\"},{\"@type\":\"ListItem\",\"position\":2,\"name\":\"ES Projektai\"}]},{\"@type\":\"WebSite\",\"@id\":\"https:\\\/\\\/www.healthychoice.lt\\\/es\\\/#website\",\"url\":\"https:\\\/\\\/www.healthychoice.lt\\\/es\\\/\",\"name\":\"Healthy Choice\",\"description\":\"Mityba, kuria gali pasitik\u0117ti!\",\"alternateName\":\"Healthychoice\",\"potentialAction\":[{\"@type\":\"SearchAction\",\"target\":{\"@type\":\"EntryPoint\",\"urlTemplate\":\"https:\\\/\\\/www.healthychoice.lt\\\/es\\\/?s={search_term_string}\"},\"query-input\":{\"@type\":\"PropertyValueSpecification\",\"valueRequired\":true,\"valueName\":\"search_term_string\"}}],\"inLanguage\":\"ru-RU\"}]}<\/script>\n<!-- \/ Yoast SEO plugin. -->","yoast_head_json":{"title":"ES Projektai | Healthy Choice","robots":{"index":"index","follow":"follow","max-snippet":"max-snippet:-1","max-image-preview":"max-image-preview:large","max-video-preview":"max-video-preview:-1"},"canonical":"https:\/\/www.healthychoice.lt\/ru\/es-projektai\/","og_locale":"ru_RU","og_type":"article","og_title":"ES Projektai | Healthy Choice","og_description":"E. komercijos sprendim\u0173 \u012fdiegimas \u012f UAB \u201eSveika energija\u201c veikl\u0105 UAB \u201eSveika energija\u201c yra inovatyvi maisto produkt\u0173 gamybos ir pardavimo srityje veikianti \u012fmon\u0117, kuri s\u0117kmingai \u012fgyvendina projekt\u0105 \u201eE. komercijos sprendim\u0173 \u012fdiegimas \u012f UAB \u201eSveika energija\u201c veikl\u0105\u201c (13.1.1-LVPA-K-860-01-1427, toliau &#8211; Projektas), pagal priemon\u0119 Nr. 13.1.1-LVPA-K-860 \u201eE. komercijos modelis COVID-19\u201c. Projektu ,,E. komercijos sprendim\u0173 \u012fdiegimas \u012f UAB \u201eSveika...","og_url":"https:\/\/www.healthychoice.lt\/ru\/es-projektai\/","og_site_name":"Healthy Choice","article_publisher":"https:\/\/www.facebook.com\/healthychoice.world\/","article_modified_time":"2022-03-13T23:53:34+00:00","og_image":[{"width":606,"height":303,"url":"https:\/\/www.healthychoice.lt\/wp-content\/uploads\/2022\/03\/ES-projektai.jpg","type":"image\/jpeg"}],"twitter_card":"summary_large_image","twitter_misc":{"\u041f\u0440\u0438\u043c\u0435\u0440\u043d\u043e\u0435 \u0432\u0440\u0435\u043c\u044f \u0434\u043b\u044f \u0447\u0442\u0435\u043d\u0438\u044f":"2 \u043c\u0438\u043d\u0443\u0442\u044b"},"schema":{"@context":"https:\/\/schema.org","@graph":[{"@type":"WebPage","@id":"https:\/\/www.healthychoice.lt\/en\/es-projektai\/","url":"https:\/\/www.healthychoice.lt\/en\/es-projektai\/","name":"ES Projektai | Healthy Choice","isPartOf":{"@id":"https:\/\/www.healthychoice.lt\/es\/#website"},"primaryImageOfPage":{"@id":"https:\/\/www.healthychoice.lt\/en\/es-projektai\/#primaryimage"},"image":{"@id":"https:\/\/www.healthychoice.lt\/en\/es-projektai\/#primaryimage"},"thumbnailUrl":"https:\/\/www.healthychoice.lt\/wp-content\/uploads\/2022\/03\/ES-projektai.jpg","datePublished":"2022-03-13T23:50:44+00:00","dateModified":"2022-03-13T23:53:34+00:00","breadcrumb":{"@id":"https:\/\/www.healthychoice.lt\/en\/es-projektai\/#breadcrumb"},"inLanguage":"ru-RU","potentialAction":[{"@type":"ReadAction","target":["https:\/\/www.healthychoice.lt\/en\/es-projektai\/"]}]},{"@type":"ImageObject","inLanguage":"ru-RU","@id":"https:\/\/www.healthychoice.lt\/en\/es-projektai\/#primaryimage","url":"https:\/\/www.healthychoice.lt\/wp-content\/uploads\/2022\/03\/ES-projektai.jpg","contentUrl":"https:\/\/www.healthychoice.lt\/wp-content\/uploads\/2022\/03\/ES-projektai.jpg"},{"@type":"BreadcrumbList","@id":"https:\/\/www.healthychoice.lt\/en\/es-projektai\/#breadcrumb","itemListElement":[{"@type":"ListItem","position":1,"name":"Home","item":"https:\/\/www.healthychoice.lt\/"},{"@type":"ListItem","position":2,"name":"ES Projektai"}]},{"@type":"WebSite","@id":"https:\/\/www.healthychoice.lt\/es\/#website","url":"https:\/\/www.healthychoice.lt\/es\/","name":"Healthy Choice","description":"Mityba, kuria gali pasitik\u0117ti!","alternateName":"Healthychoice","potentialAction":[{"@type":"SearchAction","target":{"@type":"EntryPoint","urlTemplate":"https:\/\/www.healthychoice.lt\/es\/?s={search_term_string}"},"query-input":{"@type":"PropertyValueSpecification","valueRequired":true,"valueName":"search_term_string"}}],"inLanguage":"ru-RU"}]}},"_links":{"self":[{"href":"https:\/\/www.healthychoice.lt\/ru\/wp-json\/wp\/v2\/pages\/3178","targetHints":{"allow":["GET"]}}],"collection":[{"href":"https:\/\/www.healthychoice.lt\/ru\/wp-json\/wp\/v2\/pages"}],"about":[{"href":"https:\/\/www.healthychoice.lt\/ru\/wp-json\/wp\/v2\/types\/page"}],"author":[{"embeddable":true,"href":"https:\/\/www.healthychoice.lt\/ru\/wp-json\/wp\/v2\/users\/1"}],"replies":[{"embeddable":true,"href":"https:\/\/www.healthychoice.lt\/ru\/wp-json\/wp\/v2\/comments?post=3178"}],"version-history":[{"count":0,"href":"https:\/\/www.healthychoice.lt\/ru\/wp-json\/wp\/v2\/pages\/3178\/revisions"}],"wp:attachment":[{"href":"https:\/\/www.healthychoice.lt\/ru\/wp-json\/wp\/v2\/media?parent=3178"}],"curies":[{"name":"wp","href":"https:\/\/api.w.org\/{rel}","templated":true}]}}