{"id":959,"date":"2022-01-16T16:00:53","date_gmt":"2022-01-16T14:00:53","guid":{"rendered":"https:\/\/www.healthychoice.lt\/?post_type=product&#038;p=959"},"modified":"2026-04-26T13:22:00","modified_gmt":"2026-04-26T10:22:00","slug":"zemes-riesutu-uztepas-su-gabaliukais-1kg","status":"publish","type":"product","link":"https:\/\/www.healthychoice.lt\/pl\/produktai\/zemes-riesutu-uztepas-su-gabaliukais-1kg\/","title":{"rendered":"Pasta orzechowa z kawa\u0142kami orzech\u00f3w, 1 kg"},"content":{"rendered":"<h2 style=\"text-align: center;\">Informacje na temat pasty orzechowej HEALTHY CHOICE<\/h2>\n<p>&nbsp;<\/p>\n<p>Pasta orzechowa <strong>\"ZDROWY WYB\u00d3R\"<\/strong> to najwy\u017cszej jako\u015bci bia\u0142ko ro\u015blinne. Jest to \u015bwietnie smakuj\u0105cy, wysokiej jako\u015bci produkt wytwarzany z naturalnych surowc\u00f3w bez u\u017cycia sztucznych aromat\u00f3w, wzmacniaczy smaku, t\u0142uszcz\u00f3w, syntetycznych dodatk\u00f3w i barwnik\u00f3w.<\/p>\n<p>Jest wytwarzany z najlepszych orzeszk\u00f3w ziemnych, bogatych w WITAMINY i MINERA\u0141Y, takie jak s\u00f3d, wap\u0144, magnez, potas. Uzyskuje si\u0119 go poprzez pra\u017cenie orzeszk\u00f3w ziemnych wraz z \u0142upinami, a nast\u0119pnie kruszenie orzech\u00f3w w celu uzyskania wspania\u0142ego chrupi\u0105cego smaku, zachowuj\u0105c w ten spos\u00f3b niezmienion\u0105 struktur\u0119 bia\u0142ka i t\u0142uszczu.<\/p>\n<p>B\u0142onnik zapewnia p\u0142ynn\u0105 prac\u0119 jelit i zapewnia uczucie syto\u015bci, kt\u00f3re zmniejsza apetyt na niepotrzebne przek\u0105ski i s\u0142odycze.<\/p>\n<p>&nbsp;<\/p>\n<p><strong>G\u0142\u00f3wne zalety HEALTHY CHOICE - 100% Peanut Spread:<\/strong><\/p>\n<ul>\n<li>Wykonane z orzeszk\u00f3w ziemnych 100%;<\/li>\n<li>Nie zawiera dodatku cukru, soli ani olej\u00f3w;<\/li>\n<li>Nie zawiera substancji s\u0142odz\u0105cych, barwnik\u00f3w ani dodatk\u00f3w smakowych;<\/li>\n<li>Bez syntetycznych dodatk\u00f3w i konserwant\u00f3w;<\/li>\n<li>Zachowana wysoka warto\u015b\u0107 biologiczna;<\/li>\n<li>Poprawia og\u00f3ln\u0105 wydajno\u015b\u0107;<\/li>\n<li>Doskona\u0142y kompleks nienasyconych kwas\u00f3w t\u0142uszczowych:\n<ul>\n<li>zawiera t\u0142uszcze jednonienasycone;<\/li>\n<li>zawiera t\u0142uszcze wielonienasycone;<\/li>\n<li>w tym niezb\u0119dne linolowe i alfa-linolenowe kwasy t\u0142uszczowe (NNKT)<\/li>\n<\/ul>\n<\/li>\n<li>Zawiera kwasy t\u0142uszczowe Omega-6, kt\u00f3re s\u0105 niezb\u0119dne do utrzymania funkcji m\u00f3zgu i serca oraz prawid\u0142owego wzrostu i rozwoju;<\/li>\n<li>Zawiera witaminy i minera\u0142y: s\u00f3d, wap\u0144, magnez, potas;<\/li>\n<li>Pomaga zachowa\u0107 mas\u0119 mi\u0119\u015bniow\u0105;<\/li>\n<li>Odpowiedni dla sportowc\u00f3w;<\/li>\n<li>Odpowiedni dla dzieci i kobiet w ci\u0105\u017cy;<\/li>\n<li>Odpowiedni dla wegetarian i wegan;<\/li>\n<li>Wyprodukowano na Litwie;<\/li>\n<\/ul>\n<p>&nbsp;<\/p>","protected":false},"excerpt":{"rendered":"<p>Healthy Choice Peanut Spread jest dost\u0119pny w dw\u00f3ch konsystencjach, kremowej i chunky, z wysokiej jako\u015bci bia\u0142kiem ro\u015blinnym, t\u0142uszczami nienasyconymi, b\u0142onnikiem i w\u0119glowodanami. Opracowany z wysok\u0105 warto\u015bci\u0105 biologiczn\u0105 (BV). Jest to wysokiej jako\u015bci produkt odpowiedni do spo\u017cywania kilka razy dziennie.<\/p>","protected":false},"featured_media":6057,"template":"","meta":[],"product_brand":[],"product_cat":[52,101,31],"product_tag":[53,29,24,61,30],"class_list":{"0":"post-959","1":"product","2":"type-product","3":"status-publish","4":"has-post-thumbnail","6":"product_cat-akcijos","7":"product_cat-riesutu-produktai","8":"product_cat-top","9":"product_tag-exportui","10":"product_tag-kovo3","11":"product_tag-paprasti-produktai","12":"product_tag-riesutu-produktai","13":"product_tag-top","15":"first","16":"instock","17":"sale","18":"taxable","19":"shipping-taxable","20":"purchasable","21":"product-type-simple"},"yoast_head":"<!-- This site is optimized with the Yoast SEO plugin v27.5 - https:\/\/yoast.com\/product\/yoast-seo-wordpress\/ -->\n<title>\u017dem\u0117s rie\u0161ut\u0173 u\u017etepas su gabaliukais, 1kg| Healthy Choice<\/title>\n<meta name=\"robots\" content=\"index, follow, max-snippet:-1, max-image-preview:large, max-video-preview:-1\" \/>\n<link rel=\"canonical\" href=\"https:\/\/www.healthychoice.lt\/pl\/produktai\/zemes-riesutu-uztepas-su-gabaliukais-1kg\/\" \/>\n<meta property=\"og:locale\" content=\"pl_PL\" \/>\n<meta property=\"og:type\" content=\"article\" \/>\n<meta property=\"og:title\" content=\"\u017dem\u0117s rie\u0161ut\u0173 u\u017etepas su gabaliukais, 1kg| Healthy Choice\" \/>\n<meta property=\"og:description\" content=\"\u017dem\u0117s rie\u0161ut\u0173 u\u017etepas \u201eHealthy Choice\u201c yra dviej\u0173 konsistencij\u0173, kremo ir gabaliukais, auk\u0161tos kokyb\u0117s augaliniai baltymai, nesotieji riebalai, skaidulos ir angliavandeniai. Sukurtas i\u0161saugant auk\u0161t\u0105 biologin\u0119 vert\u0119 (BV). Tai kokybi\u0161kas produktas, tinkamas vartoti kelet\u0105 kart\u0173 per dien\u0105.\" \/>\n<meta property=\"og:url\" content=\"https:\/\/www.healthychoice.lt\/pl\/produktai\/zemes-riesutu-uztepas-su-gabaliukais-1kg\/\" \/>\n<meta property=\"og:site_name\" content=\"Healthy Choice\" \/>\n<meta property=\"article:publisher\" content=\"https:\/\/www.facebook.com\/healthychoice.world\/\" \/>\n<meta property=\"article:modified_time\" content=\"2026-04-26T10:22:00+00:00\" \/>\n<meta property=\"og:image\" content=\"https:\/\/www.healthychoice.lt\/wp-content\/uploads\/2023\/06\/Zemes-riesutu-uztepas-1kg-min.jpg\" \/>\n\t<meta property=\"og:image:width\" content=\"1024\" \/>\n\t<meta property=\"og:image:height\" content=\"1024\" \/>\n\t<meta property=\"og:image:type\" content=\"image\/jpeg\" \/>\n<meta name=\"twitter:card\" content=\"summary_large_image\" \/>\n<meta name=\"twitter:label1\" content=\"Szacowany czas czytania\" \/>\n\t<meta name=\"twitter:data1\" content=\"1 minuta\" \/>\n<script type=\"application\/ld+json\" class=\"yoast-schema-graph\">{\"@context\":\"https:\\\/\\\/schema.org\",\"@graph\":[{\"@type\":\"WebPage\",\"@id\":\"https:\\\/\\\/www.healthychoice.lt\\\/produktai\\\/zemes-riesutu-uztepas-su-gabaliukais-1kg\\\/\",\"url\":\"https:\\\/\\\/www.healthychoice.lt\\\/produktai\\\/zemes-riesutu-uztepas-su-gabaliukais-1kg\\\/\",\"name\":\"\u017dem\u0117s rie\u0161ut\u0173 u\u017etepas su gabaliukais, 1kg| Healthy Choice\",\"isPartOf\":{\"@id\":\"https:\\\/\\\/www.healthychoice.lt\\\/es\\\/#website\"},\"primaryImageOfPage\":{\"@id\":\"https:\\\/\\\/www.healthychoice.lt\\\/produktai\\\/zemes-riesutu-uztepas-su-gabaliukais-1kg\\\/#primaryimage\"},\"image\":{\"@id\":\"https:\\\/\\\/www.healthychoice.lt\\\/produktai\\\/zemes-riesutu-uztepas-su-gabaliukais-1kg\\\/#primaryimage\"},\"thumbnailUrl\":\"https:\\\/\\\/www.healthychoice.lt\\\/wp-content\\\/uploads\\\/2023\\\/06\\\/Zemes-riesutu-uztepas-1kg-min.jpg\",\"datePublished\":\"2022-01-16T14:00:53+00:00\",\"dateModified\":\"2026-04-26T10:22:00+00:00\",\"breadcrumb\":{\"@id\":\"https:\\\/\\\/www.healthychoice.lt\\\/produktai\\\/zemes-riesutu-uztepas-su-gabaliukais-1kg\\\/#breadcrumb\"},\"inLanguage\":\"pl-PL\",\"potentialAction\":[{\"@type\":\"ReadAction\",\"target\":[\"https:\\\/\\\/www.healthychoice.lt\\\/produktai\\\/zemes-riesutu-uztepas-su-gabaliukais-1kg\\\/\"]}]},{\"@type\":\"ImageObject\",\"inLanguage\":\"pl-PL\",\"@id\":\"https:\\\/\\\/www.healthychoice.lt\\\/produktai\\\/zemes-riesutu-uztepas-su-gabaliukais-1kg\\\/#primaryimage\",\"url\":\"https:\\\/\\\/www.healthychoice.lt\\\/wp-content\\\/uploads\\\/2023\\\/06\\\/Zemes-riesutu-uztepas-1kg-min.jpg\",\"contentUrl\":\"https:\\\/\\\/www.healthychoice.lt\\\/wp-content\\\/uploads\\\/2023\\\/06\\\/Zemes-riesutu-uztepas-1kg-min.jpg\",\"width\":1024,\"height\":1024},{\"@type\":\"BreadcrumbList\",\"@id\":\"https:\\\/\\\/www.healthychoice.lt\\\/produktai\\\/zemes-riesutu-uztepas-su-gabaliukais-1kg\\\/#breadcrumb\",\"itemListElement\":[{\"@type\":\"ListItem\",\"position\":1,\"name\":\"Home\",\"item\":\"https:\\\/\\\/www.healthychoice.lt\\\/\"},{\"@type\":\"ListItem\",\"position\":2,\"name\":\"Produktai\",\"item\":\"https:\\\/\\\/www.healthychoice.lt\\\/es\\\/produktai\\\/\"},{\"@type\":\"ListItem\",\"position\":3,\"name\":\"\u017dem\u0117s rie\u0161ut\u0173 u\u017etepas su gabaliukais, 1kg\"}]},{\"@type\":\"WebSite\",\"@id\":\"https:\\\/\\\/www.healthychoice.lt\\\/es\\\/#website\",\"url\":\"https:\\\/\\\/www.healthychoice.lt\\\/es\\\/\",\"name\":\"Healthy Choice\",\"description\":\"Mityba, kuria gali pasitik\u0117ti!\",\"alternateName\":\"Healthychoice\",\"potentialAction\":[{\"@type\":\"SearchAction\",\"target\":{\"@type\":\"EntryPoint\",\"urlTemplate\":\"https:\\\/\\\/www.healthychoice.lt\\\/es\\\/?s={search_term_string}\"},\"query-input\":{\"@type\":\"PropertyValueSpecification\",\"valueRequired\":true,\"valueName\":\"search_term_string\"}}],\"inLanguage\":\"pl-PL\"}]}<\/script>\n<!-- \/ Yoast SEO plugin. -->","yoast_head_json":{"title":"\u017dem\u0117s rie\u0161ut\u0173 u\u017etepas su gabaliukais, 1kg| Healthy Choice","robots":{"index":"index","follow":"follow","max-snippet":"max-snippet:-1","max-image-preview":"max-image-preview:large","max-video-preview":"max-video-preview:-1"},"canonical":"https:\/\/www.healthychoice.lt\/pl\/produktai\/zemes-riesutu-uztepas-su-gabaliukais-1kg\/","og_locale":"pl_PL","og_type":"article","og_title":"\u017dem\u0117s rie\u0161ut\u0173 u\u017etepas su gabaliukais, 1kg| Healthy Choice","og_description":"\u017dem\u0117s rie\u0161ut\u0173 u\u017etepas \u201eHealthy Choice\u201c yra dviej\u0173 konsistencij\u0173, kremo ir gabaliukais, auk\u0161tos kokyb\u0117s augaliniai baltymai, nesotieji riebalai, skaidulos ir angliavandeniai. Sukurtas i\u0161saugant auk\u0161t\u0105 biologin\u0119 vert\u0119 (BV). Tai kokybi\u0161kas produktas, tinkamas vartoti kelet\u0105 kart\u0173 per dien\u0105.","og_url":"https:\/\/www.healthychoice.lt\/pl\/produktai\/zemes-riesutu-uztepas-su-gabaliukais-1kg\/","og_site_name":"Healthy Choice","article_publisher":"https:\/\/www.facebook.com\/healthychoice.world\/","article_modified_time":"2026-04-26T10:22:00+00:00","og_image":[{"width":1024,"height":1024,"url":"https:\/\/www.healthychoice.lt\/wp-content\/uploads\/2023\/06\/Zemes-riesutu-uztepas-1kg-min.jpg","type":"image\/jpeg"}],"twitter_card":"summary_large_image","twitter_misc":{"Szacowany czas czytania":"1 minuta"},"schema":{"@context":"https:\/\/schema.org","@graph":[{"@type":"WebPage","@id":"https:\/\/www.healthychoice.lt\/produktai\/zemes-riesutu-uztepas-su-gabaliukais-1kg\/","url":"https:\/\/www.healthychoice.lt\/produktai\/zemes-riesutu-uztepas-su-gabaliukais-1kg\/","name":"\u017dem\u0117s rie\u0161ut\u0173 u\u017etepas su gabaliukais, 1kg| Healthy Choice","isPartOf":{"@id":"https:\/\/www.healthychoice.lt\/es\/#website"},"primaryImageOfPage":{"@id":"https:\/\/www.healthychoice.lt\/produktai\/zemes-riesutu-uztepas-su-gabaliukais-1kg\/#primaryimage"},"image":{"@id":"https:\/\/www.healthychoice.lt\/produktai\/zemes-riesutu-uztepas-su-gabaliukais-1kg\/#primaryimage"},"thumbnailUrl":"https:\/\/www.healthychoice.lt\/wp-content\/uploads\/2023\/06\/Zemes-riesutu-uztepas-1kg-min.jpg","datePublished":"2022-01-16T14:00:53+00:00","dateModified":"2026-04-26T10:22:00+00:00","breadcrumb":{"@id":"https:\/\/www.healthychoice.lt\/produktai\/zemes-riesutu-uztepas-su-gabaliukais-1kg\/#breadcrumb"},"inLanguage":"pl-PL","potentialAction":[{"@type":"ReadAction","target":["https:\/\/www.healthychoice.lt\/produktai\/zemes-riesutu-uztepas-su-gabaliukais-1kg\/"]}]},{"@type":"ImageObject","inLanguage":"pl-PL","@id":"https:\/\/www.healthychoice.lt\/produktai\/zemes-riesutu-uztepas-su-gabaliukais-1kg\/#primaryimage","url":"https:\/\/www.healthychoice.lt\/wp-content\/uploads\/2023\/06\/Zemes-riesutu-uztepas-1kg-min.jpg","contentUrl":"https:\/\/www.healthychoice.lt\/wp-content\/uploads\/2023\/06\/Zemes-riesutu-uztepas-1kg-min.jpg","width":1024,"height":1024},{"@type":"BreadcrumbList","@id":"https:\/\/www.healthychoice.lt\/produktai\/zemes-riesutu-uztepas-su-gabaliukais-1kg\/#breadcrumb","itemListElement":[{"@type":"ListItem","position":1,"name":"Home","item":"https:\/\/www.healthychoice.lt\/"},{"@type":"ListItem","position":2,"name":"Produktai","item":"https:\/\/www.healthychoice.lt\/es\/produktai\/"},{"@type":"ListItem","position":3,"name":"\u017dem\u0117s rie\u0161ut\u0173 u\u017etepas su gabaliukais, 1kg"}]},{"@type":"WebSite","@id":"https:\/\/www.healthychoice.lt\/es\/#website","url":"https:\/\/www.healthychoice.lt\/es\/","name":"Healthy Choice","description":"Dieta, kt\u00f3rej mo\u017cesz zaufa\u0107!","alternateName":"Healthychoice","potentialAction":[{"@type":"SearchAction","target":{"@type":"EntryPoint","urlTemplate":"https:\/\/www.healthychoice.lt\/es\/?s={search_term_string}"},"query-input":{"@type":"PropertyValueSpecification","valueRequired":true,"valueName":"search_term_string"}}],"inLanguage":"pl-PL"}]}},"_links":{"self":[{"href":"https:\/\/www.healthychoice.lt\/pl\/wp-json\/wp\/v2\/product\/959","targetHints":{"allow":["GET"]}}],"collection":[{"href":"https:\/\/www.healthychoice.lt\/pl\/wp-json\/wp\/v2\/product"}],"about":[{"href":"https:\/\/www.healthychoice.lt\/pl\/wp-json\/wp\/v2\/types\/product"}],"wp:featuredmedia":[{"embeddable":true,"href":"https:\/\/www.healthychoice.lt\/pl\/wp-json\/wp\/v2\/media\/6057"}],"wp:attachment":[{"href":"https:\/\/www.healthychoice.lt\/pl\/wp-json\/wp\/v2\/media?parent=959"}],"wp:term":[{"taxonomy":"product_brand","embeddable":true,"href":"https:\/\/www.healthychoice.lt\/pl\/wp-json\/wp\/v2\/product_brand?post=959"},{"taxonomy":"product_cat","embeddable":true,"href":"https:\/\/www.healthychoice.lt\/pl\/wp-json\/wp\/v2\/product_cat?post=959"},{"taxonomy":"product_tag","embeddable":true,"href":"https:\/\/www.healthychoice.lt\/pl\/wp-json\/wp\/v2\/product_tag?post=959"}],"curies":[{"name":"wp","href":"https:\/\/api.w.org\/{rel}","templated":true}]}}