{"id":9393,"date":"2021-12-30T13:57:07","date_gmt":"2021-12-30T11:57:07","guid":{"rendered":"https:\/\/www.healthychoice.lt\/?post_type=product&#038;p=9393"},"modified":"2025-08-21T18:48:42","modified_gmt":"2025-08-21T15:48:42","slug":"perkant-l-karnitina-l-triptofanas-melatoninas-dovanu","status":"publish","type":"product","link":"https:\/\/www.healthychoice.lt\/pl\/produktai\/perkant-l-karnitina-l-triptofanas-melatoninas-dovanu\/","title":{"rendered":"Perkant L-Karnitin\u0105 &#8211;  Melatoninas DOVAN\u0172!"},"content":{"rendered":"<p><strong>L-KARNITYNA SMAK POMARA\u0143CZOWY<\/strong><\/p>\n<p>Zawarto\u015b\u0107 netto 1000 ml<\/p>\n<p>L-karnityna jest zwi\u0105zkiem witaminowo-aminokwasowym por\u00f3wnywalnym do witamin z grupy B. Dzia\u0142a jako no\u015bnik kwas\u00f3w t\u0142uszczowych do mitochondrium. L-karnityna dzia\u0142a jako pomoc w szybszym spalaniu t\u0142uszczu i naturalnej utracie wagi. Ostatnie badania wykaza\u0142y r\u00f3wnie\u017c, \u017ce L-karnityna pomaga zmniejszy\u0107 zm\u0119czenie, zwi\u0119kszy\u0107 mas\u0119 cia\u0142a i mas\u0119 mi\u0119\u015bniow\u0105, ustabilizowa\u0107 poziom cukru we krwi, a jednocze\u015bnie zmniejszy\u0107 zapotrzebowanie na w\u0119glowodany. Karnityna pomaga zmobilizowa\u0107 rezerwy t\u0142uszczu, szczeg\u00f3lnie u os\u00f3b z nadwag\u0105.<\/p>\n<p>L-karnityna ma pyszny pomara\u0144czowy smak, jest wolna od syntetycznych barwnik\u00f3w i wzmacniaczy smaku, a tak\u017ce zawiera wszystkie niezb\u0119dne sk\u0142adniki, kt\u00f3re maj\u0105 pozytywny wp\u0142yw na ludzki organizm. Co najwa\u017cniejsze, ta L-karnityna jest w postaci p\u0142ynnej, wi\u0119c b\u0119dzie wch\u0142aniana przez organizm znacznie szybciej i \u0142atwiej. Suplement ten jest niezwykle bogaty w karnityn\u0119, z 1667 mg na porcj\u0119 (25 ml) i 6668 mg na 100 ml.<\/p>\n<p class=\"western\" align=\"JUSTIFY\"><strong>Melatonina + Tryptofan + B6 120 tabletek<\/strong><\/p>\n<p>Suplement diety<\/p>\n<p>Melatonina pomaga skr\u00f3ci\u0107 czas potrzebny do za\u015bni\u0119cia. L-tryptofan jest aminokwasem niezb\u0119dnym do produkcji bia\u0142ek bior\u0105cych udzia\u0142 w syntezie melatoniny i serotoniny. Witamina B6 pomaga w utrzymaniu prawid\u0142owego metabolizmu energetycznego, prawid\u0142owego funkcjonowania uk\u0142adu nerwowego, prawid\u0142owego metabolizmu homocysteiny oraz prawid\u0142owego metabolizmu bia\u0142ka i glikogenu.<\/p>\n<p>120 tabletek<br \/>\nWaga netto: 32,4 g<\/p>","protected":false},"excerpt":{"rendered":"<p>Rinkinys: L-Karnitinas + Melatoninas<\/p>","protected":false},"featured_media":9394,"template":"","meta":[],"product_brand":[],"product_cat":[52,99,28],"product_tag":[32],"class_list":{"0":"post-9393","1":"product","2":"type-product","3":"status-publish","4":"has-post-thumbnail","6":"product_cat-akcijos","7":"product_cat-l-karnitinas","8":"product_cat-rinkiniai","9":"product_tag-dovana","11":"first","12":"instock","13":"taxable","14":"shipping-taxable","15":"purchasable","16":"product-type-simple"},"yoast_head":"<!-- This site is optimized with the Yoast SEO plugin v27.5 - https:\/\/yoast.com\/product\/yoast-seo-wordpress\/ -->\n<title>Perkant L-Karnitin\u0105 - Melatoninas DOVAN\u0172!| Healthy Choice<\/title>\n<meta name=\"robots\" content=\"index, follow, max-snippet:-1, max-image-preview:large, max-video-preview:-1\" \/>\n<link rel=\"canonical\" href=\"https:\/\/www.healthychoice.lt\/pl\/produktai\/perkant-l-karnitina-l-triptofanas-melatoninas-dovanu\/\" \/>\n<meta property=\"og:locale\" content=\"pl_PL\" \/>\n<meta property=\"og:type\" content=\"article\" \/>\n<meta property=\"og:title\" content=\"Perkant L-Karnitin\u0105 - Melatoninas DOVAN\u0172!| Healthy Choice\" \/>\n<meta property=\"og:description\" content=\"Rinkinys: L-Karnitinas + Melatoninas\" \/>\n<meta property=\"og:url\" content=\"https:\/\/www.healthychoice.lt\/pl\/produktai\/perkant-l-karnitina-l-triptofanas-melatoninas-dovanu\/\" \/>\n<meta property=\"og:site_name\" content=\"Healthy Choice\" \/>\n<meta property=\"article:publisher\" content=\"https:\/\/www.facebook.com\/healthychoice.world\/\" \/>\n<meta property=\"article:modified_time\" content=\"2025-08-21T15:48:42+00:00\" \/>\n<meta property=\"og:image\" content=\"https:\/\/www.healthychoice.lt\/wp-content\/uploads\/2025\/01\/lightX.png\" \/>\n\t<meta property=\"og:image:width\" content=\"1024\" \/>\n\t<meta property=\"og:image:height\" content=\"1024\" \/>\n\t<meta property=\"og:image:type\" content=\"image\/png\" \/>\n<meta name=\"twitter:card\" content=\"summary_large_image\" \/>\n<meta name=\"twitter:label1\" content=\"Szacowany czas czytania\" \/>\n\t<meta name=\"twitter:data1\" content=\"1 minuta\" \/>\n<script type=\"application\/ld+json\" class=\"yoast-schema-graph\">{\"@context\":\"https:\\\/\\\/schema.org\",\"@graph\":[{\"@type\":\"WebPage\",\"@id\":\"https:\\\/\\\/www.healthychoice.lt\\\/produktai\\\/perkant-l-karnitina-l-triptofanas-melatoninas-dovanu\\\/\",\"url\":\"https:\\\/\\\/www.healthychoice.lt\\\/produktai\\\/perkant-l-karnitina-l-triptofanas-melatoninas-dovanu\\\/\",\"name\":\"Perkant L-Karnitin\u0105 - Melatoninas DOVAN\u0172!| Healthy Choice\",\"isPartOf\":{\"@id\":\"https:\\\/\\\/www.healthychoice.lt\\\/es\\\/#website\"},\"primaryImageOfPage\":{\"@id\":\"https:\\\/\\\/www.healthychoice.lt\\\/produktai\\\/perkant-l-karnitina-l-triptofanas-melatoninas-dovanu\\\/#primaryimage\"},\"image\":{\"@id\":\"https:\\\/\\\/www.healthychoice.lt\\\/produktai\\\/perkant-l-karnitina-l-triptofanas-melatoninas-dovanu\\\/#primaryimage\"},\"thumbnailUrl\":\"https:\\\/\\\/www.healthychoice.lt\\\/wp-content\\\/uploads\\\/2025\\\/01\\\/lightX.png\",\"datePublished\":\"2021-12-30T11:57:07+00:00\",\"dateModified\":\"2025-08-21T15:48:42+00:00\",\"breadcrumb\":{\"@id\":\"https:\\\/\\\/www.healthychoice.lt\\\/produktai\\\/perkant-l-karnitina-l-triptofanas-melatoninas-dovanu\\\/#breadcrumb\"},\"inLanguage\":\"pl-PL\",\"potentialAction\":[{\"@type\":\"ReadAction\",\"target\":[\"https:\\\/\\\/www.healthychoice.lt\\\/produktai\\\/perkant-l-karnitina-l-triptofanas-melatoninas-dovanu\\\/\"]}]},{\"@type\":\"ImageObject\",\"inLanguage\":\"pl-PL\",\"@id\":\"https:\\\/\\\/www.healthychoice.lt\\\/produktai\\\/perkant-l-karnitina-l-triptofanas-melatoninas-dovanu\\\/#primaryimage\",\"url\":\"https:\\\/\\\/www.healthychoice.lt\\\/wp-content\\\/uploads\\\/2025\\\/01\\\/lightX.png\",\"contentUrl\":\"https:\\\/\\\/www.healthychoice.lt\\\/wp-content\\\/uploads\\\/2025\\\/01\\\/lightX.png\",\"width\":1024,\"height\":1024},{\"@type\":\"BreadcrumbList\",\"@id\":\"https:\\\/\\\/www.healthychoice.lt\\\/produktai\\\/perkant-l-karnitina-l-triptofanas-melatoninas-dovanu\\\/#breadcrumb\",\"itemListElement\":[{\"@type\":\"ListItem\",\"position\":1,\"name\":\"Home\",\"item\":\"https:\\\/\\\/www.healthychoice.lt\\\/\"},{\"@type\":\"ListItem\",\"position\":2,\"name\":\"Produktai\",\"item\":\"https:\\\/\\\/www.healthychoice.lt\\\/es\\\/produktai\\\/\"},{\"@type\":\"ListItem\",\"position\":3,\"name\":\"Perkant L-Karnitin\u0105 &#8211; Melatoninas DOVAN\u0172!\"}]},{\"@type\":\"WebSite\",\"@id\":\"https:\\\/\\\/www.healthychoice.lt\\\/es\\\/#website\",\"url\":\"https:\\\/\\\/www.healthychoice.lt\\\/es\\\/\",\"name\":\"Healthy Choice\",\"description\":\"Mityba, kuria gali pasitik\u0117ti!\",\"alternateName\":\"Healthychoice\",\"potentialAction\":[{\"@type\":\"SearchAction\",\"target\":{\"@type\":\"EntryPoint\",\"urlTemplate\":\"https:\\\/\\\/www.healthychoice.lt\\\/es\\\/?s={search_term_string}\"},\"query-input\":{\"@type\":\"PropertyValueSpecification\",\"valueRequired\":true,\"valueName\":\"search_term_string\"}}],\"inLanguage\":\"pl-PL\"}]}<\/script>\n<!-- \/ Yoast SEO plugin. -->","yoast_head_json":{"title":"Perkant L-Karnitin\u0105 - Melatoninas DOVAN\u0172!| Healthy Choice","robots":{"index":"index","follow":"follow","max-snippet":"max-snippet:-1","max-image-preview":"max-image-preview:large","max-video-preview":"max-video-preview:-1"},"canonical":"https:\/\/www.healthychoice.lt\/pl\/produktai\/perkant-l-karnitina-l-triptofanas-melatoninas-dovanu\/","og_locale":"pl_PL","og_type":"article","og_title":"Perkant L-Karnitin\u0105 - Melatoninas DOVAN\u0172!| Healthy Choice","og_description":"Rinkinys: L-Karnitinas + Melatoninas","og_url":"https:\/\/www.healthychoice.lt\/pl\/produktai\/perkant-l-karnitina-l-triptofanas-melatoninas-dovanu\/","og_site_name":"Healthy Choice","article_publisher":"https:\/\/www.facebook.com\/healthychoice.world\/","article_modified_time":"2025-08-21T15:48:42+00:00","og_image":[{"width":1024,"height":1024,"url":"https:\/\/www.healthychoice.lt\/wp-content\/uploads\/2025\/01\/lightX.png","type":"image\/png"}],"twitter_card":"summary_large_image","twitter_misc":{"Szacowany czas czytania":"1 minuta"},"schema":{"@context":"https:\/\/schema.org","@graph":[{"@type":"WebPage","@id":"https:\/\/www.healthychoice.lt\/produktai\/perkant-l-karnitina-l-triptofanas-melatoninas-dovanu\/","url":"https:\/\/www.healthychoice.lt\/produktai\/perkant-l-karnitina-l-triptofanas-melatoninas-dovanu\/","name":"Perkant L-Karnitin\u0105 - Melatoninas DOVAN\u0172!| Healthy Choice","isPartOf":{"@id":"https:\/\/www.healthychoice.lt\/es\/#website"},"primaryImageOfPage":{"@id":"https:\/\/www.healthychoice.lt\/produktai\/perkant-l-karnitina-l-triptofanas-melatoninas-dovanu\/#primaryimage"},"image":{"@id":"https:\/\/www.healthychoice.lt\/produktai\/perkant-l-karnitina-l-triptofanas-melatoninas-dovanu\/#primaryimage"},"thumbnailUrl":"https:\/\/www.healthychoice.lt\/wp-content\/uploads\/2025\/01\/lightX.png","datePublished":"2021-12-30T11:57:07+00:00","dateModified":"2025-08-21T15:48:42+00:00","breadcrumb":{"@id":"https:\/\/www.healthychoice.lt\/produktai\/perkant-l-karnitina-l-triptofanas-melatoninas-dovanu\/#breadcrumb"},"inLanguage":"pl-PL","potentialAction":[{"@type":"ReadAction","target":["https:\/\/www.healthychoice.lt\/produktai\/perkant-l-karnitina-l-triptofanas-melatoninas-dovanu\/"]}]},{"@type":"ImageObject","inLanguage":"pl-PL","@id":"https:\/\/www.healthychoice.lt\/produktai\/perkant-l-karnitina-l-triptofanas-melatoninas-dovanu\/#primaryimage","url":"https:\/\/www.healthychoice.lt\/wp-content\/uploads\/2025\/01\/lightX.png","contentUrl":"https:\/\/www.healthychoice.lt\/wp-content\/uploads\/2025\/01\/lightX.png","width":1024,"height":1024},{"@type":"BreadcrumbList","@id":"https:\/\/www.healthychoice.lt\/produktai\/perkant-l-karnitina-l-triptofanas-melatoninas-dovanu\/#breadcrumb","itemListElement":[{"@type":"ListItem","position":1,"name":"Home","item":"https:\/\/www.healthychoice.lt\/"},{"@type":"ListItem","position":2,"name":"Produktai","item":"https:\/\/www.healthychoice.lt\/es\/produktai\/"},{"@type":"ListItem","position":3,"name":"Perkant L-Karnitin\u0105 &#8211; Melatoninas DOVAN\u0172!"}]},{"@type":"WebSite","@id":"https:\/\/www.healthychoice.lt\/es\/#website","url":"https:\/\/www.healthychoice.lt\/es\/","name":"Healthy Choice","description":"Dieta, kt\u00f3rej mo\u017cesz zaufa\u0107!","alternateName":"Healthychoice","potentialAction":[{"@type":"SearchAction","target":{"@type":"EntryPoint","urlTemplate":"https:\/\/www.healthychoice.lt\/es\/?s={search_term_string}"},"query-input":{"@type":"PropertyValueSpecification","valueRequired":true,"valueName":"search_term_string"}}],"inLanguage":"pl-PL"}]}},"_links":{"self":[{"href":"https:\/\/www.healthychoice.lt\/pl\/wp-json\/wp\/v2\/product\/9393","targetHints":{"allow":["GET"]}}],"collection":[{"href":"https:\/\/www.healthychoice.lt\/pl\/wp-json\/wp\/v2\/product"}],"about":[{"href":"https:\/\/www.healthychoice.lt\/pl\/wp-json\/wp\/v2\/types\/product"}],"wp:featuredmedia":[{"embeddable":true,"href":"https:\/\/www.healthychoice.lt\/pl\/wp-json\/wp\/v2\/media\/9394"}],"wp:attachment":[{"href":"https:\/\/www.healthychoice.lt\/pl\/wp-json\/wp\/v2\/media?parent=9393"}],"wp:term":[{"taxonomy":"product_brand","embeddable":true,"href":"https:\/\/www.healthychoice.lt\/pl\/wp-json\/wp\/v2\/product_brand?post=9393"},{"taxonomy":"product_cat","embeddable":true,"href":"https:\/\/www.healthychoice.lt\/pl\/wp-json\/wp\/v2\/product_cat?post=9393"},{"taxonomy":"product_tag","embeddable":true,"href":"https:\/\/www.healthychoice.lt\/pl\/wp-json\/wp\/v2\/product_tag?post=9393"}],"curies":[{"name":"wp","href":"https:\/\/api.w.org\/{rel}","templated":true}]}}