{"id":9252,"date":"2020-01-10T10:00:59","date_gmt":"2020-01-10T08:00:59","guid":{"rendered":"https:\/\/www.healthychoice.lt\/?post_type=product&#038;p=9252"},"modified":"2026-04-30T19:06:56","modified_gmt":"2026-04-30T16:06:56","slug":"pradedantiems-sportuoti","status":"publish","type":"product","link":"https:\/\/www.healthychoice.lt\/pl\/produktai\/pradedantiems-sportuoti\/","title":{"rendered":",,Pradedantiems sportuoti\u201d rinkinys"},"content":{"rendered":"<blockquote class=\"wp-embedded-content\" data-secret=\"bzWx4Itt5m\"><p><a href=\"https:\/\/www.healthychoice.lt\/pl\/produktai\/bcaa-juoduju-serbentu-skonio-400g\/\">BCAA o smaku czarnej porzeczki, 400 g.<\/a><\/p><\/blockquote>\n<p><iframe loading=\"lazy\" class=\"wp-embedded-content\" sandbox=\"allow-scripts\" security=\"restricted\" style=\"position: absolute; visibility: hidden;\" title=\"&#8220;BCAA juod\u0173j\u0173 serbent\u0173 skonio, 400gr.&#8221; &#8212; Healthy Choice\" src=\"https:\/\/www.healthychoice.lt\/produktai\/bcaa-juoduju-serbentu-skonio-400g\/embed\/#?secret=wQaFfNAREt#?secret=bzWx4Itt5m\" data-secret=\"bzWx4Itt5m\" width=\"600\" height=\"338\" frameborder=\"0\" marginwidth=\"0\" marginheight=\"0\" scrolling=\"no\"><\/iframe><\/p>\n<blockquote class=\"wp-embedded-content\" data-secret=\"xMwApe77V8\"><p><a href=\"https:\/\/www.healthychoice.lt\/pl\/produktai\/tirpus-isrugu-baltymas-healthy-choice\/\">100% Koncentrat bia\u0142ka serwatkowego, 1 kg<\/a><\/p><\/blockquote>\n<p><iframe loading=\"lazy\" class=\"wp-embedded-content\" sandbox=\"allow-scripts\" security=\"restricted\" style=\"position: absolute; visibility: hidden;\" title=\"&#8220;100% i\u0161r\u016bg\u0173 baltym\u0173 koncentratas, 1kg&#8221; &#8212; Healthy Choice\" src=\"https:\/\/www.healthychoice.lt\/produktai\/tirpus-isrugu-baltymas-healthy-choice\/embed\/#?secret=11TmiQzlcE#?secret=xMwApe77V8\" data-secret=\"xMwApe77V8\" width=\"600\" height=\"338\" frameborder=\"0\" marginwidth=\"0\" marginheight=\"0\" scrolling=\"no\"><\/iframe><\/p>\n<blockquote class=\"wp-embedded-content\" data-secret=\"qCrQGnTohW\"><p><a href=\"https:\/\/www.healthychoice.lt\/pl\/produktai\/zemes-riesutu-uztepas-su-gabaliukais-250gr\/\">Pasta orzechowa z kawa\u0142kami orzech\u00f3w, 250g<\/a><\/p><\/blockquote>\n<p><iframe loading=\"lazy\" class=\"wp-embedded-content\" sandbox=\"allow-scripts\" security=\"restricted\" style=\"position: absolute; visibility: hidden;\" title=\"&#8220;\u017dem\u0117s rie\u0161ut\u0173 u\u017etepas su gabaliukais, 250g&#8221; &#8212; Healthy Choice\" src=\"https:\/\/www.healthychoice.lt\/produktai\/zemes-riesutu-uztepas-su-gabaliukais-250gr\/embed\/#?secret=DEAWCHJE4i#?secret=qCrQGnTohW\" data-secret=\"qCrQGnTohW\" width=\"600\" height=\"338\" frameborder=\"0\" marginwidth=\"0\" marginheight=\"0\" scrolling=\"no\"><\/iframe><\/p>\n<blockquote class=\"wp-embedded-content\" data-secret=\"66Ek6tPvIx\"><p><a href=\"https:\/\/www.healthychoice.lt\/pl\/produktai\/healthy-choice-plaktuve-gertuve-700ml-2-variantas\/\">\"Blender\/dzbanek Healthy Choice, 600 ml<\/a><\/p><\/blockquote>\n<p><iframe loading=\"lazy\" class=\"wp-embedded-content\" sandbox=\"allow-scripts\" security=\"restricted\" style=\"position: absolute; visibility: hidden;\" title=\"&#8220;&#8222;Healthy Choice&#8221; plaktuv\u0117\/gertuv\u0117, 600ml&#8221; &#8212; Healthy Choice\" src=\"https:\/\/www.healthychoice.lt\/produktai\/healthy-choice-plaktuve-gertuve-700ml-2-variantas\/embed\/#?secret=0j8ayoCG0b#?secret=66Ek6tPvIx\" data-secret=\"66Ek6tPvIx\" width=\"600\" height=\"338\" frameborder=\"0\" marginwidth=\"0\" marginheight=\"0\" scrolling=\"no\"><\/iframe><\/p>\n<blockquote class=\"wp-embedded-content\" data-secret=\"yJnRikK1EG\"><p><a href=\"https:\/\/www.healthychoice.lt\/pl\/produktai\/multivitaminai-ir-mineralai-117g\/\">Multiwitaminy i minera\u0142y Healthy Choice 90 tabletek.<\/a><\/p><\/blockquote>\n<p><iframe loading=\"lazy\" class=\"wp-embedded-content\" sandbox=\"allow-scripts\" security=\"restricted\" style=\"position: absolute; visibility: hidden;\" title=\"&#8220;Multivitaminai ir mineralai \u201eHealthy Choice\u201c 90 table\u010di\u0173.&#8221; &#8212; Healthy Choice\" src=\"https:\/\/www.healthychoice.lt\/produktai\/multivitaminai-ir-mineralai-117g\/embed\/#?secret=VdfEJQfSjK#?secret=yJnRikK1EG\" data-secret=\"yJnRikK1EG\" width=\"600\" height=\"338\" frameborder=\"0\" marginwidth=\"0\" marginheight=\"0\" scrolling=\"no\"><\/iframe><\/p>\n<p>&nbsp;<\/p>","protected":false},"excerpt":{"rendered":"<p>BCAA juod\u0173j\u0173 serbent\u0173 skonio, 400gr. 100% i\u0161r\u016bg\u0173 baltym\u0173 koncentratas, 1kg \u017dem\u0117s rie\u0161ut\u0173 u\u017etepas su gabaliukais, 250g &#8222;Healthy Choice&#8221; plaktuv\u0117\/gertuv\u0117, 600ml Multivitaminai ir mineralai \u201eHealthy Choice\u201c 90 table\u010di\u0173. &nbsp;<\/p>","protected":false},"featured_media":9882,"template":"","meta":[],"product_brand":[],"product_cat":[52,101],"product_tag":[],"class_list":{"0":"post-9252","1":"product","2":"type-product","3":"status-publish","4":"has-post-thumbnail","6":"product_cat-akcijos","7":"product_cat-riesutu-produktai","9":"first","10":"instock","11":"sale","12":"taxable","13":"shipping-taxable","14":"purchasable","15":"product-type-simple"},"yoast_head":"<!-- This site is optimized with the Yoast SEO plugin v27.5 - https:\/\/yoast.com\/product\/yoast-seo-wordpress\/ -->\n<title>,,Pradedantiems sportuoti\u201d rinkinys| Healthy Choice<\/title>\n<meta name=\"robots\" content=\"index, follow, max-snippet:-1, max-image-preview:large, max-video-preview:-1\" \/>\n<link rel=\"canonical\" href=\"https:\/\/www.healthychoice.lt\/pl\/produktai\/pradedantiems-sportuoti\/\" \/>\n<meta property=\"og:locale\" content=\"pl_PL\" \/>\n<meta property=\"og:type\" content=\"article\" \/>\n<meta property=\"og:title\" content=\",,Pradedantiems sportuoti\u201d rinkinys| Healthy Choice\" \/>\n<meta property=\"og:description\" content=\"BCAA juod\u0173j\u0173 serbent\u0173 skonio, 400gr. 100% i\u0161r\u016bg\u0173 baltym\u0173 koncentratas, 1kg \u017dem\u0117s rie\u0161ut\u0173 u\u017etepas su gabaliukais, 250g &#8222;Healthy Choice&#8221; plaktuv\u0117\/gertuv\u0117, 600ml Multivitaminai ir mineralai \u201eHealthy Choice\u201c 90 table\u010di\u0173. &nbsp;\" \/>\n<meta property=\"og:url\" content=\"https:\/\/www.healthychoice.lt\/pl\/produktai\/pradedantiems-sportuoti\/\" \/>\n<meta property=\"og:site_name\" content=\"Healthy Choice\" \/>\n<meta property=\"article:publisher\" content=\"https:\/\/www.facebook.com\/healthychoice.world\/\" \/>\n<meta property=\"article:modified_time\" content=\"2026-04-30T16:06:56+00:00\" \/>\n<meta property=\"og:image\" content=\"https:\/\/www.healthychoice.lt\/wp-content\/uploads\/2024\/12\/sdqwe.png\" \/>\n\t<meta property=\"og:image:width\" content=\"1024\" \/>\n\t<meta property=\"og:image:height\" content=\"1024\" \/>\n\t<meta property=\"og:image:type\" content=\"image\/png\" \/>\n<meta name=\"twitter:card\" content=\"summary_large_image\" \/>\n<script type=\"application\/ld+json\" class=\"yoast-schema-graph\">{\"@context\":\"https:\\\/\\\/schema.org\",\"@graph\":[{\"@type\":\"WebPage\",\"@id\":\"https:\\\/\\\/www.healthychoice.lt\\\/produktai\\\/pradedantiems-sportuoti\\\/\",\"url\":\"https:\\\/\\\/www.healthychoice.lt\\\/produktai\\\/pradedantiems-sportuoti\\\/\",\"name\":\",,Pradedantiems sportuoti\u201d rinkinys| Healthy Choice\",\"isPartOf\":{\"@id\":\"https:\\\/\\\/www.healthychoice.lt\\\/es\\\/#website\"},\"primaryImageOfPage\":{\"@id\":\"https:\\\/\\\/www.healthychoice.lt\\\/produktai\\\/pradedantiems-sportuoti\\\/#primaryimage\"},\"image\":{\"@id\":\"https:\\\/\\\/www.healthychoice.lt\\\/produktai\\\/pradedantiems-sportuoti\\\/#primaryimage\"},\"thumbnailUrl\":\"https:\\\/\\\/www.healthychoice.lt\\\/wp-content\\\/uploads\\\/2024\\\/12\\\/sdqwe.png\",\"datePublished\":\"2020-01-10T08:00:59+00:00\",\"dateModified\":\"2026-04-30T16:06:56+00:00\",\"breadcrumb\":{\"@id\":\"https:\\\/\\\/www.healthychoice.lt\\\/produktai\\\/pradedantiems-sportuoti\\\/#breadcrumb\"},\"inLanguage\":\"pl-PL\",\"potentialAction\":[{\"@type\":\"ReadAction\",\"target\":[\"https:\\\/\\\/www.healthychoice.lt\\\/produktai\\\/pradedantiems-sportuoti\\\/\"]}]},{\"@type\":\"ImageObject\",\"inLanguage\":\"pl-PL\",\"@id\":\"https:\\\/\\\/www.healthychoice.lt\\\/produktai\\\/pradedantiems-sportuoti\\\/#primaryimage\",\"url\":\"https:\\\/\\\/www.healthychoice.lt\\\/wp-content\\\/uploads\\\/2024\\\/12\\\/sdqwe.png\",\"contentUrl\":\"https:\\\/\\\/www.healthychoice.lt\\\/wp-content\\\/uploads\\\/2024\\\/12\\\/sdqwe.png\",\"width\":1024,\"height\":1024},{\"@type\":\"BreadcrumbList\",\"@id\":\"https:\\\/\\\/www.healthychoice.lt\\\/produktai\\\/pradedantiems-sportuoti\\\/#breadcrumb\",\"itemListElement\":[{\"@type\":\"ListItem\",\"position\":1,\"name\":\"Home\",\"item\":\"https:\\\/\\\/www.healthychoice.lt\\\/\"},{\"@type\":\"ListItem\",\"position\":2,\"name\":\"Produktai\",\"item\":\"https:\\\/\\\/www.healthychoice.lt\\\/es\\\/produktai\\\/\"},{\"@type\":\"ListItem\",\"position\":3,\"name\":\",,Pradedantiems sportuoti\u201d rinkinys\"}]},{\"@type\":\"WebSite\",\"@id\":\"https:\\\/\\\/www.healthychoice.lt\\\/es\\\/#website\",\"url\":\"https:\\\/\\\/www.healthychoice.lt\\\/es\\\/\",\"name\":\"Healthy Choice\",\"description\":\"Mityba, kuria gali pasitik\u0117ti!\",\"alternateName\":\"Healthychoice\",\"potentialAction\":[{\"@type\":\"SearchAction\",\"target\":{\"@type\":\"EntryPoint\",\"urlTemplate\":\"https:\\\/\\\/www.healthychoice.lt\\\/es\\\/?s={search_term_string}\"},\"query-input\":{\"@type\":\"PropertyValueSpecification\",\"valueRequired\":true,\"valueName\":\"search_term_string\"}}],\"inLanguage\":\"pl-PL\"}]}<\/script>\n<!-- \/ Yoast SEO plugin. -->","yoast_head_json":{"title":",,Pradedantiems sportuoti\u201d rinkinys| Healthy Choice","robots":{"index":"index","follow":"follow","max-snippet":"max-snippet:-1","max-image-preview":"max-image-preview:large","max-video-preview":"max-video-preview:-1"},"canonical":"https:\/\/www.healthychoice.lt\/pl\/produktai\/pradedantiems-sportuoti\/","og_locale":"pl_PL","og_type":"article","og_title":",,Pradedantiems sportuoti\u201d rinkinys| Healthy Choice","og_description":"BCAA juod\u0173j\u0173 serbent\u0173 skonio, 400gr. 100% i\u0161r\u016bg\u0173 baltym\u0173 koncentratas, 1kg \u017dem\u0117s rie\u0161ut\u0173 u\u017etepas su gabaliukais, 250g &#8222;Healthy Choice&#8221; plaktuv\u0117\/gertuv\u0117, 600ml Multivitaminai ir mineralai \u201eHealthy Choice\u201c 90 table\u010di\u0173. &nbsp;","og_url":"https:\/\/www.healthychoice.lt\/pl\/produktai\/pradedantiems-sportuoti\/","og_site_name":"Healthy Choice","article_publisher":"https:\/\/www.facebook.com\/healthychoice.world\/","article_modified_time":"2026-04-30T16:06:56+00:00","og_image":[{"width":1024,"height":1024,"url":"https:\/\/www.healthychoice.lt\/wp-content\/uploads\/2024\/12\/sdqwe.png","type":"image\/png"}],"twitter_card":"summary_large_image","schema":{"@context":"https:\/\/schema.org","@graph":[{"@type":"WebPage","@id":"https:\/\/www.healthychoice.lt\/produktai\/pradedantiems-sportuoti\/","url":"https:\/\/www.healthychoice.lt\/produktai\/pradedantiems-sportuoti\/","name":",,Pradedantiems sportuoti\u201d rinkinys| Healthy Choice","isPartOf":{"@id":"https:\/\/www.healthychoice.lt\/es\/#website"},"primaryImageOfPage":{"@id":"https:\/\/www.healthychoice.lt\/produktai\/pradedantiems-sportuoti\/#primaryimage"},"image":{"@id":"https:\/\/www.healthychoice.lt\/produktai\/pradedantiems-sportuoti\/#primaryimage"},"thumbnailUrl":"https:\/\/www.healthychoice.lt\/wp-content\/uploads\/2024\/12\/sdqwe.png","datePublished":"2020-01-10T08:00:59+00:00","dateModified":"2026-04-30T16:06:56+00:00","breadcrumb":{"@id":"https:\/\/www.healthychoice.lt\/produktai\/pradedantiems-sportuoti\/#breadcrumb"},"inLanguage":"pl-PL","potentialAction":[{"@type":"ReadAction","target":["https:\/\/www.healthychoice.lt\/produktai\/pradedantiems-sportuoti\/"]}]},{"@type":"ImageObject","inLanguage":"pl-PL","@id":"https:\/\/www.healthychoice.lt\/produktai\/pradedantiems-sportuoti\/#primaryimage","url":"https:\/\/www.healthychoice.lt\/wp-content\/uploads\/2024\/12\/sdqwe.png","contentUrl":"https:\/\/www.healthychoice.lt\/wp-content\/uploads\/2024\/12\/sdqwe.png","width":1024,"height":1024},{"@type":"BreadcrumbList","@id":"https:\/\/www.healthychoice.lt\/produktai\/pradedantiems-sportuoti\/#breadcrumb","itemListElement":[{"@type":"ListItem","position":1,"name":"Home","item":"https:\/\/www.healthychoice.lt\/"},{"@type":"ListItem","position":2,"name":"Produktai","item":"https:\/\/www.healthychoice.lt\/es\/produktai\/"},{"@type":"ListItem","position":3,"name":",,Pradedantiems sportuoti\u201d rinkinys"}]},{"@type":"WebSite","@id":"https:\/\/www.healthychoice.lt\/es\/#website","url":"https:\/\/www.healthychoice.lt\/es\/","name":"Healthy Choice","description":"Dieta, kt\u00f3rej mo\u017cesz zaufa\u0107!","alternateName":"Healthychoice","potentialAction":[{"@type":"SearchAction","target":{"@type":"EntryPoint","urlTemplate":"https:\/\/www.healthychoice.lt\/es\/?s={search_term_string}"},"query-input":{"@type":"PropertyValueSpecification","valueRequired":true,"valueName":"search_term_string"}}],"inLanguage":"pl-PL"}]}},"_links":{"self":[{"href":"https:\/\/www.healthychoice.lt\/pl\/wp-json\/wp\/v2\/product\/9252","targetHints":{"allow":["GET"]}}],"collection":[{"href":"https:\/\/www.healthychoice.lt\/pl\/wp-json\/wp\/v2\/product"}],"about":[{"href":"https:\/\/www.healthychoice.lt\/pl\/wp-json\/wp\/v2\/types\/product"}],"wp:featuredmedia":[{"embeddable":true,"href":"https:\/\/www.healthychoice.lt\/pl\/wp-json\/wp\/v2\/media\/9882"}],"wp:attachment":[{"href":"https:\/\/www.healthychoice.lt\/pl\/wp-json\/wp\/v2\/media?parent=9252"}],"wp:term":[{"taxonomy":"product_brand","embeddable":true,"href":"https:\/\/www.healthychoice.lt\/pl\/wp-json\/wp\/v2\/product_brand?post=9252"},{"taxonomy":"product_cat","embeddable":true,"href":"https:\/\/www.healthychoice.lt\/pl\/wp-json\/wp\/v2\/product_cat?post=9252"},{"taxonomy":"product_tag","embeddable":true,"href":"https:\/\/www.healthychoice.lt\/pl\/wp-json\/wp\/v2\/product_tag?post=9252"}],"curies":[{"name":"wp","href":"https:\/\/api.w.org\/{rel}","templated":true}]}}