{"id":9248,"date":"2020-01-10T10:00:09","date_gmt":"2020-01-10T08:00:09","guid":{"rendered":"https:\/\/www.healthychoice.lt\/?post_type=product&#038;p=9248"},"modified":"2026-04-30T19:08:27","modified_gmt":"2026-04-30T16:08:27","slug":"svorio-mazinimui-rinkinys","status":"publish","type":"product","link":"https:\/\/www.healthychoice.lt\/pl\/produktai\/svorio-mazinimui-rinkinys\/","title":{"rendered":",,Svorio ma\u017einimui\u201d rinkinys"},"content":{"rendered":"<blockquote class=\"wp-embedded-content\" data-secret=\"bLPYUfEjer\"><p><a href=\"https:\/\/www.healthychoice.lt\/pl\/produktai\/isrugu-baltymu-izoliatas\/\">100% Izolat bia\u0142ka serwatkowego, 1 kg<\/a><\/p><\/blockquote>\n<p><iframe loading=\"lazy\" class=\"wp-embedded-content\" sandbox=\"allow-scripts\" security=\"restricted\" style=\"position: absolute; visibility: hidden;\" title=\"&#8220;100% i\u0161r\u016bg\u0173 baltym\u0173 izoliatas, 1kg&#8221; &#8212; Healthy Choice\" src=\"https:\/\/www.healthychoice.lt\/produktai\/isrugu-baltymu-izoliatas\/embed\/#?secret=xCEDzOL3om#?secret=bLPYUfEjer\" data-secret=\"bLPYUfEjer\" width=\"600\" height=\"338\" frameborder=\"0\" marginwidth=\"0\" marginheight=\"0\" scrolling=\"no\"><\/iframe><\/p>\n<blockquote class=\"wp-embedded-content\" data-secret=\"GQJRXufwrf\"><p><a href=\"https:\/\/www.healthychoice.lt\/pl\/produktai\/zemes-riesutu-uztepas\/\">Krem do smarowania z orzeszk\u00f3w ziemnych, 1 kg<\/a><\/p><\/blockquote>\n<p><iframe loading=\"lazy\" class=\"wp-embedded-content\" sandbox=\"allow-scripts\" security=\"restricted\" style=\"position: absolute; visibility: hidden;\" title=\"&#8220;\u017dem\u0117s rie\u0161ut\u0173 u\u017etepas kremas, 1kg&#8221; &#8212; Healthy Choice\" src=\"https:\/\/www.healthychoice.lt\/produktai\/zemes-riesutu-uztepas\/embed\/#?secret=j9xQHgr9d1#?secret=GQJRXufwrf\" data-secret=\"GQJRXufwrf\" width=\"600\" height=\"338\" frameborder=\"0\" marginwidth=\"0\" marginheight=\"0\" scrolling=\"no\"><\/iframe><\/p>\n<blockquote class=\"wp-embedded-content\" data-secret=\"lqsARFSSNA\"><p><a href=\"https:\/\/www.healthychoice.lt\/pl\/produktai\/l-karnitinas\/\">L-Karnitinas riebal\u0173 degintojas, apelsin\u0173 skonio, 1000ml<\/a><\/p><\/blockquote>\n<p><iframe loading=\"lazy\" class=\"wp-embedded-content\" sandbox=\"allow-scripts\" security=\"restricted\" style=\"position: absolute; visibility: hidden;\" title=\"&#8220;L-Karnitinas riebal\u0173 degintojas, apelsin\u0173 skonio, 1000ml&#8221; &#8212; Healthy Choice\" src=\"https:\/\/www.healthychoice.lt\/produktai\/l-karnitinas\/embed\/#?secret=40YpVQGKt2#?secret=lqsARFSSNA\" data-secret=\"lqsARFSSNA\" width=\"600\" height=\"338\" frameborder=\"0\" marginwidth=\"0\" marginheight=\"0\" scrolling=\"no\"><\/iframe><\/p>","protected":false},"excerpt":{"rendered":"<p>100% i\u0161r\u016bg\u0173 baltym\u0173 izoliatas, 1kg \u017dem\u0117s rie\u0161ut\u0173 u\u017etepas kremas, 1kg L-Karnitinas riebal\u0173 degintojas, apelsin\u0173 skonio, 1000ml<\/p>","protected":false},"featured_media":9249,"template":"","meta":[],"product_brand":[],"product_cat":[52,99,101],"product_tag":[],"class_list":{"0":"post-9248","1":"product","2":"type-product","3":"status-publish","4":"has-post-thumbnail","6":"product_cat-akcijos","7":"product_cat-l-karnitinas","8":"product_cat-riesutu-produktai","10":"first","11":"instock","12":"sale","13":"taxable","14":"shipping-taxable","15":"purchasable","16":"product-type-simple"},"yoast_head":"<!-- This site is optimized with the Yoast SEO plugin v27.5 - https:\/\/yoast.com\/product\/yoast-seo-wordpress\/ -->\n<title>,,Svorio ma\u017einimui\u201d rinkinys| Healthy Choice<\/title>\n<meta name=\"robots\" content=\"index, follow, max-snippet:-1, max-image-preview:large, max-video-preview:-1\" \/>\n<link rel=\"canonical\" href=\"https:\/\/www.healthychoice.lt\/pl\/produktai\/svorio-mazinimui-rinkinys\/\" \/>\n<meta property=\"og:locale\" content=\"pl_PL\" \/>\n<meta property=\"og:type\" content=\"article\" \/>\n<meta property=\"og:title\" content=\",,Svorio ma\u017einimui\u201d rinkinys| Healthy Choice\" \/>\n<meta property=\"og:description\" content=\"100% i\u0161r\u016bg\u0173 baltym\u0173 izoliatas, 1kg \u017dem\u0117s rie\u0161ut\u0173 u\u017etepas kremas, 1kg L-Karnitinas riebal\u0173 degintojas, apelsin\u0173 skonio, 1000ml\" \/>\n<meta property=\"og:url\" content=\"https:\/\/www.healthychoice.lt\/pl\/produktai\/svorio-mazinimui-rinkinys\/\" \/>\n<meta property=\"og:site_name\" content=\"Healthy Choice\" \/>\n<meta property=\"article:publisher\" content=\"https:\/\/www.facebook.com\/healthychoice.world\/\" \/>\n<meta property=\"article:modified_time\" content=\"2026-04-30T16:08:27+00:00\" \/>\n<meta property=\"og:image\" content=\"https:\/\/www.healthychoice.lt\/wp-content\/uploads\/2024\/12\/lightX2-min.png\" \/>\n\t<meta property=\"og:image:width\" content=\"1024\" \/>\n\t<meta property=\"og:image:height\" content=\"1024\" \/>\n\t<meta property=\"og:image:type\" content=\"image\/png\" \/>\n<meta name=\"twitter:card\" content=\"summary_large_image\" \/>\n<script type=\"application\/ld+json\" class=\"yoast-schema-graph\">{\"@context\":\"https:\\\/\\\/schema.org\",\"@graph\":[{\"@type\":\"WebPage\",\"@id\":\"https:\\\/\\\/www.healthychoice.lt\\\/produktai\\\/svorio-mazinimui-rinkinys\\\/\",\"url\":\"https:\\\/\\\/www.healthychoice.lt\\\/produktai\\\/svorio-mazinimui-rinkinys\\\/\",\"name\":\",,Svorio ma\u017einimui\u201d rinkinys| Healthy Choice\",\"isPartOf\":{\"@id\":\"https:\\\/\\\/www.healthychoice.lt\\\/es\\\/#website\"},\"primaryImageOfPage\":{\"@id\":\"https:\\\/\\\/www.healthychoice.lt\\\/produktai\\\/svorio-mazinimui-rinkinys\\\/#primaryimage\"},\"image\":{\"@id\":\"https:\\\/\\\/www.healthychoice.lt\\\/produktai\\\/svorio-mazinimui-rinkinys\\\/#primaryimage\"},\"thumbnailUrl\":\"https:\\\/\\\/www.healthychoice.lt\\\/wp-content\\\/uploads\\\/2024\\\/12\\\/lightX2-min.png\",\"datePublished\":\"2020-01-10T08:00:09+00:00\",\"dateModified\":\"2026-04-30T16:08:27+00:00\",\"breadcrumb\":{\"@id\":\"https:\\\/\\\/www.healthychoice.lt\\\/produktai\\\/svorio-mazinimui-rinkinys\\\/#breadcrumb\"},\"inLanguage\":\"pl-PL\",\"potentialAction\":[{\"@type\":\"ReadAction\",\"target\":[\"https:\\\/\\\/www.healthychoice.lt\\\/produktai\\\/svorio-mazinimui-rinkinys\\\/\"]}]},{\"@type\":\"ImageObject\",\"inLanguage\":\"pl-PL\",\"@id\":\"https:\\\/\\\/www.healthychoice.lt\\\/produktai\\\/svorio-mazinimui-rinkinys\\\/#primaryimage\",\"url\":\"https:\\\/\\\/www.healthychoice.lt\\\/wp-content\\\/uploads\\\/2024\\\/12\\\/lightX2-min.png\",\"contentUrl\":\"https:\\\/\\\/www.healthychoice.lt\\\/wp-content\\\/uploads\\\/2024\\\/12\\\/lightX2-min.png\",\"width\":1024,\"height\":1024},{\"@type\":\"BreadcrumbList\",\"@id\":\"https:\\\/\\\/www.healthychoice.lt\\\/produktai\\\/svorio-mazinimui-rinkinys\\\/#breadcrumb\",\"itemListElement\":[{\"@type\":\"ListItem\",\"position\":1,\"name\":\"Home\",\"item\":\"https:\\\/\\\/www.healthychoice.lt\\\/\"},{\"@type\":\"ListItem\",\"position\":2,\"name\":\"Produktai\",\"item\":\"https:\\\/\\\/www.healthychoice.lt\\\/es\\\/produktai\\\/\"},{\"@type\":\"ListItem\",\"position\":3,\"name\":\",,Svorio ma\u017einimui\u201d rinkinys\"}]},{\"@type\":\"WebSite\",\"@id\":\"https:\\\/\\\/www.healthychoice.lt\\\/es\\\/#website\",\"url\":\"https:\\\/\\\/www.healthychoice.lt\\\/es\\\/\",\"name\":\"Healthy Choice\",\"description\":\"Mityba, kuria gali pasitik\u0117ti!\",\"alternateName\":\"Healthychoice\",\"potentialAction\":[{\"@type\":\"SearchAction\",\"target\":{\"@type\":\"EntryPoint\",\"urlTemplate\":\"https:\\\/\\\/www.healthychoice.lt\\\/es\\\/?s={search_term_string}\"},\"query-input\":{\"@type\":\"PropertyValueSpecification\",\"valueRequired\":true,\"valueName\":\"search_term_string\"}}],\"inLanguage\":\"pl-PL\"}]}<\/script>\n<!-- \/ Yoast SEO plugin. -->","yoast_head_json":{"title":",,Svorio ma\u017einimui\u201d rinkinys| Healthy Choice","robots":{"index":"index","follow":"follow","max-snippet":"max-snippet:-1","max-image-preview":"max-image-preview:large","max-video-preview":"max-video-preview:-1"},"canonical":"https:\/\/www.healthychoice.lt\/pl\/produktai\/svorio-mazinimui-rinkinys\/","og_locale":"pl_PL","og_type":"article","og_title":",,Svorio ma\u017einimui\u201d rinkinys| Healthy Choice","og_description":"100% i\u0161r\u016bg\u0173 baltym\u0173 izoliatas, 1kg \u017dem\u0117s rie\u0161ut\u0173 u\u017etepas kremas, 1kg L-Karnitinas riebal\u0173 degintojas, apelsin\u0173 skonio, 1000ml","og_url":"https:\/\/www.healthychoice.lt\/pl\/produktai\/svorio-mazinimui-rinkinys\/","og_site_name":"Healthy Choice","article_publisher":"https:\/\/www.facebook.com\/healthychoice.world\/","article_modified_time":"2026-04-30T16:08:27+00:00","og_image":[{"width":1024,"height":1024,"url":"https:\/\/www.healthychoice.lt\/wp-content\/uploads\/2024\/12\/lightX2-min.png","type":"image\/png"}],"twitter_card":"summary_large_image","schema":{"@context":"https:\/\/schema.org","@graph":[{"@type":"WebPage","@id":"https:\/\/www.healthychoice.lt\/produktai\/svorio-mazinimui-rinkinys\/","url":"https:\/\/www.healthychoice.lt\/produktai\/svorio-mazinimui-rinkinys\/","name":",,Svorio ma\u017einimui\u201d rinkinys| Healthy Choice","isPartOf":{"@id":"https:\/\/www.healthychoice.lt\/es\/#website"},"primaryImageOfPage":{"@id":"https:\/\/www.healthychoice.lt\/produktai\/svorio-mazinimui-rinkinys\/#primaryimage"},"image":{"@id":"https:\/\/www.healthychoice.lt\/produktai\/svorio-mazinimui-rinkinys\/#primaryimage"},"thumbnailUrl":"https:\/\/www.healthychoice.lt\/wp-content\/uploads\/2024\/12\/lightX2-min.png","datePublished":"2020-01-10T08:00:09+00:00","dateModified":"2026-04-30T16:08:27+00:00","breadcrumb":{"@id":"https:\/\/www.healthychoice.lt\/produktai\/svorio-mazinimui-rinkinys\/#breadcrumb"},"inLanguage":"pl-PL","potentialAction":[{"@type":"ReadAction","target":["https:\/\/www.healthychoice.lt\/produktai\/svorio-mazinimui-rinkinys\/"]}]},{"@type":"ImageObject","inLanguage":"pl-PL","@id":"https:\/\/www.healthychoice.lt\/produktai\/svorio-mazinimui-rinkinys\/#primaryimage","url":"https:\/\/www.healthychoice.lt\/wp-content\/uploads\/2024\/12\/lightX2-min.png","contentUrl":"https:\/\/www.healthychoice.lt\/wp-content\/uploads\/2024\/12\/lightX2-min.png","width":1024,"height":1024},{"@type":"BreadcrumbList","@id":"https:\/\/www.healthychoice.lt\/produktai\/svorio-mazinimui-rinkinys\/#breadcrumb","itemListElement":[{"@type":"ListItem","position":1,"name":"Home","item":"https:\/\/www.healthychoice.lt\/"},{"@type":"ListItem","position":2,"name":"Produktai","item":"https:\/\/www.healthychoice.lt\/es\/produktai\/"},{"@type":"ListItem","position":3,"name":",,Svorio ma\u017einimui\u201d rinkinys"}]},{"@type":"WebSite","@id":"https:\/\/www.healthychoice.lt\/es\/#website","url":"https:\/\/www.healthychoice.lt\/es\/","name":"Healthy Choice","description":"Dieta, kt\u00f3rej mo\u017cesz zaufa\u0107!","alternateName":"Healthychoice","potentialAction":[{"@type":"SearchAction","target":{"@type":"EntryPoint","urlTemplate":"https:\/\/www.healthychoice.lt\/es\/?s={search_term_string}"},"query-input":{"@type":"PropertyValueSpecification","valueRequired":true,"valueName":"search_term_string"}}],"inLanguage":"pl-PL"}]}},"_links":{"self":[{"href":"https:\/\/www.healthychoice.lt\/pl\/wp-json\/wp\/v2\/product\/9248","targetHints":{"allow":["GET"]}}],"collection":[{"href":"https:\/\/www.healthychoice.lt\/pl\/wp-json\/wp\/v2\/product"}],"about":[{"href":"https:\/\/www.healthychoice.lt\/pl\/wp-json\/wp\/v2\/types\/product"}],"wp:featuredmedia":[{"embeddable":true,"href":"https:\/\/www.healthychoice.lt\/pl\/wp-json\/wp\/v2\/media\/9249"}],"wp:attachment":[{"href":"https:\/\/www.healthychoice.lt\/pl\/wp-json\/wp\/v2\/media?parent=9248"}],"wp:term":[{"taxonomy":"product_brand","embeddable":true,"href":"https:\/\/www.healthychoice.lt\/pl\/wp-json\/wp\/v2\/product_brand?post=9248"},{"taxonomy":"product_cat","embeddable":true,"href":"https:\/\/www.healthychoice.lt\/pl\/wp-json\/wp\/v2\/product_cat?post=9248"},{"taxonomy":"product_tag","embeddable":true,"href":"https:\/\/www.healthychoice.lt\/pl\/wp-json\/wp\/v2\/product_tag?post=9248"}],"curies":[{"name":"wp","href":"https:\/\/api.w.org\/{rel}","templated":true}]}}