{"id":8970,"date":"2020-02-01T10:00:42","date_gmt":"2020-02-01T08:00:42","guid":{"rendered":"https:\/\/www.healthychoice.lt\/?post_type=product&#038;p=8970"},"modified":"2026-01-19T10:38:30","modified_gmt":"2026-01-19T08:38:30","slug":"kristinos-tobulos-figuros-rinkinys","status":"publish","type":"product","link":"https:\/\/www.healthychoice.lt\/pl\/produktai\/kristinos-tobulos-figuros-rinkinys\/","title":{"rendered":"KRISTINOS ,,TOBULOS FIG\u016aROS\u201d RINKINYS"},"content":{"rendered":"<p><strong>L-KARNITYNA SMAK POMARA\u0143CZOWY <\/strong><\/p>\n<p>Zawarto\u015b\u0107 netto 1000 ml<\/p>\n<p>L-karnityna jest zwi\u0105zkiem witaminowo-aminokwasowym por\u00f3wnywalnym do witamin z grupy B. Dzia\u0142a jako no\u015bnik kwas\u00f3w t\u0142uszczowych do mitochondrium. L-karnityna dzia\u0142a jako pomoc w szybszym spalaniu t\u0142uszczu i naturalnej utracie wagi. Ostatnie badania wykaza\u0142y r\u00f3wnie\u017c, \u017ce L-karnityna pomaga zmniejszy\u0107 zm\u0119czenie, zwi\u0119kszy\u0107 mas\u0119 cia\u0142a i mas\u0119 mi\u0119\u015bniow\u0105, ustabilizowa\u0107 poziom cukru we krwi, a jednocze\u015bnie zmniejszy\u0107 zapotrzebowanie na w\u0119glowodany. Karnityna pomaga zmobilizowa\u0107 rezerwy t\u0142uszczu, szczeg\u00f3lnie u os\u00f3b z nadwag\u0105.<\/p>\n<p>L-karnityna ma pyszny pomara\u0144czowy smak, jest wolna od syntetycznych barwnik\u00f3w i wzmacniaczy smaku, a tak\u017ce zawiera wszystkie niezb\u0119dne sk\u0142adniki, kt\u00f3re maj\u0105 pozytywny wp\u0142yw na ludzki organizm. Co najwa\u017cniejsze, ta L-karnityna jest w postaci p\u0142ynnej, wi\u0119c b\u0119dzie wch\u0142aniana przez organizm znacznie szybciej i \u0142atwiej. Suplement ten jest niezwykle bogaty w karnityn\u0119, z 1667 mg na porcj\u0119 (25 ml) i 6668 mg na 100 ml.<\/p>\n<h2 class=\"text-white\" style=\"text-align: center;\">Informacje o koncentracie bia\u0142kowym HEALTHY CHOICE<\/h2>\n<p>\u0141atwo rozpuszczalny koncentrat bia\u0142ek serwatkowych 100 % <strong>\"ZDROWY WYB\u00d3R\"<\/strong> to wysokiej jako\u015bci, niskotemperaturowe bia\u0142ko ultrafiltracyjne o niezmienionej strukturze bia\u0142kowej i zachowanej wysokiej warto\u015bci biologicznej bia\u0142ka (BV).<\/p>\n<p>Litewskie bia\u0142ko serwatkowe zosta\u0142o poddane bardzo szczeg\u00f3\u0142owej analizie sk\u0142adu, opakowania i zapotrzebowania rynku przez okres p\u00f3\u0142tora roku, zanim mog\u0142o zosta\u0107 wyprodukowane, wprowadzone na rynek i dystrybuowane. Piloci <strong>\"ZDROWY WYB\u00d3R\"<\/strong> zosta\u0142y przetestowane przez najbardziej znanych litewskich sportowc\u00f3w i dietetyk\u00f3w, a korzy\u015bci p\u0142yn\u0105ce z naturalnego bia\u0142ka zosta\u0142y docenione. Po przyjrzeniu si\u0119 sk\u0142adowi istniej\u0105cych produkt\u00f3w zagranicznych i przeprowadzeniu szeroko zakrojonych bada\u0144 naukowych stwierdzono, \u017ce wiele produkt\u00f3w bia\u0142kowych jest nienaturalnych, z r\u00f3\u017cnymi smakami opartymi na zwi\u0105zkach chemicznych, niebezpiecznych s\u0142odzikach, barwnikach itp.<\/p>\n<p>Co wa\u017cne, u\u017cywamy wy\u0142\u0105cznie lecytyny s\u0142onecznikowej jako emulgatora, aby poprawi\u0107 rozpuszczalno\u015b\u0107 naszego produktu. Wielu producent\u00f3w preferuje lecytyn\u0119 sojow\u0105, ale g\u0142\u00f3wnym tego powodem jest jej ni\u017csza cena. Jednak soja jest alergenem i wiele os\u00f3b jest na ni\u0105 uczulonych. Ponadto przemys\u0142 sojowy cz\u0119sto wykorzystuje genetycznie modyfikowane produkty i niebezpieczne chemikalia do produkcji lecytyny sojowej.<\/p>\n<p>W przeciwie\u0144stwie do soi, s\u0142oneczniki nie s\u0105 modyfikowane genetycznie, s\u0105 uprawiane naturalnie, a lecytyna s\u0142onecznikowa jest wytwarzana przez t\u0142oczenie na zimno w celu oddzielenia frakcji, podobnie jak oliwa z oliwek, bez u\u017cycia jakichkolwiek chemikali\u00f3w.<\/p>\n<p>Regularnie konsultujemy si\u0119 z profesjonalnymi sportowcami, trenerami i dietetykami na temat <strong>\"ZDROWY WYB\u00d3R\"<\/strong> produkt\u00f3w i wydoby\u0107 z nich najcenniejsze w\u0142a\u015bciwo\u015bci.<\/p>","protected":false},"excerpt":{"rendered":"<p>Krep\u0161elio sud\u0117tis (L-Karnitinas + I\u0161r\u016bg\u0173 baltymas 1kg)<\/p>","protected":false},"featured_media":9001,"template":"","meta":[],"product_brand":[],"product_cat":[52,99,28],"product_tag":[24,25],"class_list":{"0":"post-8970","1":"product","2":"type-product","3":"status-publish","4":"has-post-thumbnail","6":"product_cat-akcijos","7":"product_cat-l-karnitinas","8":"product_cat-rinkiniai","9":"product_tag-paprasti-produktai","10":"product_tag-rinkiniai","12":"first","13":"instock","14":"sale","15":"taxable","16":"shipping-taxable","17":"purchasable","18":"product-type-simple"},"yoast_head":"<!-- This site is optimized with the Yoast SEO plugin v27.3 - https:\/\/yoast.com\/product\/yoast-seo-wordpress\/ -->\n<title>KRISTINOS ,,TOBULOS FIG\u016aROS\u201d RINKINYS| Healthy Choice<\/title>\n<meta name=\"robots\" content=\"index, follow, max-snippet:-1, max-image-preview:large, max-video-preview:-1\" \/>\n<link rel=\"canonical\" href=\"https:\/\/www.healthychoice.lt\/pl\/produktai\/kristinos-tobulos-figuros-rinkinys\/\" \/>\n<meta property=\"og:locale\" content=\"pl_PL\" \/>\n<meta property=\"og:type\" content=\"article\" \/>\n<meta property=\"og:title\" content=\"KRISTINOS ,,TOBULOS FIG\u016aROS\u201d RINKINYS| Healthy Choice\" \/>\n<meta property=\"og:description\" content=\"Krep\u0161elio sud\u0117tis (L-Karnitinas + I\u0161r\u016bg\u0173 baltymas 1kg)\" \/>\n<meta property=\"og:url\" content=\"https:\/\/www.healthychoice.lt\/pl\/produktai\/kristinos-tobulos-figuros-rinkinys\/\" \/>\n<meta property=\"og:site_name\" content=\"Healthy Choice\" \/>\n<meta property=\"article:publisher\" content=\"https:\/\/www.facebook.com\/healthychoice.world\/\" \/>\n<meta property=\"article:modified_time\" content=\"2026-01-19T08:38:30+00:00\" \/>\n<meta property=\"og:image\" content=\"https:\/\/www.healthychoice.lt\/wp-content\/uploads\/2024\/11\/PhotoCut-2.png\" \/>\n\t<meta property=\"og:image:width\" content=\"1440\" \/>\n\t<meta property=\"og:image:height\" content=\"1440\" \/>\n\t<meta property=\"og:image:type\" content=\"image\/png\" \/>\n<meta name=\"twitter:card\" content=\"summary_large_image\" \/>\n<meta name=\"twitter:label1\" content=\"Szacowany czas czytania\" \/>\n\t<meta name=\"twitter:data1\" content=\"2 minuty\" \/>\n<script type=\"application\/ld+json\" class=\"yoast-schema-graph\">{\"@context\":\"https:\\\/\\\/schema.org\",\"@graph\":[{\"@type\":\"WebPage\",\"@id\":\"https:\\\/\\\/www.healthychoice.lt\\\/en\\\/produktai\\\/kristinos-tobulos-figuros-rinkinys\\\/\",\"url\":\"https:\\\/\\\/www.healthychoice.lt\\\/en\\\/produktai\\\/kristinos-tobulos-figuros-rinkinys\\\/\",\"name\":\"KRISTINOS ,,TOBULOS FIG\u016aROS\u201d RINKINYS| Healthy Choice\",\"isPartOf\":{\"@id\":\"https:\\\/\\\/www.healthychoice.lt\\\/es\\\/#website\"},\"primaryImageOfPage\":{\"@id\":\"https:\\\/\\\/www.healthychoice.lt\\\/en\\\/produktai\\\/kristinos-tobulos-figuros-rinkinys\\\/#primaryimage\"},\"image\":{\"@id\":\"https:\\\/\\\/www.healthychoice.lt\\\/en\\\/produktai\\\/kristinos-tobulos-figuros-rinkinys\\\/#primaryimage\"},\"thumbnailUrl\":\"https:\\\/\\\/www.healthychoice.lt\\\/wp-content\\\/uploads\\\/2024\\\/11\\\/PhotoCut-2.png\",\"datePublished\":\"2020-02-01T08:00:42+00:00\",\"dateModified\":\"2026-01-19T08:38:30+00:00\",\"breadcrumb\":{\"@id\":\"https:\\\/\\\/www.healthychoice.lt\\\/en\\\/produktai\\\/kristinos-tobulos-figuros-rinkinys\\\/#breadcrumb\"},\"inLanguage\":\"pl-PL\",\"potentialAction\":[{\"@type\":\"ReadAction\",\"target\":[\"https:\\\/\\\/www.healthychoice.lt\\\/en\\\/produktai\\\/kristinos-tobulos-figuros-rinkinys\\\/\"]}]},{\"@type\":\"ImageObject\",\"inLanguage\":\"pl-PL\",\"@id\":\"https:\\\/\\\/www.healthychoice.lt\\\/en\\\/produktai\\\/kristinos-tobulos-figuros-rinkinys\\\/#primaryimage\",\"url\":\"https:\\\/\\\/www.healthychoice.lt\\\/wp-content\\\/uploads\\\/2024\\\/11\\\/PhotoCut-2.png\",\"contentUrl\":\"https:\\\/\\\/www.healthychoice.lt\\\/wp-content\\\/uploads\\\/2024\\\/11\\\/PhotoCut-2.png\",\"width\":1440,\"height\":1440},{\"@type\":\"BreadcrumbList\",\"@id\":\"https:\\\/\\\/www.healthychoice.lt\\\/en\\\/produktai\\\/kristinos-tobulos-figuros-rinkinys\\\/#breadcrumb\",\"itemListElement\":[{\"@type\":\"ListItem\",\"position\":1,\"name\":\"Home\",\"item\":\"https:\\\/\\\/www.healthychoice.lt\\\/\"},{\"@type\":\"ListItem\",\"position\":2,\"name\":\"Produktai\",\"item\":\"https:\\\/\\\/www.healthychoice.lt\\\/es\\\/produktai\\\/\"},{\"@type\":\"ListItem\",\"position\":3,\"name\":\"KRISTINOS ,,TOBULOS FIG\u016aROS\u201d RINKINYS\"}]},{\"@type\":\"WebSite\",\"@id\":\"https:\\\/\\\/www.healthychoice.lt\\\/es\\\/#website\",\"url\":\"https:\\\/\\\/www.healthychoice.lt\\\/es\\\/\",\"name\":\"Healthy Choice\",\"description\":\"Mityba, kuria gali pasitik\u0117ti!\",\"alternateName\":\"Healthychoice\",\"potentialAction\":[{\"@type\":\"SearchAction\",\"target\":{\"@type\":\"EntryPoint\",\"urlTemplate\":\"https:\\\/\\\/www.healthychoice.lt\\\/es\\\/?s={search_term_string}\"},\"query-input\":{\"@type\":\"PropertyValueSpecification\",\"valueRequired\":true,\"valueName\":\"search_term_string\"}}],\"inLanguage\":\"pl-PL\"}]}<\/script>\n<!-- \/ Yoast SEO plugin. -->","yoast_head_json":{"title":"KRISTINOS ,,TOBULOS FIG\u016aROS\u201d RINKINYS| Healthy Choice","robots":{"index":"index","follow":"follow","max-snippet":"max-snippet:-1","max-image-preview":"max-image-preview:large","max-video-preview":"max-video-preview:-1"},"canonical":"https:\/\/www.healthychoice.lt\/pl\/produktai\/kristinos-tobulos-figuros-rinkinys\/","og_locale":"pl_PL","og_type":"article","og_title":"KRISTINOS ,,TOBULOS FIG\u016aROS\u201d RINKINYS| Healthy Choice","og_description":"Krep\u0161elio sud\u0117tis (L-Karnitinas + I\u0161r\u016bg\u0173 baltymas 1kg)","og_url":"https:\/\/www.healthychoice.lt\/pl\/produktai\/kristinos-tobulos-figuros-rinkinys\/","og_site_name":"Healthy Choice","article_publisher":"https:\/\/www.facebook.com\/healthychoice.world\/","article_modified_time":"2026-01-19T08:38:30+00:00","og_image":[{"width":1440,"height":1440,"url":"https:\/\/www.healthychoice.lt\/wp-content\/uploads\/2024\/11\/PhotoCut-2.png","type":"image\/png"}],"twitter_card":"summary_large_image","twitter_misc":{"Szacowany czas czytania":"2 minuty"},"schema":{"@context":"https:\/\/schema.org","@graph":[{"@type":"WebPage","@id":"https:\/\/www.healthychoice.lt\/en\/produktai\/kristinos-tobulos-figuros-rinkinys\/","url":"https:\/\/www.healthychoice.lt\/en\/produktai\/kristinos-tobulos-figuros-rinkinys\/","name":"KRISTINOS ,,TOBULOS FIG\u016aROS\u201d RINKINYS| Healthy Choice","isPartOf":{"@id":"https:\/\/www.healthychoice.lt\/es\/#website"},"primaryImageOfPage":{"@id":"https:\/\/www.healthychoice.lt\/en\/produktai\/kristinos-tobulos-figuros-rinkinys\/#primaryimage"},"image":{"@id":"https:\/\/www.healthychoice.lt\/en\/produktai\/kristinos-tobulos-figuros-rinkinys\/#primaryimage"},"thumbnailUrl":"https:\/\/www.healthychoice.lt\/wp-content\/uploads\/2024\/11\/PhotoCut-2.png","datePublished":"2020-02-01T08:00:42+00:00","dateModified":"2026-01-19T08:38:30+00:00","breadcrumb":{"@id":"https:\/\/www.healthychoice.lt\/en\/produktai\/kristinos-tobulos-figuros-rinkinys\/#breadcrumb"},"inLanguage":"pl-PL","potentialAction":[{"@type":"ReadAction","target":["https:\/\/www.healthychoice.lt\/en\/produktai\/kristinos-tobulos-figuros-rinkinys\/"]}]},{"@type":"ImageObject","inLanguage":"pl-PL","@id":"https:\/\/www.healthychoice.lt\/en\/produktai\/kristinos-tobulos-figuros-rinkinys\/#primaryimage","url":"https:\/\/www.healthychoice.lt\/wp-content\/uploads\/2024\/11\/PhotoCut-2.png","contentUrl":"https:\/\/www.healthychoice.lt\/wp-content\/uploads\/2024\/11\/PhotoCut-2.png","width":1440,"height":1440},{"@type":"BreadcrumbList","@id":"https:\/\/www.healthychoice.lt\/en\/produktai\/kristinos-tobulos-figuros-rinkinys\/#breadcrumb","itemListElement":[{"@type":"ListItem","position":1,"name":"Home","item":"https:\/\/www.healthychoice.lt\/"},{"@type":"ListItem","position":2,"name":"Produktai","item":"https:\/\/www.healthychoice.lt\/es\/produktai\/"},{"@type":"ListItem","position":3,"name":"KRISTINOS ,,TOBULOS FIG\u016aROS\u201d RINKINYS"}]},{"@type":"WebSite","@id":"https:\/\/www.healthychoice.lt\/es\/#website","url":"https:\/\/www.healthychoice.lt\/es\/","name":"Healthy Choice","description":"Dieta, kt\u00f3rej mo\u017cesz zaufa\u0107!","alternateName":"Healthychoice","potentialAction":[{"@type":"SearchAction","target":{"@type":"EntryPoint","urlTemplate":"https:\/\/www.healthychoice.lt\/es\/?s={search_term_string}"},"query-input":{"@type":"PropertyValueSpecification","valueRequired":true,"valueName":"search_term_string"}}],"inLanguage":"pl-PL"}]}},"_links":{"self":[{"href":"https:\/\/www.healthychoice.lt\/pl\/wp-json\/wp\/v2\/product\/8970","targetHints":{"allow":["GET"]}}],"collection":[{"href":"https:\/\/www.healthychoice.lt\/pl\/wp-json\/wp\/v2\/product"}],"about":[{"href":"https:\/\/www.healthychoice.lt\/pl\/wp-json\/wp\/v2\/types\/product"}],"wp:featuredmedia":[{"embeddable":true,"href":"https:\/\/www.healthychoice.lt\/pl\/wp-json\/wp\/v2\/media\/9001"}],"wp:attachment":[{"href":"https:\/\/www.healthychoice.lt\/pl\/wp-json\/wp\/v2\/media?parent=8970"}],"wp:term":[{"taxonomy":"product_brand","embeddable":true,"href":"https:\/\/www.healthychoice.lt\/pl\/wp-json\/wp\/v2\/product_brand?post=8970"},{"taxonomy":"product_cat","embeddable":true,"href":"https:\/\/www.healthychoice.lt\/pl\/wp-json\/wp\/v2\/product_cat?post=8970"},{"taxonomy":"product_tag","embeddable":true,"href":"https:\/\/www.healthychoice.lt\/pl\/wp-json\/wp\/v2\/product_tag?post=8970"}],"curies":[{"name":"wp","href":"https:\/\/api.w.org\/{rel}","templated":true}]}}