{"id":8967,"date":"2020-02-01T10:00:18","date_gmt":"2020-02-01T08:00:18","guid":{"rendered":"https:\/\/www.healthychoice.lt\/?post_type=product&#038;p=8967"},"modified":"2026-01-19T10:48:52","modified_gmt":"2026-01-19T08:48:52","slug":"kristinos-grozio-krepselis","status":"publish","type":"product","link":"https:\/\/www.healthychoice.lt\/pl\/produktai\/kristinos-grozio-krepselis\/","title":{"rendered":"KRISTINOS ,,GRO\u017dIO\u201c RINKINYS"},"content":{"rendered":"<p><strong>100<\/strong><strong>%<\/strong><strong> PROCENT CZYSTEGO KOLAGENU O SMAKU TRUSKAWKOWYM<\/strong><\/p>\n<p>Ilo\u015b\u0107 netto 500 ml<\/p>\n<p>Kolagen to bia\u0142ko naturalnie wyst\u0119puj\u0105ce w ludzkim organizmie, kt\u00f3re utrzymuje struktur\u0119 sk\u00f3ry, ko\u015bci i mi\u0119\u015bni, ale wraz z post\u0119puj\u0105cym procesem starzenia, zdolno\u015b\u0107 organizmu do syntezy kolagenu spada. Z tego powodu opracowywane s\u0105 suplementy kolagenowe, kt\u00f3re pomagaj\u0105 utrzyma\u0107 prawid\u0142ow\u0105 sk\u00f3r\u0119, w\u0142osy i paznokcie, zmniejszaj\u0105 rozrzedzenie ko\u015bci i maj\u0105 pozytywny wp\u0142yw na uk\u0142ad sercowo-naczyniowy.<\/p>\n<p>100% czysty kolagen o smaku truskawkowym jest najwy\u017cszej jako\u015bci, opracowany w celu zachowania wszystkich niezb\u0119dnych substancji poprawiaj\u0105cych kondycj\u0119 w\u0142os\u00f3w, sk\u00f3ry, paznokci, tkanek \u0142\u0105cznych i staw\u00f3w. Jest to doskona\u0142y produkt o smaku truskawkowym, niedrogi i wysokiej jako\u015bci, odpowiedni do stosowania raz dziennie.<\/p>\n<p>W 100% czysty kolagen o smaku truskawkowym zawiera biotyn\u0119, cynk, witamin\u0119 E i witamin\u0119 C. Biotyna jest niezb\u0119dna do metabolizmu w\u0119glowodan\u00f3w, bia\u0142ek i t\u0142uszcz\u00f3w. Biotyna pomaga utrzyma\u0107 prawid\u0142owy metabolizm energetyczny, funkcjonowanie uk\u0142adu nerwowego, funkcje psychologiczne i stan sk\u00f3ry. Cynk jest niezb\u0119dny do produkcji bia\u0142ek i wa\u017cny dla rozwoju i funkcjonowania kom\u00f3rek odporno\u015bciowych. Cynk, podobnie jak witaminy E i C, pomaga w utrzymaniu silnego uk\u0142adu odporno\u015bciowego.<\/p>\n<p><strong>Witaminy dla urody Healthy Choice 60 tabletek<\/strong><\/p>\n<p>\u201eHealthy Choice\u201c Gro\u017eio vitamin\u0173 kompleksas sukurtas pagal speciali\u0105 formul\u0119 odai, plaukams ir nagams.<\/p>\n<p>Selenas \u2013 labai reik\u0161mingas mikroelementas, labiausiai vertinamas d\u0117l antioksidacinio poveikio ir jo suponuojamo geb\u0117jimo l\u0117tinti ankstyv\u0105 sen\u0117jim\u0105. Cinkas, selenas, jodas, vitaminas A, B2 bei B3 kartu su biotinu yra puiki kombinacija norint palaikyti normali\u0105 plauk\u0173, nag\u0173 bei odos b\u016bkl\u0119. Cholinas ir betainas skatina med\u017eiag\u0173 apykait\u0105, riboja riebal\u0173 kaupim\u0105si kepenyse. Gele\u017eis prisideda prie normalaus deguonies perne\u0161imo organizme. Magnis padeda u\u017etikrinti biochemines reakcijas, didina i\u0161tverm\u0119, padeda \u012fveikti depresij\u0105 bei nuotaikos svyravimus. Fosforas padeda palaikyti normali\u0105 l\u0105steli\u0173 funkcij\u0105. Vitaminas B6, veikdamas kartu su kitais B vitaminais, bei magniu ir cinku gerina smegen\u0173 bei nerv\u0173 sistemos veikl\u0105, padeda kontroliuoti alergijas, yra svarbus energijos gamybai l\u0105stel\u0117se bei yra svarbus norint organizm\u0105 apsaugoti nuo infekcij\u0173.<\/p>","protected":false},"excerpt":{"rendered":"<p>Krep\u0161elio sud\u0117tis (Kolagenas + Gro\u017eio vitaminai)<\/p>","protected":false},"featured_media":9003,"template":"","meta":[],"product_brand":[],"product_cat":[52,100,28],"product_tag":[24,25],"class_list":{"0":"post-8967","1":"product","2":"type-product","3":"status-publish","4":"has-post-thumbnail","6":"product_cat-akcijos","7":"product_cat-kolagenas","8":"product_cat-rinkiniai","9":"product_tag-paprasti-produktai","10":"product_tag-rinkiniai","12":"first","13":"instock","14":"sale","15":"taxable","16":"shipping-taxable","17":"purchasable","18":"product-type-simple"},"yoast_head":"<!-- This site is optimized with the Yoast SEO plugin v27.5 - https:\/\/yoast.com\/product\/yoast-seo-wordpress\/ -->\n<title>KRISTINOS ,,GRO\u017dIO\u201c RINKINYS| Healthy Choice<\/title>\n<meta name=\"robots\" content=\"index, follow, max-snippet:-1, max-image-preview:large, max-video-preview:-1\" \/>\n<link rel=\"canonical\" href=\"https:\/\/www.healthychoice.lt\/pl\/produktai\/kristinos-grozio-krepselis\/\" \/>\n<meta property=\"og:locale\" content=\"pl_PL\" \/>\n<meta property=\"og:type\" content=\"article\" \/>\n<meta property=\"og:title\" content=\"KRISTINOS ,,GRO\u017dIO\u201c RINKINYS| Healthy Choice\" \/>\n<meta property=\"og:description\" content=\"Krep\u0161elio sud\u0117tis (Kolagenas + Gro\u017eio vitaminai)\" \/>\n<meta property=\"og:url\" content=\"https:\/\/www.healthychoice.lt\/pl\/produktai\/kristinos-grozio-krepselis\/\" \/>\n<meta property=\"og:site_name\" content=\"Healthy Choice\" \/>\n<meta property=\"article:publisher\" content=\"https:\/\/www.facebook.com\/healthychoice.world\/\" \/>\n<meta property=\"article:modified_time\" content=\"2026-01-19T08:48:52+00:00\" \/>\n<meta property=\"og:image\" content=\"https:\/\/www.healthychoice.lt\/wp-content\/uploads\/2024\/11\/PhotoCut2.png\" \/>\n\t<meta property=\"og:image:width\" content=\"1440\" \/>\n\t<meta property=\"og:image:height\" content=\"1440\" \/>\n\t<meta property=\"og:image:type\" content=\"image\/png\" \/>\n<meta name=\"twitter:card\" content=\"summary_large_image\" \/>\n<meta name=\"twitter:label1\" content=\"Szacowany czas czytania\" \/>\n\t<meta name=\"twitter:data1\" content=\"2 minuty\" \/>\n<script type=\"application\/ld+json\" class=\"yoast-schema-graph\">{\"@context\":\"https:\\\/\\\/schema.org\",\"@graph\":[{\"@type\":\"WebPage\",\"@id\":\"https:\\\/\\\/www.healthychoice.lt\\\/produktai\\\/kristinos-grozio-krepselis\\\/\",\"url\":\"https:\\\/\\\/www.healthychoice.lt\\\/produktai\\\/kristinos-grozio-krepselis\\\/\",\"name\":\"KRISTINOS ,,GRO\u017dIO\u201c RINKINYS| Healthy Choice\",\"isPartOf\":{\"@id\":\"https:\\\/\\\/www.healthychoice.lt\\\/es\\\/#website\"},\"primaryImageOfPage\":{\"@id\":\"https:\\\/\\\/www.healthychoice.lt\\\/produktai\\\/kristinos-grozio-krepselis\\\/#primaryimage\"},\"image\":{\"@id\":\"https:\\\/\\\/www.healthychoice.lt\\\/produktai\\\/kristinos-grozio-krepselis\\\/#primaryimage\"},\"thumbnailUrl\":\"https:\\\/\\\/www.healthychoice.lt\\\/wp-content\\\/uploads\\\/2024\\\/11\\\/PhotoCut2.png\",\"datePublished\":\"2020-02-01T08:00:18+00:00\",\"dateModified\":\"2026-01-19T08:48:52+00:00\",\"breadcrumb\":{\"@id\":\"https:\\\/\\\/www.healthychoice.lt\\\/produktai\\\/kristinos-grozio-krepselis\\\/#breadcrumb\"},\"inLanguage\":\"pl-PL\",\"potentialAction\":[{\"@type\":\"ReadAction\",\"target\":[\"https:\\\/\\\/www.healthychoice.lt\\\/produktai\\\/kristinos-grozio-krepselis\\\/\"]}]},{\"@type\":\"ImageObject\",\"inLanguage\":\"pl-PL\",\"@id\":\"https:\\\/\\\/www.healthychoice.lt\\\/produktai\\\/kristinos-grozio-krepselis\\\/#primaryimage\",\"url\":\"https:\\\/\\\/www.healthychoice.lt\\\/wp-content\\\/uploads\\\/2024\\\/11\\\/PhotoCut2.png\",\"contentUrl\":\"https:\\\/\\\/www.healthychoice.lt\\\/wp-content\\\/uploads\\\/2024\\\/11\\\/PhotoCut2.png\",\"width\":1440,\"height\":1440},{\"@type\":\"BreadcrumbList\",\"@id\":\"https:\\\/\\\/www.healthychoice.lt\\\/produktai\\\/kristinos-grozio-krepselis\\\/#breadcrumb\",\"itemListElement\":[{\"@type\":\"ListItem\",\"position\":1,\"name\":\"Home\",\"item\":\"https:\\\/\\\/www.healthychoice.lt\\\/\"},{\"@type\":\"ListItem\",\"position\":2,\"name\":\"Produktai\",\"item\":\"https:\\\/\\\/www.healthychoice.lt\\\/es\\\/produktai\\\/\"},{\"@type\":\"ListItem\",\"position\":3,\"name\":\"KRISTINOS ,,GRO\u017dIO\u201c RINKINYS\"}]},{\"@type\":\"WebSite\",\"@id\":\"https:\\\/\\\/www.healthychoice.lt\\\/es\\\/#website\",\"url\":\"https:\\\/\\\/www.healthychoice.lt\\\/es\\\/\",\"name\":\"Healthy Choice\",\"description\":\"Mityba, kuria gali pasitik\u0117ti!\",\"alternateName\":\"Healthychoice\",\"potentialAction\":[{\"@type\":\"SearchAction\",\"target\":{\"@type\":\"EntryPoint\",\"urlTemplate\":\"https:\\\/\\\/www.healthychoice.lt\\\/es\\\/?s={search_term_string}\"},\"query-input\":{\"@type\":\"PropertyValueSpecification\",\"valueRequired\":true,\"valueName\":\"search_term_string\"}}],\"inLanguage\":\"pl-PL\"}]}<\/script>\n<!-- \/ Yoast SEO plugin. -->","yoast_head_json":{"title":"KRISTINOS ,,GRO\u017dIO\u201c RINKINYS| Healthy Choice","robots":{"index":"index","follow":"follow","max-snippet":"max-snippet:-1","max-image-preview":"max-image-preview:large","max-video-preview":"max-video-preview:-1"},"canonical":"https:\/\/www.healthychoice.lt\/pl\/produktai\/kristinos-grozio-krepselis\/","og_locale":"pl_PL","og_type":"article","og_title":"KRISTINOS ,,GRO\u017dIO\u201c RINKINYS| Healthy Choice","og_description":"Krep\u0161elio sud\u0117tis (Kolagenas + Gro\u017eio vitaminai)","og_url":"https:\/\/www.healthychoice.lt\/pl\/produktai\/kristinos-grozio-krepselis\/","og_site_name":"Healthy Choice","article_publisher":"https:\/\/www.facebook.com\/healthychoice.world\/","article_modified_time":"2026-01-19T08:48:52+00:00","og_image":[{"width":1440,"height":1440,"url":"https:\/\/www.healthychoice.lt\/wp-content\/uploads\/2024\/11\/PhotoCut2.png","type":"image\/png"}],"twitter_card":"summary_large_image","twitter_misc":{"Szacowany czas czytania":"2 minuty"},"schema":{"@context":"https:\/\/schema.org","@graph":[{"@type":"WebPage","@id":"https:\/\/www.healthychoice.lt\/produktai\/kristinos-grozio-krepselis\/","url":"https:\/\/www.healthychoice.lt\/produktai\/kristinos-grozio-krepselis\/","name":"KRISTINOS ,,GRO\u017dIO\u201c RINKINYS| Healthy Choice","isPartOf":{"@id":"https:\/\/www.healthychoice.lt\/es\/#website"},"primaryImageOfPage":{"@id":"https:\/\/www.healthychoice.lt\/produktai\/kristinos-grozio-krepselis\/#primaryimage"},"image":{"@id":"https:\/\/www.healthychoice.lt\/produktai\/kristinos-grozio-krepselis\/#primaryimage"},"thumbnailUrl":"https:\/\/www.healthychoice.lt\/wp-content\/uploads\/2024\/11\/PhotoCut2.png","datePublished":"2020-02-01T08:00:18+00:00","dateModified":"2026-01-19T08:48:52+00:00","breadcrumb":{"@id":"https:\/\/www.healthychoice.lt\/produktai\/kristinos-grozio-krepselis\/#breadcrumb"},"inLanguage":"pl-PL","potentialAction":[{"@type":"ReadAction","target":["https:\/\/www.healthychoice.lt\/produktai\/kristinos-grozio-krepselis\/"]}]},{"@type":"ImageObject","inLanguage":"pl-PL","@id":"https:\/\/www.healthychoice.lt\/produktai\/kristinos-grozio-krepselis\/#primaryimage","url":"https:\/\/www.healthychoice.lt\/wp-content\/uploads\/2024\/11\/PhotoCut2.png","contentUrl":"https:\/\/www.healthychoice.lt\/wp-content\/uploads\/2024\/11\/PhotoCut2.png","width":1440,"height":1440},{"@type":"BreadcrumbList","@id":"https:\/\/www.healthychoice.lt\/produktai\/kristinos-grozio-krepselis\/#breadcrumb","itemListElement":[{"@type":"ListItem","position":1,"name":"Home","item":"https:\/\/www.healthychoice.lt\/"},{"@type":"ListItem","position":2,"name":"Produktai","item":"https:\/\/www.healthychoice.lt\/es\/produktai\/"},{"@type":"ListItem","position":3,"name":"KRISTINOS ,,GRO\u017dIO\u201c RINKINYS"}]},{"@type":"WebSite","@id":"https:\/\/www.healthychoice.lt\/es\/#website","url":"https:\/\/www.healthychoice.lt\/es\/","name":"Healthy Choice","description":"Dieta, kt\u00f3rej mo\u017cesz zaufa\u0107!","alternateName":"Healthychoice","potentialAction":[{"@type":"SearchAction","target":{"@type":"EntryPoint","urlTemplate":"https:\/\/www.healthychoice.lt\/es\/?s={search_term_string}"},"query-input":{"@type":"PropertyValueSpecification","valueRequired":true,"valueName":"search_term_string"}}],"inLanguage":"pl-PL"}]}},"_links":{"self":[{"href":"https:\/\/www.healthychoice.lt\/pl\/wp-json\/wp\/v2\/product\/8967","targetHints":{"allow":["GET"]}}],"collection":[{"href":"https:\/\/www.healthychoice.lt\/pl\/wp-json\/wp\/v2\/product"}],"about":[{"href":"https:\/\/www.healthychoice.lt\/pl\/wp-json\/wp\/v2\/types\/product"}],"wp:featuredmedia":[{"embeddable":true,"href":"https:\/\/www.healthychoice.lt\/pl\/wp-json\/wp\/v2\/media\/9003"}],"wp:attachment":[{"href":"https:\/\/www.healthychoice.lt\/pl\/wp-json\/wp\/v2\/media?parent=8967"}],"wp:term":[{"taxonomy":"product_brand","embeddable":true,"href":"https:\/\/www.healthychoice.lt\/pl\/wp-json\/wp\/v2\/product_brand?post=8967"},{"taxonomy":"product_cat","embeddable":true,"href":"https:\/\/www.healthychoice.lt\/pl\/wp-json\/wp\/v2\/product_cat?post=8967"},{"taxonomy":"product_tag","embeddable":true,"href":"https:\/\/www.healthychoice.lt\/pl\/wp-json\/wp\/v2\/product_tag?post=8967"}],"curies":[{"name":"wp","href":"https:\/\/api.w.org\/{rel}","templated":true}]}}