{"id":68,"date":"2025-04-17T08:09:59","date_gmt":"2025-04-17T05:09:59","guid":{"rendered":"https:\/\/www.healthychoice.lt\/?post_type=product&#038;p=68"},"modified":"2026-05-01T17:13:27","modified_gmt":"2026-05-01T14:13:27","slug":"braskinis-isrugu-baltymas","status":"publish","type":"product","link":"https:\/\/www.healthychoice.lt\/pl\/produktai\/braskinis-isrugu-baltymas\/","title":{"rendered":"100% Bia\u0142ko serwatkowe o smaku truskawkowym, 1 kg"},"content":{"rendered":"<h2 class=\"text-white\" style=\"text-align: center;\">100% Mieszanka bia\u0142ek serwatkowych Healthy Choice<\/h2>\n<p>100% Mieszanka bia\u0142ek serwatkowych <strong>\"ZDROWY WYB\u00d3R\"<\/strong> Jest to doskona\u0142e \u017ar\u00f3d\u0142o bia\u0142ka o zr\u00f3\u017cnicowanym wch\u0142anianiu. Sk\u0142ada si\u0119 z szybko wch\u0142aniaj\u0105cych si\u0119 bia\u0142ek Hydrolizatu i Izolatu oraz \u015brednio wch\u0142aniaj\u0105cego si\u0119 Koncentratu. R\u00f3\u017cne szybko\u015bci wch\u0142aniania zapewniaj\u0105 d\u0142ugotrwa\u0142e i sp\u00f3jne wch\u0142anianie, \u0142agodz\u0105 g\u0142\u00f3d i dostarczaj\u0105 wszystkich niezb\u0119dnych aminokwas\u00f3w, kt\u00f3rych organizm potrzebuje, aby przyspieszy\u0107 regeneracj\u0119 mi\u0119\u015bni po treningu.<\/p>\n<p>\u0141atwo rozpuszczalna mieszanka bia\u0142ek serwatkowych 100 % <strong>\"ZDROWY WYB\u00d3R\"<\/strong> to wysokiej jako\u015bci, niskotemperaturowe bia\u0142ko do ultrafiltracji i mikrofiltracji o niezmienionej strukturze bia\u0142kowej i zachowanej wysokiej warto\u015bci biologicznej bia\u0142ka (BV).<\/p>\n<p>Co wa\u017cne, u\u017cywamy wy\u0142\u0105cznie lecytyny s\u0142onecznikowej jako emulgatora, aby poprawi\u0107 rozpuszczalno\u015b\u0107 naszego produktu. Wielu producent\u00f3w preferuje lecytyn\u0119 sojow\u0105, ale g\u0142\u00f3wnym tego powodem jest jej ni\u017csza cena. Jednak soja jest alergenem i wiele os\u00f3b jest na ni\u0105 uczulonych. Ponadto przemys\u0142 sojowy cz\u0119sto wykorzystuje genetycznie modyfikowane produkty i niebezpieczne chemikalia do produkcji lecytyny sojowej.<\/p>\n<p>W przeciwie\u0144stwie do soi, s\u0142oneczniki nie s\u0105 modyfikowane genetycznie, s\u0105 uprawiane naturalnie, a lecytyna s\u0142onecznikowa jest wytwarzana przez t\u0142oczenie na zimno w celu oddzielenia frakcji, podobnie jak oliwa z oliwek, bez u\u017cycia jakichkolwiek chemikali\u00f3w.<\/p>\n<p>Regularnie konsultujemy si\u0119 z profesjonalnymi sportowcami, trenerami i dietetykami na temat\u00a0<strong>\"ZDROWY WYB\u00d3R\"<\/strong>\u00a0produkt\u00f3w i wydoby\u0107 z nich najcenniejsze w\u0142a\u015bciwo\u015bci.<\/p>\n<h3 class=\"sub-header text-white mt-2\" style=\"text-align: center;\">\"HEALTHY CHOICE\" - bia\u0142ka i ich znaczenie dla ludzkiego organizmu<\/h3>\n<div class=\"row\"  id=\"row-444112058\">\n\n\t<div id=\"col-1192698908\" class=\"col medium-6 small-12 large-6\"  >\n\t\t\t\t<div class=\"col-inner\"  >\n\t\t\t\n\t\t\t\n<p>Bia\u0142ko jest budulcem mi\u0119\u015bni, jednym z g\u0142\u00f3wnych sk\u0142adnik\u00f3w od\u017cywczych, podobnie jak w\u0119glowodany i t\u0142uszcze. Bia\u0142ko jest drugim po wodzie najobficiej wyst\u0119puj\u0105cym i najwa\u017cniejszym sk\u0142adnikiem organizmu. Bia\u0142ko jest bardzo rozpowszechnione w \u017cywej przyrodzie i stanowi jej podstaw\u0119. Podobnie jak puzzle sk\u0142adaj\u0105 si\u0119 z pojedynczych element\u00f3w, bia\u0142ko sk\u0142ada si\u0119 z ma\u0142ych cz\u0105steczek - aminokwas\u00f3w. \u0141\u0105cznie 20 r\u00f3\u017cnych aminokwas\u00f3w stanowi podstaw\u0119 makrocz\u0105steczki bia\u0142ka. Dziewi\u0119\u0107 z 20 aminokwas\u00f3w jest niezb\u0119dnych do uzyskania z po\u017cywienia, poniewa\u017c nie mog\u0105 one by\u0107 wytwarzane przez sam organizm, dlatego konieczne jest codzienne spo\u017cywanie odpowiedniej ilo\u015bci bia\u0142ka.\u00a0<strong>\"ZDROWY WYB\u00d3R\"<\/strong> Produkt jest jednym z najlepszych \u017ar\u00f3de\u0142 aminokwas\u00f3w rozga\u0142\u0119zionych (BCAA).<\/p>\n<p>Znaczenie bia\u0142ka dla ludzkiego organizmu jest nie do przecenienia. Bia\u0142ko odbudowuje, kszta\u0142tuje, utrzymuje i odnawia mas\u0119 mi\u0119\u015bniow\u0105. Bia\u0142ko przyczynia si\u0119 do wzrostu mi\u0119\u015bni i si\u0142y u sportowc\u00f3w. Bia\u0142ko jest wa\u017cne dla utrzymania prawid\u0142owego stanu ko\u015bci. Dzienne spo\u017cycie bia\u0142ka jest niezb\u0119dne dla zdrowego organizmu cz\u0142owieka.<\/p>\n\t\t<\/div>\n\t\t\t\t\t<\/div>\n\n\t\n\n\t<div id=\"col-1757397014\" class=\"col medium-6 small-12 large-6\"  >\n\t\t\t\t<div class=\"col-inner\"  >\n\t\t\t\n\t\t\t\n<p>Opr\u00f3cz wzrostu mi\u0119\u015bni, bia\u0142ko to pe\u0142ni tak\u017ce inne funkcje:<\/p>\n<ul>\n<li>Dostarcza organizmowi bia\u0142ka, kt\u00f3re jest niezb\u0119dne do funkcjonowania mi\u0119\u015bni;<\/li>\n<li>Wzmacnia mi\u0119\u015bnie i regeneruje organizm po wysi\u0142ku fizycznym;<\/li>\n<li>Pomaga zmniejszy\u0107 nadwag\u0119, t\u0142umi apetyt, dla os\u00f3b pr\u00f3buj\u0105cych zbudowa\u0107 bezt\u0142uszczow\u0105 tkank\u0119 mi\u0119\u015bniow\u0105.<\/li>\n<\/ul>\n<p>To wszystko i jeszcze wi\u0119cej zyskasz, gdy zaczniesz regularnie stosowa\u0107 litewskie bia\u0142ko w swojej diecie - kup je ju\u017c teraz!<\/p>\n\t\t<\/div>\n\t\t\t\t\t<\/div>\n\n\t\n<\/div>","protected":false},"excerpt":{"rendered":"<p>100% Bia\u0142ko serwatkowe o smaku truskawkowym, 1 kg<\/p>","protected":false},"featured_media":6072,"template":"","meta":[],"product_brand":[],"product_cat":[52,98],"product_tag":[64,54,53,29,24,58],"class_list":{"0":"post-68","1":"product","2":"type-product","3":"status-publish","4":"has-post-thumbnail","6":"product_cat-akcijos","7":"product_cat-baltymai","8":"product_tag-kanapiu-baltymai-250g-dovanu","9":"product_tag-baltymai","10":"product_tag-exportui","11":"product_tag-kovo3","12":"product_tag-paprasti-produktai","13":"product_tag-perkant-2-baltymus-akcija","15":"first","16":"instock","17":"sale","18":"taxable","19":"shipping-taxable","20":"purchasable","21":"product-type-simple"},"yoast_head":"<!-- This site is optimized with the Yoast SEO plugin v27.5 - https:\/\/yoast.com\/product\/yoast-seo-wordpress\/ -->\n<title>100% i\u0161r\u016bg\u0173 baltymai bra\u0161ki\u0173 skonio, 1kg | Healthy Choice<\/title>\n<meta name=\"robots\" content=\"index, follow, max-snippet:-1, max-image-preview:large, max-video-preview:-1\" \/>\n<link rel=\"canonical\" href=\"https:\/\/www.healthychoice.lt\/pl\/produktai\/braskinis-isrugu-baltymas\/\" \/>\n<meta property=\"og:locale\" content=\"pl_PL\" \/>\n<meta property=\"og:type\" content=\"article\" \/>\n<meta property=\"og:title\" content=\"100% i\u0161r\u016bg\u0173 baltymai bra\u0161ki\u0173 skonio, 1kg | Healthy Choice\" \/>\n<meta property=\"og:description\" content=\"100% i\u0161r\u016bg\u0173 baltymai bra\u0161ki\u0173 skonio, 1kg\" \/>\n<meta property=\"og:url\" content=\"https:\/\/www.healthychoice.lt\/pl\/produktai\/braskinis-isrugu-baltymas\/\" \/>\n<meta property=\"og:site_name\" content=\"Healthy Choice\" \/>\n<meta property=\"article:publisher\" content=\"https:\/\/www.facebook.com\/healthychoice.world\/\" \/>\n<meta property=\"article:modified_time\" content=\"2026-05-01T14:13:27+00:00\" \/>\n<meta property=\"og:image\" content=\"https:\/\/www.healthychoice.lt\/wp-content\/uploads\/2022\/01\/Isrugu-baltymai-braskiu-skonio-min.jpg\" \/>\n\t<meta property=\"og:image:width\" content=\"1024\" \/>\n\t<meta property=\"og:image:height\" content=\"1024\" \/>\n\t<meta property=\"og:image:type\" content=\"image\/jpeg\" \/>\n<meta name=\"twitter:card\" content=\"summary_large_image\" \/>\n<meta name=\"twitter:label1\" content=\"Szacowany czas czytania\" \/>\n\t<meta name=\"twitter:data1\" content=\"3 minuty\" \/>\n<script type=\"application\/ld+json\" class=\"yoast-schema-graph\">{\"@context\":\"https:\\\/\\\/schema.org\",\"@graph\":[{\"@type\":\"WebPage\",\"@id\":\"https:\\\/\\\/www.healthychoice.lt\\\/produktai\\\/braskinis-isrugu-baltymas\\\/\",\"url\":\"https:\\\/\\\/www.healthychoice.lt\\\/produktai\\\/braskinis-isrugu-baltymas\\\/\",\"name\":\"100% i\u0161r\u016bg\u0173 baltymai bra\u0161ki\u0173 skonio, 1kg | Healthy Choice\",\"isPartOf\":{\"@id\":\"https:\\\/\\\/www.healthychoice.lt\\\/es\\\/#website\"},\"primaryImageOfPage\":{\"@id\":\"https:\\\/\\\/www.healthychoice.lt\\\/produktai\\\/braskinis-isrugu-baltymas\\\/#primaryimage\"},\"image\":{\"@id\":\"https:\\\/\\\/www.healthychoice.lt\\\/produktai\\\/braskinis-isrugu-baltymas\\\/#primaryimage\"},\"thumbnailUrl\":\"https:\\\/\\\/www.healthychoice.lt\\\/wp-content\\\/uploads\\\/2022\\\/01\\\/Isrugu-baltymai-braskiu-skonio-min.jpg\",\"datePublished\":\"2025-04-17T05:09:59+00:00\",\"dateModified\":\"2026-05-01T14:13:27+00:00\",\"breadcrumb\":{\"@id\":\"https:\\\/\\\/www.healthychoice.lt\\\/produktai\\\/braskinis-isrugu-baltymas\\\/#breadcrumb\"},\"inLanguage\":\"pl-PL\",\"potentialAction\":[{\"@type\":\"ReadAction\",\"target\":[\"https:\\\/\\\/www.healthychoice.lt\\\/produktai\\\/braskinis-isrugu-baltymas\\\/\"]}]},{\"@type\":\"ImageObject\",\"inLanguage\":\"pl-PL\",\"@id\":\"https:\\\/\\\/www.healthychoice.lt\\\/produktai\\\/braskinis-isrugu-baltymas\\\/#primaryimage\",\"url\":\"https:\\\/\\\/www.healthychoice.lt\\\/wp-content\\\/uploads\\\/2022\\\/01\\\/Isrugu-baltymai-braskiu-skonio-min.jpg\",\"contentUrl\":\"https:\\\/\\\/www.healthychoice.lt\\\/wp-content\\\/uploads\\\/2022\\\/01\\\/Isrugu-baltymai-braskiu-skonio-min.jpg\",\"width\":1024,\"height\":1024},{\"@type\":\"BreadcrumbList\",\"@id\":\"https:\\\/\\\/www.healthychoice.lt\\\/produktai\\\/braskinis-isrugu-baltymas\\\/#breadcrumb\",\"itemListElement\":[{\"@type\":\"ListItem\",\"position\":1,\"name\":\"Home\",\"item\":\"https:\\\/\\\/www.healthychoice.lt\\\/\"},{\"@type\":\"ListItem\",\"position\":2,\"name\":\"Produktai\",\"item\":\"https:\\\/\\\/www.healthychoice.lt\\\/es\\\/produktai\\\/\"},{\"@type\":\"ListItem\",\"position\":3,\"name\":\"100% i\u0161r\u016bg\u0173 baltymai bra\u0161ki\u0173 skonio, 1kg\"}]},{\"@type\":\"WebSite\",\"@id\":\"https:\\\/\\\/www.healthychoice.lt\\\/es\\\/#website\",\"url\":\"https:\\\/\\\/www.healthychoice.lt\\\/es\\\/\",\"name\":\"Healthy Choice\",\"description\":\"Mityba, kuria gali pasitik\u0117ti!\",\"alternateName\":\"Healthychoice\",\"potentialAction\":[{\"@type\":\"SearchAction\",\"target\":{\"@type\":\"EntryPoint\",\"urlTemplate\":\"https:\\\/\\\/www.healthychoice.lt\\\/es\\\/?s={search_term_string}\"},\"query-input\":{\"@type\":\"PropertyValueSpecification\",\"valueRequired\":true,\"valueName\":\"search_term_string\"}}],\"inLanguage\":\"pl-PL\"}]}<\/script>\n<!-- \/ Yoast SEO plugin. -->","yoast_head_json":{"title":"100% i\u0161r\u016bg\u0173 baltymai bra\u0161ki\u0173 skonio, 1kg | Healthy Choice","robots":{"index":"index","follow":"follow","max-snippet":"max-snippet:-1","max-image-preview":"max-image-preview:large","max-video-preview":"max-video-preview:-1"},"canonical":"https:\/\/www.healthychoice.lt\/pl\/produktai\/braskinis-isrugu-baltymas\/","og_locale":"pl_PL","og_type":"article","og_title":"100% i\u0161r\u016bg\u0173 baltymai bra\u0161ki\u0173 skonio, 1kg | Healthy Choice","og_description":"100% i\u0161r\u016bg\u0173 baltymai bra\u0161ki\u0173 skonio, 1kg","og_url":"https:\/\/www.healthychoice.lt\/pl\/produktai\/braskinis-isrugu-baltymas\/","og_site_name":"Healthy Choice","article_publisher":"https:\/\/www.facebook.com\/healthychoice.world\/","article_modified_time":"2026-05-01T14:13:27+00:00","og_image":[{"width":1024,"height":1024,"url":"https:\/\/www.healthychoice.lt\/wp-content\/uploads\/2022\/01\/Isrugu-baltymai-braskiu-skonio-min.jpg","type":"image\/jpeg"}],"twitter_card":"summary_large_image","twitter_misc":{"Szacowany czas czytania":"3 minuty"},"schema":{"@context":"https:\/\/schema.org","@graph":[{"@type":"WebPage","@id":"https:\/\/www.healthychoice.lt\/produktai\/braskinis-isrugu-baltymas\/","url":"https:\/\/www.healthychoice.lt\/produktai\/braskinis-isrugu-baltymas\/","name":"100% i\u0161r\u016bg\u0173 baltymai bra\u0161ki\u0173 skonio, 1kg | Healthy Choice","isPartOf":{"@id":"https:\/\/www.healthychoice.lt\/es\/#website"},"primaryImageOfPage":{"@id":"https:\/\/www.healthychoice.lt\/produktai\/braskinis-isrugu-baltymas\/#primaryimage"},"image":{"@id":"https:\/\/www.healthychoice.lt\/produktai\/braskinis-isrugu-baltymas\/#primaryimage"},"thumbnailUrl":"https:\/\/www.healthychoice.lt\/wp-content\/uploads\/2022\/01\/Isrugu-baltymai-braskiu-skonio-min.jpg","datePublished":"2025-04-17T05:09:59+00:00","dateModified":"2026-05-01T14:13:27+00:00","breadcrumb":{"@id":"https:\/\/www.healthychoice.lt\/produktai\/braskinis-isrugu-baltymas\/#breadcrumb"},"inLanguage":"pl-PL","potentialAction":[{"@type":"ReadAction","target":["https:\/\/www.healthychoice.lt\/produktai\/braskinis-isrugu-baltymas\/"]}]},{"@type":"ImageObject","inLanguage":"pl-PL","@id":"https:\/\/www.healthychoice.lt\/produktai\/braskinis-isrugu-baltymas\/#primaryimage","url":"https:\/\/www.healthychoice.lt\/wp-content\/uploads\/2022\/01\/Isrugu-baltymai-braskiu-skonio-min.jpg","contentUrl":"https:\/\/www.healthychoice.lt\/wp-content\/uploads\/2022\/01\/Isrugu-baltymai-braskiu-skonio-min.jpg","width":1024,"height":1024},{"@type":"BreadcrumbList","@id":"https:\/\/www.healthychoice.lt\/produktai\/braskinis-isrugu-baltymas\/#breadcrumb","itemListElement":[{"@type":"ListItem","position":1,"name":"Home","item":"https:\/\/www.healthychoice.lt\/"},{"@type":"ListItem","position":2,"name":"Produktai","item":"https:\/\/www.healthychoice.lt\/es\/produktai\/"},{"@type":"ListItem","position":3,"name":"100% i\u0161r\u016bg\u0173 baltymai bra\u0161ki\u0173 skonio, 1kg"}]},{"@type":"WebSite","@id":"https:\/\/www.healthychoice.lt\/es\/#website","url":"https:\/\/www.healthychoice.lt\/es\/","name":"Healthy Choice","description":"Dieta, kt\u00f3rej mo\u017cesz zaufa\u0107!","alternateName":"Healthychoice","potentialAction":[{"@type":"SearchAction","target":{"@type":"EntryPoint","urlTemplate":"https:\/\/www.healthychoice.lt\/es\/?s={search_term_string}"},"query-input":{"@type":"PropertyValueSpecification","valueRequired":true,"valueName":"search_term_string"}}],"inLanguage":"pl-PL"}]}},"_links":{"self":[{"href":"https:\/\/www.healthychoice.lt\/pl\/wp-json\/wp\/v2\/product\/68","targetHints":{"allow":["GET"]}}],"collection":[{"href":"https:\/\/www.healthychoice.lt\/pl\/wp-json\/wp\/v2\/product"}],"about":[{"href":"https:\/\/www.healthychoice.lt\/pl\/wp-json\/wp\/v2\/types\/product"}],"wp:featuredmedia":[{"embeddable":true,"href":"https:\/\/www.healthychoice.lt\/pl\/wp-json\/wp\/v2\/media\/6072"}],"wp:attachment":[{"href":"https:\/\/www.healthychoice.lt\/pl\/wp-json\/wp\/v2\/media?parent=68"}],"wp:term":[{"taxonomy":"product_brand","embeddable":true,"href":"https:\/\/www.healthychoice.lt\/pl\/wp-json\/wp\/v2\/product_brand?post=68"},{"taxonomy":"product_cat","embeddable":true,"href":"https:\/\/www.healthychoice.lt\/pl\/wp-json\/wp\/v2\/product_cat?post=68"},{"taxonomy":"product_tag","embeddable":true,"href":"https:\/\/www.healthychoice.lt\/pl\/wp-json\/wp\/v2\/product_tag?post=68"}],"curies":[{"name":"wp","href":"https:\/\/api.w.org\/{rel}","templated":true}]}}