{"id":6684,"date":"2022-01-14T15:30:07","date_gmt":"2022-01-14T13:30:07","guid":{"rendered":"https:\/\/www.healthychoice.lt\/?post_type=product&#038;p=6684"},"modified":"2026-04-17T14:52:46","modified_gmt":"2026-04-17T11:52:46","slug":"healthy-choice-plaktuve-gertuve-700ml-1-variantas","status":"publish","type":"product","link":"https:\/\/www.healthychoice.lt\/pl\/produktai\/healthy-choice-plaktuve-gertuve-700ml-1-variantas\/","title":{"rendered":"\"Blender\/dzbanek Healthy Choice, 700 ml"},"content":{"rendered":"<h2 class=\"text-white\" style=\"text-align: center;\">Blender\/garnek Healthy Choice<\/h2>\n<p><strong>Blender\/miska Healthy Choice jest odpowiednia dla os\u00f3b aktywnych i uprawiaj\u0105cych sport.\u00a0<\/strong><\/p>\n<p>Cechy:<\/p>\n<ul>\n<li>Wykonane z tworzywa sztucznego bezpiecznego dla \u017cywno\u015bci<\/li>\n<li>Jednostki pomiaru wydajno\u015bci<\/li>\n<li>100% Trwa\u0142y nadruk<\/li>\n<li>100% szczelno\u015b\u0107<\/li>\n<\/ul>\n<p>Wykonany z certyfikowanego materia\u0142u. Podzia\u0142y pomiarowe wyra\u017anie widoczne.<\/p>","protected":false},"excerpt":{"rendered":"<p>Blender\/miska Healthy Choice jest odpowiednia dla os\u00f3b aktywnych i uprawiaj\u0105cych sport.<br \/>\nWykonany z certyfikowanego materia\u0142u. Podzia\u0142ki pomiarowe wyra\u017anie widoczne. Trwa\u0142y nadruk 100%.<\/p>","protected":false},"featured_media":8986,"template":"","meta":[],"product_brand":[],"product_cat":[50,49],"product_tag":[53,29,24],"class_list":{"0":"post-6684","1":"product","2":"type-product","3":"status-publish","4":"has-post-thumbnail","6":"product_cat-plaktuves","7":"product_cat-naujienos","8":"product_tag-exportui","9":"product_tag-kovo3","10":"product_tag-paprasti-produktai","12":"first","13":"instock","14":"taxable","15":"shipping-taxable","16":"purchasable","17":"product-type-simple"},"yoast_head":"<!-- This site is optimized with the Yoast SEO plugin v27.4 - https:\/\/yoast.com\/product\/yoast-seo-wordpress\/ -->\n<title>&quot;Healthy Choice&quot; plaktuv\u0117\/gertuv\u0117, 700ml| Healthy Choice<\/title>\n<meta name=\"robots\" content=\"index, follow, max-snippet:-1, max-image-preview:large, max-video-preview:-1\" \/>\n<link rel=\"canonical\" href=\"https:\/\/www.healthychoice.lt\/pl\/produktai\/healthy-choice-plaktuve-gertuve-700ml-1-variantas\/\" \/>\n<meta property=\"og:locale\" content=\"pl_PL\" \/>\n<meta property=\"og:type\" content=\"article\" \/>\n<meta property=\"og:title\" content=\"&quot;Healthy Choice&quot; plaktuv\u0117\/gertuv\u0117, 700ml| Healthy Choice\" \/>\n<meta property=\"og:description\" content=\"Healthy Choice plaktuv\u0117\/gertuv\u0117 tinka sportuojantiems ir aktyviems \u017emon\u0117ms. Pagaminta i\u0161 sertifikuotos med\u017eiagos. Gerai matomos matavimo padalos. 100% patvarus spaudinys.\" \/>\n<meta property=\"og:url\" content=\"https:\/\/www.healthychoice.lt\/pl\/produktai\/healthy-choice-plaktuve-gertuve-700ml-1-variantas\/\" \/>\n<meta property=\"og:site_name\" content=\"Healthy Choice\" \/>\n<meta property=\"article:publisher\" content=\"https:\/\/www.facebook.com\/healthychoice.world\/\" \/>\n<meta property=\"article:modified_time\" content=\"2026-04-17T11:52:46+00:00\" \/>\n<meta property=\"og:image\" content=\"https:\/\/www.healthychoice.lt\/wp-content\/uploads\/2023\/10\/gertuve-2-1.jpg\" \/>\n\t<meta property=\"og:image:width\" content=\"1024\" \/>\n\t<meta property=\"og:image:height\" content=\"1024\" \/>\n\t<meta property=\"og:image:type\" content=\"image\/jpeg\" \/>\n<meta name=\"twitter:card\" content=\"summary_large_image\" \/>\n<script type=\"application\/ld+json\" class=\"yoast-schema-graph\">{\"@context\":\"https:\\\/\\\/schema.org\",\"@graph\":[{\"@type\":\"WebPage\",\"@id\":\"https:\\\/\\\/www.healthychoice.lt\\\/pl\\\/produktai\\\/healthy-choice-plaktuve-gertuve-700ml-1-variantas\\\/\",\"url\":\"https:\\\/\\\/www.healthychoice.lt\\\/pl\\\/produktai\\\/healthy-choice-plaktuve-gertuve-700ml-1-variantas\\\/\",\"name\":\"\\\"Healthy Choice\\\" plaktuv\u0117\\\/gertuv\u0117, 700ml| Healthy Choice\",\"isPartOf\":{\"@id\":\"https:\\\/\\\/www.healthychoice.lt\\\/es\\\/#website\"},\"primaryImageOfPage\":{\"@id\":\"https:\\\/\\\/www.healthychoice.lt\\\/pl\\\/produktai\\\/healthy-choice-plaktuve-gertuve-700ml-1-variantas\\\/#primaryimage\"},\"image\":{\"@id\":\"https:\\\/\\\/www.healthychoice.lt\\\/pl\\\/produktai\\\/healthy-choice-plaktuve-gertuve-700ml-1-variantas\\\/#primaryimage\"},\"thumbnailUrl\":\"https:\\\/\\\/www.healthychoice.lt\\\/wp-content\\\/uploads\\\/2023\\\/10\\\/gertuve-2-1.jpg\",\"datePublished\":\"2022-01-14T13:30:07+00:00\",\"dateModified\":\"2026-04-17T11:52:46+00:00\",\"breadcrumb\":{\"@id\":\"https:\\\/\\\/www.healthychoice.lt\\\/pl\\\/produktai\\\/healthy-choice-plaktuve-gertuve-700ml-1-variantas\\\/#breadcrumb\"},\"inLanguage\":\"pl-PL\",\"potentialAction\":[{\"@type\":\"ReadAction\",\"target\":[\"https:\\\/\\\/www.healthychoice.lt\\\/pl\\\/produktai\\\/healthy-choice-plaktuve-gertuve-700ml-1-variantas\\\/\"]}]},{\"@type\":\"ImageObject\",\"inLanguage\":\"pl-PL\",\"@id\":\"https:\\\/\\\/www.healthychoice.lt\\\/pl\\\/produktai\\\/healthy-choice-plaktuve-gertuve-700ml-1-variantas\\\/#primaryimage\",\"url\":\"https:\\\/\\\/www.healthychoice.lt\\\/wp-content\\\/uploads\\\/2023\\\/10\\\/gertuve-2-1.jpg\",\"contentUrl\":\"https:\\\/\\\/www.healthychoice.lt\\\/wp-content\\\/uploads\\\/2023\\\/10\\\/gertuve-2-1.jpg\",\"width\":1024,\"height\":1024},{\"@type\":\"BreadcrumbList\",\"@id\":\"https:\\\/\\\/www.healthychoice.lt\\\/pl\\\/produktai\\\/healthy-choice-plaktuve-gertuve-700ml-1-variantas\\\/#breadcrumb\",\"itemListElement\":[{\"@type\":\"ListItem\",\"position\":1,\"name\":\"Home\",\"item\":\"https:\\\/\\\/www.healthychoice.lt\\\/\"},{\"@type\":\"ListItem\",\"position\":2,\"name\":\"Produktai\",\"item\":\"https:\\\/\\\/www.healthychoice.lt\\\/es\\\/produktai\\\/\"},{\"@type\":\"ListItem\",\"position\":3,\"name\":\"&#8222;Healthy Choice&#8221; plaktuv\u0117\\\/gertuv\u0117, 700ml\"}]},{\"@type\":\"WebSite\",\"@id\":\"https:\\\/\\\/www.healthychoice.lt\\\/es\\\/#website\",\"url\":\"https:\\\/\\\/www.healthychoice.lt\\\/es\\\/\",\"name\":\"Healthy Choice\",\"description\":\"Mityba, kuria gali pasitik\u0117ti!\",\"alternateName\":\"Healthychoice\",\"potentialAction\":[{\"@type\":\"SearchAction\",\"target\":{\"@type\":\"EntryPoint\",\"urlTemplate\":\"https:\\\/\\\/www.healthychoice.lt\\\/es\\\/?s={search_term_string}\"},\"query-input\":{\"@type\":\"PropertyValueSpecification\",\"valueRequired\":true,\"valueName\":\"search_term_string\"}}],\"inLanguage\":\"pl-PL\"}]}<\/script>\n<!-- \/ Yoast SEO plugin. -->","yoast_head_json":{"title":"\"Healthy Choice\" plaktuv\u0117\/gertuv\u0117, 700ml| Healthy Choice","robots":{"index":"index","follow":"follow","max-snippet":"max-snippet:-1","max-image-preview":"max-image-preview:large","max-video-preview":"max-video-preview:-1"},"canonical":"https:\/\/www.healthychoice.lt\/pl\/produktai\/healthy-choice-plaktuve-gertuve-700ml-1-variantas\/","og_locale":"pl_PL","og_type":"article","og_title":"\"Healthy Choice\" plaktuv\u0117\/gertuv\u0117, 700ml| Healthy Choice","og_description":"Healthy Choice plaktuv\u0117\/gertuv\u0117 tinka sportuojantiems ir aktyviems \u017emon\u0117ms. Pagaminta i\u0161 sertifikuotos med\u017eiagos. Gerai matomos matavimo padalos. 100% patvarus spaudinys.","og_url":"https:\/\/www.healthychoice.lt\/pl\/produktai\/healthy-choice-plaktuve-gertuve-700ml-1-variantas\/","og_site_name":"Healthy Choice","article_publisher":"https:\/\/www.facebook.com\/healthychoice.world\/","article_modified_time":"2026-04-17T11:52:46+00:00","og_image":[{"width":1024,"height":1024,"url":"https:\/\/www.healthychoice.lt\/wp-content\/uploads\/2023\/10\/gertuve-2-1.jpg","type":"image\/jpeg"}],"twitter_card":"summary_large_image","schema":{"@context":"https:\/\/schema.org","@graph":[{"@type":"WebPage","@id":"https:\/\/www.healthychoice.lt\/pl\/produktai\/healthy-choice-plaktuve-gertuve-700ml-1-variantas\/","url":"https:\/\/www.healthychoice.lt\/pl\/produktai\/healthy-choice-plaktuve-gertuve-700ml-1-variantas\/","name":"\"Healthy Choice\" plaktuv\u0117\/gertuv\u0117, 700ml| Healthy Choice","isPartOf":{"@id":"https:\/\/www.healthychoice.lt\/es\/#website"},"primaryImageOfPage":{"@id":"https:\/\/www.healthychoice.lt\/pl\/produktai\/healthy-choice-plaktuve-gertuve-700ml-1-variantas\/#primaryimage"},"image":{"@id":"https:\/\/www.healthychoice.lt\/pl\/produktai\/healthy-choice-plaktuve-gertuve-700ml-1-variantas\/#primaryimage"},"thumbnailUrl":"https:\/\/www.healthychoice.lt\/wp-content\/uploads\/2023\/10\/gertuve-2-1.jpg","datePublished":"2022-01-14T13:30:07+00:00","dateModified":"2026-04-17T11:52:46+00:00","breadcrumb":{"@id":"https:\/\/www.healthychoice.lt\/pl\/produktai\/healthy-choice-plaktuve-gertuve-700ml-1-variantas\/#breadcrumb"},"inLanguage":"pl-PL","potentialAction":[{"@type":"ReadAction","target":["https:\/\/www.healthychoice.lt\/pl\/produktai\/healthy-choice-plaktuve-gertuve-700ml-1-variantas\/"]}]},{"@type":"ImageObject","inLanguage":"pl-PL","@id":"https:\/\/www.healthychoice.lt\/pl\/produktai\/healthy-choice-plaktuve-gertuve-700ml-1-variantas\/#primaryimage","url":"https:\/\/www.healthychoice.lt\/wp-content\/uploads\/2023\/10\/gertuve-2-1.jpg","contentUrl":"https:\/\/www.healthychoice.lt\/wp-content\/uploads\/2023\/10\/gertuve-2-1.jpg","width":1024,"height":1024},{"@type":"BreadcrumbList","@id":"https:\/\/www.healthychoice.lt\/pl\/produktai\/healthy-choice-plaktuve-gertuve-700ml-1-variantas\/#breadcrumb","itemListElement":[{"@type":"ListItem","position":1,"name":"Home","item":"https:\/\/www.healthychoice.lt\/"},{"@type":"ListItem","position":2,"name":"Produktai","item":"https:\/\/www.healthychoice.lt\/es\/produktai\/"},{"@type":"ListItem","position":3,"name":"&#8222;Healthy Choice&#8221; plaktuv\u0117\/gertuv\u0117, 700ml"}]},{"@type":"WebSite","@id":"https:\/\/www.healthychoice.lt\/es\/#website","url":"https:\/\/www.healthychoice.lt\/es\/","name":"Healthy Choice","description":"Dieta, kt\u00f3rej mo\u017cesz zaufa\u0107!","alternateName":"Healthychoice","potentialAction":[{"@type":"SearchAction","target":{"@type":"EntryPoint","urlTemplate":"https:\/\/www.healthychoice.lt\/es\/?s={search_term_string}"},"query-input":{"@type":"PropertyValueSpecification","valueRequired":true,"valueName":"search_term_string"}}],"inLanguage":"pl-PL"}]}},"_links":{"self":[{"href":"https:\/\/www.healthychoice.lt\/pl\/wp-json\/wp\/v2\/product\/6684","targetHints":{"allow":["GET"]}}],"collection":[{"href":"https:\/\/www.healthychoice.lt\/pl\/wp-json\/wp\/v2\/product"}],"about":[{"href":"https:\/\/www.healthychoice.lt\/pl\/wp-json\/wp\/v2\/types\/product"}],"wp:featuredmedia":[{"embeddable":true,"href":"https:\/\/www.healthychoice.lt\/pl\/wp-json\/wp\/v2\/media\/8986"}],"wp:attachment":[{"href":"https:\/\/www.healthychoice.lt\/pl\/wp-json\/wp\/v2\/media?parent=6684"}],"wp:term":[{"taxonomy":"product_brand","embeddable":true,"href":"https:\/\/www.healthychoice.lt\/pl\/wp-json\/wp\/v2\/product_brand?post=6684"},{"taxonomy":"product_cat","embeddable":true,"href":"https:\/\/www.healthychoice.lt\/pl\/wp-json\/wp\/v2\/product_cat?post=6684"},{"taxonomy":"product_tag","embeddable":true,"href":"https:\/\/www.healthychoice.lt\/pl\/wp-json\/wp\/v2\/product_tag?post=6684"}],"curies":[{"name":"wp","href":"https:\/\/api.w.org\/{rel}","templated":true}]}}