{"id":5907,"date":"2023-06-20T22:22:58","date_gmt":"2023-06-20T19:22:58","guid":{"rendered":"https:\/\/www.healthychoice.lt\/?post_type=product&#038;p=5907"},"modified":"2026-04-13T18:35:41","modified_gmt":"2026-04-13T15:35:41","slug":"melatoninas-tryptofan-b6","status":"publish","type":"product","link":"https:\/\/www.healthychoice.lt\/pl\/produktai\/melatoninas-tryptofan-b6\/","title":{"rendered":"Melatonina + Tryptofan + B6 120 tabletek"},"content":{"rendered":"<p>Suplement diety<\/p>\n<p>Melatonina pomaga skr\u00f3ci\u0107 czas potrzebny do za\u015bni\u0119cia. L-tryptofan jest aminokwasem niezb\u0119dnym do produkcji bia\u0142ek bior\u0105cych udzia\u0142 w syntezie melatoniny i serotoniny. Witamina B6 pomaga w utrzymaniu prawid\u0142owego metabolizmu energetycznego, prawid\u0142owego funkcjonowania uk\u0142adu nerwowego, prawid\u0142owego metabolizmu homocysteiny oraz prawid\u0142owego metabolizmu bia\u0142ka i glikogenu.<\/p>\n<p>120 tabletek<br \/>\nWaga netto: 32,4 g<\/p>\n<p><strong>WNIOSKI:<\/strong><br \/>\nsubstancje wype\u0142niaj\u0105ce: celuloza mikrokrystaliczna, wodorofosforan wapnia; L-tryptofan, substancje klej\u0105ce: stearynian magnezu, dwutlenek krzemu; chlorowodorek pirydoksyny, melatonina.<\/p>\n<p><strong>SK\u0141ADNIKI (1 tabletka):<\/strong><br \/>\nL-tryptofan 40 mg<br \/>\nWitamina B6 6 mg (428,4 % RMV*)<br \/>\nMelatonina 1 mg<\/p>\n<p>RMV* (Referencyjna Warto\u015b\u0107 Od\u017cywcza).<\/p>\n<p><strong>ZASTOSOWANIE:<\/strong><br \/>\nDoro\u015bli przyjmuj\u0105 1 tabletk\u0119 dziennie przed snem.<br \/>\nPrzechowywa\u0107 w miejscu niedost\u0119pnym dla dzieci!<br \/>\nNie nale\u017cy przekracza\u0107 zalecanej dawki dziennej!<br \/>\nPrzechowywa\u0107 w oryginalnym opakowaniu, w suchym miejscu, w temperaturze pokojowej!<br \/>\nNie nale\u017cy stosowa\u0107 suplement\u00f3w diety jako substytutu zdrowej i zbilansowanej diety!<\/p>\n<p><strong>OSTRZE\u017bENIE:<\/strong><\/p>\n<p>Nie przekracza\u0107 zalecanej dawki dziennej. Przechowywa\u0107 w temperaturze +25\u00b0C, w miejscu niedost\u0119pnym dla dzieci. Nie zaleca si\u0119 stosowania w okresie ci\u0105\u017cy, u matek karmi\u0105cych piersi\u0105, u os\u00f3b z chorobami autoimmunologicznymi i u dzieci. Kierowcy powinni przyjmowa\u0107 lek ostro\u017cnie, poniewa\u017c tabletki mog\u0105 powodowa\u0107 senno\u015b\u0107 i spowalnia\u0107 szybko\u015b\u0107 reakcji.<\/p>","protected":false},"excerpt":{"rendered":"<p>Suplement diety<\/p>\n<p>120 tabletek<br \/>\nWaga netto: 32,4 g<\/p>","protected":false},"featured_media":6064,"template":"","meta":[],"product_brand":[],"product_cat":[52,15],"product_tag":[53,60,48],"class_list":{"0":"post-5907","1":"product","2":"type-product","3":"status-publish","4":"has-post-thumbnail","6":"product_cat-akcijos","7":"product_cat-kita","8":"product_tag-exportui","9":"product_tag-groziui-ir-sveikatai","10":"product_tag-vitaminai","12":"first","13":"instock","14":"sale","15":"taxable","16":"shipping-taxable","17":"purchasable","18":"product-type-simple"},"yoast_head":"<!-- This site is optimized with the Yoast SEO plugin v27.4 - https:\/\/yoast.com\/product\/yoast-seo-wordpress\/ -->\n<title>Melatoninas + Tryptofan + B6 120 table\u010di\u0173 | Healthy Choice<\/title>\n<meta name=\"robots\" content=\"index, follow, max-snippet:-1, max-image-preview:large, max-video-preview:-1\" \/>\n<link rel=\"canonical\" href=\"https:\/\/www.healthychoice.lt\/pl\/produktai\/melatoninas-tryptofan-b6\/\" \/>\n<meta property=\"og:locale\" content=\"pl_PL\" \/>\n<meta property=\"og:type\" content=\"article\" \/>\n<meta property=\"og:title\" content=\"Melatoninas + Tryptofan + B6 120 table\u010di\u0173 | Healthy Choice\" \/>\n<meta property=\"og:description\" content=\"Maisto papildas  120 table\u010di\u0173 Grynasis svoris: 32,4g\" \/>\n<meta property=\"og:url\" content=\"https:\/\/www.healthychoice.lt\/pl\/produktai\/melatoninas-tryptofan-b6\/\" \/>\n<meta property=\"og:site_name\" content=\"Healthy Choice\" \/>\n<meta property=\"article:publisher\" content=\"https:\/\/www.facebook.com\/healthychoice.world\/\" \/>\n<meta property=\"article:modified_time\" content=\"2026-04-13T15:35:41+00:00\" \/>\n<meta property=\"og:image\" content=\"https:\/\/www.healthychoice.lt\/wp-content\/uploads\/2023\/06\/Melatoninas-Vitaminas-B6-min.jpg\" \/>\n\t<meta property=\"og:image:width\" content=\"1024\" \/>\n\t<meta property=\"og:image:height\" content=\"1024\" \/>\n\t<meta property=\"og:image:type\" content=\"image\/jpeg\" \/>\n<meta name=\"twitter:card\" content=\"summary_large_image\" \/>\n<meta name=\"twitter:label1\" content=\"Szacowany czas czytania\" \/>\n\t<meta name=\"twitter:data1\" content=\"2 minuty\" \/>\n<script type=\"application\/ld+json\" class=\"yoast-schema-graph\">{\"@context\":\"https:\\\/\\\/schema.org\",\"@graph\":[{\"@type\":\"WebPage\",\"@id\":\"https:\\\/\\\/www.healthychoice.lt\\\/produktai\\\/melatoninas-tryptofan-b6\\\/\",\"url\":\"https:\\\/\\\/www.healthychoice.lt\\\/produktai\\\/melatoninas-tryptofan-b6\\\/\",\"name\":\"Melatoninas + Tryptofan + B6 120 table\u010di\u0173 | Healthy Choice\",\"isPartOf\":{\"@id\":\"https:\\\/\\\/www.healthychoice.lt\\\/es\\\/#website\"},\"primaryImageOfPage\":{\"@id\":\"https:\\\/\\\/www.healthychoice.lt\\\/produktai\\\/melatoninas-tryptofan-b6\\\/#primaryimage\"},\"image\":{\"@id\":\"https:\\\/\\\/www.healthychoice.lt\\\/produktai\\\/melatoninas-tryptofan-b6\\\/#primaryimage\"},\"thumbnailUrl\":\"https:\\\/\\\/www.healthychoice.lt\\\/wp-content\\\/uploads\\\/2023\\\/06\\\/Melatoninas-Vitaminas-B6-min.jpg\",\"datePublished\":\"2023-06-20T19:22:58+00:00\",\"dateModified\":\"2026-04-13T15:35:41+00:00\",\"breadcrumb\":{\"@id\":\"https:\\\/\\\/www.healthychoice.lt\\\/produktai\\\/melatoninas-tryptofan-b6\\\/#breadcrumb\"},\"inLanguage\":\"pl-PL\",\"potentialAction\":[{\"@type\":\"ReadAction\",\"target\":[\"https:\\\/\\\/www.healthychoice.lt\\\/produktai\\\/melatoninas-tryptofan-b6\\\/\"]}]},{\"@type\":\"ImageObject\",\"inLanguage\":\"pl-PL\",\"@id\":\"https:\\\/\\\/www.healthychoice.lt\\\/produktai\\\/melatoninas-tryptofan-b6\\\/#primaryimage\",\"url\":\"https:\\\/\\\/www.healthychoice.lt\\\/wp-content\\\/uploads\\\/2023\\\/06\\\/Melatoninas-Vitaminas-B6-min.jpg\",\"contentUrl\":\"https:\\\/\\\/www.healthychoice.lt\\\/wp-content\\\/uploads\\\/2023\\\/06\\\/Melatoninas-Vitaminas-B6-min.jpg\",\"width\":1024,\"height\":1024},{\"@type\":\"BreadcrumbList\",\"@id\":\"https:\\\/\\\/www.healthychoice.lt\\\/produktai\\\/melatoninas-tryptofan-b6\\\/#breadcrumb\",\"itemListElement\":[{\"@type\":\"ListItem\",\"position\":1,\"name\":\"Home\",\"item\":\"https:\\\/\\\/www.healthychoice.lt\\\/\"},{\"@type\":\"ListItem\",\"position\":2,\"name\":\"Produktai\",\"item\":\"https:\\\/\\\/www.healthychoice.lt\\\/es\\\/produktai\\\/\"},{\"@type\":\"ListItem\",\"position\":3,\"name\":\"Melatoninas + Tryptofan + B6 120 table\u010di\u0173\"}]},{\"@type\":\"WebSite\",\"@id\":\"https:\\\/\\\/www.healthychoice.lt\\\/es\\\/#website\",\"url\":\"https:\\\/\\\/www.healthychoice.lt\\\/es\\\/\",\"name\":\"Healthy Choice\",\"description\":\"Mityba, kuria gali pasitik\u0117ti!\",\"alternateName\":\"Healthychoice\",\"potentialAction\":[{\"@type\":\"SearchAction\",\"target\":{\"@type\":\"EntryPoint\",\"urlTemplate\":\"https:\\\/\\\/www.healthychoice.lt\\\/es\\\/?s={search_term_string}\"},\"query-input\":{\"@type\":\"PropertyValueSpecification\",\"valueRequired\":true,\"valueName\":\"search_term_string\"}}],\"inLanguage\":\"pl-PL\"}]}<\/script>\n<!-- \/ Yoast SEO plugin. -->","yoast_head_json":{"title":"Melatoninas + Tryptofan + B6 120 table\u010di\u0173 | Healthy Choice","robots":{"index":"index","follow":"follow","max-snippet":"max-snippet:-1","max-image-preview":"max-image-preview:large","max-video-preview":"max-video-preview:-1"},"canonical":"https:\/\/www.healthychoice.lt\/pl\/produktai\/melatoninas-tryptofan-b6\/","og_locale":"pl_PL","og_type":"article","og_title":"Melatoninas + Tryptofan + B6 120 table\u010di\u0173 | Healthy Choice","og_description":"Maisto papildas  120 table\u010di\u0173 Grynasis svoris: 32,4g","og_url":"https:\/\/www.healthychoice.lt\/pl\/produktai\/melatoninas-tryptofan-b6\/","og_site_name":"Healthy Choice","article_publisher":"https:\/\/www.facebook.com\/healthychoice.world\/","article_modified_time":"2026-04-13T15:35:41+00:00","og_image":[{"width":1024,"height":1024,"url":"https:\/\/www.healthychoice.lt\/wp-content\/uploads\/2023\/06\/Melatoninas-Vitaminas-B6-min.jpg","type":"image\/jpeg"}],"twitter_card":"summary_large_image","twitter_misc":{"Szacowany czas czytania":"2 minuty"},"schema":{"@context":"https:\/\/schema.org","@graph":[{"@type":"WebPage","@id":"https:\/\/www.healthychoice.lt\/produktai\/melatoninas-tryptofan-b6\/","url":"https:\/\/www.healthychoice.lt\/produktai\/melatoninas-tryptofan-b6\/","name":"Melatoninas + Tryptofan + B6 120 table\u010di\u0173 | Healthy Choice","isPartOf":{"@id":"https:\/\/www.healthychoice.lt\/es\/#website"},"primaryImageOfPage":{"@id":"https:\/\/www.healthychoice.lt\/produktai\/melatoninas-tryptofan-b6\/#primaryimage"},"image":{"@id":"https:\/\/www.healthychoice.lt\/produktai\/melatoninas-tryptofan-b6\/#primaryimage"},"thumbnailUrl":"https:\/\/www.healthychoice.lt\/wp-content\/uploads\/2023\/06\/Melatoninas-Vitaminas-B6-min.jpg","datePublished":"2023-06-20T19:22:58+00:00","dateModified":"2026-04-13T15:35:41+00:00","breadcrumb":{"@id":"https:\/\/www.healthychoice.lt\/produktai\/melatoninas-tryptofan-b6\/#breadcrumb"},"inLanguage":"pl-PL","potentialAction":[{"@type":"ReadAction","target":["https:\/\/www.healthychoice.lt\/produktai\/melatoninas-tryptofan-b6\/"]}]},{"@type":"ImageObject","inLanguage":"pl-PL","@id":"https:\/\/www.healthychoice.lt\/produktai\/melatoninas-tryptofan-b6\/#primaryimage","url":"https:\/\/www.healthychoice.lt\/wp-content\/uploads\/2023\/06\/Melatoninas-Vitaminas-B6-min.jpg","contentUrl":"https:\/\/www.healthychoice.lt\/wp-content\/uploads\/2023\/06\/Melatoninas-Vitaminas-B6-min.jpg","width":1024,"height":1024},{"@type":"BreadcrumbList","@id":"https:\/\/www.healthychoice.lt\/produktai\/melatoninas-tryptofan-b6\/#breadcrumb","itemListElement":[{"@type":"ListItem","position":1,"name":"Home","item":"https:\/\/www.healthychoice.lt\/"},{"@type":"ListItem","position":2,"name":"Produktai","item":"https:\/\/www.healthychoice.lt\/es\/produktai\/"},{"@type":"ListItem","position":3,"name":"Melatoninas + Tryptofan + B6 120 table\u010di\u0173"}]},{"@type":"WebSite","@id":"https:\/\/www.healthychoice.lt\/es\/#website","url":"https:\/\/www.healthychoice.lt\/es\/","name":"Healthy Choice","description":"Dieta, kt\u00f3rej mo\u017cesz zaufa\u0107!","alternateName":"Healthychoice","potentialAction":[{"@type":"SearchAction","target":{"@type":"EntryPoint","urlTemplate":"https:\/\/www.healthychoice.lt\/es\/?s={search_term_string}"},"query-input":{"@type":"PropertyValueSpecification","valueRequired":true,"valueName":"search_term_string"}}],"inLanguage":"pl-PL"}]}},"_links":{"self":[{"href":"https:\/\/www.healthychoice.lt\/pl\/wp-json\/wp\/v2\/product\/5907","targetHints":{"allow":["GET"]}}],"collection":[{"href":"https:\/\/www.healthychoice.lt\/pl\/wp-json\/wp\/v2\/product"}],"about":[{"href":"https:\/\/www.healthychoice.lt\/pl\/wp-json\/wp\/v2\/types\/product"}],"wp:featuredmedia":[{"embeddable":true,"href":"https:\/\/www.healthychoice.lt\/pl\/wp-json\/wp\/v2\/media\/6064"}],"wp:attachment":[{"href":"https:\/\/www.healthychoice.lt\/pl\/wp-json\/wp\/v2\/media?parent=5907"}],"wp:term":[{"taxonomy":"product_brand","embeddable":true,"href":"https:\/\/www.healthychoice.lt\/pl\/wp-json\/wp\/v2\/product_brand?post=5907"},{"taxonomy":"product_cat","embeddable":true,"href":"https:\/\/www.healthychoice.lt\/pl\/wp-json\/wp\/v2\/product_cat?post=5907"},{"taxonomy":"product_tag","embeddable":true,"href":"https:\/\/www.healthychoice.lt\/pl\/wp-json\/wp\/v2\/product_tag?post=5907"}],"curies":[{"name":"wp","href":"https:\/\/api.w.org\/{rel}","templated":true}]}}