{"id":5352,"date":"2023-05-02T10:04:33","date_gmt":"2023-05-02T07:04:33","guid":{"rendered":"https:\/\/www.healthychoice.lt\/?post_type=product&#038;p=5352"},"modified":"2026-05-02T13:04:45","modified_gmt":"2026-05-02T10:04:45","slug":"vitaminas-d3","status":"publish","type":"product","link":"https:\/\/www.healthychoice.lt\/pl\/produktai\/vitaminas-d3\/","title":{"rendered":"Witaminy D3 4000IU z oliw\u0105 z oliwek Healthy Choice 120 kapsu\u0142ek"},"content":{"rendered":"<h1 class=\"western\" align=\"JUSTIFY\"><b>Witamina D3 4000IU z oliw\u0105 z oliwek<\/b><\/h1>\n<p>Suplement diety<\/p>\n<p align=\"JUSTIFY\">120 kapsu\u0142ek \/ 130 g Zawarto\u015b\u0107 netto<\/p>\n<p align=\"JUSTIFY\">Witamina D pomaga w utrzymaniu prawid\u0142owego funkcjonowania uk\u0142adu odporno\u015bciowego, zdrowia ko\u015bci i z\u0119b\u00f3w, funkcjonowania mi\u0119\u015bni, wch\u0142aniania\/odbierania wapnia i fosforu oraz poziomu wapnia we krwi. Witamina D odgrywa rol\u0119 w podziale kom\u00f3rek.<\/p>\n<h2 class=\"western\" align=\"JUSTIFY\">SK\u0141ADNIKI<\/h2>\n<p align=\"JUSTIFY\">Oliwa z oliwek, otoczka kapsu\u0142ki - \u017celatyna, substancja utrzymuj\u0105ca wilgo\u0107 - glicerol, woda, cholekalcyferol.<\/p>\n<p align=\"JUSTIFY\">1 kapsu\u0142ka zawiera (RMV*, %): witamina D3 100 \u03bcg (2000 %), oliwa z oliwek 146 mg.<\/p>\n<p align=\"JUSTIFY\">*RMV (Referencyjna Warto\u015b\u0107 Od\u017cywcza).<\/p>\n<h2 class=\"western\" align=\"JUSTIFY\">KONSUMPCJA<\/h2>\n<p align=\"JUSTIFY\">Zaleca si\u0119 przyjmowanie 1 kapsu\u0142ki dziennie. Przyjmowa\u0107 doustnie. Nie przekracza\u0107 zalecanej dawki.<\/p>\n<h2 class=\"western\" align=\"JUSTIFY\">OSTRZE\u017bENIA<\/h2>\n<p align=\"JUSTIFY\">Suplement diety mo\u017ce by\u0107 przyjmowany wy\u0142\u0105cznie przez osoby doros\u0142e w wieku co najmniej 18 lat. Przechowywa\u0107 w temperaturze nieprzekraczaj\u0105cej +25\u00b0C, w ciemnym miejscu niedost\u0119pnym dla dzieci, w oryginalnym opakowaniu. Suplement diety nie mo\u017ce by\u0107 stosowany jako substytut diety. Wa\u017cna jest zr\u00f3\u017cnicowana i zbilansowana dieta oraz zdrowy tryb \u017cycia.<\/p>","protected":false},"excerpt":{"rendered":"<p>Suplement diety<\/p>\n<p>120 kapsu\u0142ek \/ 130 g Zawarto\u015b\u0107 netto<\/p>","protected":false},"featured_media":5353,"template":"","meta":[],"product_brand":[],"product_cat":[52,15,103],"product_tag":[53,60,24,48,57],"class_list":{"0":"post-5352","1":"product","2":"type-product","3":"status-publish","4":"has-post-thumbnail","6":"product_cat-akcijos","7":"product_cat-kita","8":"product_cat-maisto-papildai","9":"product_tag-exportui","10":"product_tag-groziui-ir-sveikatai","11":"product_tag-paprasti-produktai","12":"product_tag-vitaminai","13":"product_tag-vitamindas-d-dovana-riesutu-uztepas","15":"first","16":"instock","17":"sale","18":"taxable","19":"shipping-taxable","20":"purchasable","21":"product-type-simple"},"yoast_head":"<!-- This site is optimized with the Yoast SEO plugin v27.5 - https:\/\/yoast.com\/product\/yoast-seo-wordpress\/ -->\n<title>Vitaminai D3 4000IU su alyvuogi\u0173 aliejumi &quot;Healthy Choice&quot; 120 kapsuli\u0173 | Healthy Choice<\/title>\n<meta name=\"robots\" content=\"index, follow, max-snippet:-1, max-image-preview:large, max-video-preview:-1\" \/>\n<link rel=\"canonical\" href=\"https:\/\/www.healthychoice.lt\/pl\/produktai\/vitaminas-d3\/\" \/>\n<meta property=\"og:locale\" content=\"pl_PL\" \/>\n<meta property=\"og:type\" content=\"article\" \/>\n<meta property=\"og:title\" content=\"Vitaminai D3 4000IU su alyvuogi\u0173 aliejumi &quot;Healthy Choice&quot; 120 kapsuli\u0173 | Healthy Choice\" \/>\n<meta property=\"og:description\" content=\"Maisto papildas  120 kapsuli\u0173 \/ 130g Grynasis kiekis\" \/>\n<meta property=\"og:url\" content=\"https:\/\/www.healthychoice.lt\/pl\/produktai\/vitaminas-d3\/\" \/>\n<meta property=\"og:site_name\" content=\"Healthy Choice\" \/>\n<meta property=\"article:publisher\" content=\"https:\/\/www.facebook.com\/healthychoice.world\/\" \/>\n<meta property=\"article:modified_time\" content=\"2026-05-02T10:04:45+00:00\" \/>\n<meta property=\"og:image\" content=\"https:\/\/www.healthychoice.lt\/wp-content\/uploads\/2023\/05\/vitaminas-D3-min.jpg\" \/>\n\t<meta property=\"og:image:width\" content=\"1024\" \/>\n\t<meta property=\"og:image:height\" content=\"1024\" \/>\n\t<meta property=\"og:image:type\" content=\"image\/jpeg\" \/>\n<meta name=\"twitter:card\" content=\"summary_large_image\" \/>\n<meta name=\"twitter:label1\" content=\"Szacowany czas czytania\" \/>\n\t<meta name=\"twitter:data1\" content=\"1 minuta\" \/>\n<script type=\"application\/ld+json\" class=\"yoast-schema-graph\">{\"@context\":\"https:\\\/\\\/schema.org\",\"@graph\":[{\"@type\":\"WebPage\",\"@id\":\"https:\\\/\\\/www.healthychoice.lt\\\/produktai\\\/vitaminas-d3\\\/\",\"url\":\"https:\\\/\\\/www.healthychoice.lt\\\/produktai\\\/vitaminas-d3\\\/\",\"name\":\"Vitaminai D3 4000IU su alyvuogi\u0173 aliejumi \\\"Healthy Choice\\\" 120 kapsuli\u0173 | Healthy Choice\",\"isPartOf\":{\"@id\":\"https:\\\/\\\/www.healthychoice.lt\\\/es\\\/#website\"},\"primaryImageOfPage\":{\"@id\":\"https:\\\/\\\/www.healthychoice.lt\\\/produktai\\\/vitaminas-d3\\\/#primaryimage\"},\"image\":{\"@id\":\"https:\\\/\\\/www.healthychoice.lt\\\/produktai\\\/vitaminas-d3\\\/#primaryimage\"},\"thumbnailUrl\":\"https:\\\/\\\/www.healthychoice.lt\\\/wp-content\\\/uploads\\\/2023\\\/05\\\/vitaminas-D3-min.jpg\",\"datePublished\":\"2023-05-02T07:04:33+00:00\",\"dateModified\":\"2026-05-02T10:04:45+00:00\",\"breadcrumb\":{\"@id\":\"https:\\\/\\\/www.healthychoice.lt\\\/produktai\\\/vitaminas-d3\\\/#breadcrumb\"},\"inLanguage\":\"pl-PL\",\"potentialAction\":[{\"@type\":\"ReadAction\",\"target\":[\"https:\\\/\\\/www.healthychoice.lt\\\/produktai\\\/vitaminas-d3\\\/\"]}]},{\"@type\":\"ImageObject\",\"inLanguage\":\"pl-PL\",\"@id\":\"https:\\\/\\\/www.healthychoice.lt\\\/produktai\\\/vitaminas-d3\\\/#primaryimage\",\"url\":\"https:\\\/\\\/www.healthychoice.lt\\\/wp-content\\\/uploads\\\/2023\\\/05\\\/vitaminas-D3-min.jpg\",\"contentUrl\":\"https:\\\/\\\/www.healthychoice.lt\\\/wp-content\\\/uploads\\\/2023\\\/05\\\/vitaminas-D3-min.jpg\",\"width\":1024,\"height\":1024},{\"@type\":\"BreadcrumbList\",\"@id\":\"https:\\\/\\\/www.healthychoice.lt\\\/produktai\\\/vitaminas-d3\\\/#breadcrumb\",\"itemListElement\":[{\"@type\":\"ListItem\",\"position\":1,\"name\":\"Home\",\"item\":\"https:\\\/\\\/www.healthychoice.lt\\\/\"},{\"@type\":\"ListItem\",\"position\":2,\"name\":\"Produktai\",\"item\":\"https:\\\/\\\/www.healthychoice.lt\\\/es\\\/produktai\\\/\"},{\"@type\":\"ListItem\",\"position\":3,\"name\":\"Vitaminai D3 4000IU su alyvuogi\u0173 aliejumi &#8222;Healthy Choice&#8221; 120 kapsuli\u0173\"}]},{\"@type\":\"WebSite\",\"@id\":\"https:\\\/\\\/www.healthychoice.lt\\\/es\\\/#website\",\"url\":\"https:\\\/\\\/www.healthychoice.lt\\\/es\\\/\",\"name\":\"Healthy Choice\",\"description\":\"Mityba, kuria gali pasitik\u0117ti!\",\"alternateName\":\"Healthychoice\",\"potentialAction\":[{\"@type\":\"SearchAction\",\"target\":{\"@type\":\"EntryPoint\",\"urlTemplate\":\"https:\\\/\\\/www.healthychoice.lt\\\/es\\\/?s={search_term_string}\"},\"query-input\":{\"@type\":\"PropertyValueSpecification\",\"valueRequired\":true,\"valueName\":\"search_term_string\"}}],\"inLanguage\":\"pl-PL\"}]}<\/script>\n<!-- \/ Yoast SEO plugin. -->","yoast_head_json":{"title":"Vitaminai D3 4000IU su alyvuogi\u0173 aliejumi \"Healthy Choice\" 120 kapsuli\u0173 | Healthy Choice","robots":{"index":"index","follow":"follow","max-snippet":"max-snippet:-1","max-image-preview":"max-image-preview:large","max-video-preview":"max-video-preview:-1"},"canonical":"https:\/\/www.healthychoice.lt\/pl\/produktai\/vitaminas-d3\/","og_locale":"pl_PL","og_type":"article","og_title":"Vitaminai D3 4000IU su alyvuogi\u0173 aliejumi \"Healthy Choice\" 120 kapsuli\u0173 | Healthy Choice","og_description":"Maisto papildas  120 kapsuli\u0173 \/ 130g Grynasis kiekis","og_url":"https:\/\/www.healthychoice.lt\/pl\/produktai\/vitaminas-d3\/","og_site_name":"Healthy Choice","article_publisher":"https:\/\/www.facebook.com\/healthychoice.world\/","article_modified_time":"2026-05-02T10:04:45+00:00","og_image":[{"width":1024,"height":1024,"url":"https:\/\/www.healthychoice.lt\/wp-content\/uploads\/2023\/05\/vitaminas-D3-min.jpg","type":"image\/jpeg"}],"twitter_card":"summary_large_image","twitter_misc":{"Szacowany czas czytania":"1 minuta"},"schema":{"@context":"https:\/\/schema.org","@graph":[{"@type":"WebPage","@id":"https:\/\/www.healthychoice.lt\/produktai\/vitaminas-d3\/","url":"https:\/\/www.healthychoice.lt\/produktai\/vitaminas-d3\/","name":"Vitaminai D3 4000IU su alyvuogi\u0173 aliejumi \"Healthy Choice\" 120 kapsuli\u0173 | Healthy Choice","isPartOf":{"@id":"https:\/\/www.healthychoice.lt\/es\/#website"},"primaryImageOfPage":{"@id":"https:\/\/www.healthychoice.lt\/produktai\/vitaminas-d3\/#primaryimage"},"image":{"@id":"https:\/\/www.healthychoice.lt\/produktai\/vitaminas-d3\/#primaryimage"},"thumbnailUrl":"https:\/\/www.healthychoice.lt\/wp-content\/uploads\/2023\/05\/vitaminas-D3-min.jpg","datePublished":"2023-05-02T07:04:33+00:00","dateModified":"2026-05-02T10:04:45+00:00","breadcrumb":{"@id":"https:\/\/www.healthychoice.lt\/produktai\/vitaminas-d3\/#breadcrumb"},"inLanguage":"pl-PL","potentialAction":[{"@type":"ReadAction","target":["https:\/\/www.healthychoice.lt\/produktai\/vitaminas-d3\/"]}]},{"@type":"ImageObject","inLanguage":"pl-PL","@id":"https:\/\/www.healthychoice.lt\/produktai\/vitaminas-d3\/#primaryimage","url":"https:\/\/www.healthychoice.lt\/wp-content\/uploads\/2023\/05\/vitaminas-D3-min.jpg","contentUrl":"https:\/\/www.healthychoice.lt\/wp-content\/uploads\/2023\/05\/vitaminas-D3-min.jpg","width":1024,"height":1024},{"@type":"BreadcrumbList","@id":"https:\/\/www.healthychoice.lt\/produktai\/vitaminas-d3\/#breadcrumb","itemListElement":[{"@type":"ListItem","position":1,"name":"Home","item":"https:\/\/www.healthychoice.lt\/"},{"@type":"ListItem","position":2,"name":"Produktai","item":"https:\/\/www.healthychoice.lt\/es\/produktai\/"},{"@type":"ListItem","position":3,"name":"Vitaminai D3 4000IU su alyvuogi\u0173 aliejumi &#8222;Healthy Choice&#8221; 120 kapsuli\u0173"}]},{"@type":"WebSite","@id":"https:\/\/www.healthychoice.lt\/es\/#website","url":"https:\/\/www.healthychoice.lt\/es\/","name":"Healthy Choice","description":"Dieta, kt\u00f3rej mo\u017cesz zaufa\u0107!","alternateName":"Healthychoice","potentialAction":[{"@type":"SearchAction","target":{"@type":"EntryPoint","urlTemplate":"https:\/\/www.healthychoice.lt\/es\/?s={search_term_string}"},"query-input":{"@type":"PropertyValueSpecification","valueRequired":true,"valueName":"search_term_string"}}],"inLanguage":"pl-PL"}]}},"_links":{"self":[{"href":"https:\/\/www.healthychoice.lt\/pl\/wp-json\/wp\/v2\/product\/5352","targetHints":{"allow":["GET"]}}],"collection":[{"href":"https:\/\/www.healthychoice.lt\/pl\/wp-json\/wp\/v2\/product"}],"about":[{"href":"https:\/\/www.healthychoice.lt\/pl\/wp-json\/wp\/v2\/types\/product"}],"wp:featuredmedia":[{"embeddable":true,"href":"https:\/\/www.healthychoice.lt\/pl\/wp-json\/wp\/v2\/media\/5353"}],"wp:attachment":[{"href":"https:\/\/www.healthychoice.lt\/pl\/wp-json\/wp\/v2\/media?parent=5352"}],"wp:term":[{"taxonomy":"product_brand","embeddable":true,"href":"https:\/\/www.healthychoice.lt\/pl\/wp-json\/wp\/v2\/product_brand?post=5352"},{"taxonomy":"product_cat","embeddable":true,"href":"https:\/\/www.healthychoice.lt\/pl\/wp-json\/wp\/v2\/product_cat?post=5352"},{"taxonomy":"product_tag","embeddable":true,"href":"https:\/\/www.healthychoice.lt\/pl\/wp-json\/wp\/v2\/product_tag?post=5352"}],"curies":[{"name":"wp","href":"https:\/\/api.w.org\/{rel}","templated":true}]}}