{"id":47,"date":"2022-05-21T07:27:53","date_gmt":"2022-05-21T04:27:53","guid":{"rendered":"https:\/\/www.healthychoice.lt\/?post_type=product&#038;p=47"},"modified":"2026-04-19T12:47:31","modified_gmt":"2026-04-19T09:47:31","slug":"lukstentos-kanapiu-seklos","status":"publish","type":"product","link":"https:\/\/www.healthychoice.lt\/pl\/produktai\/lukstentos-kanapiu-seklos\/","title":{"rendered":"\u0141uskane nasiona konopi, 150g"},"content":{"rendered":"<h2 style=\"text-align: center;\">Apie \u201eHEALTHY CHOICE\u201c luk\u0161tentas kanapi\u0173 s\u0117klas<\/h2>\n<p>Mes apdorojame kanapi\u0173 s\u0117klas tik jas luk\u0161tenant. Naudojamos tik didel\u0117s &#8211; 2,5 mm ar didesn\u0117s s\u0117klos. S\u0117klos yra mechani\u0161kai apdorojamos sukamajame keraminiame diske, kur yra atskiriami luk\u0161tai nuo branduoli\u0173, o jie atskiriami sijojimo proceso metu. Tokiu b\u016bdu i\u0161laikomi visi nat\u016bral\u016bs elementai ir gyvybi\u0161kai svarb\u016bs mineralai.<\/p>\n<p>Pla\u010diau apie kanapi\u0173 s\u0117kl\u0173 naud\u0105 galite paskaityti straipsnyje: <a href=\"https:\/\/www.healthychoice.lt\/pl\/kanapiu-seklos-kam-ir-kodel\/\">Nasiona konopi: po co i dlaczego?<\/a><\/p>","protected":false},"excerpt":{"rendered":"<p>\u0141y\u017cka \u0142uskanych nasion konopi ka\u017cdego dnia, aby urozmaici\u0107 smak potraw, doda\u0107 energii i utrzyma\u0107 zbilansowan\u0105 diet\u0119. Produkt jest bogaty w witaminy i minera\u0142y.<\/p>","protected":false},"featured_media":6060,"template":"","meta":[],"product_brand":[],"product_cat":[102,31],"product_tag":[53,59,29,24,30],"class_list":{"0":"post-47","1":"product","2":"type-product","3":"status-publish","4":"has-post-thumbnail","6":"product_cat-kanapiu-produktai","7":"product_cat-top","8":"product_tag-exportui","9":"product_tag-kanapiu-produktai","10":"product_tag-kovo3","11":"product_tag-paprasti-produktai","12":"product_tag-top","14":"first","15":"instock","16":"taxable","17":"shipping-taxable","18":"purchasable","19":"product-type-simple"},"yoast_head":"<!-- This site is optimized with the Yoast SEO plugin v27.5 - https:\/\/yoast.com\/product\/yoast-seo-wordpress\/ -->\n<title>Luk\u0161tentos kanapi\u0173 s\u0117klos, 150g| Healthy Choice<\/title>\n<meta name=\"robots\" content=\"index, follow, max-snippet:-1, max-image-preview:large, max-video-preview:-1\" \/>\n<link rel=\"canonical\" href=\"https:\/\/www.healthychoice.lt\/pl\/produktai\/lukstentos-kanapiu-seklos\/\" \/>\n<meta property=\"og:locale\" content=\"pl_PL\" \/>\n<meta property=\"og:type\" content=\"article\" \/>\n<meta property=\"og:title\" content=\"Luk\u0161tentos kanapi\u0173 s\u0117klos, 150g| Healthy Choice\" \/>\n<meta property=\"og:description\" content=\"\u0160auk\u0161tas luk\u0161tent\u0173 kanapi\u0173 s\u0117kl\u0173 kasdien \u2013 norint pagardinti maist\u0105, gauti papildomos energijos bei palaikyti subalansuot\u0105 mityb\u0105. Produkte gausu vitamin\u0173 ir mineral\u0173.\" \/>\n<meta property=\"og:url\" content=\"https:\/\/www.healthychoice.lt\/pl\/produktai\/lukstentos-kanapiu-seklos\/\" \/>\n<meta property=\"og:site_name\" content=\"Healthy Choice\" \/>\n<meta property=\"article:publisher\" content=\"https:\/\/www.facebook.com\/healthychoice.world\/\" \/>\n<meta property=\"article:modified_time\" content=\"2026-04-19T09:47:31+00:00\" \/>\n<meta property=\"og:image\" content=\"https:\/\/www.healthychoice.lt\/wp-content\/uploads\/2023\/06\/Lukstentu-kanapiu-seklos-150g-min.jpg\" \/>\n\t<meta property=\"og:image:width\" content=\"1024\" \/>\n\t<meta property=\"og:image:height\" content=\"1024\" \/>\n\t<meta property=\"og:image:type\" content=\"image\/jpeg\" \/>\n<meta name=\"twitter:card\" content=\"summary_large_image\" \/>\n<script type=\"application\/ld+json\" class=\"yoast-schema-graph\">{\"@context\":\"https:\\\/\\\/schema.org\",\"@graph\":[{\"@type\":\"WebPage\",\"@id\":\"https:\\\/\\\/www.healthychoice.lt\\\/fr\\\/produktai\\\/lukstentos-kanapiu-seklos\\\/\",\"url\":\"https:\\\/\\\/www.healthychoice.lt\\\/fr\\\/produktai\\\/lukstentos-kanapiu-seklos\\\/\",\"name\":\"Luk\u0161tentos kanapi\u0173 s\u0117klos, 150g| Healthy Choice\",\"isPartOf\":{\"@id\":\"https:\\\/\\\/www.healthychoice.lt\\\/es\\\/#website\"},\"primaryImageOfPage\":{\"@id\":\"https:\\\/\\\/www.healthychoice.lt\\\/fr\\\/produktai\\\/lukstentos-kanapiu-seklos\\\/#primaryimage\"},\"image\":{\"@id\":\"https:\\\/\\\/www.healthychoice.lt\\\/fr\\\/produktai\\\/lukstentos-kanapiu-seklos\\\/#primaryimage\"},\"thumbnailUrl\":\"https:\\\/\\\/www.healthychoice.lt\\\/wp-content\\\/uploads\\\/2023\\\/06\\\/Lukstentu-kanapiu-seklos-150g-min.jpg\",\"datePublished\":\"2022-05-21T04:27:53+00:00\",\"dateModified\":\"2026-04-19T09:47:31+00:00\",\"breadcrumb\":{\"@id\":\"https:\\\/\\\/www.healthychoice.lt\\\/fr\\\/produktai\\\/lukstentos-kanapiu-seklos\\\/#breadcrumb\"},\"inLanguage\":\"pl-PL\",\"potentialAction\":[{\"@type\":\"ReadAction\",\"target\":[\"https:\\\/\\\/www.healthychoice.lt\\\/fr\\\/produktai\\\/lukstentos-kanapiu-seklos\\\/\"]}]},{\"@type\":\"ImageObject\",\"inLanguage\":\"pl-PL\",\"@id\":\"https:\\\/\\\/www.healthychoice.lt\\\/fr\\\/produktai\\\/lukstentos-kanapiu-seklos\\\/#primaryimage\",\"url\":\"https:\\\/\\\/www.healthychoice.lt\\\/wp-content\\\/uploads\\\/2023\\\/06\\\/Lukstentu-kanapiu-seklos-150g-min.jpg\",\"contentUrl\":\"https:\\\/\\\/www.healthychoice.lt\\\/wp-content\\\/uploads\\\/2023\\\/06\\\/Lukstentu-kanapiu-seklos-150g-min.jpg\",\"width\":1024,\"height\":1024},{\"@type\":\"BreadcrumbList\",\"@id\":\"https:\\\/\\\/www.healthychoice.lt\\\/fr\\\/produktai\\\/lukstentos-kanapiu-seklos\\\/#breadcrumb\",\"itemListElement\":[{\"@type\":\"ListItem\",\"position\":1,\"name\":\"Home\",\"item\":\"https:\\\/\\\/www.healthychoice.lt\\\/\"},{\"@type\":\"ListItem\",\"position\":2,\"name\":\"Produktai\",\"item\":\"https:\\\/\\\/www.healthychoice.lt\\\/es\\\/produktai\\\/\"},{\"@type\":\"ListItem\",\"position\":3,\"name\":\"Luk\u0161tentos kanapi\u0173 s\u0117klos, 150g\"}]},{\"@type\":\"WebSite\",\"@id\":\"https:\\\/\\\/www.healthychoice.lt\\\/es\\\/#website\",\"url\":\"https:\\\/\\\/www.healthychoice.lt\\\/es\\\/\",\"name\":\"Healthy Choice\",\"description\":\"Mityba, kuria gali pasitik\u0117ti!\",\"alternateName\":\"Healthychoice\",\"potentialAction\":[{\"@type\":\"SearchAction\",\"target\":{\"@type\":\"EntryPoint\",\"urlTemplate\":\"https:\\\/\\\/www.healthychoice.lt\\\/es\\\/?s={search_term_string}\"},\"query-input\":{\"@type\":\"PropertyValueSpecification\",\"valueRequired\":true,\"valueName\":\"search_term_string\"}}],\"inLanguage\":\"pl-PL\"}]}<\/script>\n<!-- \/ Yoast SEO plugin. -->","yoast_head_json":{"title":"Luk\u0161tentos kanapi\u0173 s\u0117klos, 150g| Healthy Choice","robots":{"index":"index","follow":"follow","max-snippet":"max-snippet:-1","max-image-preview":"max-image-preview:large","max-video-preview":"max-video-preview:-1"},"canonical":"https:\/\/www.healthychoice.lt\/pl\/produktai\/lukstentos-kanapiu-seklos\/","og_locale":"pl_PL","og_type":"article","og_title":"Luk\u0161tentos kanapi\u0173 s\u0117klos, 150g| Healthy Choice","og_description":"\u0160auk\u0161tas luk\u0161tent\u0173 kanapi\u0173 s\u0117kl\u0173 kasdien \u2013 norint pagardinti maist\u0105, gauti papildomos energijos bei palaikyti subalansuot\u0105 mityb\u0105. Produkte gausu vitamin\u0173 ir mineral\u0173.","og_url":"https:\/\/www.healthychoice.lt\/pl\/produktai\/lukstentos-kanapiu-seklos\/","og_site_name":"Healthy Choice","article_publisher":"https:\/\/www.facebook.com\/healthychoice.world\/","article_modified_time":"2026-04-19T09:47:31+00:00","og_image":[{"width":1024,"height":1024,"url":"https:\/\/www.healthychoice.lt\/wp-content\/uploads\/2023\/06\/Lukstentu-kanapiu-seklos-150g-min.jpg","type":"image\/jpeg"}],"twitter_card":"summary_large_image","schema":{"@context":"https:\/\/schema.org","@graph":[{"@type":"WebPage","@id":"https:\/\/www.healthychoice.lt\/fr\/produktai\/lukstentos-kanapiu-seklos\/","url":"https:\/\/www.healthychoice.lt\/fr\/produktai\/lukstentos-kanapiu-seklos\/","name":"Luk\u0161tentos kanapi\u0173 s\u0117klos, 150g| Healthy Choice","isPartOf":{"@id":"https:\/\/www.healthychoice.lt\/es\/#website"},"primaryImageOfPage":{"@id":"https:\/\/www.healthychoice.lt\/fr\/produktai\/lukstentos-kanapiu-seklos\/#primaryimage"},"image":{"@id":"https:\/\/www.healthychoice.lt\/fr\/produktai\/lukstentos-kanapiu-seklos\/#primaryimage"},"thumbnailUrl":"https:\/\/www.healthychoice.lt\/wp-content\/uploads\/2023\/06\/Lukstentu-kanapiu-seklos-150g-min.jpg","datePublished":"2022-05-21T04:27:53+00:00","dateModified":"2026-04-19T09:47:31+00:00","breadcrumb":{"@id":"https:\/\/www.healthychoice.lt\/fr\/produktai\/lukstentos-kanapiu-seklos\/#breadcrumb"},"inLanguage":"pl-PL","potentialAction":[{"@type":"ReadAction","target":["https:\/\/www.healthychoice.lt\/fr\/produktai\/lukstentos-kanapiu-seklos\/"]}]},{"@type":"ImageObject","inLanguage":"pl-PL","@id":"https:\/\/www.healthychoice.lt\/fr\/produktai\/lukstentos-kanapiu-seklos\/#primaryimage","url":"https:\/\/www.healthychoice.lt\/wp-content\/uploads\/2023\/06\/Lukstentu-kanapiu-seklos-150g-min.jpg","contentUrl":"https:\/\/www.healthychoice.lt\/wp-content\/uploads\/2023\/06\/Lukstentu-kanapiu-seklos-150g-min.jpg","width":1024,"height":1024},{"@type":"BreadcrumbList","@id":"https:\/\/www.healthychoice.lt\/fr\/produktai\/lukstentos-kanapiu-seklos\/#breadcrumb","itemListElement":[{"@type":"ListItem","position":1,"name":"Home","item":"https:\/\/www.healthychoice.lt\/"},{"@type":"ListItem","position":2,"name":"Produktai","item":"https:\/\/www.healthychoice.lt\/es\/produktai\/"},{"@type":"ListItem","position":3,"name":"Luk\u0161tentos kanapi\u0173 s\u0117klos, 150g"}]},{"@type":"WebSite","@id":"https:\/\/www.healthychoice.lt\/es\/#website","url":"https:\/\/www.healthychoice.lt\/es\/","name":"Healthy Choice","description":"Dieta, kt\u00f3rej mo\u017cesz zaufa\u0107!","alternateName":"Healthychoice","potentialAction":[{"@type":"SearchAction","target":{"@type":"EntryPoint","urlTemplate":"https:\/\/www.healthychoice.lt\/es\/?s={search_term_string}"},"query-input":{"@type":"PropertyValueSpecification","valueRequired":true,"valueName":"search_term_string"}}],"inLanguage":"pl-PL"}]}},"_links":{"self":[{"href":"https:\/\/www.healthychoice.lt\/pl\/wp-json\/wp\/v2\/product\/47","targetHints":{"allow":["GET"]}}],"collection":[{"href":"https:\/\/www.healthychoice.lt\/pl\/wp-json\/wp\/v2\/product"}],"about":[{"href":"https:\/\/www.healthychoice.lt\/pl\/wp-json\/wp\/v2\/types\/product"}],"wp:featuredmedia":[{"embeddable":true,"href":"https:\/\/www.healthychoice.lt\/pl\/wp-json\/wp\/v2\/media\/6060"}],"wp:attachment":[{"href":"https:\/\/www.healthychoice.lt\/pl\/wp-json\/wp\/v2\/media?parent=47"}],"wp:term":[{"taxonomy":"product_brand","embeddable":true,"href":"https:\/\/www.healthychoice.lt\/pl\/wp-json\/wp\/v2\/product_brand?post=47"},{"taxonomy":"product_cat","embeddable":true,"href":"https:\/\/www.healthychoice.lt\/pl\/wp-json\/wp\/v2\/product_cat?post=47"},{"taxonomy":"product_tag","embeddable":true,"href":"https:\/\/www.healthychoice.lt\/pl\/wp-json\/wp\/v2\/product_tag?post=47"}],"curies":[{"name":"wp","href":"https:\/\/api.w.org\/{rel}","templated":true}]}}