{"id":4600,"date":"2025-09-01T17:20:03","date_gmt":"2025-09-01T14:20:03","guid":{"rendered":"https:\/\/www.healthychoice.lt\/?post_type=product&#038;p=4600"},"modified":"2026-04-21T14:10:25","modified_gmt":"2026-04-21T11:10:25","slug":"multivitaminai-ir-mineralai-117g","status":"publish","type":"product","link":"https:\/\/www.healthychoice.lt\/pl\/produktai\/multivitaminai-ir-mineralai-117g\/","title":{"rendered":"Multiwitaminy i minera\u0142y Healthy Choice 90 tabletek."},"content":{"rendered":"<p>Palaikyti normali\u0105 imunin\u0117s sistemos veikl\u0105 padeda Cinkas, Gele\u017eis, Selenas, Varis, Vitaminas A, Vitaminas D, Vitaminas B6, Vitaminas B12.<\/p>\n<p>Witamina C pomaga utrzyma\u0107 prawid\u0142owe funkcjonowanie uk\u0142adu odporno\u015bciowego podczas i po intensywnych \u0107wiczeniach.<\/p>\n<p>Biotyna, niacyna, magnez, witamina B6, witamina B12 i witamina C pomagaj\u0105 w utrzymaniu prawid\u0142owych funkcji psychologicznych.<\/p>\n<p>Biotyna, cynk i chrom pomagaj\u0105 utrzyma\u0107 prawid\u0142owy metabolizm makrosk\u0142adnik\u00f3w od\u017cywczych.<\/p>\n<p>Jednym z najwa\u017cniejszych dla naszego organizmu jest cynk, kt\u00f3ry pomaga utrzyma\u0107 prawid\u0142owy metabolizm kwasowo-zasadowy, metabolizm w\u0119glowodan\u00f3w, metabolizm kwas\u00f3w t\u0142uszczowych, syntez\u0119 DNA, metabolizm witaminy A, poziom testosteronu, p\u0142odno\u015b\u0107 i reprodukcj\u0119.<\/p>\n<p>Biotyna, \u017celazo, wap\u0144, niacyna, magnez, mangan, jod, mied\u017a i kwas pantotenowy, witamina B2, witamina B6, witamina B12, witamina C pomagaj\u0105 w utrzymaniu prawid\u0142owego metabolizmu energetycznego.<\/p>\n<p>Witamina B2 i witamina A pomagaj\u0105 w utrzymaniu prawid\u0142owego metabolizmu \u017celaza, podczas gdy witamina C poprawia wch\u0142anianie \u017celaza. Mied\u017a wspomaga prawid\u0142owy transport \u017celaza w organizmie.<\/p>\n<p>Biotyna, niacyna, witamina A i witamina B2 pomagaj\u0105 w utrzymaniu prawid\u0142owego stanu b\u0142on \u015bluzowych.<\/p>\n<p>\u017belazo, niacyna, magnez i kwas pantotenowy, witamina B2, witamina B6, witamina B12 i witamina C pomagaj\u0105 zmniejszy\u0107 zm\u0119czenie i znu\u017cenie.<\/p>\n<p>&nbsp;<\/p>\n<p>Kom\u00f3rki: pomaga chroni\u0107 kom\u00f3rki przed uszkodzeniami oksydacyjnymi Cynk, mangan, selen, witamina B2, witamina C, witamina E. R\u00f3wnie\u017c cynk, \u017celazo, magnez, mied\u017a, witamina B12, witamina D odgrywaj\u0105 rol\u0119 w podziale kom\u00f3rek.<\/p>\n<p>Wap\u0144 i witamina A odgrywaj\u0105 rol\u0119 w podziale i specjalizacji kom\u00f3rek.<\/p>\n<p>\u017belazo, jod i cynk pomagaj\u0105 w utrzymaniu prawid\u0142owych funkcji poznawczych.<\/p>\n<p>Krew: chrom pomaga utrzyma\u0107 prawid\u0142owy poziom glukozy we krwi.<\/p>\n<p>\u017belazo pomaga w prawid\u0142owej produkcji czerwonych krwinek i hemoglobiny, a tak\u017ce w transporcie tlenu w organizmie. Ryboflawina (witamina B2) pomaga w utrzymaniu prawid\u0142owego stanu czerwonych krwinek. Witaminy B6 i B12 pomagaj\u0105 w prawid\u0142owym tworzeniu czerwonych krwinek. Wap\u0144 i witamina K pomagaj\u0105 w utrzymaniu prawid\u0142owego krzepni\u0119cia krwi.<\/p>\n<p>Mi\u0119\u015bnie: Wap\u0144 pomaga utrzyma\u0107 prawid\u0142owe funkcjonowanie mi\u0119\u015bni. Magnez i witamina D pomagaj\u0105 utrzyma\u0107 prawid\u0142owe funkcjonowanie mi\u0119\u015bni.<\/p>\n<p>Bia\u0142ko: Cynk i magnez pomagaj\u0105 w utrzymaniu prawid\u0142owej syntezy bia\u0142ek. Witamina B6 pomaga utrzyma\u0107 prawid\u0142owy metabolizm bia\u0142ka i glikogenu<\/p>\n<p>Wzrok: Cynk, witamina A, ryboflawina (witamina B2) i witamina A (witamina B2) pomagaj\u0105 utrzyma\u0107 prawid\u0142owy wzrok.<\/p>\n<p>Hormony: Witamina B6 pomaga regulowa\u0107 aktywno\u015b\u0107 hormonaln\u0105. Kwas pantotenowy pomaga utrzyma\u0107 prawid\u0142ow\u0105 aktywno\u015b\u0107 hormon\u00f3w steroidowych. Jod pomaga utrzyma\u0107 prawid\u0142ow\u0105 produkcj\u0119 hormon\u00f3w tarczycy.<\/p>\n<p>Funkcja tarczycy: Selen i jod pomagaj\u0105 w utrzymaniu prawid\u0142owej funkcji tarczycy.<\/p>\n<p>Ko\u015bci: cynk, wap\u0144, magnez, mangan, witamina D i witamina K pomagaj\u0105 w utrzymaniu prawid\u0142owego stanu ko\u015bci.<\/p>\n<p>Witamina C pomaga w prawid\u0142owym tworzeniu kolagenu, kt\u00f3ry jest niezb\u0119dny do prawid\u0142owego funkcjonowania ko\u015bci.<\/p>\n<p>Wap\u0144 i magnez s\u0105 niezb\u0119dne do utrzymania prawid\u0142owego stanu uz\u0119bienia. Witamina D pomaga utrzyma\u0107 prawid\u0142owy stan uz\u0119bienia.<\/p>\n<p>Witamina C pomaga utrzyma\u0107 prawid\u0142owe tworzenie kolagenu, kt\u00f3ry jest niezb\u0119dny do prawid\u0142owego funkcjonowania dzi\u0105se\u0142<\/p>\n<p>Witamina C pomaga utrzyma\u0107 prawid\u0142owe tworzenie kolagenu, kt\u00f3ry jest niezb\u0119dny do prawid\u0142owego funkcjonowania z\u0119b\u00f3w<\/p>\n<p>Witamina C pomaga w prawid\u0142owym tworzeniu kolagenu, kt\u00f3ry jest niezb\u0119dny do prawid\u0142owego funkcjonowania naczy\u0144 krwiono\u015bnych.<\/p>\n<p>Witamina C pomaga w utrzymaniu prawid\u0142owego tworzenia kolagenu, kt\u00f3ry jest niezb\u0119dny do prawid\u0142owego funkcjonowania chrz\u0105stki.<\/p>\n<p>Paznokcie: Cynk i selen pomagaj\u0105 utrzyma\u0107 prawid\u0142owe paznokcie.<\/p>\n<p>W\u0142osy: Biotyna, cynk, selen pomagaj\u0105 utrzyma\u0107 prawid\u0142owy stan w\u0142os\u00f3w. Mied\u017a pomaga utrzyma\u0107 prawid\u0142ow\u0105 pigmentacj\u0119 w\u0142os\u00f3w<\/p>\n<p>Sk\u00f3ra: Biotyna, cynk, niacyna, jod, witamina A i ryboflawina (witamina B2) pomagaj\u0105 utrzyma\u0107 dobry stan sk\u00f3ry. Witamina C pomaga w utrzymaniu prawid\u0142owej produkcji kolagenu, kt\u00f3ry jest niezb\u0119dny do prawid\u0142owego funkcjonowania sk\u00f3ry. Mied\u017a pomaga utrzyma\u0107 prawid\u0142ow\u0105 pigmentacj\u0119 sk\u00f3ry.<\/p>\n<p>Wap\u0144 pomaga w utrzymaniu prawid\u0142owej transmisji impuls\u00f3w nerwowych i funkcji enzym\u00f3w trawiennych.<\/p>\n<p>Magnez pomaga utrzyma\u0107 r\u00f3wnowag\u0119 elektrolitow\u0105.<\/p>\n<p>Mangan i mied\u017a wspomagaj\u0105 prawid\u0142owe tworzenie tkanki \u0142\u0105cznej.<\/p>\n<p>Molibden pomaga utrzyma\u0107 prawid\u0142owy metabolizm aminokwas\u00f3w zawieraj\u0105cych siark\u0119.<\/p>\n<p>Kwas pantotenowy pomaga w utrzymaniu prawid\u0142owej syntezy i metabolizmu witaminy D i niekt\u00f3rych neuroprzeka\u017anik\u00f3w.<\/p>\n<p>Kwas pantotenowy pomaga utrzyma\u0107 prawid\u0142ow\u0105 aktywno\u015b\u0107 umys\u0142ow\u0105.<\/p>\n<p>Selen pomaga utrzyma\u0107 prawid\u0142ow\u0105 aktywno\u015b\u0107 spermatogenezy.<\/p>\n<p>Witamina C pomaga przywr\u00f3ci\u0107 witamin\u0119 E w jej zredukowanej formie<\/p>\n<p>Witamina D pomaga w utrzymaniu prawid\u0142owego wch\u0142aniania i\/lub przyswajania wapnia i fosforu.<\/p>\n<p>Witamina D pomaga utrzyma\u0107 prawid\u0142owy poziom wapnia we krwi<\/p>\n<p>Witaminy B6 i B12 pomagaj\u0105 utrzyma\u0107 prawid\u0142owy metabolizm homocysteiny.<\/p>\n<p>Witamina B6 pomaga utrzyma\u0107 prawid\u0142ow\u0105 syntez\u0119 cysteiny<\/p>","protected":false},"excerpt":{"rendered":"<p>Ilo\u015b\u0107 netto: 117 g \/ 90 tabletek<\/p>\n<p>&nbsp;<\/p>\n<p>\"Healthy Choice Multivitamin and Mineral Complex jest specjalnie opracowany. Jedno opakowanie wystarcza na 3-miesi\u0119czny kurs.<\/p>","protected":false},"featured_media":6053,"template":"","meta":[],"product_brand":[],"product_cat":[52,100,103],"product_tag":[53,60,29,24,30,48],"class_list":{"0":"post-4600","1":"product","2":"type-product","3":"status-publish","4":"has-post-thumbnail","6":"product_cat-akcijos","7":"product_cat-kolagenas","8":"product_cat-maisto-papildai","9":"product_tag-exportui","10":"product_tag-groziui-ir-sveikatai","11":"product_tag-kovo3","12":"product_tag-paprasti-produktai","13":"product_tag-top","14":"product_tag-vitaminai","16":"first","17":"instock","18":"sale","19":"taxable","20":"shipping-taxable","21":"purchasable","22":"product-type-simple"},"yoast_head":"<!-- This site is optimized with the Yoast SEO plugin v27.5 - https:\/\/yoast.com\/product\/yoast-seo-wordpress\/ -->\n<title>Multivitaminai ir mineralai \u201eHealthy Choice\u201c 90 table\u010di\u0173.| Healthy Choice<\/title>\n<meta name=\"robots\" content=\"index, follow, max-snippet:-1, max-image-preview:large, max-video-preview:-1\" \/>\n<link rel=\"canonical\" href=\"https:\/\/www.healthychoice.lt\/pl\/produktai\/multivitaminai-ir-mineralai-117g\/\" \/>\n<meta property=\"og:locale\" content=\"pl_PL\" \/>\n<meta property=\"og:type\" content=\"article\" \/>\n<meta property=\"og:title\" content=\"Multivitaminai ir mineralai \u201eHealthy Choice\u201c 90 table\u010di\u0173.| Healthy Choice\" \/>\n<meta property=\"og:description\" content=\"Grynasis kiekis: 117 g \/ 90 table\u010di\u0173  &nbsp;  \u201eHealthy Choice\u201c Multivitamin\u0173 ir mineral\u0173 kompleksas sukurtas pagal speciali\u0105 formul\u0119. Pakuot\u0117s u\u017etenka\u00a03 m\u0117nesi\u0173 vartojimo kursui.\" \/>\n<meta property=\"og:url\" content=\"https:\/\/www.healthychoice.lt\/pl\/produktai\/multivitaminai-ir-mineralai-117g\/\" \/>\n<meta property=\"og:site_name\" content=\"Healthy Choice\" \/>\n<meta property=\"article:publisher\" content=\"https:\/\/www.facebook.com\/healthychoice.world\/\" \/>\n<meta property=\"article:modified_time\" content=\"2026-04-21T11:10:25+00:00\" \/>\n<meta property=\"og:image\" content=\"https:\/\/www.healthychoice.lt\/wp-content\/uploads\/2023\/06\/Multivitaminai-ir-mineralai-min.jpg\" \/>\n\t<meta property=\"og:image:width\" content=\"1024\" \/>\n\t<meta property=\"og:image:height\" content=\"1024\" \/>\n\t<meta property=\"og:image:type\" content=\"image\/jpeg\" \/>\n<meta name=\"twitter:card\" content=\"summary_large_image\" \/>\n<meta name=\"twitter:label1\" content=\"Szacowany czas czytania\" \/>\n\t<meta name=\"twitter:data1\" content=\"3 minuty\" \/>\n<script type=\"application\/ld+json\" class=\"yoast-schema-graph\">{\"@context\":\"https:\\\/\\\/schema.org\",\"@graph\":[{\"@type\":\"WebPage\",\"@id\":\"https:\\\/\\\/www.healthychoice.lt\\\/produktai\\\/multivitaminai-ir-mineralai-117g\\\/\",\"url\":\"https:\\\/\\\/www.healthychoice.lt\\\/produktai\\\/multivitaminai-ir-mineralai-117g\\\/\",\"name\":\"Multivitaminai ir mineralai \u201eHealthy Choice\u201c 90 table\u010di\u0173.| Healthy Choice\",\"isPartOf\":{\"@id\":\"https:\\\/\\\/www.healthychoice.lt\\\/es\\\/#website\"},\"primaryImageOfPage\":{\"@id\":\"https:\\\/\\\/www.healthychoice.lt\\\/produktai\\\/multivitaminai-ir-mineralai-117g\\\/#primaryimage\"},\"image\":{\"@id\":\"https:\\\/\\\/www.healthychoice.lt\\\/produktai\\\/multivitaminai-ir-mineralai-117g\\\/#primaryimage\"},\"thumbnailUrl\":\"https:\\\/\\\/www.healthychoice.lt\\\/wp-content\\\/uploads\\\/2023\\\/06\\\/Multivitaminai-ir-mineralai-min.jpg\",\"datePublished\":\"2025-09-01T14:20:03+00:00\",\"dateModified\":\"2026-04-21T11:10:25+00:00\",\"breadcrumb\":{\"@id\":\"https:\\\/\\\/www.healthychoice.lt\\\/produktai\\\/multivitaminai-ir-mineralai-117g\\\/#breadcrumb\"},\"inLanguage\":\"pl-PL\",\"potentialAction\":[{\"@type\":\"ReadAction\",\"target\":[\"https:\\\/\\\/www.healthychoice.lt\\\/produktai\\\/multivitaminai-ir-mineralai-117g\\\/\"]}]},{\"@type\":\"ImageObject\",\"inLanguage\":\"pl-PL\",\"@id\":\"https:\\\/\\\/www.healthychoice.lt\\\/produktai\\\/multivitaminai-ir-mineralai-117g\\\/#primaryimage\",\"url\":\"https:\\\/\\\/www.healthychoice.lt\\\/wp-content\\\/uploads\\\/2023\\\/06\\\/Multivitaminai-ir-mineralai-min.jpg\",\"contentUrl\":\"https:\\\/\\\/www.healthychoice.lt\\\/wp-content\\\/uploads\\\/2023\\\/06\\\/Multivitaminai-ir-mineralai-min.jpg\",\"width\":1024,\"height\":1024},{\"@type\":\"BreadcrumbList\",\"@id\":\"https:\\\/\\\/www.healthychoice.lt\\\/produktai\\\/multivitaminai-ir-mineralai-117g\\\/#breadcrumb\",\"itemListElement\":[{\"@type\":\"ListItem\",\"position\":1,\"name\":\"Home\",\"item\":\"https:\\\/\\\/www.healthychoice.lt\\\/\"},{\"@type\":\"ListItem\",\"position\":2,\"name\":\"Produktai\",\"item\":\"https:\\\/\\\/www.healthychoice.lt\\\/es\\\/produktai\\\/\"},{\"@type\":\"ListItem\",\"position\":3,\"name\":\"Multivitaminai ir mineralai \u201eHealthy Choice\u201c 90 table\u010di\u0173.\"}]},{\"@type\":\"WebSite\",\"@id\":\"https:\\\/\\\/www.healthychoice.lt\\\/es\\\/#website\",\"url\":\"https:\\\/\\\/www.healthychoice.lt\\\/es\\\/\",\"name\":\"Healthy Choice\",\"description\":\"Mityba, kuria gali pasitik\u0117ti!\",\"alternateName\":\"Healthychoice\",\"potentialAction\":[{\"@type\":\"SearchAction\",\"target\":{\"@type\":\"EntryPoint\",\"urlTemplate\":\"https:\\\/\\\/www.healthychoice.lt\\\/es\\\/?s={search_term_string}\"},\"query-input\":{\"@type\":\"PropertyValueSpecification\",\"valueRequired\":true,\"valueName\":\"search_term_string\"}}],\"inLanguage\":\"pl-PL\"}]}<\/script>\n<!-- \/ Yoast SEO plugin. -->","yoast_head_json":{"title":"Multivitaminai ir mineralai \u201eHealthy Choice\u201c 90 table\u010di\u0173.| Healthy Choice","robots":{"index":"index","follow":"follow","max-snippet":"max-snippet:-1","max-image-preview":"max-image-preview:large","max-video-preview":"max-video-preview:-1"},"canonical":"https:\/\/www.healthychoice.lt\/pl\/produktai\/multivitaminai-ir-mineralai-117g\/","og_locale":"pl_PL","og_type":"article","og_title":"Multivitaminai ir mineralai \u201eHealthy Choice\u201c 90 table\u010di\u0173.| Healthy Choice","og_description":"Grynasis kiekis: 117 g \/ 90 table\u010di\u0173  &nbsp;  \u201eHealthy Choice\u201c Multivitamin\u0173 ir mineral\u0173 kompleksas sukurtas pagal speciali\u0105 formul\u0119. Pakuot\u0117s u\u017etenka\u00a03 m\u0117nesi\u0173 vartojimo kursui.","og_url":"https:\/\/www.healthychoice.lt\/pl\/produktai\/multivitaminai-ir-mineralai-117g\/","og_site_name":"Healthy Choice","article_publisher":"https:\/\/www.facebook.com\/healthychoice.world\/","article_modified_time":"2026-04-21T11:10:25+00:00","og_image":[{"width":1024,"height":1024,"url":"https:\/\/www.healthychoice.lt\/wp-content\/uploads\/2023\/06\/Multivitaminai-ir-mineralai-min.jpg","type":"image\/jpeg"}],"twitter_card":"summary_large_image","twitter_misc":{"Szacowany czas czytania":"3 minuty"},"schema":{"@context":"https:\/\/schema.org","@graph":[{"@type":"WebPage","@id":"https:\/\/www.healthychoice.lt\/produktai\/multivitaminai-ir-mineralai-117g\/","url":"https:\/\/www.healthychoice.lt\/produktai\/multivitaminai-ir-mineralai-117g\/","name":"Multivitaminai ir mineralai \u201eHealthy Choice\u201c 90 table\u010di\u0173.| Healthy Choice","isPartOf":{"@id":"https:\/\/www.healthychoice.lt\/es\/#website"},"primaryImageOfPage":{"@id":"https:\/\/www.healthychoice.lt\/produktai\/multivitaminai-ir-mineralai-117g\/#primaryimage"},"image":{"@id":"https:\/\/www.healthychoice.lt\/produktai\/multivitaminai-ir-mineralai-117g\/#primaryimage"},"thumbnailUrl":"https:\/\/www.healthychoice.lt\/wp-content\/uploads\/2023\/06\/Multivitaminai-ir-mineralai-min.jpg","datePublished":"2025-09-01T14:20:03+00:00","dateModified":"2026-04-21T11:10:25+00:00","breadcrumb":{"@id":"https:\/\/www.healthychoice.lt\/produktai\/multivitaminai-ir-mineralai-117g\/#breadcrumb"},"inLanguage":"pl-PL","potentialAction":[{"@type":"ReadAction","target":["https:\/\/www.healthychoice.lt\/produktai\/multivitaminai-ir-mineralai-117g\/"]}]},{"@type":"ImageObject","inLanguage":"pl-PL","@id":"https:\/\/www.healthychoice.lt\/produktai\/multivitaminai-ir-mineralai-117g\/#primaryimage","url":"https:\/\/www.healthychoice.lt\/wp-content\/uploads\/2023\/06\/Multivitaminai-ir-mineralai-min.jpg","contentUrl":"https:\/\/www.healthychoice.lt\/wp-content\/uploads\/2023\/06\/Multivitaminai-ir-mineralai-min.jpg","width":1024,"height":1024},{"@type":"BreadcrumbList","@id":"https:\/\/www.healthychoice.lt\/produktai\/multivitaminai-ir-mineralai-117g\/#breadcrumb","itemListElement":[{"@type":"ListItem","position":1,"name":"Home","item":"https:\/\/www.healthychoice.lt\/"},{"@type":"ListItem","position":2,"name":"Produktai","item":"https:\/\/www.healthychoice.lt\/es\/produktai\/"},{"@type":"ListItem","position":3,"name":"Multivitaminai ir mineralai \u201eHealthy Choice\u201c 90 table\u010di\u0173."}]},{"@type":"WebSite","@id":"https:\/\/www.healthychoice.lt\/es\/#website","url":"https:\/\/www.healthychoice.lt\/es\/","name":"Healthy Choice","description":"Dieta, kt\u00f3rej mo\u017cesz zaufa\u0107!","alternateName":"Healthychoice","potentialAction":[{"@type":"SearchAction","target":{"@type":"EntryPoint","urlTemplate":"https:\/\/www.healthychoice.lt\/es\/?s={search_term_string}"},"query-input":{"@type":"PropertyValueSpecification","valueRequired":true,"valueName":"search_term_string"}}],"inLanguage":"pl-PL"}]}},"_links":{"self":[{"href":"https:\/\/www.healthychoice.lt\/pl\/wp-json\/wp\/v2\/product\/4600","targetHints":{"allow":["GET"]}}],"collection":[{"href":"https:\/\/www.healthychoice.lt\/pl\/wp-json\/wp\/v2\/product"}],"about":[{"href":"https:\/\/www.healthychoice.lt\/pl\/wp-json\/wp\/v2\/types\/product"}],"wp:featuredmedia":[{"embeddable":true,"href":"https:\/\/www.healthychoice.lt\/pl\/wp-json\/wp\/v2\/media\/6053"}],"wp:attachment":[{"href":"https:\/\/www.healthychoice.lt\/pl\/wp-json\/wp\/v2\/media?parent=4600"}],"wp:term":[{"taxonomy":"product_brand","embeddable":true,"href":"https:\/\/www.healthychoice.lt\/pl\/wp-json\/wp\/v2\/product_brand?post=4600"},{"taxonomy":"product_cat","embeddable":true,"href":"https:\/\/www.healthychoice.lt\/pl\/wp-json\/wp\/v2\/product_cat?post=4600"},{"taxonomy":"product_tag","embeddable":true,"href":"https:\/\/www.healthychoice.lt\/pl\/wp-json\/wp\/v2\/product_tag?post=4600"}],"curies":[{"name":"wp","href":"https:\/\/api.w.org\/{rel}","templated":true}]}}