{"id":4597,"date":"2023-01-11T17:19:05","date_gmt":"2023-01-11T15:19:05","guid":{"rendered":"https:\/\/www.healthychoice.lt\/?post_type=product&#038;p=4597"},"modified":"2026-04-23T09:34:18","modified_gmt":"2026-04-23T06:34:18","slug":"grozio-vitaminai-9782g","status":"publish","type":"product","link":"https:\/\/www.healthychoice.lt\/pl\/produktai\/grozio-vitaminai-9782g\/","title":{"rendered":"Witaminy dla urody Healthy Choice 60 tabletek"},"content":{"rendered":"<p>\u201eHealthy Choice\u201c Gro\u017eio vitamin\u0173 kompleksas sukurtas pagal speciali\u0105 formul\u0119 odai, plaukams ir nagams.<\/p>\n<p>Selenas \u2013 labai reik\u0161mingas mikroelementas, labiausiai vertinamas d\u0117l antioksidacinio poveikio ir jo suponuojamo geb\u0117jimo l\u0117tinti ankstyv\u0105 sen\u0117jim\u0105. Cinkas, selenas, jodas, vitaminas A, B2 bei B3 kartu su biotinu yra puiki kombinacija norint palaikyti normali\u0105 plauk\u0173, nag\u0173 bei odos b\u016bkl\u0119. Cholinas ir betainas skatina med\u017eiag\u0173 apykait\u0105, riboja riebal\u0173 kaupim\u0105si kepenyse. Gele\u017eis prisideda prie normalaus deguonies perne\u0161imo organizme. Magnis padeda u\u017etikrinti biochemines reakcijas, didina i\u0161tverm\u0119, padeda \u012fveikti depresij\u0105 bei nuotaikos svyravimus. Fosforas padeda palaikyti normali\u0105 l\u0105steli\u0173 funkcij\u0105. Vitaminas B6, veikdamas kartu su kitais B vitaminais, bei magniu ir cinku gerina smegen\u0173 bei nerv\u0173 sistemos veikl\u0105, padeda kontroliuoti alergijas, yra svarbus energijos gamybai l\u0105stel\u0117se bei yra svarbus norint organizm\u0105 apsaugoti nuo infekcij\u0173.<\/p>\n<p>Palaikyti normali\u0105 imunin\u0117s sistemos veikl\u0105 padeda Cinkas, Gele\u017eis, Selenas, Vitaminas A, Vitaminas D, Vitaminas B6, Vitaminas B12.<\/p>\n<p>Witamina C pomaga utrzyma\u0107 prawid\u0142owe funkcjonowanie uk\u0142adu odporno\u015bciowego podczas i po intensywnych \u0107wiczeniach.<\/p>\n<p>Normali\u0105 psichologin\u0119 funkcij\u0105 palaikyti padeda Biotinas, Magnis Vitaminas B6 ir B12, Vitaminas C.<\/p>\n<p>Biotinas ir Cinkas padeda palaikyti normali\u0105 maistini\u0173 makromed\u017eiag\u0173 apykait\u0105.<\/p>\n<p>Jednym z najwa\u017cniejszych dla naszego organizmu jest cynk, kt\u00f3ry pomaga utrzyma\u0107 prawid\u0142owy metabolizm kwasowo-zasadowy, metabolizm w\u0119glowodan\u00f3w, metabolizm kwas\u00f3w t\u0142uszczowych, syntez\u0119 DNA, metabolizm witaminy A, poziom testosteronu, p\u0142odno\u015b\u0107 i reprodukcj\u0119.<\/p>\n<p>Normali\u0105 energijos apykait\u0105 padeda palaikyti Biotinas, Gele\u017eis, Fosforas, Kalcis, Magnis, Manganas, Jodas, Vitaminas B2, Vitaminas B6, Vitaminas B12, Vitaminas C.<\/p>\n<p>Normali\u0105 gele\u017eies apykait\u0105 palaikyti padeda Vitaminas B2 ir Vitaminas A, o gele\u017eies absorbcij\u0105 gerina Vitaminas C.<\/p>\n<p>Biotinas, Vitaminas A ir Vitaminas B2 padeda palaikyti normali\u0105 gleivini\u0173 b\u016bkl\u0119.<\/p>\n<p>Ma\u017einti pavargimo jausm\u0105 ir nuovarg\u012f padeda Gele\u017eis, Magnis ir Pantoteno r\u016bg\u0161tis, Vitaminas B2, Vitaminas B6, Vitaminas B12, Vitaminas C.<\/p>\n<p>L\u0105stel\u0117s: Padeda apsaugoti l\u0105steles nuo oksidacin\u0117s pa\u017eaidos Cinkas, Manganas, Selenas, Vitaminas B2, Vitaminas C, Vitaminas E. Taip pat Cinkas, Gele\u017eis, Magnis, Vitaminas B12, Vitaminas D atlieka tam tikr\u0105 funkcij\u0105 l\u0105steli\u0173 dalijimosi procese.<\/p>\n<p>Wap\u0144 i witamina A odgrywaj\u0105 rol\u0119 w podziale i specjalizacji kom\u00f3rek.<\/p>\n<p>\u017belazo, jod i cynk pomagaj\u0105 w utrzymaniu prawid\u0142owych funkcji poznawczych.<\/p>\n<p>Kraujas: Gele\u017eis padeda palaikyti normal\u0173 raudon\u0173j\u0173 kraujo k\u016bneli\u0173 ir hemoglobino susidarym\u0105, deguonies perne\u0161im\u0105 organizme. Riboflavinas (Vitaminas B2) padeda palaikyti normali\u0105 raudon\u0173j\u0173 kraujo k\u016bneli\u0173 b\u016bkl\u0119. Vitaminai B6 ir B12 padeda palaikyti normal\u0173 raudon\u0173j\u0173 kraujo k\u016bneli\u0173 susidarym\u0105. Kalcis ir Vitaminai K padeda palaikyti normal\u0173 kraujo kre\u0161\u0117jim\u0105.<\/p>\n<p>Mi\u0119\u015bnie: Wap\u0144 pomaga utrzyma\u0107 prawid\u0142owe funkcjonowanie mi\u0119\u015bni. Magnez i witamina D pomagaj\u0105 utrzyma\u0107 prawid\u0142owe funkcjonowanie mi\u0119\u015bni.<\/p>\n<p>Bia\u0142ko: Cynk i magnez pomagaj\u0105 w utrzymaniu prawid\u0142owej syntezy bia\u0142ek. Witamina B6 pomaga utrzyma\u0107 prawid\u0142owy metabolizm bia\u0142ka i glikogenu<\/p>\n<p>Wzrok: Cynk, witamina A, ryboflawina (witamina B2) i witamina A (witamina B2) pomagaj\u0105 utrzyma\u0107 prawid\u0142owy wzrok.<\/p>\n<p>Hormony: Witamina B6 pomaga regulowa\u0107 aktywno\u015b\u0107 hormonaln\u0105. Kwas pantotenowy pomaga utrzyma\u0107 prawid\u0142ow\u0105 aktywno\u015b\u0107 hormon\u00f3w steroidowych. Jod pomaga utrzyma\u0107 prawid\u0142ow\u0105 produkcj\u0119 hormon\u00f3w tarczycy.<\/p>\n<p>Funkcja tarczycy: Selen i jod pomagaj\u0105 w utrzymaniu prawid\u0142owej funkcji tarczycy.<\/p>\n<p>Kaulai: Cinkas, Fosforas, Kalcis, Magnis, Manganas, Vitaminas D reikalingas normaliai kaul\u0173 b\u016bklei palaikyti.<\/p>\n<p>Witamina C pomaga w prawid\u0142owym tworzeniu kolagenu, kt\u00f3ry jest niezb\u0119dny do prawid\u0142owego funkcjonowania ko\u015bci.<\/p>\n<p>Palaikyti normali\u0105 dant\u0173 b\u016bkl\u0119 padeda Fosforas ir Vitaminas D.<\/p>\n<p>Witamina C pomaga utrzyma\u0107 prawid\u0142owe tworzenie kolagenu, kt\u00f3ry jest niezb\u0119dny do prawid\u0142owego funkcjonowania dzi\u0105se\u0142<\/p>\n<p>Witamina C pomaga utrzyma\u0107 prawid\u0142owe tworzenie kolagenu, kt\u00f3ry jest niezb\u0119dny do prawid\u0142owego funkcjonowania z\u0119b\u00f3w<\/p>\n<p>Witamina C pomaga w prawid\u0142owym tworzeniu kolagenu, kt\u00f3ry jest niezb\u0119dny do prawid\u0142owego funkcjonowania naczy\u0144 krwiono\u015bnych.<\/p>\n<p>Witamina C pomaga w utrzymaniu prawid\u0142owego tworzenia kolagenu, kt\u00f3ry jest niezb\u0119dny do prawid\u0142owego funkcjonowania chrz\u0105stki.<\/p>\n<p>Paznokcie: Cynk i selen pomagaj\u0105 utrzyma\u0107 prawid\u0142owe paznokcie.<\/p>\n<p>Plaukai: Biotinas, Cinkas, Selenas padeda palaikyti normali\u0105 plauk\u0173 bukl\u0119.<\/p>\n<p>Oda: Ger\u0105 odos b\u016bkl\u0119 palaikyti padeda Biotinas, Cinkas, Jodas, Vitaminas A ir Riboflavinas (Vitaminas B2). Vitaminas C padeda palaikyti normal\u0173 kolagen\u0105, kuris reikalingas normaliai odos funkcijai, susidarym\u0105.<\/p>\n<p>Nerv\u0173 sistem\u0105: Normaliai nerv\u0173 sitemos veiklai u\u017etikrinti padeda Biotinas, Jodas, Magnis, Vitaminas B2, Vitaminas B6, Vitaminas B12, Vitaminas C. Kalcis padeda palaikyti normal\u0173 nerv\u0173 impulso perdavim\u0105, vir\u0161kinimo ferment\u0173 veikim\u0105.<\/p>\n<p>Cholinas padeda palaikyti normali\u0105 kepen\u0173 veikl\u0105.<\/p>\n<p>Cholinas padeda palaikyti normali\u0105 lipid\u0173 apykait\u0105.<\/p>\n<p>Fosforas padeda palaikyti normali\u0105 l\u0105steli\u0173 membran\u0173 funkcij\u0105.<\/p>\n<p>Magnez pomaga utrzyma\u0107 r\u00f3wnowag\u0119 elektrolitow\u0105.<\/p>\n<p>Manganas padeda palaikyti normal\u0173 jungiamojo audinio formavim\u0105si.<\/p>\n<p>Selen pomaga utrzyma\u0107 prawid\u0142ow\u0105 aktywno\u015b\u0107 spermatogenezy.<\/p>\n<p>Witamina C pomaga przywr\u00f3ci\u0107 witamin\u0119 E w jej zredukowanej formie<\/p>\n<p>Vitaminas D padeda palaikyti normali\u0105 kalcio ir fosforo absorbcij\u0105 ir (arba) \u012fsisavinim\u0105.<\/p>\n<p>Vitaminas D padeda palaikyti normali\u0105 kalcio koncentracij\u0105 kraujyje.<\/p>\n<p>Cholinas, Vitaminas B6 ir B12 padeda palaikyti normali\u0105 homocisteino apykait\u0105.<\/p>\n<p>Vitaminas B6 padeda palaikyti normali\u0105 cisteino sintez\u0119.<\/p>\n<p>&nbsp;<\/p>\n<p>Grynasis kiekis: 97,82 g \/ 60 table\u010di\u0173.<\/p>\n<p><strong>GRO\u017dIO VITAMIN\u0172 SUDEDAMOSIOS DALYS<\/strong><\/p>\n<table>\n<tbody>\n<tr>\n<td width=\"321\"><strong>Jedna tabletka zawiera:<\/strong><\/td>\n<td width=\"161\"><strong>(% RMV*)<\/strong><\/td>\n<\/tr>\n<tr>\n<td width=\"321\">Witamina A<\/td>\n<td width=\"161\">570 \u00b5g (71.25%)<\/td>\n<\/tr>\n<tr>\n<td width=\"321\">Witamina C<\/td>\n<td width=\"161\">20 mg (25.0%)<\/td>\n<\/tr>\n<tr>\n<td width=\"321\">Witamina E<\/td>\n<td width=\"161\">8 mg<em> a<\/em>-TE (66.6%)<\/td>\n<\/tr>\n<tr>\n<td width=\"321\">Witamina D<sub>3<\/sub><\/td>\n<td width=\"161\">0,82 \u00b5g (16.6%)<\/td>\n<\/tr>\n<tr>\n<td width=\"321\">Vitaminas B<sub>1<\/sub><\/td>\n<td width=\"161\">1,67 mg (151.8%)<\/td>\n<\/tr>\n<tr>\n<td width=\"321\">Vitaminas B<sub>2<\/sub><\/td>\n<td width=\"161\">1,67 mg (119.2%)<\/td>\n<\/tr>\n<tr>\n<td width=\"321\">Vitaminas B<sub>3<\/sub><\/td>\n<td width=\"161\">8,3 mg NE (51.8%)<\/td>\n<\/tr>\n<tr>\n<td width=\"321\">Vitaminas B<sub>5<\/sub><\/td>\n<td width=\"161\">5 mg (83.3%)<\/td>\n<\/tr>\n<tr>\n<td width=\"321\">Vitaminas B<sub>6<\/sub><\/td>\n<td width=\"161\">1,67 mg (119.2%)<\/td>\n<\/tr>\n<tr>\n<td width=\"321\">Vitaminas B<sub>12<\/sub><\/td>\n<td width=\"161\">2,67 \u00b5g (106.8%)<\/td>\n<\/tr>\n<tr>\n<td width=\"321\">Wap\u0144<\/td>\n<td width=\"161\">278 mg (34.72%)<\/td>\n<\/tr>\n<tr>\n<td width=\"321\">Fosforas<\/td>\n<td width=\"161\">110 mg (15.7%)<\/td>\n<\/tr>\n<tr>\n<td width=\"321\">Magnez<\/td>\n<td width=\"161\">33,3 mg (8.8%)<\/td>\n<\/tr>\n<tr>\n<td width=\"321\">Selen<\/td>\n<td width=\"161\">4 \u00b5g (7.2%)<\/td>\n<\/tr>\n<tr>\n<td width=\"321\">\u017belazo<\/td>\n<td width=\"161\">1 mg (7.1%)<\/td>\n<\/tr>\n<tr>\n<td width=\"321\">Cynk<\/td>\n<td width=\"161\">2,5 mg (25.0%)<\/td>\n<\/tr>\n<tr>\n<td width=\"321\">Mangan<\/td>\n<td width=\"161\">1,67 mg (83.5%)<\/td>\n<\/tr>\n<tr>\n<td width=\"321\">Biotyna<\/td>\n<td width=\"161\">66 \u00b5g (132.0%)<\/td>\n<\/tr>\n<tr>\n<td width=\"321\">Kwas foliowy<\/td>\n<td width=\"161\">66,7 \u00b5g (33.3%)<\/td>\n<\/tr>\n<tr>\n<td width=\"321\">Jod<\/td>\n<td width=\"161\">37,5 \u00b5g (25.0%)<\/td>\n<\/tr>\n<tr>\n<td width=\"321\">Cholinas<\/td>\n<td width=\"161\">25 mg<\/td>\n<\/tr>\n<tr>\n<td width=\"321\">PABA (para-amino benzoin\u0117 r\u016bg\u0161tis)<\/td>\n<td width=\"161\">8,34 mg<\/td>\n<\/tr>\n<tr>\n<td width=\"321\">Biotyna<\/td>\n<td width=\"161\">8,34 mg<\/td>\n<\/tr>\n<tr>\n<td width=\"321\">Citrusini\u0173 vaisi\u0173 bioflanovoid\u0173 kompleksas<\/td>\n<td width=\"161\">8,34 mg<\/td>\n<\/tr>\n<tr>\n<td width=\"321\">Ersk\u0117tuogi\u0173 ekstraktas 20:1<\/td>\n<td width=\"161\">1 mg<\/td>\n<\/tr>\n<tr>\n<td width=\"321\">Inozitolis<\/td>\n<td width=\"161\">10 mg<\/td>\n<\/tr>\n<tr>\n<td width=\"321\">Rutinas<\/td>\n<td width=\"161\">4,17 mg<\/td>\n<\/tr>\n<\/tbody>\n<\/table>\n<p>*RMV - Referencyjna Warto\u015b\u0107 Od\u017cywcza<\/p>\n<p><strong>SK\u0141ADNIKI:<\/strong><\/p>\n<p>Dikalcio fosfatas, kalcio karbonatas, u\u017epildas: mikrokristalin\u0117 celiulioz\u0117; magnio oksidas, cholino bitartratas, L-askorbo r\u016bg\u0161tis, cinko gliukonatas, mangano gliukonatas, lipnum\u0105 reguliuojanti med\u017eiaga: stearino r\u016bg\u0161tis; glaz\u016bravimo med\u017eiaga: hidroksipropilmetilceliulioz\u0117; lipnum\u0105 reguliuojan\u010dios med\u017eiagos: riebal\u0173 r\u016bg\u0161\u010di\u0173 magnio druskos, silicio dioksidas; inozitolis, DL-alfa tokoferolis, nikotinamidas, para-amino benzoin\u0117 r\u016bg\u0161tis, betaino hidrochloridas, citrusini\u0173 vaisi\u0173 bioflavonoid\u0173 kompleksas, D-kalcio pantotenatas, retinolio acetatas, rutinas, gele\u017eies fumaratas, ciankobalaminas, piridoksino hidrochloridas, glicerolio hidrochloridas, tiamino hidrochloridas; riboflavinas, er\u0161k\u0117tuogi\u0173 ekstraktas, L-selenometioninas, cholekalciferolis, glaz\u016bravimo med\u017eiaga: karnaubo va\u0161kas, folio r\u016bg\u0161tis, D-biotinas, kalio jodidas.<\/p>\n<p><strong>ZASTOSOWANIE:<\/strong><\/p>\n<p>Suaugusiems po 1 tablet\u0119 per dien\u0105. Vartoti su maistu. Nerekomenduojama vartoti n\u0117\u0161tumo ir \u017eindymo laikotarpiu.<\/p>\n<p><strong>\u012eSP\u0116JIMAI:<\/strong><\/p>\n<p>Nevir\u0161yti rekomenduojamos dienos doz\u0117s. Laikyti kambario temperat\u016broje, vaikams nepasiekiamoje vietoje. Saugoti nuo tiesiogini\u0173 saul\u0117s spinduli\u0173. Maisto papildas n\u0117ra maisto pakaitalas, tod\u0117l svarbu \u012fvairiapus\u0117 ir subalansuota mityba.<\/p>","protected":false},"excerpt":{"rendered":"<p>Grynasis kiekis: 97,82 g \/ 60 table\u010di\u0173<\/p>\n<p>\u201eHealthy Choice\u201c Gro\u017eio vitamin\u0173 kompleksas sukurtas pagal speciali\u0105 formul\u0119 odai, plaukams ir nagams<\/p>","protected":false},"featured_media":6051,"template":"","meta":[],"product_brand":[],"product_cat":[52,100,103],"product_tag":[53,60,56,29,24,30,48],"class_list":{"0":"post-4597","1":"product","2":"type-product","3":"status-publish","4":"has-post-thumbnail","6":"product_cat-akcijos","7":"product_cat-kolagenas","8":"product_cat-maisto-papildai","9":"product_tag-exportui","10":"product_tag-groziui-ir-sveikatai","11":"product_tag-kolagenas-vitaminai-20","12":"product_tag-kovo3","13":"product_tag-paprasti-produktai","14":"product_tag-top","15":"product_tag-vitaminai","17":"first","18":"instock","19":"sale","20":"taxable","21":"shipping-taxable","22":"purchasable","23":"product-type-simple"},"yoast_head":"<!-- This site is optimized with the Yoast SEO plugin v27.5 - https:\/\/yoast.com\/product\/yoast-seo-wordpress\/ -->\n<title>Gro\u017eio vitaminai \u201eHealthy Choice\u201c 60 table\u010di\u0173| Healthy Choice<\/title>\n<meta name=\"robots\" content=\"index, follow, max-snippet:-1, max-image-preview:large, max-video-preview:-1\" \/>\n<link rel=\"canonical\" href=\"https:\/\/www.healthychoice.lt\/pl\/produktai\/grozio-vitaminai-9782g\/\" \/>\n<meta property=\"og:locale\" content=\"pl_PL\" \/>\n<meta property=\"og:type\" content=\"article\" \/>\n<meta property=\"og:title\" content=\"Gro\u017eio vitaminai \u201eHealthy Choice\u201c 60 table\u010di\u0173| Healthy Choice\" \/>\n<meta property=\"og:description\" content=\"Grynasis kiekis: 97,82 g \/ 60 table\u010di\u0173  \u201eHealthy Choice\u201c Gro\u017eio vitamin\u0173 kompleksas sukurtas pagal speciali\u0105 formul\u0119 odai, plaukams ir nagams\" \/>\n<meta property=\"og:url\" content=\"https:\/\/www.healthychoice.lt\/pl\/produktai\/grozio-vitaminai-9782g\/\" \/>\n<meta property=\"og:site_name\" content=\"Healthy Choice\" \/>\n<meta property=\"article:publisher\" content=\"https:\/\/www.facebook.com\/healthychoice.world\/\" \/>\n<meta property=\"article:modified_time\" content=\"2026-04-23T06:34:18+00:00\" \/>\n<meta property=\"og:image\" content=\"https:\/\/www.healthychoice.lt\/wp-content\/uploads\/2023\/06\/Grozio-vitaminai-min.jpg\" \/>\n\t<meta property=\"og:image:width\" content=\"1024\" \/>\n\t<meta property=\"og:image:height\" content=\"1024\" \/>\n\t<meta property=\"og:image:type\" content=\"image\/jpeg\" \/>\n<meta name=\"twitter:card\" content=\"summary_large_image\" \/>\n<meta name=\"twitter:label1\" content=\"Szacowany czas czytania\" \/>\n\t<meta name=\"twitter:data1\" content=\"5 minut\" \/>\n<script type=\"application\/ld+json\" class=\"yoast-schema-graph\">{\"@context\":\"https:\\\/\\\/schema.org\",\"@graph\":[{\"@type\":\"WebPage\",\"@id\":\"https:\\\/\\\/www.healthychoice.lt\\\/produktai\\\/grozio-vitaminai-9782g\\\/\",\"url\":\"https:\\\/\\\/www.healthychoice.lt\\\/produktai\\\/grozio-vitaminai-9782g\\\/\",\"name\":\"Gro\u017eio vitaminai \u201eHealthy Choice\u201c 60 table\u010di\u0173| Healthy Choice\",\"isPartOf\":{\"@id\":\"https:\\\/\\\/www.healthychoice.lt\\\/es\\\/#website\"},\"primaryImageOfPage\":{\"@id\":\"https:\\\/\\\/www.healthychoice.lt\\\/produktai\\\/grozio-vitaminai-9782g\\\/#primaryimage\"},\"image\":{\"@id\":\"https:\\\/\\\/www.healthychoice.lt\\\/produktai\\\/grozio-vitaminai-9782g\\\/#primaryimage\"},\"thumbnailUrl\":\"https:\\\/\\\/www.healthychoice.lt\\\/wp-content\\\/uploads\\\/2023\\\/06\\\/Grozio-vitaminai-min.jpg\",\"datePublished\":\"2023-01-11T15:19:05+00:00\",\"dateModified\":\"2026-04-23T06:34:18+00:00\",\"breadcrumb\":{\"@id\":\"https:\\\/\\\/www.healthychoice.lt\\\/produktai\\\/grozio-vitaminai-9782g\\\/#breadcrumb\"},\"inLanguage\":\"pl-PL\",\"potentialAction\":[{\"@type\":\"ReadAction\",\"target\":[\"https:\\\/\\\/www.healthychoice.lt\\\/produktai\\\/grozio-vitaminai-9782g\\\/\"]}]},{\"@type\":\"ImageObject\",\"inLanguage\":\"pl-PL\",\"@id\":\"https:\\\/\\\/www.healthychoice.lt\\\/produktai\\\/grozio-vitaminai-9782g\\\/#primaryimage\",\"url\":\"https:\\\/\\\/www.healthychoice.lt\\\/wp-content\\\/uploads\\\/2023\\\/06\\\/Grozio-vitaminai-min.jpg\",\"contentUrl\":\"https:\\\/\\\/www.healthychoice.lt\\\/wp-content\\\/uploads\\\/2023\\\/06\\\/Grozio-vitaminai-min.jpg\",\"width\":1024,\"height\":1024},{\"@type\":\"BreadcrumbList\",\"@id\":\"https:\\\/\\\/www.healthychoice.lt\\\/produktai\\\/grozio-vitaminai-9782g\\\/#breadcrumb\",\"itemListElement\":[{\"@type\":\"ListItem\",\"position\":1,\"name\":\"Home\",\"item\":\"https:\\\/\\\/www.healthychoice.lt\\\/\"},{\"@type\":\"ListItem\",\"position\":2,\"name\":\"Produktai\",\"item\":\"https:\\\/\\\/www.healthychoice.lt\\\/es\\\/produktai\\\/\"},{\"@type\":\"ListItem\",\"position\":3,\"name\":\"Gro\u017eio vitaminai \u201eHealthy Choice\u201c 60 table\u010di\u0173\"}]},{\"@type\":\"WebSite\",\"@id\":\"https:\\\/\\\/www.healthychoice.lt\\\/es\\\/#website\",\"url\":\"https:\\\/\\\/www.healthychoice.lt\\\/es\\\/\",\"name\":\"Healthy Choice\",\"description\":\"Mityba, kuria gali pasitik\u0117ti!\",\"alternateName\":\"Healthychoice\",\"potentialAction\":[{\"@type\":\"SearchAction\",\"target\":{\"@type\":\"EntryPoint\",\"urlTemplate\":\"https:\\\/\\\/www.healthychoice.lt\\\/es\\\/?s={search_term_string}\"},\"query-input\":{\"@type\":\"PropertyValueSpecification\",\"valueRequired\":true,\"valueName\":\"search_term_string\"}}],\"inLanguage\":\"pl-PL\"}]}<\/script>\n<!-- \/ Yoast SEO plugin. -->","yoast_head_json":{"title":"Gro\u017eio vitaminai \u201eHealthy Choice\u201c 60 table\u010di\u0173| Healthy Choice","robots":{"index":"index","follow":"follow","max-snippet":"max-snippet:-1","max-image-preview":"max-image-preview:large","max-video-preview":"max-video-preview:-1"},"canonical":"https:\/\/www.healthychoice.lt\/pl\/produktai\/grozio-vitaminai-9782g\/","og_locale":"pl_PL","og_type":"article","og_title":"Gro\u017eio vitaminai \u201eHealthy Choice\u201c 60 table\u010di\u0173| Healthy Choice","og_description":"Grynasis kiekis: 97,82 g \/ 60 table\u010di\u0173  \u201eHealthy Choice\u201c Gro\u017eio vitamin\u0173 kompleksas sukurtas pagal speciali\u0105 formul\u0119 odai, plaukams ir nagams","og_url":"https:\/\/www.healthychoice.lt\/pl\/produktai\/grozio-vitaminai-9782g\/","og_site_name":"Healthy Choice","article_publisher":"https:\/\/www.facebook.com\/healthychoice.world\/","article_modified_time":"2026-04-23T06:34:18+00:00","og_image":[{"width":1024,"height":1024,"url":"https:\/\/www.healthychoice.lt\/wp-content\/uploads\/2023\/06\/Grozio-vitaminai-min.jpg","type":"image\/jpeg"}],"twitter_card":"summary_large_image","twitter_misc":{"Szacowany czas czytania":"5 minut"},"schema":{"@context":"https:\/\/schema.org","@graph":[{"@type":"WebPage","@id":"https:\/\/www.healthychoice.lt\/produktai\/grozio-vitaminai-9782g\/","url":"https:\/\/www.healthychoice.lt\/produktai\/grozio-vitaminai-9782g\/","name":"Gro\u017eio vitaminai \u201eHealthy Choice\u201c 60 table\u010di\u0173| Healthy Choice","isPartOf":{"@id":"https:\/\/www.healthychoice.lt\/es\/#website"},"primaryImageOfPage":{"@id":"https:\/\/www.healthychoice.lt\/produktai\/grozio-vitaminai-9782g\/#primaryimage"},"image":{"@id":"https:\/\/www.healthychoice.lt\/produktai\/grozio-vitaminai-9782g\/#primaryimage"},"thumbnailUrl":"https:\/\/www.healthychoice.lt\/wp-content\/uploads\/2023\/06\/Grozio-vitaminai-min.jpg","datePublished":"2023-01-11T15:19:05+00:00","dateModified":"2026-04-23T06:34:18+00:00","breadcrumb":{"@id":"https:\/\/www.healthychoice.lt\/produktai\/grozio-vitaminai-9782g\/#breadcrumb"},"inLanguage":"pl-PL","potentialAction":[{"@type":"ReadAction","target":["https:\/\/www.healthychoice.lt\/produktai\/grozio-vitaminai-9782g\/"]}]},{"@type":"ImageObject","inLanguage":"pl-PL","@id":"https:\/\/www.healthychoice.lt\/produktai\/grozio-vitaminai-9782g\/#primaryimage","url":"https:\/\/www.healthychoice.lt\/wp-content\/uploads\/2023\/06\/Grozio-vitaminai-min.jpg","contentUrl":"https:\/\/www.healthychoice.lt\/wp-content\/uploads\/2023\/06\/Grozio-vitaminai-min.jpg","width":1024,"height":1024},{"@type":"BreadcrumbList","@id":"https:\/\/www.healthychoice.lt\/produktai\/grozio-vitaminai-9782g\/#breadcrumb","itemListElement":[{"@type":"ListItem","position":1,"name":"Home","item":"https:\/\/www.healthychoice.lt\/"},{"@type":"ListItem","position":2,"name":"Produktai","item":"https:\/\/www.healthychoice.lt\/es\/produktai\/"},{"@type":"ListItem","position":3,"name":"Gro\u017eio vitaminai \u201eHealthy Choice\u201c 60 table\u010di\u0173"}]},{"@type":"WebSite","@id":"https:\/\/www.healthychoice.lt\/es\/#website","url":"https:\/\/www.healthychoice.lt\/es\/","name":"Healthy Choice","description":"Dieta, kt\u00f3rej mo\u017cesz zaufa\u0107!","alternateName":"Healthychoice","potentialAction":[{"@type":"SearchAction","target":{"@type":"EntryPoint","urlTemplate":"https:\/\/www.healthychoice.lt\/es\/?s={search_term_string}"},"query-input":{"@type":"PropertyValueSpecification","valueRequired":true,"valueName":"search_term_string"}}],"inLanguage":"pl-PL"}]}},"_links":{"self":[{"href":"https:\/\/www.healthychoice.lt\/pl\/wp-json\/wp\/v2\/product\/4597","targetHints":{"allow":["GET"]}}],"collection":[{"href":"https:\/\/www.healthychoice.lt\/pl\/wp-json\/wp\/v2\/product"}],"about":[{"href":"https:\/\/www.healthychoice.lt\/pl\/wp-json\/wp\/v2\/types\/product"}],"wp:featuredmedia":[{"embeddable":true,"href":"https:\/\/www.healthychoice.lt\/pl\/wp-json\/wp\/v2\/media\/6051"}],"wp:attachment":[{"href":"https:\/\/www.healthychoice.lt\/pl\/wp-json\/wp\/v2\/media?parent=4597"}],"wp:term":[{"taxonomy":"product_brand","embeddable":true,"href":"https:\/\/www.healthychoice.lt\/pl\/wp-json\/wp\/v2\/product_brand?post=4597"},{"taxonomy":"product_cat","embeddable":true,"href":"https:\/\/www.healthychoice.lt\/pl\/wp-json\/wp\/v2\/product_cat?post=4597"},{"taxonomy":"product_tag","embeddable":true,"href":"https:\/\/www.healthychoice.lt\/pl\/wp-json\/wp\/v2\/product_tag?post=4597"}],"curies":[{"name":"wp","href":"https:\/\/api.w.org\/{rel}","templated":true}]}}