{"id":4336,"date":"2025-04-08T11:11:41","date_gmt":"2025-04-08T08:11:41","guid":{"rendered":"https:\/\/www.healthychoice.lt\/?post_type=product&#038;p=4336"},"modified":"2026-04-23T16:22:20","modified_gmt":"2026-04-23T13:22:20","slug":"kolagenas","status":"publish","type":"product","link":"https:\/\/www.healthychoice.lt\/pl\/produktai\/kolagenas\/","title":{"rendered":"100% czysty kolagen o smaku truskawkowym, 500ml"},"content":{"rendered":"<p><strong>100<\/strong><strong>%<\/strong><strong> PROCENT CZYSTEGO KOLAGENU O SMAKU TRUSKAWKOWYM<\/strong><\/p>\n<p>Ilo\u015b\u0107 netto 500 ml<\/p>\n<p>Kolagen to bia\u0142ko naturalnie wyst\u0119puj\u0105ce w ludzkim organizmie, kt\u00f3re utrzymuje struktur\u0119 sk\u00f3ry, ko\u015bci i mi\u0119\u015bni, ale wraz z post\u0119puj\u0105cym procesem starzenia, zdolno\u015b\u0107 organizmu do syntezy kolagenu spada. Z tego powodu opracowywane s\u0105 suplementy kolagenowe, kt\u00f3re pomagaj\u0105 utrzyma\u0107 prawid\u0142ow\u0105 sk\u00f3r\u0119, w\u0142osy i paznokcie, zmniejszaj\u0105 rozrzedzenie ko\u015bci i maj\u0105 pozytywny wp\u0142yw na uk\u0142ad sercowo-naczyniowy.<\/p>\n<p>100% czysty kolagen o smaku truskawkowym jest najwy\u017cszej jako\u015bci, opracowany w celu zachowania wszystkich niezb\u0119dnych substancji poprawiaj\u0105cych kondycj\u0119 w\u0142os\u00f3w, sk\u00f3ry, paznokci, tkanek \u0142\u0105cznych i staw\u00f3w. Jest to doskona\u0142y produkt o smaku truskawkowym, niedrogi i wysokiej jako\u015bci, odpowiedni do stosowania raz dziennie.<\/p>\n<p>W 100% czysty kolagen o smaku truskawkowym zawiera biotyn\u0119, cynk, witamin\u0119 E i witamin\u0119 C. Biotyna jest niezb\u0119dna do metabolizmu w\u0119glowodan\u00f3w, bia\u0142ek i t\u0142uszcz\u00f3w. Biotyna pomaga utrzyma\u0107 prawid\u0142owy metabolizm energetyczny, funkcjonowanie uk\u0142adu nerwowego, funkcje psychologiczne i stan sk\u00f3ry. Cynk jest niezb\u0119dny do produkcji bia\u0142ek i wa\u017cny dla rozwoju i funkcjonowania kom\u00f3rek odporno\u015bciowych. Cynk, podobnie jak witaminy E i C, pomaga w utrzymaniu silnego uk\u0142adu odporno\u015bciowego.<\/p>\n<p>&nbsp;<\/p>\n<p><strong>G\u0141\u00d3WNE ZALETY TEGO KOLAGENU O SMAKU TRUSKAWKOWYM:<\/strong><\/p>\n<ul>\n<li>bardzo dobry, naturalny truskawkowy smak;<\/li>\n<li>zachowana wysoka warto\u015b\u0107 biologiczna;<\/li>\n<li>nie zawiera laktozy;<\/li>\n<li>Kolagen jest bogaty w witaminy E i C;<\/li>\n<li>odpowiedni dla wymagaj\u0105cych u\u017cytkownik\u00f3w;<\/li>\n<li>niska zawarto\u015b\u0107 cukru, w\u0119glowodan\u00f3w i t\u0142uszczu;<\/li>\n<li>pomaga poprawi\u0107 elastyczno\u015b\u0107 sk\u00f3ry i mas\u0119 mi\u0119\u015bniow\u0105 oraz zapobiega oznakom starzenia.<\/li>\n<\/ul>\n<p><strong>\u00a0<\/strong><\/p>\n<p><strong>KONSUMPCJA<\/strong><strong>:<\/strong><\/p>\n<p>Dzienna dawka wynosi 25 ml, w postaci czystej lub rozcie\u0144czonej wod\u0105. Przed u\u017cyciem dobrze wstrz\u0105sn\u0105\u0107. Produkt nie mo\u017ce przekracza\u0107 zalecanej dawki i nie mo\u017ce by\u0107 stosowany jako substytut \u017cywno\u015bci. Produkt nale\u017cy przechowywa\u0107 w miejscu niedost\u0119pnym i niewidocznym dla dzieci. Wa\u017cna jest zr\u00f3\u017cnicowana i zbilansowana dieta oraz zdrowy tryb \u017cycia.<\/p>\n<p>&nbsp;<\/p>\n<p><strong>WARTO\u015a\u0106 OD\u017bYWCZA I ENERGETYCZNA PRODUKTU<\/strong><\/p>\n<p>Wielko\u015b\u0107 porcji: 25 ml.<\/p>\n<p>Liczba porcji w opakowaniu: 20.<\/p>\n<p>&nbsp;<\/p>\n<table>\n<tbody>\n<tr>\n<td width=\"252\"><\/td>\n<td width=\"118\"><strong>Cz\u0119\u015b\u0107<\/strong><\/td>\n<td width=\"227\"><strong>\u00a0<\/strong><strong>100 ml czystego kolagenu o smaku truskawkowym<\/strong><\/td>\n<\/tr>\n<tr>\n<td width=\"252\">Kalorie<\/td>\n<td width=\"118\">72 kJ (17,2 kcal)<\/td>\n<td width=\"227\">286kJ(68,4kcal)<\/td>\n<\/tr>\n<tr>\n<td width=\"252\"><strong>T\u0142uszcz<\/strong><\/td>\n<td width=\"118\">&lt;0,5 g<\/td>\n<td width=\"227\">&lt;0,5 g<\/td>\n<\/tr>\n<tr>\n<td width=\"252\"><strong>W\u0119glowodany og\u00f3\u0142em<\/strong><\/td>\n<td width=\"118\">1,2 g<\/td>\n<td width=\"227\">4,7 g<\/td>\n<\/tr>\n<tr>\n<td width=\"252\">- Z czego cukier<\/td>\n<td width=\"118\">1,1 g<\/td>\n<td width=\"227\">4,6 g<\/td>\n<\/tr>\n<tr>\n<td width=\"252\"><strong>Bia\u0142ko<\/strong><\/td>\n<td width=\"118\">2,7 g<\/td>\n<td width=\"227\">10,6 g<\/td>\n<\/tr>\n<tr>\n<td width=\"252\"><strong>S\u00f3l<\/strong><\/td>\n<td width=\"118\">&lt;0,01 g<\/td>\n<td width=\"227\">0,03 g<\/td>\n<\/tr>\n<\/tbody>\n<\/table>\n<p>&nbsp;<\/p>\n<p><strong>SK\u0141ADNIKI:<\/strong><\/p>\n<p>Woda, sok z bia\u0142ych winogron (z koncentratu), hydrolizat kolagenu, sok z agawy, kwas askorbinowy, octan DL-\u03b1-tokoferolu, D-biotyna, cytrynian cynku, kwas (kwas cytrynowy), substancje konserwuj\u0105ce (sorbinian potasu, benzoesan sodu), substancja s\u0142odz\u0105ca (glikozydy stewiolowe), naturalny aromat.<\/p>\n<p>&nbsp;<\/p>\n<p><strong>CZYSTY KOLAGEN O SMAKU TRUSKAWKOWYM SK\u0141ADNIKI AMINOKWASOWE:<\/strong><\/p>\n<table>\n<tbody>\n<tr>\n<td width=\"144\"><\/td>\n<td width=\"152\"><strong>Cz\u0119\u015b\u0107<\/strong><\/td>\n<td width=\"216\"><strong>100 ml czystego kolagenu o smaku truskawkowym<\/strong><\/td>\n<\/tr>\n<tr>\n<td width=\"144\">Valin<\/td>\n<td width=\"152\">63 mg<\/td>\n<td width=\"216\">252 mg<\/td>\n<\/tr>\n<tr>\n<td width=\"144\">Izoleucyna<\/td>\n<td width=\"152\">39 mg<\/td>\n<td width=\"216\">156 mg<\/td>\n<\/tr>\n<tr>\n<td width=\"144\">Leucyna<\/td>\n<td width=\"152\">73 mg<\/td>\n<td width=\"216\">292 mg<\/td>\n<\/tr>\n<tr>\n<td width=\"144\">Lizyna<\/td>\n<td width=\"152\">94 mg<\/td>\n<td width=\"216\">376 mg<\/td>\n<\/tr>\n<tr>\n<td width=\"144\">Metionina<\/td>\n<td width=\"152\">16 mg<\/td>\n<td width=\"216\">64 mg<\/td>\n<\/tr>\n<tr>\n<td width=\"144\">Treonin<\/td>\n<td width=\"152\">55 mg<\/td>\n<td width=\"216\">220 mg<\/td>\n<\/tr>\n<tr>\n<td width=\"144\">Fenyloalanina<\/td>\n<td width=\"152\">52 mg<\/td>\n<td width=\"216\">208 mg<\/td>\n<\/tr>\n<tr>\n<td width=\"144\">Arginina<\/td>\n<td width=\"152\">189 mg<\/td>\n<td width=\"216\">756 mg<\/td>\n<\/tr>\n<tr>\n<td width=\"144\">Histydyna<\/td>\n<td width=\"152\">24 mg<\/td>\n<td width=\"216\">96 mg<\/td>\n<\/tr>\n<tr>\n<td width=\"144\">Tyrozyna<\/td>\n<td width=\"152\">21 mg<\/td>\n<td width=\"216\">84 mg<\/td>\n<\/tr>\n<tr>\n<td width=\"144\">Proline<\/td>\n<td width=\"152\">343 mg<\/td>\n<td width=\"216\">1372 mg<\/td>\n<\/tr>\n<tr>\n<td width=\"144\">Alanina<\/td>\n<td width=\"152\">225 mg<\/td>\n<td width=\"216\">900 mg<\/td>\n<\/tr>\n<tr>\n<td width=\"144\">Kwas asparaginowy<\/td>\n<td width=\"152\">149 mg<\/td>\n<td width=\"216\">596 mg<\/td>\n<\/tr>\n<tr>\n<td width=\"144\">Serinas<\/td>\n<td width=\"152\">86 mg<\/td>\n<td width=\"216\">344 mg<\/td>\n<\/tr>\n<tr>\n<td width=\"144\">Kwas glutaminowy<\/td>\n<td width=\"152\">257 mg<\/td>\n<td width=\"216\">1028 mg<\/td>\n<\/tr>\n<tr>\n<td width=\"144\">Glicyna<\/td>\n<td width=\"152\">584 mg<\/td>\n<td width=\"216\">2336 mg<\/td>\n<\/tr>\n<tr>\n<td width=\"144\">Hydroksylizyna<\/td>\n<td width=\"152\">39 mg<\/td>\n<td width=\"216\">156 mg<\/td>\n<\/tr>\n<tr>\n<td width=\"144\">Hydroksyprolina<\/td>\n<td width=\"152\">306 mg<\/td>\n<td width=\"216\">1224 mg<\/td>\n<\/tr>\n<\/tbody>\n<\/table>\n<p>&nbsp;<\/p>\n<p><strong>CZYSTY KOLAGEN O SMAKU TRUSKAWKOWYM SK\u0141ADNIKI WITAMINOWE:<\/strong><\/p>\n<table>\n<tbody>\n<tr>\n<td width=\"144\"><\/td>\n<td width=\"152\"><strong>Cz\u0119\u015b\u0107<\/strong><\/td>\n<td width=\"216\"><strong>100 ml czystego kolagenu o smaku truskawkowym<\/strong><\/td>\n<\/tr>\n<tr>\n<td width=\"144\">Witamina E<\/td>\n<td width=\"152\">12 mg<\/td>\n<td width=\"216\">48 mg<\/td>\n<\/tr>\n<tr>\n<td width=\"144\">Biotyna<\/td>\n<td width=\"152\">50 \u00b5g<\/td>\n<td width=\"216\">200 \u00b5g<\/td>\n<\/tr>\n<tr>\n<td width=\"144\">Witamina C<\/td>\n<td width=\"152\">80 mg<\/td>\n<td width=\"216\">320 mg<\/td>\n<\/tr>\n<tr>\n<td width=\"144\">Cynk<\/td>\n<td width=\"152\">10 mg<\/td>\n<td width=\"216\">40 mg<\/td>\n<\/tr>\n<tr>\n<td width=\"144\">Hydrolizat kolagenu Verisol\u00aeB<\/td>\n<td width=\"152\">2500 mg<\/td>\n<td width=\"216\">10000 mg<\/td>\n<\/tr>\n<\/tbody>\n<\/table>\n<p>&nbsp;<\/p>\n<p>&nbsp;<\/p>","protected":false},"excerpt":{"rendered":"<p>100% czysty kolagen o smaku truskawkowym, 500ml<\/p>","protected":false},"featured_media":8996,"template":"","meta":[],"product_brand":[],"product_cat":[52,100],"product_tag":[64,53,60,63,56,29,24,30],"class_list":{"0":"post-4336","1":"product","2":"type-product","3":"status-publish","4":"has-post-thumbnail","6":"product_cat-akcijos","7":"product_cat-kolagenas","8":"product_tag-kanapiu-baltymai-250g-dovanu","9":"product_tag-exportui","10":"product_tag-groziui-ir-sveikatai","11":"product_tag-kolagenas","12":"product_tag-kolagenas-vitaminai-20","13":"product_tag-kovo3","14":"product_tag-paprasti-produktai","15":"product_tag-top","17":"first","18":"instock","19":"sale","20":"taxable","21":"shipping-taxable","22":"purchasable","23":"product-type-simple"},"yoast_head":"<!-- This site is optimized with the Yoast SEO plugin v27.4 - https:\/\/yoast.com\/product\/yoast-seo-wordpress\/ -->\n<title>100% grynas kolagenas bra\u0161ki\u0173 skonio, 500ml| Healthy Choice<\/title>\n<meta name=\"robots\" content=\"index, follow, max-snippet:-1, max-image-preview:large, max-video-preview:-1\" \/>\n<link rel=\"canonical\" href=\"https:\/\/www.healthychoice.lt\/pl\/produktai\/kolagenas\/\" \/>\n<meta property=\"og:locale\" content=\"pl_PL\" \/>\n<meta property=\"og:type\" content=\"article\" \/>\n<meta property=\"og:title\" content=\"100% grynas kolagenas bra\u0161ki\u0173 skonio, 500ml| Healthy Choice\" \/>\n<meta property=\"og:description\" content=\"100% grynas kolagenas bra\u0161ki\u0173 skonio, 500ml\" \/>\n<meta property=\"og:url\" content=\"https:\/\/www.healthychoice.lt\/pl\/produktai\/kolagenas\/\" \/>\n<meta property=\"og:site_name\" content=\"Healthy Choice\" \/>\n<meta property=\"article:publisher\" content=\"https:\/\/www.facebook.com\/healthychoice.world\/\" \/>\n<meta property=\"article:modified_time\" content=\"2026-04-23T13:22:20+00:00\" \/>\n<meta property=\"og:image\" content=\"https:\/\/www.healthychoice.lt\/wp-content\/uploads\/2022\/12\/kolagenas-1-GOOOOOOOOD.jpg\" \/>\n\t<meta property=\"og:image:width\" content=\"1024\" \/>\n\t<meta property=\"og:image:height\" content=\"1024\" \/>\n\t<meta property=\"og:image:type\" content=\"image\/jpeg\" \/>\n<meta name=\"twitter:card\" content=\"summary_large_image\" \/>\n<meta name=\"twitter:label1\" content=\"Szacowany czas czytania\" \/>\n\t<meta name=\"twitter:data1\" content=\"2 minuty\" \/>\n<script type=\"application\/ld+json\" class=\"yoast-schema-graph\">{\"@context\":\"https:\\\/\\\/schema.org\",\"@graph\":[{\"@type\":\"WebPage\",\"@id\":\"https:\\\/\\\/www.healthychoice.lt\\\/produktai\\\/kolagenas\\\/\",\"url\":\"https:\\\/\\\/www.healthychoice.lt\\\/produktai\\\/kolagenas\\\/\",\"name\":\"100% grynas kolagenas bra\u0161ki\u0173 skonio, 500ml| Healthy Choice\",\"isPartOf\":{\"@id\":\"https:\\\/\\\/www.healthychoice.lt\\\/es\\\/#website\"},\"primaryImageOfPage\":{\"@id\":\"https:\\\/\\\/www.healthychoice.lt\\\/produktai\\\/kolagenas\\\/#primaryimage\"},\"image\":{\"@id\":\"https:\\\/\\\/www.healthychoice.lt\\\/produktai\\\/kolagenas\\\/#primaryimage\"},\"thumbnailUrl\":\"https:\\\/\\\/www.healthychoice.lt\\\/wp-content\\\/uploads\\\/2022\\\/12\\\/kolagenas-1-GOOOOOOOOD.jpg\",\"datePublished\":\"2025-04-08T08:11:41+00:00\",\"dateModified\":\"2026-04-23T13:22:20+00:00\",\"breadcrumb\":{\"@id\":\"https:\\\/\\\/www.healthychoice.lt\\\/produktai\\\/kolagenas\\\/#breadcrumb\"},\"inLanguage\":\"pl-PL\",\"potentialAction\":[{\"@type\":\"ReadAction\",\"target\":[\"https:\\\/\\\/www.healthychoice.lt\\\/produktai\\\/kolagenas\\\/\"]}]},{\"@type\":\"ImageObject\",\"inLanguage\":\"pl-PL\",\"@id\":\"https:\\\/\\\/www.healthychoice.lt\\\/produktai\\\/kolagenas\\\/#primaryimage\",\"url\":\"https:\\\/\\\/www.healthychoice.lt\\\/wp-content\\\/uploads\\\/2022\\\/12\\\/kolagenas-1-GOOOOOOOOD.jpg\",\"contentUrl\":\"https:\\\/\\\/www.healthychoice.lt\\\/wp-content\\\/uploads\\\/2022\\\/12\\\/kolagenas-1-GOOOOOOOOD.jpg\",\"width\":1024,\"height\":1024},{\"@type\":\"BreadcrumbList\",\"@id\":\"https:\\\/\\\/www.healthychoice.lt\\\/produktai\\\/kolagenas\\\/#breadcrumb\",\"itemListElement\":[{\"@type\":\"ListItem\",\"position\":1,\"name\":\"Home\",\"item\":\"https:\\\/\\\/www.healthychoice.lt\\\/\"},{\"@type\":\"ListItem\",\"position\":2,\"name\":\"Produktai\",\"item\":\"https:\\\/\\\/www.healthychoice.lt\\\/es\\\/produktai\\\/\"},{\"@type\":\"ListItem\",\"position\":3,\"name\":\"100% grynas kolagenas bra\u0161ki\u0173 skonio, 500ml\"}]},{\"@type\":\"WebSite\",\"@id\":\"https:\\\/\\\/www.healthychoice.lt\\\/es\\\/#website\",\"url\":\"https:\\\/\\\/www.healthychoice.lt\\\/es\\\/\",\"name\":\"Healthy Choice\",\"description\":\"Mityba, kuria gali pasitik\u0117ti!\",\"alternateName\":\"Healthychoice\",\"potentialAction\":[{\"@type\":\"SearchAction\",\"target\":{\"@type\":\"EntryPoint\",\"urlTemplate\":\"https:\\\/\\\/www.healthychoice.lt\\\/es\\\/?s={search_term_string}\"},\"query-input\":{\"@type\":\"PropertyValueSpecification\",\"valueRequired\":true,\"valueName\":\"search_term_string\"}}],\"inLanguage\":\"pl-PL\"}]}<\/script>\n<!-- \/ Yoast SEO plugin. -->","yoast_head_json":{"title":"100% grynas kolagenas bra\u0161ki\u0173 skonio, 500ml| Healthy Choice","robots":{"index":"index","follow":"follow","max-snippet":"max-snippet:-1","max-image-preview":"max-image-preview:large","max-video-preview":"max-video-preview:-1"},"canonical":"https:\/\/www.healthychoice.lt\/pl\/produktai\/kolagenas\/","og_locale":"pl_PL","og_type":"article","og_title":"100% grynas kolagenas bra\u0161ki\u0173 skonio, 500ml| Healthy Choice","og_description":"100% grynas kolagenas bra\u0161ki\u0173 skonio, 500ml","og_url":"https:\/\/www.healthychoice.lt\/pl\/produktai\/kolagenas\/","og_site_name":"Healthy Choice","article_publisher":"https:\/\/www.facebook.com\/healthychoice.world\/","article_modified_time":"2026-04-23T13:22:20+00:00","og_image":[{"width":1024,"height":1024,"url":"https:\/\/www.healthychoice.lt\/wp-content\/uploads\/2022\/12\/kolagenas-1-GOOOOOOOOD.jpg","type":"image\/jpeg"}],"twitter_card":"summary_large_image","twitter_misc":{"Szacowany czas czytania":"2 minuty"},"schema":{"@context":"https:\/\/schema.org","@graph":[{"@type":"WebPage","@id":"https:\/\/www.healthychoice.lt\/produktai\/kolagenas\/","url":"https:\/\/www.healthychoice.lt\/produktai\/kolagenas\/","name":"100% grynas kolagenas bra\u0161ki\u0173 skonio, 500ml| Healthy Choice","isPartOf":{"@id":"https:\/\/www.healthychoice.lt\/es\/#website"},"primaryImageOfPage":{"@id":"https:\/\/www.healthychoice.lt\/produktai\/kolagenas\/#primaryimage"},"image":{"@id":"https:\/\/www.healthychoice.lt\/produktai\/kolagenas\/#primaryimage"},"thumbnailUrl":"https:\/\/www.healthychoice.lt\/wp-content\/uploads\/2022\/12\/kolagenas-1-GOOOOOOOOD.jpg","datePublished":"2025-04-08T08:11:41+00:00","dateModified":"2026-04-23T13:22:20+00:00","breadcrumb":{"@id":"https:\/\/www.healthychoice.lt\/produktai\/kolagenas\/#breadcrumb"},"inLanguage":"pl-PL","potentialAction":[{"@type":"ReadAction","target":["https:\/\/www.healthychoice.lt\/produktai\/kolagenas\/"]}]},{"@type":"ImageObject","inLanguage":"pl-PL","@id":"https:\/\/www.healthychoice.lt\/produktai\/kolagenas\/#primaryimage","url":"https:\/\/www.healthychoice.lt\/wp-content\/uploads\/2022\/12\/kolagenas-1-GOOOOOOOOD.jpg","contentUrl":"https:\/\/www.healthychoice.lt\/wp-content\/uploads\/2022\/12\/kolagenas-1-GOOOOOOOOD.jpg","width":1024,"height":1024},{"@type":"BreadcrumbList","@id":"https:\/\/www.healthychoice.lt\/produktai\/kolagenas\/#breadcrumb","itemListElement":[{"@type":"ListItem","position":1,"name":"Home","item":"https:\/\/www.healthychoice.lt\/"},{"@type":"ListItem","position":2,"name":"Produktai","item":"https:\/\/www.healthychoice.lt\/es\/produktai\/"},{"@type":"ListItem","position":3,"name":"100% grynas kolagenas bra\u0161ki\u0173 skonio, 500ml"}]},{"@type":"WebSite","@id":"https:\/\/www.healthychoice.lt\/es\/#website","url":"https:\/\/www.healthychoice.lt\/es\/","name":"Healthy Choice","description":"Dieta, kt\u00f3rej mo\u017cesz zaufa\u0107!","alternateName":"Healthychoice","potentialAction":[{"@type":"SearchAction","target":{"@type":"EntryPoint","urlTemplate":"https:\/\/www.healthychoice.lt\/es\/?s={search_term_string}"},"query-input":{"@type":"PropertyValueSpecification","valueRequired":true,"valueName":"search_term_string"}}],"inLanguage":"pl-PL"}]}},"_links":{"self":[{"href":"https:\/\/www.healthychoice.lt\/pl\/wp-json\/wp\/v2\/product\/4336","targetHints":{"allow":["GET"]}}],"collection":[{"href":"https:\/\/www.healthychoice.lt\/pl\/wp-json\/wp\/v2\/product"}],"about":[{"href":"https:\/\/www.healthychoice.lt\/pl\/wp-json\/wp\/v2\/types\/product"}],"wp:featuredmedia":[{"embeddable":true,"href":"https:\/\/www.healthychoice.lt\/pl\/wp-json\/wp\/v2\/media\/8996"}],"wp:attachment":[{"href":"https:\/\/www.healthychoice.lt\/pl\/wp-json\/wp\/v2\/media?parent=4336"}],"wp:term":[{"taxonomy":"product_brand","embeddable":true,"href":"https:\/\/www.healthychoice.lt\/pl\/wp-json\/wp\/v2\/product_brand?post=4336"},{"taxonomy":"product_cat","embeddable":true,"href":"https:\/\/www.healthychoice.lt\/pl\/wp-json\/wp\/v2\/product_cat?post=4336"},{"taxonomy":"product_tag","embeddable":true,"href":"https:\/\/www.healthychoice.lt\/pl\/wp-json\/wp\/v2\/product_tag?post=4336"}],"curies":[{"name":"wp","href":"https:\/\/api.w.org\/{rel}","templated":true}]}}