{"id":166,"date":"2022-01-17T15:59:33","date_gmt":"2022-01-17T13:59:33","guid":{"rendered":"https:\/\/www.healthychoice.lt\/?post_type=product&#038;p=166"},"modified":"2026-04-26T21:41:42","modified_gmt":"2026-04-26T18:41:42","slug":"migdolu-riesutu-uztepas","status":"publish","type":"product","link":"https:\/\/www.healthychoice.lt\/pl\/produktai\/migdolu-riesutu-uztepas\/","title":{"rendered":"Pasta migda\u0142owa z kawa\u0142kami orzech\u00f3w, 250 g"},"content":{"rendered":"<h2 style=\"text-align: center;\">O smarowidle do orzech\u00f3w migda\u0142owych HEALTHY CHOICE<\/h2>\n<div class=\"row\"  id=\"row-1557468158\">\n\n\t<div id=\"col-2044506430\" class=\"col medium-6 small-12 large-6\"  >\n\t\t\t\t<div class=\"col-inner\"  >\n\t\t\t\n\t\t\t\n<p>Pasta migda\u0142owo-orzechowa <strong>\"ZDROWY WYB\u00d3R\"<\/strong> to najwy\u017cszej jako\u015bci bia\u0142ko ro\u015blinne. Jest to \u015bwietnie smakuj\u0105cy, wysokiej jako\u015bci produkt wytwarzany z naturalnych surowc\u00f3w bez u\u017cycia sztucznych aromat\u00f3w, wzmacniaczy smaku, t\u0142uszcz\u00f3w, syntetycznych dodatk\u00f3w i barwnik\u00f3w.<\/p>\n<p>Jest wytwarzany z najlepszych orzech\u00f3w migda\u0142owych, kt\u00f3re s\u0105 bogate w WITAMINY i MINERA\u0141Y, takie jak s\u00f3d, wap\u0144, magnez, potas. Uzyskuje si\u0119 go poprzez pra\u017cenie orzech\u00f3w migda\u0142owych, a nast\u0119pnie kruszenie orzech\u00f3w w celu uzyskania wspania\u0142ego chrupi\u0105cego smaku, zachowuj\u0105c w ten spos\u00f3b niezmienion\u0105 struktur\u0119 bia\u0142ka i t\u0142uszczu.<\/p>\n<p>B\u0142onnik zapewnia p\u0142ynn\u0105 prac\u0119 jelit i zapewnia uczucie syto\u015bci, kt\u00f3re zmniejsza apetyt na niepotrzebne przek\u0105ski i s\u0142odycze.<\/p>\n\t\t<\/div>\n\t\t\t\t\t<\/div>\n\n\t\n\n\t<div id=\"col-606904738\" class=\"col medium-6 small-12 large-6\"  >\n\t\t\t\t<div class=\"col-inner\"  >\n\t\t\t\n\t\t\t\n<p><strong>G\u0142\u00f3wne zalety HEALTHY CHOICE - 100% Almond Nut Spread:<\/strong><\/p>\n<ul>\n<li>Wykonane z orzech\u00f3w migda\u0142owych 100%;<\/li>\n<li>Nie zawiera dodatku cukru, soli ani olej\u00f3w;<\/li>\n<li>Nie zawiera substancji s\u0142odz\u0105cych, barwnik\u00f3w ani dodatk\u00f3w smakowych;<\/li>\n<li>Bez syntetycznych dodatk\u00f3w i konserwant\u00f3w;<\/li>\n<li>Zachowana wysoka warto\u015b\u0107 biologiczna;<\/li>\n<li>Poprawia og\u00f3ln\u0105 wydajno\u015b\u0107;<\/li>\n<li>Doskona\u0142y kompleks nienasyconych kwas\u00f3w t\u0142uszczowych:\n<ul>\n<li>zawiera jednonienasycony t\u0142uszcz Omega-9;<\/li>\n<li>to wielonienasycony t\u0142uszcz zwany Omega-3;<\/li>\n<\/ul>\n<\/li>\n<li>Zawiera witaminy i minera\u0142y: s\u00f3d, wap\u0144, magnez, potas;<\/li>\n<li>Pomaga zachowa\u0107 mas\u0119 mi\u0119\u015bniow\u0105;<\/li>\n<li>Odpowiedni dla sportowc\u00f3w;<\/li>\n<li>Odpowiedni dla dzieci i kobiet w ci\u0105\u017cy;<\/li>\n<li>Odpowiedni dla wegetarian i wegan;<\/li>\n<li>Wyprodukowano na Litwie;<\/li>\n<\/ul>\n\t\t<\/div>\n\t\t\t\t\t<\/div>\n\n\t\n<\/div>","protected":false},"excerpt":{"rendered":"<p>Jest to pasta migda\u0142owo-orzechowa o wyj\u0105tkowej konsystencji, wyprodukowana z najlepszych naturalnych migda\u0142\u00f3w, bez u\u017cycia jakichkolwiek syntetycznych dodatk\u00f3w, wzmacniaczy smaku, t\u0142uszcz\u00f3w i barwnik\u00f3w.<\/p>","protected":false},"featured_media":6061,"template":"","meta":[],"product_brand":[],"product_cat":[52,101,31],"product_tag":[53,29,24,61,30],"class_list":{"0":"post-166","1":"product","2":"type-product","3":"status-publish","4":"has-post-thumbnail","6":"product_cat-akcijos","7":"product_cat-riesutu-produktai","8":"product_cat-top","9":"product_tag-exportui","10":"product_tag-kovo3","11":"product_tag-paprasti-produktai","12":"product_tag-riesutu-produktai","13":"product_tag-top","15":"first","16":"instock","17":"sale","18":"taxable","19":"shipping-taxable","20":"purchasable","21":"product-type-simple"},"yoast_head":"<!-- This site is optimized with the Yoast SEO plugin v27.5 - https:\/\/yoast.com\/product\/yoast-seo-wordpress\/ -->\n<title>Migdol\u0173 rie\u0161ut\u0173 u\u017etepas su gabaliukais, 250g | Healthy Choice<\/title>\n<meta name=\"robots\" content=\"index, follow, max-snippet:-1, max-image-preview:large, max-video-preview:-1\" \/>\n<link rel=\"canonical\" href=\"https:\/\/www.healthychoice.lt\/pl\/produktai\/migdolu-riesutu-uztepas\/\" \/>\n<meta property=\"og:locale\" content=\"pl_PL\" \/>\n<meta property=\"og:type\" content=\"article\" \/>\n<meta property=\"og:title\" content=\"Migdol\u0173 rie\u0161ut\u0173 u\u017etepas su gabaliukais, 250g | Healthy Choice\" \/>\n<meta property=\"og:description\" content=\"Tai i\u0161skirtin\u0117s konsistencijos, migdol\u0173 rie\u0161ut\u0173 u\u017etepas gabaliukais, gaminamas i\u0161 auk\u0161\u010diausios r\u016b\u0161ies nat\u016brali\u0173 migdol\u0173, nenaudojant joki\u0173 sintetini\u0173 pried\u0173, skonio stiprikli\u0173, riebal\u0173, ir da\u017eikli\u0173.\" \/>\n<meta property=\"og:url\" content=\"https:\/\/www.healthychoice.lt\/pl\/produktai\/migdolu-riesutu-uztepas\/\" \/>\n<meta property=\"og:site_name\" content=\"Healthy Choice\" \/>\n<meta property=\"article:publisher\" content=\"https:\/\/www.facebook.com\/healthychoice.world\/\" \/>\n<meta property=\"article:modified_time\" content=\"2026-04-26T18:41:42+00:00\" \/>\n<meta property=\"og:image\" content=\"https:\/\/www.healthychoice.lt\/wp-content\/uploads\/2023\/06\/Migdolu-riesutu-uztepas-su-gabaliukais-min.jpg\" \/>\n\t<meta property=\"og:image:width\" content=\"1024\" \/>\n\t<meta property=\"og:image:height\" content=\"1024\" \/>\n\t<meta property=\"og:image:type\" content=\"image\/jpeg\" \/>\n<meta name=\"twitter:card\" content=\"summary_large_image\" \/>\n<meta name=\"twitter:label1\" content=\"Szacowany czas czytania\" \/>\n\t<meta name=\"twitter:data1\" content=\"2 minuty\" \/>\n<script type=\"application\/ld+json\" class=\"yoast-schema-graph\">{\"@context\":\"https:\\\/\\\/schema.org\",\"@graph\":[{\"@type\":\"WebPage\",\"@id\":\"https:\\\/\\\/www.healthychoice.lt\\\/produktai\\\/migdolu-riesutu-uztepas\\\/\",\"url\":\"https:\\\/\\\/www.healthychoice.lt\\\/produktai\\\/migdolu-riesutu-uztepas\\\/\",\"name\":\"Migdol\u0173 rie\u0161ut\u0173 u\u017etepas su gabaliukais, 250g | Healthy Choice\",\"isPartOf\":{\"@id\":\"https:\\\/\\\/www.healthychoice.lt\\\/es\\\/#website\"},\"primaryImageOfPage\":{\"@id\":\"https:\\\/\\\/www.healthychoice.lt\\\/produktai\\\/migdolu-riesutu-uztepas\\\/#primaryimage\"},\"image\":{\"@id\":\"https:\\\/\\\/www.healthychoice.lt\\\/produktai\\\/migdolu-riesutu-uztepas\\\/#primaryimage\"},\"thumbnailUrl\":\"https:\\\/\\\/www.healthychoice.lt\\\/wp-content\\\/uploads\\\/2023\\\/06\\\/Migdolu-riesutu-uztepas-su-gabaliukais-min.jpg\",\"datePublished\":\"2022-01-17T13:59:33+00:00\",\"dateModified\":\"2026-04-26T18:41:42+00:00\",\"breadcrumb\":{\"@id\":\"https:\\\/\\\/www.healthychoice.lt\\\/produktai\\\/migdolu-riesutu-uztepas\\\/#breadcrumb\"},\"inLanguage\":\"pl-PL\",\"potentialAction\":[{\"@type\":\"ReadAction\",\"target\":[\"https:\\\/\\\/www.healthychoice.lt\\\/produktai\\\/migdolu-riesutu-uztepas\\\/\"]}]},{\"@type\":\"ImageObject\",\"inLanguage\":\"pl-PL\",\"@id\":\"https:\\\/\\\/www.healthychoice.lt\\\/produktai\\\/migdolu-riesutu-uztepas\\\/#primaryimage\",\"url\":\"https:\\\/\\\/www.healthychoice.lt\\\/wp-content\\\/uploads\\\/2023\\\/06\\\/Migdolu-riesutu-uztepas-su-gabaliukais-min.jpg\",\"contentUrl\":\"https:\\\/\\\/www.healthychoice.lt\\\/wp-content\\\/uploads\\\/2023\\\/06\\\/Migdolu-riesutu-uztepas-su-gabaliukais-min.jpg\",\"width\":1024,\"height\":1024},{\"@type\":\"BreadcrumbList\",\"@id\":\"https:\\\/\\\/www.healthychoice.lt\\\/produktai\\\/migdolu-riesutu-uztepas\\\/#breadcrumb\",\"itemListElement\":[{\"@type\":\"ListItem\",\"position\":1,\"name\":\"Home\",\"item\":\"https:\\\/\\\/www.healthychoice.lt\\\/\"},{\"@type\":\"ListItem\",\"position\":2,\"name\":\"Produktai\",\"item\":\"https:\\\/\\\/www.healthychoice.lt\\\/es\\\/produktai\\\/\"},{\"@type\":\"ListItem\",\"position\":3,\"name\":\"Migdol\u0173 rie\u0161ut\u0173 u\u017etepas su gabaliukais, 250g\"}]},{\"@type\":\"WebSite\",\"@id\":\"https:\\\/\\\/www.healthychoice.lt\\\/es\\\/#website\",\"url\":\"https:\\\/\\\/www.healthychoice.lt\\\/es\\\/\",\"name\":\"Healthy Choice\",\"description\":\"Mityba, kuria gali pasitik\u0117ti!\",\"alternateName\":\"Healthychoice\",\"potentialAction\":[{\"@type\":\"SearchAction\",\"target\":{\"@type\":\"EntryPoint\",\"urlTemplate\":\"https:\\\/\\\/www.healthychoice.lt\\\/es\\\/?s={search_term_string}\"},\"query-input\":{\"@type\":\"PropertyValueSpecification\",\"valueRequired\":true,\"valueName\":\"search_term_string\"}}],\"inLanguage\":\"pl-PL\"}]}<\/script>\n<!-- \/ Yoast SEO plugin. -->","yoast_head_json":{"title":"Migdol\u0173 rie\u0161ut\u0173 u\u017etepas su gabaliukais, 250g | Healthy Choice","robots":{"index":"index","follow":"follow","max-snippet":"max-snippet:-1","max-image-preview":"max-image-preview:large","max-video-preview":"max-video-preview:-1"},"canonical":"https:\/\/www.healthychoice.lt\/pl\/produktai\/migdolu-riesutu-uztepas\/","og_locale":"pl_PL","og_type":"article","og_title":"Migdol\u0173 rie\u0161ut\u0173 u\u017etepas su gabaliukais, 250g | Healthy Choice","og_description":"Tai i\u0161skirtin\u0117s konsistencijos, migdol\u0173 rie\u0161ut\u0173 u\u017etepas gabaliukais, gaminamas i\u0161 auk\u0161\u010diausios r\u016b\u0161ies nat\u016brali\u0173 migdol\u0173, nenaudojant joki\u0173 sintetini\u0173 pried\u0173, skonio stiprikli\u0173, riebal\u0173, ir da\u017eikli\u0173.","og_url":"https:\/\/www.healthychoice.lt\/pl\/produktai\/migdolu-riesutu-uztepas\/","og_site_name":"Healthy Choice","article_publisher":"https:\/\/www.facebook.com\/healthychoice.world\/","article_modified_time":"2026-04-26T18:41:42+00:00","og_image":[{"width":1024,"height":1024,"url":"https:\/\/www.healthychoice.lt\/wp-content\/uploads\/2023\/06\/Migdolu-riesutu-uztepas-su-gabaliukais-min.jpg","type":"image\/jpeg"}],"twitter_card":"summary_large_image","twitter_misc":{"Szacowany czas czytania":"2 minuty"},"schema":{"@context":"https:\/\/schema.org","@graph":[{"@type":"WebPage","@id":"https:\/\/www.healthychoice.lt\/produktai\/migdolu-riesutu-uztepas\/","url":"https:\/\/www.healthychoice.lt\/produktai\/migdolu-riesutu-uztepas\/","name":"Migdol\u0173 rie\u0161ut\u0173 u\u017etepas su gabaliukais, 250g | Healthy Choice","isPartOf":{"@id":"https:\/\/www.healthychoice.lt\/es\/#website"},"primaryImageOfPage":{"@id":"https:\/\/www.healthychoice.lt\/produktai\/migdolu-riesutu-uztepas\/#primaryimage"},"image":{"@id":"https:\/\/www.healthychoice.lt\/produktai\/migdolu-riesutu-uztepas\/#primaryimage"},"thumbnailUrl":"https:\/\/www.healthychoice.lt\/wp-content\/uploads\/2023\/06\/Migdolu-riesutu-uztepas-su-gabaliukais-min.jpg","datePublished":"2022-01-17T13:59:33+00:00","dateModified":"2026-04-26T18:41:42+00:00","breadcrumb":{"@id":"https:\/\/www.healthychoice.lt\/produktai\/migdolu-riesutu-uztepas\/#breadcrumb"},"inLanguage":"pl-PL","potentialAction":[{"@type":"ReadAction","target":["https:\/\/www.healthychoice.lt\/produktai\/migdolu-riesutu-uztepas\/"]}]},{"@type":"ImageObject","inLanguage":"pl-PL","@id":"https:\/\/www.healthychoice.lt\/produktai\/migdolu-riesutu-uztepas\/#primaryimage","url":"https:\/\/www.healthychoice.lt\/wp-content\/uploads\/2023\/06\/Migdolu-riesutu-uztepas-su-gabaliukais-min.jpg","contentUrl":"https:\/\/www.healthychoice.lt\/wp-content\/uploads\/2023\/06\/Migdolu-riesutu-uztepas-su-gabaliukais-min.jpg","width":1024,"height":1024},{"@type":"BreadcrumbList","@id":"https:\/\/www.healthychoice.lt\/produktai\/migdolu-riesutu-uztepas\/#breadcrumb","itemListElement":[{"@type":"ListItem","position":1,"name":"Home","item":"https:\/\/www.healthychoice.lt\/"},{"@type":"ListItem","position":2,"name":"Produktai","item":"https:\/\/www.healthychoice.lt\/es\/produktai\/"},{"@type":"ListItem","position":3,"name":"Migdol\u0173 rie\u0161ut\u0173 u\u017etepas su gabaliukais, 250g"}]},{"@type":"WebSite","@id":"https:\/\/www.healthychoice.lt\/es\/#website","url":"https:\/\/www.healthychoice.lt\/es\/","name":"Healthy Choice","description":"Dieta, kt\u00f3rej mo\u017cesz zaufa\u0107!","alternateName":"Healthychoice","potentialAction":[{"@type":"SearchAction","target":{"@type":"EntryPoint","urlTemplate":"https:\/\/www.healthychoice.lt\/es\/?s={search_term_string}"},"query-input":{"@type":"PropertyValueSpecification","valueRequired":true,"valueName":"search_term_string"}}],"inLanguage":"pl-PL"}]}},"_links":{"self":[{"href":"https:\/\/www.healthychoice.lt\/pl\/wp-json\/wp\/v2\/product\/166","targetHints":{"allow":["GET"]}}],"collection":[{"href":"https:\/\/www.healthychoice.lt\/pl\/wp-json\/wp\/v2\/product"}],"about":[{"href":"https:\/\/www.healthychoice.lt\/pl\/wp-json\/wp\/v2\/types\/product"}],"wp:featuredmedia":[{"embeddable":true,"href":"https:\/\/www.healthychoice.lt\/pl\/wp-json\/wp\/v2\/media\/6061"}],"wp:attachment":[{"href":"https:\/\/www.healthychoice.lt\/pl\/wp-json\/wp\/v2\/media?parent=166"}],"wp:term":[{"taxonomy":"product_brand","embeddable":true,"href":"https:\/\/www.healthychoice.lt\/pl\/wp-json\/wp\/v2\/product_brand?post=166"},{"taxonomy":"product_cat","embeddable":true,"href":"https:\/\/www.healthychoice.lt\/pl\/wp-json\/wp\/v2\/product_cat?post=166"},{"taxonomy":"product_tag","embeddable":true,"href":"https:\/\/www.healthychoice.lt\/pl\/wp-json\/wp\/v2\/product_tag?post=166"}],"curies":[{"name":"wp","href":"https:\/\/api.w.org\/{rel}","templated":true}]}}