{"id":393,"date":"2020-06-30T06:04:07","date_gmt":"2020-06-30T03:04:07","guid":{"rendered":"https:\/\/www.healthychoice.lt\/?page_id=393"},"modified":"2025-08-20T15:03:23","modified_gmt":"2025-08-20T12:03:23","slug":"apmokejimas-pristatymas","status":"publish","type":"page","link":"https:\/\/www.healthychoice.lt\/pl\/apmokejimas-pristatymas\/","title":{"rendered":"P\u0142atno\u015b\u0107 \/ Dostawa"},"content":{"rendered":"<div class=\"row\"  id=\"row-778340254\">\n\n\n\t<div id=\"col-1772899608\" class=\"col medium-6 small-12 large-6\"  data-animate=\"fadeInLeft\">\n\t\t\t\t<div class=\"col-inner\"  >\n\t\t\t\n\t\t\t\n\n<h2 style=\"text-align: center;\">Metody p\u0142atno\u015bci<\/h2>\n<p><strong>1. Mo\u017cesz zap\u0142aci\u0107 za pomoc\u0105 bankowo\u015bci elektronicznej (Paysera)<\/strong><\/p>\n<p>Paysera to elektroniczny system p\u0142atno\u015bci, kt\u00f3ry \u0142\u0105czy r\u00f3\u017cne metody p\u0142atno\u015bci: za po\u015brednictwem systemu Paysera, bankowo\u015bci elektronicznej lub kart p\u0142atniczych. Paysera oferuje bezp\u0142atne konto wielowalutowe, kt\u00f3rego otwarcie i zasilenie zajmuje zaledwie kilka minut. Oferuje r\u00f3wnie\u017c szybkie i bezpieczne p\u0142atno\u015bci online, a cz\u0119\u015b\u0107 wydanej kwoty jest zwracana klientowi. Paysera oferuje r\u00f3wnie\u017c wygodny portfel mobilny, kt\u00f3ry dodatkowo u\u0142atwia p\u0142atno\u015bci zar\u00f3wno online, jak i w fizycznych lokalizacjach. P\u0142a\u0107 z Paysera - szybko, nowocze\u015bnie i u\u017cytecznie. W przypadku ka\u017cdej p\u0142atno\u015bci, do 1% kwoty zap\u0142aconej za towary lub us\u0142ugi jest zwracane na konto Paysera klienta.<\/p>\n<p style=\"text-align: center;\">\"Danske Bank A\/S Lietuvos filialas\", \"AS Luminor (\"DNB\") bankas\", \"AS Citadele bankas\", \"AS Luminor (\"Nordea\") bankas\", \"AB SEB bankas\", \"AB bankas Swedbank\", \"AB bankas \u0160iauli\u0173 bankas\", \"UAB Medicinos bankas\", \"Lithuanian credit unions\", \"MoQ\", \"Paysera account\", \"Credit cards\".<\/p>\n<div class=\"is-divider divider clearfix\" style=\"max-width:100%;\"><\/div>\n\n<p><strong>2. Mo\u017cesz zap\u0142aci\u0107 przelewem bankowym:<\/strong><\/p>\n<p>Rekwizyty rozliczeniowe:<\/p>\n<ol>\n<li><em><strong>Bank AB SEB:<\/strong><\/em><br \/>A\/s.: LT39 7044 0600 0786 3477 - EUR \/ USD \/ GBP (wielowalutowe)<br \/>Kod banku: 70440<br \/>Kod S.W.I.F.T.: CBVILT2X<\/li>\n<li><em><strong>Paysera:<\/strong><\/em><br \/>Paysera UAB jest instytucj\u0105 pieni\u0105dza elektronicznego.<br \/>IBAN: LT13 3500 0100 0139 8442 - EUR \/ USD \/ GBP (wielowalutowy).<br \/>Kod banku: 35000 Kod S.W.I.F.T: EVIULT21XXX<\/li>\n<\/ol>\n<p>Nie zapomnij wpisa\u0107 swojego <strong><u>kod rezerwacji<\/u><\/strong> w polu \"Miejsce docelowe\" przelewu bankowego.<\/p>\n\n\t\t<\/div>\n\t\t\t\t\t<\/div>\n\n\t\n\n\t<div id=\"col-283297616\" class=\"col medium-6 small-12 large-6\"  data-animate=\"fadeInRight\">\n\t\t\t\t<div class=\"col-inner\"  >\n\t\t\t\n\t\t\t\n\n<h2 style=\"text-align: center;\">Dostawa towar\u00f3w<\/h2>\n<p>1.1 Celem Sprzedaj\u0105cego jest przekazanie zam\u00f3wionych przez Kupuj\u0105cego towar\u00f3w do firmy kurierskiej w ci\u0105gu 2 dni roboczych od dokonania p\u0142atno\u015bci za towar.<br \/>1.2 Firma kurierska dostarczy zakupione towary na adres wskazany przez Kupuj\u0105cego:<br \/>1.2.1. w ci\u0105gu 1-2 dni roboczych, je\u015bli towary s\u0105 dostarczane na Litw\u0119;<br \/>1.2.2. w przypadku Innych Stron, telefonicznie lub poczt\u0105 elektroniczn\u0105;<br \/>1.3 Us\u0142ugi dostawy s\u0105 \u015bwiadczone przez UAB Venipak Lietuva.<br \/>1.4 Wszystkie zam\u00f3wienia b\u0119d\u0105 wysy\u0142ane za po\u015brednictwem Venipak Lietuva UAB. Gdy wy\u015blemy zam\u00f3wienie, natychmiast wy\u015blemy powiadomienie z numerem przesy\u0142ki, aby\u015b m\u00f3g\u0142 \u015bledzi\u0107 ruch przesy\u0142ki online.<br \/>1.5 Wszelkie informacje na temat godzin otwarcia (godzin dostaw) UAB Venipak Lietuva i us\u0142ug UAB Venipak Lietuva s\u0105 dost\u0119pne na stronie internetowej UAB Venipak Lietuva, kt\u00f3ra ma oddzieln\u0105 stron\u0119 internetow\u0105 dla ka\u017cdego kraju, w kt\u00f3rym dzia\u0142a UAB Venipak Lietuva.<br \/>Zam\u00f3wienia mo\u017cna odbiera\u0107 bezp\u0142atnie w naszym biurze w Wilnie.<\/p>\n<p><strong>Dla zam\u00f3wie\u0144 powy\u017cej 50 \u20ac - dostawa GRATIS na Litwie<br \/><\/strong>W przeciwnym razie cena dostawy zale\u017cy od wagi zam\u00f3wienia.<\/p>\n<p>Taip pat u\u017esakym\u0105 nemokamai galima atsiimti m\u016bs\u0173 biure, adresu <strong>\u0160atrijos g. 7-49, LT-09300, Vilnius<\/strong>, biuro darbo laiku &#8211; I\u2013IV 11:00-16:00val., V 11:00-13:00val. Telefonas pasiteiravimui: <a href=\"tel:+37060006655\">+370 600 06 655<\/a>.<\/p>\n<h2 style=\"text-align: center;\">Zwrot towar\u00f3w<\/h2>\n<p>2.1 Towary zakupione na stronie www.healthychoice.lt mo\u017cna zwr\u00f3ci\u0107 w ci\u0105gu 15 dni od daty zakupu.<br \/>2.2 Zwrot\u00f3w mo\u017cna dokonywa\u0107 wy\u0142\u0105cznie w przypadku, gdy opakowanie jest nienaruszone - towary nie zosta\u0142y rozpakowane.<br \/>2.3 Zwracane towary musz\u0105 by\u0107 zwr\u00f3cone w oryginalnym opakowaniu.<br \/>2.4 Wniosek Kupuj\u0105cego o zwrot towaru musi zosta\u0107 z\u0142o\u017cony na pi\u015bmie wraz z dowodem zakupu w sklepie internetowym.<br \/>2.5 Pieni\u0105dze za zwr\u00f3cone Towary mog\u0105 zosta\u0107 zwr\u00f3cone Kupuj\u0105cemu w ci\u0105gu 5 dni od daty zwrotu Towar\u00f3w do Sprzedaj\u0105cego i potwierdzenia przez Sprzedaj\u0105cego, \u017ce Towary zosta\u0142y przyj\u0119te przez Sprzedaj\u0105cego jako zwr\u00f3cone. Op\u0142ata za dostaw\u0119 nie podlega zwrotowi.<br \/>2.6 Je\u015bli u\u017cytkownik chce zwr\u00f3ci\u0107 towary w celu uzyskania zwrotu pieni\u0119dzy, sugerujemy, aby zwr\u00f3ci\u0142 je za pomoc\u0105 bezpiecznej i ubezpieczonej przesy\u0142ki kurierskiej (np. Venipak, UPS, DHL, DPD itp.). Nie ponosimy \u017cadnej odpowiedzialno\u015bci za nieodebrane zwr\u00f3cone towary. Koszty zwrotu towaru ponosi Kupuj\u0105cy.<br \/>2.7 Wniosek o autoryzacj\u0119 zwrotu zostanie przyj\u0119ty w ci\u0105gu 48 godzin od otrzymania wniosku.<br \/>2.8. Pirk\u0117jas (fizinis asmuo)turi teis\u0119 nenurodydamas prie\u017easties atsisakyti internetu sudarytos sutarties per 14 dien\u0173, i\u0161skyrus \u0161io straipsnio 2 d. numatytas i\u0161imtis. Sumok\u0117ti pinigai, \u012fskaitant pirk\u0117jo apmok\u0117tas prek\u0117s pristatymo i\u0161laidas, pirk\u0117jui gr\u0105\u017einami per 14 dien\u0173 nuo pirk\u0117jo prane\u0161imo apie sutarties atsisakym\u0105 dienos, ta\u010diau Pardav\u0117jas gali negr\u0105\u017einti pinig\u0173, kol negaus prek\u0117s arba jam bus pateiktas \u012frodymas, kad prek\u0117 i\u0161si\u0173sta.<br \/>2.9. Vartojimo gin\u010dus neteismine tvarka sprend\u017eia Valstybin\u0117 vartotoj\u0173 teisi\u0173 apsaugos tarnyba, buvein\u0117s<br \/>adresas Go\u0161tauto g. 12, Vilnius, www.vvtat.lt.<br \/>2.10. Pra\u0161ymus ar skundus d\u0117l galim\u0173 vartotoj\u0173 teisi\u0173 pa\u017eeidim\u0173 vartotojas gali pateikti vartotoj\u0173 gin\u010d\u0173 sprendimo platformoje http:\/\/ec.europa.eu\/odr\/.<\/p>\n\n\t\t<\/div>\n\t\t\t\t\t<\/div>\n\n\t\n\n<\/div>","protected":false},"excerpt":{"rendered":"","protected":false},"author":1,"featured_media":0,"parent":0,"menu_order":0,"comment_status":"closed","ping_status":"closed","template":"","meta":{"footnotes":""},"class_list":["post-393","page","type-page","status-publish","hentry"],"yoast_head":"<!-- This site is optimized with the Yoast SEO plugin v27.5 - https:\/\/yoast.com\/product\/yoast-seo-wordpress\/ -->\n<title>Apmok\u0117jimas \/ Pristatymas | Healthy Choice<\/title>\n<meta name=\"robots\" content=\"index, follow, max-snippet:-1, max-image-preview:large, max-video-preview:-1\" \/>\n<link rel=\"canonical\" href=\"https:\/\/www.healthychoice.lt\/pl\/apmokejimas-pristatymas\/\" \/>\n<meta property=\"og:locale\" content=\"pl_PL\" \/>\n<meta property=\"og:type\" content=\"article\" \/>\n<meta property=\"og:title\" content=\"Apmok\u0117jimas \/ Pristatymas | Healthy Choice\" \/>\n<meta property=\"og:url\" content=\"https:\/\/www.healthychoice.lt\/pl\/apmokejimas-pristatymas\/\" \/>\n<meta property=\"og:site_name\" content=\"Healthy Choice\" \/>\n<meta property=\"article:publisher\" content=\"https:\/\/www.facebook.com\/healthychoice.world\/\" \/>\n<meta property=\"article:modified_time\" content=\"2025-08-20T12:03:23+00:00\" \/>\n<meta name=\"twitter:card\" content=\"summary_large_image\" \/>\n<meta name=\"twitter:label1\" content=\"Szacowany czas czytania\" \/>\n\t<meta name=\"twitter:data1\" content=\"4 minuty\" \/>\n<script type=\"application\/ld+json\" class=\"yoast-schema-graph\">{\"@context\":\"https:\\\/\\\/schema.org\",\"@graph\":[{\"@type\":\"WebPage\",\"@id\":\"https:\\\/\\\/www.healthychoice.lt\\\/apmokejimas-pristatymas\\\/\",\"url\":\"https:\\\/\\\/www.healthychoice.lt\\\/apmokejimas-pristatymas\\\/\",\"name\":\"Apmok\u0117jimas \\\/ Pristatymas | Healthy Choice\",\"isPartOf\":{\"@id\":\"https:\\\/\\\/www.healthychoice.lt\\\/es\\\/#website\"},\"datePublished\":\"2020-06-30T03:04:07+00:00\",\"dateModified\":\"2025-08-20T12:03:23+00:00\",\"breadcrumb\":{\"@id\":\"https:\\\/\\\/www.healthychoice.lt\\\/apmokejimas-pristatymas\\\/#breadcrumb\"},\"inLanguage\":\"pl-PL\",\"potentialAction\":[{\"@type\":\"ReadAction\",\"target\":[\"https:\\\/\\\/www.healthychoice.lt\\\/apmokejimas-pristatymas\\\/\"]}]},{\"@type\":\"BreadcrumbList\",\"@id\":\"https:\\\/\\\/www.healthychoice.lt\\\/apmokejimas-pristatymas\\\/#breadcrumb\",\"itemListElement\":[{\"@type\":\"ListItem\",\"position\":1,\"name\":\"Home\",\"item\":\"https:\\\/\\\/www.healthychoice.lt\\\/\"},{\"@type\":\"ListItem\",\"position\":2,\"name\":\"Apmok\u0117jimas \\\/ Pristatymas\"}]},{\"@type\":\"WebSite\",\"@id\":\"https:\\\/\\\/www.healthychoice.lt\\\/es\\\/#website\",\"url\":\"https:\\\/\\\/www.healthychoice.lt\\\/es\\\/\",\"name\":\"Healthy Choice\",\"description\":\"Mityba, kuria gali pasitik\u0117ti!\",\"alternateName\":\"Healthychoice\",\"potentialAction\":[{\"@type\":\"SearchAction\",\"target\":{\"@type\":\"EntryPoint\",\"urlTemplate\":\"https:\\\/\\\/www.healthychoice.lt\\\/es\\\/?s={search_term_string}\"},\"query-input\":{\"@type\":\"PropertyValueSpecification\",\"valueRequired\":true,\"valueName\":\"search_term_string\"}}],\"inLanguage\":\"pl-PL\"}]}<\/script>\n<!-- \/ Yoast SEO plugin. -->","yoast_head_json":{"title":"Apmok\u0117jimas \/ Pristatymas | Healthy Choice","robots":{"index":"index","follow":"follow","max-snippet":"max-snippet:-1","max-image-preview":"max-image-preview:large","max-video-preview":"max-video-preview:-1"},"canonical":"https:\/\/www.healthychoice.lt\/pl\/apmokejimas-pristatymas\/","og_locale":"pl_PL","og_type":"article","og_title":"Apmok\u0117jimas \/ Pristatymas | Healthy Choice","og_url":"https:\/\/www.healthychoice.lt\/pl\/apmokejimas-pristatymas\/","og_site_name":"Healthy Choice","article_publisher":"https:\/\/www.facebook.com\/healthychoice.world\/","article_modified_time":"2025-08-20T12:03:23+00:00","twitter_card":"summary_large_image","twitter_misc":{"Szacowany czas czytania":"4 minuty"},"schema":{"@context":"https:\/\/schema.org","@graph":[{"@type":"WebPage","@id":"https:\/\/www.healthychoice.lt\/apmokejimas-pristatymas\/","url":"https:\/\/www.healthychoice.lt\/apmokejimas-pristatymas\/","name":"Apmok\u0117jimas \/ Pristatymas | Healthy Choice","isPartOf":{"@id":"https:\/\/www.healthychoice.lt\/es\/#website"},"datePublished":"2020-06-30T03:04:07+00:00","dateModified":"2025-08-20T12:03:23+00:00","breadcrumb":{"@id":"https:\/\/www.healthychoice.lt\/apmokejimas-pristatymas\/#breadcrumb"},"inLanguage":"pl-PL","potentialAction":[{"@type":"ReadAction","target":["https:\/\/www.healthychoice.lt\/apmokejimas-pristatymas\/"]}]},{"@type":"BreadcrumbList","@id":"https:\/\/www.healthychoice.lt\/apmokejimas-pristatymas\/#breadcrumb","itemListElement":[{"@type":"ListItem","position":1,"name":"Home","item":"https:\/\/www.healthychoice.lt\/"},{"@type":"ListItem","position":2,"name":"Apmok\u0117jimas \/ Pristatymas"}]},{"@type":"WebSite","@id":"https:\/\/www.healthychoice.lt\/es\/#website","url":"https:\/\/www.healthychoice.lt\/es\/","name":"Healthy Choice","description":"Dieta, kt\u00f3rej mo\u017cesz zaufa\u0107!","alternateName":"Healthychoice","potentialAction":[{"@type":"SearchAction","target":{"@type":"EntryPoint","urlTemplate":"https:\/\/www.healthychoice.lt\/es\/?s={search_term_string}"},"query-input":{"@type":"PropertyValueSpecification","valueRequired":true,"valueName":"search_term_string"}}],"inLanguage":"pl-PL"}]}},"_links":{"self":[{"href":"https:\/\/www.healthychoice.lt\/pl\/wp-json\/wp\/v2\/pages\/393","targetHints":{"allow":["GET"]}}],"collection":[{"href":"https:\/\/www.healthychoice.lt\/pl\/wp-json\/wp\/v2\/pages"}],"about":[{"href":"https:\/\/www.healthychoice.lt\/pl\/wp-json\/wp\/v2\/types\/page"}],"author":[{"embeddable":true,"href":"https:\/\/www.healthychoice.lt\/pl\/wp-json\/wp\/v2\/users\/1"}],"replies":[{"embeddable":true,"href":"https:\/\/www.healthychoice.lt\/pl\/wp-json\/wp\/v2\/comments?post=393"}],"version-history":[{"count":6,"href":"https:\/\/www.healthychoice.lt\/pl\/wp-json\/wp\/v2\/pages\/393\/revisions"}],"predecessor-version":[{"id":11111,"href":"https:\/\/www.healthychoice.lt\/pl\/wp-json\/wp\/v2\/pages\/393\/revisions\/11111"}],"wp:attachment":[{"href":"https:\/\/www.healthychoice.lt\/pl\/wp-json\/wp\/v2\/media?parent=393"}],"curies":[{"name":"wp","href":"https:\/\/api.w.org\/{rel}","templated":true}]}}