{"id":366,"date":"2020-06-30T05:24:36","date_gmt":"2020-06-30T02:24:36","guid":{"rendered":"https:\/\/www.healthychoice.lt\/?page_id=366"},"modified":"2020-06-30T09:31:14","modified_gmt":"2020-06-30T06:31:14","slug":"apie-mus","status":"publish","type":"page","link":"https:\/\/www.healthychoice.lt\/pl\/apie-mus\/","title":{"rendered":"O nas"},"content":{"rendered":"<section class=\"section about-us-page dark\" id=\"section_1822334055\">\n\t\t<div class=\"section-bg fill\" >\n\t\t\t\t\t\t\t\t\t\n\t\t\t\n\n\t\t<\/div>\n\n\t\t\n\n\t\t<div class=\"section-content relative\">\n\t\t\t\n\n<div class=\"row\"  id=\"row-1837969630\">\n\n\n\t<div id=\"col-1737873907\" class=\"col medium-9 small-12 large-9\"  data-animate=\"fadeInLeft\">\n\t\t\t\t<div class=\"col-inner\"  >\n\t\t\t\n\t\t\t\n\n<p><strong>UAB \"SVEIKA ENERGIJA\"<\/strong>&nbsp;- to litewska sp\u00f3\u0142ka kapita\u0142owa, kt\u00f3ra po raz pierwszy w historii Litwy opracowa\u0142a, wyprodukowa\u0142a i wprowadzi\u0142a na rynek bardzo wysokiej jako\u015bci, \u015bwiatowej klasy litewskie bia\u0142ko - rozpuszczalne 100% bia\u0142ko serwatkowe&nbsp;<strong>\"ZDROWY WYB\u00d3R\"<\/strong>produkowane na Litwie z mleka dostarczanego przez litewskich i innych ba\u0142tyckich dostawc\u00f3w. Litwa zawsze s\u0142yn\u0119\u0142a z wysokiej jako\u015bci produkt\u00f3w mlecznych. Z pewno\u015bci\u0105 nie jest to ostatni&nbsp;<strong>\"ZDROWY WYB\u00d3R\"<\/strong>&nbsp;produkt, kt\u00f3ry dociera na rynki.<\/span><\/p>\n<p><span>Profesjonalny zesp\u00f3\u0142 do\u015bwiadczonych pracownik\u00f3w z wieloletnim do\u015bwiadczeniem organizuje i utrzymuje wysok\u0105 jako\u015b\u0107, bez zak\u0142\u00f3ce\u0144.&nbsp;<strong>\"ZDROWY WYB\u00d3R\"<\/strong>&nbsp;dostarczanie produkt\u00f3w obecnym i przysz\u0142ym klientom, bezpo\u015brednio z naszych magazyn\u00f3w lub za po\u015brednictwem naszych sklep\u00f3w internetowych.&nbsp;<strong>UAB \"SVEIKA ENERGIJA\"<\/strong>&nbsp;intensywnie poszukuje sta\u0142ego&nbsp;<strong>\"ZDROWY WYB\u00d3R\"<\/strong>&nbsp;partner\u00f3w dystrybucyjnych dla swoich produkt\u00f3w, zar\u00f3wno na Litwie, jak i za granic\u0105. Obecnie sp\u00f3\u0142ka dostarcza&nbsp;<strong>\"ZDROWY WYB\u00d3R\"<\/strong>&nbsp;dla klient\u00f3w na Litwie, \u0141otwie, w Estonii i Polsce.<\/span><\/p>\n<p><span>W najbli\u017cszej przysz\u0142o\u015bci planujemy rozszerzy\u0107 nasz\u0105 dzia\u0142alno\u015b\u0107 poprzez zwi\u0119kszenie&nbsp;<strong>\"ZDROWY WYB\u00d3R\"<\/strong>&nbsp;sprzeda\u017c produkt\u00f3w na rynkach zagranicznych, z eksportem do Skandynawii, Europy \u015arodkowej, Zachodniej i Po\u0142udniowej oraz Azji. Firma opracowuje zdrowe, w pe\u0142ni naturalne produkty nowej generacji o bardzo wysokiej jako\u015bci. Prowadzone s\u0105 badania laboratoryjne w celu opracowania linii produkt\u00f3w naturalnych. B\u0119dzie to wspania\u0142a niespodzianka dla naszych lojalnych klient\u00f3w. Dla klient\u00f3w podpisuj\u0105cych umowy agencyjne lub regularne umowy dostawy z&nbsp;<strong>UAB \"SVEIKA ENERGIJA\"<\/strong>otrzymaj\u0105 wy\u0142\u0105czne warunki dystrybucji&nbsp;<strong>\"ZDROWY WYB\u00d3R\"<\/strong>&nbsp;produkcja.<\/span><\/p>\n<p><span>Firma k\u0142adzie du\u017cy nacisk na ekologi\u0119 i ochron\u0119 \u015brodowiska. Z g\u00f3ry dzi\u0119kujemy za przyj\u0119cie zu\u017cytych i pustych opakowa\u0144.&nbsp;<strong>\"ZDROWY WYB\u00d3R\"<\/strong>&nbsp;umie\u015b\u0107 opakowanie w odpowiednim pojemniku do recyklingu.<\/p>\n\n\t\t<\/div>\n\t\t\t\t\t<\/div>\n\n\t\n\n\t<div id=\"col-1467324773\" class=\"col page-logo medium-3 small-12 large-3 small-col-first\"  data-animate=\"fadeInRight\">\n\t\t\t\t<div class=\"col-inner\"  >\n\t\t\t\n\t\t\t\n\n\t<div class=\"img has-hover x md-x lg-x y md-y lg-y\" id=\"image_21954879\">\n\t\t\t\t\t\t\t\t<div class=\"img-inner dark\" >\n\t\t\t<img loading=\"lazy\" decoding=\"async\" width=\"294\" height=\"403\" src=\"https:\/\/www.healthychoice.lt\/wp-content\/uploads\/2020\/06\/about-the-company.png\" class=\"attachment-large size-large\" alt=\"Sveika Energija - Mityba, kuria gali pasitik\u0117ti\" srcset=\"https:\/\/www.healthychoice.lt\/wp-content\/uploads\/2020\/06\/about-the-company.png 294w, https:\/\/www.healthychoice.lt\/wp-content\/uploads\/2020\/06\/about-the-company-64x88.png 64w, https:\/\/www.healthychoice.lt\/wp-content\/uploads\/2020\/06\/about-the-company-280x384.png 280w, https:\/\/www.healthychoice.lt\/wp-content\/uploads\/2020\/06\/about-the-company-219x300.png 219w\" sizes=\"auto, (max-width: 294px) 100vw, 294px\" \/>\t\t\t\t\t\t\n\t\t\t\t\t<\/div>\n\t\t\t\t\t\t\t\t\n<style>\n#image_21954879 {\n  width: 100%;\n}\n<\/style>\n\t<\/div>\n\t\n\n\n\t\t<\/div>\n\t\t\t\t\t<\/div>\n\n\t\n\n\t<div id=\"col-1037012178\" class=\"col small-12 large-12\"  data-animate=\"blurIn\">\n\t\t\t\t<div class=\"col-inner text-center\"  >\n\t\t\t\n\t\t\t\n\n<div class=\"is-divider divider clearfix\" style=\"margin-top:10px;margin-bottom:10px;max-width:100%;height:2px;\"><\/div>\n\n<p style=\"margin-bottom: 0px; text-align: center;\"><span style=\"color: #e0f175; font-size: 110%;\"><strong>Credo SVEIKA ENERGIJA brzmi: \"Od\u017cywianie, kt\u00f3remu mo\u017cesz zaufa\u0107!\".<\/strong><\/span><\/p>\n<div class=\"is-divider divider clearfix\" style=\"margin-top:10px;margin-bottom:10px;max-width:100%;height:2px;\"><\/div>\n\n\n\t\t<\/div>\n\t\t\t\t\t<\/div>\n\n\t\n\n\t<div id=\"col-46623291\" class=\"col medium-4 small-12 large-4\"  data-animate=\"fadeInUp\">\n\t\t\t\t<div class=\"col-inner\"  >\n\t\t\t\n\t\t\t\n\n<h2 class=\"title\" style=\"text-align: center;\"><span style=\"color: #444444; font-size: 80%;\">Wizja<\/span><\/h2>\n<div class=\"content\">\n<p><strong>UAB \"SVEIKA ENERGIJA\"<\/strong>&nbsp;d\u0105\u017cy do tego, aby sta\u0107 si\u0119 farm\u0105 o najwy\u017cszej jako\u015bci i warto\u015bci biologicznej&nbsp;<strong>\"ZDROWY WYB\u00d3R\"<\/strong>&nbsp;sta\u0107 si\u0119 liderem sprzeda\u017cy i eksportu na Litwie oraz ugruntowa\u0107 swoj\u0105 pozycj\u0119 na rynkach europejskich, WNP i innych rynkach \u015bwiata. Wierzymy, \u017ce sukces naszej wizji zale\u017cy od cel\u00f3w, kt\u00f3re sobie wyznaczamy i wysi\u0142k\u00f3w, kt\u00f3re regularnie podejmujemy, dlatego d\u0105\u017cymy do:<\/p>\n<ul>\n<li>stosowa\u0107 innowacyjne i progresywne metody pracy oraz d\u0105\u017cy\u0107 do wszechstronnego rozwoju produkowanych i dostarczanych przez nas produkt\u00f3w;<\/li>\n<li>by\u0107 najbardziej niezawodn\u0105 i cenion\u0105 firm\u0105 produkcyjn\u0105 i dostawcz\u0105 dla naszych klient\u00f3w i partner\u00f3w biznesowych;<\/li>\n<li>przekszta\u0142canie wyzwa\u0144 w mo\u017cliwo\u015bci i osi\u0105gni\u0119cia;<\/li>\n<li>wspieranie inicjatywy i kreatywnego my\u015blenia;<\/li>\n<li>poprawa wynik\u00f3w firmy.<\/li>\n<\/ul>\n<\/div>\n\n\t\t<\/div>\n\t\t\t\t\t<\/div>\n\n\t\n\n\t<div id=\"col-1527032489\" class=\"col medium-4 small-12 large-4\"  data-animate=\"fadeInUp\">\n\t\t\t\t<div class=\"col-inner\"  >\n\t\t\t\n\t\t\t\n\n<h2 class=\"title\" style=\"text-align: center;\"><span style=\"font-size: 80%; color: #444444;\">Misja<\/span><\/h2>\n<div class=\"content\">\n<ul>\n<li>Zach\u0119canie ludzi w ka\u017cdym wieku do wi\u0119kszej aktywno\u015bci fizycznej i uprawiania sportu z wykorzystaniem naturalnych \u017ar\u00f3de\u0142.&nbsp;<strong>\"ZDROWY WYB\u00d3R\"<\/strong>&nbsp;produkcja.<\/li>\n<li>Motywowanie ludzi do doskonalenia swojego cia\u0142a, poprawy zdrowia i samopoczucia oraz pomoc w rehabilitacji os\u00f3b po urazach i r\u00f3\u017cnych chorobach.<\/li>\n<li>Promowanie i zach\u0119canie do zdrowego stylu \u017cycia.<\/li>\n<li>Aby pom\u00f3c sportowcom osi\u0105gn\u0105\u0107 ich cele.<\/li>\n<li>Dostarczanie profesjonalnych informacji i porad na temat naszych produkt\u00f3w, popartych badaniami naukowymi.<\/li>\n<li>D\u0105\u017cenie do d\u0142ugoterminowej wsp\u00f3\u0142pracy z klientami i partnerami biznesowymi.<\/li>\n<\/ul>\n<\/div>\n\n\t\t<\/div>\n\t\t\t\t\t<\/div>\n\n\t\n\n\t<div id=\"col-195035502\" class=\"col medium-4 small-12 large-4\"  data-animate=\"fadeInUp\">\n\t\t\t\t<div class=\"col-inner\"  >\n\t\t\t\n\t\t\t\n\n<h2 class=\"title\" style=\"text-align: center;\"><span style=\"color: #444444; font-size: 80%;\">Warto\u015bci<\/span><\/h2>\n<div class=\"content\">\n<p>Dla nas klient i nasi partnerzy biznesowi s\u0105 najwa\u017cniejsi, dlatego zawsze staramy si\u0119, aby byli zadowoleni i szcz\u0119\u015bliwi ze wsp\u00f3\u0142pracy z nami.<\/p>\n<p>Szanujemy i cenimy jako\u015b\u0107, niezawodno\u015b\u0107, otwarto\u015b\u0107, pomoc, uczciwo\u015b\u0107, a zw\u0142aszcza d\u0142ugoterminowe partnerstwo i etyk\u0119 biznesow\u0105. Warto\u015bci naszej firmy to wsp\u00f3lny rozw\u00f3j, praca zespo\u0142owa, wspieranie d\u0142ugoterminowych relacji partnerskich, wzajemny szacunek i dba\u0142o\u015b\u0107 o otaczaj\u0105ce nas \u015brodowisko.<\/p>\n<\/div>\n\n\t\t<\/div>\n\t\t\t\t\t<\/div>\n\n\t\n\n<\/div>\n\n\t\t<\/div>\n\n\t\t\n<style>\n#section_1822334055 {\n  padding-top: 30px;\n  padding-bottom: 30px;\n}\n<\/style>\n\t<\/section>","protected":false},"excerpt":{"rendered":"","protected":false},"author":1,"featured_media":0,"parent":0,"menu_order":0,"comment_status":"closed","ping_status":"closed","template":"page-blank.php","meta":{"footnotes":""},"class_list":["post-366","page","type-page","status-publish","hentry"],"yoast_head":"<!-- This site is optimized with the Yoast SEO plugin v27.5 - https:\/\/yoast.com\/product\/yoast-seo-wordpress\/ -->\n<title>Apie mus | Healthy Choice<\/title>\n<meta name=\"robots\" content=\"index, follow, max-snippet:-1, max-image-preview:large, max-video-preview:-1\" \/>\n<link rel=\"canonical\" href=\"https:\/\/www.healthychoice.lt\/pl\/apie-mus\/\" \/>\n<meta property=\"og:locale\" content=\"pl_PL\" \/>\n<meta property=\"og:type\" content=\"article\" \/>\n<meta property=\"og:title\" content=\"Apie mus | Healthy Choice\" \/>\n<meta property=\"og:url\" content=\"https:\/\/www.healthychoice.lt\/pl\/apie-mus\/\" \/>\n<meta property=\"og:site_name\" content=\"Healthy Choice\" \/>\n<meta property=\"article:publisher\" content=\"https:\/\/www.facebook.com\/healthychoice.world\/\" \/>\n<meta property=\"article:modified_time\" content=\"2020-06-30T06:31:14+00:00\" \/>\n<meta name=\"twitter:card\" content=\"summary_large_image\" \/>\n<meta name=\"twitter:label1\" content=\"Szacowany czas czytania\" \/>\n\t<meta name=\"twitter:data1\" content=\"3 minuty\" \/>\n<script type=\"application\/ld+json\" class=\"yoast-schema-graph\">{\"@context\":\"https:\\\/\\\/schema.org\",\"@graph\":[{\"@type\":\"WebPage\",\"@id\":\"https:\\\/\\\/www.healthychoice.lt\\\/apie-mus\\\/\",\"url\":\"https:\\\/\\\/www.healthychoice.lt\\\/apie-mus\\\/\",\"name\":\"Apie mus | Healthy Choice\",\"isPartOf\":{\"@id\":\"https:\\\/\\\/www.healthychoice.lt\\\/es\\\/#website\"},\"datePublished\":\"2020-06-30T02:24:36+00:00\",\"dateModified\":\"2020-06-30T06:31:14+00:00\",\"breadcrumb\":{\"@id\":\"https:\\\/\\\/www.healthychoice.lt\\\/apie-mus\\\/#breadcrumb\"},\"inLanguage\":\"pl-PL\",\"potentialAction\":[{\"@type\":\"ReadAction\",\"target\":[\"https:\\\/\\\/www.healthychoice.lt\\\/apie-mus\\\/\"]}]},{\"@type\":\"BreadcrumbList\",\"@id\":\"https:\\\/\\\/www.healthychoice.lt\\\/apie-mus\\\/#breadcrumb\",\"itemListElement\":[{\"@type\":\"ListItem\",\"position\":1,\"name\":\"Home\",\"item\":\"https:\\\/\\\/www.healthychoice.lt\\\/\"},{\"@type\":\"ListItem\",\"position\":2,\"name\":\"Apie mus\"}]},{\"@type\":\"WebSite\",\"@id\":\"https:\\\/\\\/www.healthychoice.lt\\\/es\\\/#website\",\"url\":\"https:\\\/\\\/www.healthychoice.lt\\\/es\\\/\",\"name\":\"Healthy Choice\",\"description\":\"Mityba, kuria gali pasitik\u0117ti!\",\"alternateName\":\"Healthychoice\",\"potentialAction\":[{\"@type\":\"SearchAction\",\"target\":{\"@type\":\"EntryPoint\",\"urlTemplate\":\"https:\\\/\\\/www.healthychoice.lt\\\/es\\\/?s={search_term_string}\"},\"query-input\":{\"@type\":\"PropertyValueSpecification\",\"valueRequired\":true,\"valueName\":\"search_term_string\"}}],\"inLanguage\":\"pl-PL\"}]}<\/script>\n<!-- \/ Yoast SEO plugin. -->","yoast_head_json":{"title":"Apie mus | Healthy Choice","robots":{"index":"index","follow":"follow","max-snippet":"max-snippet:-1","max-image-preview":"max-image-preview:large","max-video-preview":"max-video-preview:-1"},"canonical":"https:\/\/www.healthychoice.lt\/pl\/apie-mus\/","og_locale":"pl_PL","og_type":"article","og_title":"Apie mus | Healthy Choice","og_url":"https:\/\/www.healthychoice.lt\/pl\/apie-mus\/","og_site_name":"Healthy Choice","article_publisher":"https:\/\/www.facebook.com\/healthychoice.world\/","article_modified_time":"2020-06-30T06:31:14+00:00","twitter_card":"summary_large_image","twitter_misc":{"Szacowany czas czytania":"3 minuty"},"schema":{"@context":"https:\/\/schema.org","@graph":[{"@type":"WebPage","@id":"https:\/\/www.healthychoice.lt\/apie-mus\/","url":"https:\/\/www.healthychoice.lt\/apie-mus\/","name":"Apie mus | Healthy Choice","isPartOf":{"@id":"https:\/\/www.healthychoice.lt\/es\/#website"},"datePublished":"2020-06-30T02:24:36+00:00","dateModified":"2020-06-30T06:31:14+00:00","breadcrumb":{"@id":"https:\/\/www.healthychoice.lt\/apie-mus\/#breadcrumb"},"inLanguage":"pl-PL","potentialAction":[{"@type":"ReadAction","target":["https:\/\/www.healthychoice.lt\/apie-mus\/"]}]},{"@type":"BreadcrumbList","@id":"https:\/\/www.healthychoice.lt\/apie-mus\/#breadcrumb","itemListElement":[{"@type":"ListItem","position":1,"name":"Home","item":"https:\/\/www.healthychoice.lt\/"},{"@type":"ListItem","position":2,"name":"Apie mus"}]},{"@type":"WebSite","@id":"https:\/\/www.healthychoice.lt\/es\/#website","url":"https:\/\/www.healthychoice.lt\/es\/","name":"Healthy Choice","description":"Dieta, kt\u00f3rej mo\u017cesz zaufa\u0107!","alternateName":"Healthychoice","potentialAction":[{"@type":"SearchAction","target":{"@type":"EntryPoint","urlTemplate":"https:\/\/www.healthychoice.lt\/es\/?s={search_term_string}"},"query-input":{"@type":"PropertyValueSpecification","valueRequired":true,"valueName":"search_term_string"}}],"inLanguage":"pl-PL"}]}},"_links":{"self":[{"href":"https:\/\/www.healthychoice.lt\/pl\/wp-json\/wp\/v2\/pages\/366","targetHints":{"allow":["GET"]}}],"collection":[{"href":"https:\/\/www.healthychoice.lt\/pl\/wp-json\/wp\/v2\/pages"}],"about":[{"href":"https:\/\/www.healthychoice.lt\/pl\/wp-json\/wp\/v2\/types\/page"}],"author":[{"embeddable":true,"href":"https:\/\/www.healthychoice.lt\/pl\/wp-json\/wp\/v2\/users\/1"}],"replies":[{"embeddable":true,"href":"https:\/\/www.healthychoice.lt\/pl\/wp-json\/wp\/v2\/comments?post=366"}],"version-history":[{"count":0,"href":"https:\/\/www.healthychoice.lt\/pl\/wp-json\/wp\/v2\/pages\/366\/revisions"}],"wp:attachment":[{"href":"https:\/\/www.healthychoice.lt\/pl\/wp-json\/wp\/v2\/media?parent=366"}],"curies":[{"name":"wp","href":"https:\/\/api.w.org\/{rel}","templated":true}]}}