{"id":358,"date":"2020-06-29T23:00:06","date_gmt":"2020-06-29T20:00:06","guid":{"rendered":"https:\/\/www.healthychoice.lt\/?page_id=358"},"modified":"2022-05-26T10:13:46","modified_gmt":"2022-05-26T07:13:46","slug":"distributoriai","status":"publish","type":"page","link":"https:\/\/www.healthychoice.lt\/pl\/distributoriai\/","title":{"rendered":"Tapkite M\u016bs\u0173 platintoju!"},"content":{"rendered":"<p class=\"has-text-align-center\">Mes nuolatos ie\u0161kome, kuriame ir puosel\u0117jame ilgalaikius platintoj\u0173 partneryst\u0117s ry\u0161ius. Siekiame stabili\u0173, \u012fsitvirtinusi\u0173 ir tinkamai apr\u016bpint\u0173 i\u0161tekliais platintoj\u0173 \u2013 partneri\u0173, kurie nori auginti savo versl\u0105 taip, kaip norime augti ir mes. M\u016bs\u0173 partneryst\u0117 prasideda &#8211; auk\u0161tos kokyb\u0117s produkt\u0173 asortimentu, siekiant u\u017etikrinti, kad m\u016bs\u0173 partneriai b\u016bt\u0173 s\u0117kmingi savo atitinkamose rinkose. Jei J\u016bs ar J\u016bs\u0173 \u012fmon\u0117 pasiruo\u0161\u0119 i\u0161\u0161\u016bkiams ir naudai, kuri\u0105 gausite b\u016bdami m\u016bs\u0173 partneriais, skirkite kelias minutes, kol u\u017epildysite \u017eemiau esan\u010di\u0105 form\u0105. Nor\u0117tume daugiau su\u017einoti apie Jus ir J\u016bs\u0173 versl\u0105.<\/p>\n\n\n\n<div class=\"row align-center\"  id=\"row-184825099\">\n\n\n\t<div id=\"col-285366426\" class=\"col medium-10 small-12 large-8\"  >\n\t\t\t\t<div class=\"col-inner\"  >\n\t\t\t\n\t\t\t\n\n\n<div class=\"wpcf7 no-js\" id=\"wpcf7-f3560-o1\" lang=\"en-US\" dir=\"ltr\" data-wpcf7-id=\"3560\">\n<div class=\"screen-reader-response\"><p role=\"status\" aria-live=\"polite\" aria-atomic=\"true\"><\/p> <ul><\/ul><\/div>\n<form action=\"\/pl\/wp-json\/wp\/v2\/pages\/358#wpcf7-f3560-o1\" method=\"post\" class=\"wpcf7-form init\" aria-label=\"Contact form\" novalidate=\"novalidate\" data-status=\"init\" data-trp-original-action=\"\/pl\/wp-json\/wp\/v2\/pages\/358#wpcf7-f3560-o1\">\n<fieldset class=\"hidden-fields-container\"><input type=\"hidden\" name=\"_wpcf7\" value=\"3560\" \/><input type=\"hidden\" name=\"_wpcf7_version\" value=\"6.1.5\" \/><input type=\"hidden\" name=\"_wpcf7_locale\" value=\"en_US\" \/><input type=\"hidden\" name=\"_wpcf7_unit_tag\" value=\"wpcf7-f3560-o1\" \/><input type=\"hidden\" name=\"_wpcf7_container_post\" value=\"0\" \/><input type=\"hidden\" name=\"_wpcf7_posted_data_hash\" value=\"\" \/><input type=\"hidden\" name=\"_wpcf7_recaptcha_response\" value=\"\" \/>\n<\/fieldset>\n<p><label> Kompanija<br \/>\n<span class=\"wpcf7-form-control-wrap\" data-name=\"kompanija\"><input size=\"40\" maxlength=\"400\" class=\"wpcf7-form-control wpcf7-text\" aria-invalid=\"false\" value=\"\" type=\"text\" name=\"kompanija\" \/><\/span> <\/label>\n<\/p>\n<p><label> Vardas<br \/>\n<span class=\"wpcf7-form-control-wrap\" data-name=\"vardas\"><input size=\"40\" maxlength=\"400\" class=\"wpcf7-form-control wpcf7-text\" aria-invalid=\"false\" value=\"\" type=\"text\" name=\"vardas\" \/><\/span> <\/label>\n<\/p>\n<p><label> Pavard\u0117<br \/>\n<span class=\"wpcf7-form-control-wrap\" data-name=\"pavarde\"><input size=\"40\" maxlength=\"400\" class=\"wpcf7-form-control wpcf7-text\" aria-invalid=\"false\" value=\"\" type=\"text\" name=\"pavarde\" \/><\/span> <\/label>\n<\/p>\n<p><label> \u0160alis<br \/>\n<span class=\"wpcf7-form-control-wrap\" data-name=\"salis\"><input size=\"40\" maxlength=\"400\" class=\"wpcf7-form-control wpcf7-text\" aria-invalid=\"false\" value=\"\" type=\"text\" name=\"salis\" \/><\/span> <\/label>\n<\/p>\n<p><label> Miestas<br \/>\n<span class=\"wpcf7-form-control-wrap\" data-name=\"miestas\"><input size=\"40\" maxlength=\"400\" class=\"wpcf7-form-control wpcf7-text\" aria-invalid=\"false\" value=\"\" type=\"text\" name=\"miestas\" \/><\/span> <\/label>\n<\/p>\n<p><label> Gatv\u0117<br \/>\n<span class=\"wpcf7-form-control-wrap\" data-name=\"gatve\"><input size=\"40\" maxlength=\"400\" class=\"wpcf7-form-control wpcf7-text\" aria-invalid=\"false\" value=\"\" type=\"text\" name=\"gatve\" \/><\/span> <\/label>\n<\/p>\n<p><label> Pa\u0161to kodas<br \/>\n<span class=\"wpcf7-form-control-wrap\" data-name=\"pastokodas\"><input size=\"40\" maxlength=\"400\" class=\"wpcf7-form-control wpcf7-text\" aria-invalid=\"false\" value=\"\" type=\"text\" name=\"pastokodas\" \/><\/span> <\/label>\n<\/p>\n<p><label> El. pa\u0161tas <span style=\"color: red\">*<\/span><br \/>\n<span class=\"wpcf7-form-control-wrap\" data-name=\"elpastas\"><input size=\"40\" maxlength=\"400\" class=\"wpcf7-form-control wpcf7-email wpcf7-validates-as-required wpcf7-text wpcf7-validates-as-email\" aria-required=\"true\" aria-invalid=\"false\" value=\"\" type=\"email\" name=\"elpastas\" \/><\/span> <\/label>\n<\/p>\n<p><label> Telefono numeris<br \/>\n<span class=\"wpcf7-form-control-wrap\" data-name=\"telefononumeris\"><input size=\"40\" maxlength=\"400\" class=\"wpcf7-form-control wpcf7-tel wpcf7-text wpcf7-validates-as-tel\" aria-invalid=\"false\" value=\"\" type=\"tel\" name=\"telefononumeris\" \/><\/span> <\/label>\n<\/p>\n<p><label> Prane\u0161imas <span style=\"color: red\">*<\/span><br \/>\n<span class=\"wpcf7-form-control-wrap\" data-name=\"pranesimas\"><textarea cols=\"40\" rows=\"10\" maxlength=\"2000\" class=\"wpcf7-form-control wpcf7-textarea wpcf7-validates-as-required\" aria-required=\"true\" aria-invalid=\"false\" name=\"pranesimas\"><\/textarea><\/span> <\/label>\n<\/p>\n\n<p><input class=\"wpcf7-form-control wpcf7-submit has-spinner\" type=\"submit\" value=\"Si\u0173sti\" \/>\n<\/p><div class=\"wpcf7-response-output\" aria-hidden=\"true\"><\/div>\n<input type=\"hidden\" name=\"trp-form-language\" value=\"pl\"\/><\/form>\n<\/div>\n\n\n\n\t\t<\/div>\n\t\t\t\t\t<\/div>\n\n\t\n\n<\/div>","protected":false},"excerpt":{"rendered":"<p>Mes nuolatos ie\u0161kome, kuriame ir puosel\u0117jame ilgalaikius platintoj\u0173 partneryst\u0117s ry\u0161ius. Siekiame stabili\u0173, \u012fsitvirtinusi\u0173 ir tinkamai apr\u016bpint\u0173 i\u0161tekliais platintoj\u0173 \u2013 partneri\u0173, kurie nori auginti savo versl\u0105 taip, kaip norime augti ir mes. M\u016bs\u0173 partneryst\u0117 prasideda &#8211; auk\u0161tos kokyb\u0117s produkt\u0173 asortimentu, siekiant u\u017etikrinti, kad m\u016bs\u0173 partneriai b\u016bt\u0173 s\u0117kmingi savo atitinkamose rinkose. Jei J\u016bs ar J\u016bs\u0173 \u012fmon\u0117 pasiruo\u0161\u0119&#8230;<\/p>","protected":false},"author":1,"featured_media":0,"parent":0,"menu_order":0,"comment_status":"closed","ping_status":"closed","template":"page-blank-title-center.php","meta":{"footnotes":""},"class_list":["post-358","page","type-page","status-publish","hentry"],"yoast_head":"<!-- This site is optimized with the Yoast SEO plugin v27.5 - https:\/\/yoast.com\/product\/yoast-seo-wordpress\/ -->\n<title>Tapkite M\u016bs\u0173 platintoju! | Healthy Choice<\/title>\n<meta name=\"robots\" content=\"index, follow, max-snippet:-1, max-image-preview:large, max-video-preview:-1\" \/>\n<link rel=\"canonical\" href=\"https:\/\/www.healthychoice.lt\/pl\/distributoriai\/\" \/>\n<meta property=\"og:locale\" content=\"pl_PL\" \/>\n<meta property=\"og:type\" content=\"article\" \/>\n<meta property=\"og:title\" content=\"Tapkite M\u016bs\u0173 platintoju! | Healthy Choice\" \/>\n<meta property=\"og:description\" content=\"Mes nuolatos ie\u0161kome, kuriame ir puosel\u0117jame ilgalaikius platintoj\u0173 partneryst\u0117s ry\u0161ius. Siekiame stabili\u0173, \u012fsitvirtinusi\u0173 ir tinkamai apr\u016bpint\u0173 i\u0161tekliais platintoj\u0173 \u2013 partneri\u0173, kurie nori auginti savo versl\u0105 taip, kaip norime augti ir mes. M\u016bs\u0173 partneryst\u0117 prasideda &#8211; auk\u0161tos kokyb\u0117s produkt\u0173 asortimentu, siekiant u\u017etikrinti, kad m\u016bs\u0173 partneriai b\u016bt\u0173 s\u0117kmingi savo atitinkamose rinkose. Jei J\u016bs ar J\u016bs\u0173 \u012fmon\u0117 pasiruo\u0161\u0119...\" \/>\n<meta property=\"og:url\" content=\"https:\/\/www.healthychoice.lt\/pl\/distributoriai\/\" \/>\n<meta property=\"og:site_name\" content=\"Healthy Choice\" \/>\n<meta property=\"article:publisher\" content=\"https:\/\/www.facebook.com\/healthychoice.world\/\" \/>\n<meta property=\"article:modified_time\" content=\"2022-05-26T07:13:46+00:00\" \/>\n<meta name=\"twitter:card\" content=\"summary_large_image\" \/>\n<meta name=\"twitter:label1\" content=\"Szacowany czas czytania\" \/>\n\t<meta name=\"twitter:data1\" content=\"1 minuta\" \/>\n<script type=\"application\/ld+json\" class=\"yoast-schema-graph\">{\"@context\":\"https:\\\/\\\/schema.org\",\"@graph\":[{\"@type\":\"WebPage\",\"@id\":\"https:\\\/\\\/www.healthychoice.lt\\\/distributoriai\\\/\",\"url\":\"https:\\\/\\\/www.healthychoice.lt\\\/distributoriai\\\/\",\"name\":\"Tapkite M\u016bs\u0173 platintoju! | Healthy Choice\",\"isPartOf\":{\"@id\":\"https:\\\/\\\/www.healthychoice.lt\\\/es\\\/#website\"},\"datePublished\":\"2020-06-29T20:00:06+00:00\",\"dateModified\":\"2022-05-26T07:13:46+00:00\",\"breadcrumb\":{\"@id\":\"https:\\\/\\\/www.healthychoice.lt\\\/distributoriai\\\/#breadcrumb\"},\"inLanguage\":\"pl-PL\",\"potentialAction\":[{\"@type\":\"ReadAction\",\"target\":[\"https:\\\/\\\/www.healthychoice.lt\\\/distributoriai\\\/\"]}]},{\"@type\":\"BreadcrumbList\",\"@id\":\"https:\\\/\\\/www.healthychoice.lt\\\/distributoriai\\\/#breadcrumb\",\"itemListElement\":[{\"@type\":\"ListItem\",\"position\":1,\"name\":\"Home\",\"item\":\"https:\\\/\\\/www.healthychoice.lt\\\/\"},{\"@type\":\"ListItem\",\"position\":2,\"name\":\"Tapkite M\u016bs\u0173 platintoju!\"}]},{\"@type\":\"WebSite\",\"@id\":\"https:\\\/\\\/www.healthychoice.lt\\\/es\\\/#website\",\"url\":\"https:\\\/\\\/www.healthychoice.lt\\\/es\\\/\",\"name\":\"Healthy Choice\",\"description\":\"Mityba, kuria gali pasitik\u0117ti!\",\"alternateName\":\"Healthychoice\",\"potentialAction\":[{\"@type\":\"SearchAction\",\"target\":{\"@type\":\"EntryPoint\",\"urlTemplate\":\"https:\\\/\\\/www.healthychoice.lt\\\/es\\\/?s={search_term_string}\"},\"query-input\":{\"@type\":\"PropertyValueSpecification\",\"valueRequired\":true,\"valueName\":\"search_term_string\"}}],\"inLanguage\":\"pl-PL\"}]}<\/script>\n<!-- \/ Yoast SEO plugin. -->","yoast_head_json":{"title":"Tapkite M\u016bs\u0173 platintoju! | Healthy Choice","robots":{"index":"index","follow":"follow","max-snippet":"max-snippet:-1","max-image-preview":"max-image-preview:large","max-video-preview":"max-video-preview:-1"},"canonical":"https:\/\/www.healthychoice.lt\/pl\/distributoriai\/","og_locale":"pl_PL","og_type":"article","og_title":"Tapkite M\u016bs\u0173 platintoju! | Healthy Choice","og_description":"Mes nuolatos ie\u0161kome, kuriame ir puosel\u0117jame ilgalaikius platintoj\u0173 partneryst\u0117s ry\u0161ius. Siekiame stabili\u0173, \u012fsitvirtinusi\u0173 ir tinkamai apr\u016bpint\u0173 i\u0161tekliais platintoj\u0173 \u2013 partneri\u0173, kurie nori auginti savo versl\u0105 taip, kaip norime augti ir mes. M\u016bs\u0173 partneryst\u0117 prasideda &#8211; auk\u0161tos kokyb\u0117s produkt\u0173 asortimentu, siekiant u\u017etikrinti, kad m\u016bs\u0173 partneriai b\u016bt\u0173 s\u0117kmingi savo atitinkamose rinkose. Jei J\u016bs ar J\u016bs\u0173 \u012fmon\u0117 pasiruo\u0161\u0119...","og_url":"https:\/\/www.healthychoice.lt\/pl\/distributoriai\/","og_site_name":"Healthy Choice","article_publisher":"https:\/\/www.facebook.com\/healthychoice.world\/","article_modified_time":"2022-05-26T07:13:46+00:00","twitter_card":"summary_large_image","twitter_misc":{"Szacowany czas czytania":"1 minuta"},"schema":{"@context":"https:\/\/schema.org","@graph":[{"@type":"WebPage","@id":"https:\/\/www.healthychoice.lt\/distributoriai\/","url":"https:\/\/www.healthychoice.lt\/distributoriai\/","name":"Tapkite M\u016bs\u0173 platintoju! | Healthy Choice","isPartOf":{"@id":"https:\/\/www.healthychoice.lt\/es\/#website"},"datePublished":"2020-06-29T20:00:06+00:00","dateModified":"2022-05-26T07:13:46+00:00","breadcrumb":{"@id":"https:\/\/www.healthychoice.lt\/distributoriai\/#breadcrumb"},"inLanguage":"pl-PL","potentialAction":[{"@type":"ReadAction","target":["https:\/\/www.healthychoice.lt\/distributoriai\/"]}]},{"@type":"BreadcrumbList","@id":"https:\/\/www.healthychoice.lt\/distributoriai\/#breadcrumb","itemListElement":[{"@type":"ListItem","position":1,"name":"Home","item":"https:\/\/www.healthychoice.lt\/"},{"@type":"ListItem","position":2,"name":"Tapkite M\u016bs\u0173 platintoju!"}]},{"@type":"WebSite","@id":"https:\/\/www.healthychoice.lt\/es\/#website","url":"https:\/\/www.healthychoice.lt\/es\/","name":"Healthy Choice","description":"Dieta, kt\u00f3rej mo\u017cesz zaufa\u0107!","alternateName":"Healthychoice","potentialAction":[{"@type":"SearchAction","target":{"@type":"EntryPoint","urlTemplate":"https:\/\/www.healthychoice.lt\/es\/?s={search_term_string}"},"query-input":{"@type":"PropertyValueSpecification","valueRequired":true,"valueName":"search_term_string"}}],"inLanguage":"pl-PL"}]}},"_links":{"self":[{"href":"https:\/\/www.healthychoice.lt\/pl\/wp-json\/wp\/v2\/pages\/358","targetHints":{"allow":["GET"]}}],"collection":[{"href":"https:\/\/www.healthychoice.lt\/pl\/wp-json\/wp\/v2\/pages"}],"about":[{"href":"https:\/\/www.healthychoice.lt\/pl\/wp-json\/wp\/v2\/types\/page"}],"author":[{"embeddable":true,"href":"https:\/\/www.healthychoice.lt\/pl\/wp-json\/wp\/v2\/users\/1"}],"replies":[{"embeddable":true,"href":"https:\/\/www.healthychoice.lt\/pl\/wp-json\/wp\/v2\/comments?post=358"}],"version-history":[{"count":0,"href":"https:\/\/www.healthychoice.lt\/pl\/wp-json\/wp\/v2\/pages\/358\/revisions"}],"wp:attachment":[{"href":"https:\/\/www.healthychoice.lt\/pl\/wp-json\/wp\/v2\/media?parent=358"}],"curies":[{"name":"wp","href":"https:\/\/api.w.org\/{rel}","templated":true}]}}