{"id":945,"date":"2025-04-17T08:00:17","date_gmt":"2025-04-17T05:00:17","guid":{"rendered":"https:\/\/www.healthychoice.lt\/?post_type=product&#038;p=945"},"modified":"2026-04-03T18:11:07","modified_gmt":"2026-04-03T15:11:07","slug":"100-isrugu-baltymu-koncentratas-2kg","status":"publish","type":"product","link":"https:\/\/www.healthychoice.lt\/fr\/produktai\/100-isrugu-baltymu-koncentratas-2kg\/","title":{"rendered":"100% Concentr\u00e9 de prot\u00e9ines de lactos\u00e9rum, 2kg"},"content":{"rendered":"<h2 class=\"text-white\" style=\"text-align: center;\">A propos du concentr\u00e9 prot\u00e9ique HEALTHY CHOICE<\/h2>\n<p>Concentr\u00e9 de prot\u00e9ines de lactos\u00e9rum facilement soluble, 100 % <strong>\"UN CHOIX SAIN\"<\/strong> est une prot\u00e9ine d'ultrafiltration de haute qualit\u00e9, \u00e0 basse temp\u00e9rature, dont la structure prot\u00e9ique n'a pas \u00e9t\u00e9 modifi\u00e9e et dont la valeur biologique (VB) des prot\u00e9ines a \u00e9t\u00e9 pr\u00e9serv\u00e9e.<\/p>\n<p>La prot\u00e9ine de lactos\u00e9rum lituanienne a fait l'objet d'une analyse tr\u00e8s d\u00e9taill\u00e9e de sa composition, de son emballage et de la demande du march\u00e9 sur une p\u00e9riode d'un an et demi avant de pouvoir \u00eatre produite, commercialis\u00e9e et distribu\u00e9e. Les projets pilotes <strong>\"UN CHOIX SAIN\"<\/strong> ont \u00e9t\u00e9 test\u00e9s par les athl\u00e8tes et les di\u00e9t\u00e9ticiens les plus c\u00e9l\u00e8bres de Lituanie, et les avantages des prot\u00e9ines naturelles ont \u00e9t\u00e9 reconnus. Apr\u00e8s avoir examin\u00e9 la composition des produits \u00e9trangers existants et men\u00e9 des recherches scientifiques approfondies, il a \u00e9t\u00e9 conclu que de nombreux produits prot\u00e9in\u00e9s n'\u00e9taient pas naturels et contenaient divers ar\u00f4mes \u00e0 base de compos\u00e9s chimiques, des \u00e9dulcorants dangereux, des colorants, etc.<\/p>\n<p>Il est important de noter que nous n'utilisons que de la l\u00e9cithine de tournesol comme \u00e9mulsifiant afin d'am\u00e9liorer la solubilit\u00e9 de notre produit. De nombreux fabricants pr\u00e9f\u00e8rent la l\u00e9cithine de soja, principalement parce qu'elle est moins ch\u00e8re. Cependant, le soja est un allerg\u00e8ne et de nombreuses personnes y sont allergiques. En outre, l'industrie du soja utilise souvent des produits g\u00e9n\u00e9tiquement modifi\u00e9s et des produits chimiques dangereux pour produire la l\u00e9cithine de soja.<\/p>\n<p>Contrairement au soja, les tournesols ne sont pas g\u00e9n\u00e9tiquement modifi\u00e9s, ils sont cultiv\u00e9s naturellement et la l\u00e9cithine de tournesol est produite par pression \u00e0 froid pour s\u00e9parer les fractions, comme pour l'huile d'olive, sans utilisation de produits chimiques.<\/p>\n<p>Nous consultons r\u00e9guli\u00e8rement des athl\u00e8tes professionnels, des entra\u00eeneurs et des di\u00e9t\u00e9ticiens sur les sujets suivants <strong>\"UN CHOIX SAIN\"<\/strong> et d'en extraire les qualit\u00e9s les plus pr\u00e9cieuses.<\/p>\n<h3 class=\"sub-header text-white mt-2\" style=\"text-align: center;\">Les prot\u00e9ines \"HEALTHY CHOICE\" et leur importance pour le corps humain<\/h3>\n<div class=\"row\"  id=\"row-501542289\">\n\n\t<div id=\"col-511266376\" class=\"col medium-6 small-12 large-6\"  >\n\t\t\t\t<div class=\"col-inner\"  >\n\t\t\t\n\t\t\t\n<p>Les prot\u00e9ines sont l'\u00e9l\u00e9ment constitutif des muscles, l'un des principaux nutriments, au m\u00eame titre que les glucides et les lipides. Les prot\u00e9ines sont le deuxi\u00e8me composant le plus abondant et le plus important de l'organisme apr\u00e8s l'eau. Les prot\u00e9ines sont tr\u00e8s r\u00e9pandues dans la nature vivante et en constituent la base. Tout comme un puzzle est compos\u00e9 de pi\u00e8ces individuelles, les prot\u00e9ines sont constitu\u00e9es de petites particules - les acides amin\u00e9s. Au total, 20 acides amin\u00e9s diff\u00e9rents constituent la base de la macromol\u00e9cule prot\u00e9ique. Neuf de ces 20 acides amin\u00e9s doivent imp\u00e9rativement \u00eatre apport\u00e9s par l'alimentation, car ils ne peuvent pas \u00eatre produits par l'organisme lui-m\u00eame, et il est donc n\u00e9cessaire de consommer quotidiennement une quantit\u00e9 ad\u00e9quate de prot\u00e9ines.\u00a0<strong>\"UN CHOIX SAIN\"<\/strong> Le produit est l'une des meilleures sources d'acides amin\u00e9s ramifi\u00e9s (BCAA).<\/p>\n<p>On ne saurait trop insister sur l'importance des prot\u00e9ines pour le corps humain. Les prot\u00e9ines reconstruisent, fa\u00e7onnent, entretiennent et renouvellent la masse musculaire. Les prot\u00e9ines contribuent \u00e0 la croissance des muscles et de la force chez les athl\u00e8tes. Les prot\u00e9ines sont importantes pour le maintien d'une sant\u00e9 osseuse normale. Un apport quotidien en prot\u00e9ines est essentiel pour un corps humain en bonne sant\u00e9.<\/p>\n\t\t<\/div>\n\t\t\t\t\t<\/div>\n\n\t\n\n\t<div id=\"col-759850442\" class=\"col medium-6 small-12 large-6\"  >\n\t\t\t\t<div class=\"col-inner\"  >\n\t\t\t\n\t\t\t\n<p>Outre la croissance musculaire, la prot\u00e9ine a d'autres fonctions :<\/p>\n<ul>\n<li>Fournit \u00e0 l'organisme des prot\u00e9ines, essentielles \u00e0 la fonction musculaire ;<\/li>\n<li>Renforce et reconstruit les muscles apr\u00e8s un exercice physique intense pour les personnes qui font du sport ;<\/li>\n<li>Aide \u00e0 r\u00e9duire le surpoids, \u00e0 supprimer l'app\u00e9tit, pour les personnes qui essaient de d\u00e9velopper des tissus musculaires maigres.<\/li>\n<\/ul>\n<p>Vous obtiendrez tout cela et bien plus encore lorsque vous commencerez \u00e0 consommer la prot\u00e9ine lituanienne - THIRTEEN 100 % CORE PROTEIN CONCENTRATE <strong>\"UN CHOIX SAIN\"<\/strong> - acheter maintenant !<\/p>\n\t\t<\/div>\n\t\t\t\t\t<\/div>\n\n\t\n<\/div>","protected":false},"excerpt":{"rendered":"<p>100% Prot\u00e9ines. Soluble, saveur naturelle, sans colorant, sans \u00e9dulcorant et sans sucre ajout\u00e9.<\/p>","protected":false},"featured_media":8995,"template":"","meta":[],"product_brand":[],"product_cat":[52,98,46,31],"product_tag":[64,54,53,29,24,58],"class_list":{"0":"post-945","1":"product","2":"type-product","3":"status-publish","4":"has-post-thumbnail","6":"product_cat-akcijos","7":"product_cat-baltymai","8":"product_cat-dovanu-kuponai","9":"product_cat-top","10":"product_tag-kanapiu-baltymai-250g-dovanu","11":"product_tag-baltymai","12":"product_tag-exportui","13":"product_tag-kovo3","14":"product_tag-paprasti-produktai","15":"product_tag-perkant-2-baltymus-akcija","17":"first","18":"instock","19":"sale","20":"taxable","21":"shipping-taxable","22":"purchasable","23":"product-type-simple"},"yoast_head":"<!-- This site is optimized with the Yoast SEO plugin v27.5 - https:\/\/yoast.com\/product\/yoast-seo-wordpress\/ -->\n<title>100% i\u0161r\u016bg\u0173 baltym\u0173 koncentratas, 2kg | Healthy Choice<\/title>\n<meta name=\"robots\" content=\"index, follow, max-snippet:-1, max-image-preview:large, max-video-preview:-1\" \/>\n<link rel=\"canonical\" href=\"https:\/\/www.healthychoice.lt\/fr\/produktai\/100-isrugu-baltymu-koncentratas-2kg\/\" \/>\n<meta property=\"og:locale\" content=\"fr_FR\" \/>\n<meta property=\"og:type\" content=\"article\" \/>\n<meta property=\"og:title\" content=\"100% i\u0161r\u016bg\u0173 baltym\u0173 koncentratas, 2kg | Healthy Choice\" \/>\n<meta property=\"og:description\" content=\"100% Baltym\u0173. Tirpus, nat\u016bralaus skonio, be da\u017eikli\u0173, saldikli\u0173 ar prid\u0117tinio cukraus.\" \/>\n<meta property=\"og:url\" content=\"https:\/\/www.healthychoice.lt\/fr\/produktai\/100-isrugu-baltymu-koncentratas-2kg\/\" \/>\n<meta property=\"og:site_name\" content=\"Healthy Choice\" \/>\n<meta property=\"article:publisher\" content=\"https:\/\/www.facebook.com\/healthychoice.world\/\" \/>\n<meta property=\"article:modified_time\" content=\"2026-04-03T15:11:07+00:00\" \/>\n<meta property=\"og:image\" content=\"https:\/\/www.healthychoice.lt\/wp-content\/uploads\/2022\/01\/GOOD-WHEY.jpg\" \/>\n\t<meta property=\"og:image:width\" content=\"1024\" \/>\n\t<meta property=\"og:image:height\" content=\"1024\" \/>\n\t<meta property=\"og:image:type\" content=\"image\/jpeg\" \/>\n<meta name=\"twitter:card\" content=\"summary_large_image\" \/>\n<meta name=\"twitter:label1\" content=\"Dur\u00e9e de lecture estim\u00e9e\" \/>\n\t<meta name=\"twitter:data1\" content=\"3 minutes\" \/>\n<script type=\"application\/ld+json\" class=\"yoast-schema-graph\">{\"@context\":\"https:\\\/\\\/schema.org\",\"@graph\":[{\"@type\":\"WebPage\",\"@id\":\"https:\\\/\\\/www.healthychoice.lt\\\/produktai\\\/100-isrugu-baltymu-koncentratas-2kg\\\/\",\"url\":\"https:\\\/\\\/www.healthychoice.lt\\\/produktai\\\/100-isrugu-baltymu-koncentratas-2kg\\\/\",\"name\":\"100% i\u0161r\u016bg\u0173 baltym\u0173 koncentratas, 2kg | Healthy Choice\",\"isPartOf\":{\"@id\":\"https:\\\/\\\/www.healthychoice.lt\\\/es\\\/#website\"},\"primaryImageOfPage\":{\"@id\":\"https:\\\/\\\/www.healthychoice.lt\\\/produktai\\\/100-isrugu-baltymu-koncentratas-2kg\\\/#primaryimage\"},\"image\":{\"@id\":\"https:\\\/\\\/www.healthychoice.lt\\\/produktai\\\/100-isrugu-baltymu-koncentratas-2kg\\\/#primaryimage\"},\"thumbnailUrl\":\"https:\\\/\\\/www.healthychoice.lt\\\/wp-content\\\/uploads\\\/2022\\\/01\\\/GOOD-WHEY.jpg\",\"datePublished\":\"2025-04-17T05:00:17+00:00\",\"dateModified\":\"2026-04-03T15:11:07+00:00\",\"breadcrumb\":{\"@id\":\"https:\\\/\\\/www.healthychoice.lt\\\/produktai\\\/100-isrugu-baltymu-koncentratas-2kg\\\/#breadcrumb\"},\"inLanguage\":\"fr-FR\",\"potentialAction\":[{\"@type\":\"ReadAction\",\"target\":[\"https:\\\/\\\/www.healthychoice.lt\\\/produktai\\\/100-isrugu-baltymu-koncentratas-2kg\\\/\"]}]},{\"@type\":\"ImageObject\",\"inLanguage\":\"fr-FR\",\"@id\":\"https:\\\/\\\/www.healthychoice.lt\\\/produktai\\\/100-isrugu-baltymu-koncentratas-2kg\\\/#primaryimage\",\"url\":\"https:\\\/\\\/www.healthychoice.lt\\\/wp-content\\\/uploads\\\/2022\\\/01\\\/GOOD-WHEY.jpg\",\"contentUrl\":\"https:\\\/\\\/www.healthychoice.lt\\\/wp-content\\\/uploads\\\/2022\\\/01\\\/GOOD-WHEY.jpg\",\"width\":1024,\"height\":1024},{\"@type\":\"BreadcrumbList\",\"@id\":\"https:\\\/\\\/www.healthychoice.lt\\\/produktai\\\/100-isrugu-baltymu-koncentratas-2kg\\\/#breadcrumb\",\"itemListElement\":[{\"@type\":\"ListItem\",\"position\":1,\"name\":\"Home\",\"item\":\"https:\\\/\\\/www.healthychoice.lt\\\/\"},{\"@type\":\"ListItem\",\"position\":2,\"name\":\"Produktai\",\"item\":\"https:\\\/\\\/www.healthychoice.lt\\\/es\\\/produktai\\\/\"},{\"@type\":\"ListItem\",\"position\":3,\"name\":\"100% i\u0161r\u016bg\u0173 baltym\u0173 koncentratas, 2kg\"}]},{\"@type\":\"WebSite\",\"@id\":\"https:\\\/\\\/www.healthychoice.lt\\\/es\\\/#website\",\"url\":\"https:\\\/\\\/www.healthychoice.lt\\\/es\\\/\",\"name\":\"Healthy Choice\",\"description\":\"Mityba, kuria gali pasitik\u0117ti!\",\"alternateName\":\"Healthychoice\",\"potentialAction\":[{\"@type\":\"SearchAction\",\"target\":{\"@type\":\"EntryPoint\",\"urlTemplate\":\"https:\\\/\\\/www.healthychoice.lt\\\/es\\\/?s={search_term_string}\"},\"query-input\":{\"@type\":\"PropertyValueSpecification\",\"valueRequired\":true,\"valueName\":\"search_term_string\"}}],\"inLanguage\":\"fr-FR\"}]}<\/script>\n<!-- \/ Yoast SEO plugin. -->","yoast_head_json":{"title":"100% i\u0161r\u016bg\u0173 baltym\u0173 koncentratas, 2kg | Healthy Choice","robots":{"index":"index","follow":"follow","max-snippet":"max-snippet:-1","max-image-preview":"max-image-preview:large","max-video-preview":"max-video-preview:-1"},"canonical":"https:\/\/www.healthychoice.lt\/fr\/produktai\/100-isrugu-baltymu-koncentratas-2kg\/","og_locale":"fr_FR","og_type":"article","og_title":"100% i\u0161r\u016bg\u0173 baltym\u0173 koncentratas, 2kg | Healthy Choice","og_description":"100% Baltym\u0173. Tirpus, nat\u016bralaus skonio, be da\u017eikli\u0173, saldikli\u0173 ar prid\u0117tinio cukraus.","og_url":"https:\/\/www.healthychoice.lt\/fr\/produktai\/100-isrugu-baltymu-koncentratas-2kg\/","og_site_name":"Healthy Choice","article_publisher":"https:\/\/www.facebook.com\/healthychoice.world\/","article_modified_time":"2026-04-03T15:11:07+00:00","og_image":[{"width":1024,"height":1024,"url":"https:\/\/www.healthychoice.lt\/wp-content\/uploads\/2022\/01\/GOOD-WHEY.jpg","type":"image\/jpeg"}],"twitter_card":"summary_large_image","twitter_misc":{"Dur\u00e9e de lecture estim\u00e9e":"3 minutes"},"schema":{"@context":"https:\/\/schema.org","@graph":[{"@type":"WebPage","@id":"https:\/\/www.healthychoice.lt\/produktai\/100-isrugu-baltymu-koncentratas-2kg\/","url":"https:\/\/www.healthychoice.lt\/produktai\/100-isrugu-baltymu-koncentratas-2kg\/","name":"100% i\u0161r\u016bg\u0173 baltym\u0173 koncentratas, 2kg | Healthy Choice","isPartOf":{"@id":"https:\/\/www.healthychoice.lt\/es\/#website"},"primaryImageOfPage":{"@id":"https:\/\/www.healthychoice.lt\/produktai\/100-isrugu-baltymu-koncentratas-2kg\/#primaryimage"},"image":{"@id":"https:\/\/www.healthychoice.lt\/produktai\/100-isrugu-baltymu-koncentratas-2kg\/#primaryimage"},"thumbnailUrl":"https:\/\/www.healthychoice.lt\/wp-content\/uploads\/2022\/01\/GOOD-WHEY.jpg","datePublished":"2025-04-17T05:00:17+00:00","dateModified":"2026-04-03T15:11:07+00:00","breadcrumb":{"@id":"https:\/\/www.healthychoice.lt\/produktai\/100-isrugu-baltymu-koncentratas-2kg\/#breadcrumb"},"inLanguage":"fr-FR","potentialAction":[{"@type":"ReadAction","target":["https:\/\/www.healthychoice.lt\/produktai\/100-isrugu-baltymu-koncentratas-2kg\/"]}]},{"@type":"ImageObject","inLanguage":"fr-FR","@id":"https:\/\/www.healthychoice.lt\/produktai\/100-isrugu-baltymu-koncentratas-2kg\/#primaryimage","url":"https:\/\/www.healthychoice.lt\/wp-content\/uploads\/2022\/01\/GOOD-WHEY.jpg","contentUrl":"https:\/\/www.healthychoice.lt\/wp-content\/uploads\/2022\/01\/GOOD-WHEY.jpg","width":1024,"height":1024},{"@type":"BreadcrumbList","@id":"https:\/\/www.healthychoice.lt\/produktai\/100-isrugu-baltymu-koncentratas-2kg\/#breadcrumb","itemListElement":[{"@type":"ListItem","position":1,"name":"Home","item":"https:\/\/www.healthychoice.lt\/"},{"@type":"ListItem","position":2,"name":"Produktai","item":"https:\/\/www.healthychoice.lt\/es\/produktai\/"},{"@type":"ListItem","position":3,"name":"100% i\u0161r\u016bg\u0173 baltym\u0173 koncentratas, 2kg"}]},{"@type":"WebSite","@id":"https:\/\/www.healthychoice.lt\/es\/#website","url":"https:\/\/www.healthychoice.lt\/es\/","name":"Le choix de la sant\u00e9","description":"Mityba, kuria gali pasitik\u0117ti!","alternateName":"Healthychoice","potentialAction":[{"@type":"SearchAction","target":{"@type":"EntryPoint","urlTemplate":"https:\/\/www.healthychoice.lt\/es\/?s={search_term_string}"},"query-input":{"@type":"PropertyValueSpecification","valueRequired":true,"valueName":"search_term_string"}}],"inLanguage":"fr-FR"}]}},"_links":{"self":[{"href":"https:\/\/www.healthychoice.lt\/fr\/wp-json\/wp\/v2\/product\/945","targetHints":{"allow":["GET"]}}],"collection":[{"href":"https:\/\/www.healthychoice.lt\/fr\/wp-json\/wp\/v2\/product"}],"about":[{"href":"https:\/\/www.healthychoice.lt\/fr\/wp-json\/wp\/v2\/types\/product"}],"wp:featuredmedia":[{"embeddable":true,"href":"https:\/\/www.healthychoice.lt\/fr\/wp-json\/wp\/v2\/media\/8995"}],"wp:attachment":[{"href":"https:\/\/www.healthychoice.lt\/fr\/wp-json\/wp\/v2\/media?parent=945"}],"wp:term":[{"taxonomy":"product_brand","embeddable":true,"href":"https:\/\/www.healthychoice.lt\/fr\/wp-json\/wp\/v2\/product_brand?post=945"},{"taxonomy":"product_cat","embeddable":true,"href":"https:\/\/www.healthychoice.lt\/fr\/wp-json\/wp\/v2\/product_cat?post=945"},{"taxonomy":"product_tag","embeddable":true,"href":"https:\/\/www.healthychoice.lt\/fr\/wp-json\/wp\/v2\/product_tag?post=945"}],"curies":[{"name":"wp","href":"https:\/\/api.w.org\/{rel}","templated":true}]}}