{"id":9393,"date":"2021-12-30T13:57:07","date_gmt":"2021-12-30T11:57:07","guid":{"rendered":"https:\/\/www.healthychoice.lt\/?post_type=product&#038;p=9393"},"modified":"2025-08-21T18:48:42","modified_gmt":"2025-08-21T15:48:42","slug":"perkant-l-karnitina-l-triptofanas-melatoninas-dovanu","status":"publish","type":"product","link":"https:\/\/www.healthychoice.lt\/fr\/produktai\/perkant-l-karnitina-l-triptofanas-melatoninas-dovanu\/","title":{"rendered":"Perkant L-Karnitin\u0105 &#8211;  Melatoninas DOVAN\u0172!"},"content":{"rendered":"<p><strong>L-CARNITINE AR\u00d4ME ORANGE<\/strong><\/p>\n<p>Contenu net 1000 ml<\/p>\n<p>La L-carnitine est un compos\u00e9 de vitamines et d'acides amin\u00e9s comparable aux vitamines B. Elle joue le r\u00f4le de transporteur d'acides gras vers la mitochondrie. Elle fonctionne comme un transporteur d'acides gras vers la mitochondrie. La L-carnitine agit comme un assistant pour aider \u00e0 br\u00fbler les graisses plus rapidement et \u00e0 perdre du poids naturellement. Des \u00e9tudes r\u00e9centes ont \u00e9galement montr\u00e9 que la L-carnitine contribue \u00e0 r\u00e9duire la fatigue, \u00e0 augmenter la masse corporelle et la masse musculaire, \u00e0 stabiliser le taux de sucre dans le sang et, en m\u00eame temps, \u00e0 r\u00e9duire le besoin d'hydrates de carbone. La carnitine aide \u00e0 mobiliser les r\u00e9serves de graisse, en particulier chez les personnes en surpoids.<\/p>\n<p>La L-carnitine a un d\u00e9licieux go\u00fbt d'orange, est exempte de colorants synth\u00e9tiques et d'exhausteurs de go\u00fbt, et est compos\u00e9e de tous les ingr\u00e9dients essentiels qui ont un effet positif sur le corps humain. Plus important encore, cette L-carnitine se pr\u00e9sente sous forme liquide, de sorte qu'elle sera absorb\u00e9e par l'organisme beaucoup plus rapidement et facilement. Ce compl\u00e9ment est extr\u00eamement riche en carnitine, avec 1667mg par portion (25ml) et 6668mg par 100ml.<\/p>\n<p class=\"western\" align=\"JUSTIFY\"><strong>M\u00e9latonine + Tryptophane + B6 120 comprim\u00e9s<\/strong><\/p>\n<p>Compl\u00e9ment alimentaire<\/p>\n<p>Melatoninas padeda sutrumpinti laik\u0105, reikaling\u0105 u\u017emigti. L-triptofanas yra nepakei\u010diama aminor\u016bg\u0161tis, b\u016btina melatonino ir serotonino sintez\u0117je dalyvaujantiems baltymams gaminti. Vitaminas B6 padeda palaikyti normali\u0105 energijos apykait\u0105, normali\u0105 nerv\u0173 sistemos veikl\u0105, normali\u0105 homocisteino apykait\u0105, normali\u0105 baltym\u0173 ir glikogeno apykait\u0105.<\/p>\n<p>120 table\u010di\u0173<br \/>\nGrynasis svoris: 32,4g<\/p>","protected":false},"excerpt":{"rendered":"<p>Rinkinys: L-Karnitinas + Melatoninas<\/p>","protected":false},"featured_media":9394,"template":"","meta":[],"product_brand":[],"product_cat":[52,99,28],"product_tag":[32],"class_list":{"0":"post-9393","1":"product","2":"type-product","3":"status-publish","4":"has-post-thumbnail","6":"product_cat-akcijos","7":"product_cat-l-karnitinas","8":"product_cat-rinkiniai","9":"product_tag-dovana","11":"first","12":"instock","13":"taxable","14":"shipping-taxable","15":"purchasable","16":"product-type-simple"},"yoast_head":"<!-- This site is optimized with the Yoast SEO plugin v27.5 - https:\/\/yoast.com\/product\/yoast-seo-wordpress\/ -->\n<title>Perkant L-Karnitin\u0105 - Melatoninas DOVAN\u0172!| Healthy Choice<\/title>\n<meta name=\"robots\" content=\"index, follow, max-snippet:-1, max-image-preview:large, max-video-preview:-1\" \/>\n<link rel=\"canonical\" href=\"https:\/\/www.healthychoice.lt\/fr\/produktai\/perkant-l-karnitina-l-triptofanas-melatoninas-dovanu\/\" \/>\n<meta property=\"og:locale\" content=\"fr_FR\" \/>\n<meta property=\"og:type\" content=\"article\" \/>\n<meta property=\"og:title\" content=\"Perkant L-Karnitin\u0105 - Melatoninas DOVAN\u0172!| Healthy Choice\" \/>\n<meta property=\"og:description\" content=\"Rinkinys: L-Karnitinas + Melatoninas\" \/>\n<meta property=\"og:url\" content=\"https:\/\/www.healthychoice.lt\/fr\/produktai\/perkant-l-karnitina-l-triptofanas-melatoninas-dovanu\/\" \/>\n<meta property=\"og:site_name\" content=\"Healthy Choice\" \/>\n<meta property=\"article:publisher\" content=\"https:\/\/www.facebook.com\/healthychoice.world\/\" \/>\n<meta property=\"article:modified_time\" content=\"2025-08-21T15:48:42+00:00\" \/>\n<meta property=\"og:image\" content=\"https:\/\/www.healthychoice.lt\/wp-content\/uploads\/2025\/01\/lightX.png\" \/>\n\t<meta property=\"og:image:width\" content=\"1024\" \/>\n\t<meta property=\"og:image:height\" content=\"1024\" \/>\n\t<meta property=\"og:image:type\" content=\"image\/png\" \/>\n<meta name=\"twitter:card\" content=\"summary_large_image\" \/>\n<meta name=\"twitter:label1\" content=\"Dur\u00e9e de lecture estim\u00e9e\" \/>\n\t<meta name=\"twitter:data1\" content=\"1 minute\" \/>\n<script type=\"application\/ld+json\" class=\"yoast-schema-graph\">{\"@context\":\"https:\\\/\\\/schema.org\",\"@graph\":[{\"@type\":\"WebPage\",\"@id\":\"https:\\\/\\\/www.healthychoice.lt\\\/produktai\\\/perkant-l-karnitina-l-triptofanas-melatoninas-dovanu\\\/\",\"url\":\"https:\\\/\\\/www.healthychoice.lt\\\/produktai\\\/perkant-l-karnitina-l-triptofanas-melatoninas-dovanu\\\/\",\"name\":\"Perkant L-Karnitin\u0105 - Melatoninas DOVAN\u0172!| Healthy Choice\",\"isPartOf\":{\"@id\":\"https:\\\/\\\/www.healthychoice.lt\\\/es\\\/#website\"},\"primaryImageOfPage\":{\"@id\":\"https:\\\/\\\/www.healthychoice.lt\\\/produktai\\\/perkant-l-karnitina-l-triptofanas-melatoninas-dovanu\\\/#primaryimage\"},\"image\":{\"@id\":\"https:\\\/\\\/www.healthychoice.lt\\\/produktai\\\/perkant-l-karnitina-l-triptofanas-melatoninas-dovanu\\\/#primaryimage\"},\"thumbnailUrl\":\"https:\\\/\\\/www.healthychoice.lt\\\/wp-content\\\/uploads\\\/2025\\\/01\\\/lightX.png\",\"datePublished\":\"2021-12-30T11:57:07+00:00\",\"dateModified\":\"2025-08-21T15:48:42+00:00\",\"breadcrumb\":{\"@id\":\"https:\\\/\\\/www.healthychoice.lt\\\/produktai\\\/perkant-l-karnitina-l-triptofanas-melatoninas-dovanu\\\/#breadcrumb\"},\"inLanguage\":\"fr-FR\",\"potentialAction\":[{\"@type\":\"ReadAction\",\"target\":[\"https:\\\/\\\/www.healthychoice.lt\\\/produktai\\\/perkant-l-karnitina-l-triptofanas-melatoninas-dovanu\\\/\"]}]},{\"@type\":\"ImageObject\",\"inLanguage\":\"fr-FR\",\"@id\":\"https:\\\/\\\/www.healthychoice.lt\\\/produktai\\\/perkant-l-karnitina-l-triptofanas-melatoninas-dovanu\\\/#primaryimage\",\"url\":\"https:\\\/\\\/www.healthychoice.lt\\\/wp-content\\\/uploads\\\/2025\\\/01\\\/lightX.png\",\"contentUrl\":\"https:\\\/\\\/www.healthychoice.lt\\\/wp-content\\\/uploads\\\/2025\\\/01\\\/lightX.png\",\"width\":1024,\"height\":1024},{\"@type\":\"BreadcrumbList\",\"@id\":\"https:\\\/\\\/www.healthychoice.lt\\\/produktai\\\/perkant-l-karnitina-l-triptofanas-melatoninas-dovanu\\\/#breadcrumb\",\"itemListElement\":[{\"@type\":\"ListItem\",\"position\":1,\"name\":\"Home\",\"item\":\"https:\\\/\\\/www.healthychoice.lt\\\/\"},{\"@type\":\"ListItem\",\"position\":2,\"name\":\"Produktai\",\"item\":\"https:\\\/\\\/www.healthychoice.lt\\\/es\\\/produktai\\\/\"},{\"@type\":\"ListItem\",\"position\":3,\"name\":\"Perkant L-Karnitin\u0105 &#8211; Melatoninas DOVAN\u0172!\"}]},{\"@type\":\"WebSite\",\"@id\":\"https:\\\/\\\/www.healthychoice.lt\\\/es\\\/#website\",\"url\":\"https:\\\/\\\/www.healthychoice.lt\\\/es\\\/\",\"name\":\"Healthy Choice\",\"description\":\"Mityba, kuria gali pasitik\u0117ti!\",\"alternateName\":\"Healthychoice\",\"potentialAction\":[{\"@type\":\"SearchAction\",\"target\":{\"@type\":\"EntryPoint\",\"urlTemplate\":\"https:\\\/\\\/www.healthychoice.lt\\\/es\\\/?s={search_term_string}\"},\"query-input\":{\"@type\":\"PropertyValueSpecification\",\"valueRequired\":true,\"valueName\":\"search_term_string\"}}],\"inLanguage\":\"fr-FR\"}]}<\/script>\n<!-- \/ Yoast SEO plugin. -->","yoast_head_json":{"title":"Perkant L-Karnitin\u0105 - Melatoninas DOVAN\u0172!| Healthy Choice","robots":{"index":"index","follow":"follow","max-snippet":"max-snippet:-1","max-image-preview":"max-image-preview:large","max-video-preview":"max-video-preview:-1"},"canonical":"https:\/\/www.healthychoice.lt\/fr\/produktai\/perkant-l-karnitina-l-triptofanas-melatoninas-dovanu\/","og_locale":"fr_FR","og_type":"article","og_title":"Perkant L-Karnitin\u0105 - Melatoninas DOVAN\u0172!| Healthy Choice","og_description":"Rinkinys: L-Karnitinas + Melatoninas","og_url":"https:\/\/www.healthychoice.lt\/fr\/produktai\/perkant-l-karnitina-l-triptofanas-melatoninas-dovanu\/","og_site_name":"Healthy Choice","article_publisher":"https:\/\/www.facebook.com\/healthychoice.world\/","article_modified_time":"2025-08-21T15:48:42+00:00","og_image":[{"width":1024,"height":1024,"url":"https:\/\/www.healthychoice.lt\/wp-content\/uploads\/2025\/01\/lightX.png","type":"image\/png"}],"twitter_card":"summary_large_image","twitter_misc":{"Dur\u00e9e de lecture estim\u00e9e":"1 minute"},"schema":{"@context":"https:\/\/schema.org","@graph":[{"@type":"WebPage","@id":"https:\/\/www.healthychoice.lt\/produktai\/perkant-l-karnitina-l-triptofanas-melatoninas-dovanu\/","url":"https:\/\/www.healthychoice.lt\/produktai\/perkant-l-karnitina-l-triptofanas-melatoninas-dovanu\/","name":"Perkant L-Karnitin\u0105 - Melatoninas DOVAN\u0172!| Healthy Choice","isPartOf":{"@id":"https:\/\/www.healthychoice.lt\/es\/#website"},"primaryImageOfPage":{"@id":"https:\/\/www.healthychoice.lt\/produktai\/perkant-l-karnitina-l-triptofanas-melatoninas-dovanu\/#primaryimage"},"image":{"@id":"https:\/\/www.healthychoice.lt\/produktai\/perkant-l-karnitina-l-triptofanas-melatoninas-dovanu\/#primaryimage"},"thumbnailUrl":"https:\/\/www.healthychoice.lt\/wp-content\/uploads\/2025\/01\/lightX.png","datePublished":"2021-12-30T11:57:07+00:00","dateModified":"2025-08-21T15:48:42+00:00","breadcrumb":{"@id":"https:\/\/www.healthychoice.lt\/produktai\/perkant-l-karnitina-l-triptofanas-melatoninas-dovanu\/#breadcrumb"},"inLanguage":"fr-FR","potentialAction":[{"@type":"ReadAction","target":["https:\/\/www.healthychoice.lt\/produktai\/perkant-l-karnitina-l-triptofanas-melatoninas-dovanu\/"]}]},{"@type":"ImageObject","inLanguage":"fr-FR","@id":"https:\/\/www.healthychoice.lt\/produktai\/perkant-l-karnitina-l-triptofanas-melatoninas-dovanu\/#primaryimage","url":"https:\/\/www.healthychoice.lt\/wp-content\/uploads\/2025\/01\/lightX.png","contentUrl":"https:\/\/www.healthychoice.lt\/wp-content\/uploads\/2025\/01\/lightX.png","width":1024,"height":1024},{"@type":"BreadcrumbList","@id":"https:\/\/www.healthychoice.lt\/produktai\/perkant-l-karnitina-l-triptofanas-melatoninas-dovanu\/#breadcrumb","itemListElement":[{"@type":"ListItem","position":1,"name":"Home","item":"https:\/\/www.healthychoice.lt\/"},{"@type":"ListItem","position":2,"name":"Produktai","item":"https:\/\/www.healthychoice.lt\/es\/produktai\/"},{"@type":"ListItem","position":3,"name":"Perkant L-Karnitin\u0105 &#8211; Melatoninas DOVAN\u0172!"}]},{"@type":"WebSite","@id":"https:\/\/www.healthychoice.lt\/es\/#website","url":"https:\/\/www.healthychoice.lt\/es\/","name":"Le choix de la sant\u00e9","description":"Mityba, kuria gali pasitik\u0117ti!","alternateName":"Healthychoice","potentialAction":[{"@type":"SearchAction","target":{"@type":"EntryPoint","urlTemplate":"https:\/\/www.healthychoice.lt\/es\/?s={search_term_string}"},"query-input":{"@type":"PropertyValueSpecification","valueRequired":true,"valueName":"search_term_string"}}],"inLanguage":"fr-FR"}]}},"_links":{"self":[{"href":"https:\/\/www.healthychoice.lt\/fr\/wp-json\/wp\/v2\/product\/9393","targetHints":{"allow":["GET"]}}],"collection":[{"href":"https:\/\/www.healthychoice.lt\/fr\/wp-json\/wp\/v2\/product"}],"about":[{"href":"https:\/\/www.healthychoice.lt\/fr\/wp-json\/wp\/v2\/types\/product"}],"wp:featuredmedia":[{"embeddable":true,"href":"https:\/\/www.healthychoice.lt\/fr\/wp-json\/wp\/v2\/media\/9394"}],"wp:attachment":[{"href":"https:\/\/www.healthychoice.lt\/fr\/wp-json\/wp\/v2\/media?parent=9393"}],"wp:term":[{"taxonomy":"product_brand","embeddable":true,"href":"https:\/\/www.healthychoice.lt\/fr\/wp-json\/wp\/v2\/product_brand?post=9393"},{"taxonomy":"product_cat","embeddable":true,"href":"https:\/\/www.healthychoice.lt\/fr\/wp-json\/wp\/v2\/product_cat?post=9393"},{"taxonomy":"product_tag","embeddable":true,"href":"https:\/\/www.healthychoice.lt\/fr\/wp-json\/wp\/v2\/product_tag?post=9393"}],"curies":[{"name":"wp","href":"https:\/\/api.w.org\/{rel}","templated":true}]}}