{"id":8976,"date":"2021-12-30T13:57:01","date_gmt":"2021-12-30T11:57:01","guid":{"rendered":"https:\/\/www.healthychoice.lt\/?post_type=product&#038;p=8976"},"modified":"2025-10-21T16:22:01","modified_gmt":"2025-10-21T13:22:01","slug":"perkant-l-karnitina-multivitaminai-dovanu","status":"publish","type":"product","link":"https:\/\/www.healthychoice.lt\/fr\/produktai\/perkant-l-karnitina-multivitaminai-dovanu\/","title":{"rendered":"Perkant L-Karnitin\u0105 &#8211; Multivitaminai DOVAN\u0172!"},"content":{"rendered":"<p><strong>L-CARNITINE AR\u00d4ME ORANGE <\/strong><\/p>\n<p>Contenu net 1000 ml<\/p>\n<p>La L-carnitine est un compos\u00e9 de vitamines et d'acides amin\u00e9s comparable aux vitamines B. Elle joue le r\u00f4le de transporteur d'acides gras vers la mitochondrie. Elle fonctionne comme un transporteur d'acides gras vers la mitochondrie. La L-carnitine agit comme un assistant pour aider \u00e0 br\u00fbler les graisses plus rapidement et \u00e0 perdre du poids naturellement. Des \u00e9tudes r\u00e9centes ont \u00e9galement montr\u00e9 que la L-carnitine contribue \u00e0 r\u00e9duire la fatigue, \u00e0 augmenter la masse corporelle et la masse musculaire, \u00e0 stabiliser le taux de sucre dans le sang et, en m\u00eame temps, \u00e0 r\u00e9duire le besoin d'hydrates de carbone. La carnitine aide \u00e0 mobiliser les r\u00e9serves de graisse, en particulier chez les personnes en surpoids.<\/p>\n<p>La L-carnitine a un d\u00e9licieux go\u00fbt d'orange, est exempte de colorants synth\u00e9tiques et d'exhausteurs de go\u00fbt, et est compos\u00e9e de tous les ingr\u00e9dients essentiels qui ont un effet positif sur le corps humain. Plus important encore, cette L-carnitine se pr\u00e9sente sous forme liquide, de sorte qu'elle sera absorb\u00e9e par l'organisme beaucoup plus rapidement et facilement. Ce compl\u00e9ment est extr\u00eamement riche en carnitine, avec 1667mg par portion (25ml) et 6668mg par 100ml.<\/p>\n<p><strong>Multivitamines et min\u00e9raux Healthy Choice 90 comprim\u00e9s.<\/strong><\/p>\n<p>Palaikyti normali\u0105 imunin\u0117s sistemos veikl\u0105 padeda Cinkas, Gele\u017eis, Selenas, Varis, Vitaminas A, Vitaminas D, Vitaminas B6, Vitaminas B12.<\/p>\n<p>La vitamine C contribue \u00e0 maintenir une fonction immunitaire normale pendant et apr\u00e8s un exercice physique intense.<\/p>\n<p>La biotine, la niacine, le magn\u00e9sium, la vitamine B6, la vitamine B12 et la vitamine C contribuent au maintien d'une fonction psychologique normale.<\/p>\n<p>La biotine, le zinc et le chrome contribuent \u00e0 maintenir un m\u00e9tabolisme normal des macronutriments.<\/p>\n<p>L'un des plus importants pour notre organisme est le zinc, qui contribue au maintien d'un m\u00e9tabolisme acido-basique normal, au m\u00e9tabolisme des glucides, au m\u00e9tabolisme des acides gras, \u00e0 la synth\u00e8se de l'ADN, au m\u00e9tabolisme de la vitamine A, aux niveaux de testost\u00e9rone, \u00e0 la fertilit\u00e9 et \u00e0 la reproduction.<\/p>\n<p>La biotine, le fer, le calcium, la niacine, le magn\u00e9sium, le mangan\u00e8se, l'iode, le cuivre et l'acide pantoth\u00e9nique, la vitamine B2, la vitamine B6, la vitamine B12 et la vitamine C contribuent au maintien d'un m\u00e9tabolisme \u00e9nerg\u00e9tique normal.<\/p>\n<p>La vitamine B2 et la vitamine A contribuent au maintien d'un m\u00e9tabolisme normal du fer, tandis que la vitamine C am\u00e9liore l'absorption du fer. Le cuivre favorise le transport normal du fer dans l'organisme.<\/p>\n<p>La biotine, la niacine, la vitamine A et la vitamine B2 contribuent au maintien de muqueuses normales.<\/p>\n<p>Le fer, la niacine, le magn\u00e9sium et l'acide pantoth\u00e9nique, la vitamine B2, la vitamine B6, la vitamine B12 et la vitamine C contribuent \u00e0 r\u00e9duire la fatigue.<\/p>","protected":false},"excerpt":{"rendered":"<p>Rinkinys: L-Karnitinas + Multivitaminai<\/p>","protected":false},"featured_media":8977,"template":"","meta":[],"product_brand":[],"product_cat":[52,99,28],"product_tag":[32,62,24,25,48],"class_list":{"0":"post-8976","1":"product","2":"type-product","3":"status-publish","4":"has-post-thumbnail","6":"product_cat-akcijos","7":"product_cat-l-karnitinas","8":"product_cat-rinkiniai","9":"product_tag-dovana","10":"product_tag-l-karnitinas","11":"product_tag-paprasti-produktai","12":"product_tag-rinkiniai","13":"product_tag-vitaminai","15":"first","16":"instock","17":"taxable","18":"shipping-taxable","19":"purchasable","20":"product-type-simple"},"yoast_head":"<!-- This site is optimized with the Yoast SEO plugin v27.5 - https:\/\/yoast.com\/product\/yoast-seo-wordpress\/ -->\n<title>Perkant L-Karnitin\u0105 - Multivitaminai DOVAN\u0172!| Healthy Choice<\/title>\n<meta name=\"robots\" content=\"index, follow, max-snippet:-1, max-image-preview:large, max-video-preview:-1\" \/>\n<link rel=\"canonical\" href=\"https:\/\/www.healthychoice.lt\/fr\/produktai\/perkant-l-karnitina-multivitaminai-dovanu\/\" \/>\n<meta property=\"og:locale\" content=\"fr_FR\" \/>\n<meta property=\"og:type\" content=\"article\" \/>\n<meta property=\"og:title\" content=\"Perkant L-Karnitin\u0105 - Multivitaminai DOVAN\u0172!| Healthy Choice\" \/>\n<meta property=\"og:description\" content=\"Rinkinys: L-Karnitinas + Multivitaminai\" \/>\n<meta property=\"og:url\" content=\"https:\/\/www.healthychoice.lt\/fr\/produktai\/perkant-l-karnitina-multivitaminai-dovanu\/\" \/>\n<meta property=\"og:site_name\" content=\"Healthy Choice\" \/>\n<meta property=\"article:publisher\" content=\"https:\/\/www.facebook.com\/healthychoice.world\/\" \/>\n<meta property=\"article:modified_time\" content=\"2025-10-21T13:22:01+00:00\" \/>\n<meta property=\"og:image\" content=\"https:\/\/www.healthychoice.lt\/wp-content\/uploads\/2024\/11\/compressed-grozis.png\" \/>\n\t<meta property=\"og:image:width\" content=\"1200\" \/>\n\t<meta property=\"og:image:height\" content=\"1200\" \/>\n\t<meta property=\"og:image:type\" content=\"image\/png\" \/>\n<meta name=\"twitter:card\" content=\"summary_large_image\" \/>\n<meta name=\"twitter:label1\" content=\"Dur\u00e9e de lecture estim\u00e9e\" \/>\n\t<meta name=\"twitter:data1\" content=\"2 minutes\" \/>\n<script type=\"application\/ld+json\" class=\"yoast-schema-graph\">{\"@context\":\"https:\\\/\\\/schema.org\",\"@graph\":[{\"@type\":\"WebPage\",\"@id\":\"https:\\\/\\\/www.healthychoice.lt\\\/produktai\\\/perkant-l-karnitina-multivitaminai-dovanu\\\/\",\"url\":\"https:\\\/\\\/www.healthychoice.lt\\\/produktai\\\/perkant-l-karnitina-multivitaminai-dovanu\\\/\",\"name\":\"Perkant L-Karnitin\u0105 - Multivitaminai DOVAN\u0172!| Healthy Choice\",\"isPartOf\":{\"@id\":\"https:\\\/\\\/www.healthychoice.lt\\\/es\\\/#website\"},\"primaryImageOfPage\":{\"@id\":\"https:\\\/\\\/www.healthychoice.lt\\\/produktai\\\/perkant-l-karnitina-multivitaminai-dovanu\\\/#primaryimage\"},\"image\":{\"@id\":\"https:\\\/\\\/www.healthychoice.lt\\\/produktai\\\/perkant-l-karnitina-multivitaminai-dovanu\\\/#primaryimage\"},\"thumbnailUrl\":\"https:\\\/\\\/www.healthychoice.lt\\\/wp-content\\\/uploads\\\/2024\\\/11\\\/compressed-grozis.png\",\"datePublished\":\"2021-12-30T11:57:01+00:00\",\"dateModified\":\"2025-10-21T13:22:01+00:00\",\"breadcrumb\":{\"@id\":\"https:\\\/\\\/www.healthychoice.lt\\\/produktai\\\/perkant-l-karnitina-multivitaminai-dovanu\\\/#breadcrumb\"},\"inLanguage\":\"fr-FR\",\"potentialAction\":[{\"@type\":\"ReadAction\",\"target\":[\"https:\\\/\\\/www.healthychoice.lt\\\/produktai\\\/perkant-l-karnitina-multivitaminai-dovanu\\\/\"]}]},{\"@type\":\"ImageObject\",\"inLanguage\":\"fr-FR\",\"@id\":\"https:\\\/\\\/www.healthychoice.lt\\\/produktai\\\/perkant-l-karnitina-multivitaminai-dovanu\\\/#primaryimage\",\"url\":\"https:\\\/\\\/www.healthychoice.lt\\\/wp-content\\\/uploads\\\/2024\\\/11\\\/compressed-grozis.png\",\"contentUrl\":\"https:\\\/\\\/www.healthychoice.lt\\\/wp-content\\\/uploads\\\/2024\\\/11\\\/compressed-grozis.png\",\"width\":1200,\"height\":1200},{\"@type\":\"BreadcrumbList\",\"@id\":\"https:\\\/\\\/www.healthychoice.lt\\\/produktai\\\/perkant-l-karnitina-multivitaminai-dovanu\\\/#breadcrumb\",\"itemListElement\":[{\"@type\":\"ListItem\",\"position\":1,\"name\":\"Home\",\"item\":\"https:\\\/\\\/www.healthychoice.lt\\\/\"},{\"@type\":\"ListItem\",\"position\":2,\"name\":\"Produktai\",\"item\":\"https:\\\/\\\/www.healthychoice.lt\\\/es\\\/produktai\\\/\"},{\"@type\":\"ListItem\",\"position\":3,\"name\":\"Perkant L-Karnitin\u0105 &#8211; Multivitaminai DOVAN\u0172!\"}]},{\"@type\":\"WebSite\",\"@id\":\"https:\\\/\\\/www.healthychoice.lt\\\/es\\\/#website\",\"url\":\"https:\\\/\\\/www.healthychoice.lt\\\/es\\\/\",\"name\":\"Healthy Choice\",\"description\":\"Mityba, kuria gali pasitik\u0117ti!\",\"alternateName\":\"Healthychoice\",\"potentialAction\":[{\"@type\":\"SearchAction\",\"target\":{\"@type\":\"EntryPoint\",\"urlTemplate\":\"https:\\\/\\\/www.healthychoice.lt\\\/es\\\/?s={search_term_string}\"},\"query-input\":{\"@type\":\"PropertyValueSpecification\",\"valueRequired\":true,\"valueName\":\"search_term_string\"}}],\"inLanguage\":\"fr-FR\"}]}<\/script>\n<!-- \/ Yoast SEO plugin. -->","yoast_head_json":{"title":"Perkant L-Karnitin\u0105 - Multivitaminai DOVAN\u0172!| Healthy Choice","robots":{"index":"index","follow":"follow","max-snippet":"max-snippet:-1","max-image-preview":"max-image-preview:large","max-video-preview":"max-video-preview:-1"},"canonical":"https:\/\/www.healthychoice.lt\/fr\/produktai\/perkant-l-karnitina-multivitaminai-dovanu\/","og_locale":"fr_FR","og_type":"article","og_title":"Perkant L-Karnitin\u0105 - Multivitaminai DOVAN\u0172!| Healthy Choice","og_description":"Rinkinys: L-Karnitinas + Multivitaminai","og_url":"https:\/\/www.healthychoice.lt\/fr\/produktai\/perkant-l-karnitina-multivitaminai-dovanu\/","og_site_name":"Healthy Choice","article_publisher":"https:\/\/www.facebook.com\/healthychoice.world\/","article_modified_time":"2025-10-21T13:22:01+00:00","og_image":[{"width":1200,"height":1200,"url":"https:\/\/www.healthychoice.lt\/wp-content\/uploads\/2024\/11\/compressed-grozis.png","type":"image\/png"}],"twitter_card":"summary_large_image","twitter_misc":{"Dur\u00e9e de lecture estim\u00e9e":"2 minutes"},"schema":{"@context":"https:\/\/schema.org","@graph":[{"@type":"WebPage","@id":"https:\/\/www.healthychoice.lt\/produktai\/perkant-l-karnitina-multivitaminai-dovanu\/","url":"https:\/\/www.healthychoice.lt\/produktai\/perkant-l-karnitina-multivitaminai-dovanu\/","name":"Perkant L-Karnitin\u0105 - Multivitaminai DOVAN\u0172!| Healthy Choice","isPartOf":{"@id":"https:\/\/www.healthychoice.lt\/es\/#website"},"primaryImageOfPage":{"@id":"https:\/\/www.healthychoice.lt\/produktai\/perkant-l-karnitina-multivitaminai-dovanu\/#primaryimage"},"image":{"@id":"https:\/\/www.healthychoice.lt\/produktai\/perkant-l-karnitina-multivitaminai-dovanu\/#primaryimage"},"thumbnailUrl":"https:\/\/www.healthychoice.lt\/wp-content\/uploads\/2024\/11\/compressed-grozis.png","datePublished":"2021-12-30T11:57:01+00:00","dateModified":"2025-10-21T13:22:01+00:00","breadcrumb":{"@id":"https:\/\/www.healthychoice.lt\/produktai\/perkant-l-karnitina-multivitaminai-dovanu\/#breadcrumb"},"inLanguage":"fr-FR","potentialAction":[{"@type":"ReadAction","target":["https:\/\/www.healthychoice.lt\/produktai\/perkant-l-karnitina-multivitaminai-dovanu\/"]}]},{"@type":"ImageObject","inLanguage":"fr-FR","@id":"https:\/\/www.healthychoice.lt\/produktai\/perkant-l-karnitina-multivitaminai-dovanu\/#primaryimage","url":"https:\/\/www.healthychoice.lt\/wp-content\/uploads\/2024\/11\/compressed-grozis.png","contentUrl":"https:\/\/www.healthychoice.lt\/wp-content\/uploads\/2024\/11\/compressed-grozis.png","width":1200,"height":1200},{"@type":"BreadcrumbList","@id":"https:\/\/www.healthychoice.lt\/produktai\/perkant-l-karnitina-multivitaminai-dovanu\/#breadcrumb","itemListElement":[{"@type":"ListItem","position":1,"name":"Home","item":"https:\/\/www.healthychoice.lt\/"},{"@type":"ListItem","position":2,"name":"Produktai","item":"https:\/\/www.healthychoice.lt\/es\/produktai\/"},{"@type":"ListItem","position":3,"name":"Perkant L-Karnitin\u0105 &#8211; Multivitaminai DOVAN\u0172!"}]},{"@type":"WebSite","@id":"https:\/\/www.healthychoice.lt\/es\/#website","url":"https:\/\/www.healthychoice.lt\/es\/","name":"Le choix de la sant\u00e9","description":"Mityba, kuria gali pasitik\u0117ti!","alternateName":"Healthychoice","potentialAction":[{"@type":"SearchAction","target":{"@type":"EntryPoint","urlTemplate":"https:\/\/www.healthychoice.lt\/es\/?s={search_term_string}"},"query-input":{"@type":"PropertyValueSpecification","valueRequired":true,"valueName":"search_term_string"}}],"inLanguage":"fr-FR"}]}},"_links":{"self":[{"href":"https:\/\/www.healthychoice.lt\/fr\/wp-json\/wp\/v2\/product\/8976","targetHints":{"allow":["GET"]}}],"collection":[{"href":"https:\/\/www.healthychoice.lt\/fr\/wp-json\/wp\/v2\/product"}],"about":[{"href":"https:\/\/www.healthychoice.lt\/fr\/wp-json\/wp\/v2\/types\/product"}],"wp:featuredmedia":[{"embeddable":true,"href":"https:\/\/www.healthychoice.lt\/fr\/wp-json\/wp\/v2\/media\/8977"}],"wp:attachment":[{"href":"https:\/\/www.healthychoice.lt\/fr\/wp-json\/wp\/v2\/media?parent=8976"}],"wp:term":[{"taxonomy":"product_brand","embeddable":true,"href":"https:\/\/www.healthychoice.lt\/fr\/wp-json\/wp\/v2\/product_brand?post=8976"},{"taxonomy":"product_cat","embeddable":true,"href":"https:\/\/www.healthychoice.lt\/fr\/wp-json\/wp\/v2\/product_cat?post=8976"},{"taxonomy":"product_tag","embeddable":true,"href":"https:\/\/www.healthychoice.lt\/fr\/wp-json\/wp\/v2\/product_tag?post=8976"}],"curies":[{"name":"wp","href":"https:\/\/api.w.org\/{rel}","templated":true}]}}