{"id":8974,"date":"2021-12-30T13:57:18","date_gmt":"2021-12-30T11:57:18","guid":{"rendered":"https:\/\/www.healthychoice.lt\/?post_type=product&#038;p=8974"},"modified":"2025-08-21T18:48:42","modified_gmt":"2025-08-21T15:48:42","slug":"perkant-l-karnitina-grozio-vitaminai-dovanu","status":"publish","type":"product","link":"https:\/\/www.healthychoice.lt\/fr\/produktai\/perkant-l-karnitina-grozio-vitaminai-dovanu\/","title":{"rendered":"Perkant L-Karnitin\u0105 &#8211; Gro\u017eio vitaminai DOVAN\u0172!"},"content":{"rendered":"<p><strong>L-CARNITINE AR\u00d4ME ORANGE <\/strong><\/p>\n<p>Contenu net 1000 ml<\/p>\n<p>La L-carnitine est un compos\u00e9 de vitamines et d'acides amin\u00e9s comparable aux vitamines B. Elle joue le r\u00f4le de transporteur d'acides gras vers la mitochondrie. Elle fonctionne comme un transporteur d'acides gras vers la mitochondrie. La L-carnitine agit comme un assistant pour aider \u00e0 br\u00fbler les graisses plus rapidement et \u00e0 perdre du poids naturellement. Des \u00e9tudes r\u00e9centes ont \u00e9galement montr\u00e9 que la L-carnitine contribue \u00e0 r\u00e9duire la fatigue, \u00e0 augmenter la masse corporelle et la masse musculaire, \u00e0 stabiliser le taux de sucre dans le sang et, en m\u00eame temps, \u00e0 r\u00e9duire le besoin d'hydrates de carbone. La carnitine aide \u00e0 mobiliser les r\u00e9serves de graisse, en particulier chez les personnes en surpoids.<\/p>\n<p>La L-carnitine a un d\u00e9licieux go\u00fbt d'orange, est exempte de colorants synth\u00e9tiques et d'exhausteurs de go\u00fbt, et est compos\u00e9e de tous les ingr\u00e9dients essentiels qui ont un effet positif sur le corps humain. Plus important encore, cette L-carnitine se pr\u00e9sente sous forme liquide, de sorte qu'elle sera absorb\u00e9e par l'organisme beaucoup plus rapidement et facilement. Ce compl\u00e9ment est extr\u00eamement riche en carnitine, avec 1667mg par portion (25ml) et 6668mg par 100ml.<\/p>\n<p><strong>Beauty vitamins Healthy Choice 60 comprim\u00e9s<\/strong><\/p>\n<p>\"Healthy Choice Beauty Vitamin Complex est sp\u00e9cialement formul\u00e9 pour la peau, les cheveux et les ongles.<\/p>\n<p>Le s\u00e9l\u00e9nium est un micronutriment tr\u00e8s important, tr\u00e8s appr\u00e9ci\u00e9 pour ses effets antioxydants et sa capacit\u00e9 inh\u00e9rente \u00e0 ralentir le vieillissement pr\u00e9matur\u00e9. Le zinc, le s\u00e9l\u00e9nium, l'iode, les vitamines A, B2 et B3, ainsi que la biotine, constituent la combinaison parfaite pour maintenir des cheveux, des ongles et une peau normaux. La choline et la b\u00e9ta\u00efne stimulent le m\u00e9tabolisme et limitent l'accumulation de graisses dans le foie. Le fer contribue au transport normal de l'oxyg\u00e8ne dans l'organisme. Le magn\u00e9sium favorise les r\u00e9actions biochimiques, augmente l'endurance et aide \u00e0 surmonter la d\u00e9pression et les sautes d'humeur. Le phosphore contribue au maintien d'une fonction cellulaire normale. La vitamine B6, associ\u00e9e \u00e0 d'autres vitamines B, au magn\u00e9sium et au zinc, am\u00e9liore le fonctionnement du cerveau et du syst\u00e8me nerveux, aide \u00e0 contr\u00f4ler les allergies, joue un r\u00f4le important dans la production d'\u00e9nergie dans les cellules et dans la protection de l'organisme contre les infections.<\/p>","protected":false},"excerpt":{"rendered":"<p>Rinkinys: L-Karnitinas + Gro\u017eio vitaminai<\/p>","protected":false},"featured_media":8975,"template":"","meta":[],"product_brand":[],"product_cat":[52,99,28],"product_tag":[32,62,24,25,48],"class_list":{"0":"post-8974","1":"product","2":"type-product","3":"status-publish","4":"has-post-thumbnail","6":"product_cat-akcijos","7":"product_cat-l-karnitinas","8":"product_cat-rinkiniai","9":"product_tag-dovana","10":"product_tag-l-karnitinas","11":"product_tag-paprasti-produktai","12":"product_tag-rinkiniai","13":"product_tag-vitaminai","15":"first","16":"instock","17":"taxable","18":"shipping-taxable","19":"purchasable","20":"product-type-simple"},"yoast_head":"<!-- This site is optimized with the Yoast SEO plugin v27.5 - https:\/\/yoast.com\/product\/yoast-seo-wordpress\/ -->\n<title>Perkant L-Karnitin\u0105 - Gro\u017eio vitaminai DOVAN\u0172!| Healthy Choice<\/title>\n<meta name=\"robots\" content=\"index, follow, max-snippet:-1, max-image-preview:large, max-video-preview:-1\" \/>\n<link rel=\"canonical\" href=\"https:\/\/www.healthychoice.lt\/fr\/produktai\/perkant-l-karnitina-grozio-vitaminai-dovanu\/\" \/>\n<meta property=\"og:locale\" content=\"fr_FR\" \/>\n<meta property=\"og:type\" content=\"article\" \/>\n<meta property=\"og:title\" content=\"Perkant L-Karnitin\u0105 - Gro\u017eio vitaminai DOVAN\u0172!| Healthy Choice\" \/>\n<meta property=\"og:description\" content=\"Rinkinys: L-Karnitinas + Gro\u017eio vitaminai\" \/>\n<meta property=\"og:url\" content=\"https:\/\/www.healthychoice.lt\/fr\/produktai\/perkant-l-karnitina-grozio-vitaminai-dovanu\/\" \/>\n<meta property=\"og:site_name\" content=\"Healthy Choice\" \/>\n<meta property=\"article:publisher\" content=\"https:\/\/www.facebook.com\/healthychoice.world\/\" \/>\n<meta property=\"article:modified_time\" content=\"2025-08-21T15:48:42+00:00\" \/>\n<meta property=\"og:image\" content=\"https:\/\/www.healthychoice.lt\/wp-content\/uploads\/2024\/11\/cia-actual-grozis-mb.png\" \/>\n\t<meta property=\"og:image:width\" content=\"1200\" \/>\n\t<meta property=\"og:image:height\" content=\"1200\" \/>\n\t<meta property=\"og:image:type\" content=\"image\/png\" \/>\n<meta name=\"twitter:card\" content=\"summary_large_image\" \/>\n<meta name=\"twitter:label1\" content=\"Dur\u00e9e de lecture estim\u00e9e\" \/>\n\t<meta name=\"twitter:data1\" content=\"1 minute\" \/>\n<script type=\"application\/ld+json\" class=\"yoast-schema-graph\">{\"@context\":\"https:\\\/\\\/schema.org\",\"@graph\":[{\"@type\":\"WebPage\",\"@id\":\"https:\\\/\\\/www.healthychoice.lt\\\/produktai\\\/perkant-l-karnitina-grozio-vitaminai-dovanu\\\/\",\"url\":\"https:\\\/\\\/www.healthychoice.lt\\\/produktai\\\/perkant-l-karnitina-grozio-vitaminai-dovanu\\\/\",\"name\":\"Perkant L-Karnitin\u0105 - Gro\u017eio vitaminai DOVAN\u0172!| Healthy Choice\",\"isPartOf\":{\"@id\":\"https:\\\/\\\/www.healthychoice.lt\\\/es\\\/#website\"},\"primaryImageOfPage\":{\"@id\":\"https:\\\/\\\/www.healthychoice.lt\\\/produktai\\\/perkant-l-karnitina-grozio-vitaminai-dovanu\\\/#primaryimage\"},\"image\":{\"@id\":\"https:\\\/\\\/www.healthychoice.lt\\\/produktai\\\/perkant-l-karnitina-grozio-vitaminai-dovanu\\\/#primaryimage\"},\"thumbnailUrl\":\"https:\\\/\\\/www.healthychoice.lt\\\/wp-content\\\/uploads\\\/2024\\\/11\\\/cia-actual-grozis-mb.png\",\"datePublished\":\"2021-12-30T11:57:18+00:00\",\"dateModified\":\"2025-08-21T15:48:42+00:00\",\"breadcrumb\":{\"@id\":\"https:\\\/\\\/www.healthychoice.lt\\\/produktai\\\/perkant-l-karnitina-grozio-vitaminai-dovanu\\\/#breadcrumb\"},\"inLanguage\":\"fr-FR\",\"potentialAction\":[{\"@type\":\"ReadAction\",\"target\":[\"https:\\\/\\\/www.healthychoice.lt\\\/produktai\\\/perkant-l-karnitina-grozio-vitaminai-dovanu\\\/\"]}]},{\"@type\":\"ImageObject\",\"inLanguage\":\"fr-FR\",\"@id\":\"https:\\\/\\\/www.healthychoice.lt\\\/produktai\\\/perkant-l-karnitina-grozio-vitaminai-dovanu\\\/#primaryimage\",\"url\":\"https:\\\/\\\/www.healthychoice.lt\\\/wp-content\\\/uploads\\\/2024\\\/11\\\/cia-actual-grozis-mb.png\",\"contentUrl\":\"https:\\\/\\\/www.healthychoice.lt\\\/wp-content\\\/uploads\\\/2024\\\/11\\\/cia-actual-grozis-mb.png\",\"width\":1200,\"height\":1200},{\"@type\":\"BreadcrumbList\",\"@id\":\"https:\\\/\\\/www.healthychoice.lt\\\/produktai\\\/perkant-l-karnitina-grozio-vitaminai-dovanu\\\/#breadcrumb\",\"itemListElement\":[{\"@type\":\"ListItem\",\"position\":1,\"name\":\"Home\",\"item\":\"https:\\\/\\\/www.healthychoice.lt\\\/\"},{\"@type\":\"ListItem\",\"position\":2,\"name\":\"Produktai\",\"item\":\"https:\\\/\\\/www.healthychoice.lt\\\/es\\\/produktai\\\/\"},{\"@type\":\"ListItem\",\"position\":3,\"name\":\"Perkant L-Karnitin\u0105 &#8211; Gro\u017eio vitaminai DOVAN\u0172!\"}]},{\"@type\":\"WebSite\",\"@id\":\"https:\\\/\\\/www.healthychoice.lt\\\/es\\\/#website\",\"url\":\"https:\\\/\\\/www.healthychoice.lt\\\/es\\\/\",\"name\":\"Healthy Choice\",\"description\":\"Mityba, kuria gali pasitik\u0117ti!\",\"alternateName\":\"Healthychoice\",\"potentialAction\":[{\"@type\":\"SearchAction\",\"target\":{\"@type\":\"EntryPoint\",\"urlTemplate\":\"https:\\\/\\\/www.healthychoice.lt\\\/es\\\/?s={search_term_string}\"},\"query-input\":{\"@type\":\"PropertyValueSpecification\",\"valueRequired\":true,\"valueName\":\"search_term_string\"}}],\"inLanguage\":\"fr-FR\"}]}<\/script>\n<!-- \/ Yoast SEO plugin. -->","yoast_head_json":{"title":"Perkant L-Karnitin\u0105 - Gro\u017eio vitaminai DOVAN\u0172!| Healthy Choice","robots":{"index":"index","follow":"follow","max-snippet":"max-snippet:-1","max-image-preview":"max-image-preview:large","max-video-preview":"max-video-preview:-1"},"canonical":"https:\/\/www.healthychoice.lt\/fr\/produktai\/perkant-l-karnitina-grozio-vitaminai-dovanu\/","og_locale":"fr_FR","og_type":"article","og_title":"Perkant L-Karnitin\u0105 - Gro\u017eio vitaminai DOVAN\u0172!| Healthy Choice","og_description":"Rinkinys: L-Karnitinas + Gro\u017eio vitaminai","og_url":"https:\/\/www.healthychoice.lt\/fr\/produktai\/perkant-l-karnitina-grozio-vitaminai-dovanu\/","og_site_name":"Healthy Choice","article_publisher":"https:\/\/www.facebook.com\/healthychoice.world\/","article_modified_time":"2025-08-21T15:48:42+00:00","og_image":[{"width":1200,"height":1200,"url":"https:\/\/www.healthychoice.lt\/wp-content\/uploads\/2024\/11\/cia-actual-grozis-mb.png","type":"image\/png"}],"twitter_card":"summary_large_image","twitter_misc":{"Dur\u00e9e de lecture estim\u00e9e":"1 minute"},"schema":{"@context":"https:\/\/schema.org","@graph":[{"@type":"WebPage","@id":"https:\/\/www.healthychoice.lt\/produktai\/perkant-l-karnitina-grozio-vitaminai-dovanu\/","url":"https:\/\/www.healthychoice.lt\/produktai\/perkant-l-karnitina-grozio-vitaminai-dovanu\/","name":"Perkant L-Karnitin\u0105 - Gro\u017eio vitaminai DOVAN\u0172!| Healthy Choice","isPartOf":{"@id":"https:\/\/www.healthychoice.lt\/es\/#website"},"primaryImageOfPage":{"@id":"https:\/\/www.healthychoice.lt\/produktai\/perkant-l-karnitina-grozio-vitaminai-dovanu\/#primaryimage"},"image":{"@id":"https:\/\/www.healthychoice.lt\/produktai\/perkant-l-karnitina-grozio-vitaminai-dovanu\/#primaryimage"},"thumbnailUrl":"https:\/\/www.healthychoice.lt\/wp-content\/uploads\/2024\/11\/cia-actual-grozis-mb.png","datePublished":"2021-12-30T11:57:18+00:00","dateModified":"2025-08-21T15:48:42+00:00","breadcrumb":{"@id":"https:\/\/www.healthychoice.lt\/produktai\/perkant-l-karnitina-grozio-vitaminai-dovanu\/#breadcrumb"},"inLanguage":"fr-FR","potentialAction":[{"@type":"ReadAction","target":["https:\/\/www.healthychoice.lt\/produktai\/perkant-l-karnitina-grozio-vitaminai-dovanu\/"]}]},{"@type":"ImageObject","inLanguage":"fr-FR","@id":"https:\/\/www.healthychoice.lt\/produktai\/perkant-l-karnitina-grozio-vitaminai-dovanu\/#primaryimage","url":"https:\/\/www.healthychoice.lt\/wp-content\/uploads\/2024\/11\/cia-actual-grozis-mb.png","contentUrl":"https:\/\/www.healthychoice.lt\/wp-content\/uploads\/2024\/11\/cia-actual-grozis-mb.png","width":1200,"height":1200},{"@type":"BreadcrumbList","@id":"https:\/\/www.healthychoice.lt\/produktai\/perkant-l-karnitina-grozio-vitaminai-dovanu\/#breadcrumb","itemListElement":[{"@type":"ListItem","position":1,"name":"Home","item":"https:\/\/www.healthychoice.lt\/"},{"@type":"ListItem","position":2,"name":"Produktai","item":"https:\/\/www.healthychoice.lt\/es\/produktai\/"},{"@type":"ListItem","position":3,"name":"Perkant L-Karnitin\u0105 &#8211; Gro\u017eio vitaminai DOVAN\u0172!"}]},{"@type":"WebSite","@id":"https:\/\/www.healthychoice.lt\/es\/#website","url":"https:\/\/www.healthychoice.lt\/es\/","name":"Le choix de la sant\u00e9","description":"Mityba, kuria gali pasitik\u0117ti!","alternateName":"Healthychoice","potentialAction":[{"@type":"SearchAction","target":{"@type":"EntryPoint","urlTemplate":"https:\/\/www.healthychoice.lt\/es\/?s={search_term_string}"},"query-input":{"@type":"PropertyValueSpecification","valueRequired":true,"valueName":"search_term_string"}}],"inLanguage":"fr-FR"}]}},"_links":{"self":[{"href":"https:\/\/www.healthychoice.lt\/fr\/wp-json\/wp\/v2\/product\/8974","targetHints":{"allow":["GET"]}}],"collection":[{"href":"https:\/\/www.healthychoice.lt\/fr\/wp-json\/wp\/v2\/product"}],"about":[{"href":"https:\/\/www.healthychoice.lt\/fr\/wp-json\/wp\/v2\/types\/product"}],"wp:featuredmedia":[{"embeddable":true,"href":"https:\/\/www.healthychoice.lt\/fr\/wp-json\/wp\/v2\/media\/8975"}],"wp:attachment":[{"href":"https:\/\/www.healthychoice.lt\/fr\/wp-json\/wp\/v2\/media?parent=8974"}],"wp:term":[{"taxonomy":"product_brand","embeddable":true,"href":"https:\/\/www.healthychoice.lt\/fr\/wp-json\/wp\/v2\/product_brand?post=8974"},{"taxonomy":"product_cat","embeddable":true,"href":"https:\/\/www.healthychoice.lt\/fr\/wp-json\/wp\/v2\/product_cat?post=8974"},{"taxonomy":"product_tag","embeddable":true,"href":"https:\/\/www.healthychoice.lt\/fr\/wp-json\/wp\/v2\/product_tag?post=8974"}],"curies":[{"name":"wp","href":"https:\/\/api.w.org\/{rel}","templated":true}]}}