{"id":8972,"date":"2020-02-01T10:10:07","date_gmt":"2020-02-01T08:10:07","guid":{"rendered":"https:\/\/www.healthychoice.lt\/?post_type=product&#038;p=8972"},"modified":"2026-04-30T19:02:17","modified_gmt":"2026-04-30T16:02:17","slug":"kristinos-pusryciu-rinkinys","status":"publish","type":"product","link":"https:\/\/www.healthychoice.lt\/fr\/produktai\/kristinos-pusryciu-rinkinys\/","title":{"rendered":"KRISTINOS ,,PUSRY\u010cI\u0172\u201c RINKINYS"},"content":{"rendered":"<h2 style=\"text-align: center;\">\u00c0 propos de la p\u00e2te \u00e0 tartiner aux arachides HEALTHY CHOICE<\/h2>\n<div class=\"row\"  id=\"row-1958418032\">\n\n\t<div id=\"col-1327854915\" class=\"col medium-6 small-12 large-6\"  >\n\t\t\t\t<div class=\"col-inner\"  >\n\t\t\t\n\t\t\t\n<p>P\u00e2te \u00e0 tartiner \u00e0 base de cacahu\u00e8tes <strong>\"UN CHOIX SAIN\"<\/strong> est la meilleure qualit\u00e9 de prot\u00e9ines v\u00e9g\u00e9tales. Il s'agit d'un produit savoureux et de haute qualit\u00e9, fabriqu\u00e9 \u00e0 partir de mati\u00e8res premi\u00e8res naturelles sans utiliser d'ar\u00f4mes artificiels, d'exhausteurs de go\u00fbt, de graisses, d'additifs synth\u00e9tiques et de colorants.<\/p>\n<p>Il est fabriqu\u00e9 \u00e0 partir des meilleures arachides, riches en VITAMINES et en MIN\u00c9RAUX tels que le sodium, le calcium, le magn\u00e9sium et le potassium. Il est obtenu en grillant les cacahu\u00e8tes avec leur coque, puis en les broyant pour obtenir un merveilleux go\u00fbt croquant, tout en pr\u00e9servant la structure inchang\u00e9e des prot\u00e9ines et des graisses.<\/p>\n<p>Les fibres assurent un bon transit intestinal et procurent une sensation de sati\u00e9t\u00e9 qui r\u00e9duit les envies de grignotages inutiles et de sucreries.<\/p>\n\t\t<\/div>\n\t\t\t\t\t<\/div>\n\n\t\n\n\t<div id=\"col-2098972423\" class=\"col medium-6 small-12 large-6\"  >\n\t\t\t\t<div class=\"col-inner\"  >\n\t\t\t\n\t\t\t\n<p><strong>Les principaux avantages de HEALTHY CHOICE - 100% Peanut Spread :<\/strong><\/p>\n<ul>\n<li>Fabriqu\u00e9 \u00e0 partir de cacahu\u00e8tes 100% ;<\/li>\n<li>Il ne contient pas de sucre, de sel ou d'huile ajout\u00e9s ;<\/li>\n<li>Sans \u00e9dulcorant, colorant ou additif ;<\/li>\n<li>Pas d'additifs synth\u00e9tiques ni de conservateurs ;<\/li>\n<li>Haute valeur biologique pr\u00e9serv\u00e9e ;<\/li>\n<li>Am\u00e9liore les performances globales ;<\/li>\n<li>Excellent complexe d'acides gras insatur\u00e9s :\n<ul>\n<li>contient des graisses mono-insatur\u00e9es ;<\/li>\n<li>contient des graisses poly-insatur\u00e9es ;<\/li>\n<li>dont les acides gras essentiels linol\u00e9ique et alpha-linol\u00e9nique (AGE)<\/li>\n<\/ul>\n<\/li>\n<li>Contient des acides gras om\u00e9ga-6, essentiels au maintien des fonctions c\u00e9r\u00e9brales et cardiaques, ainsi qu'\u00e0 une croissance et un d\u00e9veloppement normaux ;<\/li>\n<li>Contient des vitamines et des min\u00e9raux : sodium, calcium, magn\u00e9sium, potassium ;<\/li>\n<li>Aide \u00e0 pr\u00e9server la masse musculaire ;<\/li>\n<li>Convient aux athl\u00e8tes ;<\/li>\n<li>Convient aux enfants et aux femmes enceintes ;<\/li>\n<li>Convient aux v\u00e9g\u00e9tariens et aux v\u00e9g\u00e9taliens ;<\/li>\n<li>Fabriqu\u00e9 en Lituanie ;<\/li>\n<\/ul>\n\t\t<\/div>\n\t\t\t\t\t<\/div>\n\n\t\n<\/div>\n<h2 class=\"text-white\" style=\"text-align: center;\">A propos du concentr\u00e9 prot\u00e9ique HEALTHY CHOICE<\/h2>\n<p>Concentr\u00e9 de prot\u00e9ines de lactos\u00e9rum facilement soluble, 100 % <strong>\"UN CHOIX SAIN\"<\/strong> est une prot\u00e9ine d'ultrafiltration de haute qualit\u00e9, \u00e0 basse temp\u00e9rature, dont la structure prot\u00e9ique n'a pas \u00e9t\u00e9 modifi\u00e9e et dont la valeur biologique (VB) des prot\u00e9ines a \u00e9t\u00e9 pr\u00e9serv\u00e9e.<\/p>\n<p>La prot\u00e9ine de lactos\u00e9rum lituanienne a fait l'objet d'une analyse tr\u00e8s d\u00e9taill\u00e9e de sa composition, de son emballage et de la demande du march\u00e9 sur une p\u00e9riode d'un an et demi avant de pouvoir \u00eatre produite, commercialis\u00e9e et distribu\u00e9e. Les projets pilotes <strong>\"UN CHOIX SAIN\"<\/strong> ont \u00e9t\u00e9 test\u00e9s par les athl\u00e8tes et les di\u00e9t\u00e9ticiens les plus c\u00e9l\u00e8bres de Lituanie, et les avantages des prot\u00e9ines naturelles ont \u00e9t\u00e9 reconnus. Apr\u00e8s avoir examin\u00e9 la composition des produits \u00e9trangers existants et men\u00e9 des recherches scientifiques approfondies, il a \u00e9t\u00e9 conclu que de nombreux produits prot\u00e9in\u00e9s n'\u00e9taient pas naturels et contenaient divers ar\u00f4mes \u00e0 base de compos\u00e9s chimiques, des \u00e9dulcorants dangereux, des colorants, etc.<\/p>\n<p>Il est important de noter que nous n'utilisons que de la l\u00e9cithine de tournesol comme \u00e9mulsifiant afin d'am\u00e9liorer la solubilit\u00e9 de notre produit. De nombreux fabricants pr\u00e9f\u00e8rent la l\u00e9cithine de soja, principalement parce qu'elle est moins ch\u00e8re. Cependant, le soja est un allerg\u00e8ne et de nombreuses personnes y sont allergiques. En outre, l'industrie du soja utilise souvent des produits g\u00e9n\u00e9tiquement modifi\u00e9s et des produits chimiques dangereux pour produire la l\u00e9cithine de soja.<\/p>\n<p>Contrairement au soja, les tournesols ne sont pas g\u00e9n\u00e9tiquement modifi\u00e9s, ils sont cultiv\u00e9s naturellement et la l\u00e9cithine de tournesol est produite par pression \u00e0 froid pour s\u00e9parer les fractions, comme pour l'huile d'olive, sans utilisation de produits chimiques.<\/p>\n<p>Nous consultons r\u00e9guli\u00e8rement des athl\u00e8tes professionnels, des entra\u00eeneurs et des di\u00e9t\u00e9ticiens sur les sujets suivants <strong>\"UN CHOIX SAIN\"<\/strong> et d'en extraire les qualit\u00e9s les plus pr\u00e9cieuses.<\/p>","protected":false},"excerpt":{"rendered":"<p>Krep\u0161elio sud\u0117tis ( I\u0161r\u016bg\u0173 baltymas bra\u0161ki\u0173 skonio + \u017eem\u0117s rie\u0161ut\u0173 u\u017etepas 250g.)<\/p>","protected":false},"featured_media":9000,"template":"","meta":[],"product_brand":[],"product_cat":[52,101,28],"product_tag":[24,25],"class_list":{"0":"post-8972","1":"product","2":"type-product","3":"status-publish","4":"has-post-thumbnail","6":"product_cat-akcijos","7":"product_cat-riesutu-produktai","8":"product_cat-rinkiniai","9":"product_tag-paprasti-produktai","10":"product_tag-rinkiniai","12":"first","13":"instock","14":"sale","15":"taxable","16":"shipping-taxable","17":"purchasable","18":"product-type-simple"},"yoast_head":"<!-- This site is optimized with the Yoast SEO plugin v27.5 - https:\/\/yoast.com\/product\/yoast-seo-wordpress\/ -->\n<title>KRISTINOS ,,PUSRY\u010cI\u0172\u201c RINKINYS| Healthy Choice<\/title>\n<meta name=\"robots\" content=\"index, follow, max-snippet:-1, max-image-preview:large, max-video-preview:-1\" \/>\n<link rel=\"canonical\" href=\"https:\/\/www.healthychoice.lt\/fr\/produktai\/kristinos-pusryciu-rinkinys\/\" \/>\n<meta property=\"og:locale\" content=\"fr_FR\" \/>\n<meta property=\"og:type\" content=\"article\" \/>\n<meta property=\"og:title\" content=\"KRISTINOS ,,PUSRY\u010cI\u0172\u201c RINKINYS| Healthy Choice\" \/>\n<meta property=\"og:description\" content=\"Krep\u0161elio sud\u0117tis ( I\u0161r\u016bg\u0173 baltymas bra\u0161ki\u0173 skonio + \u017eem\u0117s rie\u0161ut\u0173 u\u017etepas 250g.)\" \/>\n<meta property=\"og:url\" content=\"https:\/\/www.healthychoice.lt\/fr\/produktai\/kristinos-pusryciu-rinkinys\/\" \/>\n<meta property=\"og:site_name\" content=\"Healthy Choice\" \/>\n<meta property=\"article:publisher\" content=\"https:\/\/www.facebook.com\/healthychoice.world\/\" \/>\n<meta property=\"article:modified_time\" content=\"2026-04-30T16:02:17+00:00\" \/>\n<meta property=\"og:image\" content=\"https:\/\/www.healthychoice.lt\/wp-content\/uploads\/2024\/11\/PhotoCut1.png\" \/>\n\t<meta property=\"og:image:width\" content=\"1440\" \/>\n\t<meta property=\"og:image:height\" content=\"1440\" \/>\n\t<meta property=\"og:image:type\" content=\"image\/png\" \/>\n<meta name=\"twitter:card\" content=\"summary_large_image\" \/>\n<meta name=\"twitter:label1\" content=\"Dur\u00e9e de lecture estim\u00e9e\" \/>\n\t<meta name=\"twitter:data1\" content=\"3 minutes\" \/>\n<script type=\"application\/ld+json\" class=\"yoast-schema-graph\">{\"@context\":\"https:\\\/\\\/schema.org\",\"@graph\":[{\"@type\":\"WebPage\",\"@id\":\"https:\\\/\\\/www.healthychoice.lt\\\/produktai\\\/kristinos-pusryciu-rinkinys\\\/\",\"url\":\"https:\\\/\\\/www.healthychoice.lt\\\/produktai\\\/kristinos-pusryciu-rinkinys\\\/\",\"name\":\"KRISTINOS ,,PUSRY\u010cI\u0172\u201c RINKINYS| Healthy Choice\",\"isPartOf\":{\"@id\":\"https:\\\/\\\/www.healthychoice.lt\\\/es\\\/#website\"},\"primaryImageOfPage\":{\"@id\":\"https:\\\/\\\/www.healthychoice.lt\\\/produktai\\\/kristinos-pusryciu-rinkinys\\\/#primaryimage\"},\"image\":{\"@id\":\"https:\\\/\\\/www.healthychoice.lt\\\/produktai\\\/kristinos-pusryciu-rinkinys\\\/#primaryimage\"},\"thumbnailUrl\":\"https:\\\/\\\/www.healthychoice.lt\\\/wp-content\\\/uploads\\\/2024\\\/11\\\/PhotoCut1.png\",\"datePublished\":\"2020-02-01T08:10:07+00:00\",\"dateModified\":\"2026-04-30T16:02:17+00:00\",\"breadcrumb\":{\"@id\":\"https:\\\/\\\/www.healthychoice.lt\\\/produktai\\\/kristinos-pusryciu-rinkinys\\\/#breadcrumb\"},\"inLanguage\":\"fr-FR\",\"potentialAction\":[{\"@type\":\"ReadAction\",\"target\":[\"https:\\\/\\\/www.healthychoice.lt\\\/produktai\\\/kristinos-pusryciu-rinkinys\\\/\"]}]},{\"@type\":\"ImageObject\",\"inLanguage\":\"fr-FR\",\"@id\":\"https:\\\/\\\/www.healthychoice.lt\\\/produktai\\\/kristinos-pusryciu-rinkinys\\\/#primaryimage\",\"url\":\"https:\\\/\\\/www.healthychoice.lt\\\/wp-content\\\/uploads\\\/2024\\\/11\\\/PhotoCut1.png\",\"contentUrl\":\"https:\\\/\\\/www.healthychoice.lt\\\/wp-content\\\/uploads\\\/2024\\\/11\\\/PhotoCut1.png\",\"width\":1440,\"height\":1440},{\"@type\":\"BreadcrumbList\",\"@id\":\"https:\\\/\\\/www.healthychoice.lt\\\/produktai\\\/kristinos-pusryciu-rinkinys\\\/#breadcrumb\",\"itemListElement\":[{\"@type\":\"ListItem\",\"position\":1,\"name\":\"Home\",\"item\":\"https:\\\/\\\/www.healthychoice.lt\\\/\"},{\"@type\":\"ListItem\",\"position\":2,\"name\":\"Produktai\",\"item\":\"https:\\\/\\\/www.healthychoice.lt\\\/es\\\/produktai\\\/\"},{\"@type\":\"ListItem\",\"position\":3,\"name\":\"KRISTINOS ,,PUSRY\u010cI\u0172\u201c RINKINYS\"}]},{\"@type\":\"WebSite\",\"@id\":\"https:\\\/\\\/www.healthychoice.lt\\\/es\\\/#website\",\"url\":\"https:\\\/\\\/www.healthychoice.lt\\\/es\\\/\",\"name\":\"Healthy Choice\",\"description\":\"Mityba, kuria gali pasitik\u0117ti!\",\"alternateName\":\"Healthychoice\",\"potentialAction\":[{\"@type\":\"SearchAction\",\"target\":{\"@type\":\"EntryPoint\",\"urlTemplate\":\"https:\\\/\\\/www.healthychoice.lt\\\/es\\\/?s={search_term_string}\"},\"query-input\":{\"@type\":\"PropertyValueSpecification\",\"valueRequired\":true,\"valueName\":\"search_term_string\"}}],\"inLanguage\":\"fr-FR\"}]}<\/script>\n<!-- \/ Yoast SEO plugin. -->","yoast_head_json":{"title":"KRISTINOS ,,PUSRY\u010cI\u0172\u201c RINKINYS| Healthy Choice","robots":{"index":"index","follow":"follow","max-snippet":"max-snippet:-1","max-image-preview":"max-image-preview:large","max-video-preview":"max-video-preview:-1"},"canonical":"https:\/\/www.healthychoice.lt\/fr\/produktai\/kristinos-pusryciu-rinkinys\/","og_locale":"fr_FR","og_type":"article","og_title":"KRISTINOS ,,PUSRY\u010cI\u0172\u201c RINKINYS| Healthy Choice","og_description":"Krep\u0161elio sud\u0117tis ( I\u0161r\u016bg\u0173 baltymas bra\u0161ki\u0173 skonio + \u017eem\u0117s rie\u0161ut\u0173 u\u017etepas 250g.)","og_url":"https:\/\/www.healthychoice.lt\/fr\/produktai\/kristinos-pusryciu-rinkinys\/","og_site_name":"Healthy Choice","article_publisher":"https:\/\/www.facebook.com\/healthychoice.world\/","article_modified_time":"2026-04-30T16:02:17+00:00","og_image":[{"width":1440,"height":1440,"url":"https:\/\/www.healthychoice.lt\/wp-content\/uploads\/2024\/11\/PhotoCut1.png","type":"image\/png"}],"twitter_card":"summary_large_image","twitter_misc":{"Dur\u00e9e de lecture estim\u00e9e":"3 minutes"},"schema":{"@context":"https:\/\/schema.org","@graph":[{"@type":"WebPage","@id":"https:\/\/www.healthychoice.lt\/produktai\/kristinos-pusryciu-rinkinys\/","url":"https:\/\/www.healthychoice.lt\/produktai\/kristinos-pusryciu-rinkinys\/","name":"KRISTINOS ,,PUSRY\u010cI\u0172\u201c RINKINYS| Healthy Choice","isPartOf":{"@id":"https:\/\/www.healthychoice.lt\/es\/#website"},"primaryImageOfPage":{"@id":"https:\/\/www.healthychoice.lt\/produktai\/kristinos-pusryciu-rinkinys\/#primaryimage"},"image":{"@id":"https:\/\/www.healthychoice.lt\/produktai\/kristinos-pusryciu-rinkinys\/#primaryimage"},"thumbnailUrl":"https:\/\/www.healthychoice.lt\/wp-content\/uploads\/2024\/11\/PhotoCut1.png","datePublished":"2020-02-01T08:10:07+00:00","dateModified":"2026-04-30T16:02:17+00:00","breadcrumb":{"@id":"https:\/\/www.healthychoice.lt\/produktai\/kristinos-pusryciu-rinkinys\/#breadcrumb"},"inLanguage":"fr-FR","potentialAction":[{"@type":"ReadAction","target":["https:\/\/www.healthychoice.lt\/produktai\/kristinos-pusryciu-rinkinys\/"]}]},{"@type":"ImageObject","inLanguage":"fr-FR","@id":"https:\/\/www.healthychoice.lt\/produktai\/kristinos-pusryciu-rinkinys\/#primaryimage","url":"https:\/\/www.healthychoice.lt\/wp-content\/uploads\/2024\/11\/PhotoCut1.png","contentUrl":"https:\/\/www.healthychoice.lt\/wp-content\/uploads\/2024\/11\/PhotoCut1.png","width":1440,"height":1440},{"@type":"BreadcrumbList","@id":"https:\/\/www.healthychoice.lt\/produktai\/kristinos-pusryciu-rinkinys\/#breadcrumb","itemListElement":[{"@type":"ListItem","position":1,"name":"Home","item":"https:\/\/www.healthychoice.lt\/"},{"@type":"ListItem","position":2,"name":"Produktai","item":"https:\/\/www.healthychoice.lt\/es\/produktai\/"},{"@type":"ListItem","position":3,"name":"KRISTINOS ,,PUSRY\u010cI\u0172\u201c RINKINYS"}]},{"@type":"WebSite","@id":"https:\/\/www.healthychoice.lt\/es\/#website","url":"https:\/\/www.healthychoice.lt\/es\/","name":"Le choix de la sant\u00e9","description":"Mityba, kuria gali pasitik\u0117ti!","alternateName":"Healthychoice","potentialAction":[{"@type":"SearchAction","target":{"@type":"EntryPoint","urlTemplate":"https:\/\/www.healthychoice.lt\/es\/?s={search_term_string}"},"query-input":{"@type":"PropertyValueSpecification","valueRequired":true,"valueName":"search_term_string"}}],"inLanguage":"fr-FR"}]}},"_links":{"self":[{"href":"https:\/\/www.healthychoice.lt\/fr\/wp-json\/wp\/v2\/product\/8972","targetHints":{"allow":["GET"]}}],"collection":[{"href":"https:\/\/www.healthychoice.lt\/fr\/wp-json\/wp\/v2\/product"}],"about":[{"href":"https:\/\/www.healthychoice.lt\/fr\/wp-json\/wp\/v2\/types\/product"}],"wp:featuredmedia":[{"embeddable":true,"href":"https:\/\/www.healthychoice.lt\/fr\/wp-json\/wp\/v2\/media\/9000"}],"wp:attachment":[{"href":"https:\/\/www.healthychoice.lt\/fr\/wp-json\/wp\/v2\/media?parent=8972"}],"wp:term":[{"taxonomy":"product_brand","embeddable":true,"href":"https:\/\/www.healthychoice.lt\/fr\/wp-json\/wp\/v2\/product_brand?post=8972"},{"taxonomy":"product_cat","embeddable":true,"href":"https:\/\/www.healthychoice.lt\/fr\/wp-json\/wp\/v2\/product_cat?post=8972"},{"taxonomy":"product_tag","embeddable":true,"href":"https:\/\/www.healthychoice.lt\/fr\/wp-json\/wp\/v2\/product_tag?post=8972"}],"curies":[{"name":"wp","href":"https:\/\/api.w.org\/{rel}","templated":true}]}}