{"id":8970,"date":"2020-02-01T10:00:42","date_gmt":"2020-02-01T08:00:42","guid":{"rendered":"https:\/\/www.healthychoice.lt\/?post_type=product&#038;p=8970"},"modified":"2026-04-30T19:03:31","modified_gmt":"2026-04-30T16:03:31","slug":"kristinos-tobulos-figuros-rinkinys","status":"publish","type":"product","link":"https:\/\/www.healthychoice.lt\/fr\/produktai\/kristinos-tobulos-figuros-rinkinys\/","title":{"rendered":"KRISTINOS ,,TOBULOS FIG\u016aROS\u201d RINKINYS"},"content":{"rendered":"<p><strong>L-CARNITINE AR\u00d4ME ORANGE <\/strong><\/p>\n<p>Contenu net 1000 ml<\/p>\n<p>La L-carnitine est un compos\u00e9 de vitamines et d'acides amin\u00e9s comparable aux vitamines B. Elle joue le r\u00f4le de transporteur d'acides gras vers la mitochondrie. Elle fonctionne comme un transporteur d'acides gras vers la mitochondrie. La L-carnitine agit comme un assistant pour aider \u00e0 br\u00fbler les graisses plus rapidement et \u00e0 perdre du poids naturellement. Des \u00e9tudes r\u00e9centes ont \u00e9galement montr\u00e9 que la L-carnitine contribue \u00e0 r\u00e9duire la fatigue, \u00e0 augmenter la masse corporelle et la masse musculaire, \u00e0 stabiliser le taux de sucre dans le sang et, en m\u00eame temps, \u00e0 r\u00e9duire le besoin d'hydrates de carbone. La carnitine aide \u00e0 mobiliser les r\u00e9serves de graisse, en particulier chez les personnes en surpoids.<\/p>\n<p>La L-carnitine a un d\u00e9licieux go\u00fbt d'orange, est exempte de colorants synth\u00e9tiques et d'exhausteurs de go\u00fbt, et est compos\u00e9e de tous les ingr\u00e9dients essentiels qui ont un effet positif sur le corps humain. Plus important encore, cette L-carnitine se pr\u00e9sente sous forme liquide, de sorte qu'elle sera absorb\u00e9e par l'organisme beaucoup plus rapidement et facilement. Ce compl\u00e9ment est extr\u00eamement riche en carnitine, avec 1667mg par portion (25ml) et 6668mg par 100ml.<\/p>\n<h2 class=\"text-white\" style=\"text-align: center;\">A propos du concentr\u00e9 prot\u00e9ique HEALTHY CHOICE<\/h2>\n<p>Concentr\u00e9 de prot\u00e9ines de lactos\u00e9rum facilement soluble, 100 % <strong>\"UN CHOIX SAIN\"<\/strong> est une prot\u00e9ine d'ultrafiltration de haute qualit\u00e9, \u00e0 basse temp\u00e9rature, dont la structure prot\u00e9ique n'a pas \u00e9t\u00e9 modifi\u00e9e et dont la valeur biologique (VB) des prot\u00e9ines a \u00e9t\u00e9 pr\u00e9serv\u00e9e.<\/p>\n<p>La prot\u00e9ine de lactos\u00e9rum lituanienne a fait l'objet d'une analyse tr\u00e8s d\u00e9taill\u00e9e de sa composition, de son emballage et de la demande du march\u00e9 sur une p\u00e9riode d'un an et demi avant de pouvoir \u00eatre produite, commercialis\u00e9e et distribu\u00e9e. Les projets pilotes <strong>\"UN CHOIX SAIN\"<\/strong> ont \u00e9t\u00e9 test\u00e9s par les athl\u00e8tes et les di\u00e9t\u00e9ticiens les plus c\u00e9l\u00e8bres de Lituanie, et les avantages des prot\u00e9ines naturelles ont \u00e9t\u00e9 reconnus. Apr\u00e8s avoir examin\u00e9 la composition des produits \u00e9trangers existants et men\u00e9 des recherches scientifiques approfondies, il a \u00e9t\u00e9 conclu que de nombreux produits prot\u00e9in\u00e9s n'\u00e9taient pas naturels et contenaient divers ar\u00f4mes \u00e0 base de compos\u00e9s chimiques, des \u00e9dulcorants dangereux, des colorants, etc.<\/p>\n<p>Il est important de noter que nous n'utilisons que de la l\u00e9cithine de tournesol comme \u00e9mulsifiant afin d'am\u00e9liorer la solubilit\u00e9 de notre produit. De nombreux fabricants pr\u00e9f\u00e8rent la l\u00e9cithine de soja, principalement parce qu'elle est moins ch\u00e8re. Cependant, le soja est un allerg\u00e8ne et de nombreuses personnes y sont allergiques. En outre, l'industrie du soja utilise souvent des produits g\u00e9n\u00e9tiquement modifi\u00e9s et des produits chimiques dangereux pour produire la l\u00e9cithine de soja.<\/p>\n<p>Contrairement au soja, les tournesols ne sont pas g\u00e9n\u00e9tiquement modifi\u00e9s, ils sont cultiv\u00e9s naturellement et la l\u00e9cithine de tournesol est produite par pression \u00e0 froid pour s\u00e9parer les fractions, comme pour l'huile d'olive, sans utilisation de produits chimiques.<\/p>\n<p>Nous consultons r\u00e9guli\u00e8rement des athl\u00e8tes professionnels, des entra\u00eeneurs et des di\u00e9t\u00e9ticiens sur les sujets suivants <strong>\"UN CHOIX SAIN\"<\/strong> et d'en extraire les qualit\u00e9s les plus pr\u00e9cieuses.<\/p>","protected":false},"excerpt":{"rendered":"<p>Krep\u0161elio sud\u0117tis (L-Karnitinas + I\u0161r\u016bg\u0173 baltymas 1kg)<\/p>","protected":false},"featured_media":9001,"template":"","meta":[],"product_brand":[],"product_cat":[52,99,28],"product_tag":[24,25],"class_list":{"0":"post-8970","1":"product","2":"type-product","3":"status-publish","4":"has-post-thumbnail","6":"product_cat-akcijos","7":"product_cat-l-karnitinas","8":"product_cat-rinkiniai","9":"product_tag-paprasti-produktai","10":"product_tag-rinkiniai","12":"first","13":"instock","14":"sale","15":"taxable","16":"shipping-taxable","17":"purchasable","18":"product-type-simple"},"yoast_head":"<!-- This site is optimized with the Yoast SEO plugin v27.5 - https:\/\/yoast.com\/product\/yoast-seo-wordpress\/ -->\n<title>KRISTINOS ,,TOBULOS FIG\u016aROS\u201d RINKINYS| Healthy Choice<\/title>\n<meta name=\"robots\" content=\"index, follow, max-snippet:-1, max-image-preview:large, max-video-preview:-1\" \/>\n<link rel=\"canonical\" href=\"https:\/\/www.healthychoice.lt\/fr\/produktai\/kristinos-tobulos-figuros-rinkinys\/\" \/>\n<meta property=\"og:locale\" content=\"fr_FR\" \/>\n<meta property=\"og:type\" content=\"article\" \/>\n<meta property=\"og:title\" content=\"KRISTINOS ,,TOBULOS FIG\u016aROS\u201d RINKINYS| Healthy Choice\" \/>\n<meta property=\"og:description\" content=\"Krep\u0161elio sud\u0117tis (L-Karnitinas + I\u0161r\u016bg\u0173 baltymas 1kg)\" \/>\n<meta property=\"og:url\" content=\"https:\/\/www.healthychoice.lt\/fr\/produktai\/kristinos-tobulos-figuros-rinkinys\/\" \/>\n<meta property=\"og:site_name\" content=\"Healthy Choice\" \/>\n<meta property=\"article:publisher\" content=\"https:\/\/www.facebook.com\/healthychoice.world\/\" \/>\n<meta property=\"article:modified_time\" content=\"2026-04-30T16:03:31+00:00\" \/>\n<meta property=\"og:image\" content=\"https:\/\/www.healthychoice.lt\/wp-content\/uploads\/2024\/11\/PhotoCut-2.png\" \/>\n\t<meta property=\"og:image:width\" content=\"1440\" \/>\n\t<meta property=\"og:image:height\" content=\"1440\" \/>\n\t<meta property=\"og:image:type\" content=\"image\/png\" \/>\n<meta name=\"twitter:card\" content=\"summary_large_image\" \/>\n<meta name=\"twitter:label1\" content=\"Dur\u00e9e de lecture estim\u00e9e\" \/>\n\t<meta name=\"twitter:data1\" content=\"2 minutes\" \/>\n<script type=\"application\/ld+json\" class=\"yoast-schema-graph\">{\"@context\":\"https:\\\/\\\/schema.org\",\"@graph\":[{\"@type\":\"WebPage\",\"@id\":\"https:\\\/\\\/www.healthychoice.lt\\\/produktai\\\/kristinos-tobulos-figuros-rinkinys\\\/\",\"url\":\"https:\\\/\\\/www.healthychoice.lt\\\/produktai\\\/kristinos-tobulos-figuros-rinkinys\\\/\",\"name\":\"KRISTINOS ,,TOBULOS FIG\u016aROS\u201d RINKINYS| Healthy Choice\",\"isPartOf\":{\"@id\":\"https:\\\/\\\/www.healthychoice.lt\\\/es\\\/#website\"},\"primaryImageOfPage\":{\"@id\":\"https:\\\/\\\/www.healthychoice.lt\\\/produktai\\\/kristinos-tobulos-figuros-rinkinys\\\/#primaryimage\"},\"image\":{\"@id\":\"https:\\\/\\\/www.healthychoice.lt\\\/produktai\\\/kristinos-tobulos-figuros-rinkinys\\\/#primaryimage\"},\"thumbnailUrl\":\"https:\\\/\\\/www.healthychoice.lt\\\/wp-content\\\/uploads\\\/2024\\\/11\\\/PhotoCut-2.png\",\"datePublished\":\"2020-02-01T08:00:42+00:00\",\"dateModified\":\"2026-04-30T16:03:31+00:00\",\"breadcrumb\":{\"@id\":\"https:\\\/\\\/www.healthychoice.lt\\\/produktai\\\/kristinos-tobulos-figuros-rinkinys\\\/#breadcrumb\"},\"inLanguage\":\"fr-FR\",\"potentialAction\":[{\"@type\":\"ReadAction\",\"target\":[\"https:\\\/\\\/www.healthychoice.lt\\\/produktai\\\/kristinos-tobulos-figuros-rinkinys\\\/\"]}]},{\"@type\":\"ImageObject\",\"inLanguage\":\"fr-FR\",\"@id\":\"https:\\\/\\\/www.healthychoice.lt\\\/produktai\\\/kristinos-tobulos-figuros-rinkinys\\\/#primaryimage\",\"url\":\"https:\\\/\\\/www.healthychoice.lt\\\/wp-content\\\/uploads\\\/2024\\\/11\\\/PhotoCut-2.png\",\"contentUrl\":\"https:\\\/\\\/www.healthychoice.lt\\\/wp-content\\\/uploads\\\/2024\\\/11\\\/PhotoCut-2.png\",\"width\":1440,\"height\":1440},{\"@type\":\"BreadcrumbList\",\"@id\":\"https:\\\/\\\/www.healthychoice.lt\\\/produktai\\\/kristinos-tobulos-figuros-rinkinys\\\/#breadcrumb\",\"itemListElement\":[{\"@type\":\"ListItem\",\"position\":1,\"name\":\"Home\",\"item\":\"https:\\\/\\\/www.healthychoice.lt\\\/\"},{\"@type\":\"ListItem\",\"position\":2,\"name\":\"Produktai\",\"item\":\"https:\\\/\\\/www.healthychoice.lt\\\/es\\\/produktai\\\/\"},{\"@type\":\"ListItem\",\"position\":3,\"name\":\"KRISTINOS ,,TOBULOS FIG\u016aROS\u201d RINKINYS\"}]},{\"@type\":\"WebSite\",\"@id\":\"https:\\\/\\\/www.healthychoice.lt\\\/es\\\/#website\",\"url\":\"https:\\\/\\\/www.healthychoice.lt\\\/es\\\/\",\"name\":\"Healthy Choice\",\"description\":\"Mityba, kuria gali pasitik\u0117ti!\",\"alternateName\":\"Healthychoice\",\"potentialAction\":[{\"@type\":\"SearchAction\",\"target\":{\"@type\":\"EntryPoint\",\"urlTemplate\":\"https:\\\/\\\/www.healthychoice.lt\\\/es\\\/?s={search_term_string}\"},\"query-input\":{\"@type\":\"PropertyValueSpecification\",\"valueRequired\":true,\"valueName\":\"search_term_string\"}}],\"inLanguage\":\"fr-FR\"}]}<\/script>\n<!-- \/ Yoast SEO plugin. -->","yoast_head_json":{"title":"KRISTINOS ,,TOBULOS FIG\u016aROS\u201d RINKINYS| Healthy Choice","robots":{"index":"index","follow":"follow","max-snippet":"max-snippet:-1","max-image-preview":"max-image-preview:large","max-video-preview":"max-video-preview:-1"},"canonical":"https:\/\/www.healthychoice.lt\/fr\/produktai\/kristinos-tobulos-figuros-rinkinys\/","og_locale":"fr_FR","og_type":"article","og_title":"KRISTINOS ,,TOBULOS FIG\u016aROS\u201d RINKINYS| Healthy Choice","og_description":"Krep\u0161elio sud\u0117tis (L-Karnitinas + I\u0161r\u016bg\u0173 baltymas 1kg)","og_url":"https:\/\/www.healthychoice.lt\/fr\/produktai\/kristinos-tobulos-figuros-rinkinys\/","og_site_name":"Healthy Choice","article_publisher":"https:\/\/www.facebook.com\/healthychoice.world\/","article_modified_time":"2026-04-30T16:03:31+00:00","og_image":[{"width":1440,"height":1440,"url":"https:\/\/www.healthychoice.lt\/wp-content\/uploads\/2024\/11\/PhotoCut-2.png","type":"image\/png"}],"twitter_card":"summary_large_image","twitter_misc":{"Dur\u00e9e de lecture estim\u00e9e":"2 minutes"},"schema":{"@context":"https:\/\/schema.org","@graph":[{"@type":"WebPage","@id":"https:\/\/www.healthychoice.lt\/produktai\/kristinos-tobulos-figuros-rinkinys\/","url":"https:\/\/www.healthychoice.lt\/produktai\/kristinos-tobulos-figuros-rinkinys\/","name":"KRISTINOS ,,TOBULOS FIG\u016aROS\u201d RINKINYS| Healthy Choice","isPartOf":{"@id":"https:\/\/www.healthychoice.lt\/es\/#website"},"primaryImageOfPage":{"@id":"https:\/\/www.healthychoice.lt\/produktai\/kristinos-tobulos-figuros-rinkinys\/#primaryimage"},"image":{"@id":"https:\/\/www.healthychoice.lt\/produktai\/kristinos-tobulos-figuros-rinkinys\/#primaryimage"},"thumbnailUrl":"https:\/\/www.healthychoice.lt\/wp-content\/uploads\/2024\/11\/PhotoCut-2.png","datePublished":"2020-02-01T08:00:42+00:00","dateModified":"2026-04-30T16:03:31+00:00","breadcrumb":{"@id":"https:\/\/www.healthychoice.lt\/produktai\/kristinos-tobulos-figuros-rinkinys\/#breadcrumb"},"inLanguage":"fr-FR","potentialAction":[{"@type":"ReadAction","target":["https:\/\/www.healthychoice.lt\/produktai\/kristinos-tobulos-figuros-rinkinys\/"]}]},{"@type":"ImageObject","inLanguage":"fr-FR","@id":"https:\/\/www.healthychoice.lt\/produktai\/kristinos-tobulos-figuros-rinkinys\/#primaryimage","url":"https:\/\/www.healthychoice.lt\/wp-content\/uploads\/2024\/11\/PhotoCut-2.png","contentUrl":"https:\/\/www.healthychoice.lt\/wp-content\/uploads\/2024\/11\/PhotoCut-2.png","width":1440,"height":1440},{"@type":"BreadcrumbList","@id":"https:\/\/www.healthychoice.lt\/produktai\/kristinos-tobulos-figuros-rinkinys\/#breadcrumb","itemListElement":[{"@type":"ListItem","position":1,"name":"Home","item":"https:\/\/www.healthychoice.lt\/"},{"@type":"ListItem","position":2,"name":"Produktai","item":"https:\/\/www.healthychoice.lt\/es\/produktai\/"},{"@type":"ListItem","position":3,"name":"KRISTINOS ,,TOBULOS FIG\u016aROS\u201d RINKINYS"}]},{"@type":"WebSite","@id":"https:\/\/www.healthychoice.lt\/es\/#website","url":"https:\/\/www.healthychoice.lt\/es\/","name":"Le choix de la sant\u00e9","description":"Mityba, kuria gali pasitik\u0117ti!","alternateName":"Healthychoice","potentialAction":[{"@type":"SearchAction","target":{"@type":"EntryPoint","urlTemplate":"https:\/\/www.healthychoice.lt\/es\/?s={search_term_string}"},"query-input":{"@type":"PropertyValueSpecification","valueRequired":true,"valueName":"search_term_string"}}],"inLanguage":"fr-FR"}]}},"_links":{"self":[{"href":"https:\/\/www.healthychoice.lt\/fr\/wp-json\/wp\/v2\/product\/8970","targetHints":{"allow":["GET"]}}],"collection":[{"href":"https:\/\/www.healthychoice.lt\/fr\/wp-json\/wp\/v2\/product"}],"about":[{"href":"https:\/\/www.healthychoice.lt\/fr\/wp-json\/wp\/v2\/types\/product"}],"wp:featuredmedia":[{"embeddable":true,"href":"https:\/\/www.healthychoice.lt\/fr\/wp-json\/wp\/v2\/media\/9001"}],"wp:attachment":[{"href":"https:\/\/www.healthychoice.lt\/fr\/wp-json\/wp\/v2\/media?parent=8970"}],"wp:term":[{"taxonomy":"product_brand","embeddable":true,"href":"https:\/\/www.healthychoice.lt\/fr\/wp-json\/wp\/v2\/product_brand?post=8970"},{"taxonomy":"product_cat","embeddable":true,"href":"https:\/\/www.healthychoice.lt\/fr\/wp-json\/wp\/v2\/product_cat?post=8970"},{"taxonomy":"product_tag","embeddable":true,"href":"https:\/\/www.healthychoice.lt\/fr\/wp-json\/wp\/v2\/product_tag?post=8970"}],"curies":[{"name":"wp","href":"https:\/\/api.w.org\/{rel}","templated":true}]}}