{"id":8967,"date":"2020-02-01T10:00:18","date_gmt":"2020-02-01T08:00:18","guid":{"rendered":"https:\/\/www.healthychoice.lt\/?post_type=product&#038;p=8967"},"modified":"2026-01-19T10:48:52","modified_gmt":"2026-01-19T08:48:52","slug":"kristinos-grozio-krepselis","status":"publish","type":"product","link":"https:\/\/www.healthychoice.lt\/fr\/produktai\/kristinos-grozio-krepselis\/","title":{"rendered":"KRISTINOS ,,GRO\u017dIO\u201c RINKINYS"},"content":{"rendered":"<p><strong>100<\/strong><strong>%<\/strong><strong> POUR CENT DE COLLAG\u00c8NE PUR DANS UN AR\u00d4ME DE FRAISE<\/strong><\/p>\n<p>Quantit\u00e9 nette 500 ml<\/p>\n<p>Le collag\u00e8ne est une prot\u00e9ine naturellement pr\u00e9sente dans le corps humain qui maintient la structure de la peau, des os et des muscles, mais au fur et \u00e0 mesure que le processus de vieillissement progresse, la capacit\u00e9 du corps \u00e0 synth\u00e9tiser le collag\u00e8ne diminue. C'est pourquoi des suppl\u00e9ments de collag\u00e8ne sont mis au point pour aider \u00e0 maintenir une peau, des cheveux et des ongles normaux, r\u00e9duire l'amincissement des os et avoir un effet positif sur le syst\u00e8me cardiovasculaire.<\/p>\n<p>Le collag\u00e8ne 100% pur \u00e0 l'ar\u00f4me de fraise est de la plus haute qualit\u00e9, formul\u00e9 pour pr\u00e9server toutes les substances essentielles \u00e0 l'am\u00e9lioration de l'\u00e9tat des cheveux, de la peau, des ongles, des tissus conjonctifs et des articulations. Il s'agit d'un produit de haute qualit\u00e9, peu co\u00fbteux, \u00e0 l'ar\u00f4me de fraise, qui convient \u00e0 une prise quotidienne.<\/p>\n<p>Le collag\u00e8ne 100 % pur go\u00fbt fraise contient de la biotine, du zinc, de la vitamine E et de la vitamine C. La biotine est essentielle au m\u00e9tabolisme des hydrates de carbone, des prot\u00e9ines et des graisses. La biotine contribue au maintien d'un m\u00e9tabolisme \u00e9nerg\u00e9tique normal, au fonctionnement du syst\u00e8me nerveux, \u00e0 la fonction psychologique et \u00e0 l'\u00e9tat de la peau. Le zinc est essentiel \u00e0 la production de prot\u00e9ines et joue un r\u00f4le important dans le d\u00e9veloppement et le fonctionnement des cellules immunitaires. Le zinc, comme les vitamines E et C, contribue au maintien d'un syst\u00e8me immunitaire fort.<\/p>\n<p><strong>Beauty vitamins Healthy Choice 60 comprim\u00e9s<\/strong><\/p>\n<p>\"Healthy Choice Beauty Vitamin Complex est sp\u00e9cialement formul\u00e9 pour la peau, les cheveux et les ongles.<\/p>\n<p>Le s\u00e9l\u00e9nium est un micronutriment tr\u00e8s important, tr\u00e8s appr\u00e9ci\u00e9 pour ses effets antioxydants et sa capacit\u00e9 inh\u00e9rente \u00e0 ralentir le vieillissement pr\u00e9matur\u00e9. Le zinc, le s\u00e9l\u00e9nium, l'iode, les vitamines A, B2 et B3, ainsi que la biotine, constituent la combinaison parfaite pour maintenir des cheveux, des ongles et une peau normaux. La choline et la b\u00e9ta\u00efne stimulent le m\u00e9tabolisme et limitent l'accumulation de graisses dans le foie. Le fer contribue au transport normal de l'oxyg\u00e8ne dans l'organisme. Le magn\u00e9sium favorise les r\u00e9actions biochimiques, augmente l'endurance et aide \u00e0 surmonter la d\u00e9pression et les sautes d'humeur. Le phosphore contribue au maintien d'une fonction cellulaire normale. La vitamine B6, associ\u00e9e \u00e0 d'autres vitamines B, au magn\u00e9sium et au zinc, am\u00e9liore le fonctionnement du cerveau et du syst\u00e8me nerveux, aide \u00e0 contr\u00f4ler les allergies, joue un r\u00f4le important dans la production d'\u00e9nergie dans les cellules et dans la protection de l'organisme contre les infections.<\/p>","protected":false},"excerpt":{"rendered":"<p>Krep\u0161elio sud\u0117tis (Kolagenas + Gro\u017eio vitaminai)<\/p>","protected":false},"featured_media":9003,"template":"","meta":[],"product_brand":[],"product_cat":[52,100,28],"product_tag":[24,25],"class_list":{"0":"post-8967","1":"product","2":"type-product","3":"status-publish","4":"has-post-thumbnail","6":"product_cat-akcijos","7":"product_cat-kolagenas","8":"product_cat-rinkiniai","9":"product_tag-paprasti-produktai","10":"product_tag-rinkiniai","12":"first","13":"instock","14":"sale","15":"taxable","16":"shipping-taxable","17":"purchasable","18":"product-type-simple"},"yoast_head":"<!-- This site is optimized with the Yoast SEO plugin v27.5 - https:\/\/yoast.com\/product\/yoast-seo-wordpress\/ -->\n<title>KRISTINOS ,,GRO\u017dIO\u201c RINKINYS| Healthy Choice<\/title>\n<meta name=\"robots\" content=\"index, follow, max-snippet:-1, max-image-preview:large, max-video-preview:-1\" \/>\n<link rel=\"canonical\" href=\"https:\/\/www.healthychoice.lt\/fr\/produktai\/kristinos-grozio-krepselis\/\" \/>\n<meta property=\"og:locale\" content=\"fr_FR\" \/>\n<meta property=\"og:type\" content=\"article\" \/>\n<meta property=\"og:title\" content=\"KRISTINOS ,,GRO\u017dIO\u201c RINKINYS| Healthy Choice\" \/>\n<meta property=\"og:description\" content=\"Krep\u0161elio sud\u0117tis (Kolagenas + Gro\u017eio vitaminai)\" \/>\n<meta property=\"og:url\" content=\"https:\/\/www.healthychoice.lt\/fr\/produktai\/kristinos-grozio-krepselis\/\" \/>\n<meta property=\"og:site_name\" content=\"Healthy Choice\" \/>\n<meta property=\"article:publisher\" content=\"https:\/\/www.facebook.com\/healthychoice.world\/\" \/>\n<meta property=\"article:modified_time\" content=\"2026-01-19T08:48:52+00:00\" \/>\n<meta property=\"og:image\" content=\"https:\/\/www.healthychoice.lt\/wp-content\/uploads\/2024\/11\/PhotoCut2.png\" \/>\n\t<meta property=\"og:image:width\" content=\"1440\" \/>\n\t<meta property=\"og:image:height\" content=\"1440\" \/>\n\t<meta property=\"og:image:type\" content=\"image\/png\" \/>\n<meta name=\"twitter:card\" content=\"summary_large_image\" \/>\n<meta name=\"twitter:label1\" content=\"Dur\u00e9e de lecture estim\u00e9e\" \/>\n\t<meta name=\"twitter:data1\" content=\"2 minutes\" \/>\n<script type=\"application\/ld+json\" class=\"yoast-schema-graph\">{\"@context\":\"https:\\\/\\\/schema.org\",\"@graph\":[{\"@type\":\"WebPage\",\"@id\":\"https:\\\/\\\/www.healthychoice.lt\\\/produktai\\\/kristinos-grozio-krepselis\\\/\",\"url\":\"https:\\\/\\\/www.healthychoice.lt\\\/produktai\\\/kristinos-grozio-krepselis\\\/\",\"name\":\"KRISTINOS ,,GRO\u017dIO\u201c RINKINYS| Healthy Choice\",\"isPartOf\":{\"@id\":\"https:\\\/\\\/www.healthychoice.lt\\\/es\\\/#website\"},\"primaryImageOfPage\":{\"@id\":\"https:\\\/\\\/www.healthychoice.lt\\\/produktai\\\/kristinos-grozio-krepselis\\\/#primaryimage\"},\"image\":{\"@id\":\"https:\\\/\\\/www.healthychoice.lt\\\/produktai\\\/kristinos-grozio-krepselis\\\/#primaryimage\"},\"thumbnailUrl\":\"https:\\\/\\\/www.healthychoice.lt\\\/wp-content\\\/uploads\\\/2024\\\/11\\\/PhotoCut2.png\",\"datePublished\":\"2020-02-01T08:00:18+00:00\",\"dateModified\":\"2026-01-19T08:48:52+00:00\",\"breadcrumb\":{\"@id\":\"https:\\\/\\\/www.healthychoice.lt\\\/produktai\\\/kristinos-grozio-krepselis\\\/#breadcrumb\"},\"inLanguage\":\"fr-FR\",\"potentialAction\":[{\"@type\":\"ReadAction\",\"target\":[\"https:\\\/\\\/www.healthychoice.lt\\\/produktai\\\/kristinos-grozio-krepselis\\\/\"]}]},{\"@type\":\"ImageObject\",\"inLanguage\":\"fr-FR\",\"@id\":\"https:\\\/\\\/www.healthychoice.lt\\\/produktai\\\/kristinos-grozio-krepselis\\\/#primaryimage\",\"url\":\"https:\\\/\\\/www.healthychoice.lt\\\/wp-content\\\/uploads\\\/2024\\\/11\\\/PhotoCut2.png\",\"contentUrl\":\"https:\\\/\\\/www.healthychoice.lt\\\/wp-content\\\/uploads\\\/2024\\\/11\\\/PhotoCut2.png\",\"width\":1440,\"height\":1440},{\"@type\":\"BreadcrumbList\",\"@id\":\"https:\\\/\\\/www.healthychoice.lt\\\/produktai\\\/kristinos-grozio-krepselis\\\/#breadcrumb\",\"itemListElement\":[{\"@type\":\"ListItem\",\"position\":1,\"name\":\"Home\",\"item\":\"https:\\\/\\\/www.healthychoice.lt\\\/\"},{\"@type\":\"ListItem\",\"position\":2,\"name\":\"Produktai\",\"item\":\"https:\\\/\\\/www.healthychoice.lt\\\/es\\\/produktai\\\/\"},{\"@type\":\"ListItem\",\"position\":3,\"name\":\"KRISTINOS ,,GRO\u017dIO\u201c RINKINYS\"}]},{\"@type\":\"WebSite\",\"@id\":\"https:\\\/\\\/www.healthychoice.lt\\\/es\\\/#website\",\"url\":\"https:\\\/\\\/www.healthychoice.lt\\\/es\\\/\",\"name\":\"Healthy Choice\",\"description\":\"Mityba, kuria gali pasitik\u0117ti!\",\"alternateName\":\"Healthychoice\",\"potentialAction\":[{\"@type\":\"SearchAction\",\"target\":{\"@type\":\"EntryPoint\",\"urlTemplate\":\"https:\\\/\\\/www.healthychoice.lt\\\/es\\\/?s={search_term_string}\"},\"query-input\":{\"@type\":\"PropertyValueSpecification\",\"valueRequired\":true,\"valueName\":\"search_term_string\"}}],\"inLanguage\":\"fr-FR\"}]}<\/script>\n<!-- \/ Yoast SEO plugin. -->","yoast_head_json":{"title":"KRISTINOS ,,GRO\u017dIO\u201c RINKINYS| Healthy Choice","robots":{"index":"index","follow":"follow","max-snippet":"max-snippet:-1","max-image-preview":"max-image-preview:large","max-video-preview":"max-video-preview:-1"},"canonical":"https:\/\/www.healthychoice.lt\/fr\/produktai\/kristinos-grozio-krepselis\/","og_locale":"fr_FR","og_type":"article","og_title":"KRISTINOS ,,GRO\u017dIO\u201c RINKINYS| Healthy Choice","og_description":"Krep\u0161elio sud\u0117tis (Kolagenas + Gro\u017eio vitaminai)","og_url":"https:\/\/www.healthychoice.lt\/fr\/produktai\/kristinos-grozio-krepselis\/","og_site_name":"Healthy Choice","article_publisher":"https:\/\/www.facebook.com\/healthychoice.world\/","article_modified_time":"2026-01-19T08:48:52+00:00","og_image":[{"width":1440,"height":1440,"url":"https:\/\/www.healthychoice.lt\/wp-content\/uploads\/2024\/11\/PhotoCut2.png","type":"image\/png"}],"twitter_card":"summary_large_image","twitter_misc":{"Dur\u00e9e de lecture estim\u00e9e":"2 minutes"},"schema":{"@context":"https:\/\/schema.org","@graph":[{"@type":"WebPage","@id":"https:\/\/www.healthychoice.lt\/produktai\/kristinos-grozio-krepselis\/","url":"https:\/\/www.healthychoice.lt\/produktai\/kristinos-grozio-krepselis\/","name":"KRISTINOS ,,GRO\u017dIO\u201c RINKINYS| Healthy Choice","isPartOf":{"@id":"https:\/\/www.healthychoice.lt\/es\/#website"},"primaryImageOfPage":{"@id":"https:\/\/www.healthychoice.lt\/produktai\/kristinos-grozio-krepselis\/#primaryimage"},"image":{"@id":"https:\/\/www.healthychoice.lt\/produktai\/kristinos-grozio-krepselis\/#primaryimage"},"thumbnailUrl":"https:\/\/www.healthychoice.lt\/wp-content\/uploads\/2024\/11\/PhotoCut2.png","datePublished":"2020-02-01T08:00:18+00:00","dateModified":"2026-01-19T08:48:52+00:00","breadcrumb":{"@id":"https:\/\/www.healthychoice.lt\/produktai\/kristinos-grozio-krepselis\/#breadcrumb"},"inLanguage":"fr-FR","potentialAction":[{"@type":"ReadAction","target":["https:\/\/www.healthychoice.lt\/produktai\/kristinos-grozio-krepselis\/"]}]},{"@type":"ImageObject","inLanguage":"fr-FR","@id":"https:\/\/www.healthychoice.lt\/produktai\/kristinos-grozio-krepselis\/#primaryimage","url":"https:\/\/www.healthychoice.lt\/wp-content\/uploads\/2024\/11\/PhotoCut2.png","contentUrl":"https:\/\/www.healthychoice.lt\/wp-content\/uploads\/2024\/11\/PhotoCut2.png","width":1440,"height":1440},{"@type":"BreadcrumbList","@id":"https:\/\/www.healthychoice.lt\/produktai\/kristinos-grozio-krepselis\/#breadcrumb","itemListElement":[{"@type":"ListItem","position":1,"name":"Home","item":"https:\/\/www.healthychoice.lt\/"},{"@type":"ListItem","position":2,"name":"Produktai","item":"https:\/\/www.healthychoice.lt\/es\/produktai\/"},{"@type":"ListItem","position":3,"name":"KRISTINOS ,,GRO\u017dIO\u201c RINKINYS"}]},{"@type":"WebSite","@id":"https:\/\/www.healthychoice.lt\/es\/#website","url":"https:\/\/www.healthychoice.lt\/es\/","name":"Le choix de la sant\u00e9","description":"Mityba, kuria gali pasitik\u0117ti!","alternateName":"Healthychoice","potentialAction":[{"@type":"SearchAction","target":{"@type":"EntryPoint","urlTemplate":"https:\/\/www.healthychoice.lt\/es\/?s={search_term_string}"},"query-input":{"@type":"PropertyValueSpecification","valueRequired":true,"valueName":"search_term_string"}}],"inLanguage":"fr-FR"}]}},"_links":{"self":[{"href":"https:\/\/www.healthychoice.lt\/fr\/wp-json\/wp\/v2\/product\/8967","targetHints":{"allow":["GET"]}}],"collection":[{"href":"https:\/\/www.healthychoice.lt\/fr\/wp-json\/wp\/v2\/product"}],"about":[{"href":"https:\/\/www.healthychoice.lt\/fr\/wp-json\/wp\/v2\/types\/product"}],"wp:featuredmedia":[{"embeddable":true,"href":"https:\/\/www.healthychoice.lt\/fr\/wp-json\/wp\/v2\/media\/9003"}],"wp:attachment":[{"href":"https:\/\/www.healthychoice.lt\/fr\/wp-json\/wp\/v2\/media?parent=8967"}],"wp:term":[{"taxonomy":"product_brand","embeddable":true,"href":"https:\/\/www.healthychoice.lt\/fr\/wp-json\/wp\/v2\/product_brand?post=8967"},{"taxonomy":"product_cat","embeddable":true,"href":"https:\/\/www.healthychoice.lt\/fr\/wp-json\/wp\/v2\/product_cat?post=8967"},{"taxonomy":"product_tag","embeddable":true,"href":"https:\/\/www.healthychoice.lt\/fr\/wp-json\/wp\/v2\/product_tag?post=8967"}],"curies":[{"name":"wp","href":"https:\/\/api.w.org\/{rel}","templated":true}]}}