{"id":68,"date":"2025-04-17T08:09:59","date_gmt":"2025-04-17T05:09:59","guid":{"rendered":"https:\/\/www.healthychoice.lt\/?post_type=product&#038;p=68"},"modified":"2026-05-04T12:16:44","modified_gmt":"2026-05-04T09:16:44","slug":"braskinis-isrugu-baltymas","status":"publish","type":"product","link":"https:\/\/www.healthychoice.lt\/fr\/produktai\/braskinis-isrugu-baltymas\/","title":{"rendered":"100% Prot\u00e9ine de lactos\u00e9rum go\u00fbt fraise, 1kg"},"content":{"rendered":"<h2 class=\"text-white\" style=\"text-align: center;\">100% M\u00e9lange de prot\u00e9ines de lactos\u00e9rum Healthy Choice<\/h2>\n<p>100% M\u00e9lange de prot\u00e9ines de lactos\u00e9rum <strong>\"UN CHOIX SAIN\"<\/strong> C'est une excellente source de prot\u00e9ines \u00e0 absorption variable. Elle est compos\u00e9e des prot\u00e9ines Hydrolysat et Isolat \u00e0 absorption rapide et du Concentr\u00e9 \u00e0 absorption moyenne. Les diff\u00e9rents taux d'absorption garantissent une absorption durable et constante, apaisent la faim et fournissent tous les acides amin\u00e9s essentiels dont votre corps a besoin pour acc\u00e9l\u00e9rer la r\u00e9cup\u00e9ration musculaire apr\u00e8s l'entra\u00eenement.<\/p>\n<p>M\u00e9lange de prot\u00e9ines de lactos\u00e9rum facilement soluble, 100 % <strong>\"UN CHOIX SAIN\"<\/strong> est une prot\u00e9ine d'ultrafiltration et de microfiltration de haute qualit\u00e9, \u00e0 basse temp\u00e9rature, dont la structure prot\u00e9ique n'a pas \u00e9t\u00e9 modifi\u00e9e et dont la valeur biologique (VB) des prot\u00e9ines a \u00e9t\u00e9 maintenue \u00e0 un niveau \u00e9lev\u00e9.<\/p>\n<p>Il est important de noter que nous n'utilisons que de la l\u00e9cithine de tournesol comme \u00e9mulsifiant afin d'am\u00e9liorer la solubilit\u00e9 de notre produit. De nombreux fabricants pr\u00e9f\u00e8rent la l\u00e9cithine de soja, principalement parce qu'elle est moins ch\u00e8re. Cependant, le soja est un allerg\u00e8ne et de nombreuses personnes y sont allergiques. En outre, l'industrie du soja utilise souvent des produits g\u00e9n\u00e9tiquement modifi\u00e9s et des produits chimiques dangereux pour produire la l\u00e9cithine de soja.<\/p>\n<p>Contrairement au soja, les tournesols ne sont pas g\u00e9n\u00e9tiquement modifi\u00e9s, ils sont cultiv\u00e9s naturellement et la l\u00e9cithine de tournesol est produite par pression \u00e0 froid pour s\u00e9parer les fractions, comme pour l'huile d'olive, sans utilisation de produits chimiques.<\/p>\n<p>Nous consultons r\u00e9guli\u00e8rement des athl\u00e8tes professionnels, des entra\u00eeneurs et des di\u00e9t\u00e9ticiens sur les sujets suivants\u00a0<strong>\"UN CHOIX SAIN\"<\/strong>\u00a0et d'en extraire les qualit\u00e9s les plus pr\u00e9cieuses.<\/p>\n<h3 class=\"sub-header text-white mt-2\" style=\"text-align: center;\">Les prot\u00e9ines \"HEALTHY CHOICE\" et leur importance pour le corps humain<\/h3>\n<div class=\"row\"  id=\"row-398081341\">\n\n\t<div id=\"col-39629918\" class=\"col medium-6 small-12 large-6\"  >\n\t\t\t\t<div class=\"col-inner\"  >\n\t\t\t\n\t\t\t\n<p>Les prot\u00e9ines sont l'\u00e9l\u00e9ment constitutif des muscles, l'un des principaux nutriments, au m\u00eame titre que les glucides et les lipides. Les prot\u00e9ines sont le deuxi\u00e8me composant le plus abondant et le plus important de l'organisme apr\u00e8s l'eau. Les prot\u00e9ines sont tr\u00e8s r\u00e9pandues dans la nature vivante et en constituent la base. Tout comme un puzzle est compos\u00e9 de pi\u00e8ces individuelles, les prot\u00e9ines sont constitu\u00e9es de petites particules - les acides amin\u00e9s. Au total, 20 acides amin\u00e9s diff\u00e9rents constituent la base de la macromol\u00e9cule prot\u00e9ique. Neuf de ces 20 acides amin\u00e9s doivent imp\u00e9rativement \u00eatre apport\u00e9s par l'alimentation, car ils ne peuvent pas \u00eatre produits par l'organisme lui-m\u00eame, et il est donc n\u00e9cessaire de consommer quotidiennement une quantit\u00e9 ad\u00e9quate de prot\u00e9ines.\u00a0<strong>\"UN CHOIX SAIN\"<\/strong> Le produit est l'une des meilleures sources d'acides amin\u00e9s ramifi\u00e9s (BCAA).<\/p>\n<p>On ne saurait trop insister sur l'importance des prot\u00e9ines pour le corps humain. Les prot\u00e9ines reconstruisent, fa\u00e7onnent, entretiennent et renouvellent la masse musculaire. Les prot\u00e9ines contribuent \u00e0 la croissance des muscles et de la force chez les athl\u00e8tes. Les prot\u00e9ines sont importantes pour le maintien d'une sant\u00e9 osseuse normale. Un apport quotidien en prot\u00e9ines est essentiel pour un corps humain en bonne sant\u00e9.<\/p>\n\t\t<\/div>\n\t\t\t\t\t<\/div>\n\n\t\n\n\t<div id=\"col-759849728\" class=\"col medium-6 small-12 large-6\"  >\n\t\t\t\t<div class=\"col-inner\"  >\n\t\t\t\n\t\t\t\n<p>Outre la croissance musculaire, la prot\u00e9ine a d'autres fonctions :<\/p>\n<ul>\n<li>Fournit \u00e0 l'organisme des prot\u00e9ines, essentielles \u00e0 la fonction musculaire ;<\/li>\n<li>Renforce les muscles et la r\u00e9cup\u00e9ration apr\u00e8s l'exercice pour les personnes qui font de la musculation ;<\/li>\n<li>Aide \u00e0 r\u00e9duire le surpoids, \u00e0 supprimer l'app\u00e9tit, pour les personnes qui essaient de d\u00e9velopper des tissus musculaires maigres.<\/li>\n<\/ul>\n<p>Vous obtiendrez tout cela et bien plus encore lorsque vous commencerez \u00e0 utiliser r\u00e9guli\u00e8rement la prot\u00e9ine lituanienne dans votre alimentation.<\/p>\n\t\t<\/div>\n\t\t\t\t\t<\/div>\n\n\t\n<\/div>","protected":false},"excerpt":{"rendered":"<p>100% Prot\u00e9ine de lactos\u00e9rum go\u00fbt fraise, 1kg<\/p>","protected":false},"featured_media":6072,"template":"","meta":[],"product_brand":[],"product_cat":[52,98],"product_tag":[64,54,53,29,24,58],"class_list":{"0":"post-68","1":"product","2":"type-product","3":"status-publish","4":"has-post-thumbnail","6":"product_cat-akcijos","7":"product_cat-baltymai","8":"product_tag-kanapiu-baltymai-250g-dovanu","9":"product_tag-baltymai","10":"product_tag-exportui","11":"product_tag-kovo3","12":"product_tag-paprasti-produktai","13":"product_tag-perkant-2-baltymus-akcija","15":"first","16":"instock","17":"sale","18":"taxable","19":"shipping-taxable","20":"purchasable","21":"product-type-simple"},"yoast_head":"<!-- This site is optimized with the Yoast SEO plugin v27.5 - https:\/\/yoast.com\/product\/yoast-seo-wordpress\/ -->\n<title>100% i\u0161r\u016bg\u0173 baltymai bra\u0161ki\u0173 skonio, 1kg | Healthy Choice<\/title>\n<meta name=\"robots\" content=\"index, follow, max-snippet:-1, max-image-preview:large, max-video-preview:-1\" \/>\n<link rel=\"canonical\" href=\"https:\/\/www.healthychoice.lt\/fr\/produktai\/braskinis-isrugu-baltymas\/\" \/>\n<meta property=\"og:locale\" content=\"fr_FR\" \/>\n<meta property=\"og:type\" content=\"article\" \/>\n<meta property=\"og:title\" content=\"100% i\u0161r\u016bg\u0173 baltymai bra\u0161ki\u0173 skonio, 1kg | Healthy Choice\" \/>\n<meta property=\"og:description\" content=\"100% i\u0161r\u016bg\u0173 baltymai bra\u0161ki\u0173 skonio, 1kg\" \/>\n<meta property=\"og:url\" content=\"https:\/\/www.healthychoice.lt\/fr\/produktai\/braskinis-isrugu-baltymas\/\" \/>\n<meta property=\"og:site_name\" content=\"Healthy Choice\" \/>\n<meta property=\"article:publisher\" content=\"https:\/\/www.facebook.com\/healthychoice.world\/\" \/>\n<meta property=\"article:modified_time\" content=\"2026-05-04T09:16:44+00:00\" \/>\n<meta property=\"og:image\" content=\"https:\/\/www.healthychoice.lt\/wp-content\/uploads\/2022\/01\/Isrugu-baltymai-braskiu-skonio-min.jpg\" \/>\n\t<meta property=\"og:image:width\" content=\"1024\" \/>\n\t<meta property=\"og:image:height\" content=\"1024\" \/>\n\t<meta property=\"og:image:type\" content=\"image\/jpeg\" \/>\n<meta name=\"twitter:card\" content=\"summary_large_image\" \/>\n<meta name=\"twitter:label1\" content=\"Dur\u00e9e de lecture estim\u00e9e\" \/>\n\t<meta name=\"twitter:data1\" content=\"3 minutes\" \/>\n<script type=\"application\/ld+json\" class=\"yoast-schema-graph\">{\"@context\":\"https:\\\/\\\/schema.org\",\"@graph\":[{\"@type\":\"WebPage\",\"@id\":\"https:\\\/\\\/www.healthychoice.lt\\\/produktai\\\/braskinis-isrugu-baltymas\\\/\",\"url\":\"https:\\\/\\\/www.healthychoice.lt\\\/produktai\\\/braskinis-isrugu-baltymas\\\/\",\"name\":\"100% i\u0161r\u016bg\u0173 baltymai bra\u0161ki\u0173 skonio, 1kg | Healthy Choice\",\"isPartOf\":{\"@id\":\"https:\\\/\\\/www.healthychoice.lt\\\/es\\\/#website\"},\"primaryImageOfPage\":{\"@id\":\"https:\\\/\\\/www.healthychoice.lt\\\/produktai\\\/braskinis-isrugu-baltymas\\\/#primaryimage\"},\"image\":{\"@id\":\"https:\\\/\\\/www.healthychoice.lt\\\/produktai\\\/braskinis-isrugu-baltymas\\\/#primaryimage\"},\"thumbnailUrl\":\"https:\\\/\\\/www.healthychoice.lt\\\/wp-content\\\/uploads\\\/2022\\\/01\\\/Isrugu-baltymai-braskiu-skonio-min.jpg\",\"datePublished\":\"2025-04-17T05:09:59+00:00\",\"dateModified\":\"2026-05-04T09:16:44+00:00\",\"breadcrumb\":{\"@id\":\"https:\\\/\\\/www.healthychoice.lt\\\/produktai\\\/braskinis-isrugu-baltymas\\\/#breadcrumb\"},\"inLanguage\":\"fr-FR\",\"potentialAction\":[{\"@type\":\"ReadAction\",\"target\":[\"https:\\\/\\\/www.healthychoice.lt\\\/produktai\\\/braskinis-isrugu-baltymas\\\/\"]}]},{\"@type\":\"ImageObject\",\"inLanguage\":\"fr-FR\",\"@id\":\"https:\\\/\\\/www.healthychoice.lt\\\/produktai\\\/braskinis-isrugu-baltymas\\\/#primaryimage\",\"url\":\"https:\\\/\\\/www.healthychoice.lt\\\/wp-content\\\/uploads\\\/2022\\\/01\\\/Isrugu-baltymai-braskiu-skonio-min.jpg\",\"contentUrl\":\"https:\\\/\\\/www.healthychoice.lt\\\/wp-content\\\/uploads\\\/2022\\\/01\\\/Isrugu-baltymai-braskiu-skonio-min.jpg\",\"width\":1024,\"height\":1024},{\"@type\":\"BreadcrumbList\",\"@id\":\"https:\\\/\\\/www.healthychoice.lt\\\/produktai\\\/braskinis-isrugu-baltymas\\\/#breadcrumb\",\"itemListElement\":[{\"@type\":\"ListItem\",\"position\":1,\"name\":\"Home\",\"item\":\"https:\\\/\\\/www.healthychoice.lt\\\/\"},{\"@type\":\"ListItem\",\"position\":2,\"name\":\"Produktai\",\"item\":\"https:\\\/\\\/www.healthychoice.lt\\\/es\\\/produktai\\\/\"},{\"@type\":\"ListItem\",\"position\":3,\"name\":\"100% i\u0161r\u016bg\u0173 baltymai bra\u0161ki\u0173 skonio, 1kg\"}]},{\"@type\":\"WebSite\",\"@id\":\"https:\\\/\\\/www.healthychoice.lt\\\/es\\\/#website\",\"url\":\"https:\\\/\\\/www.healthychoice.lt\\\/es\\\/\",\"name\":\"Healthy Choice\",\"description\":\"Mityba, kuria gali pasitik\u0117ti!\",\"alternateName\":\"Healthychoice\",\"potentialAction\":[{\"@type\":\"SearchAction\",\"target\":{\"@type\":\"EntryPoint\",\"urlTemplate\":\"https:\\\/\\\/www.healthychoice.lt\\\/es\\\/?s={search_term_string}\"},\"query-input\":{\"@type\":\"PropertyValueSpecification\",\"valueRequired\":true,\"valueName\":\"search_term_string\"}}],\"inLanguage\":\"fr-FR\"}]}<\/script>\n<!-- \/ Yoast SEO plugin. -->","yoast_head_json":{"title":"100% i\u0161r\u016bg\u0173 baltymai bra\u0161ki\u0173 skonio, 1kg | Healthy Choice","robots":{"index":"index","follow":"follow","max-snippet":"max-snippet:-1","max-image-preview":"max-image-preview:large","max-video-preview":"max-video-preview:-1"},"canonical":"https:\/\/www.healthychoice.lt\/fr\/produktai\/braskinis-isrugu-baltymas\/","og_locale":"fr_FR","og_type":"article","og_title":"100% i\u0161r\u016bg\u0173 baltymai bra\u0161ki\u0173 skonio, 1kg | Healthy Choice","og_description":"100% i\u0161r\u016bg\u0173 baltymai bra\u0161ki\u0173 skonio, 1kg","og_url":"https:\/\/www.healthychoice.lt\/fr\/produktai\/braskinis-isrugu-baltymas\/","og_site_name":"Healthy Choice","article_publisher":"https:\/\/www.facebook.com\/healthychoice.world\/","article_modified_time":"2026-05-04T09:16:44+00:00","og_image":[{"width":1024,"height":1024,"url":"https:\/\/www.healthychoice.lt\/wp-content\/uploads\/2022\/01\/Isrugu-baltymai-braskiu-skonio-min.jpg","type":"image\/jpeg"}],"twitter_card":"summary_large_image","twitter_misc":{"Dur\u00e9e de lecture estim\u00e9e":"3 minutes"},"schema":{"@context":"https:\/\/schema.org","@graph":[{"@type":"WebPage","@id":"https:\/\/www.healthychoice.lt\/produktai\/braskinis-isrugu-baltymas\/","url":"https:\/\/www.healthychoice.lt\/produktai\/braskinis-isrugu-baltymas\/","name":"100% i\u0161r\u016bg\u0173 baltymai bra\u0161ki\u0173 skonio, 1kg | Healthy Choice","isPartOf":{"@id":"https:\/\/www.healthychoice.lt\/es\/#website"},"primaryImageOfPage":{"@id":"https:\/\/www.healthychoice.lt\/produktai\/braskinis-isrugu-baltymas\/#primaryimage"},"image":{"@id":"https:\/\/www.healthychoice.lt\/produktai\/braskinis-isrugu-baltymas\/#primaryimage"},"thumbnailUrl":"https:\/\/www.healthychoice.lt\/wp-content\/uploads\/2022\/01\/Isrugu-baltymai-braskiu-skonio-min.jpg","datePublished":"2025-04-17T05:09:59+00:00","dateModified":"2026-05-04T09:16:44+00:00","breadcrumb":{"@id":"https:\/\/www.healthychoice.lt\/produktai\/braskinis-isrugu-baltymas\/#breadcrumb"},"inLanguage":"fr-FR","potentialAction":[{"@type":"ReadAction","target":["https:\/\/www.healthychoice.lt\/produktai\/braskinis-isrugu-baltymas\/"]}]},{"@type":"ImageObject","inLanguage":"fr-FR","@id":"https:\/\/www.healthychoice.lt\/produktai\/braskinis-isrugu-baltymas\/#primaryimage","url":"https:\/\/www.healthychoice.lt\/wp-content\/uploads\/2022\/01\/Isrugu-baltymai-braskiu-skonio-min.jpg","contentUrl":"https:\/\/www.healthychoice.lt\/wp-content\/uploads\/2022\/01\/Isrugu-baltymai-braskiu-skonio-min.jpg","width":1024,"height":1024},{"@type":"BreadcrumbList","@id":"https:\/\/www.healthychoice.lt\/produktai\/braskinis-isrugu-baltymas\/#breadcrumb","itemListElement":[{"@type":"ListItem","position":1,"name":"Home","item":"https:\/\/www.healthychoice.lt\/"},{"@type":"ListItem","position":2,"name":"Produktai","item":"https:\/\/www.healthychoice.lt\/es\/produktai\/"},{"@type":"ListItem","position":3,"name":"100% i\u0161r\u016bg\u0173 baltymai bra\u0161ki\u0173 skonio, 1kg"}]},{"@type":"WebSite","@id":"https:\/\/www.healthychoice.lt\/es\/#website","url":"https:\/\/www.healthychoice.lt\/es\/","name":"Le choix de la sant\u00e9","description":"Mityba, kuria gali pasitik\u0117ti!","alternateName":"Healthychoice","potentialAction":[{"@type":"SearchAction","target":{"@type":"EntryPoint","urlTemplate":"https:\/\/www.healthychoice.lt\/es\/?s={search_term_string}"},"query-input":{"@type":"PropertyValueSpecification","valueRequired":true,"valueName":"search_term_string"}}],"inLanguage":"fr-FR"}]}},"_links":{"self":[{"href":"https:\/\/www.healthychoice.lt\/fr\/wp-json\/wp\/v2\/product\/68","targetHints":{"allow":["GET"]}}],"collection":[{"href":"https:\/\/www.healthychoice.lt\/fr\/wp-json\/wp\/v2\/product"}],"about":[{"href":"https:\/\/www.healthychoice.lt\/fr\/wp-json\/wp\/v2\/types\/product"}],"wp:featuredmedia":[{"embeddable":true,"href":"https:\/\/www.healthychoice.lt\/fr\/wp-json\/wp\/v2\/media\/6072"}],"wp:attachment":[{"href":"https:\/\/www.healthychoice.lt\/fr\/wp-json\/wp\/v2\/media?parent=68"}],"wp:term":[{"taxonomy":"product_brand","embeddable":true,"href":"https:\/\/www.healthychoice.lt\/fr\/wp-json\/wp\/v2\/product_brand?post=68"},{"taxonomy":"product_cat","embeddable":true,"href":"https:\/\/www.healthychoice.lt\/fr\/wp-json\/wp\/v2\/product_cat?post=68"},{"taxonomy":"product_tag","embeddable":true,"href":"https:\/\/www.healthychoice.lt\/fr\/wp-json\/wp\/v2\/product_tag?post=68"}],"curies":[{"name":"wp","href":"https:\/\/api.w.org\/{rel}","templated":true}]}}