{"id":5907,"date":"2023-06-20T22:22:58","date_gmt":"2023-06-20T19:22:58","guid":{"rendered":"https:\/\/www.healthychoice.lt\/?post_type=product&#038;p=5907"},"modified":"2026-04-13T18:35:41","modified_gmt":"2026-04-13T15:35:41","slug":"melatoninas-tryptofan-b6","status":"publish","type":"product","link":"https:\/\/www.healthychoice.lt\/fr\/produktai\/melatoninas-tryptofan-b6\/","title":{"rendered":"M\u00e9latonine + Tryptophane + B6 120 comprim\u00e9s"},"content":{"rendered":"<p>Compl\u00e9ment alimentaire<\/p>\n<p>Melatoninas padeda sutrumpinti laik\u0105, reikaling\u0105 u\u017emigti. L-triptofanas yra nepakei\u010diama aminor\u016bg\u0161tis, b\u016btina melatonino ir serotonino sintez\u0117je dalyvaujantiems baltymams gaminti. Vitaminas B6 padeda palaikyti normali\u0105 energijos apykait\u0105, normali\u0105 nerv\u0173 sistemos veikl\u0105, normali\u0105 homocisteino apykait\u0105, normali\u0105 baltym\u0173 ir glikogeno apykait\u0105.<\/p>\n<p>120 table\u010di\u0173<br \/>\nGrynasis svoris: 32,4g<\/p>\n<p><strong>SUD\u0116TIS:<\/strong><br \/>\nt\u016brin\u0117s med\u017eiagos: mikrokristalin\u0117 celiulioz\u0117, kalcio vandenilio fosfatas; L-triptofanas, lipnum\u0105 reguliuojan\u010dios med\u017eiagos: magnio stearatas, silicio dioksidas; piridoksino hidrochloridas, melatoninas.<\/p>\n<p><strong>INGREDIENTAI (1 tablet\u0117):<\/strong><br \/>\nL-triptofanas 40 mg<br \/>\nVitaminas B6 6 mg (428,4 % RMV*)<br \/>\nMelatoninas 1 mg<\/p>\n<p>RMV* (referencin\u0117 maistin\u0117 vert\u0117).<\/p>\n<p><strong>UTILISATION :<\/strong><br \/>\nsuaugusiems po 1 tablet\u0119 per dien\u0105 prie\u0161 mieg\u0105.<br \/>\nLaikyti vaikams nepasiekiamoje vietoje!<br \/>\nNevir\u0161ykite rekomenduojamos paros doz\u0117s!<br \/>\nLaikyti originalioje pakuot\u0117je, sausoje vietoje, kambario temperat\u016broje!<br \/>\nNenaudokite maisto papildo kaip sveikos ir subalansuotos mitybos pakaitalo!<\/p>\n<p><strong>\u012eSP\u0116JIMAS:<\/strong><\/p>\n<p>Nevir\u0161yti rekomenduojamos dienos doz\u0117s. Laikyti ne auk\u0161tesn\u0117je kaip +25\u00b0C temperat\u016broje, vaikams nepasiekiamoje vietoje. Nerekomenduojama n\u0117\u0161tumo metu, \u017eindan\u010dioms mamoms, sergantiems autoimunin\u0117mis ligomis, taip pat vaikams. Vairuotojai tur\u0117t\u0173 j\u012f vartoti atsargiai, nes tablet\u0117s gali sukelti mieguistum\u0105 ir sul\u0117tinti reakcijos greit\u012f.<\/p>","protected":false},"excerpt":{"rendered":"<p>Compl\u00e9ment alimentaire<\/p>\n<p>120 table\u010di\u0173<br \/>\nGrynasis svoris: 32,4g<\/p>","protected":false},"featured_media":6064,"template":"","meta":[],"product_brand":[],"product_cat":[52,15],"product_tag":[53,60,48],"class_list":{"0":"post-5907","1":"product","2":"type-product","3":"status-publish","4":"has-post-thumbnail","6":"product_cat-akcijos","7":"product_cat-kita","8":"product_tag-exportui","9":"product_tag-groziui-ir-sveikatai","10":"product_tag-vitaminai","12":"first","13":"instock","14":"sale","15":"taxable","16":"shipping-taxable","17":"purchasable","18":"product-type-simple"},"yoast_head":"<!-- This site is optimized with the Yoast SEO plugin v27.5 - https:\/\/yoast.com\/product\/yoast-seo-wordpress\/ -->\n<title>Melatoninas + Tryptofan + B6 120 table\u010di\u0173 | Healthy Choice<\/title>\n<meta name=\"robots\" content=\"index, follow, max-snippet:-1, max-image-preview:large, max-video-preview:-1\" \/>\n<link rel=\"canonical\" href=\"https:\/\/www.healthychoice.lt\/fr\/produktai\/melatoninas-tryptofan-b6\/\" \/>\n<meta property=\"og:locale\" content=\"fr_FR\" \/>\n<meta property=\"og:type\" content=\"article\" \/>\n<meta property=\"og:title\" content=\"Melatoninas + Tryptofan + B6 120 table\u010di\u0173 | Healthy Choice\" \/>\n<meta property=\"og:description\" content=\"Maisto papildas  120 table\u010di\u0173 Grynasis svoris: 32,4g\" \/>\n<meta property=\"og:url\" content=\"https:\/\/www.healthychoice.lt\/fr\/produktai\/melatoninas-tryptofan-b6\/\" \/>\n<meta property=\"og:site_name\" content=\"Healthy Choice\" \/>\n<meta property=\"article:publisher\" content=\"https:\/\/www.facebook.com\/healthychoice.world\/\" \/>\n<meta property=\"article:modified_time\" content=\"2026-04-13T15:35:41+00:00\" \/>\n<meta property=\"og:image\" content=\"https:\/\/www.healthychoice.lt\/wp-content\/uploads\/2023\/06\/Melatoninas-Vitaminas-B6-min.jpg\" \/>\n\t<meta property=\"og:image:width\" content=\"1024\" \/>\n\t<meta property=\"og:image:height\" content=\"1024\" \/>\n\t<meta property=\"og:image:type\" content=\"image\/jpeg\" \/>\n<meta name=\"twitter:card\" content=\"summary_large_image\" \/>\n<meta name=\"twitter:label1\" content=\"Dur\u00e9e de lecture estim\u00e9e\" \/>\n\t<meta name=\"twitter:data1\" content=\"2 minutes\" \/>\n<script type=\"application\/ld+json\" class=\"yoast-schema-graph\">{\"@context\":\"https:\\\/\\\/schema.org\",\"@graph\":[{\"@type\":\"WebPage\",\"@id\":\"https:\\\/\\\/www.healthychoice.lt\\\/produktai\\\/melatoninas-tryptofan-b6\\\/\",\"url\":\"https:\\\/\\\/www.healthychoice.lt\\\/produktai\\\/melatoninas-tryptofan-b6\\\/\",\"name\":\"Melatoninas + Tryptofan + B6 120 table\u010di\u0173 | Healthy Choice\",\"isPartOf\":{\"@id\":\"https:\\\/\\\/www.healthychoice.lt\\\/es\\\/#website\"},\"primaryImageOfPage\":{\"@id\":\"https:\\\/\\\/www.healthychoice.lt\\\/produktai\\\/melatoninas-tryptofan-b6\\\/#primaryimage\"},\"image\":{\"@id\":\"https:\\\/\\\/www.healthychoice.lt\\\/produktai\\\/melatoninas-tryptofan-b6\\\/#primaryimage\"},\"thumbnailUrl\":\"https:\\\/\\\/www.healthychoice.lt\\\/wp-content\\\/uploads\\\/2023\\\/06\\\/Melatoninas-Vitaminas-B6-min.jpg\",\"datePublished\":\"2023-06-20T19:22:58+00:00\",\"dateModified\":\"2026-04-13T15:35:41+00:00\",\"breadcrumb\":{\"@id\":\"https:\\\/\\\/www.healthychoice.lt\\\/produktai\\\/melatoninas-tryptofan-b6\\\/#breadcrumb\"},\"inLanguage\":\"fr-FR\",\"potentialAction\":[{\"@type\":\"ReadAction\",\"target\":[\"https:\\\/\\\/www.healthychoice.lt\\\/produktai\\\/melatoninas-tryptofan-b6\\\/\"]}]},{\"@type\":\"ImageObject\",\"inLanguage\":\"fr-FR\",\"@id\":\"https:\\\/\\\/www.healthychoice.lt\\\/produktai\\\/melatoninas-tryptofan-b6\\\/#primaryimage\",\"url\":\"https:\\\/\\\/www.healthychoice.lt\\\/wp-content\\\/uploads\\\/2023\\\/06\\\/Melatoninas-Vitaminas-B6-min.jpg\",\"contentUrl\":\"https:\\\/\\\/www.healthychoice.lt\\\/wp-content\\\/uploads\\\/2023\\\/06\\\/Melatoninas-Vitaminas-B6-min.jpg\",\"width\":1024,\"height\":1024},{\"@type\":\"BreadcrumbList\",\"@id\":\"https:\\\/\\\/www.healthychoice.lt\\\/produktai\\\/melatoninas-tryptofan-b6\\\/#breadcrumb\",\"itemListElement\":[{\"@type\":\"ListItem\",\"position\":1,\"name\":\"Home\",\"item\":\"https:\\\/\\\/www.healthychoice.lt\\\/\"},{\"@type\":\"ListItem\",\"position\":2,\"name\":\"Produktai\",\"item\":\"https:\\\/\\\/www.healthychoice.lt\\\/es\\\/produktai\\\/\"},{\"@type\":\"ListItem\",\"position\":3,\"name\":\"Melatoninas + Tryptofan + B6 120 table\u010di\u0173\"}]},{\"@type\":\"WebSite\",\"@id\":\"https:\\\/\\\/www.healthychoice.lt\\\/es\\\/#website\",\"url\":\"https:\\\/\\\/www.healthychoice.lt\\\/es\\\/\",\"name\":\"Healthy Choice\",\"description\":\"Mityba, kuria gali pasitik\u0117ti!\",\"alternateName\":\"Healthychoice\",\"potentialAction\":[{\"@type\":\"SearchAction\",\"target\":{\"@type\":\"EntryPoint\",\"urlTemplate\":\"https:\\\/\\\/www.healthychoice.lt\\\/es\\\/?s={search_term_string}\"},\"query-input\":{\"@type\":\"PropertyValueSpecification\",\"valueRequired\":true,\"valueName\":\"search_term_string\"}}],\"inLanguage\":\"fr-FR\"}]}<\/script>\n<!-- \/ Yoast SEO plugin. -->","yoast_head_json":{"title":"Melatoninas + Tryptofan + B6 120 table\u010di\u0173 | Healthy Choice","robots":{"index":"index","follow":"follow","max-snippet":"max-snippet:-1","max-image-preview":"max-image-preview:large","max-video-preview":"max-video-preview:-1"},"canonical":"https:\/\/www.healthychoice.lt\/fr\/produktai\/melatoninas-tryptofan-b6\/","og_locale":"fr_FR","og_type":"article","og_title":"Melatoninas + Tryptofan + B6 120 table\u010di\u0173 | Healthy Choice","og_description":"Maisto papildas  120 table\u010di\u0173 Grynasis svoris: 32,4g","og_url":"https:\/\/www.healthychoice.lt\/fr\/produktai\/melatoninas-tryptofan-b6\/","og_site_name":"Healthy Choice","article_publisher":"https:\/\/www.facebook.com\/healthychoice.world\/","article_modified_time":"2026-04-13T15:35:41+00:00","og_image":[{"width":1024,"height":1024,"url":"https:\/\/www.healthychoice.lt\/wp-content\/uploads\/2023\/06\/Melatoninas-Vitaminas-B6-min.jpg","type":"image\/jpeg"}],"twitter_card":"summary_large_image","twitter_misc":{"Dur\u00e9e de lecture estim\u00e9e":"2 minutes"},"schema":{"@context":"https:\/\/schema.org","@graph":[{"@type":"WebPage","@id":"https:\/\/www.healthychoice.lt\/produktai\/melatoninas-tryptofan-b6\/","url":"https:\/\/www.healthychoice.lt\/produktai\/melatoninas-tryptofan-b6\/","name":"Melatoninas + Tryptofan + B6 120 table\u010di\u0173 | Healthy Choice","isPartOf":{"@id":"https:\/\/www.healthychoice.lt\/es\/#website"},"primaryImageOfPage":{"@id":"https:\/\/www.healthychoice.lt\/produktai\/melatoninas-tryptofan-b6\/#primaryimage"},"image":{"@id":"https:\/\/www.healthychoice.lt\/produktai\/melatoninas-tryptofan-b6\/#primaryimage"},"thumbnailUrl":"https:\/\/www.healthychoice.lt\/wp-content\/uploads\/2023\/06\/Melatoninas-Vitaminas-B6-min.jpg","datePublished":"2023-06-20T19:22:58+00:00","dateModified":"2026-04-13T15:35:41+00:00","breadcrumb":{"@id":"https:\/\/www.healthychoice.lt\/produktai\/melatoninas-tryptofan-b6\/#breadcrumb"},"inLanguage":"fr-FR","potentialAction":[{"@type":"ReadAction","target":["https:\/\/www.healthychoice.lt\/produktai\/melatoninas-tryptofan-b6\/"]}]},{"@type":"ImageObject","inLanguage":"fr-FR","@id":"https:\/\/www.healthychoice.lt\/produktai\/melatoninas-tryptofan-b6\/#primaryimage","url":"https:\/\/www.healthychoice.lt\/wp-content\/uploads\/2023\/06\/Melatoninas-Vitaminas-B6-min.jpg","contentUrl":"https:\/\/www.healthychoice.lt\/wp-content\/uploads\/2023\/06\/Melatoninas-Vitaminas-B6-min.jpg","width":1024,"height":1024},{"@type":"BreadcrumbList","@id":"https:\/\/www.healthychoice.lt\/produktai\/melatoninas-tryptofan-b6\/#breadcrumb","itemListElement":[{"@type":"ListItem","position":1,"name":"Home","item":"https:\/\/www.healthychoice.lt\/"},{"@type":"ListItem","position":2,"name":"Produktai","item":"https:\/\/www.healthychoice.lt\/es\/produktai\/"},{"@type":"ListItem","position":3,"name":"Melatoninas + Tryptofan + B6 120 table\u010di\u0173"}]},{"@type":"WebSite","@id":"https:\/\/www.healthychoice.lt\/es\/#website","url":"https:\/\/www.healthychoice.lt\/es\/","name":"Le choix de la sant\u00e9","description":"Mityba, kuria gali pasitik\u0117ti!","alternateName":"Healthychoice","potentialAction":[{"@type":"SearchAction","target":{"@type":"EntryPoint","urlTemplate":"https:\/\/www.healthychoice.lt\/es\/?s={search_term_string}"},"query-input":{"@type":"PropertyValueSpecification","valueRequired":true,"valueName":"search_term_string"}}],"inLanguage":"fr-FR"}]}},"_links":{"self":[{"href":"https:\/\/www.healthychoice.lt\/fr\/wp-json\/wp\/v2\/product\/5907","targetHints":{"allow":["GET"]}}],"collection":[{"href":"https:\/\/www.healthychoice.lt\/fr\/wp-json\/wp\/v2\/product"}],"about":[{"href":"https:\/\/www.healthychoice.lt\/fr\/wp-json\/wp\/v2\/types\/product"}],"wp:featuredmedia":[{"embeddable":true,"href":"https:\/\/www.healthychoice.lt\/fr\/wp-json\/wp\/v2\/media\/6064"}],"wp:attachment":[{"href":"https:\/\/www.healthychoice.lt\/fr\/wp-json\/wp\/v2\/media?parent=5907"}],"wp:term":[{"taxonomy":"product_brand","embeddable":true,"href":"https:\/\/www.healthychoice.lt\/fr\/wp-json\/wp\/v2\/product_brand?post=5907"},{"taxonomy":"product_cat","embeddable":true,"href":"https:\/\/www.healthychoice.lt\/fr\/wp-json\/wp\/v2\/product_cat?post=5907"},{"taxonomy":"product_tag","embeddable":true,"href":"https:\/\/www.healthychoice.lt\/fr\/wp-json\/wp\/v2\/product_tag?post=5907"}],"curies":[{"name":"wp","href":"https:\/\/api.w.org\/{rel}","templated":true}]}}