{"id":5352,"date":"2023-05-02T10:04:33","date_gmt":"2023-05-02T07:04:33","guid":{"rendered":"https:\/\/www.healthychoice.lt\/?post_type=product&#038;p=5352"},"modified":"2026-05-02T13:04:45","modified_gmt":"2026-05-02T10:04:45","slug":"vitaminas-d3","status":"publish","type":"product","link":"https:\/\/www.healthychoice.lt\/fr\/produktai\/vitaminas-d3\/","title":{"rendered":"Vitamines D3 4000UI avec huile d'olive Healthy Choice 120 g\u00e9lules"},"content":{"rendered":"<h1 class=\"western\" align=\"JUSTIFY\"><b>Vitamine D3 4000UI avec huile d'olive<\/b><\/h1>\n<p>Compl\u00e9ment alimentaire<\/p>\n<p align=\"JUSTIFY\">120 g\u00e9lules \/ 130g Contenu net<\/p>\n<p align=\"JUSTIFY\">La vitamine D contribue au maintien d'une fonction immunitaire normale, \u00e0 la sant\u00e9 des os et des dents, \u00e0 la fonction musculaire, \u00e0 l'absorption du calcium et du phosphore et \u00e0 la calc\u00e9mie. La vitamine D joue un r\u00f4le dans la division cellulaire.<\/p>\n<h2 class=\"western\" align=\"JUSTIFY\">INGREDIENTS<\/h2>\n<p align=\"JUSTIFY\">Huile d'olive, enveloppe de la g\u00e9lule - g\u00e9latine, humectant glyc\u00e9rol, eau, chol\u00e9calcif\u00e9rol.<\/p>\n<p align=\"JUSTIFY\">1 g\u00e9lule contient (RMV*, %) : vitamine D3 100 \u03bcg (2000 %), huile d'olive 146 mg.<\/p>\n<p align=\"JUSTIFY\">*RMV (Valeur Nutritionnelle de R\u00e9f\u00e9rence).<\/p>\n<h2 class=\"western\" align=\"JUSTIFY\">CONSOMMATION<\/h2>\n<p align=\"JUSTIFY\">Il est recommand\u00e9 de prendre 1 g\u00e9lule par jour. Prendre par voie orale. Ne pas d\u00e9passer la dose recommand\u00e9e.<\/p>\n<h2 class=\"western\" align=\"JUSTIFY\">AVERTISSEMENTS<\/h2>\n<p align=\"JUSTIFY\">Le compl\u00e9ment alimentaire ne peut \u00eatre consomm\u00e9 que par des adultes \u00e2g\u00e9s de 18 ans et plus. Conserver \u00e0 une temp\u00e9rature ne d\u00e9passant pas +25\u00b0C, \u00e0 l'abri de la lumi\u00e8re et hors de port\u00e9e des enfants, dans l'emballage d'origine. Le compl\u00e9ment alimentaire ne doit pas \u00eatre utilis\u00e9 comme substitut alimentaire. Une alimentation vari\u00e9e et \u00e9quilibr\u00e9e et un mode de vie sain sont importants.<\/p>","protected":false},"excerpt":{"rendered":"<p>Compl\u00e9ment alimentaire<\/p>\n<p>120 g\u00e9lules \/ 130g Contenu net<\/p>","protected":false},"featured_media":5353,"template":"","meta":[],"product_brand":[],"product_cat":[52,15,103],"product_tag":[53,60,24,48,57],"class_list":{"0":"post-5352","1":"product","2":"type-product","3":"status-publish","4":"has-post-thumbnail","6":"product_cat-akcijos","7":"product_cat-kita","8":"product_cat-maisto-papildai","9":"product_tag-exportui","10":"product_tag-groziui-ir-sveikatai","11":"product_tag-paprasti-produktai","12":"product_tag-vitaminai","13":"product_tag-vitamindas-d-dovana-riesutu-uztepas","15":"first","16":"instock","17":"sale","18":"taxable","19":"shipping-taxable","20":"purchasable","21":"product-type-simple"},"yoast_head":"<!-- This site is optimized with the Yoast SEO plugin v27.5 - https:\/\/yoast.com\/product\/yoast-seo-wordpress\/ -->\n<title>Vitaminai D3 4000IU su alyvuogi\u0173 aliejumi &quot;Healthy Choice&quot; 120 kapsuli\u0173 | Healthy Choice<\/title>\n<meta name=\"robots\" content=\"index, follow, max-snippet:-1, max-image-preview:large, max-video-preview:-1\" \/>\n<link rel=\"canonical\" href=\"https:\/\/www.healthychoice.lt\/fr\/produktai\/vitaminas-d3\/\" \/>\n<meta property=\"og:locale\" content=\"fr_FR\" \/>\n<meta property=\"og:type\" content=\"article\" \/>\n<meta property=\"og:title\" content=\"Vitaminai D3 4000IU su alyvuogi\u0173 aliejumi &quot;Healthy Choice&quot; 120 kapsuli\u0173 | Healthy Choice\" \/>\n<meta property=\"og:description\" content=\"Maisto papildas  120 kapsuli\u0173 \/ 130g Grynasis kiekis\" \/>\n<meta property=\"og:url\" content=\"https:\/\/www.healthychoice.lt\/fr\/produktai\/vitaminas-d3\/\" \/>\n<meta property=\"og:site_name\" content=\"Healthy Choice\" \/>\n<meta property=\"article:publisher\" content=\"https:\/\/www.facebook.com\/healthychoice.world\/\" \/>\n<meta property=\"article:modified_time\" content=\"2026-05-02T10:04:45+00:00\" \/>\n<meta property=\"og:image\" content=\"https:\/\/www.healthychoice.lt\/wp-content\/uploads\/2023\/05\/vitaminas-D3-min.jpg\" \/>\n\t<meta property=\"og:image:width\" content=\"1024\" \/>\n\t<meta property=\"og:image:height\" content=\"1024\" \/>\n\t<meta property=\"og:image:type\" content=\"image\/jpeg\" \/>\n<meta name=\"twitter:card\" content=\"summary_large_image\" \/>\n<meta name=\"twitter:label1\" content=\"Dur\u00e9e de lecture estim\u00e9e\" \/>\n\t<meta name=\"twitter:data1\" content=\"1 minute\" \/>\n<script type=\"application\/ld+json\" class=\"yoast-schema-graph\">{\"@context\":\"https:\\\/\\\/schema.org\",\"@graph\":[{\"@type\":\"WebPage\",\"@id\":\"https:\\\/\\\/www.healthychoice.lt\\\/produktai\\\/vitaminas-d3\\\/\",\"url\":\"https:\\\/\\\/www.healthychoice.lt\\\/produktai\\\/vitaminas-d3\\\/\",\"name\":\"Vitaminai D3 4000IU su alyvuogi\u0173 aliejumi \\\"Healthy Choice\\\" 120 kapsuli\u0173 | Healthy Choice\",\"isPartOf\":{\"@id\":\"https:\\\/\\\/www.healthychoice.lt\\\/es\\\/#website\"},\"primaryImageOfPage\":{\"@id\":\"https:\\\/\\\/www.healthychoice.lt\\\/produktai\\\/vitaminas-d3\\\/#primaryimage\"},\"image\":{\"@id\":\"https:\\\/\\\/www.healthychoice.lt\\\/produktai\\\/vitaminas-d3\\\/#primaryimage\"},\"thumbnailUrl\":\"https:\\\/\\\/www.healthychoice.lt\\\/wp-content\\\/uploads\\\/2023\\\/05\\\/vitaminas-D3-min.jpg\",\"datePublished\":\"2023-05-02T07:04:33+00:00\",\"dateModified\":\"2026-05-02T10:04:45+00:00\",\"breadcrumb\":{\"@id\":\"https:\\\/\\\/www.healthychoice.lt\\\/produktai\\\/vitaminas-d3\\\/#breadcrumb\"},\"inLanguage\":\"fr-FR\",\"potentialAction\":[{\"@type\":\"ReadAction\",\"target\":[\"https:\\\/\\\/www.healthychoice.lt\\\/produktai\\\/vitaminas-d3\\\/\"]}]},{\"@type\":\"ImageObject\",\"inLanguage\":\"fr-FR\",\"@id\":\"https:\\\/\\\/www.healthychoice.lt\\\/produktai\\\/vitaminas-d3\\\/#primaryimage\",\"url\":\"https:\\\/\\\/www.healthychoice.lt\\\/wp-content\\\/uploads\\\/2023\\\/05\\\/vitaminas-D3-min.jpg\",\"contentUrl\":\"https:\\\/\\\/www.healthychoice.lt\\\/wp-content\\\/uploads\\\/2023\\\/05\\\/vitaminas-D3-min.jpg\",\"width\":1024,\"height\":1024},{\"@type\":\"BreadcrumbList\",\"@id\":\"https:\\\/\\\/www.healthychoice.lt\\\/produktai\\\/vitaminas-d3\\\/#breadcrumb\",\"itemListElement\":[{\"@type\":\"ListItem\",\"position\":1,\"name\":\"Home\",\"item\":\"https:\\\/\\\/www.healthychoice.lt\\\/\"},{\"@type\":\"ListItem\",\"position\":2,\"name\":\"Produktai\",\"item\":\"https:\\\/\\\/www.healthychoice.lt\\\/es\\\/produktai\\\/\"},{\"@type\":\"ListItem\",\"position\":3,\"name\":\"Vitaminai D3 4000IU su alyvuogi\u0173 aliejumi &#8222;Healthy Choice&#8221; 120 kapsuli\u0173\"}]},{\"@type\":\"WebSite\",\"@id\":\"https:\\\/\\\/www.healthychoice.lt\\\/es\\\/#website\",\"url\":\"https:\\\/\\\/www.healthychoice.lt\\\/es\\\/\",\"name\":\"Healthy Choice\",\"description\":\"Mityba, kuria gali pasitik\u0117ti!\",\"alternateName\":\"Healthychoice\",\"potentialAction\":[{\"@type\":\"SearchAction\",\"target\":{\"@type\":\"EntryPoint\",\"urlTemplate\":\"https:\\\/\\\/www.healthychoice.lt\\\/es\\\/?s={search_term_string}\"},\"query-input\":{\"@type\":\"PropertyValueSpecification\",\"valueRequired\":true,\"valueName\":\"search_term_string\"}}],\"inLanguage\":\"fr-FR\"}]}<\/script>\n<!-- \/ Yoast SEO plugin. -->","yoast_head_json":{"title":"Vitaminai D3 4000IU su alyvuogi\u0173 aliejumi \"Healthy Choice\" 120 kapsuli\u0173 | Healthy Choice","robots":{"index":"index","follow":"follow","max-snippet":"max-snippet:-1","max-image-preview":"max-image-preview:large","max-video-preview":"max-video-preview:-1"},"canonical":"https:\/\/www.healthychoice.lt\/fr\/produktai\/vitaminas-d3\/","og_locale":"fr_FR","og_type":"article","og_title":"Vitaminai D3 4000IU su alyvuogi\u0173 aliejumi \"Healthy Choice\" 120 kapsuli\u0173 | Healthy Choice","og_description":"Maisto papildas  120 kapsuli\u0173 \/ 130g Grynasis kiekis","og_url":"https:\/\/www.healthychoice.lt\/fr\/produktai\/vitaminas-d3\/","og_site_name":"Healthy Choice","article_publisher":"https:\/\/www.facebook.com\/healthychoice.world\/","article_modified_time":"2026-05-02T10:04:45+00:00","og_image":[{"width":1024,"height":1024,"url":"https:\/\/www.healthychoice.lt\/wp-content\/uploads\/2023\/05\/vitaminas-D3-min.jpg","type":"image\/jpeg"}],"twitter_card":"summary_large_image","twitter_misc":{"Dur\u00e9e de lecture estim\u00e9e":"1 minute"},"schema":{"@context":"https:\/\/schema.org","@graph":[{"@type":"WebPage","@id":"https:\/\/www.healthychoice.lt\/produktai\/vitaminas-d3\/","url":"https:\/\/www.healthychoice.lt\/produktai\/vitaminas-d3\/","name":"Vitaminai D3 4000IU su alyvuogi\u0173 aliejumi \"Healthy Choice\" 120 kapsuli\u0173 | Healthy Choice","isPartOf":{"@id":"https:\/\/www.healthychoice.lt\/es\/#website"},"primaryImageOfPage":{"@id":"https:\/\/www.healthychoice.lt\/produktai\/vitaminas-d3\/#primaryimage"},"image":{"@id":"https:\/\/www.healthychoice.lt\/produktai\/vitaminas-d3\/#primaryimage"},"thumbnailUrl":"https:\/\/www.healthychoice.lt\/wp-content\/uploads\/2023\/05\/vitaminas-D3-min.jpg","datePublished":"2023-05-02T07:04:33+00:00","dateModified":"2026-05-02T10:04:45+00:00","breadcrumb":{"@id":"https:\/\/www.healthychoice.lt\/produktai\/vitaminas-d3\/#breadcrumb"},"inLanguage":"fr-FR","potentialAction":[{"@type":"ReadAction","target":["https:\/\/www.healthychoice.lt\/produktai\/vitaminas-d3\/"]}]},{"@type":"ImageObject","inLanguage":"fr-FR","@id":"https:\/\/www.healthychoice.lt\/produktai\/vitaminas-d3\/#primaryimage","url":"https:\/\/www.healthychoice.lt\/wp-content\/uploads\/2023\/05\/vitaminas-D3-min.jpg","contentUrl":"https:\/\/www.healthychoice.lt\/wp-content\/uploads\/2023\/05\/vitaminas-D3-min.jpg","width":1024,"height":1024},{"@type":"BreadcrumbList","@id":"https:\/\/www.healthychoice.lt\/produktai\/vitaminas-d3\/#breadcrumb","itemListElement":[{"@type":"ListItem","position":1,"name":"Home","item":"https:\/\/www.healthychoice.lt\/"},{"@type":"ListItem","position":2,"name":"Produktai","item":"https:\/\/www.healthychoice.lt\/es\/produktai\/"},{"@type":"ListItem","position":3,"name":"Vitaminai D3 4000IU su alyvuogi\u0173 aliejumi &#8222;Healthy Choice&#8221; 120 kapsuli\u0173"}]},{"@type":"WebSite","@id":"https:\/\/www.healthychoice.lt\/es\/#website","url":"https:\/\/www.healthychoice.lt\/es\/","name":"Le choix de la sant\u00e9","description":"Mityba, kuria gali pasitik\u0117ti!","alternateName":"Healthychoice","potentialAction":[{"@type":"SearchAction","target":{"@type":"EntryPoint","urlTemplate":"https:\/\/www.healthychoice.lt\/es\/?s={search_term_string}"},"query-input":{"@type":"PropertyValueSpecification","valueRequired":true,"valueName":"search_term_string"}}],"inLanguage":"fr-FR"}]}},"_links":{"self":[{"href":"https:\/\/www.healthychoice.lt\/fr\/wp-json\/wp\/v2\/product\/5352","targetHints":{"allow":["GET"]}}],"collection":[{"href":"https:\/\/www.healthychoice.lt\/fr\/wp-json\/wp\/v2\/product"}],"about":[{"href":"https:\/\/www.healthychoice.lt\/fr\/wp-json\/wp\/v2\/types\/product"}],"wp:featuredmedia":[{"embeddable":true,"href":"https:\/\/www.healthychoice.lt\/fr\/wp-json\/wp\/v2\/media\/5353"}],"wp:attachment":[{"href":"https:\/\/www.healthychoice.lt\/fr\/wp-json\/wp\/v2\/media?parent=5352"}],"wp:term":[{"taxonomy":"product_brand","embeddable":true,"href":"https:\/\/www.healthychoice.lt\/fr\/wp-json\/wp\/v2\/product_brand?post=5352"},{"taxonomy":"product_cat","embeddable":true,"href":"https:\/\/www.healthychoice.lt\/fr\/wp-json\/wp\/v2\/product_cat?post=5352"},{"taxonomy":"product_tag","embeddable":true,"href":"https:\/\/www.healthychoice.lt\/fr\/wp-json\/wp\/v2\/product_tag?post=5352"}],"curies":[{"name":"wp","href":"https:\/\/api.w.org\/{rel}","templated":true}]}}