{"id":5350,"date":"2023-05-02T10:03:20","date_gmt":"2023-05-02T07:03:20","guid":{"rendered":"https:\/\/www.healthychoice.lt\/?post_type=product&#038;p=5350"},"modified":"2026-05-08T18:00:19","modified_gmt":"2026-05-08T15:00:19","slug":"omega","status":"publish","type":"product","link":"https:\/\/www.healthychoice.lt\/fr\/produktai\/omega\/","title":{"rendered":"Huile de poisson om\u00e9ga-3 Healthy Choice 120 g\u00e9lules"},"content":{"rendered":"<p align=\"CENTER\"><span style=\"font-family: Open Sans, serif;\"><span style=\"font-size: large;\"><b>Om\u00e9ga-3<\/b><\/span><\/span><\/p>\n<p align=\"CENTER\"><span style=\"font-family: Open Sans, serif;\"><span style=\"font-size: large;\"><b>Huile de poisson 1000 mg<\/b><\/span><\/span><\/p>\n<p align=\"CENTER\"><span style=\"font-family: Open Sans, serif;\"><span style=\"font-size: large;\"><b>500 mg EPR &amp; 250 mg DHA TG <\/b><\/span><\/span><\/p>\n<p align=\"CENTER\"><span style=\"font-family: Open Sans, serif;\"><b>(Compl\u00e9ment alimentaire)<\/b><\/span><\/p>\n<p align=\"JUSTIFY\"><a name=\"Bookmark\"><\/a><a name=\"_Hlk128551328\"><\/a> <span style=\"font-family: Times New Roman, serif;\"><span style=\"font-size: medium;\">Quantit\u00e9 nette : <\/span><\/span><span style=\"font-family: Times New Roman, serif;\"><span style=\"font-size: medium;\"><span lang=\"en-US\">160.8<\/span><\/span><\/span><span style=\"font-family: Times New Roman, serif;\"><span style=\"font-size: medium;\"> g \/ 120 softgels<\/span><\/span><\/p>\n<p align=\"JUSTIFY\"><a name=\"Bookmark1\"><\/a> \"<span style=\"font-family: Times New Roman, serif;\"><span style=\"font-size: medium;\">Healthy Choice Omega-3 Fish Oil 1000mg 500 mg EPA &amp; 250 mg DHA TG. <\/span><\/span><span style=\"font-family: Times New Roman, serif;\"><span style=\"font-size: medium;\">L'emballage est suffisant pour une utilisation de 3 mois.<\/span><\/span><\/p>\n<div>Les om\u00e9ga-3 sont des acides gras polyinsatur\u00e9s, \u00e9galement connus sous le nom de bonnes graisses. Il s'agit d'un acide gras essentiel que l'organisme ne peut pas fabriquer lui-m\u00eame. Il est indispensable \u00e0 notre organisme pour produire divers compos\u00e9s biologiquement actifs. Les om\u00e9ga-3 peuvent \u00eatre obtenus \u00e0 partir de l'alimentation et se trouvent g\u00e9n\u00e9ralement dans l'huile de poisson, mais il peut \u00eatre difficile d'en obtenir suffisamment \u00e0 partir de ce que l'on mange. Les acides gras polyinsatur\u00e9s tels que l'acide eicosapenta\u00e9no\u00efque (EPA) et l'acide docosahexa\u00e9no\u00efque (DHA) sont extraits de poissons tels que le maquereau, le saumon, le thon et d'autres. Ces acides gras contribuent au maintien d'une fonction cardiaque normale. Les effets b\u00e9n\u00e9fiques sont observ\u00e9s avec un apport quotidien de 250 mg d'EPA et de DHA.<\/div>\n<div><\/div>\n<div>L'huile de poisson om\u00e9ga-3 1000 mg en capsules molles contient des om\u00e9ga-3 riches en acides gras insatur\u00e9s EPA (acide eicosapenta\u00e9no\u00efque) et DHA (acide docosahexa\u00e9no\u00efque).<\/div>\n<div><\/div>\n<div>DHA - acide docosahexa\u00e9no\u00efque<\/div>\n<div><\/div>\n<div>Il s'agit d'un acide gras om\u00e9ga-3 \u00e0 longue cha\u00eene, important pour le d\u00e9veloppement du cerveau, des yeux et du corps en g\u00e9n\u00e9ral, et qui contribue au maintien d'une fonction cardiaque normale. Un apport insuffisant en cet acide peut entra\u00eener une d\u00e9ficience visuelle.<\/div>\n<div><\/div>\n<div>EPR - acide eicosapenta\u00e9no\u00efque<\/div>\n<div><\/div>\n<div>Il s'agit d'un acide gras om\u00e9ga-3 \u00e0 longue cha\u00eene, important pour la sant\u00e9 g\u00e9n\u00e9rale et qui contribue au maintien d'une fonction cardiaque normale.<\/div>\n<div><\/div>\n<table border=\"1\" width=\"623\" cellspacing=\"0\" cellpadding=\"7\">\n<tbody>\n<tr>\n<td colspan=\"3\" width=\"607\">\n<p lang=\"en-US\"><a name=\"Bookmark2\"><\/a><span style=\"font-family: Times New Roman, serif;\"><span style=\"font-size: medium;\">Ingr\u00e9dients (1 g\u00e9lule)<\/span><\/span><\/p>\n<\/td>\n<\/tr>\n<tr>\n<td colspan=\"2\" width=\"429\">\n<p lang=\"en-US\"><a name=\"_Hlk128551359\"><\/a><span style=\"font-family: Times New Roman, serif;\"><span style=\"font-size: medium;\">Huile de poisson <\/span><\/span><\/p>\n<\/td>\n<td valign=\"TOP\" width=\"164\">\n<p lang=\"en-US\"><span style=\"font-family: Times New Roman, serif;\"><span style=\"font-size: medium;\">1000 mg<\/span><\/span><\/p>\n<\/td>\n<\/tr>\n<tr>\n<td width=\"183\"><\/td>\n<td width=\"232\">\n<p lang=\"en-US\"><span style=\"font-family: Times New Roman, serif;\"><span style=\"font-size: medium;\">EPR (acide eicosapenta\u00e9no\u00efque)<\/span><\/span><\/p>\n<\/td>\n<td width=\"164\">\n<p lang=\"en-US\"><span style=\"font-family: Times New Roman, serif;\"><span style=\"font-size: medium;\">500 mg<\/span><\/span><\/p>\n<\/td>\n<\/tr>\n<tr>\n<td width=\"183\"><\/td>\n<td width=\"232\">\n<p lang=\"en-US\"><span style=\"font-family: Times New Roman, serif;\"><span style=\"font-size: medium;\">DHA (acide docosahexa\u00e9no\u00efque)<\/span><\/span><\/p>\n<\/td>\n<td width=\"164\">\n<p lang=\"en-US\"><span style=\"font-family: Times New Roman, serif;\"><span style=\"font-size: medium;\">250 mg<\/span><\/span><\/p>\n<\/td>\n<\/tr>\n<tr>\n<td colspan=\"3\" width=\"607\">\n<p lang=\"en-US\"><span style=\"font-family: Times New Roman, serif;\"><span style=\"font-size: medium;\">Teneur en om\u00e9ga-3 non inf\u00e9rieure \u00e0 75% (50% EPR et 25% DHA)<\/span><\/span><\/p>\n<\/td>\n<\/tr>\n<tr>\n<td colspan=\"3\" width=\"607\">\n<p lang=\"en-US\"><span style=\"font-family: Times New Roman, serif;\"><span style=\"font-size: medium;\">Coquille de la capsule<\/span><\/span><\/p>\n<\/td>\n<\/tr>\n<tr>\n<td colspan=\"2\" width=\"429\">\n<p lang=\"en-US\"><span style=\"font-family: Times New Roman, serif;\"><span style=\"font-size: medium;\">G\u00e9latine<\/span><\/span><\/p>\n<\/td>\n<td width=\"164\">\n<p lang=\"en-US\"><span style=\"font-family: Times New Roman, serif;\"><span style=\"font-size: medium;\">210 mg<\/span><\/span><\/p>\n<\/td>\n<\/tr>\n<tr>\n<td colspan=\"2\" width=\"429\">\n<p lang=\"en-US\"><a name=\"_Hlk128160919\"><\/a><span style=\"font-family: Times New Roman, serif;\"><span style=\"font-size: medium;\">Glyc\u00e9rol<\/span><\/span><\/p>\n<\/td>\n<td width=\"164\">\n<p lang=\"en-US\"><span style=\"font-family: Times New Roman, serif;\"><span style=\"font-size: medium;\">135 mg<\/span><\/span><\/p>\n<\/td>\n<\/tr>\n<tr>\n<td colspan=\"2\" width=\"429\" height=\"3\">\n<p lang=\"en-US\"><span style=\"font-family: Times New Roman, serif;\"><span style=\"font-size: medium;\">L'eau<\/span><\/span><\/p>\n<\/td>\n<td width=\"164\">\n<p lang=\"en-US\"><span style=\"font-family: Times New Roman, serif;\"><span style=\"font-size: medium;\">25 mg<\/span><\/span><\/p>\n<\/td>\n<\/tr>\n<\/tbody>\n<\/table>\n<p align=\"JUSTIFY\"><span style=\"font-family: Open Sans, serif;\"><span style=\"font-size: large;\"><b>INGR\u00c9DIENTS :<\/b><\/span><\/span><\/p>\n<p><a name=\"Bookmark3\"><\/a> <span style=\"font-family: Times New Roman, serif;\"><span style=\"font-size: medium;\">Huile de poisson, g\u00e9latine (enveloppe de la g\u00e9lule), glyc\u00e9rine (enveloppe de la g\u00e9lule), eau (enveloppe de la g\u00e9lule).<\/span><\/span><\/p>\n<p><span style=\"font-family: Open Sans, serif;\"><span style=\"font-size: large;\"><b>UTILISATION :<\/b><\/span><\/span><\/p>\n<p><span style=\"font-family: Times New Roman, serif;\"><span style=\"font-size: medium;\">Adultes : 1 softgel par jour. Prendre avec de la nourriture. Si vous \u00eates enceinte ou si vous allaitez, si vous prenez des m\u00e9dicaments ou si vous souffrez d'un probl\u00e8me de sant\u00e9, veuillez consulter votre m\u00e9decin avant d'utiliser ce produit.<\/span><\/span><\/p>\n<p><span style=\"font-family: Open Sans, serif;\"><span style=\"font-size: large;\"><b>MISES EN GARDE :<\/b><\/span><\/span><\/p>\n<p><span style=\"font-family: Times New Roman, serif;\"><span style=\"font-size: medium;\">Ne pas d\u00e9passer la dose journali\u00e8re recommand\u00e9e. Conserver \u00e0 temp\u00e9rature ambiante, dans un endroit sec, hors de port\u00e9e des enfants et \u00e0 l'abri de la lumi\u00e8re directe du soleil. Le compl\u00e9ment alimentaire ne se substitue pas \u00e0 l'alimentation, il est donc important d'avoir un r\u00e9gime alimentaire vari\u00e9 et \u00e9quilibr\u00e9. Le produit ne contient pas de lactose, d'\u0153uf, de gluten ou d'autres allerg\u00e8nes potentiels. Le produit contient des produits de la p\u00eache et ne convient donc pas aux v\u00e9g\u00e9tariens et aux v\u00e9g\u00e9taliens.<\/span><\/span><\/p>\n<p align=\"JUSTIFY\"><a name=\"Bookmark4\"><\/a> <span style=\"font-family: Times New Roman, serif;\"><span style=\"font-size: medium;\">All\u00e9gations de sant\u00e9 approuv\u00e9es par le r\u00e8glement (UE) n\u00b0 274\/2014 de la Commission europ\u00e9enne.<\/span><\/span><\/p>","protected":false},"excerpt":{"rendered":"<p>Les om\u00e9ga-3 sont des acides gras polyinsatur\u00e9s, \u00e9galement connus sous le nom de bonnes graisses. Il s'agit d'un acide gras essentiel que l'organisme ne peut pas fabriquer lui-m\u00eame. Il est indispensable \u00e0 notre organisme pour produire divers compos\u00e9s biologiquement actifs.<\/p>","protected":false},"featured_media":6063,"template":"","meta":[],"product_brand":[],"product_cat":[52,103],"product_tag":[53,60,24,48],"class_list":{"0":"post-5350","1":"product","2":"type-product","3":"status-publish","4":"has-post-thumbnail","6":"product_cat-akcijos","7":"product_cat-maisto-papildai","8":"product_tag-exportui","9":"product_tag-groziui-ir-sveikatai","10":"product_tag-paprasti-produktai","11":"product_tag-vitaminai","13":"first","14":"instock","15":"sale","16":"taxable","17":"shipping-taxable","18":"purchasable","19":"product-type-simple"},"yoast_head":"<!-- This site is optimized with the Yoast SEO plugin v27.5 - https:\/\/yoast.com\/product\/yoast-seo-wordpress\/ -->\n<title>Omega-3 \u017euv\u0173 taukai &quot;Healthy Choice&quot; 120 kapsuli\u0173| Healthy Choice<\/title>\n<meta name=\"robots\" content=\"index, follow, max-snippet:-1, max-image-preview:large, max-video-preview:-1\" \/>\n<link rel=\"canonical\" href=\"https:\/\/www.healthychoice.lt\/fr\/produktai\/omega\/\" \/>\n<meta property=\"og:locale\" content=\"fr_FR\" \/>\n<meta property=\"og:type\" content=\"article\" \/>\n<meta property=\"og:title\" content=\"Omega-3 \u017euv\u0173 taukai &quot;Healthy Choice&quot; 120 kapsuli\u0173| Healthy Choice\" \/>\n<meta property=\"og:description\" content=\"Omega-3 yra polineso\u010diosios riebal\u0173 r\u016bg\u0161tys, kitaip dar vadinamos geraisiais riebalais. Tai nepakei\u010diamoji riebal\u0173 r\u016bg\u0161tis, kurios organizmas pats negali pasigaminti. Ji b\u016btina m\u016bs\u0173 organizmui, gaminat \u012fvairius biologi\u0161kai aktyvius junginius.\" \/>\n<meta property=\"og:url\" content=\"https:\/\/www.healthychoice.lt\/fr\/produktai\/omega\/\" \/>\n<meta property=\"og:site_name\" content=\"Healthy Choice\" \/>\n<meta property=\"article:publisher\" content=\"https:\/\/www.facebook.com\/healthychoice.world\/\" \/>\n<meta property=\"article:modified_time\" content=\"2026-05-08T15:00:19+00:00\" \/>\n<meta property=\"og:image\" content=\"https:\/\/www.healthychoice.lt\/wp-content\/uploads\/2023\/06\/Omega-3-zuvu-taukai-min.jpg\" \/>\n\t<meta property=\"og:image:width\" content=\"1024\" \/>\n\t<meta property=\"og:image:height\" content=\"1024\" \/>\n\t<meta property=\"og:image:type\" content=\"image\/jpeg\" \/>\n<meta name=\"twitter:card\" content=\"summary_large_image\" \/>\n<meta name=\"twitter:label1\" content=\"Dur\u00e9e de lecture estim\u00e9e\" \/>\n\t<meta name=\"twitter:data1\" content=\"2 minutes\" \/>\n<script type=\"application\/ld+json\" class=\"yoast-schema-graph\">{\"@context\":\"https:\\\/\\\/schema.org\",\"@graph\":[{\"@type\":\"WebPage\",\"@id\":\"https:\\\/\\\/www.healthychoice.lt\\\/produktai\\\/omega\\\/\",\"url\":\"https:\\\/\\\/www.healthychoice.lt\\\/produktai\\\/omega\\\/\",\"name\":\"Omega-3 \u017euv\u0173 taukai \\\"Healthy Choice\\\" 120 kapsuli\u0173| Healthy Choice\",\"isPartOf\":{\"@id\":\"https:\\\/\\\/www.healthychoice.lt\\\/es\\\/#website\"},\"primaryImageOfPage\":{\"@id\":\"https:\\\/\\\/www.healthychoice.lt\\\/produktai\\\/omega\\\/#primaryimage\"},\"image\":{\"@id\":\"https:\\\/\\\/www.healthychoice.lt\\\/produktai\\\/omega\\\/#primaryimage\"},\"thumbnailUrl\":\"https:\\\/\\\/www.healthychoice.lt\\\/wp-content\\\/uploads\\\/2023\\\/06\\\/Omega-3-zuvu-taukai-min.jpg\",\"datePublished\":\"2023-05-02T07:03:20+00:00\",\"dateModified\":\"2026-05-08T15:00:19+00:00\",\"breadcrumb\":{\"@id\":\"https:\\\/\\\/www.healthychoice.lt\\\/produktai\\\/omega\\\/#breadcrumb\"},\"inLanguage\":\"fr-FR\",\"potentialAction\":[{\"@type\":\"ReadAction\",\"target\":[\"https:\\\/\\\/www.healthychoice.lt\\\/produktai\\\/omega\\\/\"]}]},{\"@type\":\"ImageObject\",\"inLanguage\":\"fr-FR\",\"@id\":\"https:\\\/\\\/www.healthychoice.lt\\\/produktai\\\/omega\\\/#primaryimage\",\"url\":\"https:\\\/\\\/www.healthychoice.lt\\\/wp-content\\\/uploads\\\/2023\\\/06\\\/Omega-3-zuvu-taukai-min.jpg\",\"contentUrl\":\"https:\\\/\\\/www.healthychoice.lt\\\/wp-content\\\/uploads\\\/2023\\\/06\\\/Omega-3-zuvu-taukai-min.jpg\",\"width\":1024,\"height\":1024},{\"@type\":\"BreadcrumbList\",\"@id\":\"https:\\\/\\\/www.healthychoice.lt\\\/produktai\\\/omega\\\/#breadcrumb\",\"itemListElement\":[{\"@type\":\"ListItem\",\"position\":1,\"name\":\"Home\",\"item\":\"https:\\\/\\\/www.healthychoice.lt\\\/\"},{\"@type\":\"ListItem\",\"position\":2,\"name\":\"Produktai\",\"item\":\"https:\\\/\\\/www.healthychoice.lt\\\/es\\\/produktai\\\/\"},{\"@type\":\"ListItem\",\"position\":3,\"name\":\"Omega-3 \u017euv\u0173 taukai &#8222;Healthy Choice&#8221; 120 kapsuli\u0173\"}]},{\"@type\":\"WebSite\",\"@id\":\"https:\\\/\\\/www.healthychoice.lt\\\/es\\\/#website\",\"url\":\"https:\\\/\\\/www.healthychoice.lt\\\/es\\\/\",\"name\":\"Healthy Choice\",\"description\":\"Mityba, kuria gali pasitik\u0117ti!\",\"alternateName\":\"Healthychoice\",\"potentialAction\":[{\"@type\":\"SearchAction\",\"target\":{\"@type\":\"EntryPoint\",\"urlTemplate\":\"https:\\\/\\\/www.healthychoice.lt\\\/es\\\/?s={search_term_string}\"},\"query-input\":{\"@type\":\"PropertyValueSpecification\",\"valueRequired\":true,\"valueName\":\"search_term_string\"}}],\"inLanguage\":\"fr-FR\"}]}<\/script>\n<!-- \/ Yoast SEO plugin. -->","yoast_head_json":{"title":"Omega-3 \u017euv\u0173 taukai \"Healthy Choice\" 120 kapsuli\u0173| Healthy Choice","robots":{"index":"index","follow":"follow","max-snippet":"max-snippet:-1","max-image-preview":"max-image-preview:large","max-video-preview":"max-video-preview:-1"},"canonical":"https:\/\/www.healthychoice.lt\/fr\/produktai\/omega\/","og_locale":"fr_FR","og_type":"article","og_title":"Omega-3 \u017euv\u0173 taukai \"Healthy Choice\" 120 kapsuli\u0173| Healthy Choice","og_description":"Omega-3 yra polineso\u010diosios riebal\u0173 r\u016bg\u0161tys, kitaip dar vadinamos geraisiais riebalais. Tai nepakei\u010diamoji riebal\u0173 r\u016bg\u0161tis, kurios organizmas pats negali pasigaminti. Ji b\u016btina m\u016bs\u0173 organizmui, gaminat \u012fvairius biologi\u0161kai aktyvius junginius.","og_url":"https:\/\/www.healthychoice.lt\/fr\/produktai\/omega\/","og_site_name":"Healthy Choice","article_publisher":"https:\/\/www.facebook.com\/healthychoice.world\/","article_modified_time":"2026-05-08T15:00:19+00:00","og_image":[{"width":1024,"height":1024,"url":"https:\/\/www.healthychoice.lt\/wp-content\/uploads\/2023\/06\/Omega-3-zuvu-taukai-min.jpg","type":"image\/jpeg"}],"twitter_card":"summary_large_image","twitter_misc":{"Dur\u00e9e de lecture estim\u00e9e":"2 minutes"},"schema":{"@context":"https:\/\/schema.org","@graph":[{"@type":"WebPage","@id":"https:\/\/www.healthychoice.lt\/produktai\/omega\/","url":"https:\/\/www.healthychoice.lt\/produktai\/omega\/","name":"Omega-3 \u017euv\u0173 taukai \"Healthy Choice\" 120 kapsuli\u0173| Healthy Choice","isPartOf":{"@id":"https:\/\/www.healthychoice.lt\/es\/#website"},"primaryImageOfPage":{"@id":"https:\/\/www.healthychoice.lt\/produktai\/omega\/#primaryimage"},"image":{"@id":"https:\/\/www.healthychoice.lt\/produktai\/omega\/#primaryimage"},"thumbnailUrl":"https:\/\/www.healthychoice.lt\/wp-content\/uploads\/2023\/06\/Omega-3-zuvu-taukai-min.jpg","datePublished":"2023-05-02T07:03:20+00:00","dateModified":"2026-05-08T15:00:19+00:00","breadcrumb":{"@id":"https:\/\/www.healthychoice.lt\/produktai\/omega\/#breadcrumb"},"inLanguage":"fr-FR","potentialAction":[{"@type":"ReadAction","target":["https:\/\/www.healthychoice.lt\/produktai\/omega\/"]}]},{"@type":"ImageObject","inLanguage":"fr-FR","@id":"https:\/\/www.healthychoice.lt\/produktai\/omega\/#primaryimage","url":"https:\/\/www.healthychoice.lt\/wp-content\/uploads\/2023\/06\/Omega-3-zuvu-taukai-min.jpg","contentUrl":"https:\/\/www.healthychoice.lt\/wp-content\/uploads\/2023\/06\/Omega-3-zuvu-taukai-min.jpg","width":1024,"height":1024},{"@type":"BreadcrumbList","@id":"https:\/\/www.healthychoice.lt\/produktai\/omega\/#breadcrumb","itemListElement":[{"@type":"ListItem","position":1,"name":"Home","item":"https:\/\/www.healthychoice.lt\/"},{"@type":"ListItem","position":2,"name":"Produktai","item":"https:\/\/www.healthychoice.lt\/es\/produktai\/"},{"@type":"ListItem","position":3,"name":"Omega-3 \u017euv\u0173 taukai &#8222;Healthy Choice&#8221; 120 kapsuli\u0173"}]},{"@type":"WebSite","@id":"https:\/\/www.healthychoice.lt\/es\/#website","url":"https:\/\/www.healthychoice.lt\/es\/","name":"Le choix de la sant\u00e9","description":"Mityba, kuria gali pasitik\u0117ti!","alternateName":"Healthychoice","potentialAction":[{"@type":"SearchAction","target":{"@type":"EntryPoint","urlTemplate":"https:\/\/www.healthychoice.lt\/es\/?s={search_term_string}"},"query-input":{"@type":"PropertyValueSpecification","valueRequired":true,"valueName":"search_term_string"}}],"inLanguage":"fr-FR"}]}},"_links":{"self":[{"href":"https:\/\/www.healthychoice.lt\/fr\/wp-json\/wp\/v2\/product\/5350","targetHints":{"allow":["GET"]}}],"collection":[{"href":"https:\/\/www.healthychoice.lt\/fr\/wp-json\/wp\/v2\/product"}],"about":[{"href":"https:\/\/www.healthychoice.lt\/fr\/wp-json\/wp\/v2\/types\/product"}],"wp:featuredmedia":[{"embeddable":true,"href":"https:\/\/www.healthychoice.lt\/fr\/wp-json\/wp\/v2\/media\/6063"}],"wp:attachment":[{"href":"https:\/\/www.healthychoice.lt\/fr\/wp-json\/wp\/v2\/media?parent=5350"}],"wp:term":[{"taxonomy":"product_brand","embeddable":true,"href":"https:\/\/www.healthychoice.lt\/fr\/wp-json\/wp\/v2\/product_brand?post=5350"},{"taxonomy":"product_cat","embeddable":true,"href":"https:\/\/www.healthychoice.lt\/fr\/wp-json\/wp\/v2\/product_cat?post=5350"},{"taxonomy":"product_tag","embeddable":true,"href":"https:\/\/www.healthychoice.lt\/fr\/wp-json\/wp\/v2\/product_tag?post=5350"}],"curies":[{"name":"wp","href":"https:\/\/api.w.org\/{rel}","templated":true}]}}