{"id":4600,"date":"2025-09-01T17:20:03","date_gmt":"2025-09-01T14:20:03","guid":{"rendered":"https:\/\/www.healthychoice.lt\/?post_type=product&#038;p=4600"},"modified":"2026-04-21T14:10:25","modified_gmt":"2026-04-21T11:10:25","slug":"multivitaminai-ir-mineralai-117g","status":"publish","type":"product","link":"https:\/\/www.healthychoice.lt\/fr\/produktai\/multivitaminai-ir-mineralai-117g\/","title":{"rendered":"Multivitamines et min\u00e9raux Healthy Choice 90 comprim\u00e9s."},"content":{"rendered":"<p>Palaikyti normali\u0105 imunin\u0117s sistemos veikl\u0105 padeda Cinkas, Gele\u017eis, Selenas, Varis, Vitaminas A, Vitaminas D, Vitaminas B6, Vitaminas B12.<\/p>\n<p>La vitamine C contribue \u00e0 maintenir une fonction immunitaire normale pendant et apr\u00e8s un exercice physique intense.<\/p>\n<p>La biotine, la niacine, le magn\u00e9sium, la vitamine B6, la vitamine B12 et la vitamine C contribuent au maintien d'une fonction psychologique normale.<\/p>\n<p>La biotine, le zinc et le chrome contribuent \u00e0 maintenir un m\u00e9tabolisme normal des macronutriments.<\/p>\n<p>L'un des plus importants pour notre organisme est le zinc, qui contribue au maintien d'un m\u00e9tabolisme acido-basique normal, au m\u00e9tabolisme des glucides, au m\u00e9tabolisme des acides gras, \u00e0 la synth\u00e8se de l'ADN, au m\u00e9tabolisme de la vitamine A, aux niveaux de testost\u00e9rone, \u00e0 la fertilit\u00e9 et \u00e0 la reproduction.<\/p>\n<p>La biotine, le fer, le calcium, la niacine, le magn\u00e9sium, le mangan\u00e8se, l'iode, le cuivre et l'acide pantoth\u00e9nique, la vitamine B2, la vitamine B6, la vitamine B12 et la vitamine C contribuent au maintien d'un m\u00e9tabolisme \u00e9nerg\u00e9tique normal.<\/p>\n<p>La vitamine B2 et la vitamine A contribuent au maintien d'un m\u00e9tabolisme normal du fer, tandis que la vitamine C am\u00e9liore l'absorption du fer. Le cuivre favorise le transport normal du fer dans l'organisme.<\/p>\n<p>La biotine, la niacine, la vitamine A et la vitamine B2 contribuent au maintien de muqueuses normales.<\/p>\n<p>Le fer, la niacine, le magn\u00e9sium et l'acide pantoth\u00e9nique, la vitamine B2, la vitamine B6, la vitamine B12 et la vitamine C contribuent \u00e0 r\u00e9duire la fatigue.<\/p>\n<p>&nbsp;<\/p>\n<p>Cellules : aide \u00e0 prot\u00e9ger les cellules des dommages oxydatifs Zinc, mangan\u00e8se, s\u00e9l\u00e9nium, vitamine B2, vitamine C, vitamine E. Le zinc, le fer, le magn\u00e9sium, le cuivre, la vitamine B12 et la vitamine D jouent \u00e9galement un r\u00f4le dans la division cellulaire.<\/p>\n<p>Le calcium et la vitamine A jouent un r\u00f4le dans la division et la sp\u00e9cialisation des cellules.<\/p>\n<p>Le fer, l'iode et le zinc contribuent au maintien d'une fonction cognitive normale.<\/p>\n<p>Sang : le chrome contribue au maintien d'une glyc\u00e9mie normale.<\/p>\n<p>Le fer contribue \u00e0 la production normale de globules rouges et d'h\u00e9moglobine, ainsi qu'au transport de l'oxyg\u00e8ne dans l'organisme. La riboflavine (vitamine B2) contribue au maintien de globules rouges normaux. Les vitamines B6 et B12 contribuent \u00e0 la formation normale des globules rouges. Le calcium et les vitamines K contribuent au maintien d'une coagulation sanguine normale.<\/p>\n<p>Muscle : Le calcium contribue au maintien d'une fonction musculaire normale. Le magn\u00e9sium et la vitamine D contribuent au maintien d'une fonction musculaire normale.<\/p>\n<p>Prot\u00e9ines : Le zinc et le magn\u00e9sium contribuent au maintien d'une synth\u00e8se prot\u00e9ique normale. La vitamine B6 contribue au maintien d'un m\u00e9tabolisme normal des prot\u00e9ines et du glycog\u00e8ne.<\/p>\n<p>Vue : le zinc, la vitamine A, la riboflavine (vitamine B2) et la vitamine A contribuent au maintien d'une vue normale.<\/p>\n<p>Hormones : La vitamine B6 contribue \u00e0 r\u00e9guler l'activit\u00e9 hormonale. L'acide pantoth\u00e9nique contribue \u00e0 maintenir l'activit\u00e9 normale des hormones st\u00e9ro\u00efdiennes. L'iode contribue au maintien d'une production normale d'hormones thyro\u00efdiennes.<\/p>\n<p>Fonction thyro\u00efdienne : le s\u00e9l\u00e9nium et l'iode contribuent au maintien d'une fonction thyro\u00efdienne normale.<\/p>\n<p>Os : le zinc, le calcium, le magn\u00e9sium, le mangan\u00e8se, la vitamine D et la vitamine K contribuent au maintien d'une sant\u00e9 osseuse normale.<\/p>\n<p>La vitamine C contribue \u00e0 la formation normale du collag\u00e8ne, n\u00e9cessaire au bon fonctionnement des os.<\/p>\n<p>Le calcium et le magn\u00e9sium sont n\u00e9cessaires pour maintenir une sant\u00e9 dentaire normale. La vitamine D contribue au maintien d'une sant\u00e9 dentaire normale.<\/p>\n<p>La vitamine C contribue \u00e0 la formation normale du collag\u00e8ne, n\u00e9cessaire au bon fonctionnement des gencives.<\/p>\n<p>La vitamine C contribue \u00e0 la formation normale du collag\u00e8ne, n\u00e9cessaire au bon fonctionnement des dents.<\/p>\n<p>La vitamine C contribue \u00e0 la formation normale du collag\u00e8ne, n\u00e9cessaire au bon fonctionnement des vaisseaux sanguins.<\/p>\n<p>La vitamine C contribue \u00e0 la formation normale du collag\u00e8ne, n\u00e9cessaire au bon fonctionnement du cartilage.<\/p>\n<p>Ongles : le zinc et le s\u00e9l\u00e9nium contribuent au maintien d'ongles normaux.<\/p>\n<p>Cheveux : la biotine, le zinc et le s\u00e9l\u00e9nium contribuent au maintien d'un \u00e9tat normal des cheveux. Le cuivre contribue au maintien d'une pigmentation normale des cheveux.<\/p>\n<p>Peau : la biotine, le zinc, la niacine, l'iode, la vitamine A et la riboflavine (vitamine B2) contribuent au maintien d'une peau en bon \u00e9tat. La vitamine C contribue \u00e0 la production normale de collag\u00e8ne, n\u00e9cessaire au bon fonctionnement de la peau. Le cuivre contribue au maintien d'une pigmentation normale de la peau.<\/p>\n<p>Syst\u00e8me nerveux : la biotine, l'iode, la niacine, le magn\u00e9sium, le cuivre, la vitamine B2, la vitamine B6, la vitamine B12 et la vitamine C contribuent au fonctionnement normal du syst\u00e8me nerveux. Le calcium contribue au maintien d'une transmission normale de l'influx nerveux et \u00e0 la fonction des enzymes digestives.<\/p>\n<p>Le magn\u00e9sium contribue \u00e0 maintenir l'\u00e9quilibre \u00e9lectrolytique.<\/p>\n<p>Le mangan\u00e8se et le cuivre contribuent \u00e0 la formation normale du tissu conjonctif.<\/p>\n<p>Le molybd\u00e8ne contribue au maintien d'un m\u00e9tabolisme normal des acides amin\u00e9s contenant du soufre.<\/p>\n<p>L'acide pantoth\u00e9nique contribue au maintien d'une synth\u00e8se et d'un m\u00e9tabolisme normaux de la vitamine D et de certains neurotransmetteurs.<\/p>\n<p>L'acide pantoth\u00e9nique contribue au maintien d'une activit\u00e9 mentale normale.<\/p>\n<p>Le s\u00e9l\u00e9nium contribue \u00e0 maintenir une activit\u00e9 normale de la spermatogen\u00e8se.<\/p>\n<p>La vitamine C aide \u00e0 restaurer la vitamine E sous sa forme r\u00e9duite.<\/p>\n<p>La vitamine D contribue \u00e0 maintenir une absorption et\/ou une assimilation normale du calcium et du phosphore.<\/p>\n<p>La vitamine D contribue au maintien d'un taux normal de calcium dans le sang<\/p>\n<p>Les vitamines B6 et B12 contribuent au maintien d'un m\u00e9tabolisme normal de l'homocyst\u00e9ine.<\/p>\n<p>La vitamine B6 contribue au maintien d'une synth\u00e8se normale de la cyst\u00e9ine<\/p>","protected":false},"excerpt":{"rendered":"<p>Quantit\u00e9 nette : 117 g \/ 90 comprim\u00e9s<\/p>\n<p>&nbsp;<\/p>\n<p>\"Le complexe multivitaminique et min\u00e9ral Healthy Choice est sp\u00e9cialement formul\u00e9. Un paquet suffit pour une cure de 3 mois.<\/p>","protected":false},"featured_media":6053,"template":"","meta":[],"product_brand":[],"product_cat":[52,100,103],"product_tag":[53,60,29,24,30,48],"class_list":{"0":"post-4600","1":"product","2":"type-product","3":"status-publish","4":"has-post-thumbnail","6":"product_cat-akcijos","7":"product_cat-kolagenas","8":"product_cat-maisto-papildai","9":"product_tag-exportui","10":"product_tag-groziui-ir-sveikatai","11":"product_tag-kovo3","12":"product_tag-paprasti-produktai","13":"product_tag-top","14":"product_tag-vitaminai","16":"first","17":"instock","18":"sale","19":"taxable","20":"shipping-taxable","21":"purchasable","22":"product-type-simple"},"yoast_head":"<!-- This site is optimized with the Yoast SEO plugin v27.5 - https:\/\/yoast.com\/product\/yoast-seo-wordpress\/ -->\n<title>Multivitaminai ir mineralai \u201eHealthy Choice\u201c 90 table\u010di\u0173.| Healthy Choice<\/title>\n<meta name=\"robots\" content=\"index, follow, max-snippet:-1, max-image-preview:large, max-video-preview:-1\" \/>\n<link rel=\"canonical\" href=\"https:\/\/www.healthychoice.lt\/fr\/produktai\/multivitaminai-ir-mineralai-117g\/\" \/>\n<meta property=\"og:locale\" content=\"fr_FR\" \/>\n<meta property=\"og:type\" content=\"article\" \/>\n<meta property=\"og:title\" content=\"Multivitaminai ir mineralai \u201eHealthy Choice\u201c 90 table\u010di\u0173.| Healthy Choice\" \/>\n<meta property=\"og:description\" content=\"Grynasis kiekis: 117 g \/ 90 table\u010di\u0173  &nbsp;  \u201eHealthy Choice\u201c Multivitamin\u0173 ir mineral\u0173 kompleksas sukurtas pagal speciali\u0105 formul\u0119. Pakuot\u0117s u\u017etenka\u00a03 m\u0117nesi\u0173 vartojimo kursui.\" \/>\n<meta property=\"og:url\" content=\"https:\/\/www.healthychoice.lt\/fr\/produktai\/multivitaminai-ir-mineralai-117g\/\" \/>\n<meta property=\"og:site_name\" content=\"Healthy Choice\" \/>\n<meta property=\"article:publisher\" content=\"https:\/\/www.facebook.com\/healthychoice.world\/\" \/>\n<meta property=\"article:modified_time\" content=\"2026-04-21T11:10:25+00:00\" \/>\n<meta property=\"og:image\" content=\"https:\/\/www.healthychoice.lt\/wp-content\/uploads\/2023\/06\/Multivitaminai-ir-mineralai-min.jpg\" \/>\n\t<meta property=\"og:image:width\" content=\"1024\" \/>\n\t<meta property=\"og:image:height\" content=\"1024\" \/>\n\t<meta property=\"og:image:type\" content=\"image\/jpeg\" \/>\n<meta name=\"twitter:card\" content=\"summary_large_image\" \/>\n<meta name=\"twitter:label1\" content=\"Dur\u00e9e de lecture estim\u00e9e\" \/>\n\t<meta name=\"twitter:data1\" content=\"3 minutes\" \/>\n<script type=\"application\/ld+json\" class=\"yoast-schema-graph\">{\"@context\":\"https:\\\/\\\/schema.org\",\"@graph\":[{\"@type\":\"WebPage\",\"@id\":\"https:\\\/\\\/www.healthychoice.lt\\\/produktai\\\/multivitaminai-ir-mineralai-117g\\\/\",\"url\":\"https:\\\/\\\/www.healthychoice.lt\\\/produktai\\\/multivitaminai-ir-mineralai-117g\\\/\",\"name\":\"Multivitaminai ir mineralai \u201eHealthy Choice\u201c 90 table\u010di\u0173.| Healthy Choice\",\"isPartOf\":{\"@id\":\"https:\\\/\\\/www.healthychoice.lt\\\/es\\\/#website\"},\"primaryImageOfPage\":{\"@id\":\"https:\\\/\\\/www.healthychoice.lt\\\/produktai\\\/multivitaminai-ir-mineralai-117g\\\/#primaryimage\"},\"image\":{\"@id\":\"https:\\\/\\\/www.healthychoice.lt\\\/produktai\\\/multivitaminai-ir-mineralai-117g\\\/#primaryimage\"},\"thumbnailUrl\":\"https:\\\/\\\/www.healthychoice.lt\\\/wp-content\\\/uploads\\\/2023\\\/06\\\/Multivitaminai-ir-mineralai-min.jpg\",\"datePublished\":\"2025-09-01T14:20:03+00:00\",\"dateModified\":\"2026-04-21T11:10:25+00:00\",\"breadcrumb\":{\"@id\":\"https:\\\/\\\/www.healthychoice.lt\\\/produktai\\\/multivitaminai-ir-mineralai-117g\\\/#breadcrumb\"},\"inLanguage\":\"fr-FR\",\"potentialAction\":[{\"@type\":\"ReadAction\",\"target\":[\"https:\\\/\\\/www.healthychoice.lt\\\/produktai\\\/multivitaminai-ir-mineralai-117g\\\/\"]}]},{\"@type\":\"ImageObject\",\"inLanguage\":\"fr-FR\",\"@id\":\"https:\\\/\\\/www.healthychoice.lt\\\/produktai\\\/multivitaminai-ir-mineralai-117g\\\/#primaryimage\",\"url\":\"https:\\\/\\\/www.healthychoice.lt\\\/wp-content\\\/uploads\\\/2023\\\/06\\\/Multivitaminai-ir-mineralai-min.jpg\",\"contentUrl\":\"https:\\\/\\\/www.healthychoice.lt\\\/wp-content\\\/uploads\\\/2023\\\/06\\\/Multivitaminai-ir-mineralai-min.jpg\",\"width\":1024,\"height\":1024},{\"@type\":\"BreadcrumbList\",\"@id\":\"https:\\\/\\\/www.healthychoice.lt\\\/produktai\\\/multivitaminai-ir-mineralai-117g\\\/#breadcrumb\",\"itemListElement\":[{\"@type\":\"ListItem\",\"position\":1,\"name\":\"Home\",\"item\":\"https:\\\/\\\/www.healthychoice.lt\\\/\"},{\"@type\":\"ListItem\",\"position\":2,\"name\":\"Produktai\",\"item\":\"https:\\\/\\\/www.healthychoice.lt\\\/es\\\/produktai\\\/\"},{\"@type\":\"ListItem\",\"position\":3,\"name\":\"Multivitaminai ir mineralai \u201eHealthy Choice\u201c 90 table\u010di\u0173.\"}]},{\"@type\":\"WebSite\",\"@id\":\"https:\\\/\\\/www.healthychoice.lt\\\/es\\\/#website\",\"url\":\"https:\\\/\\\/www.healthychoice.lt\\\/es\\\/\",\"name\":\"Healthy Choice\",\"description\":\"Mityba, kuria gali pasitik\u0117ti!\",\"alternateName\":\"Healthychoice\",\"potentialAction\":[{\"@type\":\"SearchAction\",\"target\":{\"@type\":\"EntryPoint\",\"urlTemplate\":\"https:\\\/\\\/www.healthychoice.lt\\\/es\\\/?s={search_term_string}\"},\"query-input\":{\"@type\":\"PropertyValueSpecification\",\"valueRequired\":true,\"valueName\":\"search_term_string\"}}],\"inLanguage\":\"fr-FR\"}]}<\/script>\n<!-- \/ Yoast SEO plugin. -->","yoast_head_json":{"title":"Multivitaminai ir mineralai \u201eHealthy Choice\u201c 90 table\u010di\u0173.| Healthy Choice","robots":{"index":"index","follow":"follow","max-snippet":"max-snippet:-1","max-image-preview":"max-image-preview:large","max-video-preview":"max-video-preview:-1"},"canonical":"https:\/\/www.healthychoice.lt\/fr\/produktai\/multivitaminai-ir-mineralai-117g\/","og_locale":"fr_FR","og_type":"article","og_title":"Multivitaminai ir mineralai \u201eHealthy Choice\u201c 90 table\u010di\u0173.| Healthy Choice","og_description":"Grynasis kiekis: 117 g \/ 90 table\u010di\u0173  &nbsp;  \u201eHealthy Choice\u201c Multivitamin\u0173 ir mineral\u0173 kompleksas sukurtas pagal speciali\u0105 formul\u0119. Pakuot\u0117s u\u017etenka\u00a03 m\u0117nesi\u0173 vartojimo kursui.","og_url":"https:\/\/www.healthychoice.lt\/fr\/produktai\/multivitaminai-ir-mineralai-117g\/","og_site_name":"Healthy Choice","article_publisher":"https:\/\/www.facebook.com\/healthychoice.world\/","article_modified_time":"2026-04-21T11:10:25+00:00","og_image":[{"width":1024,"height":1024,"url":"https:\/\/www.healthychoice.lt\/wp-content\/uploads\/2023\/06\/Multivitaminai-ir-mineralai-min.jpg","type":"image\/jpeg"}],"twitter_card":"summary_large_image","twitter_misc":{"Dur\u00e9e de lecture estim\u00e9e":"3 minutes"},"schema":{"@context":"https:\/\/schema.org","@graph":[{"@type":"WebPage","@id":"https:\/\/www.healthychoice.lt\/produktai\/multivitaminai-ir-mineralai-117g\/","url":"https:\/\/www.healthychoice.lt\/produktai\/multivitaminai-ir-mineralai-117g\/","name":"Multivitaminai ir mineralai \u201eHealthy Choice\u201c 90 table\u010di\u0173.| Healthy Choice","isPartOf":{"@id":"https:\/\/www.healthychoice.lt\/es\/#website"},"primaryImageOfPage":{"@id":"https:\/\/www.healthychoice.lt\/produktai\/multivitaminai-ir-mineralai-117g\/#primaryimage"},"image":{"@id":"https:\/\/www.healthychoice.lt\/produktai\/multivitaminai-ir-mineralai-117g\/#primaryimage"},"thumbnailUrl":"https:\/\/www.healthychoice.lt\/wp-content\/uploads\/2023\/06\/Multivitaminai-ir-mineralai-min.jpg","datePublished":"2025-09-01T14:20:03+00:00","dateModified":"2026-04-21T11:10:25+00:00","breadcrumb":{"@id":"https:\/\/www.healthychoice.lt\/produktai\/multivitaminai-ir-mineralai-117g\/#breadcrumb"},"inLanguage":"fr-FR","potentialAction":[{"@type":"ReadAction","target":["https:\/\/www.healthychoice.lt\/produktai\/multivitaminai-ir-mineralai-117g\/"]}]},{"@type":"ImageObject","inLanguage":"fr-FR","@id":"https:\/\/www.healthychoice.lt\/produktai\/multivitaminai-ir-mineralai-117g\/#primaryimage","url":"https:\/\/www.healthychoice.lt\/wp-content\/uploads\/2023\/06\/Multivitaminai-ir-mineralai-min.jpg","contentUrl":"https:\/\/www.healthychoice.lt\/wp-content\/uploads\/2023\/06\/Multivitaminai-ir-mineralai-min.jpg","width":1024,"height":1024},{"@type":"BreadcrumbList","@id":"https:\/\/www.healthychoice.lt\/produktai\/multivitaminai-ir-mineralai-117g\/#breadcrumb","itemListElement":[{"@type":"ListItem","position":1,"name":"Home","item":"https:\/\/www.healthychoice.lt\/"},{"@type":"ListItem","position":2,"name":"Produktai","item":"https:\/\/www.healthychoice.lt\/es\/produktai\/"},{"@type":"ListItem","position":3,"name":"Multivitaminai ir mineralai \u201eHealthy Choice\u201c 90 table\u010di\u0173."}]},{"@type":"WebSite","@id":"https:\/\/www.healthychoice.lt\/es\/#website","url":"https:\/\/www.healthychoice.lt\/es\/","name":"Le choix de la sant\u00e9","description":"Mityba, kuria gali pasitik\u0117ti!","alternateName":"Healthychoice","potentialAction":[{"@type":"SearchAction","target":{"@type":"EntryPoint","urlTemplate":"https:\/\/www.healthychoice.lt\/es\/?s={search_term_string}"},"query-input":{"@type":"PropertyValueSpecification","valueRequired":true,"valueName":"search_term_string"}}],"inLanguage":"fr-FR"}]}},"_links":{"self":[{"href":"https:\/\/www.healthychoice.lt\/fr\/wp-json\/wp\/v2\/product\/4600","targetHints":{"allow":["GET"]}}],"collection":[{"href":"https:\/\/www.healthychoice.lt\/fr\/wp-json\/wp\/v2\/product"}],"about":[{"href":"https:\/\/www.healthychoice.lt\/fr\/wp-json\/wp\/v2\/types\/product"}],"wp:featuredmedia":[{"embeddable":true,"href":"https:\/\/www.healthychoice.lt\/fr\/wp-json\/wp\/v2\/media\/6053"}],"wp:attachment":[{"href":"https:\/\/www.healthychoice.lt\/fr\/wp-json\/wp\/v2\/media?parent=4600"}],"wp:term":[{"taxonomy":"product_brand","embeddable":true,"href":"https:\/\/www.healthychoice.lt\/fr\/wp-json\/wp\/v2\/product_brand?post=4600"},{"taxonomy":"product_cat","embeddable":true,"href":"https:\/\/www.healthychoice.lt\/fr\/wp-json\/wp\/v2\/product_cat?post=4600"},{"taxonomy":"product_tag","embeddable":true,"href":"https:\/\/www.healthychoice.lt\/fr\/wp-json\/wp\/v2\/product_tag?post=4600"}],"curies":[{"name":"wp","href":"https:\/\/api.w.org\/{rel}","templated":true}]}}