{"id":4597,"date":"2023-01-11T17:19:05","date_gmt":"2023-01-11T15:19:05","guid":{"rendered":"https:\/\/www.healthychoice.lt\/?post_type=product&#038;p=4597"},"modified":"2026-04-23T09:34:18","modified_gmt":"2026-04-23T06:34:18","slug":"grozio-vitaminai-9782g","status":"publish","type":"product","link":"https:\/\/www.healthychoice.lt\/fr\/produktai\/grozio-vitaminai-9782g\/","title":{"rendered":"Beauty vitamins Healthy Choice 60 comprim\u00e9s"},"content":{"rendered":"<p>\"Healthy Choice Beauty Vitamin Complex est sp\u00e9cialement formul\u00e9 pour la peau, les cheveux et les ongles.<\/p>\n<p>Le s\u00e9l\u00e9nium est un micronutriment tr\u00e8s important, tr\u00e8s appr\u00e9ci\u00e9 pour ses effets antioxydants et sa capacit\u00e9 inh\u00e9rente \u00e0 ralentir le vieillissement pr\u00e9matur\u00e9. Le zinc, le s\u00e9l\u00e9nium, l'iode, les vitamines A, B2 et B3, ainsi que la biotine, constituent la combinaison parfaite pour maintenir des cheveux, des ongles et une peau normaux. La choline et la b\u00e9ta\u00efne stimulent le m\u00e9tabolisme et limitent l'accumulation de graisses dans le foie. Le fer contribue au transport normal de l'oxyg\u00e8ne dans l'organisme. Le magn\u00e9sium favorise les r\u00e9actions biochimiques, augmente l'endurance et aide \u00e0 surmonter la d\u00e9pression et les sautes d'humeur. Le phosphore contribue au maintien d'une fonction cellulaire normale. La vitamine B6, associ\u00e9e \u00e0 d'autres vitamines B, au magn\u00e9sium et au zinc, am\u00e9liore le fonctionnement du cerveau et du syst\u00e8me nerveux, aide \u00e0 contr\u00f4ler les allergies, joue un r\u00f4le important dans la production d'\u00e9nergie dans les cellules et dans la protection de l'organisme contre les infections.<\/p>\n<p>Le zinc, le fer, le s\u00e9l\u00e9nium, la vitamine A, la vitamine D, la vitamine B6, la vitamine B12, la vitamine A, la vitamine B6, la vitamine B12 et la vitamine B12 contribuent au maintien d'une fonction immunitaire normale.<\/p>\n<p>La vitamine C contribue \u00e0 maintenir une fonction immunitaire normale pendant et apr\u00e8s un exercice physique intense.<\/p>\n<p>La biotine, le magn\u00e9sium, la vitamine B6, la vitamine B12 et la vitamine C contribuent au maintien d'une fonction psychologique normale.<\/p>\n<p>La biotine et le zinc contribuent \u00e0 maintenir un m\u00e9tabolisme normal des macronutriments.<\/p>\n<p>L'un des plus importants pour notre organisme est le zinc, qui contribue au maintien d'un m\u00e9tabolisme acido-basique normal, au m\u00e9tabolisme des glucides, au m\u00e9tabolisme des acides gras, \u00e0 la synth\u00e8se de l'ADN, au m\u00e9tabolisme de la vitamine A, aux niveaux de testost\u00e9rone, \u00e0 la fertilit\u00e9 et \u00e0 la reproduction.<\/p>\n<p>La biotine, le fer, le phosphore, le calcium, le magn\u00e9sium, le mangan\u00e8se, l'iode, la vitamine B2, la vitamine B6, la vitamine B12 et la vitamine C contribuent au maintien d'un m\u00e9tabolisme \u00e9nerg\u00e9tique normal.<\/p>\n<p>La vitamine B2 et la vitamine A contribuent au maintien d'un m\u00e9tabolisme normal du fer, tandis que la vitamine C am\u00e9liore l'absorption du fer.<\/p>\n<p>La biotine, la vitamine A et la vitamine B2 contribuent au maintien de muqueuses normales.<\/p>\n<p>Le fer, le magn\u00e9sium et l'acide pantoth\u00e9nique, la vitamine B2, la vitamine B6, la vitamine B12 et la vitamine C contribuent \u00e0 r\u00e9duire la fatigue.<\/p>\n<p>Cellules : aide \u00e0 prot\u00e9ger les cellules des dommages oxydatifs Zinc, mangan\u00e8se, s\u00e9l\u00e9nium, vitamine B2, vitamine C, vitamine E. Le zinc, le fer, le magn\u00e9sium, la vitamine B12 et la vitamine D jouent \u00e9galement un r\u00f4le dans la division cellulaire.<\/p>\n<p>Le calcium et la vitamine A jouent un r\u00f4le dans la division et la sp\u00e9cialisation des cellules.<\/p>\n<p>Le fer, l'iode et le zinc contribuent au maintien d'une fonction cognitive normale.<\/p>\n<p>Sang : le fer contribue \u00e0 la production normale de globules rouges et d'h\u00e9moglobine, ainsi qu'au transport de l'oxyg\u00e8ne dans l'organisme. La riboflavine (vitamine B2) contribue au maintien de globules rouges normaux. Les vitamines B6 et B12 contribuent \u00e0 la formation normale des globules rouges. Le calcium et les vitamines K contribuent au maintien d'une coagulation sanguine normale.<\/p>\n<p>Muscle : Le calcium contribue au maintien d'une fonction musculaire normale. Le magn\u00e9sium et la vitamine D contribuent au maintien d'une fonction musculaire normale.<\/p>\n<p>Prot\u00e9ines : Le zinc et le magn\u00e9sium contribuent au maintien d'une synth\u00e8se prot\u00e9ique normale. La vitamine B6 contribue au maintien d'un m\u00e9tabolisme normal des prot\u00e9ines et du glycog\u00e8ne.<\/p>\n<p>Vue : le zinc, la vitamine A, la riboflavine (vitamine B2) et la vitamine A contribuent au maintien d'une vue normale.<\/p>\n<p>Hormones : La vitamine B6 contribue \u00e0 r\u00e9guler l'activit\u00e9 hormonale. L'acide pantoth\u00e9nique contribue \u00e0 maintenir l'activit\u00e9 normale des hormones st\u00e9ro\u00efdiennes. L'iode contribue au maintien d'une production normale d'hormones thyro\u00efdiennes.<\/p>\n<p>Fonction thyro\u00efdienne : le s\u00e9l\u00e9nium et l'iode contribuent au maintien d'une fonction thyro\u00efdienne normale.<\/p>\n<p>Os : le zinc, le phosphore, le calcium, le magn\u00e9sium, le mangan\u00e8se et la vitamine D sont n\u00e9cessaires au maintien d'une sant\u00e9 osseuse normale.<\/p>\n<p>La vitamine C contribue \u00e0 la formation normale du collag\u00e8ne, n\u00e9cessaire au bon fonctionnement des os.<\/p>\n<p>Le phosphore et la vitamine D contribuent au maintien d'une sant\u00e9 dentaire normale.<\/p>\n<p>La vitamine C contribue \u00e0 la formation normale du collag\u00e8ne, n\u00e9cessaire au bon fonctionnement des gencives.<\/p>\n<p>La vitamine C contribue \u00e0 la formation normale du collag\u00e8ne, n\u00e9cessaire au bon fonctionnement des dents.<\/p>\n<p>La vitamine C contribue \u00e0 la formation normale du collag\u00e8ne, n\u00e9cessaire au bon fonctionnement des vaisseaux sanguins.<\/p>\n<p>La vitamine C contribue \u00e0 la formation normale du collag\u00e8ne, n\u00e9cessaire au bon fonctionnement du cartilage.<\/p>\n<p>Ongles : le zinc et le s\u00e9l\u00e9nium contribuent au maintien d'ongles normaux.<\/p>\n<p>Cheveux : la biotine, le zinc et le s\u00e9l\u00e9nium contribuent au maintien d'une chevelure normale.<\/p>\n<p>Peau : la biotine, le zinc, l'iode, la vitamine A et la riboflavine (vitamine B2) contribuent au maintien d'une peau en bon \u00e9tat. La vitamine C contribue \u00e0 la production normale de collag\u00e8ne, n\u00e9cessaire au bon fonctionnement de la peau.<\/p>\n<p>Syst\u00e8me nerveux : la biotine, l'iode, le magn\u00e9sium, la vitamine B2, la vitamine B6, la vitamine B12, la vitamine C et la vitamine B12 contribuent au fonctionnement normal du syst\u00e8me nerveux. Le calcium contribue au maintien d'une transmission normale de l'influx nerveux et au fonctionnement des enzymes digestives.<\/p>\n<p>La choline contribue au maintien d'une fonction h\u00e9patique normale.<\/p>\n<p>La choline contribue au maintien d'un m\u00e9tabolisme lipidique normal.<\/p>\n<p>Le phosphore contribue au maintien d'une fonction normale des membranes cellulaires.<\/p>\n<p>Le magn\u00e9sium contribue \u00e0 maintenir l'\u00e9quilibre \u00e9lectrolytique.<\/p>\n<p>Le mangan\u00e8se contribue \u00e0 la formation normale du tissu conjonctif.<\/p>\n<p>Le s\u00e9l\u00e9nium contribue \u00e0 maintenir une activit\u00e9 normale de la spermatogen\u00e8se.<\/p>\n<p>La vitamine C aide \u00e0 restaurer la vitamine E sous sa forme r\u00e9duite.<\/p>\n<p>La vitamine D contribue \u00e0 maintenir une absorption et\/ou une assimilation normale du calcium et du phosphore.<\/p>\n<p>La vitamine D contribue \u00e0 maintenir un taux normal de calcium dans le sang.<\/p>\n<p>La choline, la vitamine B6 et la vitamine B12 contribuent au maintien d'un m\u00e9tabolisme normal de l'homocyst\u00e9ine.<\/p>\n<p>La vitamine B6 contribue au maintien d'une synth\u00e8se normale de la cyst\u00e9ine.<\/p>\n<p>&nbsp;<\/p>\n<p>Contenu net : 97,82 g \/ 60 comprim\u00e9s.<\/p>\n<p><strong>INGR\u00c9DIENTS DES VITAMINES DE BEAUT\u00c9<\/strong><\/p>\n<table>\n<tbody>\n<tr>\n<td width=\"321\"><strong>Un comprim\u00e9 contient<\/strong><\/td>\n<td width=\"161\"><strong>(% RMV*)<\/strong><\/td>\n<\/tr>\n<tr>\n<td width=\"321\">Vitamine A<\/td>\n<td width=\"161\">570 \u00b5g (71.25%)<\/td>\n<\/tr>\n<tr>\n<td width=\"321\">Vitamine C<\/td>\n<td width=\"161\">20 mg (25.0%)<\/td>\n<\/tr>\n<tr>\n<td width=\"321\">Vitamine E<\/td>\n<td width=\"161\">8 mg<em> a<\/em>-TE (66.6%)<\/td>\n<\/tr>\n<tr>\n<td width=\"321\">Vitamine D<sub>3<\/sub><\/td>\n<td width=\"161\">0,82 \u00b5g (16.6%)<\/td>\n<\/tr>\n<tr>\n<td width=\"321\">Vitamine B<sub>1<\/sub><\/td>\n<td width=\"161\">1,67 mg (151.8%)<\/td>\n<\/tr>\n<tr>\n<td width=\"321\">Vitamine B<sub>2<\/sub><\/td>\n<td width=\"161\">1,67 mg (119.2%)<\/td>\n<\/tr>\n<tr>\n<td width=\"321\">Vitamine B<sub>3<\/sub><\/td>\n<td width=\"161\">8,3 mg NE (51.8%)<\/td>\n<\/tr>\n<tr>\n<td width=\"321\">Vitamine B<sub>5<\/sub><\/td>\n<td width=\"161\">5 mg (83.3%)<\/td>\n<\/tr>\n<tr>\n<td width=\"321\">Vitamine B<sub>6<\/sub><\/td>\n<td width=\"161\">1,67 mg (119.2%)<\/td>\n<\/tr>\n<tr>\n<td width=\"321\">Vitamine B<sub>12<\/sub><\/td>\n<td width=\"161\">2,67 \u00b5g (106.8%)<\/td>\n<\/tr>\n<tr>\n<td width=\"321\">Calcium<\/td>\n<td width=\"161\">278 mg (34.72%)<\/td>\n<\/tr>\n<tr>\n<td width=\"321\">Phosphore<\/td>\n<td width=\"161\">110 mg (15.7%)<\/td>\n<\/tr>\n<tr>\n<td width=\"321\">Magn\u00e9sium<\/td>\n<td width=\"161\">33,3 mg (8.8%)<\/td>\n<\/tr>\n<tr>\n<td width=\"321\">Selen<\/td>\n<td width=\"161\">4 \u00b5g (7.2%)<\/td>\n<\/tr>\n<tr>\n<td width=\"321\">Le fer<\/td>\n<td width=\"161\">1 mg (7.1%)<\/td>\n<\/tr>\n<tr>\n<td width=\"321\">Zinc<\/td>\n<td width=\"161\">2,5 mg (25.0%)<\/td>\n<\/tr>\n<tr>\n<td width=\"321\">Mangan\u00e8se<\/td>\n<td width=\"161\">1,67 mg (83.5%)<\/td>\n<\/tr>\n<tr>\n<td width=\"321\">Biotine<\/td>\n<td width=\"161\">66 \u00b5g (132.0%)<\/td>\n<\/tr>\n<tr>\n<td width=\"321\">Acide folique<\/td>\n<td width=\"161\">66,7 \u00b5g (33.3%)<\/td>\n<\/tr>\n<tr>\n<td width=\"321\">Iode<\/td>\n<td width=\"161\">37,5 \u00b5g (25.0%)<\/td>\n<\/tr>\n<tr>\n<td width=\"321\">Cholinas<\/td>\n<td width=\"161\">25 mg<\/td>\n<\/tr>\n<tr>\n<td width=\"321\">PABA (acide para-amino-benzo\u00efque)<\/td>\n<td width=\"161\">8,34 mg<\/td>\n<\/tr>\n<tr>\n<td width=\"321\">Biotine<\/td>\n<td width=\"161\">8,34 mg<\/td>\n<\/tr>\n<tr>\n<td width=\"321\">Complexe de bioflavono\u00efdes d'agrumes<\/td>\n<td width=\"161\">8,34 mg<\/td>\n<\/tr>\n<tr>\n<td width=\"321\">Extrait d'\u00e9glantier 20:1<\/td>\n<td width=\"161\">1 mg<\/td>\n<\/tr>\n<tr>\n<td width=\"321\">Inositol<\/td>\n<td width=\"161\">10 mg<\/td>\n<\/tr>\n<tr>\n<td width=\"321\">Routine<\/td>\n<td width=\"161\">4,17 mg<\/td>\n<\/tr>\n<\/tbody>\n<\/table>\n<p>*Valeur nutritionnelle de r\u00e9f\u00e9rence (VNR)<\/p>\n<p><strong>INGR\u00c9DIENTS :<\/strong><\/p>\n<p>Phosphate bicalcique, carbonate de calcium, charge : cellulose microcristalline ; oxyde de magn\u00e9sium, bitartrate de choline, acide L-ascorbique, gluconate de zinc, gluconate de mangan\u00e8se, adh\u00e9sif : acide st\u00e9arique ; agent d'enrobage : hydroxypropylm\u00e9thylcellulose ; agents r\u00e9gulateurs de l'adh\u00e9sif : sels de magn\u00e9sium d'acides gras, silice ; inositol, DL-alpha tocoph\u00e9rol, nicotinamide, acide para-amino benzo\u00efque, chlorhydrate de b\u00e9ta\u00efne, complexe de bioflavono\u00efdes d'agrumes, pantoth\u00e9nate de D-calcium, ac\u00e9tate de r\u00e9tinol, rutine, fumarate ferreux, cyanocobalamine, chlorhydrate de pyridoxine, chlorhydrate de glyc\u00e9rol, chlorhydrate de thiamine ; riboflavine, extrait de cynorrhodon, L-s\u00e9l\u00e9nom\u00e9thionine, chol\u00e9calcif\u00e9rol, agent d'enrobage : cire de carnauba, acide folique, D-biotine, iodure de potassium.<\/p>\n<p><strong>UTILISATION :<\/strong><\/p>\n<p>Adultes : 1 comprim\u00e9 par jour. A prendre avec de la nourriture. D\u00e9conseill\u00e9 pendant la grossesse et l'allaitement.<\/p>\n<p><strong>MISES EN GARDE :<\/strong><\/p>\n<p>Ne pas d\u00e9passer la dose journali\u00e8re recommand\u00e9e. Conserver \u00e0 temp\u00e9rature ambiante, hors de port\u00e9e des enfants. Conserver \u00e0 l'abri de la lumi\u00e8re directe du soleil. Le compl\u00e9ment alimentaire ne se substitue pas \u00e0 l'alimentation, il est donc important d'avoir une alimentation vari\u00e9e et \u00e9quilibr\u00e9e.<\/p>","protected":false},"excerpt":{"rendered":"<p>Contenu net : 97,82 g \/ 60 comprim\u00e9s<\/p>\n<p>\"Healthy Choice Beauty Vitamin Complex est sp\u00e9cialement formul\u00e9 pour la peau, les cheveux et les ongles.<\/p>","protected":false},"featured_media":6051,"template":"","meta":[],"product_brand":[],"product_cat":[52,100,103],"product_tag":[53,60,56,29,24,30,48],"class_list":{"0":"post-4597","1":"product","2":"type-product","3":"status-publish","4":"has-post-thumbnail","6":"product_cat-akcijos","7":"product_cat-kolagenas","8":"product_cat-maisto-papildai","9":"product_tag-exportui","10":"product_tag-groziui-ir-sveikatai","11":"product_tag-kolagenas-vitaminai-20","12":"product_tag-kovo3","13":"product_tag-paprasti-produktai","14":"product_tag-top","15":"product_tag-vitaminai","17":"first","18":"instock","19":"sale","20":"taxable","21":"shipping-taxable","22":"purchasable","23":"product-type-simple"},"yoast_head":"<!-- This site is optimized with the Yoast SEO plugin v27.5 - https:\/\/yoast.com\/product\/yoast-seo-wordpress\/ -->\n<title>Gro\u017eio vitaminai \u201eHealthy Choice\u201c 60 table\u010di\u0173| Healthy Choice<\/title>\n<meta name=\"robots\" content=\"index, follow, max-snippet:-1, max-image-preview:large, max-video-preview:-1\" \/>\n<link rel=\"canonical\" href=\"https:\/\/www.healthychoice.lt\/fr\/produktai\/grozio-vitaminai-9782g\/\" \/>\n<meta property=\"og:locale\" content=\"fr_FR\" \/>\n<meta property=\"og:type\" content=\"article\" \/>\n<meta property=\"og:title\" content=\"Gro\u017eio vitaminai \u201eHealthy Choice\u201c 60 table\u010di\u0173| Healthy Choice\" \/>\n<meta property=\"og:description\" content=\"Grynasis kiekis: 97,82 g \/ 60 table\u010di\u0173  \u201eHealthy Choice\u201c Gro\u017eio vitamin\u0173 kompleksas sukurtas pagal speciali\u0105 formul\u0119 odai, plaukams ir nagams\" \/>\n<meta property=\"og:url\" content=\"https:\/\/www.healthychoice.lt\/fr\/produktai\/grozio-vitaminai-9782g\/\" \/>\n<meta property=\"og:site_name\" content=\"Healthy Choice\" \/>\n<meta property=\"article:publisher\" content=\"https:\/\/www.facebook.com\/healthychoice.world\/\" \/>\n<meta property=\"article:modified_time\" content=\"2026-04-23T06:34:18+00:00\" \/>\n<meta property=\"og:image\" content=\"https:\/\/www.healthychoice.lt\/wp-content\/uploads\/2023\/06\/Grozio-vitaminai-min.jpg\" \/>\n\t<meta property=\"og:image:width\" content=\"1024\" \/>\n\t<meta property=\"og:image:height\" content=\"1024\" \/>\n\t<meta property=\"og:image:type\" content=\"image\/jpeg\" \/>\n<meta name=\"twitter:card\" content=\"summary_large_image\" \/>\n<meta name=\"twitter:label1\" content=\"Dur\u00e9e de lecture estim\u00e9e\" \/>\n\t<meta name=\"twitter:data1\" content=\"5 minutes\" \/>\n<script type=\"application\/ld+json\" class=\"yoast-schema-graph\">{\"@context\":\"https:\\\/\\\/schema.org\",\"@graph\":[{\"@type\":\"WebPage\",\"@id\":\"https:\\\/\\\/www.healthychoice.lt\\\/produktai\\\/grozio-vitaminai-9782g\\\/\",\"url\":\"https:\\\/\\\/www.healthychoice.lt\\\/produktai\\\/grozio-vitaminai-9782g\\\/\",\"name\":\"Gro\u017eio vitaminai \u201eHealthy Choice\u201c 60 table\u010di\u0173| Healthy Choice\",\"isPartOf\":{\"@id\":\"https:\\\/\\\/www.healthychoice.lt\\\/es\\\/#website\"},\"primaryImageOfPage\":{\"@id\":\"https:\\\/\\\/www.healthychoice.lt\\\/produktai\\\/grozio-vitaminai-9782g\\\/#primaryimage\"},\"image\":{\"@id\":\"https:\\\/\\\/www.healthychoice.lt\\\/produktai\\\/grozio-vitaminai-9782g\\\/#primaryimage\"},\"thumbnailUrl\":\"https:\\\/\\\/www.healthychoice.lt\\\/wp-content\\\/uploads\\\/2023\\\/06\\\/Grozio-vitaminai-min.jpg\",\"datePublished\":\"2023-01-11T15:19:05+00:00\",\"dateModified\":\"2026-04-23T06:34:18+00:00\",\"breadcrumb\":{\"@id\":\"https:\\\/\\\/www.healthychoice.lt\\\/produktai\\\/grozio-vitaminai-9782g\\\/#breadcrumb\"},\"inLanguage\":\"fr-FR\",\"potentialAction\":[{\"@type\":\"ReadAction\",\"target\":[\"https:\\\/\\\/www.healthychoice.lt\\\/produktai\\\/grozio-vitaminai-9782g\\\/\"]}]},{\"@type\":\"ImageObject\",\"inLanguage\":\"fr-FR\",\"@id\":\"https:\\\/\\\/www.healthychoice.lt\\\/produktai\\\/grozio-vitaminai-9782g\\\/#primaryimage\",\"url\":\"https:\\\/\\\/www.healthychoice.lt\\\/wp-content\\\/uploads\\\/2023\\\/06\\\/Grozio-vitaminai-min.jpg\",\"contentUrl\":\"https:\\\/\\\/www.healthychoice.lt\\\/wp-content\\\/uploads\\\/2023\\\/06\\\/Grozio-vitaminai-min.jpg\",\"width\":1024,\"height\":1024},{\"@type\":\"BreadcrumbList\",\"@id\":\"https:\\\/\\\/www.healthychoice.lt\\\/produktai\\\/grozio-vitaminai-9782g\\\/#breadcrumb\",\"itemListElement\":[{\"@type\":\"ListItem\",\"position\":1,\"name\":\"Home\",\"item\":\"https:\\\/\\\/www.healthychoice.lt\\\/\"},{\"@type\":\"ListItem\",\"position\":2,\"name\":\"Produktai\",\"item\":\"https:\\\/\\\/www.healthychoice.lt\\\/es\\\/produktai\\\/\"},{\"@type\":\"ListItem\",\"position\":3,\"name\":\"Gro\u017eio vitaminai \u201eHealthy Choice\u201c 60 table\u010di\u0173\"}]},{\"@type\":\"WebSite\",\"@id\":\"https:\\\/\\\/www.healthychoice.lt\\\/es\\\/#website\",\"url\":\"https:\\\/\\\/www.healthychoice.lt\\\/es\\\/\",\"name\":\"Healthy Choice\",\"description\":\"Mityba, kuria gali pasitik\u0117ti!\",\"alternateName\":\"Healthychoice\",\"potentialAction\":[{\"@type\":\"SearchAction\",\"target\":{\"@type\":\"EntryPoint\",\"urlTemplate\":\"https:\\\/\\\/www.healthychoice.lt\\\/es\\\/?s={search_term_string}\"},\"query-input\":{\"@type\":\"PropertyValueSpecification\",\"valueRequired\":true,\"valueName\":\"search_term_string\"}}],\"inLanguage\":\"fr-FR\"}]}<\/script>\n<!-- \/ Yoast SEO plugin. -->","yoast_head_json":{"title":"Gro\u017eio vitaminai \u201eHealthy Choice\u201c 60 table\u010di\u0173| Healthy Choice","robots":{"index":"index","follow":"follow","max-snippet":"max-snippet:-1","max-image-preview":"max-image-preview:large","max-video-preview":"max-video-preview:-1"},"canonical":"https:\/\/www.healthychoice.lt\/fr\/produktai\/grozio-vitaminai-9782g\/","og_locale":"fr_FR","og_type":"article","og_title":"Gro\u017eio vitaminai \u201eHealthy Choice\u201c 60 table\u010di\u0173| Healthy Choice","og_description":"Grynasis kiekis: 97,82 g \/ 60 table\u010di\u0173  \u201eHealthy Choice\u201c Gro\u017eio vitamin\u0173 kompleksas sukurtas pagal speciali\u0105 formul\u0119 odai, plaukams ir nagams","og_url":"https:\/\/www.healthychoice.lt\/fr\/produktai\/grozio-vitaminai-9782g\/","og_site_name":"Healthy Choice","article_publisher":"https:\/\/www.facebook.com\/healthychoice.world\/","article_modified_time":"2026-04-23T06:34:18+00:00","og_image":[{"width":1024,"height":1024,"url":"https:\/\/www.healthychoice.lt\/wp-content\/uploads\/2023\/06\/Grozio-vitaminai-min.jpg","type":"image\/jpeg"}],"twitter_card":"summary_large_image","twitter_misc":{"Dur\u00e9e de lecture estim\u00e9e":"5 minutes"},"schema":{"@context":"https:\/\/schema.org","@graph":[{"@type":"WebPage","@id":"https:\/\/www.healthychoice.lt\/produktai\/grozio-vitaminai-9782g\/","url":"https:\/\/www.healthychoice.lt\/produktai\/grozio-vitaminai-9782g\/","name":"Gro\u017eio vitaminai \u201eHealthy Choice\u201c 60 table\u010di\u0173| Healthy Choice","isPartOf":{"@id":"https:\/\/www.healthychoice.lt\/es\/#website"},"primaryImageOfPage":{"@id":"https:\/\/www.healthychoice.lt\/produktai\/grozio-vitaminai-9782g\/#primaryimage"},"image":{"@id":"https:\/\/www.healthychoice.lt\/produktai\/grozio-vitaminai-9782g\/#primaryimage"},"thumbnailUrl":"https:\/\/www.healthychoice.lt\/wp-content\/uploads\/2023\/06\/Grozio-vitaminai-min.jpg","datePublished":"2023-01-11T15:19:05+00:00","dateModified":"2026-04-23T06:34:18+00:00","breadcrumb":{"@id":"https:\/\/www.healthychoice.lt\/produktai\/grozio-vitaminai-9782g\/#breadcrumb"},"inLanguage":"fr-FR","potentialAction":[{"@type":"ReadAction","target":["https:\/\/www.healthychoice.lt\/produktai\/grozio-vitaminai-9782g\/"]}]},{"@type":"ImageObject","inLanguage":"fr-FR","@id":"https:\/\/www.healthychoice.lt\/produktai\/grozio-vitaminai-9782g\/#primaryimage","url":"https:\/\/www.healthychoice.lt\/wp-content\/uploads\/2023\/06\/Grozio-vitaminai-min.jpg","contentUrl":"https:\/\/www.healthychoice.lt\/wp-content\/uploads\/2023\/06\/Grozio-vitaminai-min.jpg","width":1024,"height":1024},{"@type":"BreadcrumbList","@id":"https:\/\/www.healthychoice.lt\/produktai\/grozio-vitaminai-9782g\/#breadcrumb","itemListElement":[{"@type":"ListItem","position":1,"name":"Home","item":"https:\/\/www.healthychoice.lt\/"},{"@type":"ListItem","position":2,"name":"Produktai","item":"https:\/\/www.healthychoice.lt\/es\/produktai\/"},{"@type":"ListItem","position":3,"name":"Gro\u017eio vitaminai \u201eHealthy Choice\u201c 60 table\u010di\u0173"}]},{"@type":"WebSite","@id":"https:\/\/www.healthychoice.lt\/es\/#website","url":"https:\/\/www.healthychoice.lt\/es\/","name":"Le choix de la sant\u00e9","description":"Mityba, kuria gali pasitik\u0117ti!","alternateName":"Healthychoice","potentialAction":[{"@type":"SearchAction","target":{"@type":"EntryPoint","urlTemplate":"https:\/\/www.healthychoice.lt\/es\/?s={search_term_string}"},"query-input":{"@type":"PropertyValueSpecification","valueRequired":true,"valueName":"search_term_string"}}],"inLanguage":"fr-FR"}]}},"_links":{"self":[{"href":"https:\/\/www.healthychoice.lt\/fr\/wp-json\/wp\/v2\/product\/4597","targetHints":{"allow":["GET"]}}],"collection":[{"href":"https:\/\/www.healthychoice.lt\/fr\/wp-json\/wp\/v2\/product"}],"about":[{"href":"https:\/\/www.healthychoice.lt\/fr\/wp-json\/wp\/v2\/types\/product"}],"wp:featuredmedia":[{"embeddable":true,"href":"https:\/\/www.healthychoice.lt\/fr\/wp-json\/wp\/v2\/media\/6051"}],"wp:attachment":[{"href":"https:\/\/www.healthychoice.lt\/fr\/wp-json\/wp\/v2\/media?parent=4597"}],"wp:term":[{"taxonomy":"product_brand","embeddable":true,"href":"https:\/\/www.healthychoice.lt\/fr\/wp-json\/wp\/v2\/product_brand?post=4597"},{"taxonomy":"product_cat","embeddable":true,"href":"https:\/\/www.healthychoice.lt\/fr\/wp-json\/wp\/v2\/product_cat?post=4597"},{"taxonomy":"product_tag","embeddable":true,"href":"https:\/\/www.healthychoice.lt\/fr\/wp-json\/wp\/v2\/product_tag?post=4597"}],"curies":[{"name":"wp","href":"https:\/\/api.w.org\/{rel}","templated":true}]}}