{"id":4504,"date":"2021-12-30T13:56:39","date_gmt":"2021-12-30T11:56:39","guid":{"rendered":"https:\/\/www.healthychoice.lt\/?post_type=product&#038;p=4504"},"modified":"2026-04-16T15:59:55","modified_gmt":"2026-04-16T12:59:55","slug":"rinkinys-l-karnitinas-apelsinu-skonio-healthy-choice-1000ml-3vnt","status":"publish","type":"product","link":"https:\/\/www.healthychoice.lt\/fr\/produktai\/rinkinys-l-karnitinas-apelsinu-skonio-healthy-choice-1000ml-3vnt\/","title":{"rendered":"Kit : L-Carnitine Orange HEALTHY CHOICE, 1000ml (3pcs.)"},"content":{"rendered":"<p><strong>L-CARNITINE AR\u00d4ME ORANGE <\/strong><\/p>\n<p>Contenu net 1000 ml<\/p>\n<p>La L-carnitine est un compos\u00e9 de vitamines et d'acides amin\u00e9s comparable aux vitamines B. Elle joue le r\u00f4le de transporteur d'acides gras vers la mitochondrie. Elle fonctionne comme un transporteur d'acides gras vers la mitochondrie. La L-carnitine agit comme un assistant pour aider \u00e0 br\u00fbler les graisses plus rapidement et \u00e0 perdre du poids naturellement. Des \u00e9tudes r\u00e9centes ont \u00e9galement montr\u00e9 que la L-carnitine contribue \u00e0 r\u00e9duire la fatigue, \u00e0 augmenter la masse corporelle et la masse musculaire, \u00e0 stabiliser le taux de sucre dans le sang et, en m\u00eame temps, \u00e0 r\u00e9duire le besoin d'hydrates de carbone. La carnitine aide \u00e0 mobiliser les r\u00e9serves de graisse, en particulier chez les personnes en surpoids.<\/p>\n<p>La L-carnitine a un d\u00e9licieux go\u00fbt d'orange, est exempte de colorants synth\u00e9tiques et d'exhausteurs de go\u00fbt, et est compos\u00e9e de tous les ingr\u00e9dients essentiels qui ont un effet positif sur le corps humain. Plus important encore, cette L-carnitine se pr\u00e9sente sous forme liquide, de sorte qu'elle sera absorb\u00e9e par l'organisme beaucoup plus rapidement et facilement. Ce compl\u00e9ment est extr\u00eamement riche en carnitine, avec 1667mg par portion (25ml) et 6668mg par 100ml.<\/p>\n<p><strong>LES BIENFAITS DE LA L-CARNITINE \u00c0 L'ORANGE :<\/strong><\/p>\n<ul>\n<li>Des niveaux tr\u00e8s \u00e9lev\u00e9s de carnitine par portion ;<\/li>\n<li>S'absorbe rapidement et facilement ;<\/li>\n<li>Sans colorants synth\u00e9tiques ;<\/li>\n<li>Sans lactose et sans gluten ;<\/li>\n<li>Il a un go\u00fbt d'orange particuli\u00e8rement agr\u00e9able ;<\/li>\n<li>Faible teneur en calories, en mati\u00e8res grasses, en sucre et en hydrates de carbone ;<\/li>\n<li>Contribuer \u00e0 r\u00e9duire le poids corporel.<\/li>\n<li>Aide l'organisme \u00e0 r\u00e9cup\u00e9rer plus rapidement apr\u00e8s un exercice intense.<\/li>\n<\/ul>\n<p>&nbsp;<\/p>\n<p><strong>UTILISATION :<\/strong><\/p>\n<p>Prendre 25ml de L-carnitine pure ou dilu\u00e9e dans l'eau avant ou pendant l'entra\u00eenement. Bien agiter avant utilisation. Une alimentation vari\u00e9e et \u00e9quilibr\u00e9e et un mode de vie sain sont importants.<\/p>\n<p>Tenir hors de port\u00e9e des enfants.<\/p>\n<p>Tenir \u00e0 l'\u00e9cart de la lumi\u00e8re directe du soleil.<\/p>\n<p>Apr\u00e8s ouverture, conserver au r\u00e9frig\u00e9rateur et consommer dans le mois qui suit.<\/p>\n<p>&nbsp;<\/p>\n<p><strong>LA VALEUR NUTRITIONNELLE ET \u00c9NERG\u00c9TIQUE DU PRODUIT<\/strong><\/p>\n<p>Portion de 25 ml. .<\/p>\n<table>\n<tbody>\n<tr>\n<td width=\"252\"><\/td>\n<td width=\"118\"><strong>Portion<\/strong><\/td>\n<td width=\"227\"><strong>\u00a0<\/strong><strong>100 ml de L-carnitine<\/strong><\/td>\n<\/tr>\n<tr>\n<td width=\"252\">Calories<\/td>\n<td width=\"118\">12kJ(3kcal)<\/td>\n<td width=\"227\">49kJ(11kcal)<\/td>\n<\/tr>\n<tr>\n<td width=\"252\"><strong>Graisse<\/strong><\/td>\n<td width=\"118\">&lt;0,5 g<\/td>\n<td width=\"227\">&lt;0,5 g<\/td>\n<\/tr>\n<tr>\n<td width=\"252\">- Dont graisses satur\u00e9es<\/td>\n<td width=\"118\">&lt;0,1 g<\/td>\n<td width=\"227\">&lt;0,1 g<\/td>\n<\/tr>\n<tr>\n<td width=\"252\"><strong>Glucides totaux<\/strong><\/td>\n<td width=\"118\">&lt;0,5 g<\/td>\n<td width=\"227\">&lt;0,5 g<\/td>\n<\/tr>\n<tr>\n<td width=\"252\">- Dont sucre<\/td>\n<td width=\"118\">&lt;0,5 g<\/td>\n<td width=\"227\">&lt;0,5 g<\/td>\n<\/tr>\n<tr>\n<td width=\"252\"><strong>Prot\u00e9ines<\/strong><\/td>\n<td width=\"118\">&lt;0,5 g<\/td>\n<td width=\"227\">&lt;0,5 g<\/td>\n<\/tr>\n<tr>\n<td width=\"252\"><strong>Sel<\/strong><\/td>\n<td width=\"118\">&lt;0,01 g<\/td>\n<td width=\"227\">0,01 g<\/td>\n<\/tr>\n<\/tbody>\n<\/table>\n<p>&nbsp;<\/p>\n<p><strong>INGR\u00c9DIENTS :<\/strong><\/p>\n<p>Eau, L-carnitine, acides (acide citrique, acide lactique), conservateur (sorbate de potassium), \u00e9dulcorants (cyclamate de sodium, ac\u00e9sulfame K, sucralose, saccharine de sodium), ar\u00f4me naturel.<\/p>\n<p>&nbsp;<\/p>","protected":false},"excerpt":{"rendered":"<p>Kit : L-Carnitine Orange HEALTHY CHOICE, 1000ml (3pcs.)<\/p>","protected":false},"featured_media":8989,"template":"","meta":[],"product_brand":[],"product_cat":[52,99,28],"product_tag":[64,60,62,24,25],"class_list":{"0":"post-4504","1":"product","2":"type-product","3":"status-publish","4":"has-post-thumbnail","6":"product_cat-akcijos","7":"product_cat-l-karnitinas","8":"product_cat-rinkiniai","9":"product_tag-kanapiu-baltymai-250g-dovanu","10":"product_tag-groziui-ir-sveikatai","11":"product_tag-l-karnitinas","12":"product_tag-paprasti-produktai","13":"product_tag-rinkiniai","15":"first","16":"instock","17":"sale","18":"taxable","19":"shipping-taxable","20":"purchasable","21":"product-type-simple"},"yoast_head":"<!-- This site is optimized with the Yoast SEO plugin v27.5 - https:\/\/yoast.com\/product\/yoast-seo-wordpress\/ -->\n<title>Rinkinys: L-Karnitinas apelsin\u0173 skonio HEALTHY CHOICE, 1000ml (3vnt.)| Healthy Choice<\/title>\n<meta name=\"robots\" content=\"index, follow, max-snippet:-1, max-image-preview:large, max-video-preview:-1\" \/>\n<link rel=\"canonical\" href=\"https:\/\/www.healthychoice.lt\/fr\/produktai\/rinkinys-l-karnitinas-apelsinu-skonio-healthy-choice-1000ml-3vnt\/\" \/>\n<meta property=\"og:locale\" content=\"fr_FR\" \/>\n<meta property=\"og:type\" content=\"article\" \/>\n<meta property=\"og:title\" content=\"Rinkinys: L-Karnitinas apelsin\u0173 skonio HEALTHY CHOICE, 1000ml (3vnt.)| Healthy Choice\" \/>\n<meta property=\"og:description\" content=\"Rinkinys: L-Karnitinas apelsin\u0173 skonio HEALTHY CHOICE, 1000ml (3vnt.)\" \/>\n<meta property=\"og:url\" content=\"https:\/\/www.healthychoice.lt\/fr\/produktai\/rinkinys-l-karnitinas-apelsinu-skonio-healthy-choice-1000ml-3vnt\/\" \/>\n<meta property=\"og:site_name\" content=\"Healthy Choice\" \/>\n<meta property=\"article:publisher\" content=\"https:\/\/www.facebook.com\/healthychoice.world\/\" \/>\n<meta property=\"article:modified_time\" content=\"2026-04-16T12:59:55+00:00\" \/>\n<meta property=\"og:image\" content=\"https:\/\/www.healthychoice.lt\/wp-content\/uploads\/2021\/12\/l-karnitinas-good.jpg\" \/>\n\t<meta property=\"og:image:width\" content=\"1024\" \/>\n\t<meta property=\"og:image:height\" content=\"1024\" \/>\n\t<meta property=\"og:image:type\" content=\"image\/jpeg\" \/>\n<meta name=\"twitter:card\" content=\"summary_large_image\" \/>\n<meta name=\"twitter:label1\" content=\"Dur\u00e9e de lecture estim\u00e9e\" \/>\n\t<meta name=\"twitter:data1\" content=\"2 minutes\" \/>\n<script type=\"application\/ld+json\" class=\"yoast-schema-graph\">{\"@context\":\"https:\\\/\\\/schema.org\",\"@graph\":[{\"@type\":\"WebPage\",\"@id\":\"https:\\\/\\\/www.healthychoice.lt\\\/produktai\\\/rinkinys-l-karnitinas-apelsinu-skonio-healthy-choice-1000ml-3vnt\\\/\",\"url\":\"https:\\\/\\\/www.healthychoice.lt\\\/produktai\\\/rinkinys-l-karnitinas-apelsinu-skonio-healthy-choice-1000ml-3vnt\\\/\",\"name\":\"Rinkinys: L-Karnitinas apelsin\u0173 skonio HEALTHY CHOICE, 1000ml (3vnt.)| Healthy Choice\",\"isPartOf\":{\"@id\":\"https:\\\/\\\/www.healthychoice.lt\\\/es\\\/#website\"},\"primaryImageOfPage\":{\"@id\":\"https:\\\/\\\/www.healthychoice.lt\\\/produktai\\\/rinkinys-l-karnitinas-apelsinu-skonio-healthy-choice-1000ml-3vnt\\\/#primaryimage\"},\"image\":{\"@id\":\"https:\\\/\\\/www.healthychoice.lt\\\/produktai\\\/rinkinys-l-karnitinas-apelsinu-skonio-healthy-choice-1000ml-3vnt\\\/#primaryimage\"},\"thumbnailUrl\":\"https:\\\/\\\/www.healthychoice.lt\\\/wp-content\\\/uploads\\\/2021\\\/12\\\/l-karnitinas-good.jpg\",\"datePublished\":\"2021-12-30T11:56:39+00:00\",\"dateModified\":\"2026-04-16T12:59:55+00:00\",\"breadcrumb\":{\"@id\":\"https:\\\/\\\/www.healthychoice.lt\\\/produktai\\\/rinkinys-l-karnitinas-apelsinu-skonio-healthy-choice-1000ml-3vnt\\\/#breadcrumb\"},\"inLanguage\":\"fr-FR\",\"potentialAction\":[{\"@type\":\"ReadAction\",\"target\":[\"https:\\\/\\\/www.healthychoice.lt\\\/produktai\\\/rinkinys-l-karnitinas-apelsinu-skonio-healthy-choice-1000ml-3vnt\\\/\"]}]},{\"@type\":\"ImageObject\",\"inLanguage\":\"fr-FR\",\"@id\":\"https:\\\/\\\/www.healthychoice.lt\\\/produktai\\\/rinkinys-l-karnitinas-apelsinu-skonio-healthy-choice-1000ml-3vnt\\\/#primaryimage\",\"url\":\"https:\\\/\\\/www.healthychoice.lt\\\/wp-content\\\/uploads\\\/2021\\\/12\\\/l-karnitinas-good.jpg\",\"contentUrl\":\"https:\\\/\\\/www.healthychoice.lt\\\/wp-content\\\/uploads\\\/2021\\\/12\\\/l-karnitinas-good.jpg\",\"width\":1024,\"height\":1024},{\"@type\":\"BreadcrumbList\",\"@id\":\"https:\\\/\\\/www.healthychoice.lt\\\/produktai\\\/rinkinys-l-karnitinas-apelsinu-skonio-healthy-choice-1000ml-3vnt\\\/#breadcrumb\",\"itemListElement\":[{\"@type\":\"ListItem\",\"position\":1,\"name\":\"Home\",\"item\":\"https:\\\/\\\/www.healthychoice.lt\\\/\"},{\"@type\":\"ListItem\",\"position\":2,\"name\":\"Produktai\",\"item\":\"https:\\\/\\\/www.healthychoice.lt\\\/es\\\/produktai\\\/\"},{\"@type\":\"ListItem\",\"position\":3,\"name\":\"Rinkinys: L-Karnitinas apelsin\u0173 skonio HEALTHY CHOICE, 1000ml (3vnt.)\"}]},{\"@type\":\"WebSite\",\"@id\":\"https:\\\/\\\/www.healthychoice.lt\\\/es\\\/#website\",\"url\":\"https:\\\/\\\/www.healthychoice.lt\\\/es\\\/\",\"name\":\"Healthy Choice\",\"description\":\"Mityba, kuria gali pasitik\u0117ti!\",\"alternateName\":\"Healthychoice\",\"potentialAction\":[{\"@type\":\"SearchAction\",\"target\":{\"@type\":\"EntryPoint\",\"urlTemplate\":\"https:\\\/\\\/www.healthychoice.lt\\\/es\\\/?s={search_term_string}\"},\"query-input\":{\"@type\":\"PropertyValueSpecification\",\"valueRequired\":true,\"valueName\":\"search_term_string\"}}],\"inLanguage\":\"fr-FR\"}]}<\/script>\n<!-- \/ Yoast SEO plugin. -->","yoast_head_json":{"title":"Rinkinys: L-Karnitinas apelsin\u0173 skonio HEALTHY CHOICE, 1000ml (3vnt.)| Healthy Choice","robots":{"index":"index","follow":"follow","max-snippet":"max-snippet:-1","max-image-preview":"max-image-preview:large","max-video-preview":"max-video-preview:-1"},"canonical":"https:\/\/www.healthychoice.lt\/fr\/produktai\/rinkinys-l-karnitinas-apelsinu-skonio-healthy-choice-1000ml-3vnt\/","og_locale":"fr_FR","og_type":"article","og_title":"Rinkinys: L-Karnitinas apelsin\u0173 skonio HEALTHY CHOICE, 1000ml (3vnt.)| Healthy Choice","og_description":"Rinkinys: L-Karnitinas apelsin\u0173 skonio HEALTHY CHOICE, 1000ml (3vnt.)","og_url":"https:\/\/www.healthychoice.lt\/fr\/produktai\/rinkinys-l-karnitinas-apelsinu-skonio-healthy-choice-1000ml-3vnt\/","og_site_name":"Healthy Choice","article_publisher":"https:\/\/www.facebook.com\/healthychoice.world\/","article_modified_time":"2026-04-16T12:59:55+00:00","og_image":[{"width":1024,"height":1024,"url":"https:\/\/www.healthychoice.lt\/wp-content\/uploads\/2021\/12\/l-karnitinas-good.jpg","type":"image\/jpeg"}],"twitter_card":"summary_large_image","twitter_misc":{"Dur\u00e9e de lecture estim\u00e9e":"2 minutes"},"schema":{"@context":"https:\/\/schema.org","@graph":[{"@type":"WebPage","@id":"https:\/\/www.healthychoice.lt\/produktai\/rinkinys-l-karnitinas-apelsinu-skonio-healthy-choice-1000ml-3vnt\/","url":"https:\/\/www.healthychoice.lt\/produktai\/rinkinys-l-karnitinas-apelsinu-skonio-healthy-choice-1000ml-3vnt\/","name":"Rinkinys: L-Karnitinas apelsin\u0173 skonio HEALTHY CHOICE, 1000ml (3vnt.)| Healthy Choice","isPartOf":{"@id":"https:\/\/www.healthychoice.lt\/es\/#website"},"primaryImageOfPage":{"@id":"https:\/\/www.healthychoice.lt\/produktai\/rinkinys-l-karnitinas-apelsinu-skonio-healthy-choice-1000ml-3vnt\/#primaryimage"},"image":{"@id":"https:\/\/www.healthychoice.lt\/produktai\/rinkinys-l-karnitinas-apelsinu-skonio-healthy-choice-1000ml-3vnt\/#primaryimage"},"thumbnailUrl":"https:\/\/www.healthychoice.lt\/wp-content\/uploads\/2021\/12\/l-karnitinas-good.jpg","datePublished":"2021-12-30T11:56:39+00:00","dateModified":"2026-04-16T12:59:55+00:00","breadcrumb":{"@id":"https:\/\/www.healthychoice.lt\/produktai\/rinkinys-l-karnitinas-apelsinu-skonio-healthy-choice-1000ml-3vnt\/#breadcrumb"},"inLanguage":"fr-FR","potentialAction":[{"@type":"ReadAction","target":["https:\/\/www.healthychoice.lt\/produktai\/rinkinys-l-karnitinas-apelsinu-skonio-healthy-choice-1000ml-3vnt\/"]}]},{"@type":"ImageObject","inLanguage":"fr-FR","@id":"https:\/\/www.healthychoice.lt\/produktai\/rinkinys-l-karnitinas-apelsinu-skonio-healthy-choice-1000ml-3vnt\/#primaryimage","url":"https:\/\/www.healthychoice.lt\/wp-content\/uploads\/2021\/12\/l-karnitinas-good.jpg","contentUrl":"https:\/\/www.healthychoice.lt\/wp-content\/uploads\/2021\/12\/l-karnitinas-good.jpg","width":1024,"height":1024},{"@type":"BreadcrumbList","@id":"https:\/\/www.healthychoice.lt\/produktai\/rinkinys-l-karnitinas-apelsinu-skonio-healthy-choice-1000ml-3vnt\/#breadcrumb","itemListElement":[{"@type":"ListItem","position":1,"name":"Home","item":"https:\/\/www.healthychoice.lt\/"},{"@type":"ListItem","position":2,"name":"Produktai","item":"https:\/\/www.healthychoice.lt\/es\/produktai\/"},{"@type":"ListItem","position":3,"name":"Rinkinys: L-Karnitinas apelsin\u0173 skonio HEALTHY CHOICE, 1000ml (3vnt.)"}]},{"@type":"WebSite","@id":"https:\/\/www.healthychoice.lt\/es\/#website","url":"https:\/\/www.healthychoice.lt\/es\/","name":"Le choix de la sant\u00e9","description":"Mityba, kuria gali pasitik\u0117ti!","alternateName":"Healthychoice","potentialAction":[{"@type":"SearchAction","target":{"@type":"EntryPoint","urlTemplate":"https:\/\/www.healthychoice.lt\/es\/?s={search_term_string}"},"query-input":{"@type":"PropertyValueSpecification","valueRequired":true,"valueName":"search_term_string"}}],"inLanguage":"fr-FR"}]}},"_links":{"self":[{"href":"https:\/\/www.healthychoice.lt\/fr\/wp-json\/wp\/v2\/product\/4504","targetHints":{"allow":["GET"]}}],"collection":[{"href":"https:\/\/www.healthychoice.lt\/fr\/wp-json\/wp\/v2\/product"}],"about":[{"href":"https:\/\/www.healthychoice.lt\/fr\/wp-json\/wp\/v2\/types\/product"}],"wp:featuredmedia":[{"embeddable":true,"href":"https:\/\/www.healthychoice.lt\/fr\/wp-json\/wp\/v2\/media\/8989"}],"wp:attachment":[{"href":"https:\/\/www.healthychoice.lt\/fr\/wp-json\/wp\/v2\/media?parent=4504"}],"wp:term":[{"taxonomy":"product_brand","embeddable":true,"href":"https:\/\/www.healthychoice.lt\/fr\/wp-json\/wp\/v2\/product_brand?post=4504"},{"taxonomy":"product_cat","embeddable":true,"href":"https:\/\/www.healthychoice.lt\/fr\/wp-json\/wp\/v2\/product_cat?post=4504"},{"taxonomy":"product_tag","embeddable":true,"href":"https:\/\/www.healthychoice.lt\/fr\/wp-json\/wp\/v2\/product_tag?post=4504"}],"curies":[{"name":"wp","href":"https:\/\/api.w.org\/{rel}","templated":true}]}}