{"id":4336,"date":"2025-04-08T11:11:41","date_gmt":"2025-04-08T08:11:41","guid":{"rendered":"https:\/\/www.healthychoice.lt\/?post_type=product&#038;p=4336"},"modified":"2026-04-23T16:22:20","modified_gmt":"2026-04-23T13:22:20","slug":"kolagenas","status":"publish","type":"product","link":"https:\/\/www.healthychoice.lt\/fr\/produktai\/kolagenas\/","title":{"rendered":"100% collag\u00e8ne pur go\u00fbt fraise, 500ml"},"content":{"rendered":"<p><strong>100<\/strong><strong>%<\/strong><strong> POUR CENT DE COLLAG\u00c8NE PUR DANS UN AR\u00d4ME DE FRAISE<\/strong><\/p>\n<p>Quantit\u00e9 nette 500 ml<\/p>\n<p>Le collag\u00e8ne est une prot\u00e9ine naturellement pr\u00e9sente dans le corps humain qui maintient la structure de la peau, des os et des muscles, mais au fur et \u00e0 mesure que le processus de vieillissement progresse, la capacit\u00e9 du corps \u00e0 synth\u00e9tiser le collag\u00e8ne diminue. C'est pourquoi des suppl\u00e9ments de collag\u00e8ne sont mis au point pour aider \u00e0 maintenir une peau, des cheveux et des ongles normaux, r\u00e9duire l'amincissement des os et avoir un effet positif sur le syst\u00e8me cardiovasculaire.<\/p>\n<p>Le collag\u00e8ne 100% pur \u00e0 l'ar\u00f4me de fraise est de la plus haute qualit\u00e9, formul\u00e9 pour pr\u00e9server toutes les substances essentielles \u00e0 l'am\u00e9lioration de l'\u00e9tat des cheveux, de la peau, des ongles, des tissus conjonctifs et des articulations. Il s'agit d'un produit de haute qualit\u00e9, peu co\u00fbteux, \u00e0 l'ar\u00f4me de fraise, qui convient \u00e0 une prise quotidienne.<\/p>\n<p>Le collag\u00e8ne 100 % pur go\u00fbt fraise contient de la biotine, du zinc, de la vitamine E et de la vitamine C. La biotine est essentielle au m\u00e9tabolisme des hydrates de carbone, des prot\u00e9ines et des graisses. La biotine contribue au maintien d'un m\u00e9tabolisme \u00e9nerg\u00e9tique normal, au fonctionnement du syst\u00e8me nerveux, \u00e0 la fonction psychologique et \u00e0 l'\u00e9tat de la peau. Le zinc est essentiel \u00e0 la production de prot\u00e9ines et joue un r\u00f4le important dans le d\u00e9veloppement et le fonctionnement des cellules immunitaires. Le zinc, comme les vitamines E et C, contribue au maintien d'un syst\u00e8me immunitaire fort.<\/p>\n<p>&nbsp;<\/p>\n<p><strong>LES PRINCIPAUX B\u00c9N\u00c9FICES DE CE COLLAG\u00c8NE AU GO\u00dbT DE FRAISE :<\/strong><\/p>\n<ul>\n<li>un tr\u00e8s bon go\u00fbt naturel de fraise ;<\/li>\n<li>haute valeur biologique pr\u00e9serv\u00e9e ;<\/li>\n<li>sans lactose ;<\/li>\n<li>Le collag\u00e8ne est riche en vitamines E et C ;<\/li>\n<li>convient aux utilisateurs exigeants ;<\/li>\n<li>pauvres en sucre, en hydrates de carbone et en graisses ;<\/li>\n<li>contribue \u00e0 am\u00e9liorer l'\u00e9lasticit\u00e9 de la peau et la masse musculaire et \u00e0 pr\u00e9venir les signes de vieillissement.<\/li>\n<\/ul>\n<p><strong>\u00a0<\/strong><\/p>\n<p><strong>CONSOMMATION<\/strong><strong>:<\/strong><\/p>\n<p>La dose journali\u00e8re est de 25 ml, \u00e0 prendre pure ou dilu\u00e9e dans de l'eau. Bien agiter avant utilisation. Le produit ne doit pas d\u00e9passer la dose recommand\u00e9e et ne doit pas \u00eatre utilis\u00e9 comme substitut alimentaire. Le produit doit \u00eatre tenu hors de la port\u00e9e et de la vue des enfants. Une alimentation vari\u00e9e et \u00e9quilibr\u00e9e et un mode de vie sain sont importants.<\/p>\n<p>&nbsp;<\/p>\n<p><strong>LA VALEUR NUTRITIONNELLE ET \u00c9NERG\u00c9TIQUE DU PRODUIT<\/strong><\/p>\n<p>Portion : 25 ml.<\/p>\n<p>Nombre de portions par paquet : 20.<\/p>\n<p>&nbsp;<\/p>\n<table>\n<tbody>\n<tr>\n<td width=\"252\"><\/td>\n<td width=\"118\"><strong>Portion<\/strong><\/td>\n<td width=\"227\"><strong>\u00a0<\/strong><strong>100 ml de collag\u00e8ne pur aromatis\u00e9 \u00e0 la fraise<\/strong><\/td>\n<\/tr>\n<tr>\n<td width=\"252\">Calories<\/td>\n<td width=\"118\">72kJ (17,2kcal)<\/td>\n<td width=\"227\">286kJ(68,4kcal)<\/td>\n<\/tr>\n<tr>\n<td width=\"252\"><strong>Graisse<\/strong><\/td>\n<td width=\"118\">&lt;0,5 g<\/td>\n<td width=\"227\">&lt;0,5 g<\/td>\n<\/tr>\n<tr>\n<td width=\"252\"><strong>Glucides totaux<\/strong><\/td>\n<td width=\"118\">1,2 g<\/td>\n<td width=\"227\">4,7 g<\/td>\n<\/tr>\n<tr>\n<td width=\"252\">- Dont sucre<\/td>\n<td width=\"118\">1,1 g<\/td>\n<td width=\"227\">4,6 g<\/td>\n<\/tr>\n<tr>\n<td width=\"252\"><strong>Prot\u00e9ines<\/strong><\/td>\n<td width=\"118\">2,7 g<\/td>\n<td width=\"227\">10,6 g<\/td>\n<\/tr>\n<tr>\n<td width=\"252\"><strong>Sel<\/strong><\/td>\n<td width=\"118\">&lt;0,01 g<\/td>\n<td width=\"227\">0,03 g<\/td>\n<\/tr>\n<\/tbody>\n<\/table>\n<p>&nbsp;<\/p>\n<p><strong>INGR\u00c9DIENTS :<\/strong><\/p>\n<p>Eau, jus de raisin blanc (\u00e0 partir de concentr\u00e9), hydrolysat de collag\u00e8ne, jus d'agave, acide ascorbique, ac\u00e9tate de DL-\u03b1-tocoph\u00e9rol, D-biotine, citrate de zinc, acide (acide citrique), conservateurs (sorbate de potassium, benzoate de sodium), \u00e9dulcorant (glycosides de st\u00e9viol), ar\u00f4me naturel.<\/p>\n<p>&nbsp;<\/p>\n<p><strong>COLLAG\u00c8NE PUR SAVEUR FRAISE INGR\u00c9DIENTS D'ACIDES AMIN\u00c9S :<\/strong><\/p>\n<table>\n<tbody>\n<tr>\n<td width=\"144\"><\/td>\n<td width=\"152\"><strong>Portion<\/strong><\/td>\n<td width=\"216\"><strong>100 ml de collag\u00e8ne pur aromatis\u00e9 \u00e0 la fraise<\/strong><\/td>\n<\/tr>\n<tr>\n<td width=\"144\">Valin<\/td>\n<td width=\"152\">63 mg<\/td>\n<td width=\"216\">252 mg<\/td>\n<\/tr>\n<tr>\n<td width=\"144\">Isoleucine<\/td>\n<td width=\"152\">39 mg<\/td>\n<td width=\"216\">156 mg<\/td>\n<\/tr>\n<tr>\n<td width=\"144\">Leucine<\/td>\n<td width=\"152\">73 mg<\/td>\n<td width=\"216\">292 mg<\/td>\n<\/tr>\n<tr>\n<td width=\"144\">Lysine<\/td>\n<td width=\"152\">94 mg<\/td>\n<td width=\"216\">376 mg<\/td>\n<\/tr>\n<tr>\n<td width=\"144\">M\u00e9thionine<\/td>\n<td width=\"152\">16 mg<\/td>\n<td width=\"216\">64 mg<\/td>\n<\/tr>\n<tr>\n<td width=\"144\">Tr\u00e9onin<\/td>\n<td width=\"152\">55 mg<\/td>\n<td width=\"216\">220 mg<\/td>\n<\/tr>\n<tr>\n<td width=\"144\">Ph\u00e9nylalanine<\/td>\n<td width=\"152\">52 mg<\/td>\n<td width=\"216\">208 mg<\/td>\n<\/tr>\n<tr>\n<td width=\"144\">Arginine<\/td>\n<td width=\"152\">189 mg<\/td>\n<td width=\"216\">756 mg<\/td>\n<\/tr>\n<tr>\n<td width=\"144\">Histidine<\/td>\n<td width=\"152\">24 mg<\/td>\n<td width=\"216\">96 mg<\/td>\n<\/tr>\n<tr>\n<td width=\"144\">Tyrosine<\/td>\n<td width=\"152\">21 mg<\/td>\n<td width=\"216\">84 mg<\/td>\n<\/tr>\n<tr>\n<td width=\"144\">Proline<\/td>\n<td width=\"152\">343 mg<\/td>\n<td width=\"216\">1372 mg<\/td>\n<\/tr>\n<tr>\n<td width=\"144\">Alanine<\/td>\n<td width=\"152\">225 mg<\/td>\n<td width=\"216\">900 mg<\/td>\n<\/tr>\n<tr>\n<td width=\"144\">Acide aspartique<\/td>\n<td width=\"152\">149 mg<\/td>\n<td width=\"216\">596 mg<\/td>\n<\/tr>\n<tr>\n<td width=\"144\">Serinas<\/td>\n<td width=\"152\">86 mg<\/td>\n<td width=\"216\">344 mg<\/td>\n<\/tr>\n<tr>\n<td width=\"144\">Acide glutamique<\/td>\n<td width=\"152\">257 mg<\/td>\n<td width=\"216\">1028 mg<\/td>\n<\/tr>\n<tr>\n<td width=\"144\">Glycine<\/td>\n<td width=\"152\">584 mg<\/td>\n<td width=\"216\">2336 mg<\/td>\n<\/tr>\n<tr>\n<td width=\"144\">Hydroxylysine<\/td>\n<td width=\"152\">39 mg<\/td>\n<td width=\"216\">156 mg<\/td>\n<\/tr>\n<tr>\n<td width=\"144\">Hydroxyproline<\/td>\n<td width=\"152\">306 mg<\/td>\n<td width=\"216\">1224 mg<\/td>\n<\/tr>\n<\/tbody>\n<\/table>\n<p>&nbsp;<\/p>\n<p><strong>COLLAG\u00c8NE PUR AR\u00d4ME FRAISE INGR\u00c9DIENTS VITAMIN\u00c9S :<\/strong><\/p>\n<table>\n<tbody>\n<tr>\n<td width=\"144\"><\/td>\n<td width=\"152\"><strong>Portion<\/strong><\/td>\n<td width=\"216\"><strong>100 ml de collag\u00e8ne pur aromatis\u00e9 \u00e0 la fraise<\/strong><\/td>\n<\/tr>\n<tr>\n<td width=\"144\">Vitamine E<\/td>\n<td width=\"152\">12 mg<\/td>\n<td width=\"216\">48 mg<\/td>\n<\/tr>\n<tr>\n<td width=\"144\">Biotine<\/td>\n<td width=\"152\">50 \u00b5g<\/td>\n<td width=\"216\">200 \u00b5g<\/td>\n<\/tr>\n<tr>\n<td width=\"144\">Vitamine C<\/td>\n<td width=\"152\">80 mg<\/td>\n<td width=\"216\">320 mg<\/td>\n<\/tr>\n<tr>\n<td width=\"144\">Zinc<\/td>\n<td width=\"152\">10 mg<\/td>\n<td width=\"216\">40 mg<\/td>\n<\/tr>\n<tr>\n<td width=\"144\">Hydrolysat de collag\u00e8ne Verisol\u00aeB<\/td>\n<td width=\"152\">2500 mg<\/td>\n<td width=\"216\">10000 mg<\/td>\n<\/tr>\n<\/tbody>\n<\/table>\n<p>&nbsp;<\/p>\n<p>&nbsp;<\/p>","protected":false},"excerpt":{"rendered":"<p>100% collag\u00e8ne pur go\u00fbt fraise, 500ml<\/p>","protected":false},"featured_media":8996,"template":"","meta":[],"product_brand":[],"product_cat":[52,100],"product_tag":[64,53,60,63,56,29,24,30],"class_list":{"0":"post-4336","1":"product","2":"type-product","3":"status-publish","4":"has-post-thumbnail","6":"product_cat-akcijos","7":"product_cat-kolagenas","8":"product_tag-kanapiu-baltymai-250g-dovanu","9":"product_tag-exportui","10":"product_tag-groziui-ir-sveikatai","11":"product_tag-kolagenas","12":"product_tag-kolagenas-vitaminai-20","13":"product_tag-kovo3","14":"product_tag-paprasti-produktai","15":"product_tag-top","17":"first","18":"instock","19":"sale","20":"taxable","21":"shipping-taxable","22":"purchasable","23":"product-type-simple"},"yoast_head":"<!-- This site is optimized with the Yoast SEO plugin v27.5 - https:\/\/yoast.com\/product\/yoast-seo-wordpress\/ -->\n<title>100% grynas kolagenas bra\u0161ki\u0173 skonio, 500ml| Healthy Choice<\/title>\n<meta name=\"robots\" content=\"index, follow, max-snippet:-1, max-image-preview:large, max-video-preview:-1\" \/>\n<link rel=\"canonical\" href=\"https:\/\/www.healthychoice.lt\/fr\/produktai\/kolagenas\/\" \/>\n<meta property=\"og:locale\" content=\"fr_FR\" \/>\n<meta property=\"og:type\" content=\"article\" \/>\n<meta property=\"og:title\" content=\"100% grynas kolagenas bra\u0161ki\u0173 skonio, 500ml| Healthy Choice\" \/>\n<meta property=\"og:description\" content=\"100% grynas kolagenas bra\u0161ki\u0173 skonio, 500ml\" \/>\n<meta property=\"og:url\" content=\"https:\/\/www.healthychoice.lt\/fr\/produktai\/kolagenas\/\" \/>\n<meta property=\"og:site_name\" content=\"Healthy Choice\" \/>\n<meta property=\"article:publisher\" content=\"https:\/\/www.facebook.com\/healthychoice.world\/\" \/>\n<meta property=\"article:modified_time\" content=\"2026-04-23T13:22:20+00:00\" \/>\n<meta property=\"og:image\" content=\"https:\/\/www.healthychoice.lt\/wp-content\/uploads\/2022\/12\/kolagenas-1-GOOOOOOOOD.jpg\" \/>\n\t<meta property=\"og:image:width\" content=\"1024\" \/>\n\t<meta property=\"og:image:height\" content=\"1024\" \/>\n\t<meta property=\"og:image:type\" content=\"image\/jpeg\" \/>\n<meta name=\"twitter:card\" content=\"summary_large_image\" \/>\n<meta name=\"twitter:label1\" content=\"Dur\u00e9e de lecture estim\u00e9e\" \/>\n\t<meta name=\"twitter:data1\" content=\"2 minutes\" \/>\n<script type=\"application\/ld+json\" class=\"yoast-schema-graph\">{\"@context\":\"https:\\\/\\\/schema.org\",\"@graph\":[{\"@type\":\"WebPage\",\"@id\":\"https:\\\/\\\/www.healthychoice.lt\\\/produktai\\\/kolagenas\\\/\",\"url\":\"https:\\\/\\\/www.healthychoice.lt\\\/produktai\\\/kolagenas\\\/\",\"name\":\"100% grynas kolagenas bra\u0161ki\u0173 skonio, 500ml| Healthy Choice\",\"isPartOf\":{\"@id\":\"https:\\\/\\\/www.healthychoice.lt\\\/es\\\/#website\"},\"primaryImageOfPage\":{\"@id\":\"https:\\\/\\\/www.healthychoice.lt\\\/produktai\\\/kolagenas\\\/#primaryimage\"},\"image\":{\"@id\":\"https:\\\/\\\/www.healthychoice.lt\\\/produktai\\\/kolagenas\\\/#primaryimage\"},\"thumbnailUrl\":\"https:\\\/\\\/www.healthychoice.lt\\\/wp-content\\\/uploads\\\/2022\\\/12\\\/kolagenas-1-GOOOOOOOOD.jpg\",\"datePublished\":\"2025-04-08T08:11:41+00:00\",\"dateModified\":\"2026-04-23T13:22:20+00:00\",\"breadcrumb\":{\"@id\":\"https:\\\/\\\/www.healthychoice.lt\\\/produktai\\\/kolagenas\\\/#breadcrumb\"},\"inLanguage\":\"fr-FR\",\"potentialAction\":[{\"@type\":\"ReadAction\",\"target\":[\"https:\\\/\\\/www.healthychoice.lt\\\/produktai\\\/kolagenas\\\/\"]}]},{\"@type\":\"ImageObject\",\"inLanguage\":\"fr-FR\",\"@id\":\"https:\\\/\\\/www.healthychoice.lt\\\/produktai\\\/kolagenas\\\/#primaryimage\",\"url\":\"https:\\\/\\\/www.healthychoice.lt\\\/wp-content\\\/uploads\\\/2022\\\/12\\\/kolagenas-1-GOOOOOOOOD.jpg\",\"contentUrl\":\"https:\\\/\\\/www.healthychoice.lt\\\/wp-content\\\/uploads\\\/2022\\\/12\\\/kolagenas-1-GOOOOOOOOD.jpg\",\"width\":1024,\"height\":1024},{\"@type\":\"BreadcrumbList\",\"@id\":\"https:\\\/\\\/www.healthychoice.lt\\\/produktai\\\/kolagenas\\\/#breadcrumb\",\"itemListElement\":[{\"@type\":\"ListItem\",\"position\":1,\"name\":\"Home\",\"item\":\"https:\\\/\\\/www.healthychoice.lt\\\/\"},{\"@type\":\"ListItem\",\"position\":2,\"name\":\"Produktai\",\"item\":\"https:\\\/\\\/www.healthychoice.lt\\\/es\\\/produktai\\\/\"},{\"@type\":\"ListItem\",\"position\":3,\"name\":\"100% grynas kolagenas bra\u0161ki\u0173 skonio, 500ml\"}]},{\"@type\":\"WebSite\",\"@id\":\"https:\\\/\\\/www.healthychoice.lt\\\/es\\\/#website\",\"url\":\"https:\\\/\\\/www.healthychoice.lt\\\/es\\\/\",\"name\":\"Healthy Choice\",\"description\":\"Mityba, kuria gali pasitik\u0117ti!\",\"alternateName\":\"Healthychoice\",\"potentialAction\":[{\"@type\":\"SearchAction\",\"target\":{\"@type\":\"EntryPoint\",\"urlTemplate\":\"https:\\\/\\\/www.healthychoice.lt\\\/es\\\/?s={search_term_string}\"},\"query-input\":{\"@type\":\"PropertyValueSpecification\",\"valueRequired\":true,\"valueName\":\"search_term_string\"}}],\"inLanguage\":\"fr-FR\"}]}<\/script>\n<!-- \/ Yoast SEO plugin. -->","yoast_head_json":{"title":"100% grynas kolagenas bra\u0161ki\u0173 skonio, 500ml| Healthy Choice","robots":{"index":"index","follow":"follow","max-snippet":"max-snippet:-1","max-image-preview":"max-image-preview:large","max-video-preview":"max-video-preview:-1"},"canonical":"https:\/\/www.healthychoice.lt\/fr\/produktai\/kolagenas\/","og_locale":"fr_FR","og_type":"article","og_title":"100% grynas kolagenas bra\u0161ki\u0173 skonio, 500ml| Healthy Choice","og_description":"100% grynas kolagenas bra\u0161ki\u0173 skonio, 500ml","og_url":"https:\/\/www.healthychoice.lt\/fr\/produktai\/kolagenas\/","og_site_name":"Healthy Choice","article_publisher":"https:\/\/www.facebook.com\/healthychoice.world\/","article_modified_time":"2026-04-23T13:22:20+00:00","og_image":[{"width":1024,"height":1024,"url":"https:\/\/www.healthychoice.lt\/wp-content\/uploads\/2022\/12\/kolagenas-1-GOOOOOOOOD.jpg","type":"image\/jpeg"}],"twitter_card":"summary_large_image","twitter_misc":{"Dur\u00e9e de lecture estim\u00e9e":"2 minutes"},"schema":{"@context":"https:\/\/schema.org","@graph":[{"@type":"WebPage","@id":"https:\/\/www.healthychoice.lt\/produktai\/kolagenas\/","url":"https:\/\/www.healthychoice.lt\/produktai\/kolagenas\/","name":"100% grynas kolagenas bra\u0161ki\u0173 skonio, 500ml| Healthy Choice","isPartOf":{"@id":"https:\/\/www.healthychoice.lt\/es\/#website"},"primaryImageOfPage":{"@id":"https:\/\/www.healthychoice.lt\/produktai\/kolagenas\/#primaryimage"},"image":{"@id":"https:\/\/www.healthychoice.lt\/produktai\/kolagenas\/#primaryimage"},"thumbnailUrl":"https:\/\/www.healthychoice.lt\/wp-content\/uploads\/2022\/12\/kolagenas-1-GOOOOOOOOD.jpg","datePublished":"2025-04-08T08:11:41+00:00","dateModified":"2026-04-23T13:22:20+00:00","breadcrumb":{"@id":"https:\/\/www.healthychoice.lt\/produktai\/kolagenas\/#breadcrumb"},"inLanguage":"fr-FR","potentialAction":[{"@type":"ReadAction","target":["https:\/\/www.healthychoice.lt\/produktai\/kolagenas\/"]}]},{"@type":"ImageObject","inLanguage":"fr-FR","@id":"https:\/\/www.healthychoice.lt\/produktai\/kolagenas\/#primaryimage","url":"https:\/\/www.healthychoice.lt\/wp-content\/uploads\/2022\/12\/kolagenas-1-GOOOOOOOOD.jpg","contentUrl":"https:\/\/www.healthychoice.lt\/wp-content\/uploads\/2022\/12\/kolagenas-1-GOOOOOOOOD.jpg","width":1024,"height":1024},{"@type":"BreadcrumbList","@id":"https:\/\/www.healthychoice.lt\/produktai\/kolagenas\/#breadcrumb","itemListElement":[{"@type":"ListItem","position":1,"name":"Home","item":"https:\/\/www.healthychoice.lt\/"},{"@type":"ListItem","position":2,"name":"Produktai","item":"https:\/\/www.healthychoice.lt\/es\/produktai\/"},{"@type":"ListItem","position":3,"name":"100% grynas kolagenas bra\u0161ki\u0173 skonio, 500ml"}]},{"@type":"WebSite","@id":"https:\/\/www.healthychoice.lt\/es\/#website","url":"https:\/\/www.healthychoice.lt\/es\/","name":"Le choix de la sant\u00e9","description":"Mityba, kuria gali pasitik\u0117ti!","alternateName":"Healthychoice","potentialAction":[{"@type":"SearchAction","target":{"@type":"EntryPoint","urlTemplate":"https:\/\/www.healthychoice.lt\/es\/?s={search_term_string}"},"query-input":{"@type":"PropertyValueSpecification","valueRequired":true,"valueName":"search_term_string"}}],"inLanguage":"fr-FR"}]}},"_links":{"self":[{"href":"https:\/\/www.healthychoice.lt\/fr\/wp-json\/wp\/v2\/product\/4336","targetHints":{"allow":["GET"]}}],"collection":[{"href":"https:\/\/www.healthychoice.lt\/fr\/wp-json\/wp\/v2\/product"}],"about":[{"href":"https:\/\/www.healthychoice.lt\/fr\/wp-json\/wp\/v2\/types\/product"}],"wp:featuredmedia":[{"embeddable":true,"href":"https:\/\/www.healthychoice.lt\/fr\/wp-json\/wp\/v2\/media\/8996"}],"wp:attachment":[{"href":"https:\/\/www.healthychoice.lt\/fr\/wp-json\/wp\/v2\/media?parent=4336"}],"wp:term":[{"taxonomy":"product_brand","embeddable":true,"href":"https:\/\/www.healthychoice.lt\/fr\/wp-json\/wp\/v2\/product_brand?post=4336"},{"taxonomy":"product_cat","embeddable":true,"href":"https:\/\/www.healthychoice.lt\/fr\/wp-json\/wp\/v2\/product_cat?post=4336"},{"taxonomy":"product_tag","embeddable":true,"href":"https:\/\/www.healthychoice.lt\/fr\/wp-json\/wp\/v2\/product_tag?post=4336"}],"curies":[{"name":"wp","href":"https:\/\/api.w.org\/{rel}","templated":true}]}}