{"id":3787,"date":"2021-11-26T15:24:49","date_gmt":"2021-11-26T13:24:49","guid":{"rendered":"https:\/\/www.healthychoice.lt\/?post_type=product&#038;p=3787"},"modified":"2026-01-14T00:25:56","modified_gmt":"2026-01-13T22:25:56","slug":"rinkinys-zemes-riesutu-uztepas-healthy-choice-1000g-migdolu-riesutu-uztepas-healthy-choice-su-gabaliukais-250g","status":"publish","type":"product","link":"https:\/\/www.healthychoice.lt\/fr\/produktai\/rinkinys-zemes-riesutu-uztepas-healthy-choice-1000g-migdolu-riesutu-uztepas-healthy-choice-su-gabaliukais-250g\/","title":{"rendered":"Set : p\u00e2te \u00e0 tartiner aux cacahu\u00e8tes Healthy Choice 1000g + p\u00e2te \u00e0 tartiner aux amandes Healthy Choice 250g"},"content":{"rendered":"","protected":false},"excerpt":{"rendered":"<p>La p\u00e2te \u00e0 tartiner aux cacahu\u00e8tes Healthy Choice est disponible en deux consistances, cr\u00e8me et chunky, et contient des prot\u00e9ines v\u00e9g\u00e9tales de haute qualit\u00e9, des graisses insatur\u00e9es, des fibres et des hydrates de carbone. D\u00e9velopp\u00e9e avec une valeur biologique \u00e9lev\u00e9e (BV). Il s'agit d'un produit de qualit\u00e9 qui peut \u00eatre consomm\u00e9 plusieurs fois par jour.<\/p>\n<p>Migdol\u0173 rie\u0161ut\u0173 u\u017etepas \u201eHealthy Choice\u201c su gabaliukais 250g i\u0161skirtin\u0117s konsistencijos, migdol\u0173 rie\u0161ut\u0173 u\u017etepas gabaliukais, gaminamas i\u0161 auk\u0161\u010diausios r\u016b\u0161ies nat\u016brali\u0173 migdol\u0173, nenaudojant joki\u0173 sintetini\u0173 pried\u0173, skonio stiprikli\u0173, riebal\u0173, ir da\u017eikli\u0173.<\/p>","protected":false},"featured_media":8994,"template":"","meta":[],"product_brand":[],"product_cat":[52,101,28],"product_tag":[24,61,25],"class_list":{"0":"post-3787","1":"product","2":"type-product","3":"status-publish","4":"has-post-thumbnail","6":"product_cat-akcijos","7":"product_cat-riesutu-produktai","8":"product_cat-rinkiniai","9":"product_tag-paprasti-produktai","10":"product_tag-riesutu-produktai","11":"product_tag-rinkiniai","13":"first","14":"instock","15":"sale","16":"taxable","17":"shipping-taxable","18":"purchasable","19":"product-type-simple"},"yoast_head":"<!-- This site is optimized with the Yoast SEO plugin v27.5 - https:\/\/yoast.com\/product\/yoast-seo-wordpress\/ -->\n<title>Rinkinys: \u017eem\u0117s rie\u0161ut\u0173 u\u017etepas \u201eHealthy Choice\u201c 1000g + migdol\u0173 rie\u0161ut\u0173 u\u017etepas \u201eHealthy Choice\u201c su gabaliukais 250g| Healthy Choice<\/title>\n<meta name=\"robots\" content=\"index, follow, max-snippet:-1, max-image-preview:large, max-video-preview:-1\" \/>\n<link rel=\"canonical\" href=\"https:\/\/www.healthychoice.lt\/fr\/produktai\/rinkinys-zemes-riesutu-uztepas-healthy-choice-1000g-migdolu-riesutu-uztepas-healthy-choice-su-gabaliukais-250g\/\" \/>\n<meta property=\"og:locale\" content=\"fr_FR\" \/>\n<meta property=\"og:type\" content=\"article\" \/>\n<meta property=\"og:title\" content=\"Rinkinys: \u017eem\u0117s rie\u0161ut\u0173 u\u017etepas \u201eHealthy Choice\u201c 1000g + migdol\u0173 rie\u0161ut\u0173 u\u017etepas \u201eHealthy Choice\u201c su gabaliukais 250g| Healthy Choice\" \/>\n<meta property=\"og:description\" content=\"\u017dem\u0117s rie\u0161ut\u0173 u\u017etepas \u201eHealthy Choice\u201c yra dviej\u0173 konsistencij\u0173, kremo ir gabaliukais, auk\u0161tos kokyb\u0117s augaliniai baltymai, nesotieji riebalai, skaidulos ir angliavandeniai. Sukurtas i\u0161saugant auk\u0161t\u0105 biologin\u0119 vert\u0119 (BV). Tai kokybi\u0161kas produktas, tinkamas vartoti kelet\u0105 kart\u0173 per dien\u0105.  Migdol\u0173 rie\u0161ut\u0173 u\u017etepas \u201eHealthy Choice\u201c su gabaliukais 250g i\u0161skirtin\u0117s konsistencijos, migdol\u0173 rie\u0161ut\u0173 u\u017etepas gabaliukais, gaminamas i\u0161 auk\u0161\u010diausios r\u016b\u0161ies nat\u016brali\u0173 migdol\u0173, nenaudojant joki\u0173 sintetini\u0173 pried\u0173, skonio stiprikli\u0173, riebal\u0173, ir da\u017eikli\u0173.\" \/>\n<meta property=\"og:url\" content=\"https:\/\/www.healthychoice.lt\/fr\/produktai\/rinkinys-zemes-riesutu-uztepas-healthy-choice-1000g-migdolu-riesutu-uztepas-healthy-choice-su-gabaliukais-250g\/\" \/>\n<meta property=\"og:site_name\" content=\"Healthy Choice\" \/>\n<meta property=\"article:publisher\" content=\"https:\/\/www.facebook.com\/healthychoice.world\/\" \/>\n<meta property=\"article:modified_time\" content=\"2026-01-13T22:25:56+00:00\" \/>\n<meta property=\"og:image\" content=\"https:\/\/www.healthychoice.lt\/wp-content\/uploads\/2021\/11\/BIG-ZEMES-RIESUTAI-ir-small-migdolu-riesutai-uztepai.jpg\" \/>\n\t<meta property=\"og:image:width\" content=\"1024\" \/>\n\t<meta property=\"og:image:height\" content=\"1024\" \/>\n\t<meta property=\"og:image:type\" content=\"image\/jpeg\" \/>\n<meta name=\"twitter:card\" content=\"summary_large_image\" \/>\n<script type=\"application\/ld+json\" class=\"yoast-schema-graph\">{\"@context\":\"https:\\\/\\\/schema.org\",\"@graph\":[{\"@type\":\"WebPage\",\"@id\":\"https:\\\/\\\/www.healthychoice.lt\\\/pl\\\/produktai\\\/rinkinys-zemes-riesutu-uztepas-healthy-choice-1000g-migdolu-riesutu-uztepas-healthy-choice-su-gabaliukais-250g\\\/\",\"url\":\"https:\\\/\\\/www.healthychoice.lt\\\/pl\\\/produktai\\\/rinkinys-zemes-riesutu-uztepas-healthy-choice-1000g-migdolu-riesutu-uztepas-healthy-choice-su-gabaliukais-250g\\\/\",\"name\":\"Rinkinys: \u017eem\u0117s rie\u0161ut\u0173 u\u017etepas \u201eHealthy Choice\u201c 1000g + migdol\u0173 rie\u0161ut\u0173 u\u017etepas \u201eHealthy Choice\u201c su gabaliukais 250g| Healthy Choice\",\"isPartOf\":{\"@id\":\"https:\\\/\\\/www.healthychoice.lt\\\/es\\\/#website\"},\"primaryImageOfPage\":{\"@id\":\"https:\\\/\\\/www.healthychoice.lt\\\/pl\\\/produktai\\\/rinkinys-zemes-riesutu-uztepas-healthy-choice-1000g-migdolu-riesutu-uztepas-healthy-choice-su-gabaliukais-250g\\\/#primaryimage\"},\"image\":{\"@id\":\"https:\\\/\\\/www.healthychoice.lt\\\/pl\\\/produktai\\\/rinkinys-zemes-riesutu-uztepas-healthy-choice-1000g-migdolu-riesutu-uztepas-healthy-choice-su-gabaliukais-250g\\\/#primaryimage\"},\"thumbnailUrl\":\"https:\\\/\\\/www.healthychoice.lt\\\/wp-content\\\/uploads\\\/2021\\\/11\\\/BIG-ZEMES-RIESUTAI-ir-small-migdolu-riesutai-uztepai.jpg\",\"datePublished\":\"2021-11-26T13:24:49+00:00\",\"dateModified\":\"2026-01-13T22:25:56+00:00\",\"breadcrumb\":{\"@id\":\"https:\\\/\\\/www.healthychoice.lt\\\/pl\\\/produktai\\\/rinkinys-zemes-riesutu-uztepas-healthy-choice-1000g-migdolu-riesutu-uztepas-healthy-choice-su-gabaliukais-250g\\\/#breadcrumb\"},\"inLanguage\":\"fr-FR\",\"potentialAction\":[{\"@type\":\"ReadAction\",\"target\":[\"https:\\\/\\\/www.healthychoice.lt\\\/pl\\\/produktai\\\/rinkinys-zemes-riesutu-uztepas-healthy-choice-1000g-migdolu-riesutu-uztepas-healthy-choice-su-gabaliukais-250g\\\/\"]}]},{\"@type\":\"ImageObject\",\"inLanguage\":\"fr-FR\",\"@id\":\"https:\\\/\\\/www.healthychoice.lt\\\/pl\\\/produktai\\\/rinkinys-zemes-riesutu-uztepas-healthy-choice-1000g-migdolu-riesutu-uztepas-healthy-choice-su-gabaliukais-250g\\\/#primaryimage\",\"url\":\"https:\\\/\\\/www.healthychoice.lt\\\/wp-content\\\/uploads\\\/2021\\\/11\\\/BIG-ZEMES-RIESUTAI-ir-small-migdolu-riesutai-uztepai.jpg\",\"contentUrl\":\"https:\\\/\\\/www.healthychoice.lt\\\/wp-content\\\/uploads\\\/2021\\\/11\\\/BIG-ZEMES-RIESUTAI-ir-small-migdolu-riesutai-uztepai.jpg\",\"width\":1024,\"height\":1024},{\"@type\":\"BreadcrumbList\",\"@id\":\"https:\\\/\\\/www.healthychoice.lt\\\/pl\\\/produktai\\\/rinkinys-zemes-riesutu-uztepas-healthy-choice-1000g-migdolu-riesutu-uztepas-healthy-choice-su-gabaliukais-250g\\\/#breadcrumb\",\"itemListElement\":[{\"@type\":\"ListItem\",\"position\":1,\"name\":\"Home\",\"item\":\"https:\\\/\\\/www.healthychoice.lt\\\/\"},{\"@type\":\"ListItem\",\"position\":2,\"name\":\"Produktai\",\"item\":\"https:\\\/\\\/www.healthychoice.lt\\\/es\\\/produktai\\\/\"},{\"@type\":\"ListItem\",\"position\":3,\"name\":\"Rinkinys: \u017eem\u0117s rie\u0161ut\u0173 u\u017etepas \u201eHealthy Choice\u201c 1000g + migdol\u0173 rie\u0161ut\u0173 u\u017etepas \u201eHealthy Choice\u201c su gabaliukais 250g\"}]},{\"@type\":\"WebSite\",\"@id\":\"https:\\\/\\\/www.healthychoice.lt\\\/es\\\/#website\",\"url\":\"https:\\\/\\\/www.healthychoice.lt\\\/es\\\/\",\"name\":\"Healthy Choice\",\"description\":\"Mityba, kuria gali pasitik\u0117ti!\",\"alternateName\":\"Healthychoice\",\"potentialAction\":[{\"@type\":\"SearchAction\",\"target\":{\"@type\":\"EntryPoint\",\"urlTemplate\":\"https:\\\/\\\/www.healthychoice.lt\\\/es\\\/?s={search_term_string}\"},\"query-input\":{\"@type\":\"PropertyValueSpecification\",\"valueRequired\":true,\"valueName\":\"search_term_string\"}}],\"inLanguage\":\"fr-FR\"}]}<\/script>\n<!-- \/ Yoast SEO plugin. -->","yoast_head_json":{"title":"Rinkinys: \u017eem\u0117s rie\u0161ut\u0173 u\u017etepas \u201eHealthy Choice\u201c 1000g + migdol\u0173 rie\u0161ut\u0173 u\u017etepas \u201eHealthy Choice\u201c su gabaliukais 250g| Healthy Choice","robots":{"index":"index","follow":"follow","max-snippet":"max-snippet:-1","max-image-preview":"max-image-preview:large","max-video-preview":"max-video-preview:-1"},"canonical":"https:\/\/www.healthychoice.lt\/fr\/produktai\/rinkinys-zemes-riesutu-uztepas-healthy-choice-1000g-migdolu-riesutu-uztepas-healthy-choice-su-gabaliukais-250g\/","og_locale":"fr_FR","og_type":"article","og_title":"Rinkinys: \u017eem\u0117s rie\u0161ut\u0173 u\u017etepas \u201eHealthy Choice\u201c 1000g + migdol\u0173 rie\u0161ut\u0173 u\u017etepas \u201eHealthy Choice\u201c su gabaliukais 250g| Healthy Choice","og_description":"\u017dem\u0117s rie\u0161ut\u0173 u\u017etepas \u201eHealthy Choice\u201c yra dviej\u0173 konsistencij\u0173, kremo ir gabaliukais, auk\u0161tos kokyb\u0117s augaliniai baltymai, nesotieji riebalai, skaidulos ir angliavandeniai. Sukurtas i\u0161saugant auk\u0161t\u0105 biologin\u0119 vert\u0119 (BV). Tai kokybi\u0161kas produktas, tinkamas vartoti kelet\u0105 kart\u0173 per dien\u0105.  Migdol\u0173 rie\u0161ut\u0173 u\u017etepas \u201eHealthy Choice\u201c su gabaliukais 250g i\u0161skirtin\u0117s konsistencijos, migdol\u0173 rie\u0161ut\u0173 u\u017etepas gabaliukais, gaminamas i\u0161 auk\u0161\u010diausios r\u016b\u0161ies nat\u016brali\u0173 migdol\u0173, nenaudojant joki\u0173 sintetini\u0173 pried\u0173, skonio stiprikli\u0173, riebal\u0173, ir da\u017eikli\u0173.","og_url":"https:\/\/www.healthychoice.lt\/fr\/produktai\/rinkinys-zemes-riesutu-uztepas-healthy-choice-1000g-migdolu-riesutu-uztepas-healthy-choice-su-gabaliukais-250g\/","og_site_name":"Healthy Choice","article_publisher":"https:\/\/www.facebook.com\/healthychoice.world\/","article_modified_time":"2026-01-13T22:25:56+00:00","og_image":[{"width":1024,"height":1024,"url":"https:\/\/www.healthychoice.lt\/wp-content\/uploads\/2021\/11\/BIG-ZEMES-RIESUTAI-ir-small-migdolu-riesutai-uztepai.jpg","type":"image\/jpeg"}],"twitter_card":"summary_large_image","schema":{"@context":"https:\/\/schema.org","@graph":[{"@type":"WebPage","@id":"https:\/\/www.healthychoice.lt\/pl\/produktai\/rinkinys-zemes-riesutu-uztepas-healthy-choice-1000g-migdolu-riesutu-uztepas-healthy-choice-su-gabaliukais-250g\/","url":"https:\/\/www.healthychoice.lt\/pl\/produktai\/rinkinys-zemes-riesutu-uztepas-healthy-choice-1000g-migdolu-riesutu-uztepas-healthy-choice-su-gabaliukais-250g\/","name":"Rinkinys: \u017eem\u0117s rie\u0161ut\u0173 u\u017etepas \u201eHealthy Choice\u201c 1000g + migdol\u0173 rie\u0161ut\u0173 u\u017etepas \u201eHealthy Choice\u201c su gabaliukais 250g| Healthy Choice","isPartOf":{"@id":"https:\/\/www.healthychoice.lt\/es\/#website"},"primaryImageOfPage":{"@id":"https:\/\/www.healthychoice.lt\/pl\/produktai\/rinkinys-zemes-riesutu-uztepas-healthy-choice-1000g-migdolu-riesutu-uztepas-healthy-choice-su-gabaliukais-250g\/#primaryimage"},"image":{"@id":"https:\/\/www.healthychoice.lt\/pl\/produktai\/rinkinys-zemes-riesutu-uztepas-healthy-choice-1000g-migdolu-riesutu-uztepas-healthy-choice-su-gabaliukais-250g\/#primaryimage"},"thumbnailUrl":"https:\/\/www.healthychoice.lt\/wp-content\/uploads\/2021\/11\/BIG-ZEMES-RIESUTAI-ir-small-migdolu-riesutai-uztepai.jpg","datePublished":"2021-11-26T13:24:49+00:00","dateModified":"2026-01-13T22:25:56+00:00","breadcrumb":{"@id":"https:\/\/www.healthychoice.lt\/pl\/produktai\/rinkinys-zemes-riesutu-uztepas-healthy-choice-1000g-migdolu-riesutu-uztepas-healthy-choice-su-gabaliukais-250g\/#breadcrumb"},"inLanguage":"fr-FR","potentialAction":[{"@type":"ReadAction","target":["https:\/\/www.healthychoice.lt\/pl\/produktai\/rinkinys-zemes-riesutu-uztepas-healthy-choice-1000g-migdolu-riesutu-uztepas-healthy-choice-su-gabaliukais-250g\/"]}]},{"@type":"ImageObject","inLanguage":"fr-FR","@id":"https:\/\/www.healthychoice.lt\/pl\/produktai\/rinkinys-zemes-riesutu-uztepas-healthy-choice-1000g-migdolu-riesutu-uztepas-healthy-choice-su-gabaliukais-250g\/#primaryimage","url":"https:\/\/www.healthychoice.lt\/wp-content\/uploads\/2021\/11\/BIG-ZEMES-RIESUTAI-ir-small-migdolu-riesutai-uztepai.jpg","contentUrl":"https:\/\/www.healthychoice.lt\/wp-content\/uploads\/2021\/11\/BIG-ZEMES-RIESUTAI-ir-small-migdolu-riesutai-uztepai.jpg","width":1024,"height":1024},{"@type":"BreadcrumbList","@id":"https:\/\/www.healthychoice.lt\/pl\/produktai\/rinkinys-zemes-riesutu-uztepas-healthy-choice-1000g-migdolu-riesutu-uztepas-healthy-choice-su-gabaliukais-250g\/#breadcrumb","itemListElement":[{"@type":"ListItem","position":1,"name":"Home","item":"https:\/\/www.healthychoice.lt\/"},{"@type":"ListItem","position":2,"name":"Produktai","item":"https:\/\/www.healthychoice.lt\/es\/produktai\/"},{"@type":"ListItem","position":3,"name":"Rinkinys: \u017eem\u0117s rie\u0161ut\u0173 u\u017etepas \u201eHealthy Choice\u201c 1000g + migdol\u0173 rie\u0161ut\u0173 u\u017etepas \u201eHealthy Choice\u201c su gabaliukais 250g"}]},{"@type":"WebSite","@id":"https:\/\/www.healthychoice.lt\/es\/#website","url":"https:\/\/www.healthychoice.lt\/es\/","name":"Le choix de la sant\u00e9","description":"Mityba, kuria gali pasitik\u0117ti!","alternateName":"Healthychoice","potentialAction":[{"@type":"SearchAction","target":{"@type":"EntryPoint","urlTemplate":"https:\/\/www.healthychoice.lt\/es\/?s={search_term_string}"},"query-input":{"@type":"PropertyValueSpecification","valueRequired":true,"valueName":"search_term_string"}}],"inLanguage":"fr-FR"}]}},"_links":{"self":[{"href":"https:\/\/www.healthychoice.lt\/fr\/wp-json\/wp\/v2\/product\/3787","targetHints":{"allow":["GET"]}}],"collection":[{"href":"https:\/\/www.healthychoice.lt\/fr\/wp-json\/wp\/v2\/product"}],"about":[{"href":"https:\/\/www.healthychoice.lt\/fr\/wp-json\/wp\/v2\/types\/product"}],"wp:featuredmedia":[{"embeddable":true,"href":"https:\/\/www.healthychoice.lt\/fr\/wp-json\/wp\/v2\/media\/8994"}],"wp:attachment":[{"href":"https:\/\/www.healthychoice.lt\/fr\/wp-json\/wp\/v2\/media?parent=3787"}],"wp:term":[{"taxonomy":"product_brand","embeddable":true,"href":"https:\/\/www.healthychoice.lt\/fr\/wp-json\/wp\/v2\/product_brand?post=3787"},{"taxonomy":"product_cat","embeddable":true,"href":"https:\/\/www.healthychoice.lt\/fr\/wp-json\/wp\/v2\/product_cat?post=3787"},{"taxonomy":"product_tag","embeddable":true,"href":"https:\/\/www.healthychoice.lt\/fr\/wp-json\/wp\/v2\/product_tag?post=3787"}],"curies":[{"name":"wp","href":"https:\/\/api.w.org\/{rel}","templated":true}]}}