{"id":156,"date":"2022-01-15T15:58:36","date_gmt":"2022-01-15T13:58:36","guid":{"rendered":"https:\/\/www.healthychoice.lt\/?post_type=product&#038;p=156"},"modified":"2026-04-13T18:22:15","modified_gmt":"2026-04-13T15:22:15","slug":"zemes-riesutu-uztepas","status":"publish","type":"product","link":"https:\/\/www.healthychoice.lt\/fr\/produktai\/zemes-riesutu-uztepas\/","title":{"rendered":"Cr\u00e8me \u00e0 tartiner aux cacahu\u00e8tes, 1kg"},"content":{"rendered":"<h2 style=\"text-align: center;\">\u00c0 propos de la p\u00e2te \u00e0 tartiner aux arachides HEALTHY CHOICE<\/h2>\n<div class=\"row\"  id=\"row-704799260\">\n\n\t<div id=\"col-780337691\" class=\"col medium-6 small-12 large-6\"  >\n\t\t\t\t<div class=\"col-inner\"  >\n\t\t\t\n\t\t\t\n<p>P\u00e2te \u00e0 tartiner \u00e0 base de cacahu\u00e8tes <strong>\"UN CHOIX SAIN\"<\/strong> est la meilleure qualit\u00e9 de prot\u00e9ines v\u00e9g\u00e9tales. Il s'agit d'un produit savoureux et de haute qualit\u00e9, fabriqu\u00e9 \u00e0 partir de mati\u00e8res premi\u00e8res naturelles sans utiliser d'ar\u00f4mes artificiels, d'exhausteurs de go\u00fbt, de graisses, d'additifs synth\u00e9tiques et de colorants.<\/p>\n<p>Il est fabriqu\u00e9 \u00e0 partir des meilleures arachides, riches en VITAMINES et en MIN\u00c9RAUX tels que le sodium, le calcium, le magn\u00e9sium et le potassium. Il est obtenu en grillant les cacahu\u00e8tes avec leur coque, puis en les broyant pour obtenir un merveilleux go\u00fbt croquant, tout en pr\u00e9servant la structure inchang\u00e9e des prot\u00e9ines et des graisses.<\/p>\n<p>Les fibres assurent un bon transit intestinal et procurent une sensation de sati\u00e9t\u00e9 qui r\u00e9duit les envies de grignotages inutiles et de sucreries.<\/p>\n\t\t<\/div>\n\t\t\t\t\t<\/div>\n\n\t\n\n\t<div id=\"col-483657001\" class=\"col medium-6 small-12 large-6\"  >\n\t\t\t\t<div class=\"col-inner\"  >\n\t\t\t\n\t\t\t\n<p><strong>Les principaux avantages de HEALTHY CHOICE - 100% Peanut Spread :<\/strong><\/p>\n<ul>\n<li>Fabriqu\u00e9 \u00e0 partir de cacahu\u00e8tes 100% ;<\/li>\n<li>Il ne contient pas de sucre, de sel ou d'huile ajout\u00e9s ;<\/li>\n<li>Sans \u00e9dulcorant, colorant ou additif ;<\/li>\n<li>Pas d'additifs synth\u00e9tiques ni de conservateurs ;<\/li>\n<li>Haute valeur biologique pr\u00e9serv\u00e9e ;<\/li>\n<li>Am\u00e9liore les performances globales ;<\/li>\n<li>Excellent complexe d'acides gras insatur\u00e9s :\n<ul>\n<li>contient des graisses mono-insatur\u00e9es ;<\/li>\n<li>contient des graisses poly-insatur\u00e9es ;<\/li>\n<li>dont les acides gras essentiels linol\u00e9ique et alpha-linol\u00e9nique (AGE)<\/li>\n<\/ul>\n<\/li>\n<li>Contient des acides gras om\u00e9ga-6, essentiels au maintien des fonctions c\u00e9r\u00e9brales et cardiaques, ainsi qu'\u00e0 une croissance et un d\u00e9veloppement normaux ;<\/li>\n<li>Contient des vitamines et des min\u00e9raux : sodium, calcium, magn\u00e9sium, potassium ;<\/li>\n<li>Aide \u00e0 pr\u00e9server la masse musculaire ;<\/li>\n<li>Convient aux athl\u00e8tes ;<\/li>\n<li>Convient aux enfants et aux femmes enceintes ;<\/li>\n<li>Convient aux v\u00e9g\u00e9tariens et aux v\u00e9g\u00e9taliens ;<\/li>\n<li>Fabriqu\u00e9 en Lituanie ;<\/li>\n<\/ul>\n\t\t<\/div>\n\t\t\t\t\t<\/div>\n\n\t\n<\/div>","protected":false},"excerpt":{"rendered":"<p>La p\u00e2te \u00e0 tartiner aux cacahu\u00e8tes Healthy Choice est disponible en deux consistances, cr\u00e8me et chunky, et contient des prot\u00e9ines v\u00e9g\u00e9tales de haute qualit\u00e9, des graisses insatur\u00e9es, des fibres et des hydrates de carbone. D\u00e9velopp\u00e9e avec une valeur biologique \u00e9lev\u00e9e (BV). Il s'agit d'un produit de qualit\u00e9 qui peut \u00eatre consomm\u00e9 plusieurs fois par jour.<\/p>","protected":false},"featured_media":8988,"template":"","meta":[],"product_brand":[],"product_cat":[52,101,31],"product_tag":[53,29,24,61,30],"class_list":{"0":"post-156","1":"product","2":"type-product","3":"status-publish","4":"has-post-thumbnail","6":"product_cat-akcijos","7":"product_cat-riesutu-produktai","8":"product_cat-top","9":"product_tag-exportui","10":"product_tag-kovo3","11":"product_tag-paprasti-produktai","12":"product_tag-riesutu-produktai","13":"product_tag-top","15":"first","16":"instock","17":"sale","18":"taxable","19":"shipping-taxable","20":"purchasable","21":"product-type-simple"},"yoast_head":"<!-- This site is optimized with the Yoast SEO plugin v27.5 - https:\/\/yoast.com\/product\/yoast-seo-wordpress\/ -->\n<title>\u017dem\u0117s rie\u0161ut\u0173 u\u017etepas kremas, 1kg| Healthy Choice<\/title>\n<meta name=\"robots\" content=\"index, follow, max-snippet:-1, max-image-preview:large, max-video-preview:-1\" \/>\n<link rel=\"canonical\" href=\"https:\/\/www.healthychoice.lt\/fr\/produktai\/zemes-riesutu-uztepas\/\" \/>\n<meta property=\"og:locale\" content=\"fr_FR\" \/>\n<meta property=\"og:type\" content=\"article\" \/>\n<meta property=\"og:title\" content=\"\u017dem\u0117s rie\u0161ut\u0173 u\u017etepas kremas, 1kg| Healthy Choice\" \/>\n<meta property=\"og:description\" content=\"\u017dem\u0117s rie\u0161ut\u0173 u\u017etepas \u201eHealthy Choice\u201c yra dviej\u0173 konsistencij\u0173, kremo ir gabaliukais, auk\u0161tos kokyb\u0117s augaliniai baltymai, nesotieji riebalai, skaidulos ir angliavandeniai. Sukurtas i\u0161saugant auk\u0161t\u0105 biologin\u0119 vert\u0119 (BV). Tai kokybi\u0161kas produktas, tinkamas vartoti kelet\u0105 kart\u0173 per dien\u0105.\" \/>\n<meta property=\"og:url\" content=\"https:\/\/www.healthychoice.lt\/fr\/produktai\/zemes-riesutu-uztepas\/\" \/>\n<meta property=\"og:site_name\" content=\"Healthy Choice\" \/>\n<meta property=\"article:publisher\" content=\"https:\/\/www.facebook.com\/healthychoice.world\/\" \/>\n<meta property=\"article:modified_time\" content=\"2026-04-13T15:22:15+00:00\" \/>\n<meta property=\"og:image\" content=\"https:\/\/www.healthychoice.lt\/wp-content\/uploads\/2022\/01\/riesutu-uztepas-kremas-good.jpg\" \/>\n\t<meta property=\"og:image:width\" content=\"1024\" \/>\n\t<meta property=\"og:image:height\" content=\"1024\" \/>\n\t<meta property=\"og:image:type\" content=\"image\/jpeg\" \/>\n<meta name=\"twitter:card\" content=\"summary_large_image\" \/>\n<meta name=\"twitter:label1\" content=\"Dur\u00e9e de lecture estim\u00e9e\" \/>\n\t<meta name=\"twitter:data1\" content=\"1 minute\" \/>\n<script type=\"application\/ld+json\" class=\"yoast-schema-graph\">{\"@context\":\"https:\\\/\\\/schema.org\",\"@graph\":[{\"@type\":\"WebPage\",\"@id\":\"https:\\\/\\\/www.healthychoice.lt\\\/produktai\\\/zemes-riesutu-uztepas\\\/\",\"url\":\"https:\\\/\\\/www.healthychoice.lt\\\/produktai\\\/zemes-riesutu-uztepas\\\/\",\"name\":\"\u017dem\u0117s rie\u0161ut\u0173 u\u017etepas kremas, 1kg| Healthy Choice\",\"isPartOf\":{\"@id\":\"https:\\\/\\\/www.healthychoice.lt\\\/es\\\/#website\"},\"primaryImageOfPage\":{\"@id\":\"https:\\\/\\\/www.healthychoice.lt\\\/produktai\\\/zemes-riesutu-uztepas\\\/#primaryimage\"},\"image\":{\"@id\":\"https:\\\/\\\/www.healthychoice.lt\\\/produktai\\\/zemes-riesutu-uztepas\\\/#primaryimage\"},\"thumbnailUrl\":\"https:\\\/\\\/www.healthychoice.lt\\\/wp-content\\\/uploads\\\/2022\\\/01\\\/riesutu-uztepas-kremas-good.jpg\",\"datePublished\":\"2022-01-15T13:58:36+00:00\",\"dateModified\":\"2026-04-13T15:22:15+00:00\",\"breadcrumb\":{\"@id\":\"https:\\\/\\\/www.healthychoice.lt\\\/produktai\\\/zemes-riesutu-uztepas\\\/#breadcrumb\"},\"inLanguage\":\"fr-FR\",\"potentialAction\":[{\"@type\":\"ReadAction\",\"target\":[\"https:\\\/\\\/www.healthychoice.lt\\\/produktai\\\/zemes-riesutu-uztepas\\\/\"]}]},{\"@type\":\"ImageObject\",\"inLanguage\":\"fr-FR\",\"@id\":\"https:\\\/\\\/www.healthychoice.lt\\\/produktai\\\/zemes-riesutu-uztepas\\\/#primaryimage\",\"url\":\"https:\\\/\\\/www.healthychoice.lt\\\/wp-content\\\/uploads\\\/2022\\\/01\\\/riesutu-uztepas-kremas-good.jpg\",\"contentUrl\":\"https:\\\/\\\/www.healthychoice.lt\\\/wp-content\\\/uploads\\\/2022\\\/01\\\/riesutu-uztepas-kremas-good.jpg\",\"width\":1024,\"height\":1024},{\"@type\":\"BreadcrumbList\",\"@id\":\"https:\\\/\\\/www.healthychoice.lt\\\/produktai\\\/zemes-riesutu-uztepas\\\/#breadcrumb\",\"itemListElement\":[{\"@type\":\"ListItem\",\"position\":1,\"name\":\"Home\",\"item\":\"https:\\\/\\\/www.healthychoice.lt\\\/\"},{\"@type\":\"ListItem\",\"position\":2,\"name\":\"Produktai\",\"item\":\"https:\\\/\\\/www.healthychoice.lt\\\/es\\\/produktai\\\/\"},{\"@type\":\"ListItem\",\"position\":3,\"name\":\"\u017dem\u0117s rie\u0161ut\u0173 u\u017etepas kremas, 1kg\"}]},{\"@type\":\"WebSite\",\"@id\":\"https:\\\/\\\/www.healthychoice.lt\\\/es\\\/#website\",\"url\":\"https:\\\/\\\/www.healthychoice.lt\\\/es\\\/\",\"name\":\"Healthy Choice\",\"description\":\"Mityba, kuria gali pasitik\u0117ti!\",\"alternateName\":\"Healthychoice\",\"potentialAction\":[{\"@type\":\"SearchAction\",\"target\":{\"@type\":\"EntryPoint\",\"urlTemplate\":\"https:\\\/\\\/www.healthychoice.lt\\\/es\\\/?s={search_term_string}\"},\"query-input\":{\"@type\":\"PropertyValueSpecification\",\"valueRequired\":true,\"valueName\":\"search_term_string\"}}],\"inLanguage\":\"fr-FR\"}]}<\/script>\n<!-- \/ Yoast SEO plugin. -->","yoast_head_json":{"title":"\u017dem\u0117s rie\u0161ut\u0173 u\u017etepas kremas, 1kg| Healthy Choice","robots":{"index":"index","follow":"follow","max-snippet":"max-snippet:-1","max-image-preview":"max-image-preview:large","max-video-preview":"max-video-preview:-1"},"canonical":"https:\/\/www.healthychoice.lt\/fr\/produktai\/zemes-riesutu-uztepas\/","og_locale":"fr_FR","og_type":"article","og_title":"\u017dem\u0117s rie\u0161ut\u0173 u\u017etepas kremas, 1kg| Healthy Choice","og_description":"\u017dem\u0117s rie\u0161ut\u0173 u\u017etepas \u201eHealthy Choice\u201c yra dviej\u0173 konsistencij\u0173, kremo ir gabaliukais, auk\u0161tos kokyb\u0117s augaliniai baltymai, nesotieji riebalai, skaidulos ir angliavandeniai. Sukurtas i\u0161saugant auk\u0161t\u0105 biologin\u0119 vert\u0119 (BV). Tai kokybi\u0161kas produktas, tinkamas vartoti kelet\u0105 kart\u0173 per dien\u0105.","og_url":"https:\/\/www.healthychoice.lt\/fr\/produktai\/zemes-riesutu-uztepas\/","og_site_name":"Healthy Choice","article_publisher":"https:\/\/www.facebook.com\/healthychoice.world\/","article_modified_time":"2026-04-13T15:22:15+00:00","og_image":[{"width":1024,"height":1024,"url":"https:\/\/www.healthychoice.lt\/wp-content\/uploads\/2022\/01\/riesutu-uztepas-kremas-good.jpg","type":"image\/jpeg"}],"twitter_card":"summary_large_image","twitter_misc":{"Dur\u00e9e de lecture estim\u00e9e":"1 minute"},"schema":{"@context":"https:\/\/schema.org","@graph":[{"@type":"WebPage","@id":"https:\/\/www.healthychoice.lt\/produktai\/zemes-riesutu-uztepas\/","url":"https:\/\/www.healthychoice.lt\/produktai\/zemes-riesutu-uztepas\/","name":"\u017dem\u0117s rie\u0161ut\u0173 u\u017etepas kremas, 1kg| Healthy Choice","isPartOf":{"@id":"https:\/\/www.healthychoice.lt\/es\/#website"},"primaryImageOfPage":{"@id":"https:\/\/www.healthychoice.lt\/produktai\/zemes-riesutu-uztepas\/#primaryimage"},"image":{"@id":"https:\/\/www.healthychoice.lt\/produktai\/zemes-riesutu-uztepas\/#primaryimage"},"thumbnailUrl":"https:\/\/www.healthychoice.lt\/wp-content\/uploads\/2022\/01\/riesutu-uztepas-kremas-good.jpg","datePublished":"2022-01-15T13:58:36+00:00","dateModified":"2026-04-13T15:22:15+00:00","breadcrumb":{"@id":"https:\/\/www.healthychoice.lt\/produktai\/zemes-riesutu-uztepas\/#breadcrumb"},"inLanguage":"fr-FR","potentialAction":[{"@type":"ReadAction","target":["https:\/\/www.healthychoice.lt\/produktai\/zemes-riesutu-uztepas\/"]}]},{"@type":"ImageObject","inLanguage":"fr-FR","@id":"https:\/\/www.healthychoice.lt\/produktai\/zemes-riesutu-uztepas\/#primaryimage","url":"https:\/\/www.healthychoice.lt\/wp-content\/uploads\/2022\/01\/riesutu-uztepas-kremas-good.jpg","contentUrl":"https:\/\/www.healthychoice.lt\/wp-content\/uploads\/2022\/01\/riesutu-uztepas-kremas-good.jpg","width":1024,"height":1024},{"@type":"BreadcrumbList","@id":"https:\/\/www.healthychoice.lt\/produktai\/zemes-riesutu-uztepas\/#breadcrumb","itemListElement":[{"@type":"ListItem","position":1,"name":"Home","item":"https:\/\/www.healthychoice.lt\/"},{"@type":"ListItem","position":2,"name":"Produktai","item":"https:\/\/www.healthychoice.lt\/es\/produktai\/"},{"@type":"ListItem","position":3,"name":"\u017dem\u0117s rie\u0161ut\u0173 u\u017etepas kremas, 1kg"}]},{"@type":"WebSite","@id":"https:\/\/www.healthychoice.lt\/es\/#website","url":"https:\/\/www.healthychoice.lt\/es\/","name":"Le choix de la sant\u00e9","description":"Mityba, kuria gali pasitik\u0117ti!","alternateName":"Healthychoice","potentialAction":[{"@type":"SearchAction","target":{"@type":"EntryPoint","urlTemplate":"https:\/\/www.healthychoice.lt\/es\/?s={search_term_string}"},"query-input":{"@type":"PropertyValueSpecification","valueRequired":true,"valueName":"search_term_string"}}],"inLanguage":"fr-FR"}]}},"_links":{"self":[{"href":"https:\/\/www.healthychoice.lt\/fr\/wp-json\/wp\/v2\/product\/156","targetHints":{"allow":["GET"]}}],"collection":[{"href":"https:\/\/www.healthychoice.lt\/fr\/wp-json\/wp\/v2\/product"}],"about":[{"href":"https:\/\/www.healthychoice.lt\/fr\/wp-json\/wp\/v2\/types\/product"}],"wp:featuredmedia":[{"embeddable":true,"href":"https:\/\/www.healthychoice.lt\/fr\/wp-json\/wp\/v2\/media\/8988"}],"wp:attachment":[{"href":"https:\/\/www.healthychoice.lt\/fr\/wp-json\/wp\/v2\/media?parent=156"}],"wp:term":[{"taxonomy":"product_brand","embeddable":true,"href":"https:\/\/www.healthychoice.lt\/fr\/wp-json\/wp\/v2\/product_brand?post=156"},{"taxonomy":"product_cat","embeddable":true,"href":"https:\/\/www.healthychoice.lt\/fr\/wp-json\/wp\/v2\/product_cat?post=156"},{"taxonomy":"product_tag","embeddable":true,"href":"https:\/\/www.healthychoice.lt\/fr\/wp-json\/wp\/v2\/product_tag?post=156"}],"curies":[{"name":"wp","href":"https:\/\/api.w.org\/{rel}","templated":true}]}}