{"id":393,"date":"2020-06-30T06:04:07","date_gmt":"2020-06-30T03:04:07","guid":{"rendered":"https:\/\/www.healthychoice.lt\/?page_id=393"},"modified":"2025-08-20T15:03:23","modified_gmt":"2025-08-20T12:03:23","slug":"apmokejimas-pristatymas","status":"publish","type":"page","link":"https:\/\/www.healthychoice.lt\/fr\/apmokejimas-pristatymas\/","title":{"rendered":"Paiement \/ Livraison"},"content":{"rendered":"<div class=\"row\"  id=\"row-402953176\">\n\n\n\t<div id=\"col-1776344889\" class=\"col medium-6 small-12 large-6\"  data-animate=\"fadeInLeft\">\n\t\t\t\t<div class=\"col-inner\"  >\n\t\t\t\n\t\t\t\n\n<h2 style=\"text-align: center;\">Modes de paiement<\/h2>\n<p><strong>1. Vous pouvez payer par banque \u00e9lectronique (Paysera)<\/strong><\/p>\n<p>Paysera est un syst\u00e8me de paiement \u00e9lectronique qui combine diff\u00e9rentes m\u00e9thodes de paiement : via le syst\u00e8me Paysera, l'e-banking ou les cartes de paiement. Paysera propose un compte multidevise gratuit dont l'ouverture et le rechargement ne prennent que quelques minutes. Il permet \u00e9galement d'effectuer des paiements en ligne rapides et s\u00e9curis\u00e9s, une partie du montant d\u00e9pens\u00e9 \u00e9tant revers\u00e9e au client. Paysera propose \u00e9galement un portefeuille mobile pratique, qui facilite encore davantage les paiements en ligne et dans les lieux physiques. Payez avec Paysera - c'est rapide, moderne et utile. Pour chaque paiement, jusqu'\u00e0 1% du montant pay\u00e9 pour des biens ou des services est revers\u00e9 sur le compte Paysera du client.<\/p>\n<p style=\"text-align: center;\">\"Danske Bank A\/S Lietuvos filialas, AS Luminor (\"DNB\") bankas, AS Citadele bankas, AS Luminor (\"Nordea\") bankas, AB SEB bankas, AB bankas Swedbank, AB bankas \u0160iauli\u0173 bankas, UAB Medicinos bankas, Lithuanian credit unions, MoQ, Paysera account, Credit cards<\/p>\n<div class=\"is-divider divider clearfix\" style=\"max-width:100%;\"><\/div>\n\n<p><strong>2. Vous pouvez payer par virement bancaire :<\/strong><\/p>\n<p>Les accessoires de r\u00e8glement :<\/p>\n<ol>\n<li><em><strong>Banque AB SEB :<\/strong><\/em><br \/>A\/s. : LT39 7044 0600 0786 3477 - EUR \/ USD \/ GBP (multidevise)<br \/>Code bancaire : 70440<br \/>Code S.W.I.F.T. : CBVILT2X<\/li>\n<li><em><strong>Paysera :<\/strong><\/em><br \/>Paysera UAB est un \u00e9tablissement de monnaie \u00e9lectronique.<br \/>IBAN : LT13 3500 0100 0139 8442 - EUR \/ USD \/ GBP (multidevise).<br \/>Code bancaire : 35000 Code S.W.I.F.T : EVIULT21XXX<\/li>\n<\/ol>\n<p>N'oubliez pas de saisir votre <strong><u>code de r\u00e9servation<\/u><\/strong> dans le champ \"Destination\" du virement bancaire.<\/p>\n\n\t\t<\/div>\n\t\t\t\t\t<\/div>\n\n\t\n\n\t<div id=\"col-751694581\" class=\"col medium-6 small-12 large-6\"  data-animate=\"fadeInRight\">\n\t\t\t\t<div class=\"col-inner\"  >\n\t\t\t\n\t\t\t\n\n<h2 style=\"text-align: center;\">Livraison des marchandises<\/h2>\n<p>1.1 L'objectif du vendeur est de remettre les marchandises command\u00e9es par l'acheteur au service des colis dans les deux jours ouvrables suivant le paiement des marchandises.<br \/>1.2 Le service de livraison livre les biens achet\u00e9s \u00e0 l'adresse indiqu\u00e9e par l'acheteur :<br \/>1.2.1. dans un d\u00e9lai de 1 \u00e0 2 jours ouvrables si les marchandises sont livr\u00e9es en Lituanie ;<br \/>1.2.2. pour les autres parties, par t\u00e9l\u00e9phone ou par courrier \u00e9lectronique ;<br \/>1.3 Les services de livraison sont assur\u00e9s par UAB Venipak Lietuva.<br \/>1.4 Toutes les commandes sont exp\u00e9di\u00e9es par Venipak Lietuva UAB. Lorsque nous vous envoyons une commande, nous vous envoyons imm\u00e9diatement une notification avec le num\u00e9ro d'envoi afin que vous puissiez suivre le mouvement de l'envoi en ligne.<br \/>1.5 Toutes les informations concernant les heures d'ouverture (heures de livraison) de UAB Venipak Lietuva et les services de UAB Venipak Lietuva sont disponibles sur le site Internet de UAB Venipak Lietuva, qui dispose d'une page Internet distincte pour chaque pays dans lequel UAB Venipak Lietuva exerce ses activit\u00e9s.<br \/>Vous pouvez retirer vos commandes gratuitement \u00e0 notre bureau de Vilnius.<\/p>\n<p><strong>Pour les commandes sup\u00e9rieures \u00e0 50\u20ac - Livraison GRATUITE en Lituanie<br \/><\/strong>Dans le cas contraire, le prix de la livraison est bas\u00e9 sur le poids de la commande.<\/p>\n<p>Taip pat u\u017esakym\u0105 nemokamai galima atsiimti m\u016bs\u0173 biure, adresu <strong>\u0160atrijos g. 7-49, LT-09300, Vilnius<\/strong>, biuro darbo laiku &#8211; I\u2013IV 11:00-16:00val., V 11:00-13:00val. Telefonas pasiteiravimui: <a href=\"tel:+37060006655\">+370 600 06 655<\/a>.<\/p>\n<h2 style=\"text-align: center;\">Retour de marchandises<\/h2>\n<p>2.1 Les marchandises achet\u00e9es sur le site www.healthychoice.lt peuvent \u00eatre retourn\u00e9es dans les 15 jours suivant l'achat.<br \/>2.2 Les retours ne peuvent \u00eatre effectu\u00e9s que si l'emballage est intact - les marchandises n'ont pas \u00e9t\u00e9 d\u00e9ball\u00e9es.<br \/>2.3 Les marchandises doivent \u00eatre renvoy\u00e9es dans leur emballage d'origine.<br \/>2.4 La demande de retour de l'acheteur doit \u00eatre faite par \u00e9crit, accompagn\u00e9e de la preuve d'achat dans l'e-shop.<br \/>2.5 Le montant des marchandises retourn\u00e9es peut \u00eatre rembours\u00e9 \u00e0 l'acheteur dans les 5 jours suivant la date de retour des marchandises au vendeur et la confirmation par le vendeur que les marchandises ont \u00e9t\u00e9 accept\u00e9es par le vendeur comme \u00e9tant retourn\u00e9es. Les frais de livraison ne sont pas remboursables.<br \/>2.6 Si vous souhaitez retourner les marchandises pour obtenir un remboursement, nous vous conseillons de le faire en utilisant un service de livraison de colis s\u00e9curis\u00e9 et assur\u00e9 (par exemple Venipak, UPS, DHL, DPD, etc.). Nous n'acceptons aucune responsabilit\u00e9 pour les marchandises retourn\u00e9es qui n'ont pas \u00e9t\u00e9 re\u00e7ues. Les frais de retour sont \u00e0 la charge de l'acheteur.<br \/>2.7 Une demande d'autorisation de retour est accept\u00e9e dans les 48 heures suivant la r\u00e9ception de la demande.<br \/>2.8. Pirk\u0117jas (fizinis asmuo)turi teis\u0119 nenurodydamas prie\u017easties atsisakyti internetu sudarytos sutarties per 14 dien\u0173, i\u0161skyrus \u0161io straipsnio 2 d. numatytas i\u0161imtis. Sumok\u0117ti pinigai, \u012fskaitant pirk\u0117jo apmok\u0117tas prek\u0117s pristatymo i\u0161laidas, pirk\u0117jui gr\u0105\u017einami per 14 dien\u0173 nuo pirk\u0117jo prane\u0161imo apie sutarties atsisakym\u0105 dienos, ta\u010diau Pardav\u0117jas gali negr\u0105\u017einti pinig\u0173, kol negaus prek\u0117s arba jam bus pateiktas \u012frodymas, kad prek\u0117 i\u0161si\u0173sta.<br \/>2.9. Vartojimo gin\u010dus neteismine tvarka sprend\u017eia Valstybin\u0117 vartotoj\u0173 teisi\u0173 apsaugos tarnyba, buvein\u0117s<br \/>adresas Go\u0161tauto g. 12, Vilnius, www.vvtat.lt.<br \/>2.10. Pra\u0161ymus ar skundus d\u0117l galim\u0173 vartotoj\u0173 teisi\u0173 pa\u017eeidim\u0173 vartotojas gali pateikti vartotoj\u0173 gin\u010d\u0173 sprendimo platformoje http:\/\/ec.europa.eu\/odr\/.<\/p>\n\n\t\t<\/div>\n\t\t\t\t\t<\/div>\n\n\t\n\n<\/div>","protected":false},"excerpt":{"rendered":"","protected":false},"author":1,"featured_media":0,"parent":0,"menu_order":0,"comment_status":"closed","ping_status":"closed","template":"","meta":{"footnotes":""},"class_list":["post-393","page","type-page","status-publish","hentry"],"yoast_head":"<!-- This site is optimized with the Yoast SEO plugin v27.5 - https:\/\/yoast.com\/product\/yoast-seo-wordpress\/ -->\n<title>Apmok\u0117jimas \/ Pristatymas | Healthy Choice<\/title>\n<meta name=\"robots\" content=\"index, follow, max-snippet:-1, max-image-preview:large, max-video-preview:-1\" \/>\n<link rel=\"canonical\" href=\"https:\/\/www.healthychoice.lt\/fr\/apmokejimas-pristatymas\/\" \/>\n<meta property=\"og:locale\" content=\"fr_FR\" \/>\n<meta property=\"og:type\" content=\"article\" \/>\n<meta property=\"og:title\" content=\"Apmok\u0117jimas \/ Pristatymas | Healthy Choice\" \/>\n<meta property=\"og:url\" content=\"https:\/\/www.healthychoice.lt\/fr\/apmokejimas-pristatymas\/\" \/>\n<meta property=\"og:site_name\" content=\"Healthy Choice\" \/>\n<meta property=\"article:publisher\" content=\"https:\/\/www.facebook.com\/healthychoice.world\/\" \/>\n<meta property=\"article:modified_time\" content=\"2025-08-20T12:03:23+00:00\" \/>\n<meta name=\"twitter:card\" content=\"summary_large_image\" \/>\n<meta name=\"twitter:label1\" content=\"Dur\u00e9e de lecture estim\u00e9e\" \/>\n\t<meta name=\"twitter:data1\" content=\"4 minutes\" \/>\n<script type=\"application\/ld+json\" class=\"yoast-schema-graph\">{\"@context\":\"https:\\\/\\\/schema.org\",\"@graph\":[{\"@type\":\"WebPage\",\"@id\":\"https:\\\/\\\/www.healthychoice.lt\\\/apmokejimas-pristatymas\\\/\",\"url\":\"https:\\\/\\\/www.healthychoice.lt\\\/apmokejimas-pristatymas\\\/\",\"name\":\"Apmok\u0117jimas \\\/ Pristatymas | Healthy Choice\",\"isPartOf\":{\"@id\":\"https:\\\/\\\/www.healthychoice.lt\\\/es\\\/#website\"},\"datePublished\":\"2020-06-30T03:04:07+00:00\",\"dateModified\":\"2025-08-20T12:03:23+00:00\",\"breadcrumb\":{\"@id\":\"https:\\\/\\\/www.healthychoice.lt\\\/apmokejimas-pristatymas\\\/#breadcrumb\"},\"inLanguage\":\"fr-FR\",\"potentialAction\":[{\"@type\":\"ReadAction\",\"target\":[\"https:\\\/\\\/www.healthychoice.lt\\\/apmokejimas-pristatymas\\\/\"]}]},{\"@type\":\"BreadcrumbList\",\"@id\":\"https:\\\/\\\/www.healthychoice.lt\\\/apmokejimas-pristatymas\\\/#breadcrumb\",\"itemListElement\":[{\"@type\":\"ListItem\",\"position\":1,\"name\":\"Home\",\"item\":\"https:\\\/\\\/www.healthychoice.lt\\\/\"},{\"@type\":\"ListItem\",\"position\":2,\"name\":\"Apmok\u0117jimas \\\/ Pristatymas\"}]},{\"@type\":\"WebSite\",\"@id\":\"https:\\\/\\\/www.healthychoice.lt\\\/es\\\/#website\",\"url\":\"https:\\\/\\\/www.healthychoice.lt\\\/es\\\/\",\"name\":\"Healthy Choice\",\"description\":\"Mityba, kuria gali pasitik\u0117ti!\",\"alternateName\":\"Healthychoice\",\"potentialAction\":[{\"@type\":\"SearchAction\",\"target\":{\"@type\":\"EntryPoint\",\"urlTemplate\":\"https:\\\/\\\/www.healthychoice.lt\\\/es\\\/?s={search_term_string}\"},\"query-input\":{\"@type\":\"PropertyValueSpecification\",\"valueRequired\":true,\"valueName\":\"search_term_string\"}}],\"inLanguage\":\"fr-FR\"}]}<\/script>\n<!-- \/ Yoast SEO plugin. -->","yoast_head_json":{"title":"Apmok\u0117jimas \/ Pristatymas | Healthy Choice","robots":{"index":"index","follow":"follow","max-snippet":"max-snippet:-1","max-image-preview":"max-image-preview:large","max-video-preview":"max-video-preview:-1"},"canonical":"https:\/\/www.healthychoice.lt\/fr\/apmokejimas-pristatymas\/","og_locale":"fr_FR","og_type":"article","og_title":"Apmok\u0117jimas \/ Pristatymas | Healthy Choice","og_url":"https:\/\/www.healthychoice.lt\/fr\/apmokejimas-pristatymas\/","og_site_name":"Healthy Choice","article_publisher":"https:\/\/www.facebook.com\/healthychoice.world\/","article_modified_time":"2025-08-20T12:03:23+00:00","twitter_card":"summary_large_image","twitter_misc":{"Dur\u00e9e de lecture estim\u00e9e":"4 minutes"},"schema":{"@context":"https:\/\/schema.org","@graph":[{"@type":"WebPage","@id":"https:\/\/www.healthychoice.lt\/apmokejimas-pristatymas\/","url":"https:\/\/www.healthychoice.lt\/apmokejimas-pristatymas\/","name":"Apmok\u0117jimas \/ Pristatymas | Healthy Choice","isPartOf":{"@id":"https:\/\/www.healthychoice.lt\/es\/#website"},"datePublished":"2020-06-30T03:04:07+00:00","dateModified":"2025-08-20T12:03:23+00:00","breadcrumb":{"@id":"https:\/\/www.healthychoice.lt\/apmokejimas-pristatymas\/#breadcrumb"},"inLanguage":"fr-FR","potentialAction":[{"@type":"ReadAction","target":["https:\/\/www.healthychoice.lt\/apmokejimas-pristatymas\/"]}]},{"@type":"BreadcrumbList","@id":"https:\/\/www.healthychoice.lt\/apmokejimas-pristatymas\/#breadcrumb","itemListElement":[{"@type":"ListItem","position":1,"name":"Home","item":"https:\/\/www.healthychoice.lt\/"},{"@type":"ListItem","position":2,"name":"Apmok\u0117jimas \/ Pristatymas"}]},{"@type":"WebSite","@id":"https:\/\/www.healthychoice.lt\/es\/#website","url":"https:\/\/www.healthychoice.lt\/es\/","name":"Le choix de la sant\u00e9","description":"Mityba, kuria gali pasitik\u0117ti!","alternateName":"Healthychoice","potentialAction":[{"@type":"SearchAction","target":{"@type":"EntryPoint","urlTemplate":"https:\/\/www.healthychoice.lt\/es\/?s={search_term_string}"},"query-input":{"@type":"PropertyValueSpecification","valueRequired":true,"valueName":"search_term_string"}}],"inLanguage":"fr-FR"}]}},"_links":{"self":[{"href":"https:\/\/www.healthychoice.lt\/fr\/wp-json\/wp\/v2\/pages\/393","targetHints":{"allow":["GET"]}}],"collection":[{"href":"https:\/\/www.healthychoice.lt\/fr\/wp-json\/wp\/v2\/pages"}],"about":[{"href":"https:\/\/www.healthychoice.lt\/fr\/wp-json\/wp\/v2\/types\/page"}],"author":[{"embeddable":true,"href":"https:\/\/www.healthychoice.lt\/fr\/wp-json\/wp\/v2\/users\/1"}],"replies":[{"embeddable":true,"href":"https:\/\/www.healthychoice.lt\/fr\/wp-json\/wp\/v2\/comments?post=393"}],"version-history":[{"count":6,"href":"https:\/\/www.healthychoice.lt\/fr\/wp-json\/wp\/v2\/pages\/393\/revisions"}],"predecessor-version":[{"id":11111,"href":"https:\/\/www.healthychoice.lt\/fr\/wp-json\/wp\/v2\/pages\/393\/revisions\/11111"}],"wp:attachment":[{"href":"https:\/\/www.healthychoice.lt\/fr\/wp-json\/wp\/v2\/media?parent=393"}],"curies":[{"name":"wp","href":"https:\/\/api.w.org\/{rel}","templated":true}]}}