{"id":366,"date":"2020-06-30T05:24:36","date_gmt":"2020-06-30T02:24:36","guid":{"rendered":"https:\/\/www.healthychoice.lt\/?page_id=366"},"modified":"2020-06-30T09:31:14","modified_gmt":"2020-06-30T06:31:14","slug":"apie-mus","status":"publish","type":"page","link":"https:\/\/www.healthychoice.lt\/fr\/apie-mus\/","title":{"rendered":"A propos de nous"},"content":{"rendered":"<section class=\"section about-us-page dark\" id=\"section_2143682845\">\n\t\t<div class=\"section-bg fill\" >\n\t\t\t\t\t\t\t\t\t\n\t\t\t\n\n\t\t<\/div>\n\n\t\t\n\n\t\t<div class=\"section-content relative\">\n\t\t\t\n\n<div class=\"row\"  id=\"row-745889207\">\n\n\n\t<div id=\"col-2126569686\" class=\"col medium-9 small-12 large-9\"  data-animate=\"fadeInLeft\">\n\t\t\t\t<div class=\"col-inner\"  >\n\t\t\t\n\t\t\t\n\n<p><strong>UAB \"SVEIKA ENERGIJA\" (EN ANGLAIS)<\/strong>&nbsp;\u2013 tai lietuvi\u0161ko kapitalo \u012fmon\u0117, kuri pirm\u0105 kart\u0105 Lietuvos istorijoje suk\u016br\u0117, pagamino ir \u012f prekyb\u0105 i\u0161leido labai auk\u0161tos kokyb\u0117s, pasaulinio lygio lietuvi\u0161k\u0105 protein\u0105 \u2013 tirp\u0173 100 procent\u0173 i\u0161r\u016bg\u0173 baltym\u0105&nbsp;<strong>\u201eHEALTHY CHOICE\u201c<\/strong>, pagamint\u0105 Lietuvoje i\u0161 Lietuvos ir kit\u0173 Baltijos valstybi\u0173 tiek\u0117j\u0173 tiekiamo pieno. Lietuva visais laikais gars\u0117jo itin auk\u0161tos kokyb\u0117s pieno produktais. Tai tikrai nepaskutinis&nbsp;<strong>\u201eHEALTHY CHOICE\u201c<\/strong>&nbsp;produktas, pasieksiantis rinkas.<\/span><\/p>\n<p><span>Profesionali, ilgalaik\u0119 patirt\u012f turin\u010di\u0173 darbuotoj\u0173 komanda organizuoja ir pri\u017ei\u016bri kokybi\u0161k\u0105, nenutr\u016bkstam\u0105&nbsp;<strong>\u201eHEALTHY CHOICE\u201c<\/strong>&nbsp;produkcijos tiekim\u0105 esamiems ir b\u016bsimiems klientams, tiesiogiai i\u0161 sand\u0117li\u0173 ar per m\u016bs\u0173 elektronines parduotuves internetin\u0117je erdv\u0117je.&nbsp;<strong>UAB \"SVEIKA ENERGIJA\" (EN ANGLAIS)<\/strong>&nbsp;intensyviai ie\u0161ko nuolatini\u0173&nbsp;<strong>\u201eHEALTHY CHOICE\u201c<\/strong>&nbsp;produkt\u0173 platinimo partneri\u0173 tiek Lietuvoje, tiek u\u017esienyje. Bendrov\u0117 \u0161iuo metu tiekia&nbsp;<strong>\u201eHEALTHY CHOICE\u201c<\/strong>&nbsp;produkcij\u0105 klientams Lietuvoje, Latvijoje, Estijoje ir Lenkijoje.<\/span><\/p>\n<p><span>Artimiausiu metu planuojama pl\u0117sti veikl\u0105, didinant&nbsp;<strong>\u201eHEALTHY CHOICE\u201c<\/strong>&nbsp;produkt\u0173 pardavimo apimtis u\u017esienio rinkose, eksportuojant produktus \u012f Skandinavij\u0105, Vidurio, Vakar\u0173 ir Piet\u0173 Europ\u0105 bei Azij\u0105. \u012emon\u0117 kuria sveikus, visi\u0161kai nat\u016bralius, naujos kartos, itin auk\u0161tos kokyb\u0117s produktus. Atliekami laboratoriniai tyrimai, pad\u0117siantys sukurti nat\u016brali\u0173 produkt\u0173 linij\u0105. Tai bus d\u017eiuginanti staigmena i\u0161tikimiems m\u016bs\u0173 klientams. Klientams, pasira\u0161antiems atstovavimo ar nuolatinio tiekimo pirkimo- pardavimo sutartis su&nbsp;<strong>UAB \"SVEIKA ENERGIJA\" (EN ANGLAIS)<\/strong>, bus suteikiamos i\u0161skirtin\u0117s s\u0105lygos platinti&nbsp;<strong>\u201eHEALTHY&nbsp;CHOICE\u201c<\/strong>&nbsp;produkcij\u0105.<\/span><\/p>\n<p><span>\u012emon\u0117 daug d\u0117mesio skiria ekologijai ir gamtosaugai. I\u0161 anksto d\u0117kojame, kad panaudot\u0105 ir tu\u0161\u010di\u0105&nbsp;<strong>\u201eHEALTHY CHOICE\u201c<\/strong>&nbsp;pakuot\u0119 patalpinsite \u012f atitinkam\u0105 konteiner\u012f antriniam perdirbimui.<\/p>\n\n\t\t<\/div>\n\t\t\t\t\t<\/div>\n\n\t\n\n\t<div id=\"col-534860345\" class=\"col page-logo medium-3 small-12 large-3 small-col-first\"  data-animate=\"fadeInRight\">\n\t\t\t\t<div class=\"col-inner\"  >\n\t\t\t\n\t\t\t\n\n\t<div class=\"img has-hover x md-x lg-x y md-y lg-y\" id=\"image_1113651166\">\n\t\t\t\t\t\t\t\t<div class=\"img-inner dark\" >\n\t\t\t<img loading=\"lazy\" decoding=\"async\" width=\"294\" height=\"403\" src=\"https:\/\/www.healthychoice.lt\/wp-content\/uploads\/2020\/06\/about-the-company.png\" class=\"attachment-large size-large\" alt=\"Sveika Energija - Mityba, kuria gali pasitik\u0117ti\" srcset=\"https:\/\/www.healthychoice.lt\/wp-content\/uploads\/2020\/06\/about-the-company.png 294w, https:\/\/www.healthychoice.lt\/wp-content\/uploads\/2020\/06\/about-the-company-64x88.png 64w, https:\/\/www.healthychoice.lt\/wp-content\/uploads\/2020\/06\/about-the-company-280x384.png 280w, https:\/\/www.healthychoice.lt\/wp-content\/uploads\/2020\/06\/about-the-company-219x300.png 219w\" sizes=\"auto, (max-width: 294px) 100vw, 294px\" \/>\t\t\t\t\t\t\n\t\t\t\t\t<\/div>\n\t\t\t\t\t\t\t\t\n<style>\n#image_1113651166 {\n  width: 100%;\n}\n<\/style>\n\t<\/div>\n\t\n\n\n\t\t<\/div>\n\t\t\t\t\t<\/div>\n\n\t\n\n\t<div id=\"col-788595247\" class=\"col small-12 large-12\"  data-animate=\"blurIn\">\n\t\t\t\t<div class=\"col-inner text-center\"  >\n\t\t\t\n\t\t\t\n\n<div class=\"is-divider divider clearfix\" style=\"margin-top:10px;margin-bottom:10px;max-width:100%;height:2px;\"><\/div>\n\n<p style=\"margin-bottom: 0px; text-align: center;\"><span style=\"color: #e0f175; font-size: 110%;\"><strong>UAB \u201eSVEIKA ENERGIJA\u201c kredo \u2013 \u201eMityba, kuria gali pasitik\u0117ti!\u201c<\/strong><\/span><\/p>\n<div class=\"is-divider divider clearfix\" style=\"margin-top:10px;margin-bottom:10px;max-width:100%;height:2px;\"><\/div>\n\n\n\t\t<\/div>\n\t\t\t\t\t<\/div>\n\n\t\n\n\t<div id=\"col-1548168295\" class=\"col medium-4 small-12 large-4\"  data-animate=\"fadeInUp\">\n\t\t\t\t<div class=\"col-inner\"  >\n\t\t\t\n\t\t\t\n\n<h2 class=\"title\" style=\"text-align: center;\"><span style=\"color: #444444; font-size: 80%;\">Vizija<\/span><\/h2>\n<div class=\"content\">\n<p><strong>UAB \"SVEIKA ENERGIJA\" (EN ANGLAIS)<\/strong>&nbsp;siekia tapti auk\u0161\u010diausios kokyb\u0117s ir biologin\u0117s vert\u0117s&nbsp;<strong>\u201eHEALTHY CHOICE\u201c<\/strong>&nbsp;produkcijos pardavim\u0173 ir eksporto lydere Lietuvoje bei \u012fsitvirtinti Europos, NVS, o ateityje ir kitose Pasaulio \u0161ali\u0173 rinkose. Mes tikime, kad vizijos \u012fgyvendinimo s\u0117km\u0117 priklauso nuo nustatyt\u0173 tiksl\u0173 ir nuolatini\u0173 pastang\u0173, tod\u0117l siekiame:<\/p>\n<ul>\n<li>savo veikloje taikyti novatori\u0161kus ir progresyvius darbo metodus, siekti visapusi\u0161kos pa\u017eangos gaminam\u0173 ir tiekiam\u0173 produkt\u0173 srityse;<\/li>\n<li>tapti klientams ir verslo partneriams patikimiausia, ir labiausiai vertinama gamybos bei nenutr\u016bkstamo tiekimo bendrove;<\/li>\n<li>i\u0161\u0161\u016bkius paversti galimyb\u0117mis ir pasiekimais;<\/li>\n<li>remti iniciatyv\u0105 ir k\u016brybin\u012f mastym\u0105;<\/li>\n<li>gerinti \u012fmon\u0117s veiklos rezultatus.<\/li>\n<\/ul>\n<\/div>\n\n\t\t<\/div>\n\t\t\t\t\t<\/div>\n\n\t\n\n\t<div id=\"col-107936588\" class=\"col medium-4 small-12 large-4\"  data-animate=\"fadeInUp\">\n\t\t\t\t<div class=\"col-inner\"  >\n\t\t\t\n\t\t\t\n\n<h2 class=\"title\" style=\"text-align: center;\"><span style=\"font-size: 80%; color: #444444;\">Misija<\/span><\/h2>\n<div class=\"content\">\n<ul>\n<li>Skatinti \u012fvairaus am\u017eiaus \u017emones fizi\u0161kai aktyviau gyventi ir sportuoti, naudojant nat\u016bral\u0173&nbsp;<strong>\u201eHEALTHY&nbsp;CHOICE\u201c<\/strong>&nbsp;produkcij\u0105.<\/li>\n<li>Motyvuoti tobulinti savo k\u016bn\u0105, gerinti sveikat\u0105 bei savijaut\u0105, pad\u0117ti reabilituoti \u017emones po traum\u0173 ir \u012fvairi\u0173 susirgim\u0173.<\/li>\n<li>Propaguoti ir populiarinti sveik\u0105 gyvenimo b\u016bd\u0105.<\/li>\n<li>Pad\u0117ti pasiekti sportininkams u\u017esibr\u0117\u017etus tikslus.<\/li>\n<li>Teikti profesionalias informavimo ir konsultavimo paslaugas apie m\u016bs\u0173 produkt\u0105, pagrind\u017eiant moksliniais tyrimais.<\/li>\n<li>Siekti ilgalaikio bendradarbiavimo su klientais ir verslo partneriais.<\/li>\n<\/ul>\n<\/div>\n\n\t\t<\/div>\n\t\t\t\t\t<\/div>\n\n\t\n\n\t<div id=\"col-1041845650\" class=\"col medium-4 small-12 large-4\"  data-animate=\"fadeInUp\">\n\t\t\t\t<div class=\"col-inner\"  >\n\t\t\t\n\t\t\t\n\n<h2 class=\"title\" style=\"text-align: center;\"><span style=\"color: #444444; font-size: 80%;\">Vertyb\u0117s<\/span><\/h2>\n<div class=\"content\">\n<p>Mums klientas ir verslo partneris yra pats svarbiausias, tod\u0117l visada stengiam\u0117s, kad jis b\u016bt\u0173 patenkintas ir kad jam b\u016bt\u0173 malonu su mumis dirbti.<\/p>\n<p>Mes gerbiame ir vertiname kokyb\u0119, patikimum\u0105, atvirum\u0105, paslaugum\u0105, s\u0105\u017einingum\u0105, o ypa\u010d &#8211; ilgalaik\u0119 partneryst\u0119 bei verslo etik\u0105. M\u016bs\u0173 bendrov\u0117s vertybin\u0117s nuostatos &#8211; siekti pa\u017eangos drauge, dirbti kaip viena komanda, puosel\u0117ti ilgalaik\u0119 partneryst\u0119, gerbti vieniems kitus ir r\u016bpintis mus supan\u010dia aplinka.<\/p>\n<\/div>\n\n\t\t<\/div>\n\t\t\t\t\t<\/div>\n\n\t\n\n<\/div>\n\n\t\t<\/div>\n\n\t\t\n<style>\n#section_2143682845 {\n  padding-top: 30px;\n  padding-bottom: 30px;\n}\n<\/style>\n\t<\/section>","protected":false},"excerpt":{"rendered":"","protected":false},"author":1,"featured_media":0,"parent":0,"menu_order":0,"comment_status":"closed","ping_status":"closed","template":"page-blank.php","meta":{"footnotes":""},"class_list":["post-366","page","type-page","status-publish","hentry"],"yoast_head":"<!-- This site is optimized with the Yoast SEO plugin v27.4 - https:\/\/yoast.com\/product\/yoast-seo-wordpress\/ -->\n<title>Apie mus | Healthy Choice<\/title>\n<meta name=\"robots\" content=\"index, follow, max-snippet:-1, max-image-preview:large, max-video-preview:-1\" \/>\n<link rel=\"canonical\" href=\"https:\/\/www.healthychoice.lt\/fr\/apie-mus\/\" \/>\n<meta property=\"og:locale\" content=\"fr_FR\" \/>\n<meta property=\"og:type\" content=\"article\" \/>\n<meta property=\"og:title\" content=\"Apie mus | Healthy Choice\" \/>\n<meta property=\"og:url\" content=\"https:\/\/www.healthychoice.lt\/fr\/apie-mus\/\" \/>\n<meta property=\"og:site_name\" content=\"Healthy Choice\" \/>\n<meta property=\"article:publisher\" content=\"https:\/\/www.facebook.com\/healthychoice.world\/\" \/>\n<meta property=\"article:modified_time\" content=\"2020-06-30T06:31:14+00:00\" \/>\n<meta name=\"twitter:card\" content=\"summary_large_image\" \/>\n<meta name=\"twitter:label1\" content=\"Dur\u00e9e de lecture estim\u00e9e\" \/>\n\t<meta name=\"twitter:data1\" content=\"3 minutes\" \/>\n<script type=\"application\/ld+json\" class=\"yoast-schema-graph\">{\"@context\":\"https:\\\/\\\/schema.org\",\"@graph\":[{\"@type\":\"WebPage\",\"@id\":\"https:\\\/\\\/www.healthychoice.lt\\\/apie-mus\\\/\",\"url\":\"https:\\\/\\\/www.healthychoice.lt\\\/apie-mus\\\/\",\"name\":\"Apie mus | Healthy Choice\",\"isPartOf\":{\"@id\":\"https:\\\/\\\/www.healthychoice.lt\\\/es\\\/#website\"},\"datePublished\":\"2020-06-30T02:24:36+00:00\",\"dateModified\":\"2020-06-30T06:31:14+00:00\",\"breadcrumb\":{\"@id\":\"https:\\\/\\\/www.healthychoice.lt\\\/apie-mus\\\/#breadcrumb\"},\"inLanguage\":\"fr-FR\",\"potentialAction\":[{\"@type\":\"ReadAction\",\"target\":[\"https:\\\/\\\/www.healthychoice.lt\\\/apie-mus\\\/\"]}]},{\"@type\":\"BreadcrumbList\",\"@id\":\"https:\\\/\\\/www.healthychoice.lt\\\/apie-mus\\\/#breadcrumb\",\"itemListElement\":[{\"@type\":\"ListItem\",\"position\":1,\"name\":\"Home\",\"item\":\"https:\\\/\\\/www.healthychoice.lt\\\/\"},{\"@type\":\"ListItem\",\"position\":2,\"name\":\"Apie mus\"}]},{\"@type\":\"WebSite\",\"@id\":\"https:\\\/\\\/www.healthychoice.lt\\\/es\\\/#website\",\"url\":\"https:\\\/\\\/www.healthychoice.lt\\\/es\\\/\",\"name\":\"Healthy Choice\",\"description\":\"Mityba, kuria gali pasitik\u0117ti!\",\"alternateName\":\"Healthychoice\",\"potentialAction\":[{\"@type\":\"SearchAction\",\"target\":{\"@type\":\"EntryPoint\",\"urlTemplate\":\"https:\\\/\\\/www.healthychoice.lt\\\/es\\\/?s={search_term_string}\"},\"query-input\":{\"@type\":\"PropertyValueSpecification\",\"valueRequired\":true,\"valueName\":\"search_term_string\"}}],\"inLanguage\":\"fr-FR\"}]}<\/script>\n<!-- \/ Yoast SEO plugin. -->","yoast_head_json":{"title":"Apie mus | Healthy Choice","robots":{"index":"index","follow":"follow","max-snippet":"max-snippet:-1","max-image-preview":"max-image-preview:large","max-video-preview":"max-video-preview:-1"},"canonical":"https:\/\/www.healthychoice.lt\/fr\/apie-mus\/","og_locale":"fr_FR","og_type":"article","og_title":"Apie mus | Healthy Choice","og_url":"https:\/\/www.healthychoice.lt\/fr\/apie-mus\/","og_site_name":"Healthy Choice","article_publisher":"https:\/\/www.facebook.com\/healthychoice.world\/","article_modified_time":"2020-06-30T06:31:14+00:00","twitter_card":"summary_large_image","twitter_misc":{"Dur\u00e9e de lecture estim\u00e9e":"3 minutes"},"schema":{"@context":"https:\/\/schema.org","@graph":[{"@type":"WebPage","@id":"https:\/\/www.healthychoice.lt\/apie-mus\/","url":"https:\/\/www.healthychoice.lt\/apie-mus\/","name":"Apie mus | Healthy Choice","isPartOf":{"@id":"https:\/\/www.healthychoice.lt\/es\/#website"},"datePublished":"2020-06-30T02:24:36+00:00","dateModified":"2020-06-30T06:31:14+00:00","breadcrumb":{"@id":"https:\/\/www.healthychoice.lt\/apie-mus\/#breadcrumb"},"inLanguage":"fr-FR","potentialAction":[{"@type":"ReadAction","target":["https:\/\/www.healthychoice.lt\/apie-mus\/"]}]},{"@type":"BreadcrumbList","@id":"https:\/\/www.healthychoice.lt\/apie-mus\/#breadcrumb","itemListElement":[{"@type":"ListItem","position":1,"name":"Home","item":"https:\/\/www.healthychoice.lt\/"},{"@type":"ListItem","position":2,"name":"Apie mus"}]},{"@type":"WebSite","@id":"https:\/\/www.healthychoice.lt\/es\/#website","url":"https:\/\/www.healthychoice.lt\/es\/","name":"Le choix de la sant\u00e9","description":"Mityba, kuria gali pasitik\u0117ti!","alternateName":"Healthychoice","potentialAction":[{"@type":"SearchAction","target":{"@type":"EntryPoint","urlTemplate":"https:\/\/www.healthychoice.lt\/es\/?s={search_term_string}"},"query-input":{"@type":"PropertyValueSpecification","valueRequired":true,"valueName":"search_term_string"}}],"inLanguage":"fr-FR"}]}},"_links":{"self":[{"href":"https:\/\/www.healthychoice.lt\/fr\/wp-json\/wp\/v2\/pages\/366","targetHints":{"allow":["GET"]}}],"collection":[{"href":"https:\/\/www.healthychoice.lt\/fr\/wp-json\/wp\/v2\/pages"}],"about":[{"href":"https:\/\/www.healthychoice.lt\/fr\/wp-json\/wp\/v2\/types\/page"}],"author":[{"embeddable":true,"href":"https:\/\/www.healthychoice.lt\/fr\/wp-json\/wp\/v2\/users\/1"}],"replies":[{"embeddable":true,"href":"https:\/\/www.healthychoice.lt\/fr\/wp-json\/wp\/v2\/comments?post=366"}],"version-history":[{"count":0,"href":"https:\/\/www.healthychoice.lt\/fr\/wp-json\/wp\/v2\/pages\/366\/revisions"}],"wp:attachment":[{"href":"https:\/\/www.healthychoice.lt\/fr\/wp-json\/wp\/v2\/media?parent=366"}],"curies":[{"name":"wp","href":"https:\/\/api.w.org\/{rel}","templated":true}]}}