{"id":959,"date":"2022-01-16T16:00:53","date_gmt":"2022-01-16T14:00:53","guid":{"rendered":"https:\/\/www.healthychoice.lt\/?post_type=product&#038;p=959"},"modified":"2026-04-26T13:22:00","modified_gmt":"2026-04-26T10:22:00","slug":"zemes-riesutu-uztepas-su-gabaliukais-1kg","status":"publish","type":"product","link":"https:\/\/www.healthychoice.lt\/es\/produktai\/zemes-riesutu-uztepas-su-gabaliukais-1kg\/","title":{"rendered":"Cacahuete para untar con trozos, 1kg"},"content":{"rendered":"<h2 style=\"text-align: center;\">Acerca de HEALTHY CHOICE Peanut Spread<\/h2>\n<p>&nbsp;<\/p>\n<p>Cacahuete para untar <strong>\"ELECCI\u00d3N SALUDABLE\"<\/strong> es la prote\u00edna vegetal de mejor calidad. Se trata de un producto de gran sabor y alta calidad elaborado a partir de materias primas naturales sin utilizar aromas artificiales, potenciadores del sabor, grasas, aditivos sint\u00e9ticos ni colorantes.<\/p>\n<p>Gaminamas i\u0161 auk\u0161\u010diausios r\u016b\u0161ies \u017eem\u0117s rie\u0161ut\u0173, kuriuose yra gausu VITAMIN\u0172 ir MINERAL\u0172, toki\u0173 kaip Natrio, Kalcio, Magnio, Kalio. I\u0161gaunamas kepant \u017eem\u0117s rie\u0161utus kartu su j\u0173 luob\u0117l\u0117mis, v\u0117liau rie\u0161utai sutrinami, kad i\u0161gautum\u0117me nuostab\u0173 tra\u0161k\u0173 skon\u012f, taip i\u0161saugant nepakitusi\u0105 baltym\u0173 ir riebal\u0173 strukt\u016br\u0105.<\/p>\n<p>La fibra garantiza una funci\u00f3n intestinal fluida y proporciona una sensaci\u00f3n de saciedad que reducir\u00e1 los antojos de aperitivos y dulces innecesarios.<\/p>\n<p>&nbsp;<\/p>\n<p><strong>Pagrindiniai \u201eHEALTHY CHOICE\u201c \u2013 100% \u017dem\u0117s rie\u0161ut\u0173 u\u017etepo prana\u0161umai:<\/strong><\/p>\n<ul>\n<li>Fabricado con cacahuetes 100%;<\/li>\n<li>No contiene az\u00facar, sal ni aceites a\u00f1adidos;<\/li>\n<li>Sin edulcorantes, colorantes ni aditivos aromatizantes;<\/li>\n<li>Sin aditivos sint\u00e9ticos ni conservantes;<\/li>\n<li>Alto valor biol\u00f3gico conservado;<\/li>\n<li>Mejora el rendimiento general;<\/li>\n<li>Excelente complejo de \u00e1cidos grasos insaturados:\n<ul>\n<li>contiene grasas monoinsaturadas;<\/li>\n<li>contiene grasas poliinsaturadas;<\/li>\n<li>de los cuales los \u00e1cidos grasos esenciales linoleico y alfa-linol\u00e9nico (AGE)<\/li>\n<\/ul>\n<\/li>\n<li>Contiene \u00e1cidos grasos Omega-6, esenciales para mantener la funci\u00f3n cerebral y cardiaca y el crecimiento y desarrollo normales;<\/li>\n<li>Contiene vitaminas y minerales: sodio, calcio, magnesio, potasio;<\/li>\n<li>Ayuda a conservar la masa muscular;<\/li>\n<li>Apto para deportistas;<\/li>\n<li>Apto para ni\u00f1os y mujeres embarazadas;<\/li>\n<li>Apto para vegetarianos y veganos;<\/li>\n<li>Fabricado en Lituania;<\/li>\n<\/ul>\n<p>&nbsp;<\/p>","protected":false},"excerpt":{"rendered":"<p>Healthy Choice Peanut Spread est\u00e1 disponible en dos consistencias, cremosa y en trozos, con prote\u00ednas vegetales de alta calidad, grasas insaturadas, fibra e hidratos de carbono. Desarrollado con alto valor biol\u00f3gico (BV). Es un producto de calidad adecuado para tomar varias veces al d\u00eda.<\/p>","protected":false},"featured_media":6057,"template":"","meta":[],"product_brand":[],"product_cat":[52,101,31],"product_tag":[53,29,24,61,30],"class_list":{"0":"post-959","1":"product","2":"type-product","3":"status-publish","4":"has-post-thumbnail","6":"product_cat-akcijos","7":"product_cat-riesutu-produktai","8":"product_cat-top","9":"product_tag-exportui","10":"product_tag-kovo3","11":"product_tag-paprasti-produktai","12":"product_tag-riesutu-produktai","13":"product_tag-top","15":"first","16":"instock","17":"sale","18":"taxable","19":"shipping-taxable","20":"purchasable","21":"product-type-simple"},"yoast_head":"<!-- This site is optimized with the Yoast SEO plugin v27.5 - https:\/\/yoast.com\/product\/yoast-seo-wordpress\/ -->\n<title>\u017dem\u0117s rie\u0161ut\u0173 u\u017etepas su gabaliukais, 1kg| Healthy Choice<\/title>\n<meta name=\"robots\" content=\"index, follow, max-snippet:-1, max-image-preview:large, max-video-preview:-1\" \/>\n<link rel=\"canonical\" href=\"https:\/\/www.healthychoice.lt\/es\/produktai\/zemes-riesutu-uztepas-su-gabaliukais-1kg\/\" \/>\n<meta property=\"og:locale\" content=\"es_ES\" \/>\n<meta property=\"og:type\" content=\"article\" \/>\n<meta property=\"og:title\" content=\"\u017dem\u0117s rie\u0161ut\u0173 u\u017etepas su gabaliukais, 1kg| Healthy Choice\" \/>\n<meta property=\"og:description\" content=\"\u017dem\u0117s rie\u0161ut\u0173 u\u017etepas \u201eHealthy Choice\u201c yra dviej\u0173 konsistencij\u0173, kremo ir gabaliukais, auk\u0161tos kokyb\u0117s augaliniai baltymai, nesotieji riebalai, skaidulos ir angliavandeniai. Sukurtas i\u0161saugant auk\u0161t\u0105 biologin\u0119 vert\u0119 (BV). Tai kokybi\u0161kas produktas, tinkamas vartoti kelet\u0105 kart\u0173 per dien\u0105.\" \/>\n<meta property=\"og:url\" content=\"https:\/\/www.healthychoice.lt\/es\/produktai\/zemes-riesutu-uztepas-su-gabaliukais-1kg\/\" \/>\n<meta property=\"og:site_name\" content=\"Healthy Choice\" \/>\n<meta property=\"article:publisher\" content=\"https:\/\/www.facebook.com\/healthychoice.world\/\" \/>\n<meta property=\"article:modified_time\" content=\"2026-04-26T10:22:00+00:00\" \/>\n<meta property=\"og:image\" content=\"https:\/\/www.healthychoice.lt\/wp-content\/uploads\/2023\/06\/Zemes-riesutu-uztepas-1kg-min.jpg\" \/>\n\t<meta property=\"og:image:width\" content=\"1024\" \/>\n\t<meta property=\"og:image:height\" content=\"1024\" \/>\n\t<meta property=\"og:image:type\" content=\"image\/jpeg\" \/>\n<meta name=\"twitter:card\" content=\"summary_large_image\" \/>\n<meta name=\"twitter:label1\" content=\"Tiempo de lectura\" \/>\n\t<meta name=\"twitter:data1\" content=\"1 minuto\" \/>\n<script type=\"application\/ld+json\" class=\"yoast-schema-graph\">{\"@context\":\"https:\\\/\\\/schema.org\",\"@graph\":[{\"@type\":\"WebPage\",\"@id\":\"https:\\\/\\\/www.healthychoice.lt\\\/produktai\\\/zemes-riesutu-uztepas-su-gabaliukais-1kg\\\/\",\"url\":\"https:\\\/\\\/www.healthychoice.lt\\\/produktai\\\/zemes-riesutu-uztepas-su-gabaliukais-1kg\\\/\",\"name\":\"\u017dem\u0117s rie\u0161ut\u0173 u\u017etepas su gabaliukais, 1kg| Healthy Choice\",\"isPartOf\":{\"@id\":\"https:\\\/\\\/www.healthychoice.lt\\\/es\\\/#website\"},\"primaryImageOfPage\":{\"@id\":\"https:\\\/\\\/www.healthychoice.lt\\\/produktai\\\/zemes-riesutu-uztepas-su-gabaliukais-1kg\\\/#primaryimage\"},\"image\":{\"@id\":\"https:\\\/\\\/www.healthychoice.lt\\\/produktai\\\/zemes-riesutu-uztepas-su-gabaliukais-1kg\\\/#primaryimage\"},\"thumbnailUrl\":\"https:\\\/\\\/www.healthychoice.lt\\\/wp-content\\\/uploads\\\/2023\\\/06\\\/Zemes-riesutu-uztepas-1kg-min.jpg\",\"datePublished\":\"2022-01-16T14:00:53+00:00\",\"dateModified\":\"2026-04-26T10:22:00+00:00\",\"breadcrumb\":{\"@id\":\"https:\\\/\\\/www.healthychoice.lt\\\/produktai\\\/zemes-riesutu-uztepas-su-gabaliukais-1kg\\\/#breadcrumb\"},\"inLanguage\":\"es\",\"potentialAction\":[{\"@type\":\"ReadAction\",\"target\":[\"https:\\\/\\\/www.healthychoice.lt\\\/produktai\\\/zemes-riesutu-uztepas-su-gabaliukais-1kg\\\/\"]}]},{\"@type\":\"ImageObject\",\"inLanguage\":\"es\",\"@id\":\"https:\\\/\\\/www.healthychoice.lt\\\/produktai\\\/zemes-riesutu-uztepas-su-gabaliukais-1kg\\\/#primaryimage\",\"url\":\"https:\\\/\\\/www.healthychoice.lt\\\/wp-content\\\/uploads\\\/2023\\\/06\\\/Zemes-riesutu-uztepas-1kg-min.jpg\",\"contentUrl\":\"https:\\\/\\\/www.healthychoice.lt\\\/wp-content\\\/uploads\\\/2023\\\/06\\\/Zemes-riesutu-uztepas-1kg-min.jpg\",\"width\":1024,\"height\":1024},{\"@type\":\"BreadcrumbList\",\"@id\":\"https:\\\/\\\/www.healthychoice.lt\\\/produktai\\\/zemes-riesutu-uztepas-su-gabaliukais-1kg\\\/#breadcrumb\",\"itemListElement\":[{\"@type\":\"ListItem\",\"position\":1,\"name\":\"Home\",\"item\":\"https:\\\/\\\/www.healthychoice.lt\\\/\"},{\"@type\":\"ListItem\",\"position\":2,\"name\":\"Produktai\",\"item\":\"https:\\\/\\\/www.healthychoice.lt\\\/es\\\/produktai\\\/\"},{\"@type\":\"ListItem\",\"position\":3,\"name\":\"\u017dem\u0117s rie\u0161ut\u0173 u\u017etepas su gabaliukais, 1kg\"}]},{\"@type\":\"WebSite\",\"@id\":\"https:\\\/\\\/www.healthychoice.lt\\\/es\\\/#website\",\"url\":\"https:\\\/\\\/www.healthychoice.lt\\\/es\\\/\",\"name\":\"Healthy Choice\",\"description\":\"Mityba, kuria gali pasitik\u0117ti!\",\"alternateName\":\"Healthychoice\",\"potentialAction\":[{\"@type\":\"SearchAction\",\"target\":{\"@type\":\"EntryPoint\",\"urlTemplate\":\"https:\\\/\\\/www.healthychoice.lt\\\/es\\\/?s={search_term_string}\"},\"query-input\":{\"@type\":\"PropertyValueSpecification\",\"valueRequired\":true,\"valueName\":\"search_term_string\"}}],\"inLanguage\":\"es\"}]}<\/script>\n<!-- \/ Yoast SEO plugin. -->","yoast_head_json":{"title":"\u017dem\u0117s rie\u0161ut\u0173 u\u017etepas su gabaliukais, 1kg| Healthy Choice","robots":{"index":"index","follow":"follow","max-snippet":"max-snippet:-1","max-image-preview":"max-image-preview:large","max-video-preview":"max-video-preview:-1"},"canonical":"https:\/\/www.healthychoice.lt\/es\/produktai\/zemes-riesutu-uztepas-su-gabaliukais-1kg\/","og_locale":"es_ES","og_type":"article","og_title":"\u017dem\u0117s rie\u0161ut\u0173 u\u017etepas su gabaliukais, 1kg| Healthy Choice","og_description":"\u017dem\u0117s rie\u0161ut\u0173 u\u017etepas \u201eHealthy Choice\u201c yra dviej\u0173 konsistencij\u0173, kremo ir gabaliukais, auk\u0161tos kokyb\u0117s augaliniai baltymai, nesotieji riebalai, skaidulos ir angliavandeniai. Sukurtas i\u0161saugant auk\u0161t\u0105 biologin\u0119 vert\u0119 (BV). Tai kokybi\u0161kas produktas, tinkamas vartoti kelet\u0105 kart\u0173 per dien\u0105.","og_url":"https:\/\/www.healthychoice.lt\/es\/produktai\/zemes-riesutu-uztepas-su-gabaliukais-1kg\/","og_site_name":"Healthy Choice","article_publisher":"https:\/\/www.facebook.com\/healthychoice.world\/","article_modified_time":"2026-04-26T10:22:00+00:00","og_image":[{"width":1024,"height":1024,"url":"https:\/\/www.healthychoice.lt\/wp-content\/uploads\/2023\/06\/Zemes-riesutu-uztepas-1kg-min.jpg","type":"image\/jpeg"}],"twitter_card":"summary_large_image","twitter_misc":{"Tiempo de lectura":"1 minuto"},"schema":{"@context":"https:\/\/schema.org","@graph":[{"@type":"WebPage","@id":"https:\/\/www.healthychoice.lt\/produktai\/zemes-riesutu-uztepas-su-gabaliukais-1kg\/","url":"https:\/\/www.healthychoice.lt\/produktai\/zemes-riesutu-uztepas-su-gabaliukais-1kg\/","name":"\u017dem\u0117s rie\u0161ut\u0173 u\u017etepas su gabaliukais, 1kg| Healthy Choice","isPartOf":{"@id":"https:\/\/www.healthychoice.lt\/es\/#website"},"primaryImageOfPage":{"@id":"https:\/\/www.healthychoice.lt\/produktai\/zemes-riesutu-uztepas-su-gabaliukais-1kg\/#primaryimage"},"image":{"@id":"https:\/\/www.healthychoice.lt\/produktai\/zemes-riesutu-uztepas-su-gabaliukais-1kg\/#primaryimage"},"thumbnailUrl":"https:\/\/www.healthychoice.lt\/wp-content\/uploads\/2023\/06\/Zemes-riesutu-uztepas-1kg-min.jpg","datePublished":"2022-01-16T14:00:53+00:00","dateModified":"2026-04-26T10:22:00+00:00","breadcrumb":{"@id":"https:\/\/www.healthychoice.lt\/produktai\/zemes-riesutu-uztepas-su-gabaliukais-1kg\/#breadcrumb"},"inLanguage":"es","potentialAction":[{"@type":"ReadAction","target":["https:\/\/www.healthychoice.lt\/produktai\/zemes-riesutu-uztepas-su-gabaliukais-1kg\/"]}]},{"@type":"ImageObject","inLanguage":"es","@id":"https:\/\/www.healthychoice.lt\/produktai\/zemes-riesutu-uztepas-su-gabaliukais-1kg\/#primaryimage","url":"https:\/\/www.healthychoice.lt\/wp-content\/uploads\/2023\/06\/Zemes-riesutu-uztepas-1kg-min.jpg","contentUrl":"https:\/\/www.healthychoice.lt\/wp-content\/uploads\/2023\/06\/Zemes-riesutu-uztepas-1kg-min.jpg","width":1024,"height":1024},{"@type":"BreadcrumbList","@id":"https:\/\/www.healthychoice.lt\/produktai\/zemes-riesutu-uztepas-su-gabaliukais-1kg\/#breadcrumb","itemListElement":[{"@type":"ListItem","position":1,"name":"Home","item":"https:\/\/www.healthychoice.lt\/"},{"@type":"ListItem","position":2,"name":"Produktai","item":"https:\/\/www.healthychoice.lt\/es\/produktai\/"},{"@type":"ListItem","position":3,"name":"\u017dem\u0117s rie\u0161ut\u0173 u\u017etepas su gabaliukais, 1kg"}]},{"@type":"WebSite","@id":"https:\/\/www.healthychoice.lt\/es\/#website","url":"https:\/\/www.healthychoice.lt\/es\/","name":"Healthy Choice","description":"Mityba, kuria gali pasitik\u0117ti!","alternateName":"Healthychoice","potentialAction":[{"@type":"SearchAction","target":{"@type":"EntryPoint","urlTemplate":"https:\/\/www.healthychoice.lt\/es\/?s={search_term_string}"},"query-input":{"@type":"PropertyValueSpecification","valueRequired":true,"valueName":"search_term_string"}}],"inLanguage":"es"}]}},"_links":{"self":[{"href":"https:\/\/www.healthychoice.lt\/es\/wp-json\/wp\/v2\/product\/959","targetHints":{"allow":["GET"]}}],"collection":[{"href":"https:\/\/www.healthychoice.lt\/es\/wp-json\/wp\/v2\/product"}],"about":[{"href":"https:\/\/www.healthychoice.lt\/es\/wp-json\/wp\/v2\/types\/product"}],"wp:featuredmedia":[{"embeddable":true,"href":"https:\/\/www.healthychoice.lt\/es\/wp-json\/wp\/v2\/media\/6057"}],"wp:attachment":[{"href":"https:\/\/www.healthychoice.lt\/es\/wp-json\/wp\/v2\/media?parent=959"}],"wp:term":[{"taxonomy":"product_brand","embeddable":true,"href":"https:\/\/www.healthychoice.lt\/es\/wp-json\/wp\/v2\/product_brand?post=959"},{"taxonomy":"product_cat","embeddable":true,"href":"https:\/\/www.healthychoice.lt\/es\/wp-json\/wp\/v2\/product_cat?post=959"},{"taxonomy":"product_tag","embeddable":true,"href":"https:\/\/www.healthychoice.lt\/es\/wp-json\/wp\/v2\/product_tag?post=959"}],"curies":[{"name":"wp","href":"https:\/\/api.w.org\/{rel}","templated":true}]}}