{"id":9391,"date":"2021-12-30T13:57:43","date_gmt":"2021-12-30T11:57:43","guid":{"rendered":"https:\/\/www.healthychoice.lt\/?post_type=product&#038;p=9391"},"modified":"2025-08-21T18:48:41","modified_gmt":"2025-08-21T15:48:41","slug":"perkant-l-karnitina-vitaminai-d3-dovanu","status":"publish","type":"product","link":"https:\/\/www.healthychoice.lt\/es\/produktai\/perkant-l-karnitina-vitaminai-d3-dovanu\/","title":{"rendered":"Perkant L-Karnitin\u0105 &#8211; Vitaminai D3 DOVAN\u0172!"},"content":{"rendered":"<p><strong>L-CARNITINA SABOR NARANJA<\/strong><\/p>\n<p>Contenido neto 1000 ml<\/p>\n<p>La L-carnitina es un compuesto vitam\u00ednico-amino\u00e1cido comparable a las vitaminas del grupo B. Funciona como transportador de \u00e1cidos grasos a la mitocondria. La L-carnitina act\u00faa como asistente para ayudar a quemar grasa m\u00e1s r\u00e1pidamente y perder peso de forma natural. Estudios recientes tambi\u00e9n han demostrado que la L-carnitina ayuda a reducir la fatiga, aumentar la masa corporal y muscular, estabilizar los niveles de az\u00facar en sangre y, al mismo tiempo, reducir la necesidad de hidratos de carbono. La carnitina ayuda a movilizar las reservas de grasa, especialmente en las personas con sobrepeso.<\/p>\n<p>La L-Carnitina tiene un delicioso sabor a naranja, no contiene colorantes sint\u00e9ticos ni potenciadores del sabor, y est\u00e1 elaborada con todos los ingredientes esenciales que tienen un efecto positivo en el cuerpo humano. Y lo que es m\u00e1s importante, esta L-carnitina se presenta en forma l\u00edquida, por lo que el organismo la absorber\u00e1 mucho m\u00e1s r\u00e1pida y f\u00e1cilmente. Este suplemento es extremadamente rico en carnitina, con 1667mg por porci\u00f3n (25ml) y 6668mg por 100ml.<\/p>\n<p class=\"western\" align=\"JUSTIFY\"><b>Vitamina D3 4000IU con aceite de oliva<\/b><\/p>\n<p>Complemento alimenticio<\/p>\n<p align=\"JUSTIFY\">120 c\u00e1psulas \/ 130 g Contenido neto<\/p>\n<p align=\"JUSTIFY\">La vitamina D contribuye al mantenimiento de la funci\u00f3n inmunitaria normal, la salud \u00f3sea y dental, la funci\u00f3n muscular, la absorci\u00f3n de calcio y f\u00f3sforo y los niveles de calcio en sangre. La vitamina D interviene en la divisi\u00f3n celular.<\/p>","protected":false},"excerpt":{"rendered":"<p>Rinkinys: L-Karnitinas + Vitaminai D3<\/p>","protected":false},"featured_media":9392,"template":"","meta":[],"product_brand":[],"product_cat":[52,99,28],"product_tag":[32],"class_list":{"0":"post-9391","1":"product","2":"type-product","3":"status-publish","4":"has-post-thumbnail","6":"product_cat-akcijos","7":"product_cat-l-karnitinas","8":"product_cat-rinkiniai","9":"product_tag-dovana","11":"first","12":"instock","13":"taxable","14":"shipping-taxable","15":"purchasable","16":"product-type-simple"},"yoast_head":"<!-- This site is optimized with the Yoast SEO plugin v27.5 - https:\/\/yoast.com\/product\/yoast-seo-wordpress\/ -->\n<title>Perkant L-Karnitin\u0105 - Vitaminai D3 DOVAN\u0172!| Healthy Choice<\/title>\n<meta name=\"robots\" content=\"index, follow, max-snippet:-1, max-image-preview:large, max-video-preview:-1\" \/>\n<link rel=\"canonical\" href=\"https:\/\/www.healthychoice.lt\/es\/produktai\/perkant-l-karnitina-vitaminai-d3-dovanu\/\" \/>\n<meta property=\"og:locale\" content=\"es_ES\" \/>\n<meta property=\"og:type\" content=\"article\" \/>\n<meta property=\"og:title\" content=\"Perkant L-Karnitin\u0105 - Vitaminai D3 DOVAN\u0172!| Healthy Choice\" \/>\n<meta property=\"og:description\" content=\"Rinkinys: L-Karnitinas + Vitaminai D3\" \/>\n<meta property=\"og:url\" content=\"https:\/\/www.healthychoice.lt\/es\/produktai\/perkant-l-karnitina-vitaminai-d3-dovanu\/\" \/>\n<meta property=\"og:site_name\" content=\"Healthy Choice\" \/>\n<meta property=\"article:publisher\" content=\"https:\/\/www.facebook.com\/healthychoice.world\/\" \/>\n<meta property=\"article:modified_time\" content=\"2025-08-21T15:48:41+00:00\" \/>\n<meta property=\"og:image\" content=\"https:\/\/www.healthychoice.lt\/wp-content\/uploads\/2025\/01\/lightX1.png\" \/>\n\t<meta property=\"og:image:width\" content=\"1024\" \/>\n\t<meta property=\"og:image:height\" content=\"1024\" \/>\n\t<meta property=\"og:image:type\" content=\"image\/png\" \/>\n<meta name=\"twitter:card\" content=\"summary_large_image\" \/>\n<meta name=\"twitter:label1\" content=\"Tiempo de lectura\" \/>\n\t<meta name=\"twitter:data1\" content=\"1 minuto\" \/>\n<script type=\"application\/ld+json\" class=\"yoast-schema-graph\">{\"@context\":\"https:\\\/\\\/schema.org\",\"@graph\":[{\"@type\":\"WebPage\",\"@id\":\"https:\\\/\\\/www.healthychoice.lt\\\/fr\\\/produktai\\\/perkant-l-karnitina-vitaminai-d3-dovanu\\\/\",\"url\":\"https:\\\/\\\/www.healthychoice.lt\\\/fr\\\/produktai\\\/perkant-l-karnitina-vitaminai-d3-dovanu\\\/\",\"name\":\"Perkant L-Karnitin\u0105 - Vitaminai D3 DOVAN\u0172!| Healthy Choice\",\"isPartOf\":{\"@id\":\"https:\\\/\\\/www.healthychoice.lt\\\/es\\\/#website\"},\"primaryImageOfPage\":{\"@id\":\"https:\\\/\\\/www.healthychoice.lt\\\/fr\\\/produktai\\\/perkant-l-karnitina-vitaminai-d3-dovanu\\\/#primaryimage\"},\"image\":{\"@id\":\"https:\\\/\\\/www.healthychoice.lt\\\/fr\\\/produktai\\\/perkant-l-karnitina-vitaminai-d3-dovanu\\\/#primaryimage\"},\"thumbnailUrl\":\"https:\\\/\\\/www.healthychoice.lt\\\/wp-content\\\/uploads\\\/2025\\\/01\\\/lightX1.png\",\"datePublished\":\"2021-12-30T11:57:43+00:00\",\"dateModified\":\"2025-08-21T15:48:41+00:00\",\"breadcrumb\":{\"@id\":\"https:\\\/\\\/www.healthychoice.lt\\\/fr\\\/produktai\\\/perkant-l-karnitina-vitaminai-d3-dovanu\\\/#breadcrumb\"},\"inLanguage\":\"es\",\"potentialAction\":[{\"@type\":\"ReadAction\",\"target\":[\"https:\\\/\\\/www.healthychoice.lt\\\/fr\\\/produktai\\\/perkant-l-karnitina-vitaminai-d3-dovanu\\\/\"]}]},{\"@type\":\"ImageObject\",\"inLanguage\":\"es\",\"@id\":\"https:\\\/\\\/www.healthychoice.lt\\\/fr\\\/produktai\\\/perkant-l-karnitina-vitaminai-d3-dovanu\\\/#primaryimage\",\"url\":\"https:\\\/\\\/www.healthychoice.lt\\\/wp-content\\\/uploads\\\/2025\\\/01\\\/lightX1.png\",\"contentUrl\":\"https:\\\/\\\/www.healthychoice.lt\\\/wp-content\\\/uploads\\\/2025\\\/01\\\/lightX1.png\",\"width\":1024,\"height\":1024},{\"@type\":\"BreadcrumbList\",\"@id\":\"https:\\\/\\\/www.healthychoice.lt\\\/fr\\\/produktai\\\/perkant-l-karnitina-vitaminai-d3-dovanu\\\/#breadcrumb\",\"itemListElement\":[{\"@type\":\"ListItem\",\"position\":1,\"name\":\"Home\",\"item\":\"https:\\\/\\\/www.healthychoice.lt\\\/\"},{\"@type\":\"ListItem\",\"position\":2,\"name\":\"Produktai\",\"item\":\"https:\\\/\\\/www.healthychoice.lt\\\/es\\\/produktai\\\/\"},{\"@type\":\"ListItem\",\"position\":3,\"name\":\"Perkant L-Karnitin\u0105 &#8211; Vitaminai D3 DOVAN\u0172!\"}]},{\"@type\":\"WebSite\",\"@id\":\"https:\\\/\\\/www.healthychoice.lt\\\/es\\\/#website\",\"url\":\"https:\\\/\\\/www.healthychoice.lt\\\/es\\\/\",\"name\":\"Healthy Choice\",\"description\":\"Mityba, kuria gali pasitik\u0117ti!\",\"alternateName\":\"Healthychoice\",\"potentialAction\":[{\"@type\":\"SearchAction\",\"target\":{\"@type\":\"EntryPoint\",\"urlTemplate\":\"https:\\\/\\\/www.healthychoice.lt\\\/es\\\/?s={search_term_string}\"},\"query-input\":{\"@type\":\"PropertyValueSpecification\",\"valueRequired\":true,\"valueName\":\"search_term_string\"}}],\"inLanguage\":\"es\"}]}<\/script>\n<!-- \/ Yoast SEO plugin. -->","yoast_head_json":{"title":"Perkant L-Karnitin\u0105 - Vitaminai D3 DOVAN\u0172!| Healthy Choice","robots":{"index":"index","follow":"follow","max-snippet":"max-snippet:-1","max-image-preview":"max-image-preview:large","max-video-preview":"max-video-preview:-1"},"canonical":"https:\/\/www.healthychoice.lt\/es\/produktai\/perkant-l-karnitina-vitaminai-d3-dovanu\/","og_locale":"es_ES","og_type":"article","og_title":"Perkant L-Karnitin\u0105 - Vitaminai D3 DOVAN\u0172!| Healthy Choice","og_description":"Rinkinys: L-Karnitinas + Vitaminai D3","og_url":"https:\/\/www.healthychoice.lt\/es\/produktai\/perkant-l-karnitina-vitaminai-d3-dovanu\/","og_site_name":"Healthy Choice","article_publisher":"https:\/\/www.facebook.com\/healthychoice.world\/","article_modified_time":"2025-08-21T15:48:41+00:00","og_image":[{"width":1024,"height":1024,"url":"https:\/\/www.healthychoice.lt\/wp-content\/uploads\/2025\/01\/lightX1.png","type":"image\/png"}],"twitter_card":"summary_large_image","twitter_misc":{"Tiempo de lectura":"1 minuto"},"schema":{"@context":"https:\/\/schema.org","@graph":[{"@type":"WebPage","@id":"https:\/\/www.healthychoice.lt\/fr\/produktai\/perkant-l-karnitina-vitaminai-d3-dovanu\/","url":"https:\/\/www.healthychoice.lt\/fr\/produktai\/perkant-l-karnitina-vitaminai-d3-dovanu\/","name":"Perkant L-Karnitin\u0105 - Vitaminai D3 DOVAN\u0172!| Healthy Choice","isPartOf":{"@id":"https:\/\/www.healthychoice.lt\/es\/#website"},"primaryImageOfPage":{"@id":"https:\/\/www.healthychoice.lt\/fr\/produktai\/perkant-l-karnitina-vitaminai-d3-dovanu\/#primaryimage"},"image":{"@id":"https:\/\/www.healthychoice.lt\/fr\/produktai\/perkant-l-karnitina-vitaminai-d3-dovanu\/#primaryimage"},"thumbnailUrl":"https:\/\/www.healthychoice.lt\/wp-content\/uploads\/2025\/01\/lightX1.png","datePublished":"2021-12-30T11:57:43+00:00","dateModified":"2025-08-21T15:48:41+00:00","breadcrumb":{"@id":"https:\/\/www.healthychoice.lt\/fr\/produktai\/perkant-l-karnitina-vitaminai-d3-dovanu\/#breadcrumb"},"inLanguage":"es","potentialAction":[{"@type":"ReadAction","target":["https:\/\/www.healthychoice.lt\/fr\/produktai\/perkant-l-karnitina-vitaminai-d3-dovanu\/"]}]},{"@type":"ImageObject","inLanguage":"es","@id":"https:\/\/www.healthychoice.lt\/fr\/produktai\/perkant-l-karnitina-vitaminai-d3-dovanu\/#primaryimage","url":"https:\/\/www.healthychoice.lt\/wp-content\/uploads\/2025\/01\/lightX1.png","contentUrl":"https:\/\/www.healthychoice.lt\/wp-content\/uploads\/2025\/01\/lightX1.png","width":1024,"height":1024},{"@type":"BreadcrumbList","@id":"https:\/\/www.healthychoice.lt\/fr\/produktai\/perkant-l-karnitina-vitaminai-d3-dovanu\/#breadcrumb","itemListElement":[{"@type":"ListItem","position":1,"name":"Home","item":"https:\/\/www.healthychoice.lt\/"},{"@type":"ListItem","position":2,"name":"Produktai","item":"https:\/\/www.healthychoice.lt\/es\/produktai\/"},{"@type":"ListItem","position":3,"name":"Perkant L-Karnitin\u0105 &#8211; Vitaminai D3 DOVAN\u0172!"}]},{"@type":"WebSite","@id":"https:\/\/www.healthychoice.lt\/es\/#website","url":"https:\/\/www.healthychoice.lt\/es\/","name":"Healthy Choice","description":"Mityba, kuria gali pasitik\u0117ti!","alternateName":"Healthychoice","potentialAction":[{"@type":"SearchAction","target":{"@type":"EntryPoint","urlTemplate":"https:\/\/www.healthychoice.lt\/es\/?s={search_term_string}"},"query-input":{"@type":"PropertyValueSpecification","valueRequired":true,"valueName":"search_term_string"}}],"inLanguage":"es"}]}},"_links":{"self":[{"href":"https:\/\/www.healthychoice.lt\/es\/wp-json\/wp\/v2\/product\/9391","targetHints":{"allow":["GET"]}}],"collection":[{"href":"https:\/\/www.healthychoice.lt\/es\/wp-json\/wp\/v2\/product"}],"about":[{"href":"https:\/\/www.healthychoice.lt\/es\/wp-json\/wp\/v2\/types\/product"}],"wp:featuredmedia":[{"embeddable":true,"href":"https:\/\/www.healthychoice.lt\/es\/wp-json\/wp\/v2\/media\/9392"}],"wp:attachment":[{"href":"https:\/\/www.healthychoice.lt\/es\/wp-json\/wp\/v2\/media?parent=9391"}],"wp:term":[{"taxonomy":"product_brand","embeddable":true,"href":"https:\/\/www.healthychoice.lt\/es\/wp-json\/wp\/v2\/product_brand?post=9391"},{"taxonomy":"product_cat","embeddable":true,"href":"https:\/\/www.healthychoice.lt\/es\/wp-json\/wp\/v2\/product_cat?post=9391"},{"taxonomy":"product_tag","embeddable":true,"href":"https:\/\/www.healthychoice.lt\/es\/wp-json\/wp\/v2\/product_tag?post=9391"}],"curies":[{"name":"wp","href":"https:\/\/api.w.org\/{rel}","templated":true}]}}