{"id":8974,"date":"2021-12-30T13:57:18","date_gmt":"2021-12-30T11:57:18","guid":{"rendered":"https:\/\/www.healthychoice.lt\/?post_type=product&#038;p=8974"},"modified":"2025-08-21T18:48:42","modified_gmt":"2025-08-21T15:48:42","slug":"perkant-l-karnitina-grozio-vitaminai-dovanu","status":"publish","type":"product","link":"https:\/\/www.healthychoice.lt\/es\/produktai\/perkant-l-karnitina-grozio-vitaminai-dovanu\/","title":{"rendered":"Perkant L-Karnitin\u0105 &#8211; Gro\u017eio vitaminai DOVAN\u0172!"},"content":{"rendered":"<p><strong>L-CARNITINA SABOR NARANJA <\/strong><\/p>\n<p>Contenido neto 1000 ml<\/p>\n<p>La L-carnitina es un compuesto vitam\u00ednico-amino\u00e1cido comparable a las vitaminas del grupo B. Funciona como transportador de \u00e1cidos grasos a la mitocondria. La L-carnitina act\u00faa como asistente para ayudar a quemar grasa m\u00e1s r\u00e1pidamente y perder peso de forma natural. Estudios recientes tambi\u00e9n han demostrado que la L-carnitina ayuda a reducir la fatiga, aumentar la masa corporal y muscular, estabilizar los niveles de az\u00facar en sangre y, al mismo tiempo, reducir la necesidad de hidratos de carbono. La carnitina ayuda a movilizar las reservas de grasa, especialmente en las personas con sobrepeso.<\/p>\n<p>La L-Carnitina tiene un delicioso sabor a naranja, no contiene colorantes sint\u00e9ticos ni potenciadores del sabor, y est\u00e1 elaborada con todos los ingredientes esenciales que tienen un efecto positivo en el cuerpo humano. Y lo que es m\u00e1s importante, esta L-carnitina se presenta en forma l\u00edquida, por lo que el organismo la absorber\u00e1 mucho m\u00e1s r\u00e1pida y f\u00e1cilmente. Este suplemento es extremadamente rico en carnitina, con 1667mg por porci\u00f3n (25ml) y 6668mg por 100ml.<\/p>\n<p><strong>Vitaminas de belleza Healthy Choice 60 comprimidos<\/strong><\/p>\n<p>\u201eHealthy Choice\u201c Gro\u017eio vitamin\u0173 kompleksas sukurtas pagal speciali\u0105 formul\u0119 odai, plaukams ir nagams.<\/p>\n<p>Selenas \u2013 labai reik\u0161mingas mikroelementas, labiausiai vertinamas d\u0117l antioksidacinio poveikio ir jo suponuojamo geb\u0117jimo l\u0117tinti ankstyv\u0105 sen\u0117jim\u0105. Cinkas, selenas, jodas, vitaminas A, B2 bei B3 kartu su biotinu yra puiki kombinacija norint palaikyti normali\u0105 plauk\u0173, nag\u0173 bei odos b\u016bkl\u0119. Cholinas ir betainas skatina med\u017eiag\u0173 apykait\u0105, riboja riebal\u0173 kaupim\u0105si kepenyse. Gele\u017eis prisideda prie normalaus deguonies perne\u0161imo organizme. Magnis padeda u\u017etikrinti biochemines reakcijas, didina i\u0161tverm\u0119, padeda \u012fveikti depresij\u0105 bei nuotaikos svyravimus. Fosforas padeda palaikyti normali\u0105 l\u0105steli\u0173 funkcij\u0105. Vitaminas B6, veikdamas kartu su kitais B vitaminais, bei magniu ir cinku gerina smegen\u0173 bei nerv\u0173 sistemos veikl\u0105, padeda kontroliuoti alergijas, yra svarbus energijos gamybai l\u0105stel\u0117se bei yra svarbus norint organizm\u0105 apsaugoti nuo infekcij\u0173.<\/p>","protected":false},"excerpt":{"rendered":"<p>Rinkinys: L-Karnitinas + Gro\u017eio vitaminai<\/p>","protected":false},"featured_media":8975,"template":"","meta":[],"product_brand":[],"product_cat":[52,99,28],"product_tag":[32,62,24,25,48],"class_list":{"0":"post-8974","1":"product","2":"type-product","3":"status-publish","4":"has-post-thumbnail","6":"product_cat-akcijos","7":"product_cat-l-karnitinas","8":"product_cat-rinkiniai","9":"product_tag-dovana","10":"product_tag-l-karnitinas","11":"product_tag-paprasti-produktai","12":"product_tag-rinkiniai","13":"product_tag-vitaminai","15":"first","16":"instock","17":"taxable","18":"shipping-taxable","19":"purchasable","20":"product-type-simple"},"yoast_head":"<!-- This site is optimized with the Yoast SEO plugin v27.5 - https:\/\/yoast.com\/product\/yoast-seo-wordpress\/ -->\n<title>Perkant L-Karnitin\u0105 - Gro\u017eio vitaminai DOVAN\u0172!| Healthy Choice<\/title>\n<meta name=\"robots\" content=\"index, follow, max-snippet:-1, max-image-preview:large, max-video-preview:-1\" \/>\n<link rel=\"canonical\" href=\"https:\/\/www.healthychoice.lt\/es\/produktai\/perkant-l-karnitina-grozio-vitaminai-dovanu\/\" \/>\n<meta property=\"og:locale\" content=\"es_ES\" \/>\n<meta property=\"og:type\" content=\"article\" \/>\n<meta property=\"og:title\" content=\"Perkant L-Karnitin\u0105 - Gro\u017eio vitaminai DOVAN\u0172!| Healthy Choice\" \/>\n<meta property=\"og:description\" content=\"Rinkinys: L-Karnitinas + Gro\u017eio vitaminai\" \/>\n<meta property=\"og:url\" content=\"https:\/\/www.healthychoice.lt\/es\/produktai\/perkant-l-karnitina-grozio-vitaminai-dovanu\/\" \/>\n<meta property=\"og:site_name\" content=\"Healthy Choice\" \/>\n<meta property=\"article:publisher\" content=\"https:\/\/www.facebook.com\/healthychoice.world\/\" \/>\n<meta property=\"article:modified_time\" content=\"2025-08-21T15:48:42+00:00\" \/>\n<meta property=\"og:image\" content=\"https:\/\/www.healthychoice.lt\/wp-content\/uploads\/2024\/11\/cia-actual-grozis-mb.png\" \/>\n\t<meta property=\"og:image:width\" content=\"1200\" \/>\n\t<meta property=\"og:image:height\" content=\"1200\" \/>\n\t<meta property=\"og:image:type\" content=\"image\/png\" \/>\n<meta name=\"twitter:card\" content=\"summary_large_image\" \/>\n<meta name=\"twitter:label1\" content=\"Tiempo de lectura\" \/>\n\t<meta name=\"twitter:data1\" content=\"1 minuto\" \/>\n<script type=\"application\/ld+json\" class=\"yoast-schema-graph\">{\"@context\":\"https:\\\/\\\/schema.org\",\"@graph\":[{\"@type\":\"WebPage\",\"@id\":\"https:\\\/\\\/www.healthychoice.lt\\\/produktai\\\/perkant-l-karnitina-grozio-vitaminai-dovanu\\\/\",\"url\":\"https:\\\/\\\/www.healthychoice.lt\\\/produktai\\\/perkant-l-karnitina-grozio-vitaminai-dovanu\\\/\",\"name\":\"Perkant L-Karnitin\u0105 - Gro\u017eio vitaminai DOVAN\u0172!| Healthy Choice\",\"isPartOf\":{\"@id\":\"https:\\\/\\\/www.healthychoice.lt\\\/es\\\/#website\"},\"primaryImageOfPage\":{\"@id\":\"https:\\\/\\\/www.healthychoice.lt\\\/produktai\\\/perkant-l-karnitina-grozio-vitaminai-dovanu\\\/#primaryimage\"},\"image\":{\"@id\":\"https:\\\/\\\/www.healthychoice.lt\\\/produktai\\\/perkant-l-karnitina-grozio-vitaminai-dovanu\\\/#primaryimage\"},\"thumbnailUrl\":\"https:\\\/\\\/www.healthychoice.lt\\\/wp-content\\\/uploads\\\/2024\\\/11\\\/cia-actual-grozis-mb.png\",\"datePublished\":\"2021-12-30T11:57:18+00:00\",\"dateModified\":\"2025-08-21T15:48:42+00:00\",\"breadcrumb\":{\"@id\":\"https:\\\/\\\/www.healthychoice.lt\\\/produktai\\\/perkant-l-karnitina-grozio-vitaminai-dovanu\\\/#breadcrumb\"},\"inLanguage\":\"es\",\"potentialAction\":[{\"@type\":\"ReadAction\",\"target\":[\"https:\\\/\\\/www.healthychoice.lt\\\/produktai\\\/perkant-l-karnitina-grozio-vitaminai-dovanu\\\/\"]}]},{\"@type\":\"ImageObject\",\"inLanguage\":\"es\",\"@id\":\"https:\\\/\\\/www.healthychoice.lt\\\/produktai\\\/perkant-l-karnitina-grozio-vitaminai-dovanu\\\/#primaryimage\",\"url\":\"https:\\\/\\\/www.healthychoice.lt\\\/wp-content\\\/uploads\\\/2024\\\/11\\\/cia-actual-grozis-mb.png\",\"contentUrl\":\"https:\\\/\\\/www.healthychoice.lt\\\/wp-content\\\/uploads\\\/2024\\\/11\\\/cia-actual-grozis-mb.png\",\"width\":1200,\"height\":1200},{\"@type\":\"BreadcrumbList\",\"@id\":\"https:\\\/\\\/www.healthychoice.lt\\\/produktai\\\/perkant-l-karnitina-grozio-vitaminai-dovanu\\\/#breadcrumb\",\"itemListElement\":[{\"@type\":\"ListItem\",\"position\":1,\"name\":\"Home\",\"item\":\"https:\\\/\\\/www.healthychoice.lt\\\/\"},{\"@type\":\"ListItem\",\"position\":2,\"name\":\"Produktai\",\"item\":\"https:\\\/\\\/www.healthychoice.lt\\\/es\\\/produktai\\\/\"},{\"@type\":\"ListItem\",\"position\":3,\"name\":\"Perkant L-Karnitin\u0105 &#8211; Gro\u017eio vitaminai DOVAN\u0172!\"}]},{\"@type\":\"WebSite\",\"@id\":\"https:\\\/\\\/www.healthychoice.lt\\\/es\\\/#website\",\"url\":\"https:\\\/\\\/www.healthychoice.lt\\\/es\\\/\",\"name\":\"Healthy Choice\",\"description\":\"Mityba, kuria gali pasitik\u0117ti!\",\"alternateName\":\"Healthychoice\",\"potentialAction\":[{\"@type\":\"SearchAction\",\"target\":{\"@type\":\"EntryPoint\",\"urlTemplate\":\"https:\\\/\\\/www.healthychoice.lt\\\/es\\\/?s={search_term_string}\"},\"query-input\":{\"@type\":\"PropertyValueSpecification\",\"valueRequired\":true,\"valueName\":\"search_term_string\"}}],\"inLanguage\":\"es\"}]}<\/script>\n<!-- \/ Yoast SEO plugin. -->","yoast_head_json":{"title":"Perkant L-Karnitin\u0105 - Gro\u017eio vitaminai DOVAN\u0172!| Healthy Choice","robots":{"index":"index","follow":"follow","max-snippet":"max-snippet:-1","max-image-preview":"max-image-preview:large","max-video-preview":"max-video-preview:-1"},"canonical":"https:\/\/www.healthychoice.lt\/es\/produktai\/perkant-l-karnitina-grozio-vitaminai-dovanu\/","og_locale":"es_ES","og_type":"article","og_title":"Perkant L-Karnitin\u0105 - Gro\u017eio vitaminai DOVAN\u0172!| Healthy Choice","og_description":"Rinkinys: L-Karnitinas + Gro\u017eio vitaminai","og_url":"https:\/\/www.healthychoice.lt\/es\/produktai\/perkant-l-karnitina-grozio-vitaminai-dovanu\/","og_site_name":"Healthy Choice","article_publisher":"https:\/\/www.facebook.com\/healthychoice.world\/","article_modified_time":"2025-08-21T15:48:42+00:00","og_image":[{"width":1200,"height":1200,"url":"https:\/\/www.healthychoice.lt\/wp-content\/uploads\/2024\/11\/cia-actual-grozis-mb.png","type":"image\/png"}],"twitter_card":"summary_large_image","twitter_misc":{"Tiempo de lectura":"1 minuto"},"schema":{"@context":"https:\/\/schema.org","@graph":[{"@type":"WebPage","@id":"https:\/\/www.healthychoice.lt\/produktai\/perkant-l-karnitina-grozio-vitaminai-dovanu\/","url":"https:\/\/www.healthychoice.lt\/produktai\/perkant-l-karnitina-grozio-vitaminai-dovanu\/","name":"Perkant L-Karnitin\u0105 - Gro\u017eio vitaminai DOVAN\u0172!| Healthy Choice","isPartOf":{"@id":"https:\/\/www.healthychoice.lt\/es\/#website"},"primaryImageOfPage":{"@id":"https:\/\/www.healthychoice.lt\/produktai\/perkant-l-karnitina-grozio-vitaminai-dovanu\/#primaryimage"},"image":{"@id":"https:\/\/www.healthychoice.lt\/produktai\/perkant-l-karnitina-grozio-vitaminai-dovanu\/#primaryimage"},"thumbnailUrl":"https:\/\/www.healthychoice.lt\/wp-content\/uploads\/2024\/11\/cia-actual-grozis-mb.png","datePublished":"2021-12-30T11:57:18+00:00","dateModified":"2025-08-21T15:48:42+00:00","breadcrumb":{"@id":"https:\/\/www.healthychoice.lt\/produktai\/perkant-l-karnitina-grozio-vitaminai-dovanu\/#breadcrumb"},"inLanguage":"es","potentialAction":[{"@type":"ReadAction","target":["https:\/\/www.healthychoice.lt\/produktai\/perkant-l-karnitina-grozio-vitaminai-dovanu\/"]}]},{"@type":"ImageObject","inLanguage":"es","@id":"https:\/\/www.healthychoice.lt\/produktai\/perkant-l-karnitina-grozio-vitaminai-dovanu\/#primaryimage","url":"https:\/\/www.healthychoice.lt\/wp-content\/uploads\/2024\/11\/cia-actual-grozis-mb.png","contentUrl":"https:\/\/www.healthychoice.lt\/wp-content\/uploads\/2024\/11\/cia-actual-grozis-mb.png","width":1200,"height":1200},{"@type":"BreadcrumbList","@id":"https:\/\/www.healthychoice.lt\/produktai\/perkant-l-karnitina-grozio-vitaminai-dovanu\/#breadcrumb","itemListElement":[{"@type":"ListItem","position":1,"name":"Home","item":"https:\/\/www.healthychoice.lt\/"},{"@type":"ListItem","position":2,"name":"Produktai","item":"https:\/\/www.healthychoice.lt\/es\/produktai\/"},{"@type":"ListItem","position":3,"name":"Perkant L-Karnitin\u0105 &#8211; Gro\u017eio vitaminai DOVAN\u0172!"}]},{"@type":"WebSite","@id":"https:\/\/www.healthychoice.lt\/es\/#website","url":"https:\/\/www.healthychoice.lt\/es\/","name":"Healthy Choice","description":"Mityba, kuria gali pasitik\u0117ti!","alternateName":"Healthychoice","potentialAction":[{"@type":"SearchAction","target":{"@type":"EntryPoint","urlTemplate":"https:\/\/www.healthychoice.lt\/es\/?s={search_term_string}"},"query-input":{"@type":"PropertyValueSpecification","valueRequired":true,"valueName":"search_term_string"}}],"inLanguage":"es"}]}},"_links":{"self":[{"href":"https:\/\/www.healthychoice.lt\/es\/wp-json\/wp\/v2\/product\/8974","targetHints":{"allow":["GET"]}}],"collection":[{"href":"https:\/\/www.healthychoice.lt\/es\/wp-json\/wp\/v2\/product"}],"about":[{"href":"https:\/\/www.healthychoice.lt\/es\/wp-json\/wp\/v2\/types\/product"}],"wp:featuredmedia":[{"embeddable":true,"href":"https:\/\/www.healthychoice.lt\/es\/wp-json\/wp\/v2\/media\/8975"}],"wp:attachment":[{"href":"https:\/\/www.healthychoice.lt\/es\/wp-json\/wp\/v2\/media?parent=8974"}],"wp:term":[{"taxonomy":"product_brand","embeddable":true,"href":"https:\/\/www.healthychoice.lt\/es\/wp-json\/wp\/v2\/product_brand?post=8974"},{"taxonomy":"product_cat","embeddable":true,"href":"https:\/\/www.healthychoice.lt\/es\/wp-json\/wp\/v2\/product_cat?post=8974"},{"taxonomy":"product_tag","embeddable":true,"href":"https:\/\/www.healthychoice.lt\/es\/wp-json\/wp\/v2\/product_tag?post=8974"}],"curies":[{"name":"wp","href":"https:\/\/api.w.org\/{rel}","templated":true}]}}