{"id":8972,"date":"2020-02-01T10:10:07","date_gmt":"2020-02-01T08:10:07","guid":{"rendered":"https:\/\/www.healthychoice.lt\/?post_type=product&#038;p=8972"},"modified":"2026-04-30T19:02:17","modified_gmt":"2026-04-30T16:02:17","slug":"kristinos-pusryciu-rinkinys","status":"publish","type":"product","link":"https:\/\/www.healthychoice.lt\/es\/produktai\/kristinos-pusryciu-rinkinys\/","title":{"rendered":"KRISTINOS ,,PUSRY\u010cI\u0172\u201c RINKINYS"},"content":{"rendered":"<h2 style=\"text-align: center;\">Acerca de HEALTHY CHOICE Peanut Spread<\/h2>\n<div class=\"row\"  id=\"row-281353704\">\n\n\t<div id=\"col-821085961\" class=\"col medium-6 small-12 large-6\"  >\n\t\t\t\t<div class=\"col-inner\"  >\n\t\t\t\n\t\t\t\n<p>Cacahuete para untar <strong>\"ELECCI\u00d3N SALUDABLE\"<\/strong> es la prote\u00edna vegetal de mejor calidad. Se trata de un producto de gran sabor y alta calidad elaborado a partir de materias primas naturales sin utilizar aromas artificiales, potenciadores del sabor, grasas, aditivos sint\u00e9ticos ni colorantes.<\/p>\n<p>Se elabora a partir de los mejores cacahuetes, ricos en VITAMINAS y MINERALES como Sodio, Calcio, Magnesio, Potasio. Se obtiene tostando los cacahuetes con c\u00e1scara y tritur\u00e1ndolos a continuaci\u00f3n para obtener un maravilloso sabor crujiente, conservando as\u00ed inalterada la estructura proteica y grasa.<\/p>\n<p>La fibra garantiza una funci\u00f3n intestinal fluida y proporciona una sensaci\u00f3n de saciedad que reducir\u00e1 los antojos de aperitivos y dulces innecesarios.<\/p>\n\t\t<\/div>\n\t\t\t\t\t<\/div>\n\n\t\n\n\t<div id=\"col-594649510\" class=\"col medium-6 small-12 large-6\"  >\n\t\t\t\t<div class=\"col-inner\"  >\n\t\t\t\n\t\t\t\n<p><strong>Las principales ventajas de HEALTHY CHOICE - 100% Peanut Spread:<\/strong><\/p>\n<ul>\n<li>Fabricado con cacahuetes 100%;<\/li>\n<li>No contiene az\u00facar, sal ni aceites a\u00f1adidos;<\/li>\n<li>Sin edulcorantes, colorantes ni aditivos aromatizantes;<\/li>\n<li>Sin aditivos sint\u00e9ticos ni conservantes;<\/li>\n<li>Alto valor biol\u00f3gico conservado;<\/li>\n<li>Mejora el rendimiento general;<\/li>\n<li>Excelente complejo de \u00e1cidos grasos insaturados:\n<ul>\n<li>contiene grasas monoinsaturadas;<\/li>\n<li>contiene grasas poliinsaturadas;<\/li>\n<li>de los cuales los \u00e1cidos grasos esenciales linoleico y alfa-linol\u00e9nico (AGE)<\/li>\n<\/ul>\n<\/li>\n<li>Contiene \u00e1cidos grasos Omega-6, esenciales para mantener la funci\u00f3n cerebral y cardiaca y el crecimiento y desarrollo normales;<\/li>\n<li>Contiene vitaminas y minerales: sodio, calcio, magnesio, potasio;<\/li>\n<li>Ayuda a conservar la masa muscular;<\/li>\n<li>Apto para deportistas;<\/li>\n<li>Apto para ni\u00f1os y mujeres embarazadas;<\/li>\n<li>Apto para vegetarianos y veganos;<\/li>\n<li>Fabricado en Lituania;<\/li>\n<\/ul>\n\t\t<\/div>\n\t\t\t\t\t<\/div>\n\n\t\n<\/div>\n<h2 class=\"text-white\" style=\"text-align: center;\">Acerca del concentrado de prote\u00ednas HEALTHY CHOICE<\/h2>\n<p>Concentrado de prote\u00edna de suero f\u00e1cilmente soluble, 100 % <strong>\"ELECCI\u00d3N SALUDABLE\"<\/strong> es una prote\u00edna de ultrafiltraci\u00f3n a baja temperatura, de alta calidad, con una estructura proteica inalterada y un alto valor biol\u00f3gico proteico (VB) preservado.<\/p>\n<p>La prote\u00edna de suero lituana se ha sometido a un an\u00e1lisis muy detallado de su composici\u00f3n, envasado y demanda del mercado durante un periodo de un a\u00f1o y medio antes de poder producirse, comercializarse y distribuirse. Pilotos <strong>\"ELECCI\u00d3N SALUDABLE\"<\/strong> han sido probados por los atletas y dietistas m\u00e1s famosos de Lituania, y se han reconocido los beneficios de las prote\u00ednas naturales. Tras examinar la composici\u00f3n de los productos extranjeros existentes y llevar a cabo una amplia investigaci\u00f3n cient\u00edfica, se ha llegado a la conclusi\u00f3n de que muchos productos proteicos no son naturales, con diversos sabores basados en compuestos qu\u00edmicos, edulcorantes peligrosos, colorantes, etc.<\/p>\n<p>Es importante destacar que s\u00f3lo utilizamos lecitina de girasol como emulsionante para mejorar la solubilidad de nuestro producto. Muchos fabricantes prefieren la lecitina de soja, pero la raz\u00f3n principal es que es m\u00e1s barata. Sin embargo, la soja es un al\u00e9rgeno y muchas personas son al\u00e9rgicas a ella. Adem\u00e1s, la industria de la soja suele utilizar productos modificados gen\u00e9ticamente y sustancias qu\u00edmicas peligrosas en la producci\u00f3n de lecitina de soja.<\/p>\n<p>A diferencia de la soja, el girasol no se modifica gen\u00e9ticamente, se cultiva de forma natural y la lecitina de girasol se produce por prensado en fr\u00edo para separar las fracciones, de forma similar al aceite de oliva, sin utilizar ning\u00fan producto qu\u00edmico.<\/p>\n<p>Consultamos regularmente a atletas profesionales, entrenadores y dietistas sobre <strong>\"ELECCI\u00d3N SALUDABLE\"<\/strong> productos y extraer las cualidades m\u00e1s valiosas.<\/p>","protected":false},"excerpt":{"rendered":"<p>Krep\u0161elio sud\u0117tis ( I\u0161r\u016bg\u0173 baltymas bra\u0161ki\u0173 skonio + \u017eem\u0117s rie\u0161ut\u0173 u\u017etepas 250g.)<\/p>","protected":false},"featured_media":9000,"template":"","meta":[],"product_brand":[],"product_cat":[52,101,28],"product_tag":[24,25],"class_list":{"0":"post-8972","1":"product","2":"type-product","3":"status-publish","4":"has-post-thumbnail","6":"product_cat-akcijos","7":"product_cat-riesutu-produktai","8":"product_cat-rinkiniai","9":"product_tag-paprasti-produktai","10":"product_tag-rinkiniai","12":"first","13":"instock","14":"sale","15":"taxable","16":"shipping-taxable","17":"purchasable","18":"product-type-simple"},"yoast_head":"<!-- This site is optimized with the Yoast SEO plugin v27.5 - https:\/\/yoast.com\/product\/yoast-seo-wordpress\/ -->\n<title>KRISTINOS ,,PUSRY\u010cI\u0172\u201c RINKINYS| Healthy Choice<\/title>\n<meta name=\"robots\" content=\"index, follow, max-snippet:-1, max-image-preview:large, max-video-preview:-1\" \/>\n<link rel=\"canonical\" href=\"https:\/\/www.healthychoice.lt\/es\/produktai\/kristinos-pusryciu-rinkinys\/\" \/>\n<meta property=\"og:locale\" content=\"es_ES\" \/>\n<meta property=\"og:type\" content=\"article\" \/>\n<meta property=\"og:title\" content=\"KRISTINOS ,,PUSRY\u010cI\u0172\u201c RINKINYS| Healthy Choice\" \/>\n<meta property=\"og:description\" content=\"Krep\u0161elio sud\u0117tis ( I\u0161r\u016bg\u0173 baltymas bra\u0161ki\u0173 skonio + \u017eem\u0117s rie\u0161ut\u0173 u\u017etepas 250g.)\" \/>\n<meta property=\"og:url\" content=\"https:\/\/www.healthychoice.lt\/es\/produktai\/kristinos-pusryciu-rinkinys\/\" \/>\n<meta property=\"og:site_name\" content=\"Healthy Choice\" \/>\n<meta property=\"article:publisher\" content=\"https:\/\/www.facebook.com\/healthychoice.world\/\" \/>\n<meta property=\"article:modified_time\" content=\"2026-04-30T16:02:17+00:00\" \/>\n<meta property=\"og:image\" content=\"https:\/\/www.healthychoice.lt\/wp-content\/uploads\/2024\/11\/PhotoCut1.png\" \/>\n\t<meta property=\"og:image:width\" content=\"1440\" \/>\n\t<meta property=\"og:image:height\" content=\"1440\" \/>\n\t<meta property=\"og:image:type\" content=\"image\/png\" \/>\n<meta name=\"twitter:card\" content=\"summary_large_image\" \/>\n<meta name=\"twitter:label1\" content=\"Tiempo de lectura\" \/>\n\t<meta name=\"twitter:data1\" content=\"3 minutos\" \/>\n<script type=\"application\/ld+json\" class=\"yoast-schema-graph\">{\"@context\":\"https:\\\/\\\/schema.org\",\"@graph\":[{\"@type\":\"WebPage\",\"@id\":\"https:\\\/\\\/www.healthychoice.lt\\\/produktai\\\/kristinos-pusryciu-rinkinys\\\/\",\"url\":\"https:\\\/\\\/www.healthychoice.lt\\\/produktai\\\/kristinos-pusryciu-rinkinys\\\/\",\"name\":\"KRISTINOS ,,PUSRY\u010cI\u0172\u201c RINKINYS| Healthy Choice\",\"isPartOf\":{\"@id\":\"https:\\\/\\\/www.healthychoice.lt\\\/es\\\/#website\"},\"primaryImageOfPage\":{\"@id\":\"https:\\\/\\\/www.healthychoice.lt\\\/produktai\\\/kristinos-pusryciu-rinkinys\\\/#primaryimage\"},\"image\":{\"@id\":\"https:\\\/\\\/www.healthychoice.lt\\\/produktai\\\/kristinos-pusryciu-rinkinys\\\/#primaryimage\"},\"thumbnailUrl\":\"https:\\\/\\\/www.healthychoice.lt\\\/wp-content\\\/uploads\\\/2024\\\/11\\\/PhotoCut1.png\",\"datePublished\":\"2020-02-01T08:10:07+00:00\",\"dateModified\":\"2026-04-30T16:02:17+00:00\",\"breadcrumb\":{\"@id\":\"https:\\\/\\\/www.healthychoice.lt\\\/produktai\\\/kristinos-pusryciu-rinkinys\\\/#breadcrumb\"},\"inLanguage\":\"es\",\"potentialAction\":[{\"@type\":\"ReadAction\",\"target\":[\"https:\\\/\\\/www.healthychoice.lt\\\/produktai\\\/kristinos-pusryciu-rinkinys\\\/\"]}]},{\"@type\":\"ImageObject\",\"inLanguage\":\"es\",\"@id\":\"https:\\\/\\\/www.healthychoice.lt\\\/produktai\\\/kristinos-pusryciu-rinkinys\\\/#primaryimage\",\"url\":\"https:\\\/\\\/www.healthychoice.lt\\\/wp-content\\\/uploads\\\/2024\\\/11\\\/PhotoCut1.png\",\"contentUrl\":\"https:\\\/\\\/www.healthychoice.lt\\\/wp-content\\\/uploads\\\/2024\\\/11\\\/PhotoCut1.png\",\"width\":1440,\"height\":1440},{\"@type\":\"BreadcrumbList\",\"@id\":\"https:\\\/\\\/www.healthychoice.lt\\\/produktai\\\/kristinos-pusryciu-rinkinys\\\/#breadcrumb\",\"itemListElement\":[{\"@type\":\"ListItem\",\"position\":1,\"name\":\"Home\",\"item\":\"https:\\\/\\\/www.healthychoice.lt\\\/\"},{\"@type\":\"ListItem\",\"position\":2,\"name\":\"Produktai\",\"item\":\"https:\\\/\\\/www.healthychoice.lt\\\/es\\\/produktai\\\/\"},{\"@type\":\"ListItem\",\"position\":3,\"name\":\"KRISTINOS ,,PUSRY\u010cI\u0172\u201c RINKINYS\"}]},{\"@type\":\"WebSite\",\"@id\":\"https:\\\/\\\/www.healthychoice.lt\\\/es\\\/#website\",\"url\":\"https:\\\/\\\/www.healthychoice.lt\\\/es\\\/\",\"name\":\"Healthy Choice\",\"description\":\"Mityba, kuria gali pasitik\u0117ti!\",\"alternateName\":\"Healthychoice\",\"potentialAction\":[{\"@type\":\"SearchAction\",\"target\":{\"@type\":\"EntryPoint\",\"urlTemplate\":\"https:\\\/\\\/www.healthychoice.lt\\\/es\\\/?s={search_term_string}\"},\"query-input\":{\"@type\":\"PropertyValueSpecification\",\"valueRequired\":true,\"valueName\":\"search_term_string\"}}],\"inLanguage\":\"es\"}]}<\/script>\n<!-- \/ Yoast SEO plugin. -->","yoast_head_json":{"title":"KRISTINOS ,,PUSRY\u010cI\u0172\u201c RINKINYS| Healthy Choice","robots":{"index":"index","follow":"follow","max-snippet":"max-snippet:-1","max-image-preview":"max-image-preview:large","max-video-preview":"max-video-preview:-1"},"canonical":"https:\/\/www.healthychoice.lt\/es\/produktai\/kristinos-pusryciu-rinkinys\/","og_locale":"es_ES","og_type":"article","og_title":"KRISTINOS ,,PUSRY\u010cI\u0172\u201c RINKINYS| Healthy Choice","og_description":"Krep\u0161elio sud\u0117tis ( I\u0161r\u016bg\u0173 baltymas bra\u0161ki\u0173 skonio + \u017eem\u0117s rie\u0161ut\u0173 u\u017etepas 250g.)","og_url":"https:\/\/www.healthychoice.lt\/es\/produktai\/kristinos-pusryciu-rinkinys\/","og_site_name":"Healthy Choice","article_publisher":"https:\/\/www.facebook.com\/healthychoice.world\/","article_modified_time":"2026-04-30T16:02:17+00:00","og_image":[{"width":1440,"height":1440,"url":"https:\/\/www.healthychoice.lt\/wp-content\/uploads\/2024\/11\/PhotoCut1.png","type":"image\/png"}],"twitter_card":"summary_large_image","twitter_misc":{"Tiempo de lectura":"3 minutos"},"schema":{"@context":"https:\/\/schema.org","@graph":[{"@type":"WebPage","@id":"https:\/\/www.healthychoice.lt\/produktai\/kristinos-pusryciu-rinkinys\/","url":"https:\/\/www.healthychoice.lt\/produktai\/kristinos-pusryciu-rinkinys\/","name":"KRISTINOS ,,PUSRY\u010cI\u0172\u201c RINKINYS| Healthy Choice","isPartOf":{"@id":"https:\/\/www.healthychoice.lt\/es\/#website"},"primaryImageOfPage":{"@id":"https:\/\/www.healthychoice.lt\/produktai\/kristinos-pusryciu-rinkinys\/#primaryimage"},"image":{"@id":"https:\/\/www.healthychoice.lt\/produktai\/kristinos-pusryciu-rinkinys\/#primaryimage"},"thumbnailUrl":"https:\/\/www.healthychoice.lt\/wp-content\/uploads\/2024\/11\/PhotoCut1.png","datePublished":"2020-02-01T08:10:07+00:00","dateModified":"2026-04-30T16:02:17+00:00","breadcrumb":{"@id":"https:\/\/www.healthychoice.lt\/produktai\/kristinos-pusryciu-rinkinys\/#breadcrumb"},"inLanguage":"es","potentialAction":[{"@type":"ReadAction","target":["https:\/\/www.healthychoice.lt\/produktai\/kristinos-pusryciu-rinkinys\/"]}]},{"@type":"ImageObject","inLanguage":"es","@id":"https:\/\/www.healthychoice.lt\/produktai\/kristinos-pusryciu-rinkinys\/#primaryimage","url":"https:\/\/www.healthychoice.lt\/wp-content\/uploads\/2024\/11\/PhotoCut1.png","contentUrl":"https:\/\/www.healthychoice.lt\/wp-content\/uploads\/2024\/11\/PhotoCut1.png","width":1440,"height":1440},{"@type":"BreadcrumbList","@id":"https:\/\/www.healthychoice.lt\/produktai\/kristinos-pusryciu-rinkinys\/#breadcrumb","itemListElement":[{"@type":"ListItem","position":1,"name":"Home","item":"https:\/\/www.healthychoice.lt\/"},{"@type":"ListItem","position":2,"name":"Produktai","item":"https:\/\/www.healthychoice.lt\/es\/produktai\/"},{"@type":"ListItem","position":3,"name":"KRISTINOS ,,PUSRY\u010cI\u0172\u201c RINKINYS"}]},{"@type":"WebSite","@id":"https:\/\/www.healthychoice.lt\/es\/#website","url":"https:\/\/www.healthychoice.lt\/es\/","name":"Healthy Choice","description":"Mityba, kuria gali pasitik\u0117ti!","alternateName":"Healthychoice","potentialAction":[{"@type":"SearchAction","target":{"@type":"EntryPoint","urlTemplate":"https:\/\/www.healthychoice.lt\/es\/?s={search_term_string}"},"query-input":{"@type":"PropertyValueSpecification","valueRequired":true,"valueName":"search_term_string"}}],"inLanguage":"es"}]}},"_links":{"self":[{"href":"https:\/\/www.healthychoice.lt\/es\/wp-json\/wp\/v2\/product\/8972","targetHints":{"allow":["GET"]}}],"collection":[{"href":"https:\/\/www.healthychoice.lt\/es\/wp-json\/wp\/v2\/product"}],"about":[{"href":"https:\/\/www.healthychoice.lt\/es\/wp-json\/wp\/v2\/types\/product"}],"wp:featuredmedia":[{"embeddable":true,"href":"https:\/\/www.healthychoice.lt\/es\/wp-json\/wp\/v2\/media\/9000"}],"wp:attachment":[{"href":"https:\/\/www.healthychoice.lt\/es\/wp-json\/wp\/v2\/media?parent=8972"}],"wp:term":[{"taxonomy":"product_brand","embeddable":true,"href":"https:\/\/www.healthychoice.lt\/es\/wp-json\/wp\/v2\/product_brand?post=8972"},{"taxonomy":"product_cat","embeddable":true,"href":"https:\/\/www.healthychoice.lt\/es\/wp-json\/wp\/v2\/product_cat?post=8972"},{"taxonomy":"product_tag","embeddable":true,"href":"https:\/\/www.healthychoice.lt\/es\/wp-json\/wp\/v2\/product_tag?post=8972"}],"curies":[{"name":"wp","href":"https:\/\/api.w.org\/{rel}","templated":true}]}}