{"id":8967,"date":"2020-02-01T10:00:18","date_gmt":"2020-02-01T08:00:18","guid":{"rendered":"https:\/\/www.healthychoice.lt\/?post_type=product&#038;p=8967"},"modified":"2026-01-19T10:48:52","modified_gmt":"2026-01-19T08:48:52","slug":"kristinos-grozio-krepselis","status":"publish","type":"product","link":"https:\/\/www.healthychoice.lt\/es\/produktai\/kristinos-grozio-krepselis\/","title":{"rendered":"KRISTINOS ,,GRO\u017dIO\u201c RINKINYS"},"content":{"rendered":"<p><strong>100<\/strong><strong>%<\/strong><strong> POR CIENTO DE COL\u00c1GENO PURO CON SABOR A FRESA<\/strong><\/p>\n<p>Cantidad neta 500 ml<\/p>\n<p>El col\u00e1geno es una prote\u00edna presente de forma natural en el cuerpo humano que mantiene la estructura de la piel, los huesos y los m\u00fasculos, pero a medida que avanza el proceso de envejecimiento, disminuye la capacidad del propio organismo para sintetizar col\u00e1geno. Por esta raz\u00f3n, se est\u00e1n desarrollando suplementos de col\u00e1geno para ayudar a mantener en condiciones normales la piel, el cabello y las u\u00f1as, reducir el adelgazamiento de los huesos y tener un efecto positivo sobre el sistema cardiovascular.<\/p>\n<p>El col\u00e1geno 100% puro con sabor a fresa es de la m\u00e1xima calidad, formulado para conservar todas las sustancias esenciales para mejorar el estado del cabello, la piel, las u\u00f1as, los tejidos conjuntivos y las articulaciones. Se trata de un producto de gran calidad y bajo coste, con sabor a fresa, adecuado para tomar una vez al d\u00eda.<\/p>\n<p>El col\u00e1geno 100% puro sabor fresa contiene biotina, zinc, vitamina E y vitamina C. La biotina es esencial para el metabolismo de los hidratos de carbono, las prote\u00ednas y las grasas. La biotina ayuda a mantener el metabolismo energ\u00e9tico normal, la funci\u00f3n del sistema nervioso, la funci\u00f3n psicol\u00f3gica y el estado de la piel. El zinc es esencial para la producci\u00f3n de prote\u00ednas e importante para el desarrollo y funcionamiento de las c\u00e9lulas inmunitarias. El zinc, al igual que las vitaminas E y C, ayuda a mantener un sistema inmunitario fuerte.<\/p>\n<p><strong>Vitaminas de belleza Healthy Choice 60 comprimidos<\/strong><\/p>\n<p>\u201eHealthy Choice\u201c Gro\u017eio vitamin\u0173 kompleksas sukurtas pagal speciali\u0105 formul\u0119 odai, plaukams ir nagams.<\/p>\n<p>Selenas \u2013 labai reik\u0161mingas mikroelementas, labiausiai vertinamas d\u0117l antioksidacinio poveikio ir jo suponuojamo geb\u0117jimo l\u0117tinti ankstyv\u0105 sen\u0117jim\u0105. Cinkas, selenas, jodas, vitaminas A, B2 bei B3 kartu su biotinu yra puiki kombinacija norint palaikyti normali\u0105 plauk\u0173, nag\u0173 bei odos b\u016bkl\u0119. Cholinas ir betainas skatina med\u017eiag\u0173 apykait\u0105, riboja riebal\u0173 kaupim\u0105si kepenyse. Gele\u017eis prisideda prie normalaus deguonies perne\u0161imo organizme. Magnis padeda u\u017etikrinti biochemines reakcijas, didina i\u0161tverm\u0119, padeda \u012fveikti depresij\u0105 bei nuotaikos svyravimus. Fosforas padeda palaikyti normali\u0105 l\u0105steli\u0173 funkcij\u0105. Vitaminas B6, veikdamas kartu su kitais B vitaminais, bei magniu ir cinku gerina smegen\u0173 bei nerv\u0173 sistemos veikl\u0105, padeda kontroliuoti alergijas, yra svarbus energijos gamybai l\u0105stel\u0117se bei yra svarbus norint organizm\u0105 apsaugoti nuo infekcij\u0173.<\/p>","protected":false},"excerpt":{"rendered":"<p>Krep\u0161elio sud\u0117tis (Kolagenas + Gro\u017eio vitaminai)<\/p>","protected":false},"featured_media":9003,"template":"","meta":[],"product_brand":[],"product_cat":[52,100,28],"product_tag":[24,25],"class_list":{"0":"post-8967","1":"product","2":"type-product","3":"status-publish","4":"has-post-thumbnail","6":"product_cat-akcijos","7":"product_cat-kolagenas","8":"product_cat-rinkiniai","9":"product_tag-paprasti-produktai","10":"product_tag-rinkiniai","12":"first","13":"instock","14":"sale","15":"taxable","16":"shipping-taxable","17":"purchasable","18":"product-type-simple"},"yoast_head":"<!-- This site is optimized with the Yoast SEO plugin v27.5 - https:\/\/yoast.com\/product\/yoast-seo-wordpress\/ -->\n<title>KRISTINOS ,,GRO\u017dIO\u201c RINKINYS| Healthy Choice<\/title>\n<meta name=\"robots\" content=\"index, follow, max-snippet:-1, max-image-preview:large, max-video-preview:-1\" \/>\n<link rel=\"canonical\" href=\"https:\/\/www.healthychoice.lt\/es\/produktai\/kristinos-grozio-krepselis\/\" \/>\n<meta property=\"og:locale\" content=\"es_ES\" \/>\n<meta property=\"og:type\" content=\"article\" \/>\n<meta property=\"og:title\" content=\"KRISTINOS ,,GRO\u017dIO\u201c RINKINYS| Healthy Choice\" \/>\n<meta property=\"og:description\" content=\"Krep\u0161elio sud\u0117tis (Kolagenas + Gro\u017eio vitaminai)\" \/>\n<meta property=\"og:url\" content=\"https:\/\/www.healthychoice.lt\/es\/produktai\/kristinos-grozio-krepselis\/\" \/>\n<meta property=\"og:site_name\" content=\"Healthy Choice\" \/>\n<meta property=\"article:publisher\" content=\"https:\/\/www.facebook.com\/healthychoice.world\/\" \/>\n<meta property=\"article:modified_time\" content=\"2026-01-19T08:48:52+00:00\" \/>\n<meta property=\"og:image\" content=\"https:\/\/www.healthychoice.lt\/wp-content\/uploads\/2024\/11\/PhotoCut2.png\" \/>\n\t<meta property=\"og:image:width\" content=\"1440\" \/>\n\t<meta property=\"og:image:height\" content=\"1440\" \/>\n\t<meta property=\"og:image:type\" content=\"image\/png\" \/>\n<meta name=\"twitter:card\" content=\"summary_large_image\" \/>\n<meta name=\"twitter:label1\" content=\"Tiempo de lectura\" \/>\n\t<meta name=\"twitter:data1\" content=\"2 minutos\" \/>\n<script type=\"application\/ld+json\" class=\"yoast-schema-graph\">{\"@context\":\"https:\\\/\\\/schema.org\",\"@graph\":[{\"@type\":\"WebPage\",\"@id\":\"https:\\\/\\\/www.healthychoice.lt\\\/produktai\\\/kristinos-grozio-krepselis\\\/\",\"url\":\"https:\\\/\\\/www.healthychoice.lt\\\/produktai\\\/kristinos-grozio-krepselis\\\/\",\"name\":\"KRISTINOS ,,GRO\u017dIO\u201c RINKINYS| Healthy Choice\",\"isPartOf\":{\"@id\":\"https:\\\/\\\/www.healthychoice.lt\\\/es\\\/#website\"},\"primaryImageOfPage\":{\"@id\":\"https:\\\/\\\/www.healthychoice.lt\\\/produktai\\\/kristinos-grozio-krepselis\\\/#primaryimage\"},\"image\":{\"@id\":\"https:\\\/\\\/www.healthychoice.lt\\\/produktai\\\/kristinos-grozio-krepselis\\\/#primaryimage\"},\"thumbnailUrl\":\"https:\\\/\\\/www.healthychoice.lt\\\/wp-content\\\/uploads\\\/2024\\\/11\\\/PhotoCut2.png\",\"datePublished\":\"2020-02-01T08:00:18+00:00\",\"dateModified\":\"2026-01-19T08:48:52+00:00\",\"breadcrumb\":{\"@id\":\"https:\\\/\\\/www.healthychoice.lt\\\/produktai\\\/kristinos-grozio-krepselis\\\/#breadcrumb\"},\"inLanguage\":\"es\",\"potentialAction\":[{\"@type\":\"ReadAction\",\"target\":[\"https:\\\/\\\/www.healthychoice.lt\\\/produktai\\\/kristinos-grozio-krepselis\\\/\"]}]},{\"@type\":\"ImageObject\",\"inLanguage\":\"es\",\"@id\":\"https:\\\/\\\/www.healthychoice.lt\\\/produktai\\\/kristinos-grozio-krepselis\\\/#primaryimage\",\"url\":\"https:\\\/\\\/www.healthychoice.lt\\\/wp-content\\\/uploads\\\/2024\\\/11\\\/PhotoCut2.png\",\"contentUrl\":\"https:\\\/\\\/www.healthychoice.lt\\\/wp-content\\\/uploads\\\/2024\\\/11\\\/PhotoCut2.png\",\"width\":1440,\"height\":1440},{\"@type\":\"BreadcrumbList\",\"@id\":\"https:\\\/\\\/www.healthychoice.lt\\\/produktai\\\/kristinos-grozio-krepselis\\\/#breadcrumb\",\"itemListElement\":[{\"@type\":\"ListItem\",\"position\":1,\"name\":\"Home\",\"item\":\"https:\\\/\\\/www.healthychoice.lt\\\/\"},{\"@type\":\"ListItem\",\"position\":2,\"name\":\"Produktai\",\"item\":\"https:\\\/\\\/www.healthychoice.lt\\\/es\\\/produktai\\\/\"},{\"@type\":\"ListItem\",\"position\":3,\"name\":\"KRISTINOS ,,GRO\u017dIO\u201c RINKINYS\"}]},{\"@type\":\"WebSite\",\"@id\":\"https:\\\/\\\/www.healthychoice.lt\\\/es\\\/#website\",\"url\":\"https:\\\/\\\/www.healthychoice.lt\\\/es\\\/\",\"name\":\"Healthy Choice\",\"description\":\"Mityba, kuria gali pasitik\u0117ti!\",\"alternateName\":\"Healthychoice\",\"potentialAction\":[{\"@type\":\"SearchAction\",\"target\":{\"@type\":\"EntryPoint\",\"urlTemplate\":\"https:\\\/\\\/www.healthychoice.lt\\\/es\\\/?s={search_term_string}\"},\"query-input\":{\"@type\":\"PropertyValueSpecification\",\"valueRequired\":true,\"valueName\":\"search_term_string\"}}],\"inLanguage\":\"es\"}]}<\/script>\n<!-- \/ Yoast SEO plugin. -->","yoast_head_json":{"title":"KRISTINOS ,,GRO\u017dIO\u201c RINKINYS| Healthy Choice","robots":{"index":"index","follow":"follow","max-snippet":"max-snippet:-1","max-image-preview":"max-image-preview:large","max-video-preview":"max-video-preview:-1"},"canonical":"https:\/\/www.healthychoice.lt\/es\/produktai\/kristinos-grozio-krepselis\/","og_locale":"es_ES","og_type":"article","og_title":"KRISTINOS ,,GRO\u017dIO\u201c RINKINYS| Healthy Choice","og_description":"Krep\u0161elio sud\u0117tis (Kolagenas + Gro\u017eio vitaminai)","og_url":"https:\/\/www.healthychoice.lt\/es\/produktai\/kristinos-grozio-krepselis\/","og_site_name":"Healthy Choice","article_publisher":"https:\/\/www.facebook.com\/healthychoice.world\/","article_modified_time":"2026-01-19T08:48:52+00:00","og_image":[{"width":1440,"height":1440,"url":"https:\/\/www.healthychoice.lt\/wp-content\/uploads\/2024\/11\/PhotoCut2.png","type":"image\/png"}],"twitter_card":"summary_large_image","twitter_misc":{"Tiempo de lectura":"2 minutos"},"schema":{"@context":"https:\/\/schema.org","@graph":[{"@type":"WebPage","@id":"https:\/\/www.healthychoice.lt\/produktai\/kristinos-grozio-krepselis\/","url":"https:\/\/www.healthychoice.lt\/produktai\/kristinos-grozio-krepselis\/","name":"KRISTINOS ,,GRO\u017dIO\u201c RINKINYS| Healthy Choice","isPartOf":{"@id":"https:\/\/www.healthychoice.lt\/es\/#website"},"primaryImageOfPage":{"@id":"https:\/\/www.healthychoice.lt\/produktai\/kristinos-grozio-krepselis\/#primaryimage"},"image":{"@id":"https:\/\/www.healthychoice.lt\/produktai\/kristinos-grozio-krepselis\/#primaryimage"},"thumbnailUrl":"https:\/\/www.healthychoice.lt\/wp-content\/uploads\/2024\/11\/PhotoCut2.png","datePublished":"2020-02-01T08:00:18+00:00","dateModified":"2026-01-19T08:48:52+00:00","breadcrumb":{"@id":"https:\/\/www.healthychoice.lt\/produktai\/kristinos-grozio-krepselis\/#breadcrumb"},"inLanguage":"es","potentialAction":[{"@type":"ReadAction","target":["https:\/\/www.healthychoice.lt\/produktai\/kristinos-grozio-krepselis\/"]}]},{"@type":"ImageObject","inLanguage":"es","@id":"https:\/\/www.healthychoice.lt\/produktai\/kristinos-grozio-krepselis\/#primaryimage","url":"https:\/\/www.healthychoice.lt\/wp-content\/uploads\/2024\/11\/PhotoCut2.png","contentUrl":"https:\/\/www.healthychoice.lt\/wp-content\/uploads\/2024\/11\/PhotoCut2.png","width":1440,"height":1440},{"@type":"BreadcrumbList","@id":"https:\/\/www.healthychoice.lt\/produktai\/kristinos-grozio-krepselis\/#breadcrumb","itemListElement":[{"@type":"ListItem","position":1,"name":"Home","item":"https:\/\/www.healthychoice.lt\/"},{"@type":"ListItem","position":2,"name":"Produktai","item":"https:\/\/www.healthychoice.lt\/es\/produktai\/"},{"@type":"ListItem","position":3,"name":"KRISTINOS ,,GRO\u017dIO\u201c RINKINYS"}]},{"@type":"WebSite","@id":"https:\/\/www.healthychoice.lt\/es\/#website","url":"https:\/\/www.healthychoice.lt\/es\/","name":"Healthy Choice","description":"Mityba, kuria gali pasitik\u0117ti!","alternateName":"Healthychoice","potentialAction":[{"@type":"SearchAction","target":{"@type":"EntryPoint","urlTemplate":"https:\/\/www.healthychoice.lt\/es\/?s={search_term_string}"},"query-input":{"@type":"PropertyValueSpecification","valueRequired":true,"valueName":"search_term_string"}}],"inLanguage":"es"}]}},"_links":{"self":[{"href":"https:\/\/www.healthychoice.lt\/es\/wp-json\/wp\/v2\/product\/8967","targetHints":{"allow":["GET"]}}],"collection":[{"href":"https:\/\/www.healthychoice.lt\/es\/wp-json\/wp\/v2\/product"}],"about":[{"href":"https:\/\/www.healthychoice.lt\/es\/wp-json\/wp\/v2\/types\/product"}],"wp:featuredmedia":[{"embeddable":true,"href":"https:\/\/www.healthychoice.lt\/es\/wp-json\/wp\/v2\/media\/9003"}],"wp:attachment":[{"href":"https:\/\/www.healthychoice.lt\/es\/wp-json\/wp\/v2\/media?parent=8967"}],"wp:term":[{"taxonomy":"product_brand","embeddable":true,"href":"https:\/\/www.healthychoice.lt\/es\/wp-json\/wp\/v2\/product_brand?post=8967"},{"taxonomy":"product_cat","embeddable":true,"href":"https:\/\/www.healthychoice.lt\/es\/wp-json\/wp\/v2\/product_cat?post=8967"},{"taxonomy":"product_tag","embeddable":true,"href":"https:\/\/www.healthychoice.lt\/es\/wp-json\/wp\/v2\/product_tag?post=8967"}],"curies":[{"name":"wp","href":"https:\/\/api.w.org\/{rel}","templated":true}]}}