{"id":66,"date":"2025-04-17T08:09:09","date_gmt":"2025-04-17T05:09:09","guid":{"rendered":"https:\/\/www.healthychoice.lt\/?post_type=product&#038;p=66"},"modified":"2026-04-25T20:21:50","modified_gmt":"2026-04-25T17:21:50","slug":"sokoladinis-isrugu-baltymas","status":"publish","type":"product","link":"https:\/\/www.healthychoice.lt\/es\/produktai\/sokoladinis-isrugu-baltymas\/","title":{"rendered":"100% Prote\u00edna de suero sabor chocolate, 1kg"},"content":{"rendered":"<h2 class=\"text-white\" style=\"text-align: center;\">100% Mezcla de prote\u00ednas de suero Healthy Choice<\/h2>\n<p>100% Mezcla de prote\u00ednas de suero <strong>\"ELECCI\u00d3N SALUDABLE\"<\/strong> Es una excelente fuente de prote\u00ednas de absorci\u00f3n variable. Se compone de las prote\u00ednas de absorci\u00f3n r\u00e1pida Hidrolizado y Aislado, y del Concentrado de absorci\u00f3n media. Las diferentes velocidades de absorci\u00f3n garantizan una absorci\u00f3n duradera y constante, alivian el hambre y proporcionan todos los amino\u00e1cidos esenciales que su cuerpo necesita para acelerar la recuperaci\u00f3n muscular despu\u00e9s del entrenamiento.<\/p>\n<p>Mezcla de prote\u00ednas de suero f\u00e1cilmente soluble, 100 % <strong>\"ELECCI\u00d3N SALUDABLE\"<\/strong> es una prote\u00edna de ultrafiltraci\u00f3n y microfiltraci\u00f3n a baja temperatura, de alta calidad, con una estructura proteica inalterada y un alto valor biol\u00f3gico proteico (VB) preservado.<\/p>\n<p>Es importante destacar que s\u00f3lo utilizamos lecitina de girasol como emulsionante para mejorar la solubilidad de nuestro producto. Muchos fabricantes prefieren la lecitina de soja, pero la raz\u00f3n principal es que es m\u00e1s barata. Sin embargo, la soja es un al\u00e9rgeno y muchas personas son al\u00e9rgicas a ella. Adem\u00e1s, la industria de la soja suele utilizar productos modificados gen\u00e9ticamente y sustancias qu\u00edmicas peligrosas en la producci\u00f3n de lecitina de soja.<\/p>\n<p>A diferencia de la soja, el girasol no se modifica gen\u00e9ticamente, se cultiva de forma natural y la lecitina de girasol se produce por prensado en fr\u00edo para separar las fracciones, de forma similar al aceite de oliva, sin utilizar ning\u00fan producto qu\u00edmico.<\/p>\n<p>Consultamos regularmente a atletas profesionales, entrenadores y dietistas sobre\u00a0<strong>\"ELECCI\u00d3N SALUDABLE\"<\/strong>\u00a0productos y extraer las cualidades m\u00e1s valiosas.<\/p>\n<h3 class=\"sub-header text-white mt-2\" style=\"text-align: center;\">\"HEALTHY CHOICE\" las prote\u00ednas y su importancia para el cuerpo humano<\/h3>\n<div class=\"row\"  id=\"row-1829880954\">\n\n\t<div id=\"col-1529382192\" class=\"col medium-6 small-12 large-6\"  >\n\t\t\t\t<div class=\"col-inner\"  >\n\t\t\t\n\t\t\t\n<p>La prote\u00edna es el componente b\u00e1sico del m\u00fasculo, uno de los principales nutrientes, al igual que los hidratos de carbono y las grasas. La prote\u00edna es el segundo componente m\u00e1s abundante e importante del organismo despu\u00e9s del agua. La prote\u00edna est\u00e1 muy extendida en la naturaleza viva y es la base de la misma. Al igual que el cuadro de un puzzle se compone de piezas individuales, la prote\u00edna se compone de peque\u00f1as part\u00edculas: los amino\u00e1cidos. Un total de 20 amino\u00e1cidos diferentes forman la base de la macromol\u00e9cula proteica. Nueve de los 20 amino\u00e1cidos son esenciales para obtenerlos de los alimentos, ya que no pueden ser producidos por el propio organismo, por lo que es necesario consumir diariamente una cantidad adecuada de prote\u00ednas.\u00a0<strong>\"ELECCI\u00d3N SALUDABLE\"<\/strong> El producto es una de las mejores fuentes de amino\u00e1cidos de cadena ramificada (BCAA).<\/p>\n<p>Nunca se insistir\u00e1 lo suficiente en la importancia de las prote\u00ednas para el cuerpo humano. Las prote\u00ednas reconstruyen, moldean, mantienen y renuevan la masa muscular. La prote\u00edna contribuye al crecimiento muscular y de la fuerza en los atletas. La prote\u00edna es importante para el mantenimiento de la salud \u00f3sea normal. Una ingesta diaria de prote\u00ednas es esencial para un cuerpo humano sano.<\/p>\n\t\t<\/div>\n\t\t\t\t\t<\/div>\n\n\t\n\n\t<div id=\"col-2029257013\" class=\"col medium-6 small-12 large-6\"  >\n\t\t\t\t<div class=\"col-inner\"  >\n\t\t\t\n\t\t\t\n<p>Adem\u00e1s del crecimiento muscular, la prote\u00edna tiene otras funciones:<\/p>\n<ul>\n<li>Aporta prote\u00ednas al organismo, esenciales para la funci\u00f3n muscular;<\/li>\n<li>Fortalece los m\u00fasculos y recupera despu\u00e9s del ejercicio a las personas que lo practican;<\/li>\n<li>Ayuda a reducir el sobrepeso, suprimir el apetito, para las personas que tratan de construir tejido muscular magra.<\/li>\n<\/ul>\n<p>Conseguir\u00e1s todo esto y mucho m\u00e1s cuando empieces a utilizar la prote\u00edna lituana en tu dieta de forma regular - \u00a1cons\u00edguela ahora!<\/p>\n\t\t<\/div>\n\t\t\t\t\t<\/div>\n\n\t\n<\/div>","protected":false},"excerpt":{"rendered":"<p>100% Prote\u00edna de suero sabor chocolate, 1kg<\/p>","protected":false},"featured_media":6073,"template":"","meta":[],"product_brand":[],"product_cat":[52,98],"product_tag":[64,54,53,29,24,58],"class_list":{"0":"post-66","1":"product","2":"type-product","3":"status-publish","4":"has-post-thumbnail","6":"product_cat-akcijos","7":"product_cat-baltymai","8":"product_tag-kanapiu-baltymai-250g-dovanu","9":"product_tag-baltymai","10":"product_tag-exportui","11":"product_tag-kovo3","12":"product_tag-paprasti-produktai","13":"product_tag-perkant-2-baltymus-akcija","15":"first","16":"instock","17":"sale","18":"taxable","19":"shipping-taxable","20":"purchasable","21":"product-type-simple"},"yoast_head":"<!-- This site is optimized with the Yoast SEO plugin v27.5 - https:\/\/yoast.com\/product\/yoast-seo-wordpress\/ -->\n<title>100% i\u0161r\u016bg\u0173 baltymai \u0161okolado skonio, 1kg | Healthy Choice<\/title>\n<meta name=\"robots\" content=\"index, follow, max-snippet:-1, max-image-preview:large, max-video-preview:-1\" \/>\n<link rel=\"canonical\" href=\"https:\/\/www.healthychoice.lt\/es\/produktai\/sokoladinis-isrugu-baltymas\/\" \/>\n<meta property=\"og:locale\" content=\"es_ES\" \/>\n<meta property=\"og:type\" content=\"article\" \/>\n<meta property=\"og:title\" content=\"100% i\u0161r\u016bg\u0173 baltymai \u0161okolado skonio, 1kg | Healthy Choice\" \/>\n<meta property=\"og:description\" content=\"100% i\u0161r\u016bg\u0173 baltymai \u0161okolado skonio, 1kg\" \/>\n<meta property=\"og:url\" content=\"https:\/\/www.healthychoice.lt\/es\/produktai\/sokoladinis-isrugu-baltymas\/\" \/>\n<meta property=\"og:site_name\" content=\"Healthy Choice\" \/>\n<meta property=\"article:publisher\" content=\"https:\/\/www.facebook.com\/healthychoice.world\/\" \/>\n<meta property=\"article:modified_time\" content=\"2026-04-25T17:21:50+00:00\" \/>\n<meta property=\"og:image\" content=\"https:\/\/www.healthychoice.lt\/wp-content\/uploads\/2022\/01\/Isrugu-baltymai-sokolado-skonio-min.jpg\" \/>\n\t<meta property=\"og:image:width\" content=\"1024\" \/>\n\t<meta property=\"og:image:height\" content=\"1024\" \/>\n\t<meta property=\"og:image:type\" content=\"image\/jpeg\" \/>\n<meta name=\"twitter:card\" content=\"summary_large_image\" \/>\n<meta name=\"twitter:label1\" content=\"Tiempo de lectura\" \/>\n\t<meta name=\"twitter:data1\" content=\"3 minutos\" \/>\n<script type=\"application\/ld+json\" class=\"yoast-schema-graph\">{\"@context\":\"https:\\\/\\\/schema.org\",\"@graph\":[{\"@type\":\"WebPage\",\"@id\":\"https:\\\/\\\/www.healthychoice.lt\\\/produktai\\\/sokoladinis-isrugu-baltymas\\\/\",\"url\":\"https:\\\/\\\/www.healthychoice.lt\\\/produktai\\\/sokoladinis-isrugu-baltymas\\\/\",\"name\":\"100% i\u0161r\u016bg\u0173 baltymai \u0161okolado skonio, 1kg | Healthy Choice\",\"isPartOf\":{\"@id\":\"https:\\\/\\\/www.healthychoice.lt\\\/es\\\/#website\"},\"primaryImageOfPage\":{\"@id\":\"https:\\\/\\\/www.healthychoice.lt\\\/produktai\\\/sokoladinis-isrugu-baltymas\\\/#primaryimage\"},\"image\":{\"@id\":\"https:\\\/\\\/www.healthychoice.lt\\\/produktai\\\/sokoladinis-isrugu-baltymas\\\/#primaryimage\"},\"thumbnailUrl\":\"https:\\\/\\\/www.healthychoice.lt\\\/wp-content\\\/uploads\\\/2022\\\/01\\\/Isrugu-baltymai-sokolado-skonio-min.jpg\",\"datePublished\":\"2025-04-17T05:09:09+00:00\",\"dateModified\":\"2026-04-25T17:21:50+00:00\",\"breadcrumb\":{\"@id\":\"https:\\\/\\\/www.healthychoice.lt\\\/produktai\\\/sokoladinis-isrugu-baltymas\\\/#breadcrumb\"},\"inLanguage\":\"es\",\"potentialAction\":[{\"@type\":\"ReadAction\",\"target\":[\"https:\\\/\\\/www.healthychoice.lt\\\/produktai\\\/sokoladinis-isrugu-baltymas\\\/\"]}]},{\"@type\":\"ImageObject\",\"inLanguage\":\"es\",\"@id\":\"https:\\\/\\\/www.healthychoice.lt\\\/produktai\\\/sokoladinis-isrugu-baltymas\\\/#primaryimage\",\"url\":\"https:\\\/\\\/www.healthychoice.lt\\\/wp-content\\\/uploads\\\/2022\\\/01\\\/Isrugu-baltymai-sokolado-skonio-min.jpg\",\"contentUrl\":\"https:\\\/\\\/www.healthychoice.lt\\\/wp-content\\\/uploads\\\/2022\\\/01\\\/Isrugu-baltymai-sokolado-skonio-min.jpg\",\"width\":1024,\"height\":1024},{\"@type\":\"BreadcrumbList\",\"@id\":\"https:\\\/\\\/www.healthychoice.lt\\\/produktai\\\/sokoladinis-isrugu-baltymas\\\/#breadcrumb\",\"itemListElement\":[{\"@type\":\"ListItem\",\"position\":1,\"name\":\"Home\",\"item\":\"https:\\\/\\\/www.healthychoice.lt\\\/\"},{\"@type\":\"ListItem\",\"position\":2,\"name\":\"Produktai\",\"item\":\"https:\\\/\\\/www.healthychoice.lt\\\/es\\\/produktai\\\/\"},{\"@type\":\"ListItem\",\"position\":3,\"name\":\"100% i\u0161r\u016bg\u0173 baltymai \u0161okolado skonio, 1kg\"}]},{\"@type\":\"WebSite\",\"@id\":\"https:\\\/\\\/www.healthychoice.lt\\\/es\\\/#website\",\"url\":\"https:\\\/\\\/www.healthychoice.lt\\\/es\\\/\",\"name\":\"Healthy Choice\",\"description\":\"Mityba, kuria gali pasitik\u0117ti!\",\"alternateName\":\"Healthychoice\",\"potentialAction\":[{\"@type\":\"SearchAction\",\"target\":{\"@type\":\"EntryPoint\",\"urlTemplate\":\"https:\\\/\\\/www.healthychoice.lt\\\/es\\\/?s={search_term_string}\"},\"query-input\":{\"@type\":\"PropertyValueSpecification\",\"valueRequired\":true,\"valueName\":\"search_term_string\"}}],\"inLanguage\":\"es\"}]}<\/script>\n<!-- \/ Yoast SEO plugin. -->","yoast_head_json":{"title":"100% i\u0161r\u016bg\u0173 baltymai \u0161okolado skonio, 1kg | Healthy Choice","robots":{"index":"index","follow":"follow","max-snippet":"max-snippet:-1","max-image-preview":"max-image-preview:large","max-video-preview":"max-video-preview:-1"},"canonical":"https:\/\/www.healthychoice.lt\/es\/produktai\/sokoladinis-isrugu-baltymas\/","og_locale":"es_ES","og_type":"article","og_title":"100% i\u0161r\u016bg\u0173 baltymai \u0161okolado skonio, 1kg | Healthy Choice","og_description":"100% i\u0161r\u016bg\u0173 baltymai \u0161okolado skonio, 1kg","og_url":"https:\/\/www.healthychoice.lt\/es\/produktai\/sokoladinis-isrugu-baltymas\/","og_site_name":"Healthy Choice","article_publisher":"https:\/\/www.facebook.com\/healthychoice.world\/","article_modified_time":"2026-04-25T17:21:50+00:00","og_image":[{"width":1024,"height":1024,"url":"https:\/\/www.healthychoice.lt\/wp-content\/uploads\/2022\/01\/Isrugu-baltymai-sokolado-skonio-min.jpg","type":"image\/jpeg"}],"twitter_card":"summary_large_image","twitter_misc":{"Tiempo de lectura":"3 minutos"},"schema":{"@context":"https:\/\/schema.org","@graph":[{"@type":"WebPage","@id":"https:\/\/www.healthychoice.lt\/produktai\/sokoladinis-isrugu-baltymas\/","url":"https:\/\/www.healthychoice.lt\/produktai\/sokoladinis-isrugu-baltymas\/","name":"100% i\u0161r\u016bg\u0173 baltymai \u0161okolado skonio, 1kg | Healthy Choice","isPartOf":{"@id":"https:\/\/www.healthychoice.lt\/es\/#website"},"primaryImageOfPage":{"@id":"https:\/\/www.healthychoice.lt\/produktai\/sokoladinis-isrugu-baltymas\/#primaryimage"},"image":{"@id":"https:\/\/www.healthychoice.lt\/produktai\/sokoladinis-isrugu-baltymas\/#primaryimage"},"thumbnailUrl":"https:\/\/www.healthychoice.lt\/wp-content\/uploads\/2022\/01\/Isrugu-baltymai-sokolado-skonio-min.jpg","datePublished":"2025-04-17T05:09:09+00:00","dateModified":"2026-04-25T17:21:50+00:00","breadcrumb":{"@id":"https:\/\/www.healthychoice.lt\/produktai\/sokoladinis-isrugu-baltymas\/#breadcrumb"},"inLanguage":"es","potentialAction":[{"@type":"ReadAction","target":["https:\/\/www.healthychoice.lt\/produktai\/sokoladinis-isrugu-baltymas\/"]}]},{"@type":"ImageObject","inLanguage":"es","@id":"https:\/\/www.healthychoice.lt\/produktai\/sokoladinis-isrugu-baltymas\/#primaryimage","url":"https:\/\/www.healthychoice.lt\/wp-content\/uploads\/2022\/01\/Isrugu-baltymai-sokolado-skonio-min.jpg","contentUrl":"https:\/\/www.healthychoice.lt\/wp-content\/uploads\/2022\/01\/Isrugu-baltymai-sokolado-skonio-min.jpg","width":1024,"height":1024},{"@type":"BreadcrumbList","@id":"https:\/\/www.healthychoice.lt\/produktai\/sokoladinis-isrugu-baltymas\/#breadcrumb","itemListElement":[{"@type":"ListItem","position":1,"name":"Home","item":"https:\/\/www.healthychoice.lt\/"},{"@type":"ListItem","position":2,"name":"Produktai","item":"https:\/\/www.healthychoice.lt\/es\/produktai\/"},{"@type":"ListItem","position":3,"name":"100% i\u0161r\u016bg\u0173 baltymai \u0161okolado skonio, 1kg"}]},{"@type":"WebSite","@id":"https:\/\/www.healthychoice.lt\/es\/#website","url":"https:\/\/www.healthychoice.lt\/es\/","name":"Healthy Choice","description":"Mityba, kuria gali pasitik\u0117ti!","alternateName":"Healthychoice","potentialAction":[{"@type":"SearchAction","target":{"@type":"EntryPoint","urlTemplate":"https:\/\/www.healthychoice.lt\/es\/?s={search_term_string}"},"query-input":{"@type":"PropertyValueSpecification","valueRequired":true,"valueName":"search_term_string"}}],"inLanguage":"es"}]}},"_links":{"self":[{"href":"https:\/\/www.healthychoice.lt\/es\/wp-json\/wp\/v2\/product\/66","targetHints":{"allow":["GET"]}}],"collection":[{"href":"https:\/\/www.healthychoice.lt\/es\/wp-json\/wp\/v2\/product"}],"about":[{"href":"https:\/\/www.healthychoice.lt\/es\/wp-json\/wp\/v2\/types\/product"}],"wp:featuredmedia":[{"embeddable":true,"href":"https:\/\/www.healthychoice.lt\/es\/wp-json\/wp\/v2\/media\/6073"}],"wp:attachment":[{"href":"https:\/\/www.healthychoice.lt\/es\/wp-json\/wp\/v2\/media?parent=66"}],"wp:term":[{"taxonomy":"product_brand","embeddable":true,"href":"https:\/\/www.healthychoice.lt\/es\/wp-json\/wp\/v2\/product_brand?post=66"},{"taxonomy":"product_cat","embeddable":true,"href":"https:\/\/www.healthychoice.lt\/es\/wp-json\/wp\/v2\/product_cat?post=66"},{"taxonomy":"product_tag","embeddable":true,"href":"https:\/\/www.healthychoice.lt\/es\/wp-json\/wp\/v2\/product_tag?post=66"}],"curies":[{"name":"wp","href":"https:\/\/api.w.org\/{rel}","templated":true}]}}