{"id":5907,"date":"2023-06-20T22:22:58","date_gmt":"2023-06-20T19:22:58","guid":{"rendered":"https:\/\/www.healthychoice.lt\/?post_type=product&#038;p=5907"},"modified":"2026-04-13T18:35:41","modified_gmt":"2026-04-13T15:35:41","slug":"melatoninas-tryptofan-b6","status":"publish","type":"product","link":"https:\/\/www.healthychoice.lt\/es\/produktai\/melatoninas-tryptofan-b6\/","title":{"rendered":"Melatonina + Tript\u00f3fano + B6 120 comprimidos"},"content":{"rendered":"<p>Complemento alimenticio<\/p>\n<p>La melatonina ayuda a reducir el tiempo que se tarda en conciliar el sue\u00f1o. El L-tript\u00f3fano es un amino\u00e1cido esencial necesario para la producci\u00f3n de prote\u00ednas implicadas en la s\u00edntesis de melatonina y serotonina. La vitamina B6 contribuye a mantener un metabolismo energ\u00e9tico normal, un funcionamiento normal del sistema nervioso, un metabolismo normal de la homociste\u00edna y un metabolismo normal de las prote\u00ednas y del gluc\u00f3geno.<\/p>\n<p>120 comprimidos<br \/>\nPeso neto: 32,4 g<\/p>\n<p><strong>CONCLUSIONES:<\/strong><br \/>\nagentes de carga: celulosa microcristalina, hidr\u00f3geno fosfato c\u00e1lcico; L-tript\u00f3fano, agentes tint\u00f3reos: estearato de magnesio, di\u00f3xido de silicio; clorhidrato de piridoxina, melatonina.<\/p>\n<p><strong>INGREDIENTES (1 comprimido):<\/strong><br \/>\nL-tript\u00f3fano 40 mg<br \/>\nVitamina B6 6 mg (428,4 % RMV*)<br \/>\nMelatonina 1 mg<\/p>\n<p>RMV* (Valor Nutricional de Referencia).<\/p>\n<p><strong>USO:<\/strong><br \/>\nAdultos tomar 1 comprimido al d\u00eda antes de acostarse.<br \/>\nMantener fuera del alcance de los ni\u00f1os.<br \/>\nNo supere la dosis diaria recomendada.<br \/>\nConservar en el envase original, en un lugar seco y a temperatura ambiente.<br \/>\nNo utilice un complemento alimenticio como sustituto de una dieta sana y equilibrada.<\/p>\n<p><strong>ADVERTENCIA:<\/strong><\/p>\n<p>No superar la dosis diaria recomendada. Conservar a una temperatura de +25\u00b0C, fuera del alcance de los ni\u00f1os. No recomendado durante el embarazo, la lactancia, las enfermedades autoinmunes ni en ni\u00f1os. Los conductores deben tomarlo con precauci\u00f3n, ya que los comprimidos pueden provocar somnolencia y disminuir la velocidad de reacci\u00f3n.<\/p>","protected":false},"excerpt":{"rendered":"<p>Complemento alimenticio<\/p>\n<p>120 comprimidos<br \/>\nPeso neto: 32,4 g<\/p>","protected":false},"featured_media":6064,"template":"","meta":[],"product_brand":[],"product_cat":[52,15],"product_tag":[53,60,48],"class_list":{"0":"post-5907","1":"product","2":"type-product","3":"status-publish","4":"has-post-thumbnail","6":"product_cat-akcijos","7":"product_cat-kita","8":"product_tag-exportui","9":"product_tag-groziui-ir-sveikatai","10":"product_tag-vitaminai","12":"first","13":"instock","14":"sale","15":"taxable","16":"shipping-taxable","17":"purchasable","18":"product-type-simple"},"yoast_head":"<!-- This site is optimized with the Yoast SEO plugin v27.5 - https:\/\/yoast.com\/product\/yoast-seo-wordpress\/ -->\n<title>Melatoninas + Tryptofan + B6 120 table\u010di\u0173 | Healthy Choice<\/title>\n<meta name=\"robots\" content=\"index, follow, max-snippet:-1, max-image-preview:large, max-video-preview:-1\" \/>\n<link rel=\"canonical\" href=\"https:\/\/www.healthychoice.lt\/es\/produktai\/melatoninas-tryptofan-b6\/\" \/>\n<meta property=\"og:locale\" content=\"es_ES\" \/>\n<meta property=\"og:type\" content=\"article\" \/>\n<meta property=\"og:title\" content=\"Melatoninas + Tryptofan + B6 120 table\u010di\u0173 | Healthy Choice\" \/>\n<meta property=\"og:description\" content=\"Maisto papildas  120 table\u010di\u0173 Grynasis svoris: 32,4g\" \/>\n<meta property=\"og:url\" content=\"https:\/\/www.healthychoice.lt\/es\/produktai\/melatoninas-tryptofan-b6\/\" \/>\n<meta property=\"og:site_name\" content=\"Healthy Choice\" \/>\n<meta property=\"article:publisher\" content=\"https:\/\/www.facebook.com\/healthychoice.world\/\" \/>\n<meta property=\"article:modified_time\" content=\"2026-04-13T15:35:41+00:00\" \/>\n<meta property=\"og:image\" content=\"https:\/\/www.healthychoice.lt\/wp-content\/uploads\/2023\/06\/Melatoninas-Vitaminas-B6-min.jpg\" \/>\n\t<meta property=\"og:image:width\" content=\"1024\" \/>\n\t<meta property=\"og:image:height\" content=\"1024\" \/>\n\t<meta property=\"og:image:type\" content=\"image\/jpeg\" \/>\n<meta name=\"twitter:card\" content=\"summary_large_image\" \/>\n<meta name=\"twitter:label1\" content=\"Tiempo de lectura\" \/>\n\t<meta name=\"twitter:data1\" content=\"2 minutos\" \/>\n<script type=\"application\/ld+json\" class=\"yoast-schema-graph\">{\"@context\":\"https:\\\/\\\/schema.org\",\"@graph\":[{\"@type\":\"WebPage\",\"@id\":\"https:\\\/\\\/www.healthychoice.lt\\\/produktai\\\/melatoninas-tryptofan-b6\\\/\",\"url\":\"https:\\\/\\\/www.healthychoice.lt\\\/produktai\\\/melatoninas-tryptofan-b6\\\/\",\"name\":\"Melatoninas + Tryptofan + B6 120 table\u010di\u0173 | Healthy Choice\",\"isPartOf\":{\"@id\":\"https:\\\/\\\/www.healthychoice.lt\\\/es\\\/#website\"},\"primaryImageOfPage\":{\"@id\":\"https:\\\/\\\/www.healthychoice.lt\\\/produktai\\\/melatoninas-tryptofan-b6\\\/#primaryimage\"},\"image\":{\"@id\":\"https:\\\/\\\/www.healthychoice.lt\\\/produktai\\\/melatoninas-tryptofan-b6\\\/#primaryimage\"},\"thumbnailUrl\":\"https:\\\/\\\/www.healthychoice.lt\\\/wp-content\\\/uploads\\\/2023\\\/06\\\/Melatoninas-Vitaminas-B6-min.jpg\",\"datePublished\":\"2023-06-20T19:22:58+00:00\",\"dateModified\":\"2026-04-13T15:35:41+00:00\",\"breadcrumb\":{\"@id\":\"https:\\\/\\\/www.healthychoice.lt\\\/produktai\\\/melatoninas-tryptofan-b6\\\/#breadcrumb\"},\"inLanguage\":\"es\",\"potentialAction\":[{\"@type\":\"ReadAction\",\"target\":[\"https:\\\/\\\/www.healthychoice.lt\\\/produktai\\\/melatoninas-tryptofan-b6\\\/\"]}]},{\"@type\":\"ImageObject\",\"inLanguage\":\"es\",\"@id\":\"https:\\\/\\\/www.healthychoice.lt\\\/produktai\\\/melatoninas-tryptofan-b6\\\/#primaryimage\",\"url\":\"https:\\\/\\\/www.healthychoice.lt\\\/wp-content\\\/uploads\\\/2023\\\/06\\\/Melatoninas-Vitaminas-B6-min.jpg\",\"contentUrl\":\"https:\\\/\\\/www.healthychoice.lt\\\/wp-content\\\/uploads\\\/2023\\\/06\\\/Melatoninas-Vitaminas-B6-min.jpg\",\"width\":1024,\"height\":1024},{\"@type\":\"BreadcrumbList\",\"@id\":\"https:\\\/\\\/www.healthychoice.lt\\\/produktai\\\/melatoninas-tryptofan-b6\\\/#breadcrumb\",\"itemListElement\":[{\"@type\":\"ListItem\",\"position\":1,\"name\":\"Home\",\"item\":\"https:\\\/\\\/www.healthychoice.lt\\\/\"},{\"@type\":\"ListItem\",\"position\":2,\"name\":\"Produktai\",\"item\":\"https:\\\/\\\/www.healthychoice.lt\\\/es\\\/produktai\\\/\"},{\"@type\":\"ListItem\",\"position\":3,\"name\":\"Melatoninas + Tryptofan + B6 120 table\u010di\u0173\"}]},{\"@type\":\"WebSite\",\"@id\":\"https:\\\/\\\/www.healthychoice.lt\\\/es\\\/#website\",\"url\":\"https:\\\/\\\/www.healthychoice.lt\\\/es\\\/\",\"name\":\"Healthy Choice\",\"description\":\"Mityba, kuria gali pasitik\u0117ti!\",\"alternateName\":\"Healthychoice\",\"potentialAction\":[{\"@type\":\"SearchAction\",\"target\":{\"@type\":\"EntryPoint\",\"urlTemplate\":\"https:\\\/\\\/www.healthychoice.lt\\\/es\\\/?s={search_term_string}\"},\"query-input\":{\"@type\":\"PropertyValueSpecification\",\"valueRequired\":true,\"valueName\":\"search_term_string\"}}],\"inLanguage\":\"es\"}]}<\/script>\n<!-- \/ Yoast SEO plugin. -->","yoast_head_json":{"title":"Melatoninas + Tryptofan + B6 120 table\u010di\u0173 | Healthy Choice","robots":{"index":"index","follow":"follow","max-snippet":"max-snippet:-1","max-image-preview":"max-image-preview:large","max-video-preview":"max-video-preview:-1"},"canonical":"https:\/\/www.healthychoice.lt\/es\/produktai\/melatoninas-tryptofan-b6\/","og_locale":"es_ES","og_type":"article","og_title":"Melatoninas + Tryptofan + B6 120 table\u010di\u0173 | Healthy Choice","og_description":"Maisto papildas  120 table\u010di\u0173 Grynasis svoris: 32,4g","og_url":"https:\/\/www.healthychoice.lt\/es\/produktai\/melatoninas-tryptofan-b6\/","og_site_name":"Healthy Choice","article_publisher":"https:\/\/www.facebook.com\/healthychoice.world\/","article_modified_time":"2026-04-13T15:35:41+00:00","og_image":[{"width":1024,"height":1024,"url":"https:\/\/www.healthychoice.lt\/wp-content\/uploads\/2023\/06\/Melatoninas-Vitaminas-B6-min.jpg","type":"image\/jpeg"}],"twitter_card":"summary_large_image","twitter_misc":{"Tiempo de lectura":"2 minutos"},"schema":{"@context":"https:\/\/schema.org","@graph":[{"@type":"WebPage","@id":"https:\/\/www.healthychoice.lt\/produktai\/melatoninas-tryptofan-b6\/","url":"https:\/\/www.healthychoice.lt\/produktai\/melatoninas-tryptofan-b6\/","name":"Melatoninas + Tryptofan + B6 120 table\u010di\u0173 | Healthy Choice","isPartOf":{"@id":"https:\/\/www.healthychoice.lt\/es\/#website"},"primaryImageOfPage":{"@id":"https:\/\/www.healthychoice.lt\/produktai\/melatoninas-tryptofan-b6\/#primaryimage"},"image":{"@id":"https:\/\/www.healthychoice.lt\/produktai\/melatoninas-tryptofan-b6\/#primaryimage"},"thumbnailUrl":"https:\/\/www.healthychoice.lt\/wp-content\/uploads\/2023\/06\/Melatoninas-Vitaminas-B6-min.jpg","datePublished":"2023-06-20T19:22:58+00:00","dateModified":"2026-04-13T15:35:41+00:00","breadcrumb":{"@id":"https:\/\/www.healthychoice.lt\/produktai\/melatoninas-tryptofan-b6\/#breadcrumb"},"inLanguage":"es","potentialAction":[{"@type":"ReadAction","target":["https:\/\/www.healthychoice.lt\/produktai\/melatoninas-tryptofan-b6\/"]}]},{"@type":"ImageObject","inLanguage":"es","@id":"https:\/\/www.healthychoice.lt\/produktai\/melatoninas-tryptofan-b6\/#primaryimage","url":"https:\/\/www.healthychoice.lt\/wp-content\/uploads\/2023\/06\/Melatoninas-Vitaminas-B6-min.jpg","contentUrl":"https:\/\/www.healthychoice.lt\/wp-content\/uploads\/2023\/06\/Melatoninas-Vitaminas-B6-min.jpg","width":1024,"height":1024},{"@type":"BreadcrumbList","@id":"https:\/\/www.healthychoice.lt\/produktai\/melatoninas-tryptofan-b6\/#breadcrumb","itemListElement":[{"@type":"ListItem","position":1,"name":"Home","item":"https:\/\/www.healthychoice.lt\/"},{"@type":"ListItem","position":2,"name":"Produktai","item":"https:\/\/www.healthychoice.lt\/es\/produktai\/"},{"@type":"ListItem","position":3,"name":"Melatoninas + Tryptofan + B6 120 table\u010di\u0173"}]},{"@type":"WebSite","@id":"https:\/\/www.healthychoice.lt\/es\/#website","url":"https:\/\/www.healthychoice.lt\/es\/","name":"Healthy Choice","description":"Mityba, kuria gali pasitik\u0117ti!","alternateName":"Healthychoice","potentialAction":[{"@type":"SearchAction","target":{"@type":"EntryPoint","urlTemplate":"https:\/\/www.healthychoice.lt\/es\/?s={search_term_string}"},"query-input":{"@type":"PropertyValueSpecification","valueRequired":true,"valueName":"search_term_string"}}],"inLanguage":"es"}]}},"_links":{"self":[{"href":"https:\/\/www.healthychoice.lt\/es\/wp-json\/wp\/v2\/product\/5907","targetHints":{"allow":["GET"]}}],"collection":[{"href":"https:\/\/www.healthychoice.lt\/es\/wp-json\/wp\/v2\/product"}],"about":[{"href":"https:\/\/www.healthychoice.lt\/es\/wp-json\/wp\/v2\/types\/product"}],"wp:featuredmedia":[{"embeddable":true,"href":"https:\/\/www.healthychoice.lt\/es\/wp-json\/wp\/v2\/media\/6064"}],"wp:attachment":[{"href":"https:\/\/www.healthychoice.lt\/es\/wp-json\/wp\/v2\/media?parent=5907"}],"wp:term":[{"taxonomy":"product_brand","embeddable":true,"href":"https:\/\/www.healthychoice.lt\/es\/wp-json\/wp\/v2\/product_brand?post=5907"},{"taxonomy":"product_cat","embeddable":true,"href":"https:\/\/www.healthychoice.lt\/es\/wp-json\/wp\/v2\/product_cat?post=5907"},{"taxonomy":"product_tag","embeddable":true,"href":"https:\/\/www.healthychoice.lt\/es\/wp-json\/wp\/v2\/product_tag?post=5907"}],"curies":[{"name":"wp","href":"https:\/\/api.w.org\/{rel}","templated":true}]}}