{"id":5350,"date":"2023-05-02T10:03:20","date_gmt":"2023-05-02T07:03:20","guid":{"rendered":"https:\/\/www.healthychoice.lt\/?post_type=product&#038;p=5350"},"modified":"2026-05-02T13:04:44","modified_gmt":"2026-05-02T10:04:44","slug":"omega","status":"publish","type":"product","link":"https:\/\/www.healthychoice.lt\/es\/produktai\/omega\/","title":{"rendered":"Omega-3 aceite de pescado Healthy Choice 120 c\u00e1psulas"},"content":{"rendered":"<p align=\"CENTER\"><span style=\"font-family: Open Sans, serif;\"><span style=\"font-size: large;\"><b>Omega-3<\/b><\/span><\/span><\/p>\n<p align=\"CENTER\"><span style=\"font-family: Open Sans, serif;\"><span style=\"font-size: large;\"><b>\u017duv\u0173 taukai 1000 mg<\/b><\/span><\/span><\/p>\n<p align=\"CENTER\"><span style=\"font-family: Open Sans, serif;\"><span style=\"font-size: large;\"><b>500 mg EPR &amp; 250 mg DHR TG <\/b><\/span><\/span><\/p>\n<p align=\"CENTER\"><span style=\"font-family: Open Sans, serif;\"><b>(Maisto papildas)<\/b><\/span><\/p>\n<p align=\"JUSTIFY\"><a name=\"Bookmark\"><\/a><a name=\"_Hlk128551328\"><\/a> <span style=\"font-family: Times New Roman, serif;\"><span style=\"font-size: medium;\">Grynasis kiekis: <\/span><\/span><span style=\"font-family: Times New Roman, serif;\"><span style=\"font-size: medium;\"><span lang=\"en-US\">160.8<\/span><\/span><\/span><span style=\"font-family: Times New Roman, serif;\"><span style=\"font-size: medium;\"> g \/ 120 mink\u0161t\u0173j\u0173 kapsuli\u0173<\/span><\/span><\/p>\n<p align=\"JUSTIFY\"><a name=\"Bookmark1\"><\/a> \u201e<span style=\"font-family: Times New Roman, serif;\"><span style=\"font-size: medium;\">Healthy Choice\u201c omega-3 \u017euv\u0173 taukai 1000mg 500 mg EPR &amp; 250 mg DHR TG. <\/span><\/span><span style=\"font-family: Times New Roman, serif;\"><span style=\"font-size: medium;\">Pakuot\u0117s u\u017etenka\u00a03 m\u0117nesi\u0173 vartojimo kursui.<\/span><\/span><\/p>\n<div>Omega-3 yra polineso\u010diosios riebal\u0173 r\u016bg\u0161tys, kitaip dar vadinamos geraisiais riebalais. Tai nepakei\u010diamoji riebal\u0173 r\u016bg\u0161tis, kurios organizmas pats negali pasigaminti. Ji b\u016btina m\u016bs\u0173 organizmui, gaminat \u012fvairius biologi\u0161kai aktyvius junginius. Omega-3 galima gauti su maistu, paprastai ji aptinkama \u017euvies taukuose, ta\u010diau gali b\u016bti sud\u0117tinga pasisavinti pakankam\u0105 jos kiek\u012f i\u0161 to, k\u0105 valgote. Polineso\u010diosios riebiosios r\u016bg\u0161tys, tokios kaip, eikozapentaeno r\u016bg\u0161tis (EPR) ir dokozaheksaeno r\u016bg\u0161tis (DHR) yra i\u0161gaunamos i\u0161 toki\u0173 \u017euv\u0173 kaip skumbr\u0117, la\u0161i\u0161a, tunas ir kt. \u0160ios riebiosios r\u016bg\u0161tys padeda palaikyti normali\u0105 \u0161irdies veikl\u0105. Teigiamas poveikis pasirei\u0161kia per par\u0105 suvartojant 250 mg EPR ir DHR.<\/div>\n<div><\/div>\n<div>Omega-3 \u017euv\u0173 tauk\u0173 1000 mg mink\u0161tosiose kapsul\u0117se yra omega-3, kuriuose gausu neso\u010di\u0173j\u0173 riebi\u0173j\u0173 r\u016bg\u0161\u010di\u0173 EPR (eikozapentaeno r\u016bg\u0161ties) ir DHR (dokozaheksaeno r\u016bg\u0161ties).<\/div>\n<div><\/div>\n<div>DHR &#8211; dokozaheksaeno r\u016bg\u0161tis<\/div>\n<div><\/div>\n<div>Yra ilgosios omega-3 grandin\u0117s riebal\u0173 r\u016bg\u0161tis, svarbi smegen\u0173, aki\u0173 ir bendro vystymosi veiklai, padeda palaikyti normali\u0105 \u0161irdies veikl\u0105. Negaunant pakankamai \u0161ios r\u016bg\u0161ties, gali suprast\u0117ti rega.<\/div>\n<div><\/div>\n<div>EPR &#8211; eikozapentaeno r\u016bg\u0161tis<\/div>\n<div><\/div>\n<div>Yra ilgosios omega-3 grandin\u0117s riebal\u0173 r\u016bg\u0161tis, svarbi bendrai sveikatai, padeda palaikyti normali\u0105 \u0161irdies veikl\u0105.<\/div>\n<div><\/div>\n<table border=\"1\" width=\"623\" cellspacing=\"0\" cellpadding=\"7\">\n<tbody>\n<tr>\n<td colspan=\"3\" width=\"607\">\n<p lang=\"en-US\"><a name=\"Bookmark2\"><\/a><span style=\"font-family: Times New Roman, serif;\"><span style=\"font-size: medium;\">Sud\u0117tis (1 kapsul\u0117)<\/span><\/span><\/p>\n<\/td>\n<\/tr>\n<tr>\n<td colspan=\"2\" width=\"429\">\n<p lang=\"en-US\"><a name=\"_Hlk128551359\"><\/a><span style=\"font-family: Times New Roman, serif;\"><span style=\"font-size: medium;\">\u017duvies taukai <\/span><\/span><\/p>\n<\/td>\n<td valign=\"TOP\" width=\"164\">\n<p lang=\"en-US\"><span style=\"font-family: Times New Roman, serif;\"><span style=\"font-size: medium;\">1000 mg<\/span><\/span><\/p>\n<\/td>\n<\/tr>\n<tr>\n<td width=\"183\"><\/td>\n<td width=\"232\">\n<p lang=\"en-US\"><span style=\"font-family: Times New Roman, serif;\"><span style=\"font-size: medium;\">EPR (eikozapentaeno r\u016bg\u0161tis)<\/span><\/span><\/p>\n<\/td>\n<td width=\"164\">\n<p lang=\"en-US\"><span style=\"font-family: Times New Roman, serif;\"><span style=\"font-size: medium;\">500 mg<\/span><\/span><\/p>\n<\/td>\n<\/tr>\n<tr>\n<td width=\"183\"><\/td>\n<td width=\"232\">\n<p lang=\"en-US\"><span style=\"font-family: Times New Roman, serif;\"><span style=\"font-size: medium;\">DHR (dokozaheksaeno r\u016bg\u0161tis)<\/span><\/span><\/p>\n<\/td>\n<td width=\"164\">\n<p lang=\"en-US\"><span style=\"font-family: Times New Roman, serif;\"><span style=\"font-size: medium;\">250 mg<\/span><\/span><\/p>\n<\/td>\n<\/tr>\n<tr>\n<td colspan=\"3\" width=\"607\">\n<p lang=\"en-US\"><span style=\"font-family: Times New Roman, serif;\"><span style=\"font-size: medium;\">Omega-3 kiekis ne ma\u017eesnis kaip 75% (50% EPR ir 25% DHR)<\/span><\/span><\/p>\n<\/td>\n<\/tr>\n<tr>\n<td colspan=\"3\" width=\"607\">\n<p lang=\"en-US\"><span style=\"font-family: Times New Roman, serif;\"><span style=\"font-size: medium;\">Kapsul\u0117s apvalkalas<\/span><\/span><\/p>\n<\/td>\n<\/tr>\n<tr>\n<td colspan=\"2\" width=\"429\">\n<p lang=\"en-US\"><span style=\"font-family: Times New Roman, serif;\"><span style=\"font-size: medium;\">\u017delatina<\/span><\/span><\/p>\n<\/td>\n<td width=\"164\">\n<p lang=\"en-US\"><span style=\"font-family: Times New Roman, serif;\"><span style=\"font-size: medium;\">210 mg<\/span><\/span><\/p>\n<\/td>\n<\/tr>\n<tr>\n<td colspan=\"2\" width=\"429\">\n<p lang=\"en-US\"><a name=\"_Hlk128160919\"><\/a><span style=\"font-family: Times New Roman, serif;\"><span style=\"font-size: medium;\">Glicerinas<\/span><\/span><\/p>\n<\/td>\n<td width=\"164\">\n<p lang=\"en-US\"><span style=\"font-family: Times New Roman, serif;\"><span style=\"font-size: medium;\">135 mg<\/span><\/span><\/p>\n<\/td>\n<\/tr>\n<tr>\n<td colspan=\"2\" width=\"429\" height=\"3\">\n<p lang=\"en-US\"><span style=\"font-family: Times New Roman, serif;\"><span style=\"font-size: medium;\">Vanduo<\/span><\/span><\/p>\n<\/td>\n<td width=\"164\">\n<p lang=\"en-US\"><span style=\"font-family: Times New Roman, serif;\"><span style=\"font-size: medium;\">25 mg<\/span><\/span><\/p>\n<\/td>\n<\/tr>\n<\/tbody>\n<\/table>\n<p align=\"JUSTIFY\"><span style=\"font-family: Open Sans, serif;\"><span style=\"font-size: large;\"><b>INGREDIENTES:<\/b><\/span><\/span><\/p>\n<p><a name=\"Bookmark3\"><\/a> <span style=\"font-family: Times New Roman, serif;\"><span style=\"font-size: medium;\">\u017duvies taukai, \u017eelatina (kapsul\u0117s apvalkalas), glicerinas (kapsul\u0117s apvalkalas), vanduo (kapsul\u0117s apvalkalas).<\/span><\/span><\/p>\n<p><span style=\"font-family: Open Sans, serif;\"><span style=\"font-size: large;\"><b>USO:<\/b><\/span><\/span><\/p>\n<p><span style=\"font-family: Times New Roman, serif;\"><span style=\"font-size: medium;\">Suaugusiems po 1 mink\u0161t\u0105j\u0105 kapsul\u0119 per dien\u0105. Vartoti su maistu. Jei esate n\u0117\u0161\u010dia\/maitinate kr\u016btimi, vartojate vaistus arba turite sveikatos problem\u0173, prie\u0161 vartodami pasikonsultuokite su gydytoju.<\/span><\/span><\/p>\n<p><span style=\"font-family: Open Sans, serif;\"><span style=\"font-size: large;\"><b>\u012eSP\u0116JIMAI:<\/b><\/span><\/span><\/p>\n<p><span style=\"font-family: Times New Roman, serif;\"><span style=\"font-size: medium;\">Nevir\u0161yti nustatytos rekomenduojamos paros doz\u0117s. Laikyti kambario temperat\u016broje, sausoje, vaikams nepasiekiamoje vietoje, toliau nuo tiesiogini\u0173 saul\u0117s spinduli\u0173. Maisto papildas n\u0117ra maisto pakaitalas, tod\u0117l svarbu \u012fvairiapus\u0117 ir subalansuota mityba. Produkto sud\u0117tyje n\u0117ra laktoz\u0117s, kiau\u0161ini\u0173, glitimo ar kit\u0173 potenciali\u0173 alergen\u0173. Produkto sud\u0117tyje yra \u017euv\u0173 produkt\u0173, tod\u0117l jis netinka vegetarams ir veganams.<\/span><\/span><\/p>\n<p align=\"JUSTIFY\"><a name=\"Bookmark4\"><\/a> <span style=\"font-family: Times New Roman, serif;\"><span style=\"font-size: medium;\">Declaraciones de propiedades saludables aprobadas por el Reglamento (UE) n\u00ba 274\/2014 de la Comisi\u00f3n Europea<\/span><\/span><\/p>","protected":false},"excerpt":{"rendered":"<p>Los omega-3 son \u00e1cidos grasos poliinsaturados, tambi\u00e9n conocidos como grasas buenas. Se trata de un \u00e1cido graso esencial que el organismo no puede producir por s\u00ed mismo. Es esencial para que nuestro organismo produzca diversos compuestos biol\u00f3gicamente activos.<\/p>","protected":false},"featured_media":6063,"template":"","meta":[],"product_brand":[],"product_cat":[52,103],"product_tag":[53,60,24,48],"class_list":{"0":"post-5350","1":"product","2":"type-product","3":"status-publish","4":"has-post-thumbnail","6":"product_cat-akcijos","7":"product_cat-maisto-papildai","8":"product_tag-exportui","9":"product_tag-groziui-ir-sveikatai","10":"product_tag-paprasti-produktai","11":"product_tag-vitaminai","13":"first","14":"instock","15":"sale","16":"taxable","17":"shipping-taxable","18":"purchasable","19":"product-type-simple"},"yoast_head":"<!-- This site is optimized with the Yoast SEO plugin v27.5 - https:\/\/yoast.com\/product\/yoast-seo-wordpress\/ -->\n<title>Omega-3 \u017euv\u0173 taukai &quot;Healthy Choice&quot; 120 kapsuli\u0173| Healthy Choice<\/title>\n<meta name=\"robots\" content=\"index, follow, max-snippet:-1, max-image-preview:large, max-video-preview:-1\" \/>\n<link rel=\"canonical\" href=\"https:\/\/www.healthychoice.lt\/es\/produktai\/omega\/\" \/>\n<meta property=\"og:locale\" content=\"es_ES\" \/>\n<meta property=\"og:type\" content=\"article\" \/>\n<meta property=\"og:title\" content=\"Omega-3 \u017euv\u0173 taukai &quot;Healthy Choice&quot; 120 kapsuli\u0173| Healthy Choice\" \/>\n<meta property=\"og:description\" content=\"Omega-3 yra polineso\u010diosios riebal\u0173 r\u016bg\u0161tys, kitaip dar vadinamos geraisiais riebalais. Tai nepakei\u010diamoji riebal\u0173 r\u016bg\u0161tis, kurios organizmas pats negali pasigaminti. Ji b\u016btina m\u016bs\u0173 organizmui, gaminat \u012fvairius biologi\u0161kai aktyvius junginius.\" \/>\n<meta property=\"og:url\" content=\"https:\/\/www.healthychoice.lt\/es\/produktai\/omega\/\" \/>\n<meta property=\"og:site_name\" content=\"Healthy Choice\" \/>\n<meta property=\"article:publisher\" content=\"https:\/\/www.facebook.com\/healthychoice.world\/\" \/>\n<meta property=\"article:modified_time\" content=\"2026-05-02T10:04:44+00:00\" \/>\n<meta property=\"og:image\" content=\"https:\/\/www.healthychoice.lt\/wp-content\/uploads\/2023\/06\/Omega-3-zuvu-taukai-min.jpg\" \/>\n\t<meta property=\"og:image:width\" content=\"1024\" \/>\n\t<meta property=\"og:image:height\" content=\"1024\" \/>\n\t<meta property=\"og:image:type\" content=\"image\/jpeg\" \/>\n<meta name=\"twitter:card\" content=\"summary_large_image\" \/>\n<meta name=\"twitter:label1\" content=\"Tiempo de lectura\" \/>\n\t<meta name=\"twitter:data1\" content=\"2 minutos\" \/>\n<script type=\"application\/ld+json\" class=\"yoast-schema-graph\">{\"@context\":\"https:\\\/\\\/schema.org\",\"@graph\":[{\"@type\":\"WebPage\",\"@id\":\"https:\\\/\\\/www.healthychoice.lt\\\/produktai\\\/omega\\\/\",\"url\":\"https:\\\/\\\/www.healthychoice.lt\\\/produktai\\\/omega\\\/\",\"name\":\"Omega-3 \u017euv\u0173 taukai \\\"Healthy Choice\\\" 120 kapsuli\u0173| Healthy Choice\",\"isPartOf\":{\"@id\":\"https:\\\/\\\/www.healthychoice.lt\\\/es\\\/#website\"},\"primaryImageOfPage\":{\"@id\":\"https:\\\/\\\/www.healthychoice.lt\\\/produktai\\\/omega\\\/#primaryimage\"},\"image\":{\"@id\":\"https:\\\/\\\/www.healthychoice.lt\\\/produktai\\\/omega\\\/#primaryimage\"},\"thumbnailUrl\":\"https:\\\/\\\/www.healthychoice.lt\\\/wp-content\\\/uploads\\\/2023\\\/06\\\/Omega-3-zuvu-taukai-min.jpg\",\"datePublished\":\"2023-05-02T07:03:20+00:00\",\"dateModified\":\"2026-05-02T10:04:44+00:00\",\"breadcrumb\":{\"@id\":\"https:\\\/\\\/www.healthychoice.lt\\\/produktai\\\/omega\\\/#breadcrumb\"},\"inLanguage\":\"es\",\"potentialAction\":[{\"@type\":\"ReadAction\",\"target\":[\"https:\\\/\\\/www.healthychoice.lt\\\/produktai\\\/omega\\\/\"]}]},{\"@type\":\"ImageObject\",\"inLanguage\":\"es\",\"@id\":\"https:\\\/\\\/www.healthychoice.lt\\\/produktai\\\/omega\\\/#primaryimage\",\"url\":\"https:\\\/\\\/www.healthychoice.lt\\\/wp-content\\\/uploads\\\/2023\\\/06\\\/Omega-3-zuvu-taukai-min.jpg\",\"contentUrl\":\"https:\\\/\\\/www.healthychoice.lt\\\/wp-content\\\/uploads\\\/2023\\\/06\\\/Omega-3-zuvu-taukai-min.jpg\",\"width\":1024,\"height\":1024},{\"@type\":\"BreadcrumbList\",\"@id\":\"https:\\\/\\\/www.healthychoice.lt\\\/produktai\\\/omega\\\/#breadcrumb\",\"itemListElement\":[{\"@type\":\"ListItem\",\"position\":1,\"name\":\"Home\",\"item\":\"https:\\\/\\\/www.healthychoice.lt\\\/\"},{\"@type\":\"ListItem\",\"position\":2,\"name\":\"Produktai\",\"item\":\"https:\\\/\\\/www.healthychoice.lt\\\/es\\\/produktai\\\/\"},{\"@type\":\"ListItem\",\"position\":3,\"name\":\"Omega-3 \u017euv\u0173 taukai &#8222;Healthy Choice&#8221; 120 kapsuli\u0173\"}]},{\"@type\":\"WebSite\",\"@id\":\"https:\\\/\\\/www.healthychoice.lt\\\/es\\\/#website\",\"url\":\"https:\\\/\\\/www.healthychoice.lt\\\/es\\\/\",\"name\":\"Healthy Choice\",\"description\":\"Mityba, kuria gali pasitik\u0117ti!\",\"alternateName\":\"Healthychoice\",\"potentialAction\":[{\"@type\":\"SearchAction\",\"target\":{\"@type\":\"EntryPoint\",\"urlTemplate\":\"https:\\\/\\\/www.healthychoice.lt\\\/es\\\/?s={search_term_string}\"},\"query-input\":{\"@type\":\"PropertyValueSpecification\",\"valueRequired\":true,\"valueName\":\"search_term_string\"}}],\"inLanguage\":\"es\"}]}<\/script>\n<!-- \/ Yoast SEO plugin. -->","yoast_head_json":{"title":"Omega-3 \u017euv\u0173 taukai \"Healthy Choice\" 120 kapsuli\u0173| Healthy Choice","robots":{"index":"index","follow":"follow","max-snippet":"max-snippet:-1","max-image-preview":"max-image-preview:large","max-video-preview":"max-video-preview:-1"},"canonical":"https:\/\/www.healthychoice.lt\/es\/produktai\/omega\/","og_locale":"es_ES","og_type":"article","og_title":"Omega-3 \u017euv\u0173 taukai \"Healthy Choice\" 120 kapsuli\u0173| Healthy Choice","og_description":"Omega-3 yra polineso\u010diosios riebal\u0173 r\u016bg\u0161tys, kitaip dar vadinamos geraisiais riebalais. Tai nepakei\u010diamoji riebal\u0173 r\u016bg\u0161tis, kurios organizmas pats negali pasigaminti. Ji b\u016btina m\u016bs\u0173 organizmui, gaminat \u012fvairius biologi\u0161kai aktyvius junginius.","og_url":"https:\/\/www.healthychoice.lt\/es\/produktai\/omega\/","og_site_name":"Healthy Choice","article_publisher":"https:\/\/www.facebook.com\/healthychoice.world\/","article_modified_time":"2026-05-02T10:04:44+00:00","og_image":[{"width":1024,"height":1024,"url":"https:\/\/www.healthychoice.lt\/wp-content\/uploads\/2023\/06\/Omega-3-zuvu-taukai-min.jpg","type":"image\/jpeg"}],"twitter_card":"summary_large_image","twitter_misc":{"Tiempo de lectura":"2 minutos"},"schema":{"@context":"https:\/\/schema.org","@graph":[{"@type":"WebPage","@id":"https:\/\/www.healthychoice.lt\/produktai\/omega\/","url":"https:\/\/www.healthychoice.lt\/produktai\/omega\/","name":"Omega-3 \u017euv\u0173 taukai \"Healthy Choice\" 120 kapsuli\u0173| Healthy Choice","isPartOf":{"@id":"https:\/\/www.healthychoice.lt\/es\/#website"},"primaryImageOfPage":{"@id":"https:\/\/www.healthychoice.lt\/produktai\/omega\/#primaryimage"},"image":{"@id":"https:\/\/www.healthychoice.lt\/produktai\/omega\/#primaryimage"},"thumbnailUrl":"https:\/\/www.healthychoice.lt\/wp-content\/uploads\/2023\/06\/Omega-3-zuvu-taukai-min.jpg","datePublished":"2023-05-02T07:03:20+00:00","dateModified":"2026-05-02T10:04:44+00:00","breadcrumb":{"@id":"https:\/\/www.healthychoice.lt\/produktai\/omega\/#breadcrumb"},"inLanguage":"es","potentialAction":[{"@type":"ReadAction","target":["https:\/\/www.healthychoice.lt\/produktai\/omega\/"]}]},{"@type":"ImageObject","inLanguage":"es","@id":"https:\/\/www.healthychoice.lt\/produktai\/omega\/#primaryimage","url":"https:\/\/www.healthychoice.lt\/wp-content\/uploads\/2023\/06\/Omega-3-zuvu-taukai-min.jpg","contentUrl":"https:\/\/www.healthychoice.lt\/wp-content\/uploads\/2023\/06\/Omega-3-zuvu-taukai-min.jpg","width":1024,"height":1024},{"@type":"BreadcrumbList","@id":"https:\/\/www.healthychoice.lt\/produktai\/omega\/#breadcrumb","itemListElement":[{"@type":"ListItem","position":1,"name":"Home","item":"https:\/\/www.healthychoice.lt\/"},{"@type":"ListItem","position":2,"name":"Produktai","item":"https:\/\/www.healthychoice.lt\/es\/produktai\/"},{"@type":"ListItem","position":3,"name":"Omega-3 \u017euv\u0173 taukai &#8222;Healthy Choice&#8221; 120 kapsuli\u0173"}]},{"@type":"WebSite","@id":"https:\/\/www.healthychoice.lt\/es\/#website","url":"https:\/\/www.healthychoice.lt\/es\/","name":"Healthy Choice","description":"Mityba, kuria gali pasitik\u0117ti!","alternateName":"Healthychoice","potentialAction":[{"@type":"SearchAction","target":{"@type":"EntryPoint","urlTemplate":"https:\/\/www.healthychoice.lt\/es\/?s={search_term_string}"},"query-input":{"@type":"PropertyValueSpecification","valueRequired":true,"valueName":"search_term_string"}}],"inLanguage":"es"}]}},"_links":{"self":[{"href":"https:\/\/www.healthychoice.lt\/es\/wp-json\/wp\/v2\/product\/5350","targetHints":{"allow":["GET"]}}],"collection":[{"href":"https:\/\/www.healthychoice.lt\/es\/wp-json\/wp\/v2\/product"}],"about":[{"href":"https:\/\/www.healthychoice.lt\/es\/wp-json\/wp\/v2\/types\/product"}],"wp:featuredmedia":[{"embeddable":true,"href":"https:\/\/www.healthychoice.lt\/es\/wp-json\/wp\/v2\/media\/6063"}],"wp:attachment":[{"href":"https:\/\/www.healthychoice.lt\/es\/wp-json\/wp\/v2\/media?parent=5350"}],"wp:term":[{"taxonomy":"product_brand","embeddable":true,"href":"https:\/\/www.healthychoice.lt\/es\/wp-json\/wp\/v2\/product_brand?post=5350"},{"taxonomy":"product_cat","embeddable":true,"href":"https:\/\/www.healthychoice.lt\/es\/wp-json\/wp\/v2\/product_cat?post=5350"},{"taxonomy":"product_tag","embeddable":true,"href":"https:\/\/www.healthychoice.lt\/es\/wp-json\/wp\/v2\/product_tag?post=5350"}],"curies":[{"name":"wp","href":"https:\/\/api.w.org\/{rel}","templated":true}]}}