{"id":4504,"date":"2021-12-30T13:56:39","date_gmt":"2021-12-30T11:56:39","guid":{"rendered":"https:\/\/www.healthychoice.lt\/?post_type=product&#038;p=4504"},"modified":"2026-04-16T15:59:55","modified_gmt":"2026-04-16T12:59:55","slug":"rinkinys-l-karnitinas-apelsinu-skonio-healthy-choice-1000ml-3vnt","status":"publish","type":"product","link":"https:\/\/www.healthychoice.lt\/es\/produktai\/rinkinys-l-karnitinas-apelsinu-skonio-healthy-choice-1000ml-3vnt\/","title":{"rendered":"Kit: L-Carnitina Naranja HEALTHY CHOICE, 1000ml (3pcs.)"},"content":{"rendered":"<p><strong>L-CARNITINA SABOR NARANJA <\/strong><\/p>\n<p>Contenido neto 1000 ml<\/p>\n<p>La L-carnitina es un compuesto vitam\u00ednico-amino\u00e1cido comparable a las vitaminas del grupo B. Funciona como transportador de \u00e1cidos grasos a la mitocondria. La L-carnitina act\u00faa como asistente para ayudar a quemar grasa m\u00e1s r\u00e1pidamente y perder peso de forma natural. Estudios recientes tambi\u00e9n han demostrado que la L-carnitina ayuda a reducir la fatiga, aumentar la masa corporal y muscular, estabilizar los niveles de az\u00facar en sangre y, al mismo tiempo, reducir la necesidad de hidratos de carbono. La carnitina ayuda a movilizar las reservas de grasa, especialmente en las personas con sobrepeso.<\/p>\n<p>La L-Carnitina tiene un delicioso sabor a naranja, no contiene colorantes sint\u00e9ticos ni potenciadores del sabor, y est\u00e1 elaborada con todos los ingredientes esenciales que tienen un efecto positivo en el cuerpo humano. Y lo que es m\u00e1s importante, esta L-carnitina se presenta en forma l\u00edquida, por lo que el organismo la absorber\u00e1 mucho m\u00e1s r\u00e1pida y f\u00e1cilmente. Este suplemento es extremadamente rico en carnitina, con 1667mg por porci\u00f3n (25ml) y 6668mg por 100ml.<\/p>\n<p><strong>BENEFICIOS DE LA L-CARNITINA CON SABOR A NARANJA:<\/strong><\/p>\n<ul>\n<li>Niveles extra altos de carnitina por porci\u00f3n;<\/li>\n<li>Se absorbe r\u00e1pida y f\u00e1cilmente;<\/li>\n<li>Sin colorantes sint\u00e9ticos;<\/li>\n<li>Sin lactosa y sin gluten;<\/li>\n<li>Tiene un sabor a naranja especialmente bueno;<\/li>\n<li>Bajo en calor\u00edas, grasas, az\u00facares y carbohidratos;<\/li>\n<li>Ayudan a reducir el peso corporal.<\/li>\n<li>Ayuda a su cuerpo a recuperarse m\u00e1s r\u00e1pidamente despu\u00e9s de un ejercicio intenso.<\/li>\n<\/ul>\n<p>&nbsp;<\/p>\n<p><strong>USO:<\/strong><\/p>\n<p>Tome 25 ml de L-carnitina pura o diluida en agua antes o durante su entrenamiento. Agitar bien antes de usar. Una dieta variada y equilibrada y un estilo de vida saludable son importantes.<\/p>\n<p>Mantener fuera del alcance de los ni\u00f1os.<\/p>\n<p>Mantener alejado de la luz solar directa.<\/p>\n<p>Una vez abierto, refrigerar y consumir en el plazo de un mes.<\/p>\n<p>&nbsp;<\/p>\n<p><strong>VALOR NUTRITIVO Y ENERG\u00c9TICO DEL PRODUCTO<\/strong><\/p>\n<p>Dosis: 25 ml. .<\/p>\n<table>\n<tbody>\n<tr>\n<td width=\"252\"><\/td>\n<td width=\"118\"><strong>Porci\u00f3n<\/strong><\/td>\n<td width=\"227\"><strong>\u00a0<\/strong><strong>100 ml de L-carnitina<\/strong><\/td>\n<\/tr>\n<tr>\n<td width=\"252\">Calor\u00edas<\/td>\n<td width=\"118\">12kJ(3kcal)<\/td>\n<td width=\"227\">49kJ(11kcal)<\/td>\n<\/tr>\n<tr>\n<td width=\"252\"><strong>Grasa<\/strong><\/td>\n<td width=\"118\">&lt;0,5 g<\/td>\n<td width=\"227\">&lt;0,5 g<\/td>\n<\/tr>\n<tr>\n<td width=\"252\">- De las cuales, grasas saturadas<\/td>\n<td width=\"118\">&lt;0,1 g<\/td>\n<td width=\"227\">&lt;0,1 g<\/td>\n<\/tr>\n<tr>\n<td width=\"252\"><strong>Carbohidratos totales<\/strong><\/td>\n<td width=\"118\">&lt;0,5 g<\/td>\n<td width=\"227\">&lt;0,5 g<\/td>\n<\/tr>\n<tr>\n<td width=\"252\">- De los cuales az\u00facar<\/td>\n<td width=\"118\">&lt;0,5 g<\/td>\n<td width=\"227\">&lt;0,5 g<\/td>\n<\/tr>\n<tr>\n<td width=\"252\"><strong>Prote\u00edna<\/strong><\/td>\n<td width=\"118\">&lt;0,5 g<\/td>\n<td width=\"227\">&lt;0,5 g<\/td>\n<\/tr>\n<tr>\n<td width=\"252\"><strong>Sal<\/strong><\/td>\n<td width=\"118\">&lt;0,01 g<\/td>\n<td width=\"227\">0,01 g<\/td>\n<\/tr>\n<\/tbody>\n<\/table>\n<p>&nbsp;<\/p>\n<p><strong>INGREDIENTES:<\/strong><\/p>\n<p>Agua, L-carnitina, \u00e1cidos (\u00e1cido c\u00edtrico, \u00e1cido l\u00e1ctico), conservador (sorbato pot\u00e1sico), edulcorantes (ciclamato s\u00f3dico, acesulfamo K, sucralosa, sacarina s\u00f3dica), aroma natural.<\/p>\n<p>&nbsp;<\/p>","protected":false},"excerpt":{"rendered":"<p>Kit: L-Carnitina Naranja HEALTHY CHOICE, 1000ml (3pcs.)<\/p>","protected":false},"featured_media":8989,"template":"","meta":[],"product_brand":[],"product_cat":[52,99,28],"product_tag":[64,60,62,24,25],"class_list":{"0":"post-4504","1":"product","2":"type-product","3":"status-publish","4":"has-post-thumbnail","6":"product_cat-akcijos","7":"product_cat-l-karnitinas","8":"product_cat-rinkiniai","9":"product_tag-kanapiu-baltymai-250g-dovanu","10":"product_tag-groziui-ir-sveikatai","11":"product_tag-l-karnitinas","12":"product_tag-paprasti-produktai","13":"product_tag-rinkiniai","15":"first","16":"instock","17":"sale","18":"taxable","19":"shipping-taxable","20":"purchasable","21":"product-type-simple"},"yoast_head":"<!-- This site is optimized with the Yoast SEO plugin v27.5 - https:\/\/yoast.com\/product\/yoast-seo-wordpress\/ -->\n<title>Rinkinys: L-Karnitinas apelsin\u0173 skonio HEALTHY CHOICE, 1000ml (3vnt.)| Healthy Choice<\/title>\n<meta name=\"robots\" content=\"index, follow, max-snippet:-1, max-image-preview:large, max-video-preview:-1\" \/>\n<link rel=\"canonical\" href=\"https:\/\/www.healthychoice.lt\/es\/produktai\/rinkinys-l-karnitinas-apelsinu-skonio-healthy-choice-1000ml-3vnt\/\" \/>\n<meta property=\"og:locale\" content=\"es_ES\" \/>\n<meta property=\"og:type\" content=\"article\" \/>\n<meta property=\"og:title\" content=\"Rinkinys: L-Karnitinas apelsin\u0173 skonio HEALTHY CHOICE, 1000ml (3vnt.)| Healthy Choice\" \/>\n<meta property=\"og:description\" content=\"Rinkinys: L-Karnitinas apelsin\u0173 skonio HEALTHY CHOICE, 1000ml (3vnt.)\" \/>\n<meta property=\"og:url\" content=\"https:\/\/www.healthychoice.lt\/es\/produktai\/rinkinys-l-karnitinas-apelsinu-skonio-healthy-choice-1000ml-3vnt\/\" \/>\n<meta property=\"og:site_name\" content=\"Healthy Choice\" \/>\n<meta property=\"article:publisher\" content=\"https:\/\/www.facebook.com\/healthychoice.world\/\" \/>\n<meta property=\"article:modified_time\" content=\"2026-04-16T12:59:55+00:00\" \/>\n<meta property=\"og:image\" content=\"https:\/\/www.healthychoice.lt\/wp-content\/uploads\/2021\/12\/l-karnitinas-good.jpg\" \/>\n\t<meta property=\"og:image:width\" content=\"1024\" \/>\n\t<meta property=\"og:image:height\" content=\"1024\" \/>\n\t<meta property=\"og:image:type\" content=\"image\/jpeg\" \/>\n<meta name=\"twitter:card\" content=\"summary_large_image\" \/>\n<meta name=\"twitter:label1\" content=\"Tiempo de lectura\" \/>\n\t<meta name=\"twitter:data1\" content=\"2 minutos\" \/>\n<script type=\"application\/ld+json\" class=\"yoast-schema-graph\">{\"@context\":\"https:\\\/\\\/schema.org\",\"@graph\":[{\"@type\":\"WebPage\",\"@id\":\"https:\\\/\\\/www.healthychoice.lt\\\/produktai\\\/rinkinys-l-karnitinas-apelsinu-skonio-healthy-choice-1000ml-3vnt\\\/\",\"url\":\"https:\\\/\\\/www.healthychoice.lt\\\/produktai\\\/rinkinys-l-karnitinas-apelsinu-skonio-healthy-choice-1000ml-3vnt\\\/\",\"name\":\"Rinkinys: L-Karnitinas apelsin\u0173 skonio HEALTHY CHOICE, 1000ml (3vnt.)| Healthy Choice\",\"isPartOf\":{\"@id\":\"https:\\\/\\\/www.healthychoice.lt\\\/es\\\/#website\"},\"primaryImageOfPage\":{\"@id\":\"https:\\\/\\\/www.healthychoice.lt\\\/produktai\\\/rinkinys-l-karnitinas-apelsinu-skonio-healthy-choice-1000ml-3vnt\\\/#primaryimage\"},\"image\":{\"@id\":\"https:\\\/\\\/www.healthychoice.lt\\\/produktai\\\/rinkinys-l-karnitinas-apelsinu-skonio-healthy-choice-1000ml-3vnt\\\/#primaryimage\"},\"thumbnailUrl\":\"https:\\\/\\\/www.healthychoice.lt\\\/wp-content\\\/uploads\\\/2021\\\/12\\\/l-karnitinas-good.jpg\",\"datePublished\":\"2021-12-30T11:56:39+00:00\",\"dateModified\":\"2026-04-16T12:59:55+00:00\",\"breadcrumb\":{\"@id\":\"https:\\\/\\\/www.healthychoice.lt\\\/produktai\\\/rinkinys-l-karnitinas-apelsinu-skonio-healthy-choice-1000ml-3vnt\\\/#breadcrumb\"},\"inLanguage\":\"es\",\"potentialAction\":[{\"@type\":\"ReadAction\",\"target\":[\"https:\\\/\\\/www.healthychoice.lt\\\/produktai\\\/rinkinys-l-karnitinas-apelsinu-skonio-healthy-choice-1000ml-3vnt\\\/\"]}]},{\"@type\":\"ImageObject\",\"inLanguage\":\"es\",\"@id\":\"https:\\\/\\\/www.healthychoice.lt\\\/produktai\\\/rinkinys-l-karnitinas-apelsinu-skonio-healthy-choice-1000ml-3vnt\\\/#primaryimage\",\"url\":\"https:\\\/\\\/www.healthychoice.lt\\\/wp-content\\\/uploads\\\/2021\\\/12\\\/l-karnitinas-good.jpg\",\"contentUrl\":\"https:\\\/\\\/www.healthychoice.lt\\\/wp-content\\\/uploads\\\/2021\\\/12\\\/l-karnitinas-good.jpg\",\"width\":1024,\"height\":1024},{\"@type\":\"BreadcrumbList\",\"@id\":\"https:\\\/\\\/www.healthychoice.lt\\\/produktai\\\/rinkinys-l-karnitinas-apelsinu-skonio-healthy-choice-1000ml-3vnt\\\/#breadcrumb\",\"itemListElement\":[{\"@type\":\"ListItem\",\"position\":1,\"name\":\"Home\",\"item\":\"https:\\\/\\\/www.healthychoice.lt\\\/\"},{\"@type\":\"ListItem\",\"position\":2,\"name\":\"Produktai\",\"item\":\"https:\\\/\\\/www.healthychoice.lt\\\/es\\\/produktai\\\/\"},{\"@type\":\"ListItem\",\"position\":3,\"name\":\"Rinkinys: L-Karnitinas apelsin\u0173 skonio HEALTHY CHOICE, 1000ml (3vnt.)\"}]},{\"@type\":\"WebSite\",\"@id\":\"https:\\\/\\\/www.healthychoice.lt\\\/es\\\/#website\",\"url\":\"https:\\\/\\\/www.healthychoice.lt\\\/es\\\/\",\"name\":\"Healthy Choice\",\"description\":\"Mityba, kuria gali pasitik\u0117ti!\",\"alternateName\":\"Healthychoice\",\"potentialAction\":[{\"@type\":\"SearchAction\",\"target\":{\"@type\":\"EntryPoint\",\"urlTemplate\":\"https:\\\/\\\/www.healthychoice.lt\\\/es\\\/?s={search_term_string}\"},\"query-input\":{\"@type\":\"PropertyValueSpecification\",\"valueRequired\":true,\"valueName\":\"search_term_string\"}}],\"inLanguage\":\"es\"}]}<\/script>\n<!-- \/ Yoast SEO plugin. -->","yoast_head_json":{"title":"Rinkinys: L-Karnitinas apelsin\u0173 skonio HEALTHY CHOICE, 1000ml (3vnt.)| Healthy Choice","robots":{"index":"index","follow":"follow","max-snippet":"max-snippet:-1","max-image-preview":"max-image-preview:large","max-video-preview":"max-video-preview:-1"},"canonical":"https:\/\/www.healthychoice.lt\/es\/produktai\/rinkinys-l-karnitinas-apelsinu-skonio-healthy-choice-1000ml-3vnt\/","og_locale":"es_ES","og_type":"article","og_title":"Rinkinys: L-Karnitinas apelsin\u0173 skonio HEALTHY CHOICE, 1000ml (3vnt.)| Healthy Choice","og_description":"Rinkinys: L-Karnitinas apelsin\u0173 skonio HEALTHY CHOICE, 1000ml (3vnt.)","og_url":"https:\/\/www.healthychoice.lt\/es\/produktai\/rinkinys-l-karnitinas-apelsinu-skonio-healthy-choice-1000ml-3vnt\/","og_site_name":"Healthy Choice","article_publisher":"https:\/\/www.facebook.com\/healthychoice.world\/","article_modified_time":"2026-04-16T12:59:55+00:00","og_image":[{"width":1024,"height":1024,"url":"https:\/\/www.healthychoice.lt\/wp-content\/uploads\/2021\/12\/l-karnitinas-good.jpg","type":"image\/jpeg"}],"twitter_card":"summary_large_image","twitter_misc":{"Tiempo de lectura":"2 minutos"},"schema":{"@context":"https:\/\/schema.org","@graph":[{"@type":"WebPage","@id":"https:\/\/www.healthychoice.lt\/produktai\/rinkinys-l-karnitinas-apelsinu-skonio-healthy-choice-1000ml-3vnt\/","url":"https:\/\/www.healthychoice.lt\/produktai\/rinkinys-l-karnitinas-apelsinu-skonio-healthy-choice-1000ml-3vnt\/","name":"Rinkinys: L-Karnitinas apelsin\u0173 skonio HEALTHY CHOICE, 1000ml (3vnt.)| Healthy Choice","isPartOf":{"@id":"https:\/\/www.healthychoice.lt\/es\/#website"},"primaryImageOfPage":{"@id":"https:\/\/www.healthychoice.lt\/produktai\/rinkinys-l-karnitinas-apelsinu-skonio-healthy-choice-1000ml-3vnt\/#primaryimage"},"image":{"@id":"https:\/\/www.healthychoice.lt\/produktai\/rinkinys-l-karnitinas-apelsinu-skonio-healthy-choice-1000ml-3vnt\/#primaryimage"},"thumbnailUrl":"https:\/\/www.healthychoice.lt\/wp-content\/uploads\/2021\/12\/l-karnitinas-good.jpg","datePublished":"2021-12-30T11:56:39+00:00","dateModified":"2026-04-16T12:59:55+00:00","breadcrumb":{"@id":"https:\/\/www.healthychoice.lt\/produktai\/rinkinys-l-karnitinas-apelsinu-skonio-healthy-choice-1000ml-3vnt\/#breadcrumb"},"inLanguage":"es","potentialAction":[{"@type":"ReadAction","target":["https:\/\/www.healthychoice.lt\/produktai\/rinkinys-l-karnitinas-apelsinu-skonio-healthy-choice-1000ml-3vnt\/"]}]},{"@type":"ImageObject","inLanguage":"es","@id":"https:\/\/www.healthychoice.lt\/produktai\/rinkinys-l-karnitinas-apelsinu-skonio-healthy-choice-1000ml-3vnt\/#primaryimage","url":"https:\/\/www.healthychoice.lt\/wp-content\/uploads\/2021\/12\/l-karnitinas-good.jpg","contentUrl":"https:\/\/www.healthychoice.lt\/wp-content\/uploads\/2021\/12\/l-karnitinas-good.jpg","width":1024,"height":1024},{"@type":"BreadcrumbList","@id":"https:\/\/www.healthychoice.lt\/produktai\/rinkinys-l-karnitinas-apelsinu-skonio-healthy-choice-1000ml-3vnt\/#breadcrumb","itemListElement":[{"@type":"ListItem","position":1,"name":"Home","item":"https:\/\/www.healthychoice.lt\/"},{"@type":"ListItem","position":2,"name":"Produktai","item":"https:\/\/www.healthychoice.lt\/es\/produktai\/"},{"@type":"ListItem","position":3,"name":"Rinkinys: L-Karnitinas apelsin\u0173 skonio HEALTHY CHOICE, 1000ml (3vnt.)"}]},{"@type":"WebSite","@id":"https:\/\/www.healthychoice.lt\/es\/#website","url":"https:\/\/www.healthychoice.lt\/es\/","name":"Healthy Choice","description":"Mityba, kuria gali pasitik\u0117ti!","alternateName":"Healthychoice","potentialAction":[{"@type":"SearchAction","target":{"@type":"EntryPoint","urlTemplate":"https:\/\/www.healthychoice.lt\/es\/?s={search_term_string}"},"query-input":{"@type":"PropertyValueSpecification","valueRequired":true,"valueName":"search_term_string"}}],"inLanguage":"es"}]}},"_links":{"self":[{"href":"https:\/\/www.healthychoice.lt\/es\/wp-json\/wp\/v2\/product\/4504","targetHints":{"allow":["GET"]}}],"collection":[{"href":"https:\/\/www.healthychoice.lt\/es\/wp-json\/wp\/v2\/product"}],"about":[{"href":"https:\/\/www.healthychoice.lt\/es\/wp-json\/wp\/v2\/types\/product"}],"wp:featuredmedia":[{"embeddable":true,"href":"https:\/\/www.healthychoice.lt\/es\/wp-json\/wp\/v2\/media\/8989"}],"wp:attachment":[{"href":"https:\/\/www.healthychoice.lt\/es\/wp-json\/wp\/v2\/media?parent=4504"}],"wp:term":[{"taxonomy":"product_brand","embeddable":true,"href":"https:\/\/www.healthychoice.lt\/es\/wp-json\/wp\/v2\/product_brand?post=4504"},{"taxonomy":"product_cat","embeddable":true,"href":"https:\/\/www.healthychoice.lt\/es\/wp-json\/wp\/v2\/product_cat?post=4504"},{"taxonomy":"product_tag","embeddable":true,"href":"https:\/\/www.healthychoice.lt\/es\/wp-json\/wp\/v2\/product_tag?post=4504"}],"curies":[{"name":"wp","href":"https:\/\/api.w.org\/{rel}","templated":true}]}}